{"id":278844,"date":"2025-10-23T07:38:19","date_gmt":"2025-10-23T07:38:19","guid":{"rendered":"https:\/\/fashiongold.lt\/papuosalas\/dzeltena-zelta-auskari-ar-perlem-11-5-mm-un-dimantiem-0-11-ct\/"},"modified":"2026-02-11T20:04:21","modified_gmt":"2026-02-11T20:04:21","slug":"dzeltena-zelta-auskari-ar-perlem-11-5-mm-un-dimantiem-0-11-ct","status":"publish","type":"product","link":"https:\/\/fashiongold.lt\/lv\/papuosalas\/dzeltena-zelta-auskari-ar-perlem-11-5-mm-un-dimantiem-0-11-ct\/","title":{"rendered":"Dzelten\u0101 zelta auskari ar p\u0113rl\u0113m 11.5 mm un dimantiem (0.11 ct)"},"content":{"rendered":"<h2>Dzelten\u0101 zelta auskari ar p\u0113rl\u0113m un dimantiem (11,5 mm, 0,11 ct)<\/h2>\n<h3>Moderna dizaina zelta auskari-ri\u0146\u0137i transformeri un uzkabin\u0101mie piekari\u0146i ar 11,5 mm p\u0113rl\u0113m un dimantiem. Dab\u012bgi dimanti. Sald\u016bdens p\u0113rles.<\/h3>\n<p>Izgatavots V\u0101cij\u0101 no augstas kvalit\u0101tes d\u0101rgakme\u0146iem. Lieliska izv\u0113le stil\u012bgai sievietei. P\u0113rle izstaro harmoniju un mieru sird\u012b. Jau kop\u0161 seniem laikiem p\u0113rles reprezent\u0113ja skaistumu, nevain\u012bbu un jutekliskumu, un daudzi tic\u0113ja, ka t\u0101s var piesaist\u012bt veiksmi un finansi\u0101lu labkl\u0101j\u012bbu \u012bpa\u0161niekam. P\u0113rle ir piem\u0113rota V\u0113\u017eiem, \u016adensv\u012briem un Ziv\u012bm. Auskari var tikt izgatavoti p\u0113c pas\u016bt\u012bjuma: no sarkan\u0101, dzelten\u0101 vai balt\u0101 zelta.<\/p>\n<p>\u2022 Auskaru zelts: 18 kar\u0101ti (750. prove)<\/p>\n<p>\u2022 Auskaru kr\u0101sa: baltais zelts<\/p>\n<p>\u2022 Auskaru svars: aptuveni 1,90\u20132,50 g<\/p>\n<p>\u2022 Dimantu tips: Dab\u012bgi dimanti<\/p>\n<p>\u2022 Dimanta forma: Apa\u013ca forma (Round shape)<\/p>\n<p>\u2022 Dimanta raksturojums: 0,11 ct, kr\u0101sa G-H (RW-W); t\u012br\u012bba SI<\/p>\n<p>\u2022 P\u0113r\u013cu tips: sald\u016bdens p\u0113rles (upes p\u0113rles)<\/p>\n<p>\u2022 P\u0113rles forma: Apa\u013ca forma (Round cut)<\/p>\n<p>\u2022 P\u0113rles raksturojums: 11,5 mm, AA (augsta kvalit\u0101te)<\/p>\n<p>\u2022 Sertifik\u0101ts: Lietuvas Proves birojs (LPR)<\/p>\n<p>\u2022 Auskaru izm\u0113ri:<\/p>\n<p>\u2022 Grav\u0113\u0161ana bez maksas<\/p>\n<p>\u2022 Izgatavo\u0161anas un pieg\u0101des termi\u0146\u0161 no 21 darba dienas, steidzam\u012bbas k\u0101rt\u0101 \u2013 3 darba dienu laik\u0101.<\/p>\n<p><strong>Vai jums ir savs zelts vai d\u0101rgakme\u0146i? Sazinieties ar mums, m\u0113s p\u0101rr\u0113\u0137in\u0101sim cenu \u2013 j\u016bs maks\u0101siet tikai par auskaru izgatavo\u0161anu.<\/strong><\/p>\n","protected":false},"excerpt":{"rendered":"<p>Modern\u0101 dizaina zelta auskari-ri\u0146\u0137i transformeri un piekarin\u0101mie piekari\u0146i ar 11,5 mm p\u0113rl\u0113m un dimantiem. \u0160is dizains ir unik\u0101ls ar to, ka auskaru dizainu var main\u012bt katru dienu. Ja v\u0113laties subtilu auskaru dizainu, varat nen\u0113s\u0101t piekari\u0146us ar p\u0113rl\u0113m un vienk\u0101r\u0161i uzlikt dimanta ri\u0146\u0137\u012b\u0161us.<\/p>\n","protected":false},"featured_media":239887,"template":"","meta":{"site-sidebar-layout":"","site-content-layout":"","ast-site-content-layout":"","site-content-style":"","site-sidebar-style":"","ast-global-header-display":"","ast-banner-title-visibility":"","ast-main-header-display":"","ast-hfb-above-header-display":"","ast-hfb-below-header-display":"","ast-hfb-mobile-header-display":"","site-post-title":"","ast-breadcrumbs-content":"","ast-featured-img":"","footer-sml-layout":"","ast-disable-related-posts":"","theme-transparent-header-meta":"","adv-header-id-meta":"","stick-header-meta":"","header-above-stick-meta":"","header-main-stick-meta":"","header-below-stick-meta":"","astra-migrate-meta-layouts":"default","ast-page-background-enabled":"default","ast-page-background-meta":{"desktop":{"background-color":"var(--ast-global-color-4)","background-image":"","background-repeat":"repeat","background-position":"center center","background-size":"auto","background-attachment":"scroll","background-type":"","background-media":"","overlay-type":"","overlay-color":"","overlay-opacity":"","overlay-gradient":""},"tablet":{"background-color":"","background-image":"","background-repeat":"repeat","background-position":"center center","background-size":"auto","background-attachment":"scroll","background-type":"","background-media":"","overlay-type":"","overlay-color":"","overlay-opacity":"","overlay-gradient":""},"mobile":{"background-color":"","background-image":"","background-repeat":"repeat","background-position":"center center","background-size":"auto","background-attachment":"scroll","background-type":"","background-media":"","overlay-type":"","overlay-color":"","overlay-opacity":"","overlay-gradient":""}},"ast-content-background-meta":{"desktop":{"background-color":"var(--ast-global-color-5)","background-image":"","background-repeat":"repeat","background-position":"center center","background-size":"auto","background-attachment":"scroll","background-type":"","background-media":"","overlay-type":"","overlay-color":"","overlay-opacity":"","overlay-gradient":""},"tablet":{"background-color":"var(--ast-global-color-5)","background-image":"","background-repeat":"repeat","background-position":"center center","background-size":"auto","background-attachment":"scroll","background-type":"","background-media":"","overlay-type":"","overlay-color":"","overlay-opacity":"","overlay-gradient":""},"mobile":{"background-color":"var(--ast-global-color-5)","background-image":"","background-repeat":"repeat","background-position":"center center","background-size":"auto","background-attachment":"scroll","background-type":"","background-media":"","overlay-type":"","overlay-color":"","overlay-opacity":"","overlay-gradient":""}}},"product_brand":[],"product_cat":[3572,2978,2983,2919,2915,2913,2921,2920,3403,2916,2914,3042,2922,2982,2937,3404,2936,2918],"product_tag":[],"class_list":{"0":"post-278844","1":"product","2":"type-product","3":"status-publish","4":"has-post-thumbnail","6":"product_cat-auskari-ar-anglu-aizdari","7":"product_cat-auskari-ar-dimantiem","8":"product_cat-auskari-ar-perlem","9":"product_cat-baltzelta-rotaslietas","10":"product_cat-davanas-berna-piedzimsanai","11":"product_cat-davanas-dzimsanas-diena","12":"product_cat-davanas-ipasiem-gadijumiem","13":"product_cat-davanas-izlaidumam","14":"product_cat-davanas-kazam","15":"product_cat-davanas-kazu-gadadiena","16":"product_cat-davanas-sievietem","17":"product_cat-juvelierizstradajumi","18":"product_cat-mates-dienas-davanas","19":"product_cat-perles-juvelierizstradajumi-ar-perlem","20":"product_cat-rotaslietas-ar-pusdargakmeniem","21":"product_cat-svinigi-auskari","22":"product_cat-valentindienas-davanas","23":"product_cat-ziemassvetku-davanas","24":"desktop-align-center","25":"tablet-align-left","26":"mobile-align-left","27":"ast-product-gallery-layout-horizontal-slider","28":"ast-product-gallery-with-no-image","29":"ast-product-tabs-layout-accordion","30":"ast-qv-on-image","32":"first","33":"instock","34":"taxable","35":"shipping-taxable","36":"purchasable","37":"product-type-simple"},"yoast_head":"<!-- This site is optimized with the Yoast SEO plugin v26.6 - https:\/\/yoast.com\/wordpress\/plugins\/seo\/ -->\n<title>Zelta auskari ar p\u0113rl\u0113m 11,5 mm un dimantiem<\/title>\n<meta name=\"description\" content=\"M\u016bsdien\u012bga dizaina zelta auskari-ri\u0146\u0137i transformeri un uzkabin\u0101mi piekari\u0146i ar 11,5 mm p\u0113rl\u0113m un dimantiem. Auskaru dizainu var main\u012bt katru dienu.\" \/>\n<meta name=\"robots\" content=\"index, follow, max-snippet:-1, max-image-preview:large, max-video-preview:-1\" \/>\n<link rel=\"canonical\" href=\"https:\/\/fashiongold.lt\/lv\/papuosalas\/dzeltena-zelta-auskari-ar-perlem-11-5-mm-un-dimantiem-0-11-ct\/\" \/>\n<meta property=\"og:locale\" content=\"lv_LV\" \/>\n<meta property=\"og:type\" content=\"article\" \/>\n<meta property=\"og:title\" content=\"Zelta auskari ar p\u0113rl\u0113m 11,5 mm un dimantiem\" \/>\n<meta property=\"og:description\" content=\"M\u016bsdien\u012bga dizaina zelta auskari-ri\u0146\u0137i transformeri un uzkabin\u0101mi piekari\u0146i ar 11,5 mm p\u0113rl\u0113m un dimantiem. Auskaru dizainu var main\u012bt katru dienu.\" \/>\n<meta property=\"og:url\" content=\"https:\/\/fashiongold.lt\/lv\/papuosalas\/dzeltena-zelta-auskari-ar-perlem-11-5-mm-un-dimantiem-0-11-ct\/\" \/>\n<meta property=\"og:site_name\" content=\"FashionGold.lt\" \/>\n<meta property=\"article:modified_time\" content=\"2026-02-11T20:04:21+00:00\" \/>\n<meta property=\"og:image\" content=\"https:\/\/fashiongold.lt\/wp-content\/uploads\/2025\/10\/11972-272-Geltono-aukso-auskarai-su-perlais-11.5-mm-ir-deimantais-0.11-ct.webp\" \/>\n\t<meta property=\"og:image:width\" content=\"1000\" \/>\n\t<meta property=\"og:image:height\" content=\"1000\" \/>\n\t<meta property=\"og:image:type\" content=\"image\/png\" \/>\n<meta name=\"twitter:card\" content=\"summary_large_image\" \/>\n<meta name=\"twitter:label1\" content=\"Est. reading time\" \/>\n\t<meta name=\"twitter:data1\" content=\"1 minute\" \/>\n<script type=\"application\/ld+json\" class=\"yoast-schema-graph\">{\"@context\":\"https:\/\/schema.org\",\"@graph\":[{\"@type\":\"WebPage\",\"@id\":\"https:\/\/fashiongold.lt\/lv\/papuosalas\/dzeltena-zelta-auskari-ar-perlem-11-5-mm-un-dimantiem-0-11-ct\/\",\"url\":\"https:\/\/fashiongold.lt\/lv\/papuosalas\/dzeltena-zelta-auskari-ar-perlem-11-5-mm-un-dimantiem-0-11-ct\/\",\"name\":\"Zelta auskari ar p\u0113rl\u0113m 11,5 mm un dimantiem\",\"isPartOf\":{\"@id\":\"https:\/\/fashiongold.lt\/lv\/#website\"},\"primaryImageOfPage\":{\"@id\":\"https:\/\/fashiongold.lt\/lv\/papuosalas\/dzeltena-zelta-auskari-ar-perlem-11-5-mm-un-dimantiem-0-11-ct\/#primaryimage\"},\"image\":{\"@id\":\"https:\/\/fashiongold.lt\/lv\/papuosalas\/dzeltena-zelta-auskari-ar-perlem-11-5-mm-un-dimantiem-0-11-ct\/#primaryimage\"},\"thumbnailUrl\":\"https:\/\/fashiongold.lt\/wp-content\/uploads\/2025\/10\/11972-272-Geltono-aukso-auskarai-su-perlais-11.5-mm-ir-deimantais-0.11-ct.png\",\"datePublished\":\"2025-10-23T07:38:19+00:00\",\"dateModified\":\"2026-02-11T20:04:21+00:00\",\"description\":\"M\u016bsdien\u012bga dizaina zelta auskari-ri\u0146\u0137i transformeri un uzkabin\u0101mi piekari\u0146i ar 11,5 mm p\u0113rl\u0113m un dimantiem. Auskaru dizainu var main\u012bt katru dienu.\",\"breadcrumb\":{\"@id\":\"https:\/\/fashiongold.lt\/lv\/papuosalas\/dzeltena-zelta-auskari-ar-perlem-11-5-mm-un-dimantiem-0-11-ct\/#breadcrumb\"},\"inLanguage\":\"lv-LV\",\"potentialAction\":[{\"@type\":\"ReadAction\",\"target\":[\"https:\/\/fashiongold.lt\/lv\/papuosalas\/dzeltena-zelta-auskari-ar-perlem-11-5-mm-un-dimantiem-0-11-ct\/\"]}]},{\"@type\":\"ImageObject\",\"inLanguage\":\"lv-LV\",\"@id\":\"https:\/\/fashiongold.lt\/lv\/papuosalas\/dzeltena-zelta-auskari-ar-perlem-11-5-mm-un-dimantiem-0-11-ct\/#primaryimage\",\"url\":\"https:\/\/fashiongold.lt\/wp-content\/uploads\/2025\/10\/11972-272-Geltono-aukso-auskarai-su-perlais-11.5-mm-ir-deimantais-0.11-ct.png\",\"contentUrl\":\"https:\/\/fashiongold.lt\/wp-content\/uploads\/2025\/10\/11972-272-Geltono-aukso-auskarai-su-perlais-11.5-mm-ir-deimantais-0.11-ct.png\",\"width\":1000,\"height\":1000},{\"@type\":\"BreadcrumbList\",\"@id\":\"https:\/\/fashiongold.lt\/lv\/papuosalas\/dzeltena-zelta-auskari-ar-perlem-11-5-mm-un-dimantiem-0-11-ct\/#breadcrumb\",\"itemListElement\":[{\"@type\":\"ListItem\",\"position\":1,\"name\":\"Home\",\"item\":\"https:\/\/fashiongold.lt\/lv\/\"},{\"@type\":\"ListItem\",\"position\":2,\"name\":\"Dimantu veikals Fashiongold.lt\",\"item\":\"https:\/\/fashiongold.lt\/shop-2\/\"},{\"@type\":\"ListItem\",\"position\":3,\"name\":\"Dzelten\u0101 zelta auskari ar p\u0113rl\u0113m 11.5 mm un dimantiem (0.11 ct)\"}]},{\"@type\":\"WebSite\",\"@id\":\"https:\/\/fashiongold.lt\/lv\/#website\",\"url\":\"https:\/\/fashiongold.lt\/lv\/\",\"name\":\"Fashion Gold\",\"description\":\"Juvelyrikos namai\",\"publisher\":{\"@id\":\"https:\/\/fashiongold.lt\/lv\/#organization\"},\"potentialAction\":[{\"@type\":\"SearchAction\",\"target\":{\"@type\":\"EntryPoint\",\"urlTemplate\":\"https:\/\/fashiongold.lt\/lv\/?s={search_term_string}\"},\"query-input\":{\"@type\":\"PropertyValueSpecification\",\"valueRequired\":true,\"valueName\":\"search_term_string\"}}],\"inLanguage\":\"lv-LV\"},{\"@type\":\"Organization\",\"@id\":\"https:\/\/fashiongold.lt\/lv\/#organization\",\"name\":\"Topdiamonds Online\",\"url\":\"https:\/\/fashiongold.lt\/lv\/\",\"logo\":{\"@type\":\"ImageObject\",\"inLanguage\":\"lv-LV\",\"@id\":\"https:\/\/fashiongold.lt\/lv\/#\/schema\/logo\/image\/\",\"url\":\"https:\/\/fashiongold.lt\/wp-content\/uploads\/2025\/04\/cropped-fashion_gold_logotipas2-scaled-1.png\",\"contentUrl\":\"https:\/\/fashiongold.lt\/wp-content\/uploads\/2025\/04\/cropped-fashion_gold_logotipas2-scaled-1.png\",\"width\":2559,\"height\":421,\"caption\":\"Topdiamonds Online\"},\"image\":{\"@id\":\"https:\/\/fashiongold.lt\/lv\/#\/schema\/logo\/image\/\"}}]}<\/script>\n<!-- \/ Yoast SEO plugin. -->","yoast_head_json":{"title":"Zelta auskari ar p\u0113rl\u0113m 11,5 mm un dimantiem","description":"M\u016bsdien\u012bga dizaina zelta auskari-ri\u0146\u0137i transformeri un uzkabin\u0101mi piekari\u0146i ar 11,5 mm p\u0113rl\u0113m un dimantiem. Auskaru dizainu var main\u012bt katru dienu.","robots":{"index":"index","follow":"follow","max-snippet":"max-snippet:-1","max-image-preview":"max-image-preview:large","max-video-preview":"max-video-preview:-1"},"canonical":"https:\/\/fashiongold.lt\/lv\/papuosalas\/dzeltena-zelta-auskari-ar-perlem-11-5-mm-un-dimantiem-0-11-ct\/","og_locale":"lv_LV","og_type":"article","og_title":"Zelta auskari ar p\u0113rl\u0113m 11,5 mm un dimantiem","og_description":"M\u016bsdien\u012bga dizaina zelta auskari-ri\u0146\u0137i transformeri un uzkabin\u0101mi piekari\u0146i ar 11,5 mm p\u0113rl\u0113m un dimantiem. Auskaru dizainu var main\u012bt katru dienu.","og_url":"https:\/\/fashiongold.lt\/lv\/papuosalas\/dzeltena-zelta-auskari-ar-perlem-11-5-mm-un-dimantiem-0-11-ct\/","og_site_name":"FashionGold.lt","article_modified_time":"2026-02-11T20:04:21+00:00","og_image":[{"width":1000,"height":1000,"url":"https:\/\/fashiongold.lt\/wp-content\/uploads\/2025\/10\/11972-272-Geltono-aukso-auskarai-su-perlais-11.5-mm-ir-deimantais-0.11-ct.webp","type":"image\/png"}],"twitter_card":"summary_large_image","twitter_misc":{"Est. reading time":"1 minute"},"schema":{"@context":"https:\/\/schema.org","@graph":[{"@type":"WebPage","@id":"https:\/\/fashiongold.lt\/lv\/papuosalas\/dzeltena-zelta-auskari-ar-perlem-11-5-mm-un-dimantiem-0-11-ct\/","url":"https:\/\/fashiongold.lt\/lv\/papuosalas\/dzeltena-zelta-auskari-ar-perlem-11-5-mm-un-dimantiem-0-11-ct\/","name":"Zelta auskari ar p\u0113rl\u0113m 11,5 mm un dimantiem","isPartOf":{"@id":"https:\/\/fashiongold.lt\/lv\/#website"},"primaryImageOfPage":{"@id":"https:\/\/fashiongold.lt\/lv\/papuosalas\/dzeltena-zelta-auskari-ar-perlem-11-5-mm-un-dimantiem-0-11-ct\/#primaryimage"},"image":{"@id":"https:\/\/fashiongold.lt\/lv\/papuosalas\/dzeltena-zelta-auskari-ar-perlem-11-5-mm-un-dimantiem-0-11-ct\/#primaryimage"},"thumbnailUrl":"https:\/\/fashiongold.lt\/wp-content\/uploads\/2025\/10\/11972-272-Geltono-aukso-auskarai-su-perlais-11.5-mm-ir-deimantais-0.11-ct.png","datePublished":"2025-10-23T07:38:19+00:00","dateModified":"2026-02-11T20:04:21+00:00","description":"M\u016bsdien\u012bga dizaina zelta auskari-ri\u0146\u0137i transformeri un uzkabin\u0101mi piekari\u0146i ar 11,5 mm p\u0113rl\u0113m un dimantiem. Auskaru dizainu var main\u012bt katru dienu.","breadcrumb":{"@id":"https:\/\/fashiongold.lt\/lv\/papuosalas\/dzeltena-zelta-auskari-ar-perlem-11-5-mm-un-dimantiem-0-11-ct\/#breadcrumb"},"inLanguage":"lv-LV","potentialAction":[{"@type":"ReadAction","target":["https:\/\/fashiongold.lt\/lv\/papuosalas\/dzeltena-zelta-auskari-ar-perlem-11-5-mm-un-dimantiem-0-11-ct\/"]}]},{"@type":"ImageObject","inLanguage":"lv-LV","@id":"https:\/\/fashiongold.lt\/lv\/papuosalas\/dzeltena-zelta-auskari-ar-perlem-11-5-mm-un-dimantiem-0-11-ct\/#primaryimage","url":"https:\/\/fashiongold.lt\/wp-content\/uploads\/2025\/10\/11972-272-Geltono-aukso-auskarai-su-perlais-11.5-mm-ir-deimantais-0.11-ct.png","contentUrl":"https:\/\/fashiongold.lt\/wp-content\/uploads\/2025\/10\/11972-272-Geltono-aukso-auskarai-su-perlais-11.5-mm-ir-deimantais-0.11-ct.png","width":1000,"height":1000},{"@type":"BreadcrumbList","@id":"https:\/\/fashiongold.lt\/lv\/papuosalas\/dzeltena-zelta-auskari-ar-perlem-11-5-mm-un-dimantiem-0-11-ct\/#breadcrumb","itemListElement":[{"@type":"ListItem","position":1,"name":"Home","item":"https:\/\/fashiongold.lt\/lv\/"},{"@type":"ListItem","position":2,"name":"Dimantu veikals Fashiongold.lt","item":"https:\/\/fashiongold.lt\/shop-2\/"},{"@type":"ListItem","position":3,"name":"Dzelten\u0101 zelta auskari ar p\u0113rl\u0113m 11.5 mm un dimantiem (0.11 ct)"}]},{"@type":"WebSite","@id":"https:\/\/fashiongold.lt\/lv\/#website","url":"https:\/\/fashiongold.lt\/lv\/","name":"Fashion Gold","description":"Juvelyrikos namai","publisher":{"@id":"https:\/\/fashiongold.lt\/lv\/#organization"},"potentialAction":[{"@type":"SearchAction","target":{"@type":"EntryPoint","urlTemplate":"https:\/\/fashiongold.lt\/lv\/?s={search_term_string}"},"query-input":{"@type":"PropertyValueSpecification","valueRequired":true,"valueName":"search_term_string"}}],"inLanguage":"lv-LV"},{"@type":"Organization","@id":"https:\/\/fashiongold.lt\/lv\/#organization","name":"Topdiamonds Online","url":"https:\/\/fashiongold.lt\/lv\/","logo":{"@type":"ImageObject","inLanguage":"lv-LV","@id":"https:\/\/fashiongold.lt\/lv\/#\/schema\/logo\/image\/","url":"https:\/\/fashiongold.lt\/wp-content\/uploads\/2025\/04\/cropped-fashion_gold_logotipas2-scaled-1.png","contentUrl":"https:\/\/fashiongold.lt\/wp-content\/uploads\/2025\/04\/cropped-fashion_gold_logotipas2-scaled-1.png","width":2559,"height":421,"caption":"Topdiamonds Online"},"image":{"@id":"https:\/\/fashiongold.lt\/lv\/#\/schema\/logo\/image\/"}}]}},"_links":{"self":[{"href":"https:\/\/fashiongold.lt\/lv\/wp-json\/wp\/v2\/product\/278844","targetHints":{"allow":["GET"]}}],"collection":[{"href":"https:\/\/fashiongold.lt\/lv\/wp-json\/wp\/v2\/product"}],"about":[{"href":"https:\/\/fashiongold.lt\/lv\/wp-json\/wp\/v2\/types\/product"}],"version-history":[{"count":0,"href":"https:\/\/fashiongold.lt\/lv\/wp-json\/wp\/v2\/product\/278844\/revisions"}],"wp:featuredmedia":[{"embeddable":true,"href":"https:\/\/fashiongold.lt\/lv\/wp-json\/wp\/v2\/media\/239887"}],"wp:attachment":[{"href":"https:\/\/fashiongold.lt\/lv\/wp-json\/wp\/v2\/media?parent=278844"}],"wp:term":[{"taxonomy":"product_brand","embeddable":true,"href":"https:\/\/fashiongold.lt\/lv\/wp-json\/wp\/v2\/product_brand?post=278844"},{"taxonomy":"product_cat","embeddable":true,"href":"https:\/\/fashiongold.lt\/lv\/wp-json\/wp\/v2\/product_cat?post=278844"},{"taxonomy":"product_tag","embeddable":true,"href":"https:\/\/fashiongold.lt\/lv\/wp-json\/wp\/v2\/product_tag?post=278844"}],"curies":[{"name":"wp","href":"https:\/\/api.w.org\/{rel}","templated":true}]}}