{"id":278909,"date":"2025-10-17T10:58:37","date_gmt":"2025-10-17T10:58:37","guid":{"rendered":"https:\/\/fashiongold.lt\/papuosalas\/balta-zelta-saderinasanas-gredzens-ar-dimantu-015-ct\/"},"modified":"2026-02-11T20:03:05","modified_gmt":"2026-02-11T20:03:05","slug":"balta-zelta-saderinasanas-gredzens-ar-dimantu-015-ct","status":"publish","type":"product","link":"https:\/\/fashiongold.lt\/lv\/rotaslieta\/balta-zelta-saderinasanas-gredzens-ar-dimantu-015-ct\/","title":{"rendered":"Balt\u0101 zelta saderin\u0101\u0161an\u0101s gredzens ar dimantu (0,15 ct)"},"content":{"rendered":"<h2>Balt\u0101 zelta saderin\u0101\u0161an\u0101s gredzens ar dimantu elegant\u0101 se\u0161u k\u0101ji\u0146u kron\u012bt\u012b (0,15 ct)<\/h2>\n<h3>Dimants, kas ietverts se\u0161u k\u0101ji\u0146u kron\u012bt\u012b, atkl\u0101jas vis\u0101 sav\u0101 mirdzum\u0101. Stingrs, bet graciozs stiprin\u0101jums \u0161aj\u0101 gredzen\u0101 simboliz\u0113 m\u012blest\u012bbas stabilit\u0101ti, kas paliek nemain\u012bga laika gait\u0101.<\/h3>\n<p>Ra\u017eots Lietuv\u0101, iev\u0113rojot augst\u0101kos juvelierizstr\u0101d\u0101jumu ra\u017eo\u0161anas standartus.<\/p>\n<p>\u2022 <strong><a href=\"https:\/\/fashiongold.lt\/lv\/patarimai-lv\/zelta-prove-juvelierizstradajumiem-ka-izveleties-piemerotako\/\" target=\"_blank\" rel=\"noopener\">Gredzena met\u0101ls<\/a><\/strong>: 14K (585. prove);<\/p>\n<p>\u2022 <strong><a href=\"https:\/\/fashiongold.lt\/lv\/patarimai-lv\/saderinasanas-un-laulibu-gredzenu-zelta-krasa-baltais-sarkanais-vai-dzeltenais-zelts\/\" target=\"_blank\" rel=\"noopener\">Gredzena kr\u0101sa<\/a><\/strong>: balta;<\/p>\n<p>\u2022 <strong><a href=\"https:\/\/fashiongold.lt\/lv\/patarimai-lv\/gredzeni-ar-dimantiem-gredzena-zelta-svars-un-dimantu-svars-karatos-ka-izveleties-piemerotako-ieteikumi-ka-saprast-un-novertet\/\" target=\"_blank\" rel=\"noopener\">Gredzena svars<\/a><\/strong>: 1,77 g;<\/p>\n<p>\u2022 <strong><a href=\"https:\/\/fashiongold.lt\/lv\/patarimai-lv\/saderinasanas-gredzeni-perfektu-proporciju-noslepums-kapec-dazi-gredzeni-ar-dimantiem-izskatas-greznak\/\" target=\"_blank\" rel=\"noopener\">Gredzena izm\u0113ri<\/a><\/strong>: kron\u012b\u0161a augstums aptuveni 4,9 mm, st\u012bpi\u0146as platums aptuveni 1,8 mm;<\/p>\n<p>\u2022 <strong><a href=\"https:\/\/fashiongold.lt\/lv\/patarimai-lv\/gredzena-komforta-zona-vai-gredzena-ertums\/\" target=\"_blank\" rel=\"noopener\">Gredzena komforta zona<\/a><\/strong>: ir;<\/p>\n<p>\u2022 <strong><a href=\"https:\/\/fashiongold.lt\/lv\/patarimai-lv\/dimants-dabigs-laboratorija-audzets-vai-maksligs-ka-izveleties-pareizi\/\" target=\"_blank\" rel=\"noopener\">Dimanta tips<\/a><\/strong>: Dab\u012bgs dimants;<\/p>\n<p>\u2022 <strong><a href=\"https:\/\/fashiongold.lt\/lv\/patarimai-lv\/dimants-citas-dimanta-formas\/\" target=\"_blank\" rel=\"noopener\">Dimanta forma<\/a><\/strong>: Apa\u013ca (Round cut);<\/p>\n<p>\u2022 <strong><a href=\"https:\/\/fashiongold.lt\/lv\/patarimai-lv\/dimants-ka-tiek-verteta-vertigaka-dargakmens-grezniba\/\" target=\"_blank\" rel=\"noopener\">Dimanta raksturojums<\/a><\/strong>: 0,15 ct dimants (kr\u0101sa H, dzidrums SI2);<\/p>\n<p>\u2022 <strong><a href=\"https:\/\/fashiongold.lt\/lv\/patarimai-lv\/dimants-rubins-safirs-smaragds-dargakmenu-sertifikati\/\" target=\"_blank\" rel=\"noopener\">Sertifik\u0101ts<\/a><\/strong>: Lietuvas Prove\u0161anas pal\u0101ta (LPR) \u2013 AB312831;<\/p>\n<p>\u2022 <strong><a href=\"https:\/\/fashiongold.lt\/lv\/patarimai-lv\/saderinasanas-gredzeni-vai-gredzenu-var-iegravet-detalas-kas-pieskir-jusu-saderinasanas-gredzenam-individualitati\/\" target=\"_blank\" rel=\"noopener\">Grav\u0113\u0161ana<\/a><\/strong> bez maksas;<\/p>\n<p>\u2022 Vienreiz\u0113ja bezmaksas <strong><a href=\"https:\/\/fashiongold.lt\/lv\/patarimai-lv\/saderinasanas-gredzeni-bezmaksas-izmera-pielagosana-lai-gredzens-deretu-ideali\/\" target=\"_blank\" rel=\"noopener\">gredzena izm\u0113ra mai\u0146as garantija<\/a><\/strong> (atbilsto\u0161i iesp\u0113j\u0101m);<\/p>\n<p>\u2022 <strong><a href=\"https:\/\/fashiongold.lt\/lv\/piegade-un-atgriesana\/\" target=\"_blank\" rel=\"noopener\">Pieg\u0101des termi\u0146\u0161<\/a><\/strong>: 1-4 d. d.<\/p>\n","protected":false},"excerpt":{"rendered":"<p>Balt\u0101 zelta saderin\u0101\u0161an\u0101s gredzens ar dimantu, kas iestat\u012bts se\u0161u k\u0101ji\u0146u kron\u012bt\u012b \u2013 klasiska izv\u0113le, kas staro subtil\u0101 grezn\u012bb\u0101. Prec\u012bzais iestat\u012bjums izce\u013c dimanta formu un \u013cauj tam atkl\u0101ties vis\u0101 mirdzum\u0101. T\u0101 ir rota, kas simboliz\u0113 m\u012blest\u012bbas sp\u0113ku, m\u016b\u017e\u012bgu saikni un laika p\u0101rbaudi iztur\u0113ju\u0161u skaistumu. Ide\u0101la izv\u0113le saderin\u0101\u0161an\u0101s br\u012bdim vai citiem \u012bpa\u0161iem gad\u012bjumiem.<\/p>\n","protected":false},"featured_media":223423,"template":"","meta":{"site-sidebar-layout":"default","site-content-layout":"","ast-site-content-layout":"default","site-content-style":"default","site-sidebar-style":"default","ast-global-header-display":"","ast-banner-title-visibility":"","ast-main-header-display":"","ast-hfb-above-header-display":"","ast-hfb-below-header-display":"","ast-hfb-mobile-header-display":"","site-post-title":"","ast-breadcrumbs-content":"","ast-featured-img":"","footer-sml-layout":"","ast-disable-related-posts":"","theme-transparent-header-meta":"default","adv-header-id-meta":"","stick-header-meta":"","header-above-stick-meta":"","header-main-stick-meta":"","header-below-stick-meta":"","astra-migrate-meta-layouts":"default","ast-page-background-enabled":"default","ast-page-background-meta":{"desktop":{"background-color":"var(--ast-global-color-4)","background-image":"","background-repeat":"repeat","background-position":"center center","background-size":"auto","background-attachment":"scroll","background-type":"","background-media":"","overlay-type":"","overlay-color":"","overlay-opacity":"","overlay-gradient":""},"tablet":{"background-color":"","background-image":"","background-repeat":"repeat","background-position":"center center","background-size":"auto","background-attachment":"scroll","background-type":"","background-media":"","overlay-type":"","overlay-color":"","overlay-opacity":"","overlay-gradient":""},"mobile":{"background-color":"","background-image":"","background-repeat":"repeat","background-position":"center center","background-size":"auto","background-attachment":"scroll","background-type":"","background-media":"","overlay-type":"","overlay-color":"","overlay-opacity":"","overlay-gradient":""}},"ast-content-background-meta":{"desktop":{"background-color":"var(--ast-global-color-5)","background-image":"","background-repeat":"repeat","background-position":"center center","background-size":"auto","background-attachment":"scroll","background-type":"","background-media":"","overlay-type":"","overlay-color":"","overlay-opacity":"","overlay-gradient":""},"tablet":{"background-color":"var(--ast-global-color-5)","background-image":"","background-repeat":"repeat","background-position":"center center","background-size":"auto","background-attachment":"scroll","background-type":"","background-media":"","overlay-type":"","overlay-color":"","overlay-opacity":"","overlay-gradient":""},"mobile":{"background-color":"var(--ast-global-color-5)","background-image":"","background-repeat":"repeat","background-position":"center center","background-size":"auto","background-attachment":"scroll","background-type":"","background-media":"","overlay-type":"","overlay-color":"","overlay-opacity":"","overlay-gradient":""}}},"product_brand":[],"product_cat":[3613,3439,3447],"product_tag":[],"class_list":{"0":"post-278909","1":"product","2":"type-product","3":"status-publish","4":"has-post-thumbnail","6":"product_cat-dimantu-veikals-pieejami-uz-vietas","7":"product_cat-saderinasanas-gredzeni","8":"product_cat-top-saderinasanas-gredzeni","9":"desktop-align-center","10":"tablet-align-left","11":"mobile-align-left","12":"ast-product-gallery-layout-horizontal-slider","13":"ast-product-single-variable","14":"ast-product-tabs-layout-accordion","15":"ast-qv-on-image","17":"first","18":"instock","19":"taxable","20":"shipping-taxable","21":"purchasable","22":"product-type-variable"},"yoast_head":"<!-- This site is optimized with the Yoast SEO plugin v26.6 - https:\/\/yoast.com\/wordpress\/plugins\/seo\/ -->\n<title>Balt\u0101 zelta saderin\u0101\u0161an\u0101s gredzens ar briljantu (0,15 ct)<\/title>\n<meta name=\"description\" content=\"Balt\u0101 zelta saderin\u0101\u0161an\u0101s gredzens ar dimantu se\u0161u kapi\u0146u ietvar\u0101. Elegants un laika p\u0101rbaud\u012bts dizains, kas simboliz\u0113 m\u012blest\u012bbas stiprumu.\" \/>\n<meta name=\"robots\" content=\"index, follow, max-snippet:-1, max-image-preview:large, max-video-preview:-1\" \/>\n<link rel=\"canonical\" href=\"https:\/\/fashiongold.lt\/lv\/rotaslieta\/balta-zelta-saderinasanas-gredzens-ar-dimantu-015-ct\/\" \/>\n<meta property=\"og:locale\" content=\"lv_LV\" \/>\n<meta property=\"og:type\" content=\"article\" \/>\n<meta property=\"og:title\" content=\"Balt\u0101 zelta saderin\u0101\u0161an\u0101s gredzens ar briljantu (0,15 ct)\" \/>\n<meta property=\"og:description\" content=\"Balt\u0101 zelta saderin\u0101\u0161an\u0101s gredzens ar dimantu se\u0161u kapi\u0146u ietvar\u0101. Elegants un laika p\u0101rbaud\u012bts dizains, kas simboliz\u0113 m\u012blest\u012bbas stiprumu.\" \/>\n<meta property=\"og:url\" content=\"https:\/\/fashiongold.lt\/lv\/rotaslieta\/balta-zelta-saderinasanas-gredzens-ar-dimantu-015-ct\/\" \/>\n<meta property=\"og:site_name\" content=\"FashionGold.lt\" \/>\n<meta property=\"article:modified_time\" content=\"2026-02-11T20:03:05+00:00\" \/>\n<meta property=\"og:image\" content=\"https:\/\/fashiongold.lt\/wp-content\/uploads\/2025\/10\/23145-77c-Balto-aukso-suzadetuviu-ziedas-su-deimantu-Forever-015-ct.webp\" \/>\n\t<meta property=\"og:image:width\" content=\"1000\" \/>\n\t<meta property=\"og:image:height\" content=\"1000\" \/>\n\t<meta property=\"og:image:type\" content=\"image\/png\" \/>\n<meta name=\"twitter:card\" content=\"summary_large_image\" \/>\n<meta name=\"twitter:label1\" content=\"Est. reading time\" \/>\n\t<meta name=\"twitter:data1\" content=\"1 minute\" \/>\n<script type=\"application\/ld+json\" class=\"yoast-schema-graph\">{\"@context\":\"https:\/\/schema.org\",\"@graph\":[{\"@type\":\"WebPage\",\"@id\":\"https:\/\/fashiongold.lt\/lv\/rotaslieta\/balta-zelta-saderinasanas-gredzens-ar-dimantu-015-ct\/\",\"url\":\"https:\/\/fashiongold.lt\/lv\/rotaslieta\/balta-zelta-saderinasanas-gredzens-ar-dimantu-015-ct\/\",\"name\":\"Balt\u0101 zelta saderin\u0101\u0161an\u0101s gredzens ar briljantu (0,15 ct)\",\"isPartOf\":{\"@id\":\"https:\/\/fashiongold.lt\/lv\/#website\"},\"primaryImageOfPage\":{\"@id\":\"https:\/\/fashiongold.lt\/lv\/rotaslieta\/balta-zelta-saderinasanas-gredzens-ar-dimantu-015-ct\/#primaryimage\"},\"image\":{\"@id\":\"https:\/\/fashiongold.lt\/lv\/rotaslieta\/balta-zelta-saderinasanas-gredzens-ar-dimantu-015-ct\/#primaryimage\"},\"thumbnailUrl\":\"https:\/\/fashiongold.lt\/wp-content\/uploads\/2025\/10\/23145-77c-Balto-aukso-suzadetuviu-ziedas-su-deimantu-Forever-015-ct.png\",\"datePublished\":\"2025-10-17T10:58:37+00:00\",\"dateModified\":\"2026-02-11T20:03:05+00:00\",\"description\":\"Balt\u0101 zelta saderin\u0101\u0161an\u0101s gredzens ar dimantu se\u0161u kapi\u0146u ietvar\u0101. Elegants un laika p\u0101rbaud\u012bts dizains, kas simboliz\u0113 m\u012blest\u012bbas stiprumu.\",\"breadcrumb\":{\"@id\":\"https:\/\/fashiongold.lt\/lv\/rotaslieta\/balta-zelta-saderinasanas-gredzens-ar-dimantu-015-ct\/#breadcrumb\"},\"inLanguage\":\"lv-LV\",\"potentialAction\":[{\"@type\":\"ReadAction\",\"target\":[\"https:\/\/fashiongold.lt\/lv\/rotaslieta\/balta-zelta-saderinasanas-gredzens-ar-dimantu-015-ct\/\"]}]},{\"@type\":\"ImageObject\",\"inLanguage\":\"lv-LV\",\"@id\":\"https:\/\/fashiongold.lt\/lv\/rotaslieta\/balta-zelta-saderinasanas-gredzens-ar-dimantu-015-ct\/#primaryimage\",\"url\":\"https:\/\/fashiongold.lt\/wp-content\/uploads\/2025\/10\/23145-77c-Balto-aukso-suzadetuviu-ziedas-su-deimantu-Forever-015-ct.png\",\"contentUrl\":\"https:\/\/fashiongold.lt\/wp-content\/uploads\/2025\/10\/23145-77c-Balto-aukso-suzadetuviu-ziedas-su-deimantu-Forever-015-ct.png\",\"width\":1000,\"height\":1000},{\"@type\":\"BreadcrumbList\",\"@id\":\"https:\/\/fashiongold.lt\/lv\/rotaslieta\/balta-zelta-saderinasanas-gredzens-ar-dimantu-015-ct\/#breadcrumb\",\"itemListElement\":[{\"@type\":\"ListItem\",\"position\":1,\"name\":\"Home\",\"item\":\"https:\/\/fashiongold.lt\/lv\/\"},{\"@type\":\"ListItem\",\"position\":2,\"name\":\"Dimantu veikals Fashiongold.lt\",\"item\":\"https:\/\/fashiongold.lt\/shop-2\/\"},{\"@type\":\"ListItem\",\"position\":3,\"name\":\"Balt\u0101 zelta saderin\u0101\u0161an\u0101s gredzens ar dimantu (0,15 ct)\"}]},{\"@type\":\"WebSite\",\"@id\":\"https:\/\/fashiongold.lt\/lv\/#website\",\"url\":\"https:\/\/fashiongold.lt\/lv\/\",\"name\":\"Fashion Gold\",\"description\":\"Juvelierizstr\u0101d\u0101jumu nams\",\"publisher\":{\"@id\":\"https:\/\/fashiongold.lt\/lv\/#organization\"},\"potentialAction\":[{\"@type\":\"SearchAction\",\"target\":{\"@type\":\"EntryPoint\",\"urlTemplate\":\"https:\/\/fashiongold.lt\/lv\/?s={search_term_string}\"},\"query-input\":{\"@type\":\"PropertyValueSpecification\",\"valueRequired\":true,\"valueName\":\"search_term_string\"}}],\"inLanguage\":\"lv-LV\"},{\"@type\":\"Organization\",\"@id\":\"https:\/\/fashiongold.lt\/lv\/#organization\",\"name\":\"Topdiamonds Online\",\"url\":\"https:\/\/fashiongold.lt\/lv\/\",\"logo\":{\"@type\":\"ImageObject\",\"inLanguage\":\"lv-LV\",\"@id\":\"https:\/\/fashiongold.lt\/lv\/#\/schema\/logo\/image\/\",\"url\":\"https:\/\/fashiongold.lt\/wp-content\/uploads\/2025\/04\/cropped-fashion_gold_logotipas2-scaled-1.png\",\"contentUrl\":\"https:\/\/fashiongold.lt\/wp-content\/uploads\/2025\/04\/cropped-fashion_gold_logotipas2-scaled-1.png\",\"width\":2559,\"height\":421,\"caption\":\"Topdiamonds Online\"},\"image\":{\"@id\":\"https:\/\/fashiongold.lt\/lv\/#\/schema\/logo\/image\/\"}}]}<\/script>\n<!-- \/ Yoast SEO plugin. -->","yoast_head_json":{"title":"Balt\u0101 zelta saderin\u0101\u0161an\u0101s gredzens ar briljantu (0,15 ct)","description":"Balt\u0101 zelta saderin\u0101\u0161an\u0101s gredzens ar dimantu se\u0161u kapi\u0146u ietvar\u0101. Elegants un laika p\u0101rbaud\u012bts dizains, kas simboliz\u0113 m\u012blest\u012bbas stiprumu.","robots":{"index":"index","follow":"follow","max-snippet":"max-snippet:-1","max-image-preview":"max-image-preview:large","max-video-preview":"max-video-preview:-1"},"canonical":"https:\/\/fashiongold.lt\/lv\/rotaslieta\/balta-zelta-saderinasanas-gredzens-ar-dimantu-015-ct\/","og_locale":"lv_LV","og_type":"article","og_title":"Balt\u0101 zelta saderin\u0101\u0161an\u0101s gredzens ar briljantu (0,15 ct)","og_description":"Balt\u0101 zelta saderin\u0101\u0161an\u0101s gredzens ar dimantu se\u0161u kapi\u0146u ietvar\u0101. Elegants un laika p\u0101rbaud\u012bts dizains, kas simboliz\u0113 m\u012blest\u012bbas stiprumu.","og_url":"https:\/\/fashiongold.lt\/lv\/rotaslieta\/balta-zelta-saderinasanas-gredzens-ar-dimantu-015-ct\/","og_site_name":"FashionGold.lt","article_modified_time":"2026-02-11T20:03:05+00:00","og_image":[{"width":1000,"height":1000,"url":"https:\/\/fashiongold.lt\/wp-content\/uploads\/2025\/10\/23145-77c-Balto-aukso-suzadetuviu-ziedas-su-deimantu-Forever-015-ct.webp","type":"image\/png"}],"twitter_card":"summary_large_image","twitter_misc":{"Est. reading time":"1 minute"},"schema":{"@context":"https:\/\/schema.org","@graph":[{"@type":"WebPage","@id":"https:\/\/fashiongold.lt\/lv\/rotaslieta\/balta-zelta-saderinasanas-gredzens-ar-dimantu-015-ct\/","url":"https:\/\/fashiongold.lt\/lv\/rotaslieta\/balta-zelta-saderinasanas-gredzens-ar-dimantu-015-ct\/","name":"Balt\u0101 zelta saderin\u0101\u0161an\u0101s gredzens ar briljantu (0,15 ct)","isPartOf":{"@id":"https:\/\/fashiongold.lt\/lv\/#website"},"primaryImageOfPage":{"@id":"https:\/\/fashiongold.lt\/lv\/rotaslieta\/balta-zelta-saderinasanas-gredzens-ar-dimantu-015-ct\/#primaryimage"},"image":{"@id":"https:\/\/fashiongold.lt\/lv\/rotaslieta\/balta-zelta-saderinasanas-gredzens-ar-dimantu-015-ct\/#primaryimage"},"thumbnailUrl":"https:\/\/fashiongold.lt\/wp-content\/uploads\/2025\/10\/23145-77c-Balto-aukso-suzadetuviu-ziedas-su-deimantu-Forever-015-ct.png","datePublished":"2025-10-17T10:58:37+00:00","dateModified":"2026-02-11T20:03:05+00:00","description":"Balt\u0101 zelta saderin\u0101\u0161an\u0101s gredzens ar dimantu se\u0161u kapi\u0146u ietvar\u0101. Elegants un laika p\u0101rbaud\u012bts dizains, kas simboliz\u0113 m\u012blest\u012bbas stiprumu.","breadcrumb":{"@id":"https:\/\/fashiongold.lt\/lv\/rotaslieta\/balta-zelta-saderinasanas-gredzens-ar-dimantu-015-ct\/#breadcrumb"},"inLanguage":"lv-LV","potentialAction":[{"@type":"ReadAction","target":["https:\/\/fashiongold.lt\/lv\/rotaslieta\/balta-zelta-saderinasanas-gredzens-ar-dimantu-015-ct\/"]}]},{"@type":"ImageObject","inLanguage":"lv-LV","@id":"https:\/\/fashiongold.lt\/lv\/rotaslieta\/balta-zelta-saderinasanas-gredzens-ar-dimantu-015-ct\/#primaryimage","url":"https:\/\/fashiongold.lt\/wp-content\/uploads\/2025\/10\/23145-77c-Balto-aukso-suzadetuviu-ziedas-su-deimantu-Forever-015-ct.png","contentUrl":"https:\/\/fashiongold.lt\/wp-content\/uploads\/2025\/10\/23145-77c-Balto-aukso-suzadetuviu-ziedas-su-deimantu-Forever-015-ct.png","width":1000,"height":1000},{"@type":"BreadcrumbList","@id":"https:\/\/fashiongold.lt\/lv\/rotaslieta\/balta-zelta-saderinasanas-gredzens-ar-dimantu-015-ct\/#breadcrumb","itemListElement":[{"@type":"ListItem","position":1,"name":"Home","item":"https:\/\/fashiongold.lt\/lv\/"},{"@type":"ListItem","position":2,"name":"Dimantu veikals Fashiongold.lt","item":"https:\/\/fashiongold.lt\/shop-2\/"},{"@type":"ListItem","position":3,"name":"Balt\u0101 zelta saderin\u0101\u0161an\u0101s gredzens ar dimantu (0,15 ct)"}]},{"@type":"WebSite","@id":"https:\/\/fashiongold.lt\/lv\/#website","url":"https:\/\/fashiongold.lt\/lv\/","name":"Fashion Gold","description":"Juvelierizstr\u0101d\u0101jumu nams","publisher":{"@id":"https:\/\/fashiongold.lt\/lv\/#organization"},"potentialAction":[{"@type":"SearchAction","target":{"@type":"EntryPoint","urlTemplate":"https:\/\/fashiongold.lt\/lv\/?s={search_term_string}"},"query-input":{"@type":"PropertyValueSpecification","valueRequired":true,"valueName":"search_term_string"}}],"inLanguage":"lv-LV"},{"@type":"Organization","@id":"https:\/\/fashiongold.lt\/lv\/#organization","name":"Topdiamonds Online","url":"https:\/\/fashiongold.lt\/lv\/","logo":{"@type":"ImageObject","inLanguage":"lv-LV","@id":"https:\/\/fashiongold.lt\/lv\/#\/schema\/logo\/image\/","url":"https:\/\/fashiongold.lt\/wp-content\/uploads\/2025\/04\/cropped-fashion_gold_logotipas2-scaled-1.png","contentUrl":"https:\/\/fashiongold.lt\/wp-content\/uploads\/2025\/04\/cropped-fashion_gold_logotipas2-scaled-1.png","width":2559,"height":421,"caption":"Topdiamonds Online"},"image":{"@id":"https:\/\/fashiongold.lt\/lv\/#\/schema\/logo\/image\/"}}]}},"_links":{"self":[{"href":"https:\/\/fashiongold.lt\/lv\/wp-json\/wp\/v2\/product\/278909","targetHints":{"allow":["GET"]}}],"collection":[{"href":"https:\/\/fashiongold.lt\/lv\/wp-json\/wp\/v2\/product"}],"about":[{"href":"https:\/\/fashiongold.lt\/lv\/wp-json\/wp\/v2\/types\/product"}],"version-history":[{"count":0,"href":"https:\/\/fashiongold.lt\/lv\/wp-json\/wp\/v2\/product\/278909\/revisions"}],"wp:featuredmedia":[{"embeddable":true,"href":"https:\/\/fashiongold.lt\/lv\/wp-json\/wp\/v2\/media\/223423"}],"wp:attachment":[{"href":"https:\/\/fashiongold.lt\/lv\/wp-json\/wp\/v2\/media?parent=278909"}],"wp:term":[{"taxonomy":"product_brand","embeddable":true,"href":"https:\/\/fashiongold.lt\/lv\/wp-json\/wp\/v2\/product_brand?post=278909"},{"taxonomy":"product_cat","embeddable":true,"href":"https:\/\/fashiongold.lt\/lv\/wp-json\/wp\/v2\/product_cat?post=278909"},{"taxonomy":"product_tag","embeddable":true,"href":"https:\/\/fashiongold.lt\/lv\/wp-json\/wp\/v2\/product_tag?post=278909"}],"curies":[{"name":"wp","href":"https:\/\/api.w.org\/{rel}","templated":true}]}}