{"id":278912,"date":"2025-10-17T10:58:32","date_gmt":"2025-10-17T10:58:32","guid":{"rendered":"https:\/\/fashiongold.lt\/papuosalas\/saderinasanas-gredzens-ar-rubinu-un-dimantiem-0-80-ct\/"},"modified":"2026-02-11T20:03:06","modified_gmt":"2026-02-11T20:03:06","slug":"saderinasanas-gredzens-ar-rubinu-un-dimantiem-0-80-ct","status":"publish","type":"product","link":"https:\/\/fashiongold.lt\/lv\/rotaslieta\/saderinasanas-gredzens-ar-rubinu-un-dimantiem-0-80-ct\/","title":{"rendered":"Saderin\u0101\u0161an\u0101s gredzens ar rub\u012bnu un dimantiem (0.80 ct)"},"content":{"rendered":"<h2>Izsmalcin\u0101ta grezn\u012bba &#8211; Halo dizaina saderin\u0101\u0161an\u0101s gredzens ar rub\u012bnu un dimantiem (0.80 ct)<\/h2>\n<h3>Sarkan\u0101 zelta saderin\u0101\u0161an\u0101s gredzens ar rub\u012bnu centr\u0101 un ap to mirdzo\u0161iem dab\u012bgiem dimantiem \u2013 tas ir moderns Halo dizains, kur\u0101 apvienota grezn\u012bba, elegance un \u012bpa\u0161s akmens simboliskais sp\u0113ks, kas kop\u0161 seniem laikiem tiek saist\u012bts ar m\u012blest\u012bbu, sp\u0113ku un prieku.<\/h3>\n<p>Izgatavots Lietuv\u0101, iev\u0113rojot augst\u0101kos juvelierizstr\u0101d\u0101jumu ra\u017eo\u0161anas standartus.<\/p>\n<p>\u2022 <strong><a href=\"https:\/\/fashiongold.lt\/lv\/patarimai-lv\/zelta-prove-juvelierizstradajumiem-ka-izveleties-piemerotako\/\" target=\"_blank\" rel=\"noopener\">Gredzena met\u0101ls<\/a><\/strong>: 14K (585 prove);<\/p>\n<p>\u2022 <strong><a href=\"https:\/\/fashiongold.lt\/lv\/patarimai-lv\/saderinasanas-un-laulibu-gredzenu-zelta-krasa-baltais-sarkanais-vai-dzeltenais-zelts\/\" target=\"_blank\" rel=\"noopener\">Gredzena kr\u0101sa<\/a><\/strong>: sarkanais;<\/p>\n<p>\u2022 <strong><a href=\"https:\/\/fashiongold.lt\/lv\/patarimai-lv\/gredzeni-ar-dimantiem-gredzena-zelta-svars-un-dimantu-svars-karatos-ka-izveleties-piemerotako-ieteikumi-ka-saprast-un-novertet\/\" target=\"_blank\" rel=\"noopener\">Gredzena svars<\/a><\/strong>: 3,17 g;<\/p>\n<p>\u2022 <strong><a href=\"https:\/\/fashiongold.lt\/lv\/patarimai-lv\/saderinasanas-gredzeni-perfektu-proporciju-noslepums-kapec-dazi-gredzeni-ar-dimantiem-izskatas-greznak\/\" target=\"_blank\" rel=\"noopener\">Gredzena izm\u0113ri<\/a><\/strong>: kro\u0146a augstums aptuveni 8.5 mm, st\u012bpi\u0146as platums aptuveni 3.6 mm;<\/p>\n<p>\u2022 <strong><a href=\"https:\/\/fashiongold.lt\/lv\/patarimai-lv\/gredzena-komforta-zona-vai-gredzena-ertums\/\" target=\"_blank\" rel=\"noopener\">Gredzena komforta zona<\/a><\/strong>: ir;<\/p>\n<p>\u2022 <a href=\"https:\/\/fashiongold.lt\/brangakmeniu-tipai\/\" target=\"_blank\" rel=\"noopener\"><b>D\u0101rgakme\u0146u<\/b><strong> veidi<\/strong><\/a>: Rub\u012bns un dab\u012bgie dimanti;<\/p>\n<p>\u2022 <a href=\"https:\/\/fashiongold.lt\/lv\/patarimai-lv\/dimants-citas-dimanta-formas\/\" target=\"_blank\" rel=\"noopener\"><b>D\u0101rgakme\u0146u<\/b><strong>\u00a0forma<\/strong><\/a>: Apa\u013cas formas (Round cut);<\/p>\n<p>\u2022 <a href=\"https:\/\/fashiongold.lt\/lv\/patarimai-lv\/dimants-ka-tiek-verteta-vertigaka-dargakmens-grezniba\/\" target=\"_blank\" rel=\"noopener\"><b>D\u0101rgakme\u0146u<\/b><strong>\u00a0raksturojums<\/strong><\/a>: 0.20 ct (0.005 x 40) dimanti gredzena st\u012bpi\u0146\u0101 un Halo ietvar\u0101, 0.60 ct rub\u012bns centr\u0101 (kr\u0101sa G-H (RW-W), dzidrums SI);<\/p>\n<p>\u2022 <strong><a href=\"https:\/\/fashiongold.lt\/lv\/patarimai-lv\/dimants-rubins-safirs-smaragds-dargakmenu-sertifikati\/\" target=\"_blank\" rel=\"noopener\">Sertifik\u0101ts<\/a><\/strong>: Lietuvas Prov\u0113\u0161anas pal\u0101ta (LPR) \u2013 AB368473;<\/p>\n<p>\u2022 <strong><a href=\"https:\/\/fashiongold.lt\/lv\/patarimai-lv\/saderinasanas-gredzeni-vai-gredzenu-var-iegravet-detalas-kas-pieskir-jusu-saderinasanas-gredzenam-individualitati\/\" target=\"_blank\" rel=\"noopener\">Grav\u0113\u0161ana<\/a><\/strong> bez maksas;<\/p>\n<p>\u2022 Vienreiz\u0113ja bezmaksas <strong><a href=\"https:\/\/fashiongold.lt\/lv\/patarimai-lv\/saderinasanas-gredzeni-bezmaksas-izmera-pielagosana-lai-gredzens-deretu-ideali\/\" target=\"_blank\" rel=\"noopener\">gredzena izm\u0113ra mai\u0146as garantija<\/a><\/strong> (p\u0113c iesp\u0113jas);<\/p>\n<p>\u2022 <strong><a href=\"https:\/\/fashiongold.lt\/lv\/piegade-un-atgriesana\/\" target=\"_blank\" rel=\"noopener\">Pieg\u0101des termi\u0146\u0161<\/a><\/strong>: 1-4 d.d.<\/p>\n","protected":false},"excerpt":{"rendered":"<p>Halo dizaina saderin\u0101\u0161an\u0101s gredzens ar rub\u012bnu un dab\u012bgajiem dimantiem \u2013 izsmalcin\u0101ta izv\u0113le, kas apvieno modernu dizainu un akme\u0146u simbolisko noz\u012bmi. Rub\u012bns kop\u0161 seniem laikiem tiek uzskat\u012bts par m\u012blest\u012bbas, prieka un sp\u0113ka talismanu, kas sarg\u0101 \u0123imeni un piesaista laimi. Dimantu mirdzums ap centru pastiprina rub\u012bna burv\u012bbu, bet sarkan\u0101 zelta siltums pie\u0161\u0137ir gredzenam \u012bpa\u0161u raksturu.<\/p>\n","protected":false},"featured_media":231278,"template":"","meta":{"site-sidebar-layout":"default","site-content-layout":"","ast-site-content-layout":"default","site-content-style":"default","site-sidebar-style":"default","ast-global-header-display":"","ast-banner-title-visibility":"","ast-main-header-display":"","ast-hfb-above-header-display":"","ast-hfb-below-header-display":"","ast-hfb-mobile-header-display":"","site-post-title":"","ast-breadcrumbs-content":"","ast-featured-img":"","footer-sml-layout":"","ast-disable-related-posts":"","theme-transparent-header-meta":"default","adv-header-id-meta":"","stick-header-meta":"","header-above-stick-meta":"","header-main-stick-meta":"","header-below-stick-meta":"","astra-migrate-meta-layouts":"default","ast-page-background-enabled":"default","ast-page-background-meta":{"desktop":{"background-color":"var(--ast-global-color-4)","background-image":"","background-repeat":"repeat","background-position":"center center","background-size":"auto","background-attachment":"scroll","background-type":"","background-media":"","overlay-type":"","overlay-color":"","overlay-opacity":"","overlay-gradient":""},"tablet":{"background-color":"","background-image":"","background-repeat":"repeat","background-position":"center center","background-size":"auto","background-attachment":"scroll","background-type":"","background-media":"","overlay-type":"","overlay-color":"","overlay-opacity":"","overlay-gradient":""},"mobile":{"background-color":"","background-image":"","background-repeat":"repeat","background-position":"center center","background-size":"auto","background-attachment":"scroll","background-type":"","background-media":"","overlay-type":"","overlay-color":"","overlay-opacity":"","overlay-gradient":""}},"ast-content-background-meta":{"desktop":{"background-color":"var(--ast-global-color-5)","background-image":"","background-repeat":"repeat","background-position":"center center","background-size":"auto","background-attachment":"scroll","background-type":"","background-media":"","overlay-type":"","overlay-color":"","overlay-opacity":"","overlay-gradient":""},"tablet":{"background-color":"var(--ast-global-color-5)","background-image":"","background-repeat":"repeat","background-position":"center center","background-size":"auto","background-attachment":"scroll","background-type":"","background-media":"","overlay-type":"","overlay-color":"","overlay-opacity":"","overlay-gradient":""},"mobile":{"background-color":"var(--ast-global-color-5)","background-image":"","background-repeat":"repeat","background-position":"center center","background-size":"auto","background-attachment":"scroll","background-type":"","background-media":"","overlay-type":"","overlay-color":"","overlay-opacity":"","overlay-gradient":""}}},"product_brand":[],"product_cat":[3613,3060,3562,3439,3564,3447],"product_tag":[],"class_list":{"0":"post-278912","1":"product","2":"type-product","3":"status-publish","4":"has-post-thumbnail","6":"product_cat-dimantu-veikals-pieejami-uz-vietas","7":"product_cat-juvelierizstradajumi-ar-sarkaniem-dargakmeniem","8":"product_cat-rubins-rotaslietas-ar-rubiniem","9":"product_cat-saderinasanas-gredzeni","10":"product_cat-sarkans-dargakmens","11":"product_cat-top-saderinasanas-gredzeni","12":"desktop-align-center","13":"tablet-align-left","14":"mobile-align-left","15":"ast-product-gallery-layout-horizontal-slider","16":"ast-product-single-variable","17":"ast-product-tabs-layout-accordion","18":"ast-qv-on-image","20":"first","21":"instock","22":"taxable","23":"shipping-taxable","24":"purchasable","25":"product-type-variable"},"yoast_head":"<!-- This site is optimized with the Yoast SEO plugin v26.6 - https:\/\/yoast.com\/wordpress\/plugins\/seo\/ -->\n<title>Saderin\u0101\u0161an\u0101s gredzens ar rub\u012bnu un dimantiem (0.80 ct)<\/title>\n<meta name=\"description\" content=\"Sarkan\u0101 zelta Halo dizaina saderin\u0101\u0161an\u0101s gredzens ar rub\u012bnu un dimantiem. Grezns, ekskluz\u012bvs dizains, ko\u0161a kr\u0101sa un \u012bpa\u0161a simbolika.\" \/>\n<meta name=\"robots\" content=\"index, follow, max-snippet:-1, max-image-preview:large, max-video-preview:-1\" \/>\n<link rel=\"canonical\" href=\"https:\/\/fashiongold.lt\/lv\/rotaslieta\/saderinasanas-gredzens-ar-rubinu-un-dimantiem-0-80-ct\/\" \/>\n<meta property=\"og:locale\" content=\"lv_LV\" \/>\n<meta property=\"og:type\" content=\"article\" \/>\n<meta property=\"og:title\" content=\"Saderin\u0101\u0161an\u0101s gredzens ar rub\u012bnu un dimantiem (0.80 ct)\" \/>\n<meta property=\"og:description\" content=\"Sarkan\u0101 zelta Halo dizaina saderin\u0101\u0161an\u0101s gredzens ar rub\u012bnu un dimantiem. Grezns, ekskluz\u012bvs dizains, ko\u0161a kr\u0101sa un \u012bpa\u0161a simbolika.\" \/>\n<meta property=\"og:url\" content=\"https:\/\/fashiongold.lt\/lv\/rotaslieta\/saderinasanas-gredzens-ar-rubinu-un-dimantiem-0-80-ct\/\" \/>\n<meta property=\"og:site_name\" content=\"FashionGold.lt\" \/>\n<meta property=\"article:modified_time\" content=\"2026-02-11T20:03:06+00:00\" \/>\n<meta property=\"og:image\" content=\"https:\/\/fashiongold.lt\/wp-content\/uploads\/2025\/10\/087-halo-dizaino-modernus-raudono-aukso-suzadetuviu-ziedas-su-rubinu.webp\" \/>\n\t<meta property=\"og:image:width\" content=\"1000\" \/>\n\t<meta property=\"og:image:height\" content=\"1000\" \/>\n\t<meta property=\"og:image:type\" content=\"image\/jpeg\" \/>\n<meta name=\"twitter:card\" content=\"summary_large_image\" \/>\n<meta name=\"twitter:label1\" content=\"Est. reading time\" \/>\n\t<meta name=\"twitter:data1\" content=\"1 minute\" \/>\n<script type=\"application\/ld+json\" class=\"yoast-schema-graph\">{\"@context\":\"https:\/\/schema.org\",\"@graph\":[{\"@type\":\"WebPage\",\"@id\":\"https:\/\/fashiongold.lt\/lv\/rotaslieta\/saderinasanas-gredzens-ar-rubinu-un-dimantiem-0-80-ct\/\",\"url\":\"https:\/\/fashiongold.lt\/lv\/rotaslieta\/saderinasanas-gredzens-ar-rubinu-un-dimantiem-0-80-ct\/\",\"name\":\"Saderin\u0101\u0161an\u0101s gredzens ar rub\u012bnu un dimantiem (0.80 ct)\",\"isPartOf\":{\"@id\":\"https:\/\/fashiongold.lt\/lv\/#website\"},\"primaryImageOfPage\":{\"@id\":\"https:\/\/fashiongold.lt\/lv\/rotaslieta\/saderinasanas-gredzens-ar-rubinu-un-dimantiem-0-80-ct\/#primaryimage\"},\"image\":{\"@id\":\"https:\/\/fashiongold.lt\/lv\/rotaslieta\/saderinasanas-gredzens-ar-rubinu-un-dimantiem-0-80-ct\/#primaryimage\"},\"thumbnailUrl\":\"https:\/\/fashiongold.lt\/wp-content\/uploads\/2025\/10\/087-halo-dizaino-modernus-raudono-aukso-suzadetuviu-ziedas-su-rubinu.jpg\",\"datePublished\":\"2025-10-17T10:58:32+00:00\",\"dateModified\":\"2026-02-11T20:03:06+00:00\",\"description\":\"Sarkan\u0101 zelta Halo dizaina saderin\u0101\u0161an\u0101s gredzens ar rub\u012bnu un dimantiem. Grezns, ekskluz\u012bvs dizains, ko\u0161a kr\u0101sa un \u012bpa\u0161a simbolika.\",\"breadcrumb\":{\"@id\":\"https:\/\/fashiongold.lt\/lv\/rotaslieta\/saderinasanas-gredzens-ar-rubinu-un-dimantiem-0-80-ct\/#breadcrumb\"},\"inLanguage\":\"lv-LV\",\"potentialAction\":[{\"@type\":\"ReadAction\",\"target\":[\"https:\/\/fashiongold.lt\/lv\/rotaslieta\/saderinasanas-gredzens-ar-rubinu-un-dimantiem-0-80-ct\/\"]}]},{\"@type\":\"ImageObject\",\"inLanguage\":\"lv-LV\",\"@id\":\"https:\/\/fashiongold.lt\/lv\/rotaslieta\/saderinasanas-gredzens-ar-rubinu-un-dimantiem-0-80-ct\/#primaryimage\",\"url\":\"https:\/\/fashiongold.lt\/wp-content\/uploads\/2025\/10\/087-halo-dizaino-modernus-raudono-aukso-suzadetuviu-ziedas-su-rubinu.jpg\",\"contentUrl\":\"https:\/\/fashiongold.lt\/wp-content\/uploads\/2025\/10\/087-halo-dizaino-modernus-raudono-aukso-suzadetuviu-ziedas-su-rubinu.jpg\",\"width\":1000,\"height\":1000},{\"@type\":\"BreadcrumbList\",\"@id\":\"https:\/\/fashiongold.lt\/lv\/rotaslieta\/saderinasanas-gredzens-ar-rubinu-un-dimantiem-0-80-ct\/#breadcrumb\",\"itemListElement\":[{\"@type\":\"ListItem\",\"position\":1,\"name\":\"Home\",\"item\":\"https:\/\/fashiongold.lt\/lv\/\"},{\"@type\":\"ListItem\",\"position\":2,\"name\":\"Dimantu veikals Fashiongold.lt\",\"item\":\"https:\/\/fashiongold.lt\/shop-2\/\"},{\"@type\":\"ListItem\",\"position\":3,\"name\":\"Saderin\u0101\u0161an\u0101s gredzens ar rub\u012bnu un dimantiem (0.80 ct)\"}]},{\"@type\":\"WebSite\",\"@id\":\"https:\/\/fashiongold.lt\/lv\/#website\",\"url\":\"https:\/\/fashiongold.lt\/lv\/\",\"name\":\"Fashion Gold\",\"description\":\"Juvelierizstr\u0101d\u0101jumu nams\",\"publisher\":{\"@id\":\"https:\/\/fashiongold.lt\/lv\/#organization\"},\"potentialAction\":[{\"@type\":\"SearchAction\",\"target\":{\"@type\":\"EntryPoint\",\"urlTemplate\":\"https:\/\/fashiongold.lt\/lv\/?s={search_term_string}\"},\"query-input\":{\"@type\":\"PropertyValueSpecification\",\"valueRequired\":true,\"valueName\":\"search_term_string\"}}],\"inLanguage\":\"lv-LV\"},{\"@type\":\"Organization\",\"@id\":\"https:\/\/fashiongold.lt\/lv\/#organization\",\"name\":\"Topdiamonds Online\",\"url\":\"https:\/\/fashiongold.lt\/lv\/\",\"logo\":{\"@type\":\"ImageObject\",\"inLanguage\":\"lv-LV\",\"@id\":\"https:\/\/fashiongold.lt\/lv\/#\/schema\/logo\/image\/\",\"url\":\"https:\/\/fashiongold.lt\/wp-content\/uploads\/2025\/04\/cropped-fashion_gold_logotipas2-scaled-1.png\",\"contentUrl\":\"https:\/\/fashiongold.lt\/wp-content\/uploads\/2025\/04\/cropped-fashion_gold_logotipas2-scaled-1.png\",\"width\":2559,\"height\":421,\"caption\":\"Topdiamonds Online\"},\"image\":{\"@id\":\"https:\/\/fashiongold.lt\/lv\/#\/schema\/logo\/image\/\"}}]}<\/script>\n<!-- \/ Yoast SEO plugin. -->","yoast_head_json":{"title":"Saderin\u0101\u0161an\u0101s gredzens ar rub\u012bnu un dimantiem (0.80 ct)","description":"Sarkan\u0101 zelta Halo dizaina saderin\u0101\u0161an\u0101s gredzens ar rub\u012bnu un dimantiem. Grezns, ekskluz\u012bvs dizains, ko\u0161a kr\u0101sa un \u012bpa\u0161a simbolika.","robots":{"index":"index","follow":"follow","max-snippet":"max-snippet:-1","max-image-preview":"max-image-preview:large","max-video-preview":"max-video-preview:-1"},"canonical":"https:\/\/fashiongold.lt\/lv\/rotaslieta\/saderinasanas-gredzens-ar-rubinu-un-dimantiem-0-80-ct\/","og_locale":"lv_LV","og_type":"article","og_title":"Saderin\u0101\u0161an\u0101s gredzens ar rub\u012bnu un dimantiem (0.80 ct)","og_description":"Sarkan\u0101 zelta Halo dizaina saderin\u0101\u0161an\u0101s gredzens ar rub\u012bnu un dimantiem. Grezns, ekskluz\u012bvs dizains, ko\u0161a kr\u0101sa un \u012bpa\u0161a simbolika.","og_url":"https:\/\/fashiongold.lt\/lv\/rotaslieta\/saderinasanas-gredzens-ar-rubinu-un-dimantiem-0-80-ct\/","og_site_name":"FashionGold.lt","article_modified_time":"2026-02-11T20:03:06+00:00","og_image":[{"width":1000,"height":1000,"url":"https:\/\/fashiongold.lt\/wp-content\/uploads\/2025\/10\/087-halo-dizaino-modernus-raudono-aukso-suzadetuviu-ziedas-su-rubinu.webp","type":"image\/jpeg"}],"twitter_card":"summary_large_image","twitter_misc":{"Est. reading time":"1 minute"},"schema":{"@context":"https:\/\/schema.org","@graph":[{"@type":"WebPage","@id":"https:\/\/fashiongold.lt\/lv\/rotaslieta\/saderinasanas-gredzens-ar-rubinu-un-dimantiem-0-80-ct\/","url":"https:\/\/fashiongold.lt\/lv\/rotaslieta\/saderinasanas-gredzens-ar-rubinu-un-dimantiem-0-80-ct\/","name":"Saderin\u0101\u0161an\u0101s gredzens ar rub\u012bnu un dimantiem (0.80 ct)","isPartOf":{"@id":"https:\/\/fashiongold.lt\/lv\/#website"},"primaryImageOfPage":{"@id":"https:\/\/fashiongold.lt\/lv\/rotaslieta\/saderinasanas-gredzens-ar-rubinu-un-dimantiem-0-80-ct\/#primaryimage"},"image":{"@id":"https:\/\/fashiongold.lt\/lv\/rotaslieta\/saderinasanas-gredzens-ar-rubinu-un-dimantiem-0-80-ct\/#primaryimage"},"thumbnailUrl":"https:\/\/fashiongold.lt\/wp-content\/uploads\/2025\/10\/087-halo-dizaino-modernus-raudono-aukso-suzadetuviu-ziedas-su-rubinu.jpg","datePublished":"2025-10-17T10:58:32+00:00","dateModified":"2026-02-11T20:03:06+00:00","description":"Sarkan\u0101 zelta Halo dizaina saderin\u0101\u0161an\u0101s gredzens ar rub\u012bnu un dimantiem. Grezns, ekskluz\u012bvs dizains, ko\u0161a kr\u0101sa un \u012bpa\u0161a simbolika.","breadcrumb":{"@id":"https:\/\/fashiongold.lt\/lv\/rotaslieta\/saderinasanas-gredzens-ar-rubinu-un-dimantiem-0-80-ct\/#breadcrumb"},"inLanguage":"lv-LV","potentialAction":[{"@type":"ReadAction","target":["https:\/\/fashiongold.lt\/lv\/rotaslieta\/saderinasanas-gredzens-ar-rubinu-un-dimantiem-0-80-ct\/"]}]},{"@type":"ImageObject","inLanguage":"lv-LV","@id":"https:\/\/fashiongold.lt\/lv\/rotaslieta\/saderinasanas-gredzens-ar-rubinu-un-dimantiem-0-80-ct\/#primaryimage","url":"https:\/\/fashiongold.lt\/wp-content\/uploads\/2025\/10\/087-halo-dizaino-modernus-raudono-aukso-suzadetuviu-ziedas-su-rubinu.jpg","contentUrl":"https:\/\/fashiongold.lt\/wp-content\/uploads\/2025\/10\/087-halo-dizaino-modernus-raudono-aukso-suzadetuviu-ziedas-su-rubinu.jpg","width":1000,"height":1000},{"@type":"BreadcrumbList","@id":"https:\/\/fashiongold.lt\/lv\/rotaslieta\/saderinasanas-gredzens-ar-rubinu-un-dimantiem-0-80-ct\/#breadcrumb","itemListElement":[{"@type":"ListItem","position":1,"name":"Home","item":"https:\/\/fashiongold.lt\/lv\/"},{"@type":"ListItem","position":2,"name":"Dimantu veikals Fashiongold.lt","item":"https:\/\/fashiongold.lt\/shop-2\/"},{"@type":"ListItem","position":3,"name":"Saderin\u0101\u0161an\u0101s gredzens ar rub\u012bnu un dimantiem (0.80 ct)"}]},{"@type":"WebSite","@id":"https:\/\/fashiongold.lt\/lv\/#website","url":"https:\/\/fashiongold.lt\/lv\/","name":"Fashion Gold","description":"Juvelierizstr\u0101d\u0101jumu nams","publisher":{"@id":"https:\/\/fashiongold.lt\/lv\/#organization"},"potentialAction":[{"@type":"SearchAction","target":{"@type":"EntryPoint","urlTemplate":"https:\/\/fashiongold.lt\/lv\/?s={search_term_string}"},"query-input":{"@type":"PropertyValueSpecification","valueRequired":true,"valueName":"search_term_string"}}],"inLanguage":"lv-LV"},{"@type":"Organization","@id":"https:\/\/fashiongold.lt\/lv\/#organization","name":"Topdiamonds Online","url":"https:\/\/fashiongold.lt\/lv\/","logo":{"@type":"ImageObject","inLanguage":"lv-LV","@id":"https:\/\/fashiongold.lt\/lv\/#\/schema\/logo\/image\/","url":"https:\/\/fashiongold.lt\/wp-content\/uploads\/2025\/04\/cropped-fashion_gold_logotipas2-scaled-1.png","contentUrl":"https:\/\/fashiongold.lt\/wp-content\/uploads\/2025\/04\/cropped-fashion_gold_logotipas2-scaled-1.png","width":2559,"height":421,"caption":"Topdiamonds Online"},"image":{"@id":"https:\/\/fashiongold.lt\/lv\/#\/schema\/logo\/image\/"}}]}},"_links":{"self":[{"href":"https:\/\/fashiongold.lt\/lv\/wp-json\/wp\/v2\/product\/278912","targetHints":{"allow":["GET"]}}],"collection":[{"href":"https:\/\/fashiongold.lt\/lv\/wp-json\/wp\/v2\/product"}],"about":[{"href":"https:\/\/fashiongold.lt\/lv\/wp-json\/wp\/v2\/types\/product"}],"version-history":[{"count":0,"href":"https:\/\/fashiongold.lt\/lv\/wp-json\/wp\/v2\/product\/278912\/revisions"}],"wp:featuredmedia":[{"embeddable":true,"href":"https:\/\/fashiongold.lt\/lv\/wp-json\/wp\/v2\/media\/231278"}],"wp:attachment":[{"href":"https:\/\/fashiongold.lt\/lv\/wp-json\/wp\/v2\/media?parent=278912"}],"wp:term":[{"taxonomy":"product_brand","embeddable":true,"href":"https:\/\/fashiongold.lt\/lv\/wp-json\/wp\/v2\/product_brand?post=278912"},{"taxonomy":"product_cat","embeddable":true,"href":"https:\/\/fashiongold.lt\/lv\/wp-json\/wp\/v2\/product_cat?post=278912"},{"taxonomy":"product_tag","embeddable":true,"href":"https:\/\/fashiongold.lt\/lv\/wp-json\/wp\/v2\/product_tag?post=278912"}],"curies":[{"name":"wp","href":"https:\/\/api.w.org\/{rel}","templated":true}]}}