{"id":279205,"date":"2025-10-23T07:39:24","date_gmt":"2025-10-23T07:39:24","guid":{"rendered":"https:\/\/fashiongold.lt\/papuosalas\/morganiti-auskari-ar-dimantiem-un-taisnstura-formas-morganitiem-8-23-ct\/"},"modified":"2025-10-23T07:39:24","modified_gmt":"2025-10-23T07:39:24","slug":"morganiti-auskari-ar-dimantiem-un-taisnstura-formas-morganitiem-8-23-ct","status":"publish","type":"product","link":"https:\/\/fashiongold.lt\/lv\/papuosalas\/morganiti-auskari-ar-dimantiem-un-taisnstura-formas-morganitiem-8-23-ct\/","title":{"rendered":"Morgan\u012bti &#8211; auskari ar dimantiem un taisnst\u016bra formas morgan\u012btiem (8.23 ct)"},"content":{"rendered":"<h2>Morgan\u012bti &#8211; auskari ar dimantiem un taisnst\u016bra formas morgan\u012btiem (8.23 ct)<\/h2>\n<h3>Halo dizaina zelta auskari ar ang\u013cu aizdari ar 7.90 kar\u0101tu roz\u0101 taisnst\u016bra formas morgan\u012btiem un dimantiem ap morgan\u012btu. Taisnst\u016bra formas morgan\u012bti &#8211; 7.90 ct <\/h3>\n<p>Ra\u017eots V\u0101cij\u0101 no augstas kvalit\u0101tes d\u0101rgakme\u0146iem. Lieliska izv\u0113le stil\u012bgai sievietei. Morgan\u012bta br\u012bnumainais sp\u0113ks \u2013 tas darbojas k\u0101 dv\u0113seles l\u012bdzsvara talismans. Tiek uzskat\u012bts, ka akmens piesaista veiksmi, pal\u012bdz atrast savu m\u012blest\u012bbu un atkl\u0101j apsl\u0113ptos talantus, sniedz pan\u0101kumus darb\u0101, rad\u012bt\u0101jiem \u2014 iedvesmu, tas ir m\u0101jas sarge\u0146\u0123elis. Morgan\u012bts pasarg\u0101 no negat\u012bvas ener\u0123\u0113tisk\u0101s ietekmes &#8211; l\u0101stiem vai skaud\u012bbas un pat no nelaimes gad\u012bjumiem. Morgan\u012bts ir piem\u0113rots vis\u0101m z\u012bm\u0113m, bet visvair\u0101k V\u0113rsim, Skorpionam, Ziv\u012bm un V\u0113\u017eiem, Str\u0113lniekiem, Lauv\u0101m, Dv\u012b\u0146iem, \u016adensv\u012bram, Svariem.<\/p>\n<p>\u2022 Auskaru zelts: 18 kar\u0101ti (750. prove) <\/p>\n<p>\u2022 Auskaru kr\u0101sa: sarkanais zelts <\/p>\n<p>\u2022 Auskaru svars: aptuveni 3,70 &#8211; 4,50 g <\/p>\n<p>\u2022 Dimanta veids: Dab\u012bgais dimants <\/p>\n<p>\u2022 Dimanta forma: Apa\u013ca forma (Round cut) <\/p>\n<p>\u2022 Dimanta raksturojums: 0,33 ct, kr\u0101sa G-H (RW-W); dzidrums SI <\/p>\n<p>\u2022 Centr\u0101lais akmens: taisnst\u016bra formas morgan\u012bti &#8211; 7.90 ct <\/p>\n<p>\u2022 Sertifik\u0101ts: Lietuvas Prove\u0161anas pal\u0101ta (LPR) <\/p>\n<p>\u2022 Auskaru izm\u0113ri: h:25,0 mm, w:10,7 mm, th:5,9 mm<\/p>\n<p>\u2022 Grav\u0113\u0161ana bez maksas <\/p>\n<p>\u2022 Vienreiz\u0113ja bezmaksas gredzena izm\u0113ra mai\u0146as garantija <\/p>\n<p>\u2022 Izgatavo\u0161anas un pieg\u0101des termi\u0146\u0161 no 21 darba dienas, steidzam\u012bbas k\u0101rt\u0101 3 d.d. laik\u0101 <\/p>\n<p><strong>Vai jums ir savs zelts? Sazinieties ar mums, m\u0113s p\u0101rr\u0113\u0137in\u0101sim cenu &#8211; j\u016bs maks\u0101siet tikai par auskaru izgatavo\u0161anu.<\/strong><\/p>\n","protected":false},"excerpt":{"rendered":"<p>Halo dizaina zelta auskari ar ang\u013cu aizdari, 7,90 kar\u0101tu taisnst\u016bra formas roz\u0101 morgan\u012btiem un dimantiem ap morgan\u012btu. Piem\u0113roti ikdienai un \u012bpa\u0161iem gad\u012bjumiem, izcilam stilam.<\/p>\n","protected":false},"featured_media":0,"template":"","meta":{"site-sidebar-layout":"","site-content-layout":"","ast-site-content-layout":"","site-content-style":"","site-sidebar-style":"","ast-global-header-display":"","ast-banner-title-visibility":"","ast-main-header-display":"","ast-hfb-above-header-display":"","ast-hfb-below-header-display":"","ast-hfb-mobile-header-display":"","site-post-title":"","ast-breadcrumbs-content":"","ast-featured-img":"","footer-sml-layout":"","ast-disable-related-posts":"","theme-transparent-header-meta":"","adv-header-id-meta":"","stick-header-meta":"","header-above-stick-meta":"","header-main-stick-meta":"","header-below-stick-meta":"","astra-migrate-meta-layouts":"default","ast-page-background-enabled":"default","ast-page-background-meta":{"desktop":{"background-color":"var(--ast-global-color-4)","background-image":"","background-repeat":"repeat","background-position":"center center","background-size":"auto","background-attachment":"scroll","background-type":"","background-media":"","overlay-type":"","overlay-color":"","overlay-opacity":"","overlay-gradient":""},"tablet":{"background-color":"","background-image":"","background-repeat":"repeat","background-position":"center center","background-size":"auto","background-attachment":"scroll","background-type":"","background-media":"","overlay-type":"","overlay-color":"","overlay-opacity":"","overlay-gradient":""},"mobile":{"background-color":"","background-image":"","background-repeat":"repeat","background-position":"center center","background-size":"auto","background-attachment":"scroll","background-type":"","background-media":"","overlay-type":"","overlay-color":"","overlay-opacity":"","overlay-gradient":""}},"ast-content-background-meta":{"desktop":{"background-color":"var(--ast-global-color-5)","background-image":"","background-repeat":"repeat","background-position":"center center","background-size":"auto","background-attachment":"scroll","background-type":"","background-media":"","overlay-type":"","overlay-color":"","overlay-opacity":"","overlay-gradient":""},"tablet":{"background-color":"var(--ast-global-color-5)","background-image":"","background-repeat":"repeat","background-position":"center center","background-size":"auto","background-attachment":"scroll","background-type":"","background-media":"","overlay-type":"","overlay-color":"","overlay-opacity":"","overlay-gradient":""},"mobile":{"background-color":"var(--ast-global-color-5)","background-image":"","background-repeat":"repeat","background-position":"center center","background-size":"auto","background-attachment":"scroll","background-type":"","background-media":"","overlay-type":"","overlay-color":"","overlay-opacity":"","overlay-gradient":""}}},"product_brand":[],"product_cat":[3572,2980,2978,2915,2913,2921,2920,3403,2916,2914,3042,3401,2922,2937,3386,3499,3498,3404,2936,2918],"product_tag":[],"class_list":{"0":"post-279205","1":"product","2":"type-product","3":"status-publish","5":"product_cat-auskari-ar-anglu-aizdari","6":"product_cat-auskari-ar-dargakmeniem","7":"product_cat-auskari-ar-dimantiem","8":"product_cat-davanas-berna-piedzimsanai","9":"product_cat-davanas-dzimsanas-diena","10":"product_cat-davanas-ipasiem-gadijumiem","11":"product_cat-davanas-izlaidumam","12":"product_cat-davanas-kazam","13":"product_cat-davanas-kazu-gadadiena","14":"product_cat-davanas-sievietem","15":"product_cat-juvelierizstradajumi","16":"product_cat-kristibu-davanas","17":"product_cat-mates-dienas-davanas","18":"product_cat-rotaslietas-ar-pusdargakmeniem","19":"product_cat-rotaslietas-ar-roza-dargakmeniem","20":"product_cat-roza-kazas-10-gadi","21":"product_cat-roza-krasas-dargakmeni","22":"product_cat-svinigi-auskari","23":"product_cat-valentindienas-davanas","24":"product_cat-ziemassvetku-davanas","25":"desktop-align-center","26":"tablet-align-left","27":"mobile-align-left","28":"ast-product-gallery-layout-horizontal-slider","29":"ast-product-gallery-with-no-image","30":"ast-product-tabs-layout-accordion","31":"ast-qv-on-image","33":"first","34":"instock","35":"taxable","36":"shipping-taxable","37":"purchasable","38":"product-type-simple"},"yoast_head":"<!-- This site is optimized with the Yoast SEO plugin v26.6 - https:\/\/yoast.com\/wordpress\/plugins\/seo\/ -->\n<title>Auskari ar dimantiem un morgan\u012btiem (8.23 ct)<\/title>\n<meta name=\"description\" content=\"Halo dizaina auskari ar ang\u013cu aizdari, 7,90 kar\u0101tu taisnst\u016bra formas morgan\u012btiem un dimantiem. Piem\u0113roti ikdienai un \u012bpa\u0161iem gad\u012bjumiem.\" \/>\n<meta name=\"robots\" content=\"index, follow, max-snippet:-1, max-image-preview:large, max-video-preview:-1\" \/>\n<link rel=\"canonical\" href=\"https:\/\/fashiongold.lt\/lv\/papuosalas\/morganiti-auskari-ar-dimantiem-un-taisnstura-formas-morganitiem-8-23-ct\/\" \/>\n<meta property=\"og:locale\" content=\"lv_LV\" \/>\n<meta property=\"og:type\" content=\"article\" \/>\n<meta property=\"og:title\" content=\"Auskari ar dimantiem un morgan\u012btiem (8.23 ct)\" \/>\n<meta property=\"og:description\" content=\"Halo dizaina auskari ar ang\u013cu aizdari, 7,90 kar\u0101tu taisnst\u016bra formas morgan\u012btiem un dimantiem. Piem\u0113roti ikdienai un \u012bpa\u0161iem gad\u012bjumiem.\" \/>\n<meta property=\"og:url\" content=\"https:\/\/fashiongold.lt\/lv\/papuosalas\/morganiti-auskari-ar-dimantiem-un-taisnstura-formas-morganitiem-8-23-ct\/\" \/>\n<meta property=\"og:site_name\" content=\"FashionGold.lt\" \/>\n<meta name=\"twitter:card\" content=\"summary_large_image\" \/>\n<meta name=\"twitter:label1\" content=\"Est. reading time\" \/>\n\t<meta name=\"twitter:data1\" content=\"1 minute\" \/>\n<script type=\"application\/ld+json\" class=\"yoast-schema-graph\">{\"@context\":\"https:\/\/schema.org\",\"@graph\":[{\"@type\":\"WebPage\",\"@id\":\"https:\/\/fashiongold.lt\/lv\/papuosalas\/morganiti-auskari-ar-dimantiem-un-taisnstura-formas-morganitiem-8-23-ct\/\",\"url\":\"https:\/\/fashiongold.lt\/lv\/papuosalas\/morganiti-auskari-ar-dimantiem-un-taisnstura-formas-morganitiem-8-23-ct\/\",\"name\":\"Auskari ar dimantiem un morgan\u012btiem (8.23 ct)\",\"isPartOf\":{\"@id\":\"https:\/\/fashiongold.lt\/lv\/#website\"},\"datePublished\":\"2025-10-23T07:39:24+00:00\",\"description\":\"Halo dizaina auskari ar ang\u013cu aizdari, 7,90 kar\u0101tu taisnst\u016bra formas morgan\u012btiem un dimantiem. Piem\u0113roti ikdienai un \u012bpa\u0161iem gad\u012bjumiem.\",\"breadcrumb\":{\"@id\":\"https:\/\/fashiongold.lt\/lv\/papuosalas\/morganiti-auskari-ar-dimantiem-un-taisnstura-formas-morganitiem-8-23-ct\/#breadcrumb\"},\"inLanguage\":\"lv-LV\",\"potentialAction\":[{\"@type\":\"ReadAction\",\"target\":[\"https:\/\/fashiongold.lt\/lv\/papuosalas\/morganiti-auskari-ar-dimantiem-un-taisnstura-formas-morganitiem-8-23-ct\/\"]}]},{\"@type\":\"BreadcrumbList\",\"@id\":\"https:\/\/fashiongold.lt\/lv\/papuosalas\/morganiti-auskari-ar-dimantiem-un-taisnstura-formas-morganitiem-8-23-ct\/#breadcrumb\",\"itemListElement\":[{\"@type\":\"ListItem\",\"position\":1,\"name\":\"Home\",\"item\":\"https:\/\/fashiongold.lt\/lv\/\"},{\"@type\":\"ListItem\",\"position\":2,\"name\":\"Dimantu veikals Fashiongold.lt\",\"item\":\"https:\/\/fashiongold.lt\/shop-2\/\"},{\"@type\":\"ListItem\",\"position\":3,\"name\":\"Morgan\u012bti &#8211; auskari ar dimantiem un taisnst\u016bra formas morgan\u012btiem (8.23 ct)\"}]},{\"@type\":\"WebSite\",\"@id\":\"https:\/\/fashiongold.lt\/lv\/#website\",\"url\":\"https:\/\/fashiongold.lt\/lv\/\",\"name\":\"Fashion Gold\",\"description\":\"Juvelyrikos namai\",\"publisher\":{\"@id\":\"https:\/\/fashiongold.lt\/lv\/#organization\"},\"potentialAction\":[{\"@type\":\"SearchAction\",\"target\":{\"@type\":\"EntryPoint\",\"urlTemplate\":\"https:\/\/fashiongold.lt\/lv\/?s={search_term_string}\"},\"query-input\":{\"@type\":\"PropertyValueSpecification\",\"valueRequired\":true,\"valueName\":\"search_term_string\"}}],\"inLanguage\":\"lv-LV\"},{\"@type\":\"Organization\",\"@id\":\"https:\/\/fashiongold.lt\/lv\/#organization\",\"name\":\"Topdiamonds Online\",\"url\":\"https:\/\/fashiongold.lt\/lv\/\",\"logo\":{\"@type\":\"ImageObject\",\"inLanguage\":\"lv-LV\",\"@id\":\"https:\/\/fashiongold.lt\/lv\/#\/schema\/logo\/image\/\",\"url\":\"https:\/\/fashiongold.lt\/wp-content\/uploads\/2025\/04\/cropped-fashion_gold_logotipas2-scaled-1.png\",\"contentUrl\":\"https:\/\/fashiongold.lt\/wp-content\/uploads\/2025\/04\/cropped-fashion_gold_logotipas2-scaled-1.png\",\"width\":2559,\"height\":421,\"caption\":\"Topdiamonds Online\"},\"image\":{\"@id\":\"https:\/\/fashiongold.lt\/lv\/#\/schema\/logo\/image\/\"}}]}<\/script>\n<!-- \/ Yoast SEO plugin. -->","yoast_head_json":{"title":"Auskari ar dimantiem un morgan\u012btiem (8.23 ct)","description":"Halo dizaina auskari ar ang\u013cu aizdari, 7,90 kar\u0101tu taisnst\u016bra formas morgan\u012btiem un dimantiem. Piem\u0113roti ikdienai un \u012bpa\u0161iem gad\u012bjumiem.","robots":{"index":"index","follow":"follow","max-snippet":"max-snippet:-1","max-image-preview":"max-image-preview:large","max-video-preview":"max-video-preview:-1"},"canonical":"https:\/\/fashiongold.lt\/lv\/papuosalas\/morganiti-auskari-ar-dimantiem-un-taisnstura-formas-morganitiem-8-23-ct\/","og_locale":"lv_LV","og_type":"article","og_title":"Auskari ar dimantiem un morgan\u012btiem (8.23 ct)","og_description":"Halo dizaina auskari ar ang\u013cu aizdari, 7,90 kar\u0101tu taisnst\u016bra formas morgan\u012btiem un dimantiem. Piem\u0113roti ikdienai un \u012bpa\u0161iem gad\u012bjumiem.","og_url":"https:\/\/fashiongold.lt\/lv\/papuosalas\/morganiti-auskari-ar-dimantiem-un-taisnstura-formas-morganitiem-8-23-ct\/","og_site_name":"FashionGold.lt","twitter_card":"summary_large_image","twitter_misc":{"Est. reading time":"1 minute"},"schema":{"@context":"https:\/\/schema.org","@graph":[{"@type":"WebPage","@id":"https:\/\/fashiongold.lt\/lv\/papuosalas\/morganiti-auskari-ar-dimantiem-un-taisnstura-formas-morganitiem-8-23-ct\/","url":"https:\/\/fashiongold.lt\/lv\/papuosalas\/morganiti-auskari-ar-dimantiem-un-taisnstura-formas-morganitiem-8-23-ct\/","name":"Auskari ar dimantiem un morgan\u012btiem (8.23 ct)","isPartOf":{"@id":"https:\/\/fashiongold.lt\/lv\/#website"},"datePublished":"2025-10-23T07:39:24+00:00","description":"Halo dizaina auskari ar ang\u013cu aizdari, 7,90 kar\u0101tu taisnst\u016bra formas morgan\u012btiem un dimantiem. Piem\u0113roti ikdienai un \u012bpa\u0161iem gad\u012bjumiem.","breadcrumb":{"@id":"https:\/\/fashiongold.lt\/lv\/papuosalas\/morganiti-auskari-ar-dimantiem-un-taisnstura-formas-morganitiem-8-23-ct\/#breadcrumb"},"inLanguage":"lv-LV","potentialAction":[{"@type":"ReadAction","target":["https:\/\/fashiongold.lt\/lv\/papuosalas\/morganiti-auskari-ar-dimantiem-un-taisnstura-formas-morganitiem-8-23-ct\/"]}]},{"@type":"BreadcrumbList","@id":"https:\/\/fashiongold.lt\/lv\/papuosalas\/morganiti-auskari-ar-dimantiem-un-taisnstura-formas-morganitiem-8-23-ct\/#breadcrumb","itemListElement":[{"@type":"ListItem","position":1,"name":"Home","item":"https:\/\/fashiongold.lt\/lv\/"},{"@type":"ListItem","position":2,"name":"Dimantu veikals Fashiongold.lt","item":"https:\/\/fashiongold.lt\/shop-2\/"},{"@type":"ListItem","position":3,"name":"Morgan\u012bti &#8211; auskari ar dimantiem un taisnst\u016bra formas morgan\u012btiem (8.23 ct)"}]},{"@type":"WebSite","@id":"https:\/\/fashiongold.lt\/lv\/#website","url":"https:\/\/fashiongold.lt\/lv\/","name":"Fashion Gold","description":"Juvelyrikos namai","publisher":{"@id":"https:\/\/fashiongold.lt\/lv\/#organization"},"potentialAction":[{"@type":"SearchAction","target":{"@type":"EntryPoint","urlTemplate":"https:\/\/fashiongold.lt\/lv\/?s={search_term_string}"},"query-input":{"@type":"PropertyValueSpecification","valueRequired":true,"valueName":"search_term_string"}}],"inLanguage":"lv-LV"},{"@type":"Organization","@id":"https:\/\/fashiongold.lt\/lv\/#organization","name":"Topdiamonds Online","url":"https:\/\/fashiongold.lt\/lv\/","logo":{"@type":"ImageObject","inLanguage":"lv-LV","@id":"https:\/\/fashiongold.lt\/lv\/#\/schema\/logo\/image\/","url":"https:\/\/fashiongold.lt\/wp-content\/uploads\/2025\/04\/cropped-fashion_gold_logotipas2-scaled-1.png","contentUrl":"https:\/\/fashiongold.lt\/wp-content\/uploads\/2025\/04\/cropped-fashion_gold_logotipas2-scaled-1.png","width":2559,"height":421,"caption":"Topdiamonds Online"},"image":{"@id":"https:\/\/fashiongold.lt\/lv\/#\/schema\/logo\/image\/"}}]}},"_links":{"self":[{"href":"https:\/\/fashiongold.lt\/lv\/wp-json\/wp\/v2\/product\/279205","targetHints":{"allow":["GET"]}}],"collection":[{"href":"https:\/\/fashiongold.lt\/lv\/wp-json\/wp\/v2\/product"}],"about":[{"href":"https:\/\/fashiongold.lt\/lv\/wp-json\/wp\/v2\/types\/product"}],"version-history":[{"count":0,"href":"https:\/\/fashiongold.lt\/lv\/wp-json\/wp\/v2\/product\/279205\/revisions"}],"wp:attachment":[{"href":"https:\/\/fashiongold.lt\/lv\/wp-json\/wp\/v2\/media?parent=279205"}],"wp:term":[{"taxonomy":"product_brand","embeddable":true,"href":"https:\/\/fashiongold.lt\/lv\/wp-json\/wp\/v2\/product_brand?post=279205"},{"taxonomy":"product_cat","embeddable":true,"href":"https:\/\/fashiongold.lt\/lv\/wp-json\/wp\/v2\/product_cat?post=279205"},{"taxonomy":"product_tag","embeddable":true,"href":"https:\/\/fashiongold.lt\/lv\/wp-json\/wp\/v2\/product_tag?post=279205"}],"curies":[{"name":"wp","href":"https:\/\/api.w.org\/{rel}","templated":true}]}}