{"id":279705,"date":"2025-10-23T09:26:14","date_gmt":"2025-10-23T09:26:14","guid":{"rendered":"https:\/\/fashiongold.lt\/papuosalas\/laimi-nesosa-sarkana-diega-rokasspradze-ar-dimantu-001-ct-minimalistiska-sarkana-zelta-detala\/"},"modified":"2026-02-11T20:32:42","modified_gmt":"2026-02-11T20:32:42","slug":"laimi-nesosa-sarkana-diega-rokasspradze-ar-dimantu-001-ct-minimalistiska-sarkana-zelta-detala","status":"publish","type":"product","link":"https:\/\/fashiongold.lt\/lv\/papuosalas\/laimi-nesosa-sarkana-diega-rokasspradze-ar-dimantu-001-ct-minimalistiska-sarkana-zelta-detala\/","title":{"rendered":"Laimi neso\u0161a sarkan\u0101 diega rokasspr\u0101dze ar dimantu 0,01 ct (minim\u0101listiska sarkan\u0101 zelta deta\u013ca)"},"content":{"rendered":"<h2 class=\"p1\">Laimi neso\u0161a sarkan\u0101 diega rokasspr\u0101dze ar dimantu (minim\u0101listiska sarkan\u0101 zelta deta\u013ca)<\/h2>\n<h3>Sarkan\u0101 diega rokasspr\u0101dze ar sarkan\u0101 zelta deta\u013cu un 0,01 kar\u0101tu dimantu. Sv\u0113tku iepakojums grezn\u0101 rotaslietu k\u0101rbi\u0146\u0101 un maisi\u0146\u0101 &#8211; BEZ MAKSAS<\/h3>\n<p class=\"p1\">Ma\u0123isks sarkanais diegs pret \u013caunu aci, kas nes laimi un piepilda v\u0113lmes. Piem\u0113rots gan v\u012brie\u0161iem, gan sieviet\u0113m vai b\u0113rniem, krist\u012bbu gad\u012bjum\u0101. <span style=\"font-size: 11px;\">Izm\u0113rs ir regul\u0113jams uzsienot. Rokasspr\u0101dzi rot\u0101 un par t\u0101s izteiksm\u012bgu akcentu kalpo 0,01 ct \u012bsts briljants, kas iestat\u012bts 585 proves balt\u0101 zelta ietvar\u0101. Ra\u017eots Lietuv\u0101.<\/span><\/p>\n<p class=\"p1\">Sarkan\u0101 diega rokasspr\u0101dze var tikt izgatavota p\u0113c pas\u016bt\u012bjuma: par papildu samaksu ar augst\u0101kas kvalit\u0101tes dimantiem.<\/p>\n<p class=\"p1\">\u2022 Rokasspr\u0101dzes zelta deta\u013cas met\u0101ls: 14K (585 prove), varam izgatavot no 10K (375 prove), 18K (750 prove), 950 plat\u012bna<\/p>\n<p class=\"p1\">\u2022 Rokasspr\u0101dzes zelta deta\u013cas kr\u0101sa: sarkanais zelts, varam izgatavot ar\u012b no dzelten\u0101 zelta vai balt\u0101 zelta<\/p>\n<p class=\"p1\">\u2022 Rokasspr\u0101dzes zelta deta\u013cas svars (atkar\u012bgs no izm\u0113ra): aptuveni 0,15 g &#8211; 0,20 g<\/p>\n<p class=\"p1\">\u2022 Rokasspr\u0101dzes zelta deta\u013cas izm\u0113ri \u2013 2 mm, briljanta izm\u0113rs \u2013 1,35 mm.<\/p>\n<p class=\"p1\">\u2022 Dimanta tips: Dab\u012bgs dimants<\/p>\n<p class=\"p1\">\u2022 Dimanta forma: Apa\u013ca forma (Round cut)<\/p>\n<p class=\"p1\">\u2022 Dimanta raksturojums: 0,01 ct (kr\u0101sa G-H, dzidrums SI) (iesp\u0113jams main\u012bt)<\/p>\n<p class=\"p1\">\u2022 Dimanta sertifik\u0101ts: Lietuvas Prove\u0161anas pal\u0101ta (LPR)<\/p>\n<p class=\"p1\">\u2022 Sv\u0113tku iepakojums grezn\u0101 rotaslietu k\u0101rbi\u0146\u0101 un maisi\u0146\u0101 &#8211; BEZ MAKSAS.<\/p>\n<p class=\"p1\"><strong>Jums ir savs d\u0101rgakmens? Sazinieties ar mums, m\u0113s p\u0101rr\u0113\u0137in\u0101sim cenu &#8211; maks\u0101siet tikai par d\u0101rgakmens iestat\u012b\u0161anu.<\/strong><\/p>\n","protected":false},"excerpt":{"rendered":"<p>Amulets, kas ne tikai aizsarg\u0101 pret \u013caunu aci, bet ar\u012b nes laimi un piepilda v\u0113l\u0113\u0161an\u0101s. \u0160is ma\u0123iskais sarkanais pavediens ar sarkan\u0101 zelta deta\u013cu ir unik\u0101ls aksesu\u0101rs, kas piem\u0113rots gan v\u012brie\u0161iem, gan sieviet\u0113m un b\u0113rniem. Lieliska izv\u0113le d\u0101vanai dzim\u0161anas dien\u0101, pirmaj\u0101 kom\u016bnij\u0101, krist\u012bb\u0101s vai citos \u012bpa\u0161os gad\u012bjumos. Katrs pavediens tiek pieg\u0101d\u0101ts ekskluz\u012bv\u0101 bezmaksas iepakojum\u0101, kas pie\u0161\u0137ir \u012bpa\u0161u un greznu saj\u016btu.<\/p>\n","protected":false},"featured_media":243075,"template":"","meta":{"site-sidebar-layout":"default","site-content-layout":"","ast-site-content-layout":"default","site-content-style":"default","site-sidebar-style":"default","ast-global-header-display":"","ast-banner-title-visibility":"","ast-main-header-display":"","ast-hfb-above-header-display":"","ast-hfb-below-header-display":"","ast-hfb-mobile-header-display":"","site-post-title":"","ast-breadcrumbs-content":"","ast-featured-img":"","footer-sml-layout":"","ast-disable-related-posts":"","theme-transparent-header-meta":"default","adv-header-id-meta":"","stick-header-meta":"","header-above-stick-meta":"","header-main-stick-meta":"","header-below-stick-meta":"","astra-migrate-meta-layouts":"default","ast-page-background-enabled":"default","ast-page-background-meta":{"desktop":{"background-color":"var(--ast-global-color-4)","background-image":"","background-repeat":"repeat","background-position":"center center","background-size":"auto","background-attachment":"scroll","background-type":"","background-media":"","overlay-type":"","overlay-color":"","overlay-opacity":"","overlay-gradient":""},"tablet":{"background-color":"","background-image":"","background-repeat":"repeat","background-position":"center center","background-size":"auto","background-attachment":"scroll","background-type":"","background-media":"","overlay-type":"","overlay-color":"","overlay-opacity":"","overlay-gradient":""},"mobile":{"background-color":"","background-image":"","background-repeat":"repeat","background-position":"center center","background-size":"auto","background-attachment":"scroll","background-type":"","background-media":"","overlay-type":"","overlay-color":"","overlay-opacity":"","overlay-gradient":""}},"ast-content-background-meta":{"desktop":{"background-color":"var(--ast-global-color-5)","background-image":"","background-repeat":"repeat","background-position":"center center","background-size":"auto","background-attachment":"scroll","background-type":"","background-media":"","overlay-type":"","overlay-color":"","overlay-opacity":"","overlay-gradient":""},"tablet":{"background-color":"var(--ast-global-color-5)","background-image":"","background-repeat":"repeat","background-position":"center center","background-size":"auto","background-attachment":"scroll","background-type":"","background-media":"","overlay-type":"","overlay-color":"","overlay-opacity":"","overlay-gradient":""},"mobile":{"background-color":"var(--ast-global-color-5)","background-image":"","background-repeat":"repeat","background-position":"center center","background-size":"auto","background-attachment":"scroll","background-type":"","background-media":"","overlay-type":"","overlay-color":"","overlay-opacity":"","overlay-gradient":""}}},"product_brand":[],"product_cat":[2919,3406,2915,2913,2921,2920,3403,2916,2914,2917,3042,3401,2922,3557,2936,2918],"product_tag":[],"class_list":{"0":"post-279705","1":"product","2":"type-product","3":"status-publish","4":"has-post-thumbnail","6":"product_cat-baltzelta-rotaslietas","7":"product_cat-davana-pirmaja-komunija","8":"product_cat-davanas-berna-piedzimsanai","9":"product_cat-davanas-dzimsanas-diena","10":"product_cat-davanas-ipasiem-gadijumiem","11":"product_cat-davanas-izlaidumam","12":"product_cat-davanas-kazam","13":"product_cat-davanas-kazu-gadadiena","14":"product_cat-davanas-sievietem","15":"product_cat-davanas-viriesiem","16":"product_cat-juvelierizstradajumi","17":"product_cat-kristibu-davanas","18":"product_cat-mates-dienas-davanas","19":"product_cat-sarkana-diega-rokasspradzes","20":"product_cat-valentindienas-davanas","21":"product_cat-ziemassvetku-davanas","22":"desktop-align-center","23":"tablet-align-left","24":"mobile-align-left","25":"ast-product-gallery-layout-horizontal-slider","26":"ast-product-single-variable","27":"ast-product-tabs-layout-accordion","28":"ast-qv-on-image","30":"first","31":"instock","32":"taxable","33":"shipping-taxable","34":"purchasable","35":"product-type-variable"},"yoast_head":"<!-- This site is optimized with the Yoast SEO plugin v26.6 - https:\/\/yoast.com\/wordpress\/plugins\/seo\/ -->\n<title>Laimi neso\u0161a sarkan\u0101 diega aproce ar dimantu. Sarkanais zelts.<\/title>\n<meta name=\"description\" content=\"Sarkans diegs - rokasspr\u0101dze ar sarkan\u0101 zelta deta\u013cu un 0,01 kar\u0101ta dimantu pret \u013caunu aci, kas nes laimi un piepilda v\u0113lmes. Lieliska d\u0101vana \u012bpa\u0161os gad\u012bjumos.\" \/>\n<meta name=\"robots\" content=\"index, follow, max-snippet:-1, max-image-preview:large, max-video-preview:-1\" \/>\n<link rel=\"canonical\" href=\"https:\/\/fashiongold.lt\/lv\/papuosalas\/laimi-nesosa-sarkana-diega-rokasspradze-ar-dimantu-001-ct-minimalistiska-sarkana-zelta-detala\/\" \/>\n<meta property=\"og:locale\" content=\"lv_LV\" \/>\n<meta property=\"og:type\" content=\"article\" \/>\n<meta property=\"og:title\" content=\"Laimi neso\u0161a sarkan\u0101 diega aproce ar dimantu. Sarkanais zelts.\" \/>\n<meta property=\"og:description\" content=\"Sarkans diegs - rokasspr\u0101dze ar sarkan\u0101 zelta deta\u013cu un 0,01 kar\u0101ta dimantu pret \u013caunu aci, kas nes laimi un piepilda v\u0113lmes. Lieliska d\u0101vana \u012bpa\u0161os gad\u012bjumos.\" \/>\n<meta property=\"og:url\" content=\"https:\/\/fashiongold.lt\/lv\/papuosalas\/laimi-nesosa-sarkana-diega-rokasspradze-ar-dimantu-001-ct-minimalistiska-sarkana-zelta-detala\/\" \/>\n<meta property=\"og:site_name\" content=\"FashionGold.lt\" \/>\n<meta property=\"article:modified_time\" content=\"2026-02-11T20:32:42+00:00\" \/>\n<meta property=\"og:image\" content=\"https:\/\/fashiongold.lt\/wp-content\/uploads\/2025\/10\/23869-765-Laime-nesantis-raudonas-siulas-apyranke-su-deimantu-001-ct-minimalistine-raudono-aukso-detale.webp\" \/>\n\t<meta property=\"og:image:width\" content=\"1000\" \/>\n\t<meta property=\"og:image:height\" content=\"1000\" \/>\n\t<meta property=\"og:image:type\" content=\"image\/png\" \/>\n<meta name=\"twitter:card\" content=\"summary_large_image\" \/>\n<meta name=\"twitter:label1\" content=\"Est. reading time\" \/>\n\t<meta name=\"twitter:data1\" content=\"1 minute\" \/>\n<script type=\"application\/ld+json\" class=\"yoast-schema-graph\">{\"@context\":\"https:\/\/schema.org\",\"@graph\":[{\"@type\":\"WebPage\",\"@id\":\"https:\/\/fashiongold.lt\/lv\/papuosalas\/laimi-nesosa-sarkana-diega-rokasspradze-ar-dimantu-001-ct-minimalistiska-sarkana-zelta-detala\/\",\"url\":\"https:\/\/fashiongold.lt\/lv\/papuosalas\/laimi-nesosa-sarkana-diega-rokasspradze-ar-dimantu-001-ct-minimalistiska-sarkana-zelta-detala\/\",\"name\":\"Laimi neso\u0161a sarkan\u0101 diega aproce ar dimantu. Sarkanais zelts.\",\"isPartOf\":{\"@id\":\"https:\/\/fashiongold.lt\/lv\/#website\"},\"primaryImageOfPage\":{\"@id\":\"https:\/\/fashiongold.lt\/lv\/papuosalas\/laimi-nesosa-sarkana-diega-rokasspradze-ar-dimantu-001-ct-minimalistiska-sarkana-zelta-detala\/#primaryimage\"},\"image\":{\"@id\":\"https:\/\/fashiongold.lt\/lv\/papuosalas\/laimi-nesosa-sarkana-diega-rokasspradze-ar-dimantu-001-ct-minimalistiska-sarkana-zelta-detala\/#primaryimage\"},\"thumbnailUrl\":\"https:\/\/fashiongold.lt\/wp-content\/uploads\/2025\/10\/23869-765-Laime-nesantis-raudonas-siulas-apyranke-su-deimantu-001-ct-minimalistine-raudono-aukso-detale.png\",\"datePublished\":\"2025-10-23T09:26:14+00:00\",\"dateModified\":\"2026-02-11T20:32:42+00:00\",\"description\":\"Sarkans diegs - rokasspr\u0101dze ar sarkan\u0101 zelta deta\u013cu un 0,01 kar\u0101ta dimantu pret \u013caunu aci, kas nes laimi un piepilda v\u0113lmes. Lieliska d\u0101vana \u012bpa\u0161os gad\u012bjumos.\",\"breadcrumb\":{\"@id\":\"https:\/\/fashiongold.lt\/lv\/papuosalas\/laimi-nesosa-sarkana-diega-rokasspradze-ar-dimantu-001-ct-minimalistiska-sarkana-zelta-detala\/#breadcrumb\"},\"inLanguage\":\"lv-LV\",\"potentialAction\":[{\"@type\":\"ReadAction\",\"target\":[\"https:\/\/fashiongold.lt\/lv\/papuosalas\/laimi-nesosa-sarkana-diega-rokasspradze-ar-dimantu-001-ct-minimalistiska-sarkana-zelta-detala\/\"]}]},{\"@type\":\"ImageObject\",\"inLanguage\":\"lv-LV\",\"@id\":\"https:\/\/fashiongold.lt\/lv\/papuosalas\/laimi-nesosa-sarkana-diega-rokasspradze-ar-dimantu-001-ct-minimalistiska-sarkana-zelta-detala\/#primaryimage\",\"url\":\"https:\/\/fashiongold.lt\/wp-content\/uploads\/2025\/10\/23869-765-Laime-nesantis-raudonas-siulas-apyranke-su-deimantu-001-ct-minimalistine-raudono-aukso-detale.png\",\"contentUrl\":\"https:\/\/fashiongold.lt\/wp-content\/uploads\/2025\/10\/23869-765-Laime-nesantis-raudonas-siulas-apyranke-su-deimantu-001-ct-minimalistine-raudono-aukso-detale.png\",\"width\":1000,\"height\":1000},{\"@type\":\"BreadcrumbList\",\"@id\":\"https:\/\/fashiongold.lt\/lv\/papuosalas\/laimi-nesosa-sarkana-diega-rokasspradze-ar-dimantu-001-ct-minimalistiska-sarkana-zelta-detala\/#breadcrumb\",\"itemListElement\":[{\"@type\":\"ListItem\",\"position\":1,\"name\":\"Home\",\"item\":\"https:\/\/fashiongold.lt\/lv\/\"},{\"@type\":\"ListItem\",\"position\":2,\"name\":\"Dimantu veikals Fashiongold.lt\",\"item\":\"https:\/\/fashiongold.lt\/shop-2\/\"},{\"@type\":\"ListItem\",\"position\":3,\"name\":\"Laimi neso\u0161a sarkan\u0101 diega rokasspr\u0101dze ar dimantu 0,01 ct (minim\u0101listiska sarkan\u0101 zelta deta\u013ca)\"}]},{\"@type\":\"WebSite\",\"@id\":\"https:\/\/fashiongold.lt\/lv\/#website\",\"url\":\"https:\/\/fashiongold.lt\/lv\/\",\"name\":\"Fashion Gold\",\"description\":\"Juvelyrikos namai\",\"publisher\":{\"@id\":\"https:\/\/fashiongold.lt\/lv\/#organization\"},\"potentialAction\":[{\"@type\":\"SearchAction\",\"target\":{\"@type\":\"EntryPoint\",\"urlTemplate\":\"https:\/\/fashiongold.lt\/lv\/?s={search_term_string}\"},\"query-input\":{\"@type\":\"PropertyValueSpecification\",\"valueRequired\":true,\"valueName\":\"search_term_string\"}}],\"inLanguage\":\"lv-LV\"},{\"@type\":\"Organization\",\"@id\":\"https:\/\/fashiongold.lt\/lv\/#organization\",\"name\":\"Topdiamonds Online\",\"url\":\"https:\/\/fashiongold.lt\/lv\/\",\"logo\":{\"@type\":\"ImageObject\",\"inLanguage\":\"lv-LV\",\"@id\":\"https:\/\/fashiongold.lt\/lv\/#\/schema\/logo\/image\/\",\"url\":\"https:\/\/fashiongold.lt\/wp-content\/uploads\/2025\/04\/cropped-fashion_gold_logotipas2-scaled-1.png\",\"contentUrl\":\"https:\/\/fashiongold.lt\/wp-content\/uploads\/2025\/04\/cropped-fashion_gold_logotipas2-scaled-1.png\",\"width\":2559,\"height\":421,\"caption\":\"Topdiamonds Online\"},\"image\":{\"@id\":\"https:\/\/fashiongold.lt\/lv\/#\/schema\/logo\/image\/\"}}]}<\/script>\n<!-- \/ Yoast SEO plugin. -->","yoast_head_json":{"title":"Laimi neso\u0161a sarkan\u0101 diega aproce ar dimantu. Sarkanais zelts.","description":"Sarkans diegs - rokasspr\u0101dze ar sarkan\u0101 zelta deta\u013cu un 0,01 kar\u0101ta dimantu pret \u013caunu aci, kas nes laimi un piepilda v\u0113lmes. Lieliska d\u0101vana \u012bpa\u0161os gad\u012bjumos.","robots":{"index":"index","follow":"follow","max-snippet":"max-snippet:-1","max-image-preview":"max-image-preview:large","max-video-preview":"max-video-preview:-1"},"canonical":"https:\/\/fashiongold.lt\/lv\/papuosalas\/laimi-nesosa-sarkana-diega-rokasspradze-ar-dimantu-001-ct-minimalistiska-sarkana-zelta-detala\/","og_locale":"lv_LV","og_type":"article","og_title":"Laimi neso\u0161a sarkan\u0101 diega aproce ar dimantu. Sarkanais zelts.","og_description":"Sarkans diegs - rokasspr\u0101dze ar sarkan\u0101 zelta deta\u013cu un 0,01 kar\u0101ta dimantu pret \u013caunu aci, kas nes laimi un piepilda v\u0113lmes. Lieliska d\u0101vana \u012bpa\u0161os gad\u012bjumos.","og_url":"https:\/\/fashiongold.lt\/lv\/papuosalas\/laimi-nesosa-sarkana-diega-rokasspradze-ar-dimantu-001-ct-minimalistiska-sarkana-zelta-detala\/","og_site_name":"FashionGold.lt","article_modified_time":"2026-02-11T20:32:42+00:00","og_image":[{"width":1000,"height":1000,"url":"https:\/\/fashiongold.lt\/wp-content\/uploads\/2025\/10\/23869-765-Laime-nesantis-raudonas-siulas-apyranke-su-deimantu-001-ct-minimalistine-raudono-aukso-detale.webp","type":"image\/png"}],"twitter_card":"summary_large_image","twitter_misc":{"Est. reading time":"1 minute"},"schema":{"@context":"https:\/\/schema.org","@graph":[{"@type":"WebPage","@id":"https:\/\/fashiongold.lt\/lv\/papuosalas\/laimi-nesosa-sarkana-diega-rokasspradze-ar-dimantu-001-ct-minimalistiska-sarkana-zelta-detala\/","url":"https:\/\/fashiongold.lt\/lv\/papuosalas\/laimi-nesosa-sarkana-diega-rokasspradze-ar-dimantu-001-ct-minimalistiska-sarkana-zelta-detala\/","name":"Laimi neso\u0161a sarkan\u0101 diega aproce ar dimantu. Sarkanais zelts.","isPartOf":{"@id":"https:\/\/fashiongold.lt\/lv\/#website"},"primaryImageOfPage":{"@id":"https:\/\/fashiongold.lt\/lv\/papuosalas\/laimi-nesosa-sarkana-diega-rokasspradze-ar-dimantu-001-ct-minimalistiska-sarkana-zelta-detala\/#primaryimage"},"image":{"@id":"https:\/\/fashiongold.lt\/lv\/papuosalas\/laimi-nesosa-sarkana-diega-rokasspradze-ar-dimantu-001-ct-minimalistiska-sarkana-zelta-detala\/#primaryimage"},"thumbnailUrl":"https:\/\/fashiongold.lt\/wp-content\/uploads\/2025\/10\/23869-765-Laime-nesantis-raudonas-siulas-apyranke-su-deimantu-001-ct-minimalistine-raudono-aukso-detale.png","datePublished":"2025-10-23T09:26:14+00:00","dateModified":"2026-02-11T20:32:42+00:00","description":"Sarkans diegs - rokasspr\u0101dze ar sarkan\u0101 zelta deta\u013cu un 0,01 kar\u0101ta dimantu pret \u013caunu aci, kas nes laimi un piepilda v\u0113lmes. Lieliska d\u0101vana \u012bpa\u0161os gad\u012bjumos.","breadcrumb":{"@id":"https:\/\/fashiongold.lt\/lv\/papuosalas\/laimi-nesosa-sarkana-diega-rokasspradze-ar-dimantu-001-ct-minimalistiska-sarkana-zelta-detala\/#breadcrumb"},"inLanguage":"lv-LV","potentialAction":[{"@type":"ReadAction","target":["https:\/\/fashiongold.lt\/lv\/papuosalas\/laimi-nesosa-sarkana-diega-rokasspradze-ar-dimantu-001-ct-minimalistiska-sarkana-zelta-detala\/"]}]},{"@type":"ImageObject","inLanguage":"lv-LV","@id":"https:\/\/fashiongold.lt\/lv\/papuosalas\/laimi-nesosa-sarkana-diega-rokasspradze-ar-dimantu-001-ct-minimalistiska-sarkana-zelta-detala\/#primaryimage","url":"https:\/\/fashiongold.lt\/wp-content\/uploads\/2025\/10\/23869-765-Laime-nesantis-raudonas-siulas-apyranke-su-deimantu-001-ct-minimalistine-raudono-aukso-detale.png","contentUrl":"https:\/\/fashiongold.lt\/wp-content\/uploads\/2025\/10\/23869-765-Laime-nesantis-raudonas-siulas-apyranke-su-deimantu-001-ct-minimalistine-raudono-aukso-detale.png","width":1000,"height":1000},{"@type":"BreadcrumbList","@id":"https:\/\/fashiongold.lt\/lv\/papuosalas\/laimi-nesosa-sarkana-diega-rokasspradze-ar-dimantu-001-ct-minimalistiska-sarkana-zelta-detala\/#breadcrumb","itemListElement":[{"@type":"ListItem","position":1,"name":"Home","item":"https:\/\/fashiongold.lt\/lv\/"},{"@type":"ListItem","position":2,"name":"Dimantu veikals Fashiongold.lt","item":"https:\/\/fashiongold.lt\/shop-2\/"},{"@type":"ListItem","position":3,"name":"Laimi neso\u0161a sarkan\u0101 diega rokasspr\u0101dze ar dimantu 0,01 ct (minim\u0101listiska sarkan\u0101 zelta deta\u013ca)"}]},{"@type":"WebSite","@id":"https:\/\/fashiongold.lt\/lv\/#website","url":"https:\/\/fashiongold.lt\/lv\/","name":"Fashion Gold","description":"Juvelyrikos namai","publisher":{"@id":"https:\/\/fashiongold.lt\/lv\/#organization"},"potentialAction":[{"@type":"SearchAction","target":{"@type":"EntryPoint","urlTemplate":"https:\/\/fashiongold.lt\/lv\/?s={search_term_string}"},"query-input":{"@type":"PropertyValueSpecification","valueRequired":true,"valueName":"search_term_string"}}],"inLanguage":"lv-LV"},{"@type":"Organization","@id":"https:\/\/fashiongold.lt\/lv\/#organization","name":"Topdiamonds Online","url":"https:\/\/fashiongold.lt\/lv\/","logo":{"@type":"ImageObject","inLanguage":"lv-LV","@id":"https:\/\/fashiongold.lt\/lv\/#\/schema\/logo\/image\/","url":"https:\/\/fashiongold.lt\/wp-content\/uploads\/2025\/04\/cropped-fashion_gold_logotipas2-scaled-1.png","contentUrl":"https:\/\/fashiongold.lt\/wp-content\/uploads\/2025\/04\/cropped-fashion_gold_logotipas2-scaled-1.png","width":2559,"height":421,"caption":"Topdiamonds Online"},"image":{"@id":"https:\/\/fashiongold.lt\/lv\/#\/schema\/logo\/image\/"}}]}},"_links":{"self":[{"href":"https:\/\/fashiongold.lt\/lv\/wp-json\/wp\/v2\/product\/279705","targetHints":{"allow":["GET"]}}],"collection":[{"href":"https:\/\/fashiongold.lt\/lv\/wp-json\/wp\/v2\/product"}],"about":[{"href":"https:\/\/fashiongold.lt\/lv\/wp-json\/wp\/v2\/types\/product"}],"version-history":[{"count":0,"href":"https:\/\/fashiongold.lt\/lv\/wp-json\/wp\/v2\/product\/279705\/revisions"}],"wp:featuredmedia":[{"embeddable":true,"href":"https:\/\/fashiongold.lt\/lv\/wp-json\/wp\/v2\/media\/243075"}],"wp:attachment":[{"href":"https:\/\/fashiongold.lt\/lv\/wp-json\/wp\/v2\/media?parent=279705"}],"wp:term":[{"taxonomy":"product_brand","embeddable":true,"href":"https:\/\/fashiongold.lt\/lv\/wp-json\/wp\/v2\/product_brand?post=279705"},{"taxonomy":"product_cat","embeddable":true,"href":"https:\/\/fashiongold.lt\/lv\/wp-json\/wp\/v2\/product_cat?post=279705"},{"taxonomy":"product_tag","embeddable":true,"href":"https:\/\/fashiongold.lt\/lv\/wp-json\/wp\/v2\/product_tag?post=279705"}],"curies":[{"name":"wp","href":"https:\/\/api.w.org\/{rel}","templated":true}]}}