{"id":279820,"date":"2025-10-23T07:43:15","date_gmt":"2025-10-23T07:43:15","guid":{"rendered":"https:\/\/fashiongold.lt\/papuosalas\/safiri-auskari-naglinas-ar-apaliem-safiriem-un-dimantiem-0-91-ct\/"},"modified":"2026-02-11T20:31:24","modified_gmt":"2026-02-11T20:31:24","slug":"safiri-auskari-naglinas-ar-apaliem-safiriem-un-dimantiem-0-91-ct","status":"publish","type":"product","link":"https:\/\/fashiongold.lt\/lv\/rotaslieta\/safiri-auskari-naglinas-ar-apaliem-safiriem-un-dimantiem-0-91-ct\/","title":{"rendered":"Saf\u012bri &#8211; auskari nagli\u0146as ar apa\u013ciem saf\u012briem un dimantiem (0.91 ct)"},"content":{"rendered":"<h2>Auskaru nagli\u0146as ar apa\u013ciem saf\u012briem un dimantiem &#8211; Saf\u012bri (0.91 ct)<\/h2>\n<h3>Halo dizaina zelta auskaru nagli\u0146as ar apa\u013cas formas saf\u012briem 0,67 kar\u0101ti un dimantiem ap saf\u012bru. Dab\u012bgie dimanti. Apa\u013cas formas saf\u012bri &#8211; 0,67 ct.<\/h3>\n<p>Ra\u017eoti V\u0101cij\u0101 no augstas kvalit\u0101tes d\u0101rgakme\u0146iem. Neatvair\u0101ma skaistuma auskari ar ekskluz\u012bvu stilu un augstu kvalit\u0101ti. Auskari var tikt izgatavoti p\u0113c pas\u016bt\u012bjuma: no sarkan\u0101, dzelten\u0101 vai balt\u0101 zelta. Saf\u012brs ir sp\u0113ka, optimisma un aktivit\u0101tes simbols. Saf\u012bra br\u012bnumainais sp\u0113ks pal\u012bdz mazin\u0101t spriedzi konfliktu laik\u0101 un risin\u0101t vesel\u012bbas probl\u0113mas. Saf\u012brs ir piem\u0113rots \u2013 Ziv\u012bm, Svariem, Skorpioniem, Dv\u012b\u0146iem, Jaunav\u0101m, Lauv\u0101m, Auniem, V\u0113r\u0161iem, \u016adensv\u012briem, Str\u0113lniekiem.  <\/p>\n<p>\u2022 Auskaru zelts: 18 kar\u0101ti (750 prove) <\/p>\n<p>\u2022 Auskaru kr\u0101sa: baltais zelts     <\/p>\n<p>\u2022 Auskaru svars: aptuveni 1,90 &#8211; 2,40 g   <\/p>\n<p>\u2022 Dimanta veids: Dab\u012bgais dimants <\/p>\n<p>\u2022 Dimanta forma: Apa\u013ca forma (Round cut) <\/p>\n<p>\u2022 Dimantu raksturojums: 0,24 ct, kr\u0101sa G-H (RW-W); dzidrums SI <\/p>\n<p>\u2022 Centr\u0101lais akmens: apa\u013cas formas saf\u012bri &#8211; 0,67 ct   <\/p>\n<p>\u2022 Sertifik\u0101ts: Lietuvas Prob\u0113\u0161anas pal\u0101ta (LPR)   <\/p>\n<p>\u2022 Auskaru izm\u0113ri: <\/p>\n<p>\u2022 Izgatavo\u0161anas un pieg\u0101des termi\u0146\u0161 no 14 darba dien\u0101m, steidzam\u012bbas k\u0101rt\u0101 3 d.d. laik\u0101. <\/p>\n<p><strong>Vai jums ir savs zelts? Sazinieties ar mums, m\u0113s p\u0101rr\u0113\u0137in\u0101sim cenu \u2013 j\u016bs maks\u0101siet tikai par auskaru izgatavo\u0161anu.<\/strong><\/p>\n","protected":false},"excerpt":{"rendered":"<p>Halo dizaina zelta auskari-nagli\u0146as ar apa\u013cas formas 0,67 kar\u0101tu saf\u012briem un dimantiem ap saf\u012bru. Piem\u0113roti ikdienai un \u012bpa\u0161iem gad\u012bjumiem, izsmalcin\u0101tam stilam.<\/p>\n","protected":false},"featured_media":240806,"template":"","meta":{"site-sidebar-layout":"","site-content-layout":"","ast-site-content-layout":"","site-content-style":"","site-sidebar-style":"","ast-global-header-display":"","ast-banner-title-visibility":"","ast-main-header-display":"","ast-hfb-above-header-display":"","ast-hfb-below-header-display":"","ast-hfb-mobile-header-display":"","site-post-title":"","ast-breadcrumbs-content":"","ast-featured-img":"","footer-sml-layout":"","ast-disable-related-posts":"","theme-transparent-header-meta":"","adv-header-id-meta":"","stick-header-meta":"","header-above-stick-meta":"","header-main-stick-meta":"","header-below-stick-meta":"","astra-migrate-meta-layouts":"default","ast-page-background-enabled":"default","ast-page-background-meta":{"desktop":{"background-color":"var(--ast-global-color-4)","background-image":"","background-repeat":"repeat","background-position":"center center","background-size":"auto","background-attachment":"scroll","background-type":"","background-media":"","overlay-type":"","overlay-color":"","overlay-opacity":"","overlay-gradient":""},"tablet":{"background-color":"","background-image":"","background-repeat":"repeat","background-position":"center center","background-size":"auto","background-attachment":"scroll","background-type":"","background-media":"","overlay-type":"","overlay-color":"","overlay-opacity":"","overlay-gradient":""},"mobile":{"background-color":"","background-image":"","background-repeat":"repeat","background-position":"center center","background-size":"auto","background-attachment":"scroll","background-type":"","background-media":"","overlay-type":"","overlay-color":"","overlay-opacity":"","overlay-gradient":""}},"ast-content-background-meta":{"desktop":{"background-color":"var(--ast-global-color-5)","background-image":"","background-repeat":"repeat","background-position":"center center","background-size":"auto","background-attachment":"scroll","background-type":"","background-media":"","overlay-type":"","overlay-color":"","overlay-opacity":"","overlay-gradient":""},"tablet":{"background-color":"var(--ast-global-color-5)","background-image":"","background-repeat":"repeat","background-position":"center center","background-size":"auto","background-attachment":"scroll","background-type":"","background-media":"","overlay-type":"","overlay-color":"","overlay-opacity":"","overlay-gradient":""},"mobile":{"background-color":"var(--ast-global-color-5)","background-image":"","background-repeat":"repeat","background-position":"center center","background-size":"auto","background-attachment":"scroll","background-type":"","background-media":"","overlay-type":"","overlay-color":"","overlay-opacity":"","overlay-gradient":""}}},"product_brand":[],"product_cat":[2980,2978,3405,2981,2919,2915,2913,2921,2920,3403,2916,2914,3042,2938,3401,2922,2937,2934,3404,2936,2918,3402],"product_tag":[],"class_list":{"0":"post-279820","1":"product","2":"type-product","3":"status-publish","4":"has-post-thumbnail","6":"product_cat-auskari-ar-dargakmeniem","7":"product_cat-auskari-ar-dimantiem","8":"product_cat-auskari-meitenem-bernu-auskari","9":"product_cat-auskari-naglinas","10":"product_cat-baltzelta-rotaslietas","11":"product_cat-davanas-berna-piedzimsanai","12":"product_cat-davanas-dzimsanas-diena","13":"product_cat-davanas-ipasiem-gadijumiem","14":"product_cat-davanas-izlaidumam","15":"product_cat-davanas-kazam","16":"product_cat-davanas-kazu-gadadiena","17":"product_cat-davanas-sievietem","18":"product_cat-juvelierizstradajumi","19":"product_cat-juvelierizstradajumi-ar-ziliem-dargakmeniem","20":"product_cat-kristibu-davanas","21":"product_cat-mates-dienas-davanas","22":"product_cat-rotaslietas-ar-pusdargakmeniem","23":"product_cat-safirs-juvelierizstradajumi-ar-safiriem","24":"product_cat-svinigi-auskari","25":"product_cat-valentindienas-davanas","26":"product_cat-ziemassvetku-davanas","27":"product_cat-zils-dargakmens","28":"desktop-align-center","29":"tablet-align-left","30":"mobile-align-left","31":"ast-product-gallery-layout-horizontal-slider","32":"ast-product-gallery-with-no-image","33":"ast-product-tabs-layout-accordion","34":"ast-qv-on-image","36":"first","37":"instock","38":"taxable","39":"shipping-taxable","40":"purchasable","41":"product-type-simple"},"yoast_head":"<!-- This site is optimized with the Yoast SEO plugin v26.6 - https:\/\/yoast.com\/wordpress\/plugins\/seo\/ -->\n<title>Auskari-nagli\u0146as ar saf\u012briem un dimantiem (0.91 ct)<\/title>\n<meta name=\"description\" content=\"Halo dizaina auskari-nagli\u0146as ar apa\u013cas formas 0,67 kar\u0101tu saf\u012briem un dimantiem ap saf\u012bru. Piem\u0113roti ikdienai un \u012bpa\u0161iem gad\u012bjumiem, ekskluz\u012bvam stilam.\" \/>\n<meta name=\"robots\" content=\"index, follow, max-snippet:-1, max-image-preview:large, max-video-preview:-1\" \/>\n<link rel=\"canonical\" href=\"https:\/\/fashiongold.lt\/lv\/rotaslieta\/safiri-auskari-naglinas-ar-apaliem-safiriem-un-dimantiem-0-91-ct\/\" \/>\n<meta property=\"og:locale\" content=\"lv_LV\" \/>\n<meta property=\"og:type\" content=\"article\" \/>\n<meta property=\"og:title\" content=\"Auskari-nagli\u0146as ar saf\u012briem un dimantiem (0.91 ct)\" \/>\n<meta property=\"og:description\" content=\"Halo dizaina auskari-nagli\u0146as ar apa\u013cas formas 0,67 kar\u0101tu saf\u012briem un dimantiem ap saf\u012bru. Piem\u0113roti ikdienai un \u012bpa\u0161iem gad\u012bjumiem, ekskluz\u012bvam stilam.\" \/>\n<meta property=\"og:url\" content=\"https:\/\/fashiongold.lt\/lv\/rotaslieta\/safiri-auskari-naglinas-ar-apaliem-safiriem-un-dimantiem-0-91-ct\/\" \/>\n<meta property=\"og:site_name\" content=\"FashionGold.lt\" \/>\n<meta property=\"article:modified_time\" content=\"2026-02-11T20:31:24+00:00\" \/>\n<meta property=\"og:image\" content=\"https:\/\/fashiongold.lt\/wp-content\/uploads\/2025\/10\/13597-4a3-Safyrai-auskarai-vinukai-su-apvaliais-safyrais-ir-deimantais-0.91-ct.webp\" \/>\n\t<meta property=\"og:image:width\" content=\"1000\" \/>\n\t<meta property=\"og:image:height\" content=\"1000\" \/>\n\t<meta property=\"og:image:type\" content=\"image\/png\" \/>\n<meta name=\"twitter:card\" content=\"summary_large_image\" \/>\n<meta name=\"twitter:label1\" content=\"Est. reading time\" \/>\n\t<meta name=\"twitter:data1\" content=\"1 minute\" \/>\n<script type=\"application\/ld+json\" class=\"yoast-schema-graph\">{\"@context\":\"https:\/\/schema.org\",\"@graph\":[{\"@type\":\"WebPage\",\"@id\":\"https:\/\/fashiongold.lt\/lv\/rotaslieta\/safiri-auskari-naglinas-ar-apaliem-safiriem-un-dimantiem-0-91-ct\/\",\"url\":\"https:\/\/fashiongold.lt\/lv\/rotaslieta\/safiri-auskari-naglinas-ar-apaliem-safiriem-un-dimantiem-0-91-ct\/\",\"name\":\"Auskari-nagli\u0146as ar saf\u012briem un dimantiem (0.91 ct)\",\"isPartOf\":{\"@id\":\"https:\/\/fashiongold.lt\/lv\/#website\"},\"primaryImageOfPage\":{\"@id\":\"https:\/\/fashiongold.lt\/lv\/rotaslieta\/safiri-auskari-naglinas-ar-apaliem-safiriem-un-dimantiem-0-91-ct\/#primaryimage\"},\"image\":{\"@id\":\"https:\/\/fashiongold.lt\/lv\/rotaslieta\/safiri-auskari-naglinas-ar-apaliem-safiriem-un-dimantiem-0-91-ct\/#primaryimage\"},\"thumbnailUrl\":\"https:\/\/fashiongold.lt\/wp-content\/uploads\/2025\/10\/13597-4a3-Safyrai-auskarai-vinukai-su-apvaliais-safyrais-ir-deimantais-0.91-ct.png\",\"datePublished\":\"2025-10-23T07:43:15+00:00\",\"dateModified\":\"2026-02-11T20:31:24+00:00\",\"description\":\"Halo dizaina auskari-nagli\u0146as ar apa\u013cas formas 0,67 kar\u0101tu saf\u012briem un dimantiem ap saf\u012bru. Piem\u0113roti ikdienai un \u012bpa\u0161iem gad\u012bjumiem, ekskluz\u012bvam stilam.\",\"breadcrumb\":{\"@id\":\"https:\/\/fashiongold.lt\/lv\/rotaslieta\/safiri-auskari-naglinas-ar-apaliem-safiriem-un-dimantiem-0-91-ct\/#breadcrumb\"},\"inLanguage\":\"lv-LV\",\"potentialAction\":[{\"@type\":\"ReadAction\",\"target\":[\"https:\/\/fashiongold.lt\/lv\/rotaslieta\/safiri-auskari-naglinas-ar-apaliem-safiriem-un-dimantiem-0-91-ct\/\"]}]},{\"@type\":\"ImageObject\",\"inLanguage\":\"lv-LV\",\"@id\":\"https:\/\/fashiongold.lt\/lv\/rotaslieta\/safiri-auskari-naglinas-ar-apaliem-safiriem-un-dimantiem-0-91-ct\/#primaryimage\",\"url\":\"https:\/\/fashiongold.lt\/wp-content\/uploads\/2025\/10\/13597-4a3-Safyrai-auskarai-vinukai-su-apvaliais-safyrais-ir-deimantais-0.91-ct.png\",\"contentUrl\":\"https:\/\/fashiongold.lt\/wp-content\/uploads\/2025\/10\/13597-4a3-Safyrai-auskarai-vinukai-su-apvaliais-safyrais-ir-deimantais-0.91-ct.png\",\"width\":1000,\"height\":1000},{\"@type\":\"BreadcrumbList\",\"@id\":\"https:\/\/fashiongold.lt\/lv\/rotaslieta\/safiri-auskari-naglinas-ar-apaliem-safiriem-un-dimantiem-0-91-ct\/#breadcrumb\",\"itemListElement\":[{\"@type\":\"ListItem\",\"position\":1,\"name\":\"Home\",\"item\":\"https:\/\/fashiongold.lt\/lv\/\"},{\"@type\":\"ListItem\",\"position\":2,\"name\":\"Dimantu veikals Fashiongold.lt\",\"item\":\"https:\/\/fashiongold.lt\/shop-2\/\"},{\"@type\":\"ListItem\",\"position\":3,\"name\":\"Saf\u012bri &#8211; auskari nagli\u0146as ar apa\u013ciem saf\u012briem un dimantiem (0.91 ct)\"}]},{\"@type\":\"WebSite\",\"@id\":\"https:\/\/fashiongold.lt\/lv\/#website\",\"url\":\"https:\/\/fashiongold.lt\/lv\/\",\"name\":\"Fashion Gold\",\"description\":\"Juvelierizstr\u0101d\u0101jumu nams\",\"publisher\":{\"@id\":\"https:\/\/fashiongold.lt\/lv\/#organization\"},\"potentialAction\":[{\"@type\":\"SearchAction\",\"target\":{\"@type\":\"EntryPoint\",\"urlTemplate\":\"https:\/\/fashiongold.lt\/lv\/?s={search_term_string}\"},\"query-input\":{\"@type\":\"PropertyValueSpecification\",\"valueRequired\":true,\"valueName\":\"search_term_string\"}}],\"inLanguage\":\"lv-LV\"},{\"@type\":\"Organization\",\"@id\":\"https:\/\/fashiongold.lt\/lv\/#organization\",\"name\":\"Topdiamonds Online\",\"url\":\"https:\/\/fashiongold.lt\/lv\/\",\"logo\":{\"@type\":\"ImageObject\",\"inLanguage\":\"lv-LV\",\"@id\":\"https:\/\/fashiongold.lt\/lv\/#\/schema\/logo\/image\/\",\"url\":\"https:\/\/fashiongold.lt\/wp-content\/uploads\/2025\/04\/cropped-fashion_gold_logotipas2-scaled-1.png\",\"contentUrl\":\"https:\/\/fashiongold.lt\/wp-content\/uploads\/2025\/04\/cropped-fashion_gold_logotipas2-scaled-1.png\",\"width\":2559,\"height\":421,\"caption\":\"Topdiamonds Online\"},\"image\":{\"@id\":\"https:\/\/fashiongold.lt\/lv\/#\/schema\/logo\/image\/\"}}]}<\/script>\n<!-- \/ Yoast SEO plugin. -->","yoast_head_json":{"title":"Auskari-nagli\u0146as ar saf\u012briem un dimantiem (0.91 ct)","description":"Halo dizaina auskari-nagli\u0146as ar apa\u013cas formas 0,67 kar\u0101tu saf\u012briem un dimantiem ap saf\u012bru. Piem\u0113roti ikdienai un \u012bpa\u0161iem gad\u012bjumiem, ekskluz\u012bvam stilam.","robots":{"index":"index","follow":"follow","max-snippet":"max-snippet:-1","max-image-preview":"max-image-preview:large","max-video-preview":"max-video-preview:-1"},"canonical":"https:\/\/fashiongold.lt\/lv\/rotaslieta\/safiri-auskari-naglinas-ar-apaliem-safiriem-un-dimantiem-0-91-ct\/","og_locale":"lv_LV","og_type":"article","og_title":"Auskari-nagli\u0146as ar saf\u012briem un dimantiem (0.91 ct)","og_description":"Halo dizaina auskari-nagli\u0146as ar apa\u013cas formas 0,67 kar\u0101tu saf\u012briem un dimantiem ap saf\u012bru. Piem\u0113roti ikdienai un \u012bpa\u0161iem gad\u012bjumiem, ekskluz\u012bvam stilam.","og_url":"https:\/\/fashiongold.lt\/lv\/rotaslieta\/safiri-auskari-naglinas-ar-apaliem-safiriem-un-dimantiem-0-91-ct\/","og_site_name":"FashionGold.lt","article_modified_time":"2026-02-11T20:31:24+00:00","og_image":[{"width":1000,"height":1000,"url":"https:\/\/fashiongold.lt\/wp-content\/uploads\/2025\/10\/13597-4a3-Safyrai-auskarai-vinukai-su-apvaliais-safyrais-ir-deimantais-0.91-ct.webp","type":"image\/png"}],"twitter_card":"summary_large_image","twitter_misc":{"Est. reading time":"1 minute"},"schema":{"@context":"https:\/\/schema.org","@graph":[{"@type":"WebPage","@id":"https:\/\/fashiongold.lt\/lv\/rotaslieta\/safiri-auskari-naglinas-ar-apaliem-safiriem-un-dimantiem-0-91-ct\/","url":"https:\/\/fashiongold.lt\/lv\/rotaslieta\/safiri-auskari-naglinas-ar-apaliem-safiriem-un-dimantiem-0-91-ct\/","name":"Auskari-nagli\u0146as ar saf\u012briem un dimantiem (0.91 ct)","isPartOf":{"@id":"https:\/\/fashiongold.lt\/lv\/#website"},"primaryImageOfPage":{"@id":"https:\/\/fashiongold.lt\/lv\/rotaslieta\/safiri-auskari-naglinas-ar-apaliem-safiriem-un-dimantiem-0-91-ct\/#primaryimage"},"image":{"@id":"https:\/\/fashiongold.lt\/lv\/rotaslieta\/safiri-auskari-naglinas-ar-apaliem-safiriem-un-dimantiem-0-91-ct\/#primaryimage"},"thumbnailUrl":"https:\/\/fashiongold.lt\/wp-content\/uploads\/2025\/10\/13597-4a3-Safyrai-auskarai-vinukai-su-apvaliais-safyrais-ir-deimantais-0.91-ct.png","datePublished":"2025-10-23T07:43:15+00:00","dateModified":"2026-02-11T20:31:24+00:00","description":"Halo dizaina auskari-nagli\u0146as ar apa\u013cas formas 0,67 kar\u0101tu saf\u012briem un dimantiem ap saf\u012bru. Piem\u0113roti ikdienai un \u012bpa\u0161iem gad\u012bjumiem, ekskluz\u012bvam stilam.","breadcrumb":{"@id":"https:\/\/fashiongold.lt\/lv\/rotaslieta\/safiri-auskari-naglinas-ar-apaliem-safiriem-un-dimantiem-0-91-ct\/#breadcrumb"},"inLanguage":"lv-LV","potentialAction":[{"@type":"ReadAction","target":["https:\/\/fashiongold.lt\/lv\/rotaslieta\/safiri-auskari-naglinas-ar-apaliem-safiriem-un-dimantiem-0-91-ct\/"]}]},{"@type":"ImageObject","inLanguage":"lv-LV","@id":"https:\/\/fashiongold.lt\/lv\/rotaslieta\/safiri-auskari-naglinas-ar-apaliem-safiriem-un-dimantiem-0-91-ct\/#primaryimage","url":"https:\/\/fashiongold.lt\/wp-content\/uploads\/2025\/10\/13597-4a3-Safyrai-auskarai-vinukai-su-apvaliais-safyrais-ir-deimantais-0.91-ct.png","contentUrl":"https:\/\/fashiongold.lt\/wp-content\/uploads\/2025\/10\/13597-4a3-Safyrai-auskarai-vinukai-su-apvaliais-safyrais-ir-deimantais-0.91-ct.png","width":1000,"height":1000},{"@type":"BreadcrumbList","@id":"https:\/\/fashiongold.lt\/lv\/rotaslieta\/safiri-auskari-naglinas-ar-apaliem-safiriem-un-dimantiem-0-91-ct\/#breadcrumb","itemListElement":[{"@type":"ListItem","position":1,"name":"Home","item":"https:\/\/fashiongold.lt\/lv\/"},{"@type":"ListItem","position":2,"name":"Dimantu veikals Fashiongold.lt","item":"https:\/\/fashiongold.lt\/shop-2\/"},{"@type":"ListItem","position":3,"name":"Saf\u012bri &#8211; auskari nagli\u0146as ar apa\u013ciem saf\u012briem un dimantiem (0.91 ct)"}]},{"@type":"WebSite","@id":"https:\/\/fashiongold.lt\/lv\/#website","url":"https:\/\/fashiongold.lt\/lv\/","name":"Fashion Gold","description":"Juvelierizstr\u0101d\u0101jumu nams","publisher":{"@id":"https:\/\/fashiongold.lt\/lv\/#organization"},"potentialAction":[{"@type":"SearchAction","target":{"@type":"EntryPoint","urlTemplate":"https:\/\/fashiongold.lt\/lv\/?s={search_term_string}"},"query-input":{"@type":"PropertyValueSpecification","valueRequired":true,"valueName":"search_term_string"}}],"inLanguage":"lv-LV"},{"@type":"Organization","@id":"https:\/\/fashiongold.lt\/lv\/#organization","name":"Topdiamonds Online","url":"https:\/\/fashiongold.lt\/lv\/","logo":{"@type":"ImageObject","inLanguage":"lv-LV","@id":"https:\/\/fashiongold.lt\/lv\/#\/schema\/logo\/image\/","url":"https:\/\/fashiongold.lt\/wp-content\/uploads\/2025\/04\/cropped-fashion_gold_logotipas2-scaled-1.png","contentUrl":"https:\/\/fashiongold.lt\/wp-content\/uploads\/2025\/04\/cropped-fashion_gold_logotipas2-scaled-1.png","width":2559,"height":421,"caption":"Topdiamonds Online"},"image":{"@id":"https:\/\/fashiongold.lt\/lv\/#\/schema\/logo\/image\/"}}]}},"_links":{"self":[{"href":"https:\/\/fashiongold.lt\/lv\/wp-json\/wp\/v2\/product\/279820","targetHints":{"allow":["GET"]}}],"collection":[{"href":"https:\/\/fashiongold.lt\/lv\/wp-json\/wp\/v2\/product"}],"about":[{"href":"https:\/\/fashiongold.lt\/lv\/wp-json\/wp\/v2\/types\/product"}],"version-history":[{"count":0,"href":"https:\/\/fashiongold.lt\/lv\/wp-json\/wp\/v2\/product\/279820\/revisions"}],"wp:featuredmedia":[{"embeddable":true,"href":"https:\/\/fashiongold.lt\/lv\/wp-json\/wp\/v2\/media\/240806"}],"wp:attachment":[{"href":"https:\/\/fashiongold.lt\/lv\/wp-json\/wp\/v2\/media?parent=279820"}],"wp:term":[{"taxonomy":"product_brand","embeddable":true,"href":"https:\/\/fashiongold.lt\/lv\/wp-json\/wp\/v2\/product_brand?post=279820"},{"taxonomy":"product_cat","embeddable":true,"href":"https:\/\/fashiongold.lt\/lv\/wp-json\/wp\/v2\/product_cat?post=279820"},{"taxonomy":"product_tag","embeddable":true,"href":"https:\/\/fashiongold.lt\/lv\/wp-json\/wp\/v2\/product_tag?post=279820"}],"curies":[{"name":"wp","href":"https:\/\/api.w.org\/{rel}","templated":true}]}}