{"id":279846,"date":"2025-10-23T07:40:23","date_gmt":"2025-10-23T07:40:23","guid":{"rendered":"https:\/\/fashiongold.lt\/papuosalas\/morganiti-zelta-auskari-naglinas-ar-morganitiem-un-dimantiem-0-60-ct\/"},"modified":"2026-02-11T20:33:22","modified_gmt":"2026-02-11T20:33:22","slug":"morganiti-zelta-auskari-naglinas-ar-morganitiem-un-dimantiem-0-60-ct","status":"publish","type":"product","link":"https:\/\/fashiongold.lt\/lv\/papuosalas\/morganiti-zelta-auskari-naglinas-ar-morganitiem-un-dimantiem-0-60-ct\/","title":{"rendered":"Morgan\u012bti &#8211; zelta auskari nagli\u0146as ar morgan\u012btiem un dimantiem (0.60 ct)"},"content":{"rendered":"<h2>Zelta auskari nagli\u0146as ar morgan\u012btiem un dimantiem &#8211; Morgan\u012bti (0.60 ct)<\/h2>\n<h3>Halo dizaina zelta auskari nagli\u0146as ar spilvena formas morgan\u012btiem un dimantiem ap morgan\u012btu. Dab\u012bgie dimanti. Spilvena formas morgan\u012bti &#8211; 0.54 ct.<\/h3>\n<p>Izgatavoti V\u0101cij\u0101 no augstas kvalit\u0101tes d\u0101rgakme\u0146iem. Lieliska izv\u0113le stil\u012bgai sievietei. Morgan\u012bta br\u012bnumainais sp\u0113ks &#8211; darbojas k\u0101 dv\u0113seles l\u012bdzsvara talismans. Tiek uzskat\u012bts, ka akmens piesaista veiksmi, pal\u012bdz atrast savu m\u012blest\u012bbu un atkl\u0101j sl\u0113ptos talantus, nes veiksmi darb\u0101, rad\u012bt\u0101jiem \u2014 iedvesmu, tas ir m\u0101jas sarge\u0146\u0123elis. Morgan\u012bts pasarg\u0101 no negat\u012bvas ener\u0123\u0113tisk\u0101s ietekmes &#8211; l\u0101sta vai skaud\u012bbas un pat no nelaimes gad\u012bjumiem. Morgan\u012bts ir piem\u0113rots visiem, ta\u010du visvair\u0101k V\u0113r\u0161iem, Skorpioniem, Ziv\u012bm un V\u0113\u017eiem, Str\u0113lniekiem, Lauv\u0101m, Dv\u012b\u0146iem, \u016adensv\u012briem, Svariem.<\/p>\n<p>\u2022 Auskaru zelts: 18 kar\u0101ti (750. prove) <\/p>\n<p>\u2022 Auskaru kr\u0101sa: sarkanais zelts <\/p>\n<p>\u2022 Auskaru svars: aptuveni 1,30 &#8211; 1,90 g <\/p>\n<p>\u2022 Dimanta tips: Dab\u012bgs dimants <\/p>\n<p>\u2022 Dimanta forma: Apa\u013ca forma (Round cut) <\/p>\n<p>\u2022 Dimanta raksturojums: 0,06 ct, kr\u0101sa G-H (RW-W); dzidrums SI <\/p>\n<p>\u2022 Centr\u0101lais akmens: spilvena formas morgan\u012bti &#8211; 0.54 ct <\/p>\n<p>\u2022 Sertifik\u0101ts: Lietuvas Proves birojs (LPR) <\/p>\n<p>\u2022 Auskaru izm\u0113ri: h:6,2 mm, w:6,2 mm, th:3,9 mm<\/p>\n<p>\u2022 Grav\u0113\u0161ana bez maksas <\/p>\n<p>\u2022 Vienreiz\u0113ja bezmaksas gredzena izm\u0113ra mai\u0146as garantija <\/p>\n<p>\u2022 Izgatavo\u0161anas un pieg\u0101des termi\u0146\u0161 no 21 darba dienas, steidzam\u012bbas k\u0101rt\u0101 3 d.d. laik\u0101. <\/p>\n<p><strong>Vai jums ir savs zelts? Sazinieties ar mums, m\u0113s p\u0101rr\u0113\u0137in\u0101sim cenu &#8211; j\u016bs maks\u0101siet tikai par auskaru izgatavo\u0161anu.<\/strong><\/p>\n","protected":false},"excerpt":{"rendered":"<p>Halo dizaina zelta auskari-nagli\u0146as ar spilvena formas morgan\u012btiem un dimantiem ap morgan\u012btu. Piem\u0113roti ikdienai un \u012bpa\u0161iem gad\u012bjumiem, izcilam stilam.<\/p>\n","protected":false},"featured_media":240284,"template":"","meta":{"site-sidebar-layout":"","site-content-layout":"","ast-site-content-layout":"","site-content-style":"","site-sidebar-style":"","ast-global-header-display":"","ast-banner-title-visibility":"","ast-main-header-display":"","ast-hfb-above-header-display":"","ast-hfb-below-header-display":"","ast-hfb-mobile-header-display":"","site-post-title":"","ast-breadcrumbs-content":"","ast-featured-img":"","footer-sml-layout":"","ast-disable-related-posts":"","theme-transparent-header-meta":"","adv-header-id-meta":"","stick-header-meta":"","header-above-stick-meta":"","header-main-stick-meta":"","header-below-stick-meta":"","astra-migrate-meta-layouts":"default","ast-page-background-enabled":"default","ast-page-background-meta":{"desktop":{"background-color":"var(--ast-global-color-4)","background-image":"","background-repeat":"repeat","background-position":"center center","background-size":"auto","background-attachment":"scroll","background-type":"","background-media":"","overlay-type":"","overlay-color":"","overlay-opacity":"","overlay-gradient":""},"tablet":{"background-color":"","background-image":"","background-repeat":"repeat","background-position":"center center","background-size":"auto","background-attachment":"scroll","background-type":"","background-media":"","overlay-type":"","overlay-color":"","overlay-opacity":"","overlay-gradient":""},"mobile":{"background-color":"","background-image":"","background-repeat":"repeat","background-position":"center center","background-size":"auto","background-attachment":"scroll","background-type":"","background-media":"","overlay-type":"","overlay-color":"","overlay-opacity":"","overlay-gradient":""}},"ast-content-background-meta":{"desktop":{"background-color":"var(--ast-global-color-5)","background-image":"","background-repeat":"repeat","background-position":"center center","background-size":"auto","background-attachment":"scroll","background-type":"","background-media":"","overlay-type":"","overlay-color":"","overlay-opacity":"","overlay-gradient":""},"tablet":{"background-color":"var(--ast-global-color-5)","background-image":"","background-repeat":"repeat","background-position":"center center","background-size":"auto","background-attachment":"scroll","background-type":"","background-media":"","overlay-type":"","overlay-color":"","overlay-opacity":"","overlay-gradient":""},"mobile":{"background-color":"var(--ast-global-color-5)","background-image":"","background-repeat":"repeat","background-position":"center center","background-size":"auto","background-attachment":"scroll","background-type":"","background-media":"","overlay-type":"","overlay-color":"","overlay-opacity":"","overlay-gradient":""}}},"product_brand":[],"product_cat":[2980,2978,2981,2915,2913,2921,2920,3403,2916,2914,3042,3401,2922,2937,3499,2979,3404,2936,2918],"product_tag":[],"class_list":{"0":"post-279846","1":"product","2":"type-product","3":"status-publish","4":"has-post-thumbnail","6":"product_cat-auskari-ar-dargakmeniem","7":"product_cat-auskari-ar-dimantiem","8":"product_cat-auskari-naglinas","9":"product_cat-davanas-berna-piedzimsanai","10":"product_cat-davanas-dzimsanas-diena","11":"product_cat-davanas-ipasiem-gadijumiem","12":"product_cat-davanas-izlaidumam","13":"product_cat-davanas-kazam","14":"product_cat-davanas-kazu-gadadiena","15":"product_cat-davanas-sievietem","16":"product_cat-juvelierizstradajumi","17":"product_cat-kristibu-davanas","18":"product_cat-mates-dienas-davanas","19":"product_cat-rotaslietas-ar-pusdargakmeniem","20":"product_cat-roza-kazas-10-gadi","21":"product_cat-sarkana-zelta-juvelierizstradajumi","22":"product_cat-svinigi-auskari","23":"product_cat-valentindienas-davanas","24":"product_cat-ziemassvetku-davanas","25":"desktop-align-center","26":"tablet-align-left","27":"mobile-align-left","28":"ast-product-gallery-layout-horizontal-slider","29":"ast-product-gallery-with-no-image","30":"ast-product-tabs-layout-accordion","31":"ast-qv-on-image","33":"first","34":"instock","35":"taxable","36":"shipping-taxable","37":"purchasable","38":"product-type-simple"},"yoast_head":"<!-- This site is optimized with the Yoast SEO plugin v26.6 - https:\/\/yoast.com\/wordpress\/plugins\/seo\/ -->\n<title>Nagli\u0146auskari ar morgan\u012btiem un dimantiem (0.60 ct)<\/title>\n<meta name=\"description\" content=\"Halo dizaina zelta nagli\u0146u auskari ar spilvena formas morgan\u012btiem un dimantiem ap morgan\u012btu. Piem\u0113roti ikdienai un \u012bpa\u0161iem gad\u012bjumiem, izsmalcin\u0101tam stilam.\" \/>\n<meta name=\"robots\" content=\"index, follow, max-snippet:-1, max-image-preview:large, max-video-preview:-1\" \/>\n<link rel=\"canonical\" href=\"https:\/\/fashiongold.lt\/lv\/papuosalas\/morganiti-zelta-auskari-naglinas-ar-morganitiem-un-dimantiem-0-60-ct\/\" \/>\n<meta property=\"og:locale\" content=\"lv_LV\" \/>\n<meta property=\"og:type\" content=\"article\" \/>\n<meta property=\"og:title\" content=\"Nagli\u0146auskari ar morgan\u012btiem un dimantiem (0.60 ct)\" \/>\n<meta property=\"og:description\" content=\"Halo dizaina zelta nagli\u0146u auskari ar spilvena formas morgan\u012btiem un dimantiem ap morgan\u012btu. Piem\u0113roti ikdienai un \u012bpa\u0161iem gad\u012bjumiem, izsmalcin\u0101tam stilam.\" \/>\n<meta property=\"og:url\" content=\"https:\/\/fashiongold.lt\/lv\/papuosalas\/morganiti-zelta-auskari-naglinas-ar-morganitiem-un-dimantiem-0-60-ct\/\" \/>\n<meta property=\"og:site_name\" content=\"FashionGold.lt\" \/>\n<meta property=\"article:modified_time\" content=\"2026-02-11T20:33:22+00:00\" \/>\n<meta property=\"og:image\" content=\"https:\/\/fashiongold.lt\/wp-content\/uploads\/2025\/10\/13386-e13-Morganitai-auksiniai-auskarai-vinukai-su-morganitais-ir-deimantais-0.60-ct.webp\" \/>\n\t<meta property=\"og:image:width\" content=\"770\" \/>\n\t<meta property=\"og:image:height\" content=\"754\" \/>\n\t<meta property=\"og:image:type\" content=\"image\/png\" \/>\n<meta name=\"twitter:card\" content=\"summary_large_image\" \/>\n<meta name=\"twitter:label1\" content=\"Est. reading time\" \/>\n\t<meta name=\"twitter:data1\" content=\"1 minute\" \/>\n<script type=\"application\/ld+json\" class=\"yoast-schema-graph\">{\"@context\":\"https:\/\/schema.org\",\"@graph\":[{\"@type\":\"WebPage\",\"@id\":\"https:\/\/fashiongold.lt\/lv\/papuosalas\/morganiti-zelta-auskari-naglinas-ar-morganitiem-un-dimantiem-0-60-ct\/\",\"url\":\"https:\/\/fashiongold.lt\/lv\/papuosalas\/morganiti-zelta-auskari-naglinas-ar-morganitiem-un-dimantiem-0-60-ct\/\",\"name\":\"Nagli\u0146auskari ar morgan\u012btiem un dimantiem (0.60 ct)\",\"isPartOf\":{\"@id\":\"https:\/\/fashiongold.lt\/lv\/#website\"},\"primaryImageOfPage\":{\"@id\":\"https:\/\/fashiongold.lt\/lv\/papuosalas\/morganiti-zelta-auskari-naglinas-ar-morganitiem-un-dimantiem-0-60-ct\/#primaryimage\"},\"image\":{\"@id\":\"https:\/\/fashiongold.lt\/lv\/papuosalas\/morganiti-zelta-auskari-naglinas-ar-morganitiem-un-dimantiem-0-60-ct\/#primaryimage\"},\"thumbnailUrl\":\"https:\/\/fashiongold.lt\/wp-content\/uploads\/2025\/10\/13386-e13-Morganitai-auksiniai-auskarai-vinukai-su-morganitais-ir-deimantais-0.60-ct.png\",\"datePublished\":\"2025-10-23T07:40:23+00:00\",\"dateModified\":\"2026-02-11T20:33:22+00:00\",\"description\":\"Halo dizaina zelta nagli\u0146u auskari ar spilvena formas morgan\u012btiem un dimantiem ap morgan\u012btu. Piem\u0113roti ikdienai un \u012bpa\u0161iem gad\u012bjumiem, izsmalcin\u0101tam stilam.\",\"breadcrumb\":{\"@id\":\"https:\/\/fashiongold.lt\/lv\/papuosalas\/morganiti-zelta-auskari-naglinas-ar-morganitiem-un-dimantiem-0-60-ct\/#breadcrumb\"},\"inLanguage\":\"lv-LV\",\"potentialAction\":[{\"@type\":\"ReadAction\",\"target\":[\"https:\/\/fashiongold.lt\/lv\/papuosalas\/morganiti-zelta-auskari-naglinas-ar-morganitiem-un-dimantiem-0-60-ct\/\"]}]},{\"@type\":\"ImageObject\",\"inLanguage\":\"lv-LV\",\"@id\":\"https:\/\/fashiongold.lt\/lv\/papuosalas\/morganiti-zelta-auskari-naglinas-ar-morganitiem-un-dimantiem-0-60-ct\/#primaryimage\",\"url\":\"https:\/\/fashiongold.lt\/wp-content\/uploads\/2025\/10\/13386-e13-Morganitai-auksiniai-auskarai-vinukai-su-morganitais-ir-deimantais-0.60-ct.png\",\"contentUrl\":\"https:\/\/fashiongold.lt\/wp-content\/uploads\/2025\/10\/13386-e13-Morganitai-auksiniai-auskarai-vinukai-su-morganitais-ir-deimantais-0.60-ct.png\",\"width\":770,\"height\":754},{\"@type\":\"BreadcrumbList\",\"@id\":\"https:\/\/fashiongold.lt\/lv\/papuosalas\/morganiti-zelta-auskari-naglinas-ar-morganitiem-un-dimantiem-0-60-ct\/#breadcrumb\",\"itemListElement\":[{\"@type\":\"ListItem\",\"position\":1,\"name\":\"Home\",\"item\":\"https:\/\/fashiongold.lt\/lv\/\"},{\"@type\":\"ListItem\",\"position\":2,\"name\":\"Dimantu veikals Fashiongold.lt\",\"item\":\"https:\/\/fashiongold.lt\/shop-2\/\"},{\"@type\":\"ListItem\",\"position\":3,\"name\":\"Morgan\u012bti &#8211; zelta auskari nagli\u0146as ar morgan\u012btiem un dimantiem (0.60 ct)\"}]},{\"@type\":\"WebSite\",\"@id\":\"https:\/\/fashiongold.lt\/lv\/#website\",\"url\":\"https:\/\/fashiongold.lt\/lv\/\",\"name\":\"Fashion Gold\",\"description\":\"Juvelyrikos namai\",\"publisher\":{\"@id\":\"https:\/\/fashiongold.lt\/lv\/#organization\"},\"potentialAction\":[{\"@type\":\"SearchAction\",\"target\":{\"@type\":\"EntryPoint\",\"urlTemplate\":\"https:\/\/fashiongold.lt\/lv\/?s={search_term_string}\"},\"query-input\":{\"@type\":\"PropertyValueSpecification\",\"valueRequired\":true,\"valueName\":\"search_term_string\"}}],\"inLanguage\":\"lv-LV\"},{\"@type\":\"Organization\",\"@id\":\"https:\/\/fashiongold.lt\/lv\/#organization\",\"name\":\"Topdiamonds Online\",\"url\":\"https:\/\/fashiongold.lt\/lv\/\",\"logo\":{\"@type\":\"ImageObject\",\"inLanguage\":\"lv-LV\",\"@id\":\"https:\/\/fashiongold.lt\/lv\/#\/schema\/logo\/image\/\",\"url\":\"https:\/\/fashiongold.lt\/wp-content\/uploads\/2025\/04\/cropped-fashion_gold_logotipas2-scaled-1.png\",\"contentUrl\":\"https:\/\/fashiongold.lt\/wp-content\/uploads\/2025\/04\/cropped-fashion_gold_logotipas2-scaled-1.png\",\"width\":2559,\"height\":421,\"caption\":\"Topdiamonds Online\"},\"image\":{\"@id\":\"https:\/\/fashiongold.lt\/lv\/#\/schema\/logo\/image\/\"}}]}<\/script>\n<!-- \/ Yoast SEO plugin. -->","yoast_head_json":{"title":"Nagli\u0146auskari ar morgan\u012btiem un dimantiem (0.60 ct)","description":"Halo dizaina zelta nagli\u0146u auskari ar spilvena formas morgan\u012btiem un dimantiem ap morgan\u012btu. Piem\u0113roti ikdienai un \u012bpa\u0161iem gad\u012bjumiem, izsmalcin\u0101tam stilam.","robots":{"index":"index","follow":"follow","max-snippet":"max-snippet:-1","max-image-preview":"max-image-preview:large","max-video-preview":"max-video-preview:-1"},"canonical":"https:\/\/fashiongold.lt\/lv\/papuosalas\/morganiti-zelta-auskari-naglinas-ar-morganitiem-un-dimantiem-0-60-ct\/","og_locale":"lv_LV","og_type":"article","og_title":"Nagli\u0146auskari ar morgan\u012btiem un dimantiem (0.60 ct)","og_description":"Halo dizaina zelta nagli\u0146u auskari ar spilvena formas morgan\u012btiem un dimantiem ap morgan\u012btu. Piem\u0113roti ikdienai un \u012bpa\u0161iem gad\u012bjumiem, izsmalcin\u0101tam stilam.","og_url":"https:\/\/fashiongold.lt\/lv\/papuosalas\/morganiti-zelta-auskari-naglinas-ar-morganitiem-un-dimantiem-0-60-ct\/","og_site_name":"FashionGold.lt","article_modified_time":"2026-02-11T20:33:22+00:00","og_image":[{"width":770,"height":754,"url":"https:\/\/fashiongold.lt\/wp-content\/uploads\/2025\/10\/13386-e13-Morganitai-auksiniai-auskarai-vinukai-su-morganitais-ir-deimantais-0.60-ct.webp","type":"image\/png"}],"twitter_card":"summary_large_image","twitter_misc":{"Est. reading time":"1 minute"},"schema":{"@context":"https:\/\/schema.org","@graph":[{"@type":"WebPage","@id":"https:\/\/fashiongold.lt\/lv\/papuosalas\/morganiti-zelta-auskari-naglinas-ar-morganitiem-un-dimantiem-0-60-ct\/","url":"https:\/\/fashiongold.lt\/lv\/papuosalas\/morganiti-zelta-auskari-naglinas-ar-morganitiem-un-dimantiem-0-60-ct\/","name":"Nagli\u0146auskari ar morgan\u012btiem un dimantiem (0.60 ct)","isPartOf":{"@id":"https:\/\/fashiongold.lt\/lv\/#website"},"primaryImageOfPage":{"@id":"https:\/\/fashiongold.lt\/lv\/papuosalas\/morganiti-zelta-auskari-naglinas-ar-morganitiem-un-dimantiem-0-60-ct\/#primaryimage"},"image":{"@id":"https:\/\/fashiongold.lt\/lv\/papuosalas\/morganiti-zelta-auskari-naglinas-ar-morganitiem-un-dimantiem-0-60-ct\/#primaryimage"},"thumbnailUrl":"https:\/\/fashiongold.lt\/wp-content\/uploads\/2025\/10\/13386-e13-Morganitai-auksiniai-auskarai-vinukai-su-morganitais-ir-deimantais-0.60-ct.png","datePublished":"2025-10-23T07:40:23+00:00","dateModified":"2026-02-11T20:33:22+00:00","description":"Halo dizaina zelta nagli\u0146u auskari ar spilvena formas morgan\u012btiem un dimantiem ap morgan\u012btu. Piem\u0113roti ikdienai un \u012bpa\u0161iem gad\u012bjumiem, izsmalcin\u0101tam stilam.","breadcrumb":{"@id":"https:\/\/fashiongold.lt\/lv\/papuosalas\/morganiti-zelta-auskari-naglinas-ar-morganitiem-un-dimantiem-0-60-ct\/#breadcrumb"},"inLanguage":"lv-LV","potentialAction":[{"@type":"ReadAction","target":["https:\/\/fashiongold.lt\/lv\/papuosalas\/morganiti-zelta-auskari-naglinas-ar-morganitiem-un-dimantiem-0-60-ct\/"]}]},{"@type":"ImageObject","inLanguage":"lv-LV","@id":"https:\/\/fashiongold.lt\/lv\/papuosalas\/morganiti-zelta-auskari-naglinas-ar-morganitiem-un-dimantiem-0-60-ct\/#primaryimage","url":"https:\/\/fashiongold.lt\/wp-content\/uploads\/2025\/10\/13386-e13-Morganitai-auksiniai-auskarai-vinukai-su-morganitais-ir-deimantais-0.60-ct.png","contentUrl":"https:\/\/fashiongold.lt\/wp-content\/uploads\/2025\/10\/13386-e13-Morganitai-auksiniai-auskarai-vinukai-su-morganitais-ir-deimantais-0.60-ct.png","width":770,"height":754},{"@type":"BreadcrumbList","@id":"https:\/\/fashiongold.lt\/lv\/papuosalas\/morganiti-zelta-auskari-naglinas-ar-morganitiem-un-dimantiem-0-60-ct\/#breadcrumb","itemListElement":[{"@type":"ListItem","position":1,"name":"Home","item":"https:\/\/fashiongold.lt\/lv\/"},{"@type":"ListItem","position":2,"name":"Dimantu veikals Fashiongold.lt","item":"https:\/\/fashiongold.lt\/shop-2\/"},{"@type":"ListItem","position":3,"name":"Morgan\u012bti &#8211; zelta auskari nagli\u0146as ar morgan\u012btiem un dimantiem (0.60 ct)"}]},{"@type":"WebSite","@id":"https:\/\/fashiongold.lt\/lv\/#website","url":"https:\/\/fashiongold.lt\/lv\/","name":"Fashion Gold","description":"Juvelyrikos namai","publisher":{"@id":"https:\/\/fashiongold.lt\/lv\/#organization"},"potentialAction":[{"@type":"SearchAction","target":{"@type":"EntryPoint","urlTemplate":"https:\/\/fashiongold.lt\/lv\/?s={search_term_string}"},"query-input":{"@type":"PropertyValueSpecification","valueRequired":true,"valueName":"search_term_string"}}],"inLanguage":"lv-LV"},{"@type":"Organization","@id":"https:\/\/fashiongold.lt\/lv\/#organization","name":"Topdiamonds Online","url":"https:\/\/fashiongold.lt\/lv\/","logo":{"@type":"ImageObject","inLanguage":"lv-LV","@id":"https:\/\/fashiongold.lt\/lv\/#\/schema\/logo\/image\/","url":"https:\/\/fashiongold.lt\/wp-content\/uploads\/2025\/04\/cropped-fashion_gold_logotipas2-scaled-1.png","contentUrl":"https:\/\/fashiongold.lt\/wp-content\/uploads\/2025\/04\/cropped-fashion_gold_logotipas2-scaled-1.png","width":2559,"height":421,"caption":"Topdiamonds Online"},"image":{"@id":"https:\/\/fashiongold.lt\/lv\/#\/schema\/logo\/image\/"}}]}},"_links":{"self":[{"href":"https:\/\/fashiongold.lt\/lv\/wp-json\/wp\/v2\/product\/279846","targetHints":{"allow":["GET"]}}],"collection":[{"href":"https:\/\/fashiongold.lt\/lv\/wp-json\/wp\/v2\/product"}],"about":[{"href":"https:\/\/fashiongold.lt\/lv\/wp-json\/wp\/v2\/types\/product"}],"version-history":[{"count":0,"href":"https:\/\/fashiongold.lt\/lv\/wp-json\/wp\/v2\/product\/279846\/revisions"}],"wp:featuredmedia":[{"embeddable":true,"href":"https:\/\/fashiongold.lt\/lv\/wp-json\/wp\/v2\/media\/240284"}],"wp:attachment":[{"href":"https:\/\/fashiongold.lt\/lv\/wp-json\/wp\/v2\/media?parent=279846"}],"wp:term":[{"taxonomy":"product_brand","embeddable":true,"href":"https:\/\/fashiongold.lt\/lv\/wp-json\/wp\/v2\/product_brand?post=279846"},{"taxonomy":"product_cat","embeddable":true,"href":"https:\/\/fashiongold.lt\/lv\/wp-json\/wp\/v2\/product_cat?post=279846"},{"taxonomy":"product_tag","embeddable":true,"href":"https:\/\/fashiongold.lt\/lv\/wp-json\/wp\/v2\/product_tag?post=279846"}],"curies":[{"name":"wp","href":"https:\/\/api.w.org\/{rel}","templated":true}]}}