{"id":279883,"date":"2025-10-23T07:36:48","date_gmt":"2025-10-23T07:36:48","guid":{"rendered":"https:\/\/fashiongold.lt\/papuosalas\/mandarina-citrini-auskari-ar-spilvena-formas-citriniem-un-dimantiem-9-46-ct\/"},"modified":"2026-02-11T20:33:34","modified_gmt":"2026-02-11T20:33:34","slug":"mandarina-citrini-auskari-ar-spilvena-formas-citriniem-un-dimantiem-9-46-ct","status":"publish","type":"product","link":"https:\/\/fashiongold.lt\/lv\/papuosalas\/mandarina-citrini-auskari-ar-spilvena-formas-citriniem-un-dimantiem-9-46-ct\/","title":{"rendered":"Mandar\u012bna citr\u012bni &#8211; auskari ar spilvena formas citr\u012bniem un dimantiem (9.46 ct)"},"content":{"rendered":"<h2>Citr\u012bni mandarin &#8211; auskari ar cushion formas citr\u012bniem un dimantiem (9.46 ct)<\/h2>\n<h3>Halo dizaina zelta auskari ar ang\u013cu aizdari ar 9.10 kar\u0101tu mandar\u012bna citr\u012bniem spilventi\u0146a form\u0101 un dimantiem.<\/h3>\n<p>Izgatavoti V\u0101cij\u0101 no augstas kvalit\u0101tes d\u0101rgakme\u0146iem. Lieliska izv\u0113le stil\u012bgai sievietei. Citr\u012bna ma\u0123iskais sp\u0113ks \u2013 tas darbojas k\u0101 amulets vai talismans, piesaistot veiksmi, bag\u0101t\u012bbu un labkl\u0101j\u012bbu. Citr\u012bns ir piem\u0113rots Auniem, Dv\u012b\u0146iem, Jaunav\u0101m, Svariem un Lauv\u0101m.<\/p>\n<p>\u2022 Auskaru zelts: 18 kar\u0101ti (750 prove) <\/p>\n<p>\u2022 Auskaru kr\u0101sa: dzeltenais zelts <\/p>\n<p>\u2022 Auskaru svars: aptuveni 4,20 &#8211; 4,50 g <\/p>\n<p>\u2022 Dimanta veids: Dab\u012bgs dimants <\/p>\n<p>\u2022 Dimanta forma: Apa\u013ca forma (Round cut) <\/p>\n<p>\u2022 Dimanta raksturojums: 0,36 ct, kr\u0101sa G-H (RW-W); dzidrums SI <\/p>\n<p>\u2022 Centr\u0101lais akmens: cushion formas citr\u012bni &#8211; 9.10 ct <\/p>\n<p>\u2022 Sertifik\u0101ts: Lietuvas Prove\u0161anas pal\u0101ta (LPR) <\/p>\n<p>\u2022 Izm\u0113ri: h: 26.0 mm x 13.40 th: 6.90 mm<\/p>\n<p>\u2022 Grav\u0113\u0161ana bez maksas <\/p>\n<p>\u2022 Vienreiz\u0113ja bezmaksas gredzena izm\u0113ra mai\u0146as garantija <\/p>\n<p>\u2022 Izgatavo\u0161anas un pieg\u0101des termi\u0146\u0161 no 21 darba dienas, steidzam\u012bbas k\u0101rt\u0101 3 d.d. laik\u0101. <\/p>\n<p><strong>Jums ir savs zelts? Sazinieties ar mums, m\u0113s p\u0101rr\u0113\u0137in\u0101sim cenu &#8211; maks\u0101siet tikai par auskaru izgatavo\u0161anu.<\/strong><\/p>\n","protected":false},"excerpt":{"rendered":"<p>Halo dizaina zelta auskari ar ang\u013cu aizdari, 9,10 kar\u0101tu spilventi\u0146a formas mandar\u012bna citr\u012bniem un dimantiem. Piem\u0113roti ikdienai un \u012bpa\u0161iem gad\u012bjumiem, izsmalcin\u0101tam stilam.<\/p>\n","protected":false},"featured_media":239733,"template":"","meta":{"site-sidebar-layout":"","site-content-layout":"","ast-site-content-layout":"","site-content-style":"","site-sidebar-style":"","ast-global-header-display":"","ast-banner-title-visibility":"","ast-main-header-display":"","ast-hfb-above-header-display":"","ast-hfb-below-header-display":"","ast-hfb-mobile-header-display":"","site-post-title":"","ast-breadcrumbs-content":"","ast-featured-img":"","footer-sml-layout":"","ast-disable-related-posts":"","theme-transparent-header-meta":"","adv-header-id-meta":"","stick-header-meta":"","header-above-stick-meta":"","header-main-stick-meta":"","header-below-stick-meta":"","astra-migrate-meta-layouts":"default","ast-page-background-enabled":"default","ast-page-background-meta":{"desktop":{"background-color":"var(--ast-global-color-4)","background-image":"","background-repeat":"repeat","background-position":"center center","background-size":"auto","background-attachment":"scroll","background-type":"","background-media":"","overlay-type":"","overlay-color":"","overlay-opacity":"","overlay-gradient":""},"tablet":{"background-color":"","background-image":"","background-repeat":"repeat","background-position":"center center","background-size":"auto","background-attachment":"scroll","background-type":"","background-media":"","overlay-type":"","overlay-color":"","overlay-opacity":"","overlay-gradient":""},"mobile":{"background-color":"","background-image":"","background-repeat":"repeat","background-position":"center center","background-size":"auto","background-attachment":"scroll","background-type":"","background-media":"","overlay-type":"","overlay-color":"","overlay-opacity":"","overlay-gradient":""}},"ast-content-background-meta":{"desktop":{"background-color":"var(--ast-global-color-5)","background-image":"","background-repeat":"repeat","background-position":"center center","background-size":"auto","background-attachment":"scroll","background-type":"","background-media":"","overlay-type":"","overlay-color":"","overlay-opacity":"","overlay-gradient":""},"tablet":{"background-color":"var(--ast-global-color-5)","background-image":"","background-repeat":"repeat","background-position":"center center","background-size":"auto","background-attachment":"scroll","background-type":"","background-media":"","overlay-type":"","overlay-color":"","overlay-opacity":"","overlay-gradient":""},"mobile":{"background-color":"var(--ast-global-color-5)","background-image":"","background-repeat":"repeat","background-position":"center center","background-size":"auto","background-attachment":"scroll","background-type":"","background-media":"","overlay-type":"","overlay-color":"","overlay-opacity":"","overlay-gradient":""}}},"product_brand":[],"product_cat":[3572,2980,2978,2915,2913,2921,2920,3403,2916,2914,3042,3401,2922,2937,3404,2936,2918],"product_tag":[],"class_list":{"0":"post-279883","1":"product","2":"type-product","3":"status-publish","4":"has-post-thumbnail","6":"product_cat-auskari-ar-anglu-aizdari","7":"product_cat-auskari-ar-dargakmeniem","8":"product_cat-auskari-ar-dimantiem","9":"product_cat-davanas-berna-piedzimsanai","10":"product_cat-davanas-dzimsanas-diena","11":"product_cat-davanas-ipasiem-gadijumiem","12":"product_cat-davanas-izlaidumam","13":"product_cat-davanas-kazam","14":"product_cat-davanas-kazu-gadadiena","15":"product_cat-davanas-sievietem","16":"product_cat-juvelierizstradajumi","17":"product_cat-kristibu-davanas","18":"product_cat-mates-dienas-davanas","19":"product_cat-rotaslietas-ar-pusdargakmeniem","20":"product_cat-svinigi-auskari","21":"product_cat-valentindienas-davanas","22":"product_cat-ziemassvetku-davanas","23":"desktop-align-center","24":"tablet-align-left","25":"mobile-align-left","26":"ast-product-gallery-layout-horizontal-slider","27":"ast-product-gallery-with-no-image","28":"ast-product-tabs-layout-accordion","29":"ast-qv-on-image","31":"first","32":"instock","33":"taxable","34":"shipping-taxable","35":"purchasable","36":"product-type-simple"},"yoast_head":"<!-- This site is optimized with the Yoast SEO plugin v26.6 - https:\/\/yoast.com\/wordpress\/plugins\/seo\/ -->\n<title>Mandar\u012bna citr\u012bni - auskari ar cushion formas citr\u012bniem un dimantiem<\/title>\n<meta name=\"description\" content=\"Halo dizaina auskari ar ang\u013cu aizdari, mandar\u012bna citr\u012bniem spilvena form\u0101 un dimantiem. Piem\u0113roti ikdienai un \u012bpa\u0161iem gad\u012bjumiem, izcilam stilam.\" \/>\n<meta name=\"robots\" content=\"index, follow, max-snippet:-1, max-image-preview:large, max-video-preview:-1\" \/>\n<link rel=\"canonical\" href=\"https:\/\/fashiongold.lt\/lv\/papuosalas\/mandarina-citrini-auskari-ar-spilvena-formas-citriniem-un-dimantiem-9-46-ct\/\" \/>\n<meta property=\"og:locale\" content=\"lv_LV\" \/>\n<meta property=\"og:type\" content=\"article\" \/>\n<meta property=\"og:title\" content=\"Mandar\u012bna citr\u012bni - auskari ar cushion formas citr\u012bniem un dimantiem\" \/>\n<meta property=\"og:description\" content=\"Halo dizaina auskari ar ang\u013cu aizdari, mandar\u012bna citr\u012bniem spilvena form\u0101 un dimantiem. Piem\u0113roti ikdienai un \u012bpa\u0161iem gad\u012bjumiem, izcilam stilam.\" \/>\n<meta property=\"og:url\" content=\"https:\/\/fashiongold.lt\/lv\/papuosalas\/mandarina-citrini-auskari-ar-spilvena-formas-citriniem-un-dimantiem-9-46-ct\/\" \/>\n<meta property=\"og:site_name\" content=\"FashionGold.lt\" \/>\n<meta property=\"article:modified_time\" content=\"2026-02-11T20:33:34+00:00\" \/>\n<meta property=\"og:image\" content=\"https:\/\/fashiongold.lt\/wp-content\/uploads\/2025\/10\/11849-570-Citrinai-mandarin-auskarai-su-cushion-formos-citrinais-ir-deimantais.webp\" \/>\n\t<meta property=\"og:image:width\" content=\"1000\" \/>\n\t<meta property=\"og:image:height\" content=\"1000\" \/>\n\t<meta property=\"og:image:type\" content=\"image\/png\" \/>\n<meta name=\"twitter:card\" content=\"summary_large_image\" \/>\n<meta name=\"twitter:label1\" content=\"Est. reading time\" \/>\n\t<meta name=\"twitter:data1\" content=\"1 minute\" \/>\n<script type=\"application\/ld+json\" class=\"yoast-schema-graph\">{\"@context\":\"https:\/\/schema.org\",\"@graph\":[{\"@type\":\"WebPage\",\"@id\":\"https:\/\/fashiongold.lt\/lv\/papuosalas\/mandarina-citrini-auskari-ar-spilvena-formas-citriniem-un-dimantiem-9-46-ct\/\",\"url\":\"https:\/\/fashiongold.lt\/lv\/papuosalas\/mandarina-citrini-auskari-ar-spilvena-formas-citriniem-un-dimantiem-9-46-ct\/\",\"name\":\"Mandar\u012bna citr\u012bni - auskari ar cushion formas citr\u012bniem un dimantiem\",\"isPartOf\":{\"@id\":\"https:\/\/fashiongold.lt\/lv\/#website\"},\"primaryImageOfPage\":{\"@id\":\"https:\/\/fashiongold.lt\/lv\/papuosalas\/mandarina-citrini-auskari-ar-spilvena-formas-citriniem-un-dimantiem-9-46-ct\/#primaryimage\"},\"image\":{\"@id\":\"https:\/\/fashiongold.lt\/lv\/papuosalas\/mandarina-citrini-auskari-ar-spilvena-formas-citriniem-un-dimantiem-9-46-ct\/#primaryimage\"},\"thumbnailUrl\":\"https:\/\/fashiongold.lt\/wp-content\/uploads\/2025\/10\/11849-570-Citrinai-mandarin-auskarai-su-cushion-formos-citrinais-ir-deimantais.png\",\"datePublished\":\"2025-10-23T07:36:48+00:00\",\"dateModified\":\"2026-02-11T20:33:34+00:00\",\"description\":\"Halo dizaina auskari ar ang\u013cu aizdari, mandar\u012bna citr\u012bniem spilvena form\u0101 un dimantiem. Piem\u0113roti ikdienai un \u012bpa\u0161iem gad\u012bjumiem, izcilam stilam.\",\"breadcrumb\":{\"@id\":\"https:\/\/fashiongold.lt\/lv\/papuosalas\/mandarina-citrini-auskari-ar-spilvena-formas-citriniem-un-dimantiem-9-46-ct\/#breadcrumb\"},\"inLanguage\":\"lv-LV\",\"potentialAction\":[{\"@type\":\"ReadAction\",\"target\":[\"https:\/\/fashiongold.lt\/lv\/papuosalas\/mandarina-citrini-auskari-ar-spilvena-formas-citriniem-un-dimantiem-9-46-ct\/\"]}]},{\"@type\":\"ImageObject\",\"inLanguage\":\"lv-LV\",\"@id\":\"https:\/\/fashiongold.lt\/lv\/papuosalas\/mandarina-citrini-auskari-ar-spilvena-formas-citriniem-un-dimantiem-9-46-ct\/#primaryimage\",\"url\":\"https:\/\/fashiongold.lt\/wp-content\/uploads\/2025\/10\/11849-570-Citrinai-mandarin-auskarai-su-cushion-formos-citrinais-ir-deimantais.png\",\"contentUrl\":\"https:\/\/fashiongold.lt\/wp-content\/uploads\/2025\/10\/11849-570-Citrinai-mandarin-auskarai-su-cushion-formos-citrinais-ir-deimantais.png\",\"width\":1000,\"height\":1000},{\"@type\":\"BreadcrumbList\",\"@id\":\"https:\/\/fashiongold.lt\/lv\/papuosalas\/mandarina-citrini-auskari-ar-spilvena-formas-citriniem-un-dimantiem-9-46-ct\/#breadcrumb\",\"itemListElement\":[{\"@type\":\"ListItem\",\"position\":1,\"name\":\"Home\",\"item\":\"https:\/\/fashiongold.lt\/lv\/\"},{\"@type\":\"ListItem\",\"position\":2,\"name\":\"Dimantu veikals Fashiongold.lt\",\"item\":\"https:\/\/fashiongold.lt\/shop-2\/\"},{\"@type\":\"ListItem\",\"position\":3,\"name\":\"Mandar\u012bna citr\u012bni &#8211; auskari ar spilvena formas citr\u012bniem un dimantiem (9.46 ct)\"}]},{\"@type\":\"WebSite\",\"@id\":\"https:\/\/fashiongold.lt\/lv\/#website\",\"url\":\"https:\/\/fashiongold.lt\/lv\/\",\"name\":\"Fashion Gold\",\"description\":\"Juvelyrikos namai\",\"publisher\":{\"@id\":\"https:\/\/fashiongold.lt\/lv\/#organization\"},\"potentialAction\":[{\"@type\":\"SearchAction\",\"target\":{\"@type\":\"EntryPoint\",\"urlTemplate\":\"https:\/\/fashiongold.lt\/lv\/?s={search_term_string}\"},\"query-input\":{\"@type\":\"PropertyValueSpecification\",\"valueRequired\":true,\"valueName\":\"search_term_string\"}}],\"inLanguage\":\"lv-LV\"},{\"@type\":\"Organization\",\"@id\":\"https:\/\/fashiongold.lt\/lv\/#organization\",\"name\":\"Topdiamonds Online\",\"url\":\"https:\/\/fashiongold.lt\/lv\/\",\"logo\":{\"@type\":\"ImageObject\",\"inLanguage\":\"lv-LV\",\"@id\":\"https:\/\/fashiongold.lt\/lv\/#\/schema\/logo\/image\/\",\"url\":\"https:\/\/fashiongold.lt\/wp-content\/uploads\/2025\/04\/cropped-fashion_gold_logotipas2-scaled-1.png\",\"contentUrl\":\"https:\/\/fashiongold.lt\/wp-content\/uploads\/2025\/04\/cropped-fashion_gold_logotipas2-scaled-1.png\",\"width\":2559,\"height\":421,\"caption\":\"Topdiamonds Online\"},\"image\":{\"@id\":\"https:\/\/fashiongold.lt\/lv\/#\/schema\/logo\/image\/\"}}]}<\/script>\n<!-- \/ Yoast SEO plugin. -->","yoast_head_json":{"title":"Mandar\u012bna citr\u012bni - auskari ar cushion formas citr\u012bniem un dimantiem","description":"Halo dizaina auskari ar ang\u013cu aizdari, mandar\u012bna citr\u012bniem spilvena form\u0101 un dimantiem. Piem\u0113roti ikdienai un \u012bpa\u0161iem gad\u012bjumiem, izcilam stilam.","robots":{"index":"index","follow":"follow","max-snippet":"max-snippet:-1","max-image-preview":"max-image-preview:large","max-video-preview":"max-video-preview:-1"},"canonical":"https:\/\/fashiongold.lt\/lv\/papuosalas\/mandarina-citrini-auskari-ar-spilvena-formas-citriniem-un-dimantiem-9-46-ct\/","og_locale":"lv_LV","og_type":"article","og_title":"Mandar\u012bna citr\u012bni - auskari ar cushion formas citr\u012bniem un dimantiem","og_description":"Halo dizaina auskari ar ang\u013cu aizdari, mandar\u012bna citr\u012bniem spilvena form\u0101 un dimantiem. Piem\u0113roti ikdienai un \u012bpa\u0161iem gad\u012bjumiem, izcilam stilam.","og_url":"https:\/\/fashiongold.lt\/lv\/papuosalas\/mandarina-citrini-auskari-ar-spilvena-formas-citriniem-un-dimantiem-9-46-ct\/","og_site_name":"FashionGold.lt","article_modified_time":"2026-02-11T20:33:34+00:00","og_image":[{"width":1000,"height":1000,"url":"https:\/\/fashiongold.lt\/wp-content\/uploads\/2025\/10\/11849-570-Citrinai-mandarin-auskarai-su-cushion-formos-citrinais-ir-deimantais.webp","type":"image\/png"}],"twitter_card":"summary_large_image","twitter_misc":{"Est. reading time":"1 minute"},"schema":{"@context":"https:\/\/schema.org","@graph":[{"@type":"WebPage","@id":"https:\/\/fashiongold.lt\/lv\/papuosalas\/mandarina-citrini-auskari-ar-spilvena-formas-citriniem-un-dimantiem-9-46-ct\/","url":"https:\/\/fashiongold.lt\/lv\/papuosalas\/mandarina-citrini-auskari-ar-spilvena-formas-citriniem-un-dimantiem-9-46-ct\/","name":"Mandar\u012bna citr\u012bni - auskari ar cushion formas citr\u012bniem un dimantiem","isPartOf":{"@id":"https:\/\/fashiongold.lt\/lv\/#website"},"primaryImageOfPage":{"@id":"https:\/\/fashiongold.lt\/lv\/papuosalas\/mandarina-citrini-auskari-ar-spilvena-formas-citriniem-un-dimantiem-9-46-ct\/#primaryimage"},"image":{"@id":"https:\/\/fashiongold.lt\/lv\/papuosalas\/mandarina-citrini-auskari-ar-spilvena-formas-citriniem-un-dimantiem-9-46-ct\/#primaryimage"},"thumbnailUrl":"https:\/\/fashiongold.lt\/wp-content\/uploads\/2025\/10\/11849-570-Citrinai-mandarin-auskarai-su-cushion-formos-citrinais-ir-deimantais.png","datePublished":"2025-10-23T07:36:48+00:00","dateModified":"2026-02-11T20:33:34+00:00","description":"Halo dizaina auskari ar ang\u013cu aizdari, mandar\u012bna citr\u012bniem spilvena form\u0101 un dimantiem. Piem\u0113roti ikdienai un \u012bpa\u0161iem gad\u012bjumiem, izcilam stilam.","breadcrumb":{"@id":"https:\/\/fashiongold.lt\/lv\/papuosalas\/mandarina-citrini-auskari-ar-spilvena-formas-citriniem-un-dimantiem-9-46-ct\/#breadcrumb"},"inLanguage":"lv-LV","potentialAction":[{"@type":"ReadAction","target":["https:\/\/fashiongold.lt\/lv\/papuosalas\/mandarina-citrini-auskari-ar-spilvena-formas-citriniem-un-dimantiem-9-46-ct\/"]}]},{"@type":"ImageObject","inLanguage":"lv-LV","@id":"https:\/\/fashiongold.lt\/lv\/papuosalas\/mandarina-citrini-auskari-ar-spilvena-formas-citriniem-un-dimantiem-9-46-ct\/#primaryimage","url":"https:\/\/fashiongold.lt\/wp-content\/uploads\/2025\/10\/11849-570-Citrinai-mandarin-auskarai-su-cushion-formos-citrinais-ir-deimantais.png","contentUrl":"https:\/\/fashiongold.lt\/wp-content\/uploads\/2025\/10\/11849-570-Citrinai-mandarin-auskarai-su-cushion-formos-citrinais-ir-deimantais.png","width":1000,"height":1000},{"@type":"BreadcrumbList","@id":"https:\/\/fashiongold.lt\/lv\/papuosalas\/mandarina-citrini-auskari-ar-spilvena-formas-citriniem-un-dimantiem-9-46-ct\/#breadcrumb","itemListElement":[{"@type":"ListItem","position":1,"name":"Home","item":"https:\/\/fashiongold.lt\/lv\/"},{"@type":"ListItem","position":2,"name":"Dimantu veikals Fashiongold.lt","item":"https:\/\/fashiongold.lt\/shop-2\/"},{"@type":"ListItem","position":3,"name":"Mandar\u012bna citr\u012bni &#8211; auskari ar spilvena formas citr\u012bniem un dimantiem (9.46 ct)"}]},{"@type":"WebSite","@id":"https:\/\/fashiongold.lt\/lv\/#website","url":"https:\/\/fashiongold.lt\/lv\/","name":"Fashion Gold","description":"Juvelyrikos namai","publisher":{"@id":"https:\/\/fashiongold.lt\/lv\/#organization"},"potentialAction":[{"@type":"SearchAction","target":{"@type":"EntryPoint","urlTemplate":"https:\/\/fashiongold.lt\/lv\/?s={search_term_string}"},"query-input":{"@type":"PropertyValueSpecification","valueRequired":true,"valueName":"search_term_string"}}],"inLanguage":"lv-LV"},{"@type":"Organization","@id":"https:\/\/fashiongold.lt\/lv\/#organization","name":"Topdiamonds Online","url":"https:\/\/fashiongold.lt\/lv\/","logo":{"@type":"ImageObject","inLanguage":"lv-LV","@id":"https:\/\/fashiongold.lt\/lv\/#\/schema\/logo\/image\/","url":"https:\/\/fashiongold.lt\/wp-content\/uploads\/2025\/04\/cropped-fashion_gold_logotipas2-scaled-1.png","contentUrl":"https:\/\/fashiongold.lt\/wp-content\/uploads\/2025\/04\/cropped-fashion_gold_logotipas2-scaled-1.png","width":2559,"height":421,"caption":"Topdiamonds Online"},"image":{"@id":"https:\/\/fashiongold.lt\/lv\/#\/schema\/logo\/image\/"}}]}},"_links":{"self":[{"href":"https:\/\/fashiongold.lt\/lv\/wp-json\/wp\/v2\/product\/279883","targetHints":{"allow":["GET"]}}],"collection":[{"href":"https:\/\/fashiongold.lt\/lv\/wp-json\/wp\/v2\/product"}],"about":[{"href":"https:\/\/fashiongold.lt\/lv\/wp-json\/wp\/v2\/types\/product"}],"version-history":[{"count":0,"href":"https:\/\/fashiongold.lt\/lv\/wp-json\/wp\/v2\/product\/279883\/revisions"}],"wp:featuredmedia":[{"embeddable":true,"href":"https:\/\/fashiongold.lt\/lv\/wp-json\/wp\/v2\/media\/239733"}],"wp:attachment":[{"href":"https:\/\/fashiongold.lt\/lv\/wp-json\/wp\/v2\/media?parent=279883"}],"wp:term":[{"taxonomy":"product_brand","embeddable":true,"href":"https:\/\/fashiongold.lt\/lv\/wp-json\/wp\/v2\/product_brand?post=279883"},{"taxonomy":"product_cat","embeddable":true,"href":"https:\/\/fashiongold.lt\/lv\/wp-json\/wp\/v2\/product_cat?post=279883"},{"taxonomy":"product_tag","embeddable":true,"href":"https:\/\/fashiongold.lt\/lv\/wp-json\/wp\/v2\/product_tag?post=279883"}],"curies":[{"name":"wp","href":"https:\/\/api.w.org\/{rel}","templated":true}]}}