{"id":279930,"date":"2025-10-17T11:04:28","date_gmt":"2025-10-17T11:04:28","guid":{"rendered":"https:\/\/fashiongold.lt\/papuosalas\/balta-zelta-kulons-ar-dimantu-sparns-0005-ct\/"},"modified":"2026-02-11T20:31:44","modified_gmt":"2026-02-11T20:31:44","slug":"balta-zelta-kulons-ar-dimantu-sparns-0005-ct","status":"publish","type":"product","link":"https:\/\/fashiongold.lt\/lv\/papuosalas\/balta-zelta-kulons-ar-dimantu-sparns-0005-ct\/","title":{"rendered":"Balt\u0101 zelta kulons ar dimantu \u2013 Sp\u0101rns (0,005 ct)"},"content":{"rendered":"<h2>Balt\u0101 zelta kulons ar dimantu (0,005 ct) \u2013 viegluma, br\u012bv\u012bbas un iedvesmas z\u012bme.<\/h2>\n<h3>Izteiksm\u012bgs sp\u0101rna formas kulons ar maigu dimanta mirdzumu \u2013 t\u0101 ir eleganta rota, kas atg\u0101dina par iek\u0161\u0113jo sp\u0113ku, sp\u0113ju pacelties p\u0101ri izaicin\u0101jumiem un saglab\u0101t viegluma saj\u016btu pat vissare\u017e\u0123\u012bt\u0101kajos dz\u012bves br\u012b\u017eos.<\/h3>\n<p>Izgatavots Lietuv\u0101, iev\u0113rojot augst\u0101kos juvelierizstr\u0101d\u0101jumu ra\u017eo\u0161anas standartus.<\/p>\n<p>\u2022 <a href=\"https:\/\/fashiongold.lt\/lv\/patarimai-lv\/zelta-prove-kulonam-ka-izveleties-piemerotako\/\" target=\"_blank\" rel=\"noopener\"><strong>Kulona met\u0101ls<\/strong><\/a>: 14K (585. prove);<\/p>\n<p>\u2022 <a href=\"https:\/\/fashiongold.lt\/lv\/patarimai-lv\/piekarini-un-zelta-krasa-ka-izveleties-balto-sarto-vai-dzelteno-zeltu\/\" target=\"_blank\" rel=\"noopener\"><strong>Kulona zelta kr\u0101sa<\/strong><\/a>: balta;<\/p>\n<p>\u2022 <a href=\"https:\/\/fashiongold.lt\/lv\/patarimai-lv\/kulons-ar-dimantu-ka-izveleties-zelta-svaru-krasu-un-piemerotu-kediti\/\" target=\"_blank\" rel=\"noopener\"><strong>Kulona zelta svars<\/strong><\/a>: 1,35 g;<\/p>\n<p>\u2022 <a href=\"https:\/\/fashiongold.lt\/lv\/patarimai-lv\/ideala-kombinacija-kulons-ar-dimantu-un-piemerots-kedites-garums\/\" target=\"_blank\" rel=\"noopener\"><strong>\u0136\u0113d\u012btes garums<\/strong><\/a>: 43-45 cm;<\/p>\n<p>\u2022 <strong><a href=\"https:\/\/fashiongold.lt\/lv\/patarimai-lv\/dimants-dabigs-laboratorija-audzets-vai-maksligs-ka-izveleties-pareizi\/\" target=\"_blank\" rel=\"noopener\">Dimanta veids<\/a><\/strong>: dabisks dimants;<\/p>\n<p>\u2022 <a href=\"https:\/\/fashiongold.lt\/lv\/patarimai-lv\/dimants-citas-dimanta-formas\/\" target=\"_blank\" rel=\"noopener\"><strong>Dimanta<\/strong><strong>\u00a0forma<\/strong><\/a>: Apa\u013ca forma (Round cut);<\/p>\n<p>\u2022 <a href=\"https:\/\/fashiongold.lt\/lv\/patarimai-lv\/dimants-ka-tiek-verteta-vertigaka-dargakmens-grezniba\/\" target=\"_blank\" rel=\"noopener\"><strong>Dimanta<\/strong><strong>\u00a0raksturojums<\/strong><\/a>: 0.005 ct dimants (dzidrums SI, kr\u0101sa W);<\/p>\n<p>\u2022 <strong><a href=\"https:\/\/fashiongold.lt\/lv\/patarimai-lv\/dimants-rubins-safirs-smaragds-dargakmenu-sertifikati\/\" target=\"_blank\" rel=\"noopener\">Sertifik\u0101ts<\/a><\/strong>: Lietuvas Prove\u0161anas pal\u0101ta (LPR) \u2013 AB363671;<\/p>\n<p>\u2022 Vienreiz\u0113ja bezmaksas <strong><a href=\"https:\/\/fashiongold.lt\/lv\/patarimai-lv\/zelta-kedite-bezmaksas-garuma-maina-iegadajoties-no-fashiongold-lt\/\">\u0137\u0113d\u012btes garuma mai\u0146as garantija<\/a><\/strong><\/p>\n<p>\u2022 <strong><a href=\"https:\/\/fashiongold.lt\/lv\/piegade-un-atgriesana\/\" target=\"_blank\" rel=\"noopener\">Pieg\u0101des termi\u0146\u0161<\/a><\/strong>: 1-4 d.d.<\/p>\n","protected":false},"excerpt":{"rendered":"<p>Sp\u0101rns simboliz\u0113 br\u012bv\u012bbu, vieglumu un iek\u0161\u0113jo sp\u0113ku. T\u0101p\u0113c \u0161is balt\u0101 zelta kulons ar dimantu k\u013c\u016bst par unik\u0101lu talismanu, kas atg\u0101dina par drosmi tiekties p\u0113c sap\u0146iem un sp\u0113ju pacelties virs ikdienas. Minim\u0101listiskais dizains ar subtilu dimanta mirdzumu pie\u0161\u0137ir rotai modernu eleganci, t\u0101p\u0113c t\u0101 ir lieliski piem\u0113rota gan ikdienas n\u0113s\u0101\u0161anai, gan \u012bpa\u0161iem gad\u012bjumiem.<\/p>\n","protected":false},"featured_media":54747,"template":"","meta":{"site-sidebar-layout":"default","site-content-layout":"","ast-site-content-layout":"default","site-content-style":"default","site-sidebar-style":"default","ast-global-header-display":"","ast-banner-title-visibility":"","ast-main-header-display":"","ast-hfb-above-header-display":"","ast-hfb-below-header-display":"","ast-hfb-mobile-header-display":"","site-post-title":"","ast-breadcrumbs-content":"","ast-featured-img":"","footer-sml-layout":"","ast-disable-related-posts":"","theme-transparent-header-meta":"default","adv-header-id-meta":"","stick-header-meta":"","header-above-stick-meta":"","header-main-stick-meta":"","header-below-stick-meta":"","astra-migrate-meta-layouts":"default","ast-page-background-enabled":"default","ast-page-background-meta":{"desktop":{"background-color":"var(--ast-global-color-4)","background-image":"","background-repeat":"repeat","background-position":"center center","background-size":"auto","background-attachment":"scroll","background-type":"","background-media":"","overlay-type":"","overlay-color":"","overlay-opacity":"","overlay-gradient":""},"tablet":{"background-color":"","background-image":"","background-repeat":"repeat","background-position":"center center","background-size":"auto","background-attachment":"scroll","background-type":"","background-media":"","overlay-type":"","overlay-color":"","overlay-opacity":"","overlay-gradient":""},"mobile":{"background-color":"","background-image":"","background-repeat":"repeat","background-position":"center center","background-size":"auto","background-attachment":"scroll","background-type":"","background-media":"","overlay-type":"","overlay-color":"","overlay-opacity":"","overlay-gradient":""}},"ast-content-background-meta":{"desktop":{"background-color":"var(--ast-global-color-5)","background-image":"","background-repeat":"repeat","background-position":"center center","background-size":"auto","background-attachment":"scroll","background-type":"","background-media":"","overlay-type":"","overlay-color":"","overlay-opacity":"","overlay-gradient":""},"tablet":{"background-color":"var(--ast-global-color-5)","background-image":"","background-repeat":"repeat","background-position":"center center","background-size":"auto","background-attachment":"scroll","background-type":"","background-media":"","overlay-type":"","overlay-color":"","overlay-opacity":"","overlay-gradient":""},"mobile":{"background-color":"var(--ast-global-color-5)","background-image":"","background-repeat":"repeat","background-position":"center center","background-size":"auto","background-attachment":"scroll","background-type":"","background-media":"","overlay-type":"","overlay-color":"","overlay-opacity":"","overlay-gradient":""}}},"product_brand":[],"product_cat":[2919,3406,2915,2913,2921,2920,3403,2916,2914,2917,3042,3492,3487,3489,3490,3401,3028,2922,2936,3029,3488,2918],"product_tag":[],"class_list":{"0":"post-279930","1":"product","2":"type-product","3":"status-publish","4":"has-post-thumbnail","6":"product_cat-baltzelta-rotaslietas","7":"product_cat-davana-pirmaja-komunija","8":"product_cat-davanas-berna-piedzimsanai","9":"product_cat-davanas-dzimsanas-diena","10":"product_cat-davanas-ipasiem-gadijumiem","11":"product_cat-davanas-izlaidumam","12":"product_cat-davanas-kazam","13":"product_cat-davanas-kazu-gadadiena","14":"product_cat-davanas-sievietem","15":"product_cat-davanas-viriesiem","16":"product_cat-juvelierizstradajumi","17":"product_cat-kedite-ar-dimantu","18":"product_cat-kedite-kristibam","19":"product_cat-kedite-viriesiem","20":"product_cat-kedites-ar-dimantiem","21":"product_cat-kristibu-davanas","22":"product_cat-kuloni-ar-dimantiem","23":"product_cat-mates-dienas-davanas","24":"product_cat-valentindienas-davanas","25":"product_cat-zelta-kedite-ar-piekarinu-pec-horoskopa","26":"product_cat-zelta-kedite-meitenem","27":"product_cat-ziemassvetku-davanas","28":"desktop-align-center","29":"tablet-align-left","30":"mobile-align-left","31":"ast-product-gallery-layout-horizontal-slider","32":"ast-product-single-variable","33":"ast-product-tabs-layout-accordion","34":"ast-qv-on-image","36":"first","37":"instock","38":"taxable","39":"shipping-taxable","40":"purchasable","41":"product-type-variable"},"yoast_head":"<!-- This site is optimized with the Yoast SEO plugin v26.6 - https:\/\/yoast.com\/wordpress\/plugins\/seo\/ -->\n<title>Balt\u0101 zelta kulons ar dimantu \u2013 Sp\u0101rns (0,005 ct)<\/title>\n<meta name=\"description\" content=\"\u0160is balt\u0101 zelta kulons ar dimantu sp\u0101rni\u0146\u0101 ir elegants br\u012bv\u012bbas un sp\u0113ka simbols, kas atg\u0101dina par sap\u0146iem un vieglumu.\" \/>\n<meta name=\"robots\" content=\"index, follow, max-snippet:-1, max-image-preview:large, max-video-preview:-1\" \/>\n<link rel=\"canonical\" href=\"https:\/\/fashiongold.lt\/lv\/papuosalas\/balta-zelta-kulons-ar-dimantu-sparns-0005-ct\/\" \/>\n<meta property=\"og:locale\" content=\"lv_LV\" \/>\n<meta property=\"og:type\" content=\"article\" \/>\n<meta property=\"og:title\" content=\"Balt\u0101 zelta kulons ar dimantu \u2013 Sp\u0101rns (0,005 ct)\" \/>\n<meta property=\"og:description\" content=\"\u0160is balt\u0101 zelta kulons ar dimantu sp\u0101rni\u0146\u0101 ir elegants br\u012bv\u012bbas un sp\u0113ka simbols, kas atg\u0101dina par sap\u0146iem un vieglumu.\" \/>\n<meta property=\"og:url\" content=\"https:\/\/fashiongold.lt\/lv\/papuosalas\/balta-zelta-kulons-ar-dimantu-sparns-0005-ct\/\" \/>\n<meta property=\"og:site_name\" content=\"FashionGold.lt\" \/>\n<meta property=\"article:modified_time\" content=\"2026-02-11T20:31:44+00:00\" \/>\n<meta property=\"og:image\" content=\"https:\/\/fashiongold.lt\/wp-content\/uploads\/2025\/10\/1742-496-Balto-aukso-pakabukas-Gyvenimo-sparnai-ir-grandinele.webp\" \/>\n\t<meta property=\"og:image:width\" content=\"1000\" \/>\n\t<meta property=\"og:image:height\" content=\"1000\" \/>\n\t<meta property=\"og:image:type\" content=\"image\/jpeg\" \/>\n<meta name=\"twitter:card\" content=\"summary_large_image\" \/>\n<meta name=\"twitter:label1\" content=\"Est. reading time\" \/>\n\t<meta name=\"twitter:data1\" content=\"1 minute\" \/>\n<script type=\"application\/ld+json\" class=\"yoast-schema-graph\">{\"@context\":\"https:\/\/schema.org\",\"@graph\":[{\"@type\":\"WebPage\",\"@id\":\"https:\/\/fashiongold.lt\/lv\/papuosalas\/balta-zelta-kulons-ar-dimantu-sparns-0005-ct\/\",\"url\":\"https:\/\/fashiongold.lt\/lv\/papuosalas\/balta-zelta-kulons-ar-dimantu-sparns-0005-ct\/\",\"name\":\"Balt\u0101 zelta kulons ar dimantu \u2013 Sp\u0101rns (0,005 ct)\",\"isPartOf\":{\"@id\":\"https:\/\/fashiongold.lt\/lv\/#website\"},\"primaryImageOfPage\":{\"@id\":\"https:\/\/fashiongold.lt\/lv\/papuosalas\/balta-zelta-kulons-ar-dimantu-sparns-0005-ct\/#primaryimage\"},\"image\":{\"@id\":\"https:\/\/fashiongold.lt\/lv\/papuosalas\/balta-zelta-kulons-ar-dimantu-sparns-0005-ct\/#primaryimage\"},\"thumbnailUrl\":\"https:\/\/fashiongold.lt\/wp-content\/uploads\/2025\/10\/1742-496-Balto-aukso-pakabukas-Gyvenimo-sparnai-ir-grandinele.jpg\",\"datePublished\":\"2025-10-17T11:04:28+00:00\",\"dateModified\":\"2026-02-11T20:31:44+00:00\",\"description\":\"\u0160is balt\u0101 zelta kulons ar dimantu sp\u0101rni\u0146\u0101 ir elegants br\u012bv\u012bbas un sp\u0113ka simbols, kas atg\u0101dina par sap\u0146iem un vieglumu.\",\"breadcrumb\":{\"@id\":\"https:\/\/fashiongold.lt\/lv\/papuosalas\/balta-zelta-kulons-ar-dimantu-sparns-0005-ct\/#breadcrumb\"},\"inLanguage\":\"lv-LV\",\"potentialAction\":[{\"@type\":\"ReadAction\",\"target\":[\"https:\/\/fashiongold.lt\/lv\/papuosalas\/balta-zelta-kulons-ar-dimantu-sparns-0005-ct\/\"]}]},{\"@type\":\"ImageObject\",\"inLanguage\":\"lv-LV\",\"@id\":\"https:\/\/fashiongold.lt\/lv\/papuosalas\/balta-zelta-kulons-ar-dimantu-sparns-0005-ct\/#primaryimage\",\"url\":\"https:\/\/fashiongold.lt\/wp-content\/uploads\/2025\/10\/1742-496-Balto-aukso-pakabukas-Gyvenimo-sparnai-ir-grandinele.jpg\",\"contentUrl\":\"https:\/\/fashiongold.lt\/wp-content\/uploads\/2025\/10\/1742-496-Balto-aukso-pakabukas-Gyvenimo-sparnai-ir-grandinele.jpg\",\"width\":1000,\"height\":1000},{\"@type\":\"BreadcrumbList\",\"@id\":\"https:\/\/fashiongold.lt\/lv\/papuosalas\/balta-zelta-kulons-ar-dimantu-sparns-0005-ct\/#breadcrumb\",\"itemListElement\":[{\"@type\":\"ListItem\",\"position\":1,\"name\":\"Home\",\"item\":\"https:\/\/fashiongold.lt\/lv\/\"},{\"@type\":\"ListItem\",\"position\":2,\"name\":\"Dimantu veikals Fashiongold.lt\",\"item\":\"https:\/\/fashiongold.lt\/shop-2\/\"},{\"@type\":\"ListItem\",\"position\":3,\"name\":\"Balt\u0101 zelta kulons ar dimantu \u2013 Sp\u0101rns (0,005 ct)\"}]},{\"@type\":\"WebSite\",\"@id\":\"https:\/\/fashiongold.lt\/lv\/#website\",\"url\":\"https:\/\/fashiongold.lt\/lv\/\",\"name\":\"Fashion Gold\",\"description\":\"Juvelyrikos namai\",\"publisher\":{\"@id\":\"https:\/\/fashiongold.lt\/lv\/#organization\"},\"potentialAction\":[{\"@type\":\"SearchAction\",\"target\":{\"@type\":\"EntryPoint\",\"urlTemplate\":\"https:\/\/fashiongold.lt\/lv\/?s={search_term_string}\"},\"query-input\":{\"@type\":\"PropertyValueSpecification\",\"valueRequired\":true,\"valueName\":\"search_term_string\"}}],\"inLanguage\":\"lv-LV\"},{\"@type\":\"Organization\",\"@id\":\"https:\/\/fashiongold.lt\/lv\/#organization\",\"name\":\"Topdiamonds Online\",\"url\":\"https:\/\/fashiongold.lt\/lv\/\",\"logo\":{\"@type\":\"ImageObject\",\"inLanguage\":\"lv-LV\",\"@id\":\"https:\/\/fashiongold.lt\/lv\/#\/schema\/logo\/image\/\",\"url\":\"https:\/\/fashiongold.lt\/wp-content\/uploads\/2025\/04\/cropped-fashion_gold_logotipas2-scaled-1.png\",\"contentUrl\":\"https:\/\/fashiongold.lt\/wp-content\/uploads\/2025\/04\/cropped-fashion_gold_logotipas2-scaled-1.png\",\"width\":2559,\"height\":421,\"caption\":\"Topdiamonds Online\"},\"image\":{\"@id\":\"https:\/\/fashiongold.lt\/lv\/#\/schema\/logo\/image\/\"}}]}<\/script>\n<!-- \/ Yoast SEO plugin. -->","yoast_head_json":{"title":"Balt\u0101 zelta kulons ar dimantu \u2013 Sp\u0101rns (0,005 ct)","description":"\u0160is balt\u0101 zelta kulons ar dimantu sp\u0101rni\u0146\u0101 ir elegants br\u012bv\u012bbas un sp\u0113ka simbols, kas atg\u0101dina par sap\u0146iem un vieglumu.","robots":{"index":"index","follow":"follow","max-snippet":"max-snippet:-1","max-image-preview":"max-image-preview:large","max-video-preview":"max-video-preview:-1"},"canonical":"https:\/\/fashiongold.lt\/lv\/papuosalas\/balta-zelta-kulons-ar-dimantu-sparns-0005-ct\/","og_locale":"lv_LV","og_type":"article","og_title":"Balt\u0101 zelta kulons ar dimantu \u2013 Sp\u0101rns (0,005 ct)","og_description":"\u0160is balt\u0101 zelta kulons ar dimantu sp\u0101rni\u0146\u0101 ir elegants br\u012bv\u012bbas un sp\u0113ka simbols, kas atg\u0101dina par sap\u0146iem un vieglumu.","og_url":"https:\/\/fashiongold.lt\/lv\/papuosalas\/balta-zelta-kulons-ar-dimantu-sparns-0005-ct\/","og_site_name":"FashionGold.lt","article_modified_time":"2026-02-11T20:31:44+00:00","og_image":[{"width":1000,"height":1000,"url":"https:\/\/fashiongold.lt\/wp-content\/uploads\/2025\/10\/1742-496-Balto-aukso-pakabukas-Gyvenimo-sparnai-ir-grandinele.webp","type":"image\/jpeg"}],"twitter_card":"summary_large_image","twitter_misc":{"Est. reading time":"1 minute"},"schema":{"@context":"https:\/\/schema.org","@graph":[{"@type":"WebPage","@id":"https:\/\/fashiongold.lt\/lv\/papuosalas\/balta-zelta-kulons-ar-dimantu-sparns-0005-ct\/","url":"https:\/\/fashiongold.lt\/lv\/papuosalas\/balta-zelta-kulons-ar-dimantu-sparns-0005-ct\/","name":"Balt\u0101 zelta kulons ar dimantu \u2013 Sp\u0101rns (0,005 ct)","isPartOf":{"@id":"https:\/\/fashiongold.lt\/lv\/#website"},"primaryImageOfPage":{"@id":"https:\/\/fashiongold.lt\/lv\/papuosalas\/balta-zelta-kulons-ar-dimantu-sparns-0005-ct\/#primaryimage"},"image":{"@id":"https:\/\/fashiongold.lt\/lv\/papuosalas\/balta-zelta-kulons-ar-dimantu-sparns-0005-ct\/#primaryimage"},"thumbnailUrl":"https:\/\/fashiongold.lt\/wp-content\/uploads\/2025\/10\/1742-496-Balto-aukso-pakabukas-Gyvenimo-sparnai-ir-grandinele.jpg","datePublished":"2025-10-17T11:04:28+00:00","dateModified":"2026-02-11T20:31:44+00:00","description":"\u0160is balt\u0101 zelta kulons ar dimantu sp\u0101rni\u0146\u0101 ir elegants br\u012bv\u012bbas un sp\u0113ka simbols, kas atg\u0101dina par sap\u0146iem un vieglumu.","breadcrumb":{"@id":"https:\/\/fashiongold.lt\/lv\/papuosalas\/balta-zelta-kulons-ar-dimantu-sparns-0005-ct\/#breadcrumb"},"inLanguage":"lv-LV","potentialAction":[{"@type":"ReadAction","target":["https:\/\/fashiongold.lt\/lv\/papuosalas\/balta-zelta-kulons-ar-dimantu-sparns-0005-ct\/"]}]},{"@type":"ImageObject","inLanguage":"lv-LV","@id":"https:\/\/fashiongold.lt\/lv\/papuosalas\/balta-zelta-kulons-ar-dimantu-sparns-0005-ct\/#primaryimage","url":"https:\/\/fashiongold.lt\/wp-content\/uploads\/2025\/10\/1742-496-Balto-aukso-pakabukas-Gyvenimo-sparnai-ir-grandinele.jpg","contentUrl":"https:\/\/fashiongold.lt\/wp-content\/uploads\/2025\/10\/1742-496-Balto-aukso-pakabukas-Gyvenimo-sparnai-ir-grandinele.jpg","width":1000,"height":1000},{"@type":"BreadcrumbList","@id":"https:\/\/fashiongold.lt\/lv\/papuosalas\/balta-zelta-kulons-ar-dimantu-sparns-0005-ct\/#breadcrumb","itemListElement":[{"@type":"ListItem","position":1,"name":"Home","item":"https:\/\/fashiongold.lt\/lv\/"},{"@type":"ListItem","position":2,"name":"Dimantu veikals Fashiongold.lt","item":"https:\/\/fashiongold.lt\/shop-2\/"},{"@type":"ListItem","position":3,"name":"Balt\u0101 zelta kulons ar dimantu \u2013 Sp\u0101rns (0,005 ct)"}]},{"@type":"WebSite","@id":"https:\/\/fashiongold.lt\/lv\/#website","url":"https:\/\/fashiongold.lt\/lv\/","name":"Fashion Gold","description":"Juvelyrikos namai","publisher":{"@id":"https:\/\/fashiongold.lt\/lv\/#organization"},"potentialAction":[{"@type":"SearchAction","target":{"@type":"EntryPoint","urlTemplate":"https:\/\/fashiongold.lt\/lv\/?s={search_term_string}"},"query-input":{"@type":"PropertyValueSpecification","valueRequired":true,"valueName":"search_term_string"}}],"inLanguage":"lv-LV"},{"@type":"Organization","@id":"https:\/\/fashiongold.lt\/lv\/#organization","name":"Topdiamonds Online","url":"https:\/\/fashiongold.lt\/lv\/","logo":{"@type":"ImageObject","inLanguage":"lv-LV","@id":"https:\/\/fashiongold.lt\/lv\/#\/schema\/logo\/image\/","url":"https:\/\/fashiongold.lt\/wp-content\/uploads\/2025\/04\/cropped-fashion_gold_logotipas2-scaled-1.png","contentUrl":"https:\/\/fashiongold.lt\/wp-content\/uploads\/2025\/04\/cropped-fashion_gold_logotipas2-scaled-1.png","width":2559,"height":421,"caption":"Topdiamonds Online"},"image":{"@id":"https:\/\/fashiongold.lt\/lv\/#\/schema\/logo\/image\/"}}]}},"_links":{"self":[{"href":"https:\/\/fashiongold.lt\/lv\/wp-json\/wp\/v2\/product\/279930","targetHints":{"allow":["GET"]}}],"collection":[{"href":"https:\/\/fashiongold.lt\/lv\/wp-json\/wp\/v2\/product"}],"about":[{"href":"https:\/\/fashiongold.lt\/lv\/wp-json\/wp\/v2\/types\/product"}],"version-history":[{"count":0,"href":"https:\/\/fashiongold.lt\/lv\/wp-json\/wp\/v2\/product\/279930\/revisions"}],"wp:featuredmedia":[{"embeddable":true,"href":"https:\/\/fashiongold.lt\/lv\/wp-json\/wp\/v2\/media\/54747"}],"wp:attachment":[{"href":"https:\/\/fashiongold.lt\/lv\/wp-json\/wp\/v2\/media?parent=279930"}],"wp:term":[{"taxonomy":"product_brand","embeddable":true,"href":"https:\/\/fashiongold.lt\/lv\/wp-json\/wp\/v2\/product_brand?post=279930"},{"taxonomy":"product_cat","embeddable":true,"href":"https:\/\/fashiongold.lt\/lv\/wp-json\/wp\/v2\/product_cat?post=279930"},{"taxonomy":"product_tag","embeddable":true,"href":"https:\/\/fashiongold.lt\/lv\/wp-json\/wp\/v2\/product_tag?post=279930"}],"curies":[{"name":"wp","href":"https:\/\/api.w.org\/{rel}","templated":true}]}}