{"id":280233,"date":"2025-10-23T09:26:22","date_gmt":"2025-10-23T09:26:22","guid":{"rendered":"https:\/\/fashiongold.lt\/papuosalas\/melna-diega-rokasspradze-ar-dzeltena-zelta-detalu-un-dimantu-001-ct\/"},"modified":"2026-02-11T20:41:13","modified_gmt":"2026-02-11T20:41:13","slug":"melna-diega-rokasspradze-ar-dzeltena-zelta-detalu-un-dimantu-001-ct","status":"publish","type":"product","link":"https:\/\/fashiongold.lt\/lv\/papuosalas\/melna-diega-rokasspradze-ar-dzeltena-zelta-detalu-un-dimantu-001-ct\/","title":{"rendered":"Melna diega rokasspr\u0101dze ar dzelten\u0101 zelta deta\u013cu un dimantu 0,01 ct"},"content":{"rendered":"<h2 class=\"p1\">Laimi neso\u0161a melna diega aproce ar dimantu (dzelten\u0101 zelta deta\u013ca)<\/h2>\n<h3 class=\"p1\">Melna diega aproce ar dzelten\u0101 zelta deta\u013cu un 0,01 kar\u0101tu dimantu. Dab\u012bgs dimants<\/h3>\n<p class=\"p1\">Ma\u0123isks melns diegs, kas nes laimi un piepilda v\u0113l\u0113\u0161an\u0101s. Piem\u0113rots gan v\u012brie\u0161iem, gan sieviet\u0113m vai b\u0113rniem, krist\u012bbu gad\u012bjum\u0101. <span style=\"font-size: 11px;\">Aproci rot\u0101 un par t\u0101s ekskluz\u012bvu akcentu kalpo 0,01 ct \u012bsts briljants, kas iestat\u012bts 585 proves ietvar\u0101. Izgatavots Lietuv\u0101.<\/span><\/p>\n<p class=\"p1\">Melnais diegs var tikt izgatavots p\u0113c pas\u016bt\u012bjuma: par papildu samaksu ar augst\u0101kas kvalit\u0101tes dimantiem.\u00a0<\/p>\n<p class=\"p1\">\u2022 Aproces zelta deta\u013cas met\u0101ls: 14K (585 prove), varam izgatavot no 10K (375 prove), 18K (750 prove), 950 plat\u012bna\u00a0 \u00a0 \u00a0 \u00a0 \u00a0<\/p>\n<p class=\"p1\">\u2022 Aproces zelta deta\u013cas kr\u0101sa: dzeltenais zelts, varam izgatavot ar\u012b no sarkan\u0101 zelta vai balt\u0101 zelta\u00a0 \u00a0<\/p>\n<p class=\"p1\">\u2022 Aproces zelta deta\u013cas svars (atkar\u012bgs no izm\u0113ra): aptuveni 0,15 g &#8211; 0,20 g\u00a0 \u00a0 \u00a0 \u00a0 \u00a0 \u00a0 \u00a0<\/p>\n<p class=\"p1\">\u2022 Aproces zelta deta\u013cas izm\u0113ri &#8211; 4.00 mm, briljanta izm\u0113rs &#8211; 1.35 mm.\u00a0<\/p>\n<p class=\"p1\">\u2022 Aproces garums &#8211; regul\u0113jams sasienot.\u00a0 \u00a0 \u00a0<\/p>\n<p class=\"p1\">\u2022 Dimanta tips: Dab\u012bgs dimants\u00a0<\/p>\n<p class=\"p1\">\u2022 Dimanta forma: Apa\u013cas formas (Round cut)\u00a0 \u00a0 \u00a0 \u00a0 \u00a0<\/p>\n<p class=\"p1\">\u2022 Dimanta raksturojums: 0.01 ct (kr\u0101sa G-H, dzidrums SI) (iesp\u0113jams main\u012bt)\u00a0 \u00a0 \u00a0 \u00a0 \u00a0<\/p>\n<p class=\"p1\">\u2022 Dimanta sertifik\u0101ts: Lietuvas Prove\u0161anas pal\u0101ta (LPR)\u00a0<\/p>\n<p class=\"p1\">\u2022 Sv\u0113tku iepakojums grezn\u0101 rotaslietu k\u0101rbi\u0146\u0101 un maisi\u0146\u0101 &#8211; BEZ MAKSAS.\u00a0<\/p>\n<p class=\"p1\"><strong>Vai jums ir savs d\u0101rgakmens? Sazinieties ar mums, m\u0113s p\u0101rr\u0113\u0137in\u0101sim cenu &#8211; j\u016bs maks\u0101siet tikai par d\u0101rgakmens iestat\u012b\u0161anu.\u00a0<\/strong><\/p>\n","protected":false},"excerpt":{"rendered":"<p>Amulets, kas nes laimi un pilda v\u0113lmes. \u0160is ma\u0123iskais melnais pavediens ar dzelten\u0101 zelta deta\u013cu ir piem\u0113rots gan v\u012brie\u0161iem, gan sieviet\u0113m un b\u0113rniem. Lieliska izv\u0113le d\u0101vanai dzim\u0161anas dien\u0101, pirmaj\u0101 kom\u016bnij\u0101, krist\u012bb\u0101s vai citos \u012bpa\u0161os gad\u012bjumos. Katrs pavediens tiek pasniegts ekskluz\u012bv\u0101 bezmaksas iepakojum\u0101, kas pie\u0161\u0137ir \u012bpa\u0161u un luksusa saj\u016btu.\u00a0<\/p>\n","protected":false},"featured_media":243358,"template":"","meta":{"site-sidebar-layout":"default","site-content-layout":"","ast-site-content-layout":"default","site-content-style":"default","site-sidebar-style":"default","ast-global-header-display":"","ast-banner-title-visibility":"","ast-main-header-display":"","ast-hfb-above-header-display":"","ast-hfb-below-header-display":"","ast-hfb-mobile-header-display":"","site-post-title":"","ast-breadcrumbs-content":"","ast-featured-img":"","footer-sml-layout":"","ast-disable-related-posts":"","theme-transparent-header-meta":"","adv-header-id-meta":"","stick-header-meta":"","header-above-stick-meta":"","header-main-stick-meta":"","header-below-stick-meta":"","astra-migrate-meta-layouts":"default","ast-page-background-enabled":"default","ast-page-background-meta":{"desktop":{"background-color":"var(--ast-global-color-4)","background-image":"","background-repeat":"repeat","background-position":"center center","background-size":"auto","background-attachment":"scroll","background-type":"","background-media":"","overlay-type":"","overlay-color":"","overlay-opacity":"","overlay-gradient":""},"tablet":{"background-color":"","background-image":"","background-repeat":"repeat","background-position":"center center","background-size":"auto","background-attachment":"scroll","background-type":"","background-media":"","overlay-type":"","overlay-color":"","overlay-opacity":"","overlay-gradient":""},"mobile":{"background-color":"","background-image":"","background-repeat":"repeat","background-position":"center center","background-size":"auto","background-attachment":"scroll","background-type":"","background-media":"","overlay-type":"","overlay-color":"","overlay-opacity":"","overlay-gradient":""}},"ast-content-background-meta":{"desktop":{"background-color":"var(--ast-global-color-5)","background-image":"","background-repeat":"repeat","background-position":"center center","background-size":"auto","background-attachment":"scroll","background-type":"","background-media":"","overlay-type":"","overlay-color":"","overlay-opacity":"","overlay-gradient":""},"tablet":{"background-color":"var(--ast-global-color-5)","background-image":"","background-repeat":"repeat","background-position":"center center","background-size":"auto","background-attachment":"scroll","background-type":"","background-media":"","overlay-type":"","overlay-color":"","overlay-opacity":"","overlay-gradient":""},"mobile":{"background-color":"var(--ast-global-color-5)","background-image":"","background-repeat":"repeat","background-position":"center center","background-size":"auto","background-attachment":"scroll","background-type":"","background-media":"","overlay-type":"","overlay-color":"","overlay-opacity":"","overlay-gradient":""}}},"product_brand":[],"product_cat":[2919,3406,2915,2913,2921,2920,3403,2916,2914,2917,3042,3401,2922,3557,2936,2918],"product_tag":[],"class_list":{"0":"post-280233","1":"product","2":"type-product","3":"status-publish","4":"has-post-thumbnail","6":"product_cat-baltzelta-rotaslietas","7":"product_cat-davana-pirmaja-komunija","8":"product_cat-davanas-berna-piedzimsanai","9":"product_cat-davanas-dzimsanas-diena","10":"product_cat-davanas-ipasiem-gadijumiem","11":"product_cat-davanas-izlaidumam","12":"product_cat-davanas-kazam","13":"product_cat-davanas-kazu-gadadiena","14":"product_cat-davanas-sievietem","15":"product_cat-davanas-viriesiem","16":"product_cat-juvelierizstradajumi","17":"product_cat-kristibu-davanas","18":"product_cat-mates-dienas-davanas","19":"product_cat-sarkana-diega-rokasspradzes","20":"product_cat-valentindienas-davanas","21":"product_cat-ziemassvetku-davanas","22":"desktop-align-center","23":"tablet-align-left","24":"mobile-align-left","25":"ast-product-gallery-layout-horizontal-slider","26":"ast-product-gallery-with-no-image","27":"ast-product-single-variable","28":"ast-product-tabs-layout-accordion","29":"ast-qv-on-image","31":"first","32":"instock","33":"taxable","34":"shipping-taxable","35":"purchasable","36":"product-type-variable"},"yoast_head":"<!-- This site is optimized with the Yoast SEO plugin v26.6 - https:\/\/yoast.com\/wordpress\/plugins\/seo\/ -->\n<title>Melna diega rokasspr\u0101dze ar dzelten\u0101 zelta deta\u013cu un dimantu 0,01 ct<\/title>\n<meta name=\"description\" content=\"Melns pavediens, kas nes laimi un piepilda v\u0113l\u0113\u0161an\u0101s, ar dzelten\u0101 zelta deta\u013cu un dimantu 0,01 ct. Piem\u0113rots v\u012brie\u0161iem, sieviet\u0113m un b\u0113rniem, \u012bpa\u0161am gad\u012bjumam.\" \/>\n<meta name=\"robots\" content=\"index, follow, max-snippet:-1, max-image-preview:large, max-video-preview:-1\" \/>\n<link rel=\"canonical\" href=\"https:\/\/fashiongold.lt\/lv\/papuosalas\/melna-diega-rokasspradze-ar-dzeltena-zelta-detalu-un-dimantu-001-ct\/\" \/>\n<meta property=\"og:locale\" content=\"lv_LV\" \/>\n<meta property=\"og:type\" content=\"article\" \/>\n<meta property=\"og:title\" content=\"Melna diega rokasspr\u0101dze ar dzelten\u0101 zelta deta\u013cu un dimantu 0,01 ct\" \/>\n<meta property=\"og:description\" content=\"Melns pavediens, kas nes laimi un piepilda v\u0113l\u0113\u0161an\u0101s, ar dzelten\u0101 zelta deta\u013cu un dimantu 0,01 ct. Piem\u0113rots v\u012brie\u0161iem, sieviet\u0113m un b\u0113rniem, \u012bpa\u0161am gad\u012bjumam.\" \/>\n<meta property=\"og:url\" content=\"https:\/\/fashiongold.lt\/lv\/papuosalas\/melna-diega-rokasspradze-ar-dzeltena-zelta-detalu-un-dimantu-001-ct\/\" \/>\n<meta property=\"og:site_name\" content=\"FashionGold.lt\" \/>\n<meta property=\"article:modified_time\" content=\"2026-02-11T20:41:13+00:00\" \/>\n<meta property=\"og:image\" content=\"https:\/\/fashiongold.lt\/wp-content\/uploads\/2025\/10\/23927-dfb-Juodo-siulo-apyranke-su-geltono-aukso-detale-ir-deimantu-001-ct.webp\" \/>\n\t<meta property=\"og:image:width\" content=\"1000\" \/>\n\t<meta property=\"og:image:height\" content=\"1000\" \/>\n\t<meta property=\"og:image:type\" content=\"image\/png\" \/>\n<meta name=\"twitter:card\" content=\"summary_large_image\" \/>\n<meta name=\"twitter:label1\" content=\"Est. reading time\" \/>\n\t<meta name=\"twitter:data1\" content=\"1 minute\" \/>\n<script type=\"application\/ld+json\" class=\"yoast-schema-graph\">{\"@context\":\"https:\/\/schema.org\",\"@graph\":[{\"@type\":\"WebPage\",\"@id\":\"https:\/\/fashiongold.lt\/lv\/papuosalas\/melna-diega-rokasspradze-ar-dzeltena-zelta-detalu-un-dimantu-001-ct\/\",\"url\":\"https:\/\/fashiongold.lt\/lv\/papuosalas\/melna-diega-rokasspradze-ar-dzeltena-zelta-detalu-un-dimantu-001-ct\/\",\"name\":\"Melna diega rokasspr\u0101dze ar dzelten\u0101 zelta deta\u013cu un dimantu 0,01 ct\",\"isPartOf\":{\"@id\":\"https:\/\/fashiongold.lt\/lv\/#website\"},\"primaryImageOfPage\":{\"@id\":\"https:\/\/fashiongold.lt\/lv\/papuosalas\/melna-diega-rokasspradze-ar-dzeltena-zelta-detalu-un-dimantu-001-ct\/#primaryimage\"},\"image\":{\"@id\":\"https:\/\/fashiongold.lt\/lv\/papuosalas\/melna-diega-rokasspradze-ar-dzeltena-zelta-detalu-un-dimantu-001-ct\/#primaryimage\"},\"thumbnailUrl\":\"https:\/\/fashiongold.lt\/wp-content\/uploads\/2025\/10\/23927-dfb-Juodo-siulo-apyranke-su-geltono-aukso-detale-ir-deimantu-001-ct.png\",\"datePublished\":\"2025-10-23T09:26:22+00:00\",\"dateModified\":\"2026-02-11T20:41:13+00:00\",\"description\":\"Melns pavediens, kas nes laimi un piepilda v\u0113l\u0113\u0161an\u0101s, ar dzelten\u0101 zelta deta\u013cu un dimantu 0,01 ct. Piem\u0113rots v\u012brie\u0161iem, sieviet\u0113m un b\u0113rniem, \u012bpa\u0161am gad\u012bjumam.\",\"breadcrumb\":{\"@id\":\"https:\/\/fashiongold.lt\/lv\/papuosalas\/melna-diega-rokasspradze-ar-dzeltena-zelta-detalu-un-dimantu-001-ct\/#breadcrumb\"},\"inLanguage\":\"lv-LV\",\"potentialAction\":[{\"@type\":\"ReadAction\",\"target\":[\"https:\/\/fashiongold.lt\/lv\/papuosalas\/melna-diega-rokasspradze-ar-dzeltena-zelta-detalu-un-dimantu-001-ct\/\"]}]},{\"@type\":\"ImageObject\",\"inLanguage\":\"lv-LV\",\"@id\":\"https:\/\/fashiongold.lt\/lv\/papuosalas\/melna-diega-rokasspradze-ar-dzeltena-zelta-detalu-un-dimantu-001-ct\/#primaryimage\",\"url\":\"https:\/\/fashiongold.lt\/wp-content\/uploads\/2025\/10\/23927-dfb-Juodo-siulo-apyranke-su-geltono-aukso-detale-ir-deimantu-001-ct.png\",\"contentUrl\":\"https:\/\/fashiongold.lt\/wp-content\/uploads\/2025\/10\/23927-dfb-Juodo-siulo-apyranke-su-geltono-aukso-detale-ir-deimantu-001-ct.png\",\"width\":1000,\"height\":1000},{\"@type\":\"BreadcrumbList\",\"@id\":\"https:\/\/fashiongold.lt\/lv\/papuosalas\/melna-diega-rokasspradze-ar-dzeltena-zelta-detalu-un-dimantu-001-ct\/#breadcrumb\",\"itemListElement\":[{\"@type\":\"ListItem\",\"position\":1,\"name\":\"Home\",\"item\":\"https:\/\/fashiongold.lt\/lv\/\"},{\"@type\":\"ListItem\",\"position\":2,\"name\":\"Dimantu veikals Fashiongold.lt\",\"item\":\"https:\/\/fashiongold.lt\/shop-2\/\"},{\"@type\":\"ListItem\",\"position\":3,\"name\":\"Melna diega rokasspr\u0101dze ar dzelten\u0101 zelta deta\u013cu un dimantu 0,01 ct\"}]},{\"@type\":\"WebSite\",\"@id\":\"https:\/\/fashiongold.lt\/lv\/#website\",\"url\":\"https:\/\/fashiongold.lt\/lv\/\",\"name\":\"Fashion Gold\",\"description\":\"Juvelyrikos namai\",\"publisher\":{\"@id\":\"https:\/\/fashiongold.lt\/lv\/#organization\"},\"potentialAction\":[{\"@type\":\"SearchAction\",\"target\":{\"@type\":\"EntryPoint\",\"urlTemplate\":\"https:\/\/fashiongold.lt\/lv\/?s={search_term_string}\"},\"query-input\":{\"@type\":\"PropertyValueSpecification\",\"valueRequired\":true,\"valueName\":\"search_term_string\"}}],\"inLanguage\":\"lv-LV\"},{\"@type\":\"Organization\",\"@id\":\"https:\/\/fashiongold.lt\/lv\/#organization\",\"name\":\"Topdiamonds Online\",\"url\":\"https:\/\/fashiongold.lt\/lv\/\",\"logo\":{\"@type\":\"ImageObject\",\"inLanguage\":\"lv-LV\",\"@id\":\"https:\/\/fashiongold.lt\/lv\/#\/schema\/logo\/image\/\",\"url\":\"https:\/\/fashiongold.lt\/wp-content\/uploads\/2025\/04\/cropped-fashion_gold_logotipas2-scaled-1.png\",\"contentUrl\":\"https:\/\/fashiongold.lt\/wp-content\/uploads\/2025\/04\/cropped-fashion_gold_logotipas2-scaled-1.png\",\"width\":2559,\"height\":421,\"caption\":\"Topdiamonds Online\"},\"image\":{\"@id\":\"https:\/\/fashiongold.lt\/lv\/#\/schema\/logo\/image\/\"}}]}<\/script>\n<!-- \/ Yoast SEO plugin. -->","yoast_head_json":{"title":"Melna diega rokasspr\u0101dze ar dzelten\u0101 zelta deta\u013cu un dimantu 0,01 ct","description":"Melns pavediens, kas nes laimi un piepilda v\u0113l\u0113\u0161an\u0101s, ar dzelten\u0101 zelta deta\u013cu un dimantu 0,01 ct. Piem\u0113rots v\u012brie\u0161iem, sieviet\u0113m un b\u0113rniem, \u012bpa\u0161am gad\u012bjumam.","robots":{"index":"index","follow":"follow","max-snippet":"max-snippet:-1","max-image-preview":"max-image-preview:large","max-video-preview":"max-video-preview:-1"},"canonical":"https:\/\/fashiongold.lt\/lv\/papuosalas\/melna-diega-rokasspradze-ar-dzeltena-zelta-detalu-un-dimantu-001-ct\/","og_locale":"lv_LV","og_type":"article","og_title":"Melna diega rokasspr\u0101dze ar dzelten\u0101 zelta deta\u013cu un dimantu 0,01 ct","og_description":"Melns pavediens, kas nes laimi un piepilda v\u0113l\u0113\u0161an\u0101s, ar dzelten\u0101 zelta deta\u013cu un dimantu 0,01 ct. Piem\u0113rots v\u012brie\u0161iem, sieviet\u0113m un b\u0113rniem, \u012bpa\u0161am gad\u012bjumam.","og_url":"https:\/\/fashiongold.lt\/lv\/papuosalas\/melna-diega-rokasspradze-ar-dzeltena-zelta-detalu-un-dimantu-001-ct\/","og_site_name":"FashionGold.lt","article_modified_time":"2026-02-11T20:41:13+00:00","og_image":[{"width":1000,"height":1000,"url":"https:\/\/fashiongold.lt\/wp-content\/uploads\/2025\/10\/23927-dfb-Juodo-siulo-apyranke-su-geltono-aukso-detale-ir-deimantu-001-ct.webp","type":"image\/png"}],"twitter_card":"summary_large_image","twitter_misc":{"Est. reading time":"1 minute"},"schema":{"@context":"https:\/\/schema.org","@graph":[{"@type":"WebPage","@id":"https:\/\/fashiongold.lt\/lv\/papuosalas\/melna-diega-rokasspradze-ar-dzeltena-zelta-detalu-un-dimantu-001-ct\/","url":"https:\/\/fashiongold.lt\/lv\/papuosalas\/melna-diega-rokasspradze-ar-dzeltena-zelta-detalu-un-dimantu-001-ct\/","name":"Melna diega rokasspr\u0101dze ar dzelten\u0101 zelta deta\u013cu un dimantu 0,01 ct","isPartOf":{"@id":"https:\/\/fashiongold.lt\/lv\/#website"},"primaryImageOfPage":{"@id":"https:\/\/fashiongold.lt\/lv\/papuosalas\/melna-diega-rokasspradze-ar-dzeltena-zelta-detalu-un-dimantu-001-ct\/#primaryimage"},"image":{"@id":"https:\/\/fashiongold.lt\/lv\/papuosalas\/melna-diega-rokasspradze-ar-dzeltena-zelta-detalu-un-dimantu-001-ct\/#primaryimage"},"thumbnailUrl":"https:\/\/fashiongold.lt\/wp-content\/uploads\/2025\/10\/23927-dfb-Juodo-siulo-apyranke-su-geltono-aukso-detale-ir-deimantu-001-ct.png","datePublished":"2025-10-23T09:26:22+00:00","dateModified":"2026-02-11T20:41:13+00:00","description":"Melns pavediens, kas nes laimi un piepilda v\u0113l\u0113\u0161an\u0101s, ar dzelten\u0101 zelta deta\u013cu un dimantu 0,01 ct. Piem\u0113rots v\u012brie\u0161iem, sieviet\u0113m un b\u0113rniem, \u012bpa\u0161am gad\u012bjumam.","breadcrumb":{"@id":"https:\/\/fashiongold.lt\/lv\/papuosalas\/melna-diega-rokasspradze-ar-dzeltena-zelta-detalu-un-dimantu-001-ct\/#breadcrumb"},"inLanguage":"lv-LV","potentialAction":[{"@type":"ReadAction","target":["https:\/\/fashiongold.lt\/lv\/papuosalas\/melna-diega-rokasspradze-ar-dzeltena-zelta-detalu-un-dimantu-001-ct\/"]}]},{"@type":"ImageObject","inLanguage":"lv-LV","@id":"https:\/\/fashiongold.lt\/lv\/papuosalas\/melna-diega-rokasspradze-ar-dzeltena-zelta-detalu-un-dimantu-001-ct\/#primaryimage","url":"https:\/\/fashiongold.lt\/wp-content\/uploads\/2025\/10\/23927-dfb-Juodo-siulo-apyranke-su-geltono-aukso-detale-ir-deimantu-001-ct.png","contentUrl":"https:\/\/fashiongold.lt\/wp-content\/uploads\/2025\/10\/23927-dfb-Juodo-siulo-apyranke-su-geltono-aukso-detale-ir-deimantu-001-ct.png","width":1000,"height":1000},{"@type":"BreadcrumbList","@id":"https:\/\/fashiongold.lt\/lv\/papuosalas\/melna-diega-rokasspradze-ar-dzeltena-zelta-detalu-un-dimantu-001-ct\/#breadcrumb","itemListElement":[{"@type":"ListItem","position":1,"name":"Home","item":"https:\/\/fashiongold.lt\/lv\/"},{"@type":"ListItem","position":2,"name":"Dimantu veikals Fashiongold.lt","item":"https:\/\/fashiongold.lt\/shop-2\/"},{"@type":"ListItem","position":3,"name":"Melna diega rokasspr\u0101dze ar dzelten\u0101 zelta deta\u013cu un dimantu 0,01 ct"}]},{"@type":"WebSite","@id":"https:\/\/fashiongold.lt\/lv\/#website","url":"https:\/\/fashiongold.lt\/lv\/","name":"Fashion Gold","description":"Juvelyrikos namai","publisher":{"@id":"https:\/\/fashiongold.lt\/lv\/#organization"},"potentialAction":[{"@type":"SearchAction","target":{"@type":"EntryPoint","urlTemplate":"https:\/\/fashiongold.lt\/lv\/?s={search_term_string}"},"query-input":{"@type":"PropertyValueSpecification","valueRequired":true,"valueName":"search_term_string"}}],"inLanguage":"lv-LV"},{"@type":"Organization","@id":"https:\/\/fashiongold.lt\/lv\/#organization","name":"Topdiamonds Online","url":"https:\/\/fashiongold.lt\/lv\/","logo":{"@type":"ImageObject","inLanguage":"lv-LV","@id":"https:\/\/fashiongold.lt\/lv\/#\/schema\/logo\/image\/","url":"https:\/\/fashiongold.lt\/wp-content\/uploads\/2025\/04\/cropped-fashion_gold_logotipas2-scaled-1.png","contentUrl":"https:\/\/fashiongold.lt\/wp-content\/uploads\/2025\/04\/cropped-fashion_gold_logotipas2-scaled-1.png","width":2559,"height":421,"caption":"Topdiamonds Online"},"image":{"@id":"https:\/\/fashiongold.lt\/lv\/#\/schema\/logo\/image\/"}}]}},"_links":{"self":[{"href":"https:\/\/fashiongold.lt\/lv\/wp-json\/wp\/v2\/product\/280233","targetHints":{"allow":["GET"]}}],"collection":[{"href":"https:\/\/fashiongold.lt\/lv\/wp-json\/wp\/v2\/product"}],"about":[{"href":"https:\/\/fashiongold.lt\/lv\/wp-json\/wp\/v2\/types\/product"}],"version-history":[{"count":0,"href":"https:\/\/fashiongold.lt\/lv\/wp-json\/wp\/v2\/product\/280233\/revisions"}],"wp:featuredmedia":[{"embeddable":true,"href":"https:\/\/fashiongold.lt\/lv\/wp-json\/wp\/v2\/media\/243358"}],"wp:attachment":[{"href":"https:\/\/fashiongold.lt\/lv\/wp-json\/wp\/v2\/media?parent=280233"}],"wp:term":[{"taxonomy":"product_brand","embeddable":true,"href":"https:\/\/fashiongold.lt\/lv\/wp-json\/wp\/v2\/product_brand?post=280233"},{"taxonomy":"product_cat","embeddable":true,"href":"https:\/\/fashiongold.lt\/lv\/wp-json\/wp\/v2\/product_cat?post=280233"},{"taxonomy":"product_tag","embeddable":true,"href":"https:\/\/fashiongold.lt\/lv\/wp-json\/wp\/v2\/product_tag?post=280233"}],"curies":[{"name":"wp","href":"https:\/\/api.w.org\/{rel}","templated":true}]}}