{"id":280376,"date":"2025-10-17T11:01:31","date_gmt":"2025-10-17T11:01:31","guid":{"rendered":"https:\/\/fashiongold.lt\/papuosalas\/saderinasanas-gredzens-ar-laboratorija-audzetu-dimantu-015-ct\/"},"modified":"2026-02-11T20:40:29","modified_gmt":"2026-02-11T20:40:29","slug":"saderinasanas-gredzens-ar-laboratorija-audzetu-dimantu-015-ct","status":"publish","type":"product","link":"https:\/\/fashiongold.lt\/lv\/papuosalas\/saderinasanas-gredzens-ar-laboratorija-audzetu-dimantu-015-ct\/","title":{"rendered":"Saderin\u0101\u0161an\u0101s gredzens ar laboratorij\u0101 audz\u0113tu dimantu (0,15 ct)"},"content":{"rendered":"<h2>M\u016bsdien\u012bga elegance \u2013 saderin\u0101\u0161an\u0101s gredzens ar laboratorij\u0101 audz\u0113tu dimantu (0,15 ct)<\/h2>\n<h3>Balt\u0101 zelta saderin\u0101\u0161an\u0101s gredzens ar laboratorij\u0101 audz\u0113tu dimantu. Klasisks dizains savienojas ar modern\u0101m tehnolo\u0123ij\u0101m, pie\u0161\u0137irot gredzenam gan mirdzumu, gan ilgtsp\u0113jas v\u0113rt\u012bbu.<\/h3>\n<p>Izgatavots Lietuv\u0101, iev\u0113rojot augst\u0101kos juvelierizstr\u0101d\u0101jumu ra\u017eo\u0161anas standartus.<\/p>\n<p>\u2022 <strong><a href=\"https:\/\/fashiongold.lt\/lv\/patarimai-lv\/zelta-prove-juvelierizstradajumiem-ka-izveleties-piemerotako\/\" target=\"_blank\" rel=\"noopener\">Gredzena met\u0101ls<\/a><\/strong>: 14K (585 prove);<\/p>\n<p>\u2022 <strong><a href=\"https:\/\/fashiongold.lt\/lv\/patarimai-lv\/saderinasanas-un-laulibu-gredzenu-zelta-krasa-baltais-sarkanais-vai-dzeltenais-zelts\/\" target=\"_blank\" rel=\"noopener\">Gredzena kr\u0101sa<\/a><\/strong>: balta;<\/p>\n<p>\u2022 <strong><a href=\"https:\/\/fashiongold.lt\/lv\/patarimai-lv\/gredzeni-ar-dimantiem-gredzena-zelta-svars-un-dimantu-svars-karatos-ka-izveleties-piemerotako-ieteikumi-ka-saprast-un-novertet\/\" target=\"_blank\" rel=\"noopener\">Gredzena svars<\/a><\/strong>: 1,53 g;<\/p>\n<p>\u2022 <strong><a href=\"https:\/\/fashiongold.lt\/lv\/patarimai-lv\/saderinasanas-gredzeni-perfektu-proporciju-noslepums-kapec-dazi-gredzeni-ar-dimantiem-izskatas-greznak\/\" target=\"_blank\" rel=\"noopener\">Gredzena izm\u0113ri<\/a><\/strong>: kro\u0146a augstums aptuveni 4,9 mm, st\u012bpi\u0146as platums aptuveni 1,8 mm;<\/p>\n<p>\u2022 <strong><a href=\"https:\/\/fashiongold.lt\/lv\/patarimai-lv\/gredzena-komforta-zona-vai-gredzena-ertums\/\" target=\"_blank\" rel=\"noopener\">Gredzena komforta zona<\/a><\/strong>: ir;<\/p>\n<p>\u2022 <strong><a href=\"https:\/\/fashiongold.lt\/lv\/patarimai-lv\/dimants-dabigs-laboratorija-audzets-vai-maksligs-ka-izveleties-pareizi\/\" target=\"_blank\" rel=\"noopener\">Dimanta tips<\/a><\/strong>: Laboratorij\u0101 audz\u0113ts dimants;<\/p>\n<p>\u2022 <strong><a href=\"https:\/\/fashiongold.lt\/lv\/patarimai-lv\/dimants-citas-dimanta-formas\/\" target=\"_blank\" rel=\"noopener\">Dimanta forma<\/a><\/strong>: Apa\u013ca forma (Round cut);<\/p>\n<p>\u2022 <strong><a href=\"https:\/\/fashiongold.lt\/lv\/patarimai-lv\/dimants-ka-tiek-verteta-vertigaka-dargakmens-grezniba\/\" target=\"_blank\" rel=\"noopener\">Dimanta raksturojums<\/a><\/strong>: 0,15 ct dimants (kr\u0101sa H, dzidrums SI2);<\/p>\n<p>\u2022 <strong><a href=\"https:\/\/fashiongold.lt\/lv\/patarimai-lv\/dimants-rubins-safirs-smaragds-dargakmenu-sertifikati\/\" target=\"_blank\" rel=\"noopener\">Sertifik\u0101ts<\/a><\/strong>: Lietuvas Prob\u0101cijas pal\u0101ta (LPR) \u2013 AB330871;<\/p>\n<p>\u2022 <strong><a href=\"https:\/\/fashiongold.lt\/lv\/patarimai-lv\/saderinasanas-gredzeni-vai-gredzenu-var-iegravet-detalas-kas-pieskir-jusu-saderinasanas-gredzenam-individualitati\/\" target=\"_blank\" rel=\"noopener\">Grav\u0113\u0161ana<\/a><\/strong> bez maksas;<\/p>\n<p>\u2022 Vienreiz\u0113ja bezmaksas <strong><a href=\"https:\/\/fashiongold.lt\/lv\/patarimai-lv\/saderinasanas-gredzeni-bezmaksas-izmera-pielagosana-lai-gredzens-deretu-ideali\/\" target=\"_blank\" rel=\"noopener\">gredzena izm\u0113ra mai\u0146as garantija<\/a><\/strong> (p\u0113c iesp\u0113jas);<\/p>\n<p>\u2022 <strong><a href=\"https:\/\/fashiongold.lt\/lv\/piegade-un-atgriesana\/\" target=\"_blank\" rel=\"noopener\">Pieg\u0101des termi\u0146\u0161<\/a><\/strong>: 1-4 d. d.<\/p>\n","protected":false},"excerpt":{"rendered":"<p>Balt\u0101 zelta saderin\u0101\u0161an\u0101s gredzens ar audz\u0113tu 0,15 ct dimantu \u2013 rafin\u0113ta izv\u0113le tiem, kuri nov\u0113rt\u0113 gan skaistumu, gan apzin\u0101t\u012bbu. Prec\u012bzi iestr\u0101d\u0101ts akmens mirdz tikpat spo\u017ei k\u0101 dab\u012bgais dimants, bet t\u012br\u0101s gredzena l\u012bnijas pie\u0161\u0137ir tam klasisku eleganci. \u0160\u012b rota simboliz\u0113 m\u016b\u017e\u012bgu m\u012blest\u012bbu, apvienojot m\u016bsdien\u012bgu ilgtsp\u0113j\u012bbu ar laika p\u0101rbaud\u012btu skaistumu.<\/p>\n","protected":false},"featured_media":223423,"template":"","meta":{"site-sidebar-layout":"default","site-content-layout":"","ast-site-content-layout":"default","site-content-style":"default","site-sidebar-style":"default","ast-global-header-display":"","ast-banner-title-visibility":"","ast-main-header-display":"","ast-hfb-above-header-display":"","ast-hfb-below-header-display":"","ast-hfb-mobile-header-display":"","site-post-title":"","ast-breadcrumbs-content":"","ast-featured-img":"","footer-sml-layout":"","ast-disable-related-posts":"","theme-transparent-header-meta":"default","adv-header-id-meta":"","stick-header-meta":"","header-above-stick-meta":"","header-main-stick-meta":"","header-below-stick-meta":"","astra-migrate-meta-layouts":"default","ast-page-background-enabled":"default","ast-page-background-meta":{"desktop":{"background-color":"var(--ast-global-color-4)","background-image":"","background-repeat":"repeat","background-position":"center center","background-size":"auto","background-attachment":"scroll","background-type":"","background-media":"","overlay-type":"","overlay-color":"","overlay-opacity":"","overlay-gradient":""},"tablet":{"background-color":"","background-image":"","background-repeat":"repeat","background-position":"center center","background-size":"auto","background-attachment":"scroll","background-type":"","background-media":"","overlay-type":"","overlay-color":"","overlay-opacity":"","overlay-gradient":""},"mobile":{"background-color":"","background-image":"","background-repeat":"repeat","background-position":"center center","background-size":"auto","background-attachment":"scroll","background-type":"","background-media":"","overlay-type":"","overlay-color":"","overlay-opacity":"","overlay-gradient":""}},"ast-content-background-meta":{"desktop":{"background-color":"var(--ast-global-color-5)","background-image":"","background-repeat":"repeat","background-position":"center center","background-size":"auto","background-attachment":"scroll","background-type":"","background-media":"","overlay-type":"","overlay-color":"","overlay-opacity":"","overlay-gradient":""},"tablet":{"background-color":"var(--ast-global-color-5)","background-image":"","background-repeat":"repeat","background-position":"center center","background-size":"auto","background-attachment":"scroll","background-type":"","background-media":"","overlay-type":"","overlay-color":"","overlay-opacity":"","overlay-gradient":""},"mobile":{"background-color":"var(--ast-global-color-5)","background-image":"","background-repeat":"repeat","background-position":"center center","background-size":"auto","background-attachment":"scroll","background-type":"","background-media":"","overlay-type":"","overlay-color":"","overlay-opacity":"","overlay-gradient":""}}},"product_brand":[],"product_cat":[3613,3561,3439,3560,3447],"product_tag":[],"class_list":{"0":"post-280376","1":"product","2":"type-product","3":"status-publish","4":"has-post-thumbnail","6":"product_cat-dimantu-veikals-pieejami-uz-vietas","7":"product_cat-gredzeni-ar-laboratorijas-dimantiem-audzeti-dimanti","8":"product_cat-saderinasanas-gredzeni","9":"product_cat-saderinasanas-gredzeni-ar-laboratorijas-dimantiem","10":"product_cat-top-saderinasanas-gredzeni","11":"desktop-align-center","12":"tablet-align-left","13":"mobile-align-left","14":"ast-product-gallery-layout-horizontal-slider","15":"ast-product-single-variable","16":"ast-product-tabs-layout-accordion","17":"ast-qv-on-image","19":"first","20":"instock","21":"taxable","22":"shipping-taxable","23":"purchasable","24":"product-type-variable"},"yoast_head":"<!-- This site is optimized with the Yoast SEO plugin v26.6 - https:\/\/yoast.com\/wordpress\/plugins\/seo\/ -->\n<title>Saderin\u0101\u0161an\u0101s gredzens ar audz\u0113tu dimantu (0,15 ct)<\/title>\n<meta name=\"description\" content=\"Balt\u0101 zelta saderin\u0101\u0161an\u0101s gredzens ar laboratorij\u0101 audz\u0113tu dimantu. Ilgtsp\u0113j\u012bga elegance, moderna pieeja un nevainojams mirdzums.\" \/>\n<meta name=\"robots\" content=\"index, follow, max-snippet:-1, max-image-preview:large, max-video-preview:-1\" \/>\n<link rel=\"canonical\" href=\"https:\/\/fashiongold.lt\/lv\/papuosalas\/saderinasanas-gredzens-ar-laboratorija-audzetu-dimantu-015-ct\/\" \/>\n<meta property=\"og:locale\" content=\"lv_LV\" \/>\n<meta property=\"og:type\" content=\"article\" \/>\n<meta property=\"og:title\" content=\"Saderin\u0101\u0161an\u0101s gredzens ar audz\u0113tu dimantu (0,15 ct)\" \/>\n<meta property=\"og:description\" content=\"Balt\u0101 zelta saderin\u0101\u0161an\u0101s gredzens ar laboratorij\u0101 audz\u0113tu dimantu. Ilgtsp\u0113j\u012bga elegance, moderna pieeja un nevainojams mirdzums.\" \/>\n<meta property=\"og:url\" content=\"https:\/\/fashiongold.lt\/lv\/papuosalas\/saderinasanas-gredzens-ar-laboratorija-audzetu-dimantu-015-ct\/\" \/>\n<meta property=\"og:site_name\" content=\"FashionGold.lt\" \/>\n<meta property=\"article:modified_time\" content=\"2026-02-11T20:40:29+00:00\" \/>\n<meta property=\"og:image\" content=\"https:\/\/fashiongold.lt\/wp-content\/uploads\/2025\/10\/23145-77c-Balto-aukso-suzadetuviu-ziedas-su-deimantu-Forever-015-ct.webp\" \/>\n\t<meta property=\"og:image:width\" content=\"1000\" \/>\n\t<meta property=\"og:image:height\" content=\"1000\" \/>\n\t<meta property=\"og:image:type\" content=\"image\/png\" \/>\n<meta name=\"twitter:card\" content=\"summary_large_image\" \/>\n<meta name=\"twitter:label1\" content=\"Est. reading time\" \/>\n\t<meta name=\"twitter:data1\" content=\"1 minute\" \/>\n<script type=\"application\/ld+json\" class=\"yoast-schema-graph\">{\"@context\":\"https:\/\/schema.org\",\"@graph\":[{\"@type\":\"WebPage\",\"@id\":\"https:\/\/fashiongold.lt\/lv\/papuosalas\/saderinasanas-gredzens-ar-laboratorija-audzetu-dimantu-015-ct\/\",\"url\":\"https:\/\/fashiongold.lt\/lv\/papuosalas\/saderinasanas-gredzens-ar-laboratorija-audzetu-dimantu-015-ct\/\",\"name\":\"Saderin\u0101\u0161an\u0101s gredzens ar audz\u0113tu dimantu (0,15 ct)\",\"isPartOf\":{\"@id\":\"https:\/\/fashiongold.lt\/lv\/#website\"},\"primaryImageOfPage\":{\"@id\":\"https:\/\/fashiongold.lt\/lv\/papuosalas\/saderinasanas-gredzens-ar-laboratorija-audzetu-dimantu-015-ct\/#primaryimage\"},\"image\":{\"@id\":\"https:\/\/fashiongold.lt\/lv\/papuosalas\/saderinasanas-gredzens-ar-laboratorija-audzetu-dimantu-015-ct\/#primaryimage\"},\"thumbnailUrl\":\"https:\/\/fashiongold.lt\/wp-content\/uploads\/2025\/10\/23145-77c-Balto-aukso-suzadetuviu-ziedas-su-deimantu-Forever-015-ct.png\",\"datePublished\":\"2025-10-17T11:01:31+00:00\",\"dateModified\":\"2026-02-11T20:40:29+00:00\",\"description\":\"Balt\u0101 zelta saderin\u0101\u0161an\u0101s gredzens ar laboratorij\u0101 audz\u0113tu dimantu. Ilgtsp\u0113j\u012bga elegance, moderna pieeja un nevainojams mirdzums.\",\"breadcrumb\":{\"@id\":\"https:\/\/fashiongold.lt\/lv\/papuosalas\/saderinasanas-gredzens-ar-laboratorija-audzetu-dimantu-015-ct\/#breadcrumb\"},\"inLanguage\":\"lv-LV\",\"potentialAction\":[{\"@type\":\"ReadAction\",\"target\":[\"https:\/\/fashiongold.lt\/lv\/papuosalas\/saderinasanas-gredzens-ar-laboratorija-audzetu-dimantu-015-ct\/\"]}]},{\"@type\":\"ImageObject\",\"inLanguage\":\"lv-LV\",\"@id\":\"https:\/\/fashiongold.lt\/lv\/papuosalas\/saderinasanas-gredzens-ar-laboratorija-audzetu-dimantu-015-ct\/#primaryimage\",\"url\":\"https:\/\/fashiongold.lt\/wp-content\/uploads\/2025\/10\/23145-77c-Balto-aukso-suzadetuviu-ziedas-su-deimantu-Forever-015-ct.png\",\"contentUrl\":\"https:\/\/fashiongold.lt\/wp-content\/uploads\/2025\/10\/23145-77c-Balto-aukso-suzadetuviu-ziedas-su-deimantu-Forever-015-ct.png\",\"width\":1000,\"height\":1000},{\"@type\":\"BreadcrumbList\",\"@id\":\"https:\/\/fashiongold.lt\/lv\/papuosalas\/saderinasanas-gredzens-ar-laboratorija-audzetu-dimantu-015-ct\/#breadcrumb\",\"itemListElement\":[{\"@type\":\"ListItem\",\"position\":1,\"name\":\"Home\",\"item\":\"https:\/\/fashiongold.lt\/lv\/\"},{\"@type\":\"ListItem\",\"position\":2,\"name\":\"Dimantu veikals Fashiongold.lt\",\"item\":\"https:\/\/fashiongold.lt\/shop-2\/\"},{\"@type\":\"ListItem\",\"position\":3,\"name\":\"Saderin\u0101\u0161an\u0101s gredzens ar laboratorij\u0101 audz\u0113tu dimantu (0,15 ct)\"}]},{\"@type\":\"WebSite\",\"@id\":\"https:\/\/fashiongold.lt\/lv\/#website\",\"url\":\"https:\/\/fashiongold.lt\/lv\/\",\"name\":\"Fashion Gold\",\"description\":\"Juvelyrikos namai\",\"publisher\":{\"@id\":\"https:\/\/fashiongold.lt\/lv\/#organization\"},\"potentialAction\":[{\"@type\":\"SearchAction\",\"target\":{\"@type\":\"EntryPoint\",\"urlTemplate\":\"https:\/\/fashiongold.lt\/lv\/?s={search_term_string}\"},\"query-input\":{\"@type\":\"PropertyValueSpecification\",\"valueRequired\":true,\"valueName\":\"search_term_string\"}}],\"inLanguage\":\"lv-LV\"},{\"@type\":\"Organization\",\"@id\":\"https:\/\/fashiongold.lt\/lv\/#organization\",\"name\":\"Topdiamonds Online\",\"url\":\"https:\/\/fashiongold.lt\/lv\/\",\"logo\":{\"@type\":\"ImageObject\",\"inLanguage\":\"lv-LV\",\"@id\":\"https:\/\/fashiongold.lt\/lv\/#\/schema\/logo\/image\/\",\"url\":\"https:\/\/fashiongold.lt\/wp-content\/uploads\/2025\/04\/cropped-fashion_gold_logotipas2-scaled-1.png\",\"contentUrl\":\"https:\/\/fashiongold.lt\/wp-content\/uploads\/2025\/04\/cropped-fashion_gold_logotipas2-scaled-1.png\",\"width\":2559,\"height\":421,\"caption\":\"Topdiamonds Online\"},\"image\":{\"@id\":\"https:\/\/fashiongold.lt\/lv\/#\/schema\/logo\/image\/\"}}]}<\/script>\n<!-- \/ Yoast SEO plugin. -->","yoast_head_json":{"title":"Saderin\u0101\u0161an\u0101s gredzens ar audz\u0113tu dimantu (0,15 ct)","description":"Balt\u0101 zelta saderin\u0101\u0161an\u0101s gredzens ar laboratorij\u0101 audz\u0113tu dimantu. Ilgtsp\u0113j\u012bga elegance, moderna pieeja un nevainojams mirdzums.","robots":{"index":"index","follow":"follow","max-snippet":"max-snippet:-1","max-image-preview":"max-image-preview:large","max-video-preview":"max-video-preview:-1"},"canonical":"https:\/\/fashiongold.lt\/lv\/papuosalas\/saderinasanas-gredzens-ar-laboratorija-audzetu-dimantu-015-ct\/","og_locale":"lv_LV","og_type":"article","og_title":"Saderin\u0101\u0161an\u0101s gredzens ar audz\u0113tu dimantu (0,15 ct)","og_description":"Balt\u0101 zelta saderin\u0101\u0161an\u0101s gredzens ar laboratorij\u0101 audz\u0113tu dimantu. Ilgtsp\u0113j\u012bga elegance, moderna pieeja un nevainojams mirdzums.","og_url":"https:\/\/fashiongold.lt\/lv\/papuosalas\/saderinasanas-gredzens-ar-laboratorija-audzetu-dimantu-015-ct\/","og_site_name":"FashionGold.lt","article_modified_time":"2026-02-11T20:40:29+00:00","og_image":[{"width":1000,"height":1000,"url":"https:\/\/fashiongold.lt\/wp-content\/uploads\/2025\/10\/23145-77c-Balto-aukso-suzadetuviu-ziedas-su-deimantu-Forever-015-ct.webp","type":"image\/png"}],"twitter_card":"summary_large_image","twitter_misc":{"Est. reading time":"1 minute"},"schema":{"@context":"https:\/\/schema.org","@graph":[{"@type":"WebPage","@id":"https:\/\/fashiongold.lt\/lv\/papuosalas\/saderinasanas-gredzens-ar-laboratorija-audzetu-dimantu-015-ct\/","url":"https:\/\/fashiongold.lt\/lv\/papuosalas\/saderinasanas-gredzens-ar-laboratorija-audzetu-dimantu-015-ct\/","name":"Saderin\u0101\u0161an\u0101s gredzens ar audz\u0113tu dimantu (0,15 ct)","isPartOf":{"@id":"https:\/\/fashiongold.lt\/lv\/#website"},"primaryImageOfPage":{"@id":"https:\/\/fashiongold.lt\/lv\/papuosalas\/saderinasanas-gredzens-ar-laboratorija-audzetu-dimantu-015-ct\/#primaryimage"},"image":{"@id":"https:\/\/fashiongold.lt\/lv\/papuosalas\/saderinasanas-gredzens-ar-laboratorija-audzetu-dimantu-015-ct\/#primaryimage"},"thumbnailUrl":"https:\/\/fashiongold.lt\/wp-content\/uploads\/2025\/10\/23145-77c-Balto-aukso-suzadetuviu-ziedas-su-deimantu-Forever-015-ct.png","datePublished":"2025-10-17T11:01:31+00:00","dateModified":"2026-02-11T20:40:29+00:00","description":"Balt\u0101 zelta saderin\u0101\u0161an\u0101s gredzens ar laboratorij\u0101 audz\u0113tu dimantu. Ilgtsp\u0113j\u012bga elegance, moderna pieeja un nevainojams mirdzums.","breadcrumb":{"@id":"https:\/\/fashiongold.lt\/lv\/papuosalas\/saderinasanas-gredzens-ar-laboratorija-audzetu-dimantu-015-ct\/#breadcrumb"},"inLanguage":"lv-LV","potentialAction":[{"@type":"ReadAction","target":["https:\/\/fashiongold.lt\/lv\/papuosalas\/saderinasanas-gredzens-ar-laboratorija-audzetu-dimantu-015-ct\/"]}]},{"@type":"ImageObject","inLanguage":"lv-LV","@id":"https:\/\/fashiongold.lt\/lv\/papuosalas\/saderinasanas-gredzens-ar-laboratorija-audzetu-dimantu-015-ct\/#primaryimage","url":"https:\/\/fashiongold.lt\/wp-content\/uploads\/2025\/10\/23145-77c-Balto-aukso-suzadetuviu-ziedas-su-deimantu-Forever-015-ct.png","contentUrl":"https:\/\/fashiongold.lt\/wp-content\/uploads\/2025\/10\/23145-77c-Balto-aukso-suzadetuviu-ziedas-su-deimantu-Forever-015-ct.png","width":1000,"height":1000},{"@type":"BreadcrumbList","@id":"https:\/\/fashiongold.lt\/lv\/papuosalas\/saderinasanas-gredzens-ar-laboratorija-audzetu-dimantu-015-ct\/#breadcrumb","itemListElement":[{"@type":"ListItem","position":1,"name":"Home","item":"https:\/\/fashiongold.lt\/lv\/"},{"@type":"ListItem","position":2,"name":"Dimantu veikals Fashiongold.lt","item":"https:\/\/fashiongold.lt\/shop-2\/"},{"@type":"ListItem","position":3,"name":"Saderin\u0101\u0161an\u0101s gredzens ar laboratorij\u0101 audz\u0113tu dimantu (0,15 ct)"}]},{"@type":"WebSite","@id":"https:\/\/fashiongold.lt\/lv\/#website","url":"https:\/\/fashiongold.lt\/lv\/","name":"Fashion Gold","description":"Juvelyrikos namai","publisher":{"@id":"https:\/\/fashiongold.lt\/lv\/#organization"},"potentialAction":[{"@type":"SearchAction","target":{"@type":"EntryPoint","urlTemplate":"https:\/\/fashiongold.lt\/lv\/?s={search_term_string}"},"query-input":{"@type":"PropertyValueSpecification","valueRequired":true,"valueName":"search_term_string"}}],"inLanguage":"lv-LV"},{"@type":"Organization","@id":"https:\/\/fashiongold.lt\/lv\/#organization","name":"Topdiamonds Online","url":"https:\/\/fashiongold.lt\/lv\/","logo":{"@type":"ImageObject","inLanguage":"lv-LV","@id":"https:\/\/fashiongold.lt\/lv\/#\/schema\/logo\/image\/","url":"https:\/\/fashiongold.lt\/wp-content\/uploads\/2025\/04\/cropped-fashion_gold_logotipas2-scaled-1.png","contentUrl":"https:\/\/fashiongold.lt\/wp-content\/uploads\/2025\/04\/cropped-fashion_gold_logotipas2-scaled-1.png","width":2559,"height":421,"caption":"Topdiamonds Online"},"image":{"@id":"https:\/\/fashiongold.lt\/lv\/#\/schema\/logo\/image\/"}}]}},"_links":{"self":[{"href":"https:\/\/fashiongold.lt\/lv\/wp-json\/wp\/v2\/product\/280376","targetHints":{"allow":["GET"]}}],"collection":[{"href":"https:\/\/fashiongold.lt\/lv\/wp-json\/wp\/v2\/product"}],"about":[{"href":"https:\/\/fashiongold.lt\/lv\/wp-json\/wp\/v2\/types\/product"}],"version-history":[{"count":0,"href":"https:\/\/fashiongold.lt\/lv\/wp-json\/wp\/v2\/product\/280376\/revisions"}],"wp:featuredmedia":[{"embeddable":true,"href":"https:\/\/fashiongold.lt\/lv\/wp-json\/wp\/v2\/media\/223423"}],"wp:attachment":[{"href":"https:\/\/fashiongold.lt\/lv\/wp-json\/wp\/v2\/media?parent=280376"}],"wp:term":[{"taxonomy":"product_brand","embeddable":true,"href":"https:\/\/fashiongold.lt\/lv\/wp-json\/wp\/v2\/product_brand?post=280376"},{"taxonomy":"product_cat","embeddable":true,"href":"https:\/\/fashiongold.lt\/lv\/wp-json\/wp\/v2\/product_cat?post=280376"},{"taxonomy":"product_tag","embeddable":true,"href":"https:\/\/fashiongold.lt\/lv\/wp-json\/wp\/v2\/product_tag?post=280376"}],"curies":[{"name":"wp","href":"https:\/\/api.w.org\/{rel}","templated":true}]}}