{"id":280724,"date":"2025-10-23T08:01:29","date_gmt":"2025-10-23T08:01:29","guid":{"rendered":"https:\/\/fashiongold.lt\/papuosalas\/ekskluzivi-smaragdi-lases-formas-auskari-ar-smaragdiem-un-dimantiem-4-62-ct\/"},"modified":"2026-02-11T20:48:07","modified_gmt":"2026-02-11T20:48:07","slug":"ekskluzivi-smaragdi-lases-formas-auskari-ar-smaragdiem-un-dimantiem-4-62-ct","status":"publish","type":"product","link":"https:\/\/fashiongold.lt\/lv\/papuosalas\/ekskluzivi-smaragdi-lases-formas-auskari-ar-smaragdiem-un-dimantiem-4-62-ct\/","title":{"rendered":"Ekskluz\u012bvi smaragdi &#8211; l\u0101ses formas auskari ar smaragdiem un dimantiem (4.62 ct)"},"content":{"rendered":"<h2>Ekskluz\u012bvi smaragdi \u2013 auskari ar ang\u013cu aizdari, l\u0101ses formas smaragdiem un dimantiem (4,62 ct)<\/h2>\n<h3>Grezni, ekskluz\u012bva moderna dizaina zelta auskari ar ang\u013cu aizdari, dimantiem un l\u0101ses formas smaragdiem, kuru kop\u0113jais svars ir 4,62 kar\u0101ti. Dab\u012bgi dimanti. Ekskluz\u012bvs roku darba dizains. Dab\u012bgi smaragdi.<\/h3>\n<p>Izgatavoti V\u0101cij\u0101 no augstas kvalit\u0101tes d\u0101rgakme\u0146iem. Smaragda ma\u0123iskais sp\u0113ks \u2013 darbojas k\u0101 amulets vai talismans, sniedz \u012bpa\u0161niekam vesel\u012bbu, ener\u0123iju, nes veiksmi biznes\u0101, darb\u0101 un person\u012bgaj\u0101 dz\u012bv\u0113. Smaragds ir piem\u0113rots V\u0113r\u0161iem, Dv\u012b\u0146iem, Lauv\u0101m, V\u0113\u017eiem, Ziv\u012bm, Str\u0113lniekiem.\u00a0 \u00a0 \u00a0<\/p>\n<p>\u2022 Auskaru zelts: 18 kar\u0101ti (750. prove)\u00a0<\/p>\n<p>\u2022 Auskaru kr\u0101sa: dzeltenais zelts\u00a0 \u00a0 \u00a0<\/p>\n<p>\u2022 Auskaru svars: aptuveni 7,50\u20138,50 g\u00a0 \u00a0<\/p>\n<p>\u2022 Dimanta veids: Dab\u012bgs dimants\u00a0<\/p>\n<p>\u2022 Dimanta forma: Apa\u013ca forma (Round cut)\u00a0<\/p>\n<p>\u2022 Dimanta raksturojums: 2,74 ct, kr\u0101sa G-H (RW-W); dzidrums SI\u00a0<\/p>\n<p>\u2022 Centr\u0101lais akmens: smaragdi \u2013 1,88 ct\u00a0 \u00a0<\/p>\n<p>\u2022 Sertifik\u0101ts: Lietuvas Prove\u0161anas pal\u0101ta (LPR)\u00a0 \u00a0<\/p>\n<p>\u2022 Auskaru izm\u0113ri: h: 62,5 mm, w: 8,1 mm, th: 2,8 mm<\/p>\n<p>\u2022 Grav\u0113\u0161ana bez maksas\u00a0\u00a0<\/p>\n<p>\u2022 Vienreiz\u0113ja bezmaksas gredzena izm\u0113ra mai\u0146as garantija\u00a0<\/p>\n<p>\u2022 Izgatavo\u0161anas un pieg\u0101des termi\u0146\u0161 no 14 darba dien\u0101m, steidzam\u012bbas k\u0101rt\u0101 3 d.d. laik\u0101.\u00a0<\/p>\n<p><strong>Vai jums ir savs zelts? Sazinieties ar mums, m\u0113s p\u0101rr\u0113\u0137in\u0101sim cenu \u2013 j\u016bs maks\u0101siet tikai par auskaru izgatavo\u0161anu.<\/strong><\/p>\n","protected":false},"excerpt":{"rendered":"<p>Grezni, izsmalcin\u0101ta moderna dizaina zelta auskari ar ang\u013cu aizdari, dimantiem un l\u0101ses formas smaragdiem. Piem\u0113roti ikdienai un \u012bpa\u0161iem gad\u012bjumiem, unik\u0101lam stilam.<\/p>\n","protected":false},"featured_media":242052,"template":"","meta":{"site-sidebar-layout":"","site-content-layout":"","ast-site-content-layout":"","site-content-style":"","site-sidebar-style":"","ast-global-header-display":"","ast-banner-title-visibility":"","ast-main-header-display":"","ast-hfb-above-header-display":"","ast-hfb-below-header-display":"","ast-hfb-mobile-header-display":"","site-post-title":"","ast-breadcrumbs-content":"","ast-featured-img":"","footer-sml-layout":"","ast-disable-related-posts":"","theme-transparent-header-meta":"","adv-header-id-meta":"","stick-header-meta":"","header-above-stick-meta":"","header-main-stick-meta":"","header-below-stick-meta":"","astra-migrate-meta-layouts":"default","ast-page-background-enabled":"default","ast-page-background-meta":{"desktop":{"background-color":"var(--ast-global-color-4)","background-image":"","background-repeat":"repeat","background-position":"center center","background-size":"auto","background-attachment":"scroll","background-type":"","background-media":"","overlay-type":"","overlay-color":"","overlay-opacity":"","overlay-gradient":""},"tablet":{"background-color":"","background-image":"","background-repeat":"repeat","background-position":"center center","background-size":"auto","background-attachment":"scroll","background-type":"","background-media":"","overlay-type":"","overlay-color":"","overlay-opacity":"","overlay-gradient":""},"mobile":{"background-color":"","background-image":"","background-repeat":"repeat","background-position":"center center","background-size":"auto","background-attachment":"scroll","background-type":"","background-media":"","overlay-type":"","overlay-color":"","overlay-opacity":"","overlay-gradient":""}},"ast-content-background-meta":{"desktop":{"background-color":"var(--ast-global-color-5)","background-image":"","background-repeat":"repeat","background-position":"center center","background-size":"auto","background-attachment":"scroll","background-type":"","background-media":"","overlay-type":"","overlay-color":"","overlay-opacity":"","overlay-gradient":""},"tablet":{"background-color":"var(--ast-global-color-5)","background-image":"","background-repeat":"repeat","background-position":"center center","background-size":"auto","background-attachment":"scroll","background-type":"","background-media":"","overlay-type":"","overlay-color":"","overlay-opacity":"","overlay-gradient":""},"mobile":{"background-color":"var(--ast-global-color-5)","background-image":"","background-repeat":"repeat","background-position":"center center","background-size":"auto","background-attachment":"scroll","background-type":"","background-media":"","overlay-type":"","overlay-color":"","overlay-opacity":"","overlay-gradient":""}}},"product_brand":[],"product_cat":[3572,2980,2978,2919,2915,2913,2921,2920,3403,2916,2914,2923,3042,2929,3401,2922,2937,2979,3495,3404,2936,2918],"product_tag":[],"class_list":{"0":"post-280724","1":"product","2":"type-product","3":"status-publish","4":"has-post-thumbnail","6":"product_cat-auskari-ar-anglu-aizdari","7":"product_cat-auskari-ar-dargakmeniem","8":"product_cat-auskari-ar-dimantiem","9":"product_cat-baltzelta-rotaslietas","10":"product_cat-davanas-berna-piedzimsanai","11":"product_cat-davanas-dzimsanas-diena","12":"product_cat-davanas-ipasiem-gadijumiem","13":"product_cat-davanas-izlaidumam","14":"product_cat-davanas-kazam","15":"product_cat-davanas-kazu-gadadiena","16":"product_cat-davanas-sievietem","17":"product_cat-dzeltena-zelta-juvelierizstradajumi","18":"product_cat-juvelierizstradajumi","19":"product_cat-juvelierizstradajumu-razosana","20":"product_cat-kristibu-davanas","21":"product_cat-mates-dienas-davanas","22":"product_cat-rotaslietas-ar-pusdargakmeniem","23":"product_cat-sarkana-zelta-juvelierizstradajumi","24":"product_cat-smaragds-rotaslietas-ar-smaragdu","25":"product_cat-svinigi-auskari","26":"product_cat-valentindienas-davanas","27":"product_cat-ziemassvetku-davanas","28":"desktop-align-center","29":"tablet-align-left","30":"mobile-align-left","31":"ast-product-gallery-layout-horizontal-slider","32":"ast-product-gallery-with-no-image","33":"ast-product-tabs-layout-accordion","34":"ast-qv-on-image","36":"first","37":"instock","38":"taxable","39":"shipping-taxable","40":"purchasable","41":"product-type-simple"},"yoast_head":"<!-- This site is optimized with the Yoast SEO plugin v26.6 - https:\/\/yoast.com\/wordpress\/plugins\/seo\/ -->\n<title>Dabiski smaragdi - auskari ar smaragdiem (4.62 ct)<\/title>\n<meta name=\"description\" content=\"Zelta auskari ar ang\u013cu aizdari ar smaragdiem un dimantiem ap smaragdu. Piem\u0113roti ikdienai un \u012bpa\u0161iem gad\u012bjumiem, izsmalcin\u0101tam stilam.\" \/>\n<meta name=\"robots\" content=\"index, follow, max-snippet:-1, max-image-preview:large, max-video-preview:-1\" \/>\n<link rel=\"canonical\" href=\"https:\/\/fashiongold.lt\/lv\/papuosalas\/ekskluzivi-smaragdi-lases-formas-auskari-ar-smaragdiem-un-dimantiem-4-62-ct\/\" \/>\n<meta property=\"og:locale\" content=\"lv_LV\" \/>\n<meta property=\"og:type\" content=\"article\" \/>\n<meta property=\"og:title\" content=\"Dabiski smaragdi - auskari ar smaragdiem (4.62 ct)\" \/>\n<meta property=\"og:description\" content=\"Zelta auskari ar ang\u013cu aizdari ar smaragdiem un dimantiem ap smaragdu. Piem\u0113roti ikdienai un \u012bpa\u0161iem gad\u012bjumiem, izsmalcin\u0101tam stilam.\" \/>\n<meta property=\"og:url\" content=\"https:\/\/fashiongold.lt\/lv\/papuosalas\/ekskluzivi-smaragdi-lases-formas-auskari-ar-smaragdiem-un-dimantiem-4-62-ct\/\" \/>\n<meta property=\"og:site_name\" content=\"FashionGold.lt\" \/>\n<meta property=\"article:modified_time\" content=\"2026-02-11T20:48:07+00:00\" \/>\n<meta property=\"og:image\" content=\"https:\/\/fashiongold.lt\/wp-content\/uploads\/2025\/10\/14106-422-Isskirtiniai-smaragdai-auskarai-su-smaragdais-laso-formos-ir-deimantais-4.62-ct.webp\" \/>\n\t<meta property=\"og:image:width\" content=\"1000\" \/>\n\t<meta property=\"og:image:height\" content=\"1000\" \/>\n\t<meta property=\"og:image:type\" content=\"image\/png\" \/>\n<meta name=\"twitter:card\" content=\"summary_large_image\" \/>\n<meta name=\"twitter:label1\" content=\"Est. reading time\" \/>\n\t<meta name=\"twitter:data1\" content=\"1 minute\" \/>\n<script type=\"application\/ld+json\" class=\"yoast-schema-graph\">{\"@context\":\"https:\/\/schema.org\",\"@graph\":[{\"@type\":\"WebPage\",\"@id\":\"https:\/\/fashiongold.lt\/lv\/papuosalas\/ekskluzivi-smaragdi-lases-formas-auskari-ar-smaragdiem-un-dimantiem-4-62-ct\/\",\"url\":\"https:\/\/fashiongold.lt\/lv\/papuosalas\/ekskluzivi-smaragdi-lases-formas-auskari-ar-smaragdiem-un-dimantiem-4-62-ct\/\",\"name\":\"Dabiski smaragdi - auskari ar smaragdiem (4.62 ct)\",\"isPartOf\":{\"@id\":\"https:\/\/fashiongold.lt\/lv\/#website\"},\"primaryImageOfPage\":{\"@id\":\"https:\/\/fashiongold.lt\/lv\/papuosalas\/ekskluzivi-smaragdi-lases-formas-auskari-ar-smaragdiem-un-dimantiem-4-62-ct\/#primaryimage\"},\"image\":{\"@id\":\"https:\/\/fashiongold.lt\/lv\/papuosalas\/ekskluzivi-smaragdi-lases-formas-auskari-ar-smaragdiem-un-dimantiem-4-62-ct\/#primaryimage\"},\"thumbnailUrl\":\"https:\/\/fashiongold.lt\/wp-content\/uploads\/2025\/10\/14106-422-Isskirtiniai-smaragdai-auskarai-su-smaragdais-laso-formos-ir-deimantais-4.62-ct.png\",\"datePublished\":\"2025-10-23T08:01:29+00:00\",\"dateModified\":\"2026-02-11T20:48:07+00:00\",\"description\":\"Zelta auskari ar ang\u013cu aizdari ar smaragdiem un dimantiem ap smaragdu. Piem\u0113roti ikdienai un \u012bpa\u0161iem gad\u012bjumiem, izsmalcin\u0101tam stilam.\",\"breadcrumb\":{\"@id\":\"https:\/\/fashiongold.lt\/lv\/papuosalas\/ekskluzivi-smaragdi-lases-formas-auskari-ar-smaragdiem-un-dimantiem-4-62-ct\/#breadcrumb\"},\"inLanguage\":\"lv-LV\",\"potentialAction\":[{\"@type\":\"ReadAction\",\"target\":[\"https:\/\/fashiongold.lt\/lv\/papuosalas\/ekskluzivi-smaragdi-lases-formas-auskari-ar-smaragdiem-un-dimantiem-4-62-ct\/\"]}]},{\"@type\":\"ImageObject\",\"inLanguage\":\"lv-LV\",\"@id\":\"https:\/\/fashiongold.lt\/lv\/papuosalas\/ekskluzivi-smaragdi-lases-formas-auskari-ar-smaragdiem-un-dimantiem-4-62-ct\/#primaryimage\",\"url\":\"https:\/\/fashiongold.lt\/wp-content\/uploads\/2025\/10\/14106-422-Isskirtiniai-smaragdai-auskarai-su-smaragdais-laso-formos-ir-deimantais-4.62-ct.png\",\"contentUrl\":\"https:\/\/fashiongold.lt\/wp-content\/uploads\/2025\/10\/14106-422-Isskirtiniai-smaragdai-auskarai-su-smaragdais-laso-formos-ir-deimantais-4.62-ct.png\",\"width\":1000,\"height\":1000},{\"@type\":\"BreadcrumbList\",\"@id\":\"https:\/\/fashiongold.lt\/lv\/papuosalas\/ekskluzivi-smaragdi-lases-formas-auskari-ar-smaragdiem-un-dimantiem-4-62-ct\/#breadcrumb\",\"itemListElement\":[{\"@type\":\"ListItem\",\"position\":1,\"name\":\"Home\",\"item\":\"https:\/\/fashiongold.lt\/lv\/\"},{\"@type\":\"ListItem\",\"position\":2,\"name\":\"Dimantu veikals Fashiongold.lt\",\"item\":\"https:\/\/fashiongold.lt\/shop-2\/\"},{\"@type\":\"ListItem\",\"position\":3,\"name\":\"Ekskluz\u012bvi smaragdi &#8211; l\u0101ses formas auskari ar smaragdiem un dimantiem (4.62 ct)\"}]},{\"@type\":\"WebSite\",\"@id\":\"https:\/\/fashiongold.lt\/lv\/#website\",\"url\":\"https:\/\/fashiongold.lt\/lv\/\",\"name\":\"Fashion Gold\",\"description\":\"Juvelyrikos namai\",\"publisher\":{\"@id\":\"https:\/\/fashiongold.lt\/lv\/#organization\"},\"potentialAction\":[{\"@type\":\"SearchAction\",\"target\":{\"@type\":\"EntryPoint\",\"urlTemplate\":\"https:\/\/fashiongold.lt\/lv\/?s={search_term_string}\"},\"query-input\":{\"@type\":\"PropertyValueSpecification\",\"valueRequired\":true,\"valueName\":\"search_term_string\"}}],\"inLanguage\":\"lv-LV\"},{\"@type\":\"Organization\",\"@id\":\"https:\/\/fashiongold.lt\/lv\/#organization\",\"name\":\"Topdiamonds Online\",\"url\":\"https:\/\/fashiongold.lt\/lv\/\",\"logo\":{\"@type\":\"ImageObject\",\"inLanguage\":\"lv-LV\",\"@id\":\"https:\/\/fashiongold.lt\/lv\/#\/schema\/logo\/image\/\",\"url\":\"https:\/\/fashiongold.lt\/wp-content\/uploads\/2025\/04\/cropped-fashion_gold_logotipas2-scaled-1.png\",\"contentUrl\":\"https:\/\/fashiongold.lt\/wp-content\/uploads\/2025\/04\/cropped-fashion_gold_logotipas2-scaled-1.png\",\"width\":2559,\"height\":421,\"caption\":\"Topdiamonds Online\"},\"image\":{\"@id\":\"https:\/\/fashiongold.lt\/lv\/#\/schema\/logo\/image\/\"}}]}<\/script>\n<!-- \/ Yoast SEO plugin. -->","yoast_head_json":{"title":"Dabiski smaragdi - auskari ar smaragdiem (4.62 ct)","description":"Zelta auskari ar ang\u013cu aizdari ar smaragdiem un dimantiem ap smaragdu. Piem\u0113roti ikdienai un \u012bpa\u0161iem gad\u012bjumiem, izsmalcin\u0101tam stilam.","robots":{"index":"index","follow":"follow","max-snippet":"max-snippet:-1","max-image-preview":"max-image-preview:large","max-video-preview":"max-video-preview:-1"},"canonical":"https:\/\/fashiongold.lt\/lv\/papuosalas\/ekskluzivi-smaragdi-lases-formas-auskari-ar-smaragdiem-un-dimantiem-4-62-ct\/","og_locale":"lv_LV","og_type":"article","og_title":"Dabiski smaragdi - auskari ar smaragdiem (4.62 ct)","og_description":"Zelta auskari ar ang\u013cu aizdari ar smaragdiem un dimantiem ap smaragdu. Piem\u0113roti ikdienai un \u012bpa\u0161iem gad\u012bjumiem, izsmalcin\u0101tam stilam.","og_url":"https:\/\/fashiongold.lt\/lv\/papuosalas\/ekskluzivi-smaragdi-lases-formas-auskari-ar-smaragdiem-un-dimantiem-4-62-ct\/","og_site_name":"FashionGold.lt","article_modified_time":"2026-02-11T20:48:07+00:00","og_image":[{"width":1000,"height":1000,"url":"https:\/\/fashiongold.lt\/wp-content\/uploads\/2025\/10\/14106-422-Isskirtiniai-smaragdai-auskarai-su-smaragdais-laso-formos-ir-deimantais-4.62-ct.webp","type":"image\/png"}],"twitter_card":"summary_large_image","twitter_misc":{"Est. reading time":"1 minute"},"schema":{"@context":"https:\/\/schema.org","@graph":[{"@type":"WebPage","@id":"https:\/\/fashiongold.lt\/lv\/papuosalas\/ekskluzivi-smaragdi-lases-formas-auskari-ar-smaragdiem-un-dimantiem-4-62-ct\/","url":"https:\/\/fashiongold.lt\/lv\/papuosalas\/ekskluzivi-smaragdi-lases-formas-auskari-ar-smaragdiem-un-dimantiem-4-62-ct\/","name":"Dabiski smaragdi - auskari ar smaragdiem (4.62 ct)","isPartOf":{"@id":"https:\/\/fashiongold.lt\/lv\/#website"},"primaryImageOfPage":{"@id":"https:\/\/fashiongold.lt\/lv\/papuosalas\/ekskluzivi-smaragdi-lases-formas-auskari-ar-smaragdiem-un-dimantiem-4-62-ct\/#primaryimage"},"image":{"@id":"https:\/\/fashiongold.lt\/lv\/papuosalas\/ekskluzivi-smaragdi-lases-formas-auskari-ar-smaragdiem-un-dimantiem-4-62-ct\/#primaryimage"},"thumbnailUrl":"https:\/\/fashiongold.lt\/wp-content\/uploads\/2025\/10\/14106-422-Isskirtiniai-smaragdai-auskarai-su-smaragdais-laso-formos-ir-deimantais-4.62-ct.png","datePublished":"2025-10-23T08:01:29+00:00","dateModified":"2026-02-11T20:48:07+00:00","description":"Zelta auskari ar ang\u013cu aizdari ar smaragdiem un dimantiem ap smaragdu. Piem\u0113roti ikdienai un \u012bpa\u0161iem gad\u012bjumiem, izsmalcin\u0101tam stilam.","breadcrumb":{"@id":"https:\/\/fashiongold.lt\/lv\/papuosalas\/ekskluzivi-smaragdi-lases-formas-auskari-ar-smaragdiem-un-dimantiem-4-62-ct\/#breadcrumb"},"inLanguage":"lv-LV","potentialAction":[{"@type":"ReadAction","target":["https:\/\/fashiongold.lt\/lv\/papuosalas\/ekskluzivi-smaragdi-lases-formas-auskari-ar-smaragdiem-un-dimantiem-4-62-ct\/"]}]},{"@type":"ImageObject","inLanguage":"lv-LV","@id":"https:\/\/fashiongold.lt\/lv\/papuosalas\/ekskluzivi-smaragdi-lases-formas-auskari-ar-smaragdiem-un-dimantiem-4-62-ct\/#primaryimage","url":"https:\/\/fashiongold.lt\/wp-content\/uploads\/2025\/10\/14106-422-Isskirtiniai-smaragdai-auskarai-su-smaragdais-laso-formos-ir-deimantais-4.62-ct.png","contentUrl":"https:\/\/fashiongold.lt\/wp-content\/uploads\/2025\/10\/14106-422-Isskirtiniai-smaragdai-auskarai-su-smaragdais-laso-formos-ir-deimantais-4.62-ct.png","width":1000,"height":1000},{"@type":"BreadcrumbList","@id":"https:\/\/fashiongold.lt\/lv\/papuosalas\/ekskluzivi-smaragdi-lases-formas-auskari-ar-smaragdiem-un-dimantiem-4-62-ct\/#breadcrumb","itemListElement":[{"@type":"ListItem","position":1,"name":"Home","item":"https:\/\/fashiongold.lt\/lv\/"},{"@type":"ListItem","position":2,"name":"Dimantu veikals Fashiongold.lt","item":"https:\/\/fashiongold.lt\/shop-2\/"},{"@type":"ListItem","position":3,"name":"Ekskluz\u012bvi smaragdi &#8211; l\u0101ses formas auskari ar smaragdiem un dimantiem (4.62 ct)"}]},{"@type":"WebSite","@id":"https:\/\/fashiongold.lt\/lv\/#website","url":"https:\/\/fashiongold.lt\/lv\/","name":"Fashion Gold","description":"Juvelyrikos namai","publisher":{"@id":"https:\/\/fashiongold.lt\/lv\/#organization"},"potentialAction":[{"@type":"SearchAction","target":{"@type":"EntryPoint","urlTemplate":"https:\/\/fashiongold.lt\/lv\/?s={search_term_string}"},"query-input":{"@type":"PropertyValueSpecification","valueRequired":true,"valueName":"search_term_string"}}],"inLanguage":"lv-LV"},{"@type":"Organization","@id":"https:\/\/fashiongold.lt\/lv\/#organization","name":"Topdiamonds Online","url":"https:\/\/fashiongold.lt\/lv\/","logo":{"@type":"ImageObject","inLanguage":"lv-LV","@id":"https:\/\/fashiongold.lt\/lv\/#\/schema\/logo\/image\/","url":"https:\/\/fashiongold.lt\/wp-content\/uploads\/2025\/04\/cropped-fashion_gold_logotipas2-scaled-1.png","contentUrl":"https:\/\/fashiongold.lt\/wp-content\/uploads\/2025\/04\/cropped-fashion_gold_logotipas2-scaled-1.png","width":2559,"height":421,"caption":"Topdiamonds Online"},"image":{"@id":"https:\/\/fashiongold.lt\/lv\/#\/schema\/logo\/image\/"}}]}},"_links":{"self":[{"href":"https:\/\/fashiongold.lt\/lv\/wp-json\/wp\/v2\/product\/280724","targetHints":{"allow":["GET"]}}],"collection":[{"href":"https:\/\/fashiongold.lt\/lv\/wp-json\/wp\/v2\/product"}],"about":[{"href":"https:\/\/fashiongold.lt\/lv\/wp-json\/wp\/v2\/types\/product"}],"version-history":[{"count":0,"href":"https:\/\/fashiongold.lt\/lv\/wp-json\/wp\/v2\/product\/280724\/revisions"}],"wp:featuredmedia":[{"embeddable":true,"href":"https:\/\/fashiongold.lt\/lv\/wp-json\/wp\/v2\/media\/242052"}],"wp:attachment":[{"href":"https:\/\/fashiongold.lt\/lv\/wp-json\/wp\/v2\/media?parent=280724"}],"wp:term":[{"taxonomy":"product_brand","embeddable":true,"href":"https:\/\/fashiongold.lt\/lv\/wp-json\/wp\/v2\/product_brand?post=280724"},{"taxonomy":"product_cat","embeddable":true,"href":"https:\/\/fashiongold.lt\/lv\/wp-json\/wp\/v2\/product_cat?post=280724"},{"taxonomy":"product_tag","embeddable":true,"href":"https:\/\/fashiongold.lt\/lv\/wp-json\/wp\/v2\/product_tag?post=280724"}],"curies":[{"name":"wp","href":"https:\/\/api.w.org\/{rel}","templated":true}]}}