{"id":280782,"date":"2025-10-23T07:36:51","date_gmt":"2025-10-23T07:36:51","guid":{"rendered":"https:\/\/fashiongold.lt\/papuosalas\/perles-dzeltena-zelta-auskari-ar-perlem-un-dimantiem-0-09-ct-9-5-mm\/"},"modified":"2025-10-23T07:36:51","modified_gmt":"2025-10-23T07:36:51","slug":"perles-dzeltena-zelta-auskari-ar-perlem-un-dimantiem-0-09-ct-9-5-mm","status":"publish","type":"product","link":"https:\/\/fashiongold.lt\/lv\/papuosalas\/perles-dzeltena-zelta-auskari-ar-perlem-un-dimantiem-0-09-ct-9-5-mm\/","title":{"rendered":"P\u0113rles &#8211; dzelten\u0101 zelta auskari ar p\u0113rl\u0113m un dimantiem (0.09 ct, 9.5 mm)"},"content":{"rendered":"<h2>P\u0113rles &#8211; dzelten\u0101 zelta auskari ar p\u0113rl\u0113m un dimantiem (0.09 ct, 9.5 mm)<\/h2>\n<h3>Klasiska dizaina zelta auskari ar ang\u013cu aizdari, 9.5 mm p\u0113rl\u0113m un dimantiem. Dab\u012bgi dimanti. Sald\u016bdens p\u0113rles.<\/h3>\n<p>Izgatavoti V\u0101cij\u0101 no augstas kvalit\u0101tes d\u0101rgakme\u0146iem. Lieliska izv\u0113le stil\u012bgai sievietei. P\u0113rle izstaro harmoniju un mieru sird\u012b. Jau kop\u0161 seniem laikiem p\u0113rles simboliz\u0113ja skaistumu, nevain\u012bbu un jutekliskumu, un daudzi tic\u0113ja, ka t\u0101s var piesaist\u012bt \u012bpa\u0161niekam veiksmi un finansi\u0101lu labkl\u0101j\u012bbu. P\u0113rles piem\u0113rotas &#8211; V\u0113\u017eiem, \u016adensv\u012briem un Ziv\u012bm. Auskarus var izgatavot p\u0113c pas\u016bt\u012bjuma: no sarkan\u0101, dzelten\u0101 vai balt\u0101 zelta.<\/p>\n<p>\u2022 Auskaru zelts: 18 kar\u0101ti (750 prove)\u00a0 \u00a0<\/p>\n<p>\u2022 Auskaru kr\u0101sa: baltais zelts\u00a0 \u00a0 \u00a0 \u00a0<\/p>\n<p>\u2022 Auskaru svars: aptuveni 2,50 &#8211; 2,80 g\u00a0 \u00a0 \u00a0<\/p>\n<p>\u2022 Dimantu veids: Dab\u012bgi dimanti\u00a0 \u00a0<\/p>\n<p>\u2022 Dimanta forma: Apa\u013ca forma (Round cut)\u00a0 \u00a0<\/p>\n<p>\u2022 Dimanta raksturojums: 0,09 ct, kr\u0101sa G-H (RW-W); dzidrums SI\u00a0 \u00a0<\/p>\n<p>\u2022 P\u0113r\u013cu veids: sald\u016bdens p\u0113rles (upes p\u0113rles)\u00a0 \u00a0<\/p>\n<p>\u2022 P\u0113rles forma: Apa\u013ca forma (Round cut)\u00a0 \u00a0 \u00a0 \u00a0<\/p>\n<p>\u2022 P\u0113rles raksturojums: 9.5 mm, AA (augsta kvalit\u0101te)\u00a0 \u00a0<\/p>\n<p>\u2022 Sertifik\u0101ts: Lietuvas Proves pal\u0101ta (LPR)\u00a0 \u00a0 \u00a0<\/p>\n<p>\u2022 Auskaru izm\u0113ri:\u00a0 \u00a0<\/p>\n<p>\u2022 Grav\u0113\u0161ana bez maksas\u00a0 \u00a0\u00a0\u00a0<\/p>\n<p>\u2022 Izgatavo\u0161anas un pieg\u0101des termi\u0146\u0161 no 21 darba dienas, steidzam\u012bbas k\u0101rt\u0101 3 d. d. laik\u0101.\u00a0 \u00a0<\/p>\n<p><strong>Vai jums ir savs zelts vai d\u0101rgakme\u0146i? Sazinieties ar mums, m\u0113s p\u0101rr\u0113\u0137in\u0101sim cenu &#8211; j\u016bs maks\u0101siet tikai par auskaru izgatavo\u0161anu.<\/strong><\/p>\n","protected":false},"excerpt":{"rendered":"<p>Klasiska dizaina zelta auskari ar ang\u013cu aizdari, p\u0113rl\u0113m 9,5 mm un dimantiem. Lieliska d\u0101vana ikdienai un \u012bpa\u0161iem gad\u012bjumiem, unik\u0101lam stilam.<\/p>\n","protected":false},"featured_media":0,"template":"","meta":{"site-sidebar-layout":"","site-content-layout":"","ast-site-content-layout":"","site-content-style":"","site-sidebar-style":"","ast-global-header-display":"","ast-banner-title-visibility":"","ast-main-header-display":"","ast-hfb-above-header-display":"","ast-hfb-below-header-display":"","ast-hfb-mobile-header-display":"","site-post-title":"","ast-breadcrumbs-content":"","ast-featured-img":"","footer-sml-layout":"","ast-disable-related-posts":"","theme-transparent-header-meta":"","adv-header-id-meta":"","stick-header-meta":"","header-above-stick-meta":"","header-main-stick-meta":"","header-below-stick-meta":"","astra-migrate-meta-layouts":"default","ast-page-background-enabled":"default","ast-page-background-meta":{"desktop":{"background-color":"var(--ast-global-color-4)","background-image":"","background-repeat":"repeat","background-position":"center center","background-size":"auto","background-attachment":"scroll","background-type":"","background-media":"","overlay-type":"","overlay-color":"","overlay-opacity":"","overlay-gradient":""},"tablet":{"background-color":"","background-image":"","background-repeat":"repeat","background-position":"center center","background-size":"auto","background-attachment":"scroll","background-type":"","background-media":"","overlay-type":"","overlay-color":"","overlay-opacity":"","overlay-gradient":""},"mobile":{"background-color":"","background-image":"","background-repeat":"repeat","background-position":"center center","background-size":"auto","background-attachment":"scroll","background-type":"","background-media":"","overlay-type":"","overlay-color":"","overlay-opacity":"","overlay-gradient":""}},"ast-content-background-meta":{"desktop":{"background-color":"var(--ast-global-color-5)","background-image":"","background-repeat":"repeat","background-position":"center center","background-size":"auto","background-attachment":"scroll","background-type":"","background-media":"","overlay-type":"","overlay-color":"","overlay-opacity":"","overlay-gradient":""},"tablet":{"background-color":"var(--ast-global-color-5)","background-image":"","background-repeat":"repeat","background-position":"center center","background-size":"auto","background-attachment":"scroll","background-type":"","background-media":"","overlay-type":"","overlay-color":"","overlay-opacity":"","overlay-gradient":""},"mobile":{"background-color":"var(--ast-global-color-5)","background-image":"","background-repeat":"repeat","background-position":"center center","background-size":"auto","background-attachment":"scroll","background-type":"","background-media":"","overlay-type":"","overlay-color":"","overlay-opacity":"","overlay-gradient":""}}},"product_brand":[],"product_cat":[3572,2978,2983,2919,2915,2913,2921,2920,3403,2916,2914,3042,2922,2982,2937,3404,2936,2918],"product_tag":[],"class_list":{"0":"post-280782","1":"product","2":"type-product","3":"status-publish","5":"product_cat-auskari-ar-anglu-aizdari","6":"product_cat-auskari-ar-dimantiem","7":"product_cat-auskari-ar-perlem","8":"product_cat-baltzelta-rotaslietas","9":"product_cat-davanas-berna-piedzimsanai","10":"product_cat-davanas-dzimsanas-diena","11":"product_cat-davanas-ipasiem-gadijumiem","12":"product_cat-davanas-izlaidumam","13":"product_cat-davanas-kazam","14":"product_cat-davanas-kazu-gadadiena","15":"product_cat-davanas-sievietem","16":"product_cat-juvelierizstradajumi","17":"product_cat-mates-dienas-davanas","18":"product_cat-perles-juvelierizstradajumi-ar-perlem","19":"product_cat-rotaslietas-ar-pusdargakmeniem","20":"product_cat-svinigi-auskari","21":"product_cat-valentindienas-davanas","22":"product_cat-ziemassvetku-davanas","23":"desktop-align-center","24":"tablet-align-left","25":"mobile-align-left","26":"ast-product-gallery-layout-horizontal-slider","27":"ast-product-gallery-with-no-image","28":"ast-product-tabs-layout-accordion","29":"ast-qv-on-image","31":"first","32":"instock","33":"taxable","34":"shipping-taxable","35":"purchasable","36":"product-type-simple"},"yoast_head":"<!-- This site is optimized with the Yoast SEO plugin v26.6 - https:\/\/yoast.com\/wordpress\/plugins\/seo\/ -->\n<title>P\u0113rles - dzelten\u0101 zelta auskari ar p\u0113rl\u0113m un dimantiem<\/title>\n<meta name=\"description\" content=\"Klasiska dizaina auskari ar ang\u013cu aizdari, 9,5 mm p\u0113rl\u0113m un dimantiem. Lieliska d\u0101vana ikdienai un \u012bpa\u0161iem gad\u012bjumiem, izsmalcin\u0101tam stilam.\" \/>\n<meta name=\"robots\" content=\"index, follow, max-snippet:-1, max-image-preview:large, max-video-preview:-1\" \/>\n<link rel=\"canonical\" href=\"https:\/\/fashiongold.lt\/lv\/papuosalas\/perles-dzeltena-zelta-auskari-ar-perlem-un-dimantiem-0-09-ct-9-5-mm\/\" \/>\n<meta property=\"og:locale\" content=\"lv_LV\" \/>\n<meta property=\"og:type\" content=\"article\" \/>\n<meta property=\"og:title\" content=\"P\u0113rles - dzelten\u0101 zelta auskari ar p\u0113rl\u0113m un dimantiem\" \/>\n<meta property=\"og:description\" content=\"Klasiska dizaina auskari ar ang\u013cu aizdari, 9,5 mm p\u0113rl\u0113m un dimantiem. Lieliska d\u0101vana ikdienai un \u012bpa\u0161iem gad\u012bjumiem, izsmalcin\u0101tam stilam.\" \/>\n<meta property=\"og:url\" content=\"https:\/\/fashiongold.lt\/lv\/papuosalas\/perles-dzeltena-zelta-auskari-ar-perlem-un-dimantiem-0-09-ct-9-5-mm\/\" \/>\n<meta property=\"og:site_name\" content=\"FashionGold.lt\" \/>\n<meta name=\"twitter:card\" content=\"summary_large_image\" \/>\n<meta name=\"twitter:label1\" content=\"Est. reading time\" \/>\n\t<meta name=\"twitter:data1\" content=\"1 minute\" \/>\n<script type=\"application\/ld+json\" class=\"yoast-schema-graph\">{\"@context\":\"https:\/\/schema.org\",\"@graph\":[{\"@type\":\"WebPage\",\"@id\":\"https:\/\/fashiongold.lt\/lv\/papuosalas\/perles-dzeltena-zelta-auskari-ar-perlem-un-dimantiem-0-09-ct-9-5-mm\/\",\"url\":\"https:\/\/fashiongold.lt\/lv\/papuosalas\/perles-dzeltena-zelta-auskari-ar-perlem-un-dimantiem-0-09-ct-9-5-mm\/\",\"name\":\"P\u0113rles - dzelten\u0101 zelta auskari ar p\u0113rl\u0113m un dimantiem\",\"isPartOf\":{\"@id\":\"https:\/\/fashiongold.lt\/lv\/#website\"},\"datePublished\":\"2025-10-23T07:36:51+00:00\",\"description\":\"Klasiska dizaina auskari ar ang\u013cu aizdari, 9,5 mm p\u0113rl\u0113m un dimantiem. Lieliska d\u0101vana ikdienai un \u012bpa\u0161iem gad\u012bjumiem, izsmalcin\u0101tam stilam.\",\"breadcrumb\":{\"@id\":\"https:\/\/fashiongold.lt\/lv\/papuosalas\/perles-dzeltena-zelta-auskari-ar-perlem-un-dimantiem-0-09-ct-9-5-mm\/#breadcrumb\"},\"inLanguage\":\"lv-LV\",\"potentialAction\":[{\"@type\":\"ReadAction\",\"target\":[\"https:\/\/fashiongold.lt\/lv\/papuosalas\/perles-dzeltena-zelta-auskari-ar-perlem-un-dimantiem-0-09-ct-9-5-mm\/\"]}]},{\"@type\":\"BreadcrumbList\",\"@id\":\"https:\/\/fashiongold.lt\/lv\/papuosalas\/perles-dzeltena-zelta-auskari-ar-perlem-un-dimantiem-0-09-ct-9-5-mm\/#breadcrumb\",\"itemListElement\":[{\"@type\":\"ListItem\",\"position\":1,\"name\":\"Home\",\"item\":\"https:\/\/fashiongold.lt\/lv\/\"},{\"@type\":\"ListItem\",\"position\":2,\"name\":\"Dimantu veikals Fashiongold.lt\",\"item\":\"https:\/\/fashiongold.lt\/shop-2\/\"},{\"@type\":\"ListItem\",\"position\":3,\"name\":\"P\u0113rles &#8211; dzelten\u0101 zelta auskari ar p\u0113rl\u0113m un dimantiem (0.09 ct, 9.5 mm)\"}]},{\"@type\":\"WebSite\",\"@id\":\"https:\/\/fashiongold.lt\/lv\/#website\",\"url\":\"https:\/\/fashiongold.lt\/lv\/\",\"name\":\"Fashion Gold\",\"description\":\"Juvelyrikos namai\",\"publisher\":{\"@id\":\"https:\/\/fashiongold.lt\/lv\/#organization\"},\"potentialAction\":[{\"@type\":\"SearchAction\",\"target\":{\"@type\":\"EntryPoint\",\"urlTemplate\":\"https:\/\/fashiongold.lt\/lv\/?s={search_term_string}\"},\"query-input\":{\"@type\":\"PropertyValueSpecification\",\"valueRequired\":true,\"valueName\":\"search_term_string\"}}],\"inLanguage\":\"lv-LV\"},{\"@type\":\"Organization\",\"@id\":\"https:\/\/fashiongold.lt\/lv\/#organization\",\"name\":\"Topdiamonds Online\",\"url\":\"https:\/\/fashiongold.lt\/lv\/\",\"logo\":{\"@type\":\"ImageObject\",\"inLanguage\":\"lv-LV\",\"@id\":\"https:\/\/fashiongold.lt\/lv\/#\/schema\/logo\/image\/\",\"url\":\"https:\/\/fashiongold.lt\/wp-content\/uploads\/2025\/04\/cropped-fashion_gold_logotipas2-scaled-1.png\",\"contentUrl\":\"https:\/\/fashiongold.lt\/wp-content\/uploads\/2025\/04\/cropped-fashion_gold_logotipas2-scaled-1.png\",\"width\":2559,\"height\":421,\"caption\":\"Topdiamonds Online\"},\"image\":{\"@id\":\"https:\/\/fashiongold.lt\/lv\/#\/schema\/logo\/image\/\"}}]}<\/script>\n<!-- \/ Yoast SEO plugin. -->","yoast_head_json":{"title":"P\u0113rles - dzelten\u0101 zelta auskari ar p\u0113rl\u0113m un dimantiem","description":"Klasiska dizaina auskari ar ang\u013cu aizdari, 9,5 mm p\u0113rl\u0113m un dimantiem. Lieliska d\u0101vana ikdienai un \u012bpa\u0161iem gad\u012bjumiem, izsmalcin\u0101tam stilam.","robots":{"index":"index","follow":"follow","max-snippet":"max-snippet:-1","max-image-preview":"max-image-preview:large","max-video-preview":"max-video-preview:-1"},"canonical":"https:\/\/fashiongold.lt\/lv\/papuosalas\/perles-dzeltena-zelta-auskari-ar-perlem-un-dimantiem-0-09-ct-9-5-mm\/","og_locale":"lv_LV","og_type":"article","og_title":"P\u0113rles - dzelten\u0101 zelta auskari ar p\u0113rl\u0113m un dimantiem","og_description":"Klasiska dizaina auskari ar ang\u013cu aizdari, 9,5 mm p\u0113rl\u0113m un dimantiem. Lieliska d\u0101vana ikdienai un \u012bpa\u0161iem gad\u012bjumiem, izsmalcin\u0101tam stilam.","og_url":"https:\/\/fashiongold.lt\/lv\/papuosalas\/perles-dzeltena-zelta-auskari-ar-perlem-un-dimantiem-0-09-ct-9-5-mm\/","og_site_name":"FashionGold.lt","twitter_card":"summary_large_image","twitter_misc":{"Est. reading time":"1 minute"},"schema":{"@context":"https:\/\/schema.org","@graph":[{"@type":"WebPage","@id":"https:\/\/fashiongold.lt\/lv\/papuosalas\/perles-dzeltena-zelta-auskari-ar-perlem-un-dimantiem-0-09-ct-9-5-mm\/","url":"https:\/\/fashiongold.lt\/lv\/papuosalas\/perles-dzeltena-zelta-auskari-ar-perlem-un-dimantiem-0-09-ct-9-5-mm\/","name":"P\u0113rles - dzelten\u0101 zelta auskari ar p\u0113rl\u0113m un dimantiem","isPartOf":{"@id":"https:\/\/fashiongold.lt\/lv\/#website"},"datePublished":"2025-10-23T07:36:51+00:00","description":"Klasiska dizaina auskari ar ang\u013cu aizdari, 9,5 mm p\u0113rl\u0113m un dimantiem. Lieliska d\u0101vana ikdienai un \u012bpa\u0161iem gad\u012bjumiem, izsmalcin\u0101tam stilam.","breadcrumb":{"@id":"https:\/\/fashiongold.lt\/lv\/papuosalas\/perles-dzeltena-zelta-auskari-ar-perlem-un-dimantiem-0-09-ct-9-5-mm\/#breadcrumb"},"inLanguage":"lv-LV","potentialAction":[{"@type":"ReadAction","target":["https:\/\/fashiongold.lt\/lv\/papuosalas\/perles-dzeltena-zelta-auskari-ar-perlem-un-dimantiem-0-09-ct-9-5-mm\/"]}]},{"@type":"BreadcrumbList","@id":"https:\/\/fashiongold.lt\/lv\/papuosalas\/perles-dzeltena-zelta-auskari-ar-perlem-un-dimantiem-0-09-ct-9-5-mm\/#breadcrumb","itemListElement":[{"@type":"ListItem","position":1,"name":"Home","item":"https:\/\/fashiongold.lt\/lv\/"},{"@type":"ListItem","position":2,"name":"Dimantu veikals Fashiongold.lt","item":"https:\/\/fashiongold.lt\/shop-2\/"},{"@type":"ListItem","position":3,"name":"P\u0113rles &#8211; dzelten\u0101 zelta auskari ar p\u0113rl\u0113m un dimantiem (0.09 ct, 9.5 mm)"}]},{"@type":"WebSite","@id":"https:\/\/fashiongold.lt\/lv\/#website","url":"https:\/\/fashiongold.lt\/lv\/","name":"Fashion Gold","description":"Juvelyrikos namai","publisher":{"@id":"https:\/\/fashiongold.lt\/lv\/#organization"},"potentialAction":[{"@type":"SearchAction","target":{"@type":"EntryPoint","urlTemplate":"https:\/\/fashiongold.lt\/lv\/?s={search_term_string}"},"query-input":{"@type":"PropertyValueSpecification","valueRequired":true,"valueName":"search_term_string"}}],"inLanguage":"lv-LV"},{"@type":"Organization","@id":"https:\/\/fashiongold.lt\/lv\/#organization","name":"Topdiamonds Online","url":"https:\/\/fashiongold.lt\/lv\/","logo":{"@type":"ImageObject","inLanguage":"lv-LV","@id":"https:\/\/fashiongold.lt\/lv\/#\/schema\/logo\/image\/","url":"https:\/\/fashiongold.lt\/wp-content\/uploads\/2025\/04\/cropped-fashion_gold_logotipas2-scaled-1.png","contentUrl":"https:\/\/fashiongold.lt\/wp-content\/uploads\/2025\/04\/cropped-fashion_gold_logotipas2-scaled-1.png","width":2559,"height":421,"caption":"Topdiamonds Online"},"image":{"@id":"https:\/\/fashiongold.lt\/lv\/#\/schema\/logo\/image\/"}}]}},"_links":{"self":[{"href":"https:\/\/fashiongold.lt\/lv\/wp-json\/wp\/v2\/product\/280782","targetHints":{"allow":["GET"]}}],"collection":[{"href":"https:\/\/fashiongold.lt\/lv\/wp-json\/wp\/v2\/product"}],"about":[{"href":"https:\/\/fashiongold.lt\/lv\/wp-json\/wp\/v2\/types\/product"}],"version-history":[{"count":0,"href":"https:\/\/fashiongold.lt\/lv\/wp-json\/wp\/v2\/product\/280782\/revisions"}],"wp:attachment":[{"href":"https:\/\/fashiongold.lt\/lv\/wp-json\/wp\/v2\/media?parent=280782"}],"wp:term":[{"taxonomy":"product_brand","embeddable":true,"href":"https:\/\/fashiongold.lt\/lv\/wp-json\/wp\/v2\/product_brand?post=280782"},{"taxonomy":"product_cat","embeddable":true,"href":"https:\/\/fashiongold.lt\/lv\/wp-json\/wp\/v2\/product_cat?post=280782"},{"taxonomy":"product_tag","embeddable":true,"href":"https:\/\/fashiongold.lt\/lv\/wp-json\/wp\/v2\/product_tag?post=280782"}],"curies":[{"name":"wp","href":"https:\/\/api.w.org\/{rel}","templated":true}]}}