{"id":280794,"date":"2025-10-17T11:08:05","date_gmt":"2025-10-17T11:08:05","guid":{"rendered":"https:\/\/fashiongold.lt\/papuosalas\/sarkana-zelta-kulons-ar-dimantu-0015-ct\/"},"modified":"2025-10-17T11:08:05","modified_gmt":"2025-10-17T11:08:05","slug":"sarkana-zelta-kulons-ar-dimantu-0015-ct","status":"publish","type":"product","link":"https:\/\/fashiongold.lt\/lv\/papuosalas\/sarkana-zelta-kulons-ar-dimantu-0015-ct\/","title":{"rendered":"Sarkan\u0101 zelta kulons ar dimantu (0,015 ct)"},"content":{"rendered":"<h2>Sarkan\u0101 zelta kulons ar dimantu (0,015 ct) \u2013 siltums un elegance vien\u0101 rotasliet\u0101.<\/h2>\n<h3>Moderns kulons no sarkan\u0101 zelta ar smalku dimanta mirdzumu k\u013c\u016bst par rotaslietu, kas simboliz\u0113 ekskluzivit\u0101ti un rafin\u0113tu gaumi. Minim\u0101listisk\u0101 forma \u013cauj tam k\u013c\u016bt par univers\u0101lu aksesu\u0101ru \u2013 no ikdienas ap\u0123\u0113rba l\u012bdz \u012bpa\u0161iem gad\u012bjumiem, savuk\u0101rt siltais zelta tonis pie\u0161\u0137ir m\u0101j\u012bgumu un eleganci.<\/h3>\n<p>Ra\u017eots Lietuv\u0101, iev\u0113rojot augst\u0101kos juvelierizstr\u0101d\u0101jumu ra\u017eo\u0161anas standartus.<\/p>\n<p>\u2022 <a href=\"https:\/\/fashiongold.lt\/lv\/patarimai-lv\/zelta-prove-kulonam-ka-izveleties-piemerotako\/\" target=\"_blank\" rel=\"noopener\"><strong>Kulona met\u0101ls<\/strong><\/a>: 14K (585 prove);<\/p>\n<p>\u2022 <a href=\"https:\/\/fashiongold.lt\/lv\/patarimai-lv\/piekarini-un-zelta-krasa-ka-izveleties-balto-sarto-vai-dzelteno-zeltu\/\" target=\"_blank\" rel=\"noopener\"><strong>Kulona zelta kr\u0101sa<\/strong><\/a>: sarkana;<\/p>\n<p>\u2022 <a href=\"https:\/\/fashiongold.lt\/lv\/patarimai-lv\/kulons-ar-dimantu-ka-izveleties-zelta-svaru-krasu-un-piemerotu-kediti\/\" target=\"_blank\" rel=\"noopener\"><strong>Kulona zelta svars<\/strong><\/a>: 1,79 g;<\/p>\n<p>\u2022 <a href=\"https:\/\/fashiongold.lt\/lv\/patarimai-lv\/ideala-kombinacija-kulons-ar-dimantu-un-piemerots-kedites-garums\/\" target=\"_blank\" rel=\"noopener\"><strong>\u0136\u0113d\u012btes garums<\/strong><\/a>: 43-45 cm;<\/p>\n<p>\u2022 <strong><a href=\"https:\/\/fashiongold.lt\/lv\/patarimai-lv\/dimants-dabigs-laboratorija-audzets-vai-maksligs-ka-izveleties-pareizi\/\" target=\"_blank\" rel=\"noopener\">Dimanta veids<\/a><\/strong>: dab\u012bgs dimants;<\/p>\n<p>\u2022 <a href=\"https:\/\/fashiongold.lt\/lv\/patarimai-lv\/dimants-citas-dimanta-formas\/\" target=\"_blank\" rel=\"noopener\"><strong>Dimanta<\/strong><strong>\u00a0forma<\/strong><\/a>: Apa\u013cas formas (Round cut);<\/p>\n<p>\u2022 <a href=\"https:\/\/fashiongold.lt\/lv\/patarimai-lv\/dimants-ka-tiek-verteta-vertigaka-dargakmens-grezniba\/\" target=\"_blank\" rel=\"noopener\"><strong>Dimanta<\/strong><strong>\u00a0raksturojums<\/strong><\/a>: 0.015 ct dimants (dzidrums SI1, kr\u0101sa W);<\/p>\n<p>\u2022 <strong><a href=\"https:\/\/fashiongold.lt\/lv\/patarimai-lv\/dimants-rubins-safirs-smaragds-dargakmenu-sertifikati\/\" target=\"_blank\" rel=\"noopener\">Sertifik\u0101ts<\/a><\/strong>: Lietuvas Prove\u0161anas pal\u0101ta (LPR) \u2013 AB381954;<\/p>\n<p>\u2022 Vienreiz\u0113ja bezmaksas <strong><a href=\"https:\/\/fashiongold.lt\/lv\/patarimai-lv\/zelta-kedite-bezmaksas-garuma-maina-iegadajoties-no-fashiongold-lt\/\">\u0137\u0113d\u012btes garuma mai\u0146as garantija<\/a><\/strong><\/p>\n<p>\u2022 <strong><a href=\"https:\/\/fashiongold.lt\/lv\/piegade-un-atgriesana\/\" target=\"_blank\" rel=\"noopener\">Pieg\u0101des termi\u0146\u0161<\/a><\/strong>: 1-4 d. d.<\/p>\n","protected":false},"excerpt":{"rendered":"<p>\u0160is sarkan\u0101 zelta kulons ar dimantu ir eleganta rotaslieta, kur\u0101 sapl\u016bst siltums, grezn\u012bba un minim\u0101lisms. Maigais sarkan\u0101 zelta tonis pie\u0161\u0137ir rotaslietai m\u0101j\u012bgumu un m\u016bsdien\u012bgumu, savuk\u0101rt centr\u0101 mirdzo\u0161ais dimants smalki uzsver rafin\u0113t\u012bbu. \u0160is kulons lieliski piest\u0101v ikdienas t\u0113lam, bet k\u013c\u016bst ar\u012b par \u012bpa\u0161u akcentu sv\u0113tku reiz\u0113s. Tas var b\u016bt ne tikai stil\u012bga deta\u013ca, bet ar\u012b noz\u012bm\u012bga d\u0101vana, kas simboliz\u0113 gaismu un tuv\u012bbu.<\/p>\n","protected":false},"featured_media":0,"template":"","meta":{"site-sidebar-layout":"default","site-content-layout":"","ast-site-content-layout":"default","site-content-style":"default","site-sidebar-style":"default","ast-global-header-display":"","ast-banner-title-visibility":"","ast-main-header-display":"","ast-hfb-above-header-display":"","ast-hfb-below-header-display":"","ast-hfb-mobile-header-display":"","site-post-title":"","ast-breadcrumbs-content":"","ast-featured-img":"","footer-sml-layout":"","ast-disable-related-posts":"","theme-transparent-header-meta":"default","adv-header-id-meta":"","stick-header-meta":"","header-above-stick-meta":"","header-main-stick-meta":"","header-below-stick-meta":"","astra-migrate-meta-layouts":"default","ast-page-background-enabled":"default","ast-page-background-meta":{"desktop":{"background-color":"var(--ast-global-color-4)","background-image":"","background-repeat":"repeat","background-position":"center center","background-size":"auto","background-attachment":"scroll","background-type":"","background-media":"","overlay-type":"","overlay-color":"","overlay-opacity":"","overlay-gradient":""},"tablet":{"background-color":"","background-image":"","background-repeat":"repeat","background-position":"center center","background-size":"auto","background-attachment":"scroll","background-type":"","background-media":"","overlay-type":"","overlay-color":"","overlay-opacity":"","overlay-gradient":""},"mobile":{"background-color":"","background-image":"","background-repeat":"repeat","background-position":"center center","background-size":"auto","background-attachment":"scroll","background-type":"","background-media":"","overlay-type":"","overlay-color":"","overlay-opacity":"","overlay-gradient":""}},"ast-content-background-meta":{"desktop":{"background-color":"var(--ast-global-color-5)","background-image":"","background-repeat":"repeat","background-position":"center center","background-size":"auto","background-attachment":"scroll","background-type":"","background-media":"","overlay-type":"","overlay-color":"","overlay-opacity":"","overlay-gradient":""},"tablet":{"background-color":"var(--ast-global-color-5)","background-image":"","background-repeat":"repeat","background-position":"center center","background-size":"auto","background-attachment":"scroll","background-type":"","background-media":"","overlay-type":"","overlay-color":"","overlay-opacity":"","overlay-gradient":""},"mobile":{"background-color":"var(--ast-global-color-5)","background-image":"","background-repeat":"repeat","background-position":"center center","background-size":"auto","background-attachment":"scroll","background-type":"","background-media":"","overlay-type":"","overlay-color":"","overlay-opacity":"","overlay-gradient":""}}},"product_brand":[],"product_cat":[3613,3028],"product_tag":[],"class_list":{"0":"post-280794","1":"product","2":"type-product","3":"status-publish","5":"product_cat-dimantu-veikals-pieejami-uz-vietas","6":"product_cat-kuloni-ar-dimantiem","7":"desktop-align-center","8":"tablet-align-left","9":"mobile-align-left","10":"ast-product-gallery-layout-horizontal-slider","11":"ast-product-single-variable","12":"ast-product-tabs-layout-accordion","13":"ast-qv-on-image","15":"first","16":"instock","17":"taxable","18":"shipping-taxable","19":"purchasable","20":"product-type-variable"},"yoast_head":"<!-- This site is optimized with the Yoast SEO plugin v26.6 - https:\/\/yoast.com\/wordpress\/plugins\/seo\/ -->\n<title>Sarkan\u0101 zelta kulons ar dimantu (0,015 ct)<\/title>\n<meta name=\"description\" content=\"Sarkan\u0101 zelta kulons ar dimantu. Smalka grezn\u012bba, siltums un minim\u0101lisms, kas piem\u0113rots ikdienas t\u0113lam un \u012bpa\u0161iem gad\u012bjumiem.\" \/>\n<meta name=\"robots\" content=\"index, follow, max-snippet:-1, max-image-preview:large, max-video-preview:-1\" \/>\n<link rel=\"canonical\" href=\"https:\/\/fashiongold.lt\/lv\/papuosalas\/sarkana-zelta-kulons-ar-dimantu-0015-ct\/\" \/>\n<meta property=\"og:locale\" content=\"lv_LV\" \/>\n<meta property=\"og:type\" content=\"article\" \/>\n<meta property=\"og:title\" content=\"Sarkan\u0101 zelta kulons ar dimantu (0,015 ct)\" \/>\n<meta property=\"og:description\" content=\"Sarkan\u0101 zelta kulons ar dimantu. Smalka grezn\u012bba, siltums un minim\u0101lisms, kas piem\u0113rots ikdienas t\u0113lam un \u012bpa\u0161iem gad\u012bjumiem.\" \/>\n<meta property=\"og:url\" content=\"https:\/\/fashiongold.lt\/lv\/papuosalas\/sarkana-zelta-kulons-ar-dimantu-0015-ct\/\" \/>\n<meta property=\"og:site_name\" content=\"FashionGold.lt\" \/>\n<meta name=\"twitter:card\" content=\"summary_large_image\" \/>\n<meta name=\"twitter:label1\" content=\"Est. reading time\" \/>\n\t<meta name=\"twitter:data1\" content=\"1 minute\" \/>\n<script type=\"application\/ld+json\" class=\"yoast-schema-graph\">{\"@context\":\"https:\/\/schema.org\",\"@graph\":[{\"@type\":\"WebPage\",\"@id\":\"https:\/\/fashiongold.lt\/lv\/papuosalas\/sarkana-zelta-kulons-ar-dimantu-0015-ct\/\",\"url\":\"https:\/\/fashiongold.lt\/lv\/papuosalas\/sarkana-zelta-kulons-ar-dimantu-0015-ct\/\",\"name\":\"Sarkan\u0101 zelta kulons ar dimantu (0,015 ct)\",\"isPartOf\":{\"@id\":\"https:\/\/fashiongold.lt\/lv\/#website\"},\"datePublished\":\"2025-10-17T11:08:05+00:00\",\"description\":\"Sarkan\u0101 zelta kulons ar dimantu. Smalka grezn\u012bba, siltums un minim\u0101lisms, kas piem\u0113rots ikdienas t\u0113lam un \u012bpa\u0161iem gad\u012bjumiem.\",\"breadcrumb\":{\"@id\":\"https:\/\/fashiongold.lt\/lv\/papuosalas\/sarkana-zelta-kulons-ar-dimantu-0015-ct\/#breadcrumb\"},\"inLanguage\":\"lv-LV\",\"potentialAction\":[{\"@type\":\"ReadAction\",\"target\":[\"https:\/\/fashiongold.lt\/lv\/papuosalas\/sarkana-zelta-kulons-ar-dimantu-0015-ct\/\"]}]},{\"@type\":\"BreadcrumbList\",\"@id\":\"https:\/\/fashiongold.lt\/lv\/papuosalas\/sarkana-zelta-kulons-ar-dimantu-0015-ct\/#breadcrumb\",\"itemListElement\":[{\"@type\":\"ListItem\",\"position\":1,\"name\":\"Home\",\"item\":\"https:\/\/fashiongold.lt\/lv\/\"},{\"@type\":\"ListItem\",\"position\":2,\"name\":\"Dimantu veikals Fashiongold.lt\",\"item\":\"https:\/\/fashiongold.lt\/shop-2\/\"},{\"@type\":\"ListItem\",\"position\":3,\"name\":\"Sarkan\u0101 zelta kulons ar dimantu (0,015 ct)\"}]},{\"@type\":\"WebSite\",\"@id\":\"https:\/\/fashiongold.lt\/lv\/#website\",\"url\":\"https:\/\/fashiongold.lt\/lv\/\",\"name\":\"Fashion Gold\",\"description\":\"Juvelyrikos namai\",\"publisher\":{\"@id\":\"https:\/\/fashiongold.lt\/lv\/#organization\"},\"potentialAction\":[{\"@type\":\"SearchAction\",\"target\":{\"@type\":\"EntryPoint\",\"urlTemplate\":\"https:\/\/fashiongold.lt\/lv\/?s={search_term_string}\"},\"query-input\":{\"@type\":\"PropertyValueSpecification\",\"valueRequired\":true,\"valueName\":\"search_term_string\"}}],\"inLanguage\":\"lv-LV\"},{\"@type\":\"Organization\",\"@id\":\"https:\/\/fashiongold.lt\/lv\/#organization\",\"name\":\"Topdiamonds Online\",\"url\":\"https:\/\/fashiongold.lt\/lv\/\",\"logo\":{\"@type\":\"ImageObject\",\"inLanguage\":\"lv-LV\",\"@id\":\"https:\/\/fashiongold.lt\/lv\/#\/schema\/logo\/image\/\",\"url\":\"https:\/\/fashiongold.lt\/wp-content\/uploads\/2025\/04\/cropped-fashion_gold_logotipas2-scaled-1.png\",\"contentUrl\":\"https:\/\/fashiongold.lt\/wp-content\/uploads\/2025\/04\/cropped-fashion_gold_logotipas2-scaled-1.png\",\"width\":2559,\"height\":421,\"caption\":\"Topdiamonds Online\"},\"image\":{\"@id\":\"https:\/\/fashiongold.lt\/lv\/#\/schema\/logo\/image\/\"}}]}<\/script>\n<!-- \/ Yoast SEO plugin. -->","yoast_head_json":{"title":"Sarkan\u0101 zelta kulons ar dimantu (0,015 ct)","description":"Sarkan\u0101 zelta kulons ar dimantu. Smalka grezn\u012bba, siltums un minim\u0101lisms, kas piem\u0113rots ikdienas t\u0113lam un \u012bpa\u0161iem gad\u012bjumiem.","robots":{"index":"index","follow":"follow","max-snippet":"max-snippet:-1","max-image-preview":"max-image-preview:large","max-video-preview":"max-video-preview:-1"},"canonical":"https:\/\/fashiongold.lt\/lv\/papuosalas\/sarkana-zelta-kulons-ar-dimantu-0015-ct\/","og_locale":"lv_LV","og_type":"article","og_title":"Sarkan\u0101 zelta kulons ar dimantu (0,015 ct)","og_description":"Sarkan\u0101 zelta kulons ar dimantu. Smalka grezn\u012bba, siltums un minim\u0101lisms, kas piem\u0113rots ikdienas t\u0113lam un \u012bpa\u0161iem gad\u012bjumiem.","og_url":"https:\/\/fashiongold.lt\/lv\/papuosalas\/sarkana-zelta-kulons-ar-dimantu-0015-ct\/","og_site_name":"FashionGold.lt","twitter_card":"summary_large_image","twitter_misc":{"Est. reading time":"1 minute"},"schema":{"@context":"https:\/\/schema.org","@graph":[{"@type":"WebPage","@id":"https:\/\/fashiongold.lt\/lv\/papuosalas\/sarkana-zelta-kulons-ar-dimantu-0015-ct\/","url":"https:\/\/fashiongold.lt\/lv\/papuosalas\/sarkana-zelta-kulons-ar-dimantu-0015-ct\/","name":"Sarkan\u0101 zelta kulons ar dimantu (0,015 ct)","isPartOf":{"@id":"https:\/\/fashiongold.lt\/lv\/#website"},"datePublished":"2025-10-17T11:08:05+00:00","description":"Sarkan\u0101 zelta kulons ar dimantu. Smalka grezn\u012bba, siltums un minim\u0101lisms, kas piem\u0113rots ikdienas t\u0113lam un \u012bpa\u0161iem gad\u012bjumiem.","breadcrumb":{"@id":"https:\/\/fashiongold.lt\/lv\/papuosalas\/sarkana-zelta-kulons-ar-dimantu-0015-ct\/#breadcrumb"},"inLanguage":"lv-LV","potentialAction":[{"@type":"ReadAction","target":["https:\/\/fashiongold.lt\/lv\/papuosalas\/sarkana-zelta-kulons-ar-dimantu-0015-ct\/"]}]},{"@type":"BreadcrumbList","@id":"https:\/\/fashiongold.lt\/lv\/papuosalas\/sarkana-zelta-kulons-ar-dimantu-0015-ct\/#breadcrumb","itemListElement":[{"@type":"ListItem","position":1,"name":"Home","item":"https:\/\/fashiongold.lt\/lv\/"},{"@type":"ListItem","position":2,"name":"Dimantu veikals Fashiongold.lt","item":"https:\/\/fashiongold.lt\/shop-2\/"},{"@type":"ListItem","position":3,"name":"Sarkan\u0101 zelta kulons ar dimantu (0,015 ct)"}]},{"@type":"WebSite","@id":"https:\/\/fashiongold.lt\/lv\/#website","url":"https:\/\/fashiongold.lt\/lv\/","name":"Fashion Gold","description":"Juvelyrikos namai","publisher":{"@id":"https:\/\/fashiongold.lt\/lv\/#organization"},"potentialAction":[{"@type":"SearchAction","target":{"@type":"EntryPoint","urlTemplate":"https:\/\/fashiongold.lt\/lv\/?s={search_term_string}"},"query-input":{"@type":"PropertyValueSpecification","valueRequired":true,"valueName":"search_term_string"}}],"inLanguage":"lv-LV"},{"@type":"Organization","@id":"https:\/\/fashiongold.lt\/lv\/#organization","name":"Topdiamonds Online","url":"https:\/\/fashiongold.lt\/lv\/","logo":{"@type":"ImageObject","inLanguage":"lv-LV","@id":"https:\/\/fashiongold.lt\/lv\/#\/schema\/logo\/image\/","url":"https:\/\/fashiongold.lt\/wp-content\/uploads\/2025\/04\/cropped-fashion_gold_logotipas2-scaled-1.png","contentUrl":"https:\/\/fashiongold.lt\/wp-content\/uploads\/2025\/04\/cropped-fashion_gold_logotipas2-scaled-1.png","width":2559,"height":421,"caption":"Topdiamonds Online"},"image":{"@id":"https:\/\/fashiongold.lt\/lv\/#\/schema\/logo\/image\/"}}]}},"_links":{"self":[{"href":"https:\/\/fashiongold.lt\/lv\/wp-json\/wp\/v2\/product\/280794","targetHints":{"allow":["GET"]}}],"collection":[{"href":"https:\/\/fashiongold.lt\/lv\/wp-json\/wp\/v2\/product"}],"about":[{"href":"https:\/\/fashiongold.lt\/lv\/wp-json\/wp\/v2\/types\/product"}],"version-history":[{"count":0,"href":"https:\/\/fashiongold.lt\/lv\/wp-json\/wp\/v2\/product\/280794\/revisions"}],"wp:attachment":[{"href":"https:\/\/fashiongold.lt\/lv\/wp-json\/wp\/v2\/media?parent=280794"}],"wp:term":[{"taxonomy":"product_brand","embeddable":true,"href":"https:\/\/fashiongold.lt\/lv\/wp-json\/wp\/v2\/product_brand?post=280794"},{"taxonomy":"product_cat","embeddable":true,"href":"https:\/\/fashiongold.lt\/lv\/wp-json\/wp\/v2\/product_cat?post=280794"},{"taxonomy":"product_tag","embeddable":true,"href":"https:\/\/fashiongold.lt\/lv\/wp-json\/wp\/v2\/product_tag?post=280794"}],"curies":[{"name":"wp","href":"https:\/\/api.w.org\/{rel}","templated":true}]}}