{"id":280827,"date":"2025-10-17T11:00:54","date_gmt":"2025-10-17T11:00:54","guid":{"rendered":"https:\/\/fashiongold.lt\/papuosalas\/balta-zelta-saderinasanas-gredzens-ar-safiru-100-ct\/"},"modified":"2025-10-17T11:00:54","modified_gmt":"2025-10-17T11:00:54","slug":"balta-zelta-saderinasanas-gredzens-ar-safiru-100-ct","status":"publish","type":"product","link":"https:\/\/fashiongold.lt\/lv\/rotaslieta\/balta-zelta-saderinasanas-gredzens-ar-safiru-100-ct\/","title":{"rendered":"Balt\u0101 zelta saderin\u0101\u0161an\u0101s gredzens ar saf\u012bru (1,00 ct)"},"content":{"rendered":"<h2>Balt\u0101 zelta saderin\u0101\u0161an\u0101s gredzens ar l\u0101s\u012btes formas saf\u012bru un Halo vainadzi\u0146u (1,00 ct)<\/h2>\n<h3>M\u012blest\u012bbas dzi\u013cums saf\u012bra zilum\u0101 \u2013 mirdzo\u0161s balt\u0101 zelta sol\u012bjums, kur\u0101 Halo dizains pastiprina centr\u0101l\u0101 akmens \u0161armu, \u013caujot saf\u012bra zilumam simboliz\u0113t uztic\u012bbu, mieru un m\u012blest\u012bbas dzi\u013cumu.<\/h3>\n<p>Ra\u017eots Lietuv\u0101, iev\u0113rojot augst\u0101kos juvelierizstr\u0101d\u0101jumu ra\u017eo\u0161anas standartus.<\/p>\n<p>\u2022 <strong><a href=\"https:\/\/fashiongold.lt\/lv\/patarimai-lv\/zelta-prove-juvelierizstradajumiem-ka-izveleties-piemerotako\/\" target=\"_blank\" rel=\"noopener\">Gredzena met\u0101ls<\/a><\/strong>: 14K (585. prove);<\/p>\n<p>\u2022 <strong><a href=\"https:\/\/fashiongold.lt\/lv\/patarimai-lv\/saderinasanas-un-laulibu-gredzenu-zelta-krasa-baltais-sarkanais-vai-dzeltenais-zelts\/\" target=\"_blank\" rel=\"noopener\">Gredzena kr\u0101sa<\/a><\/strong>: balta;<\/p>\n<p>\u2022 <strong><a href=\"https:\/\/fashiongold.lt\/lv\/patarimai-lv\/gredzeni-ar-dimantiem-gredzena-zelta-svars-un-dimantu-svars-karatos-ka-izveleties-piemerotako-ieteikumi-ka-saprast-un-novertet\/\" target=\"_blank\" rel=\"noopener\">Gredzena svars<\/a><\/strong>: 1,49 g;<\/p>\n<p>\u2022 <strong><a href=\"https:\/\/fashiongold.lt\/lv\/patarimai-lv\/saderinasanas-gredzeni-perfektu-proporciju-noslepums-kapec-dazi-gredzeni-ar-dimantiem-izskatas-greznak\/\" target=\"_blank\" rel=\"noopener\">Gredzena izm\u0113ri<\/a><\/strong>: kro\u0146a augstums aptuveni 9,7 mm, 7 x 5 mm saf\u012brs;<\/p>\n<p>\u2022 <strong><a href=\"https:\/\/fashiongold.lt\/lv\/patarimai-lv\/gredzena-komforta-zona-vai-gredzena-ertums\/\" target=\"_blank\" rel=\"noopener\">Gredzena komforta zona<\/a><\/strong>: ir;<\/p>\n<p>\u2022 <a href=\"https:\/\/fashiongold.lt\/brangakmeniu-tipai\/\" target=\"_blank\" rel=\"noopener\"><b>D\u0101rgakme\u0146u<\/b><strong> tips<\/strong><\/a>: Saf\u012brs, dab\u012bgie dimanti;<\/p>\n<p>\u2022 <a href=\"https:\/\/fashiongold.lt\/lv\/patarimai-lv\/dimants-citas-dimanta-formas\/\" target=\"_blank\" rel=\"noopener\"><b>D\u0101rgakme\u0146u<\/b><strong> forma<\/strong><\/a>: L\u0101s\u012btes formas (Pear cut) saf\u012brs, apa\u013cas formas (Round cut) dimanti;<\/p>\n<p>\u2022 <a href=\"https:\/\/fashiongold.lt\/lv\/patarimai-lv\/dimants-ka-tiek-verteta-vertigaka-dargakmens-grezniba\/\" target=\"_blank\" rel=\"noopener\"><b>D\u0101rgakme\u0146u<\/b><strong>\u00a0raksturojums<\/strong><\/a>: 0,105 ct (0,005 ct x 21) dimanti Halo vainadzi\u0146\u0101, 0,90 ct saf\u012brs (kr\u0101sa H, dzidrums SI2);<\/p>\n<p>\u2022 <strong><a href=\"https:\/\/fashiongold.lt\/lv\/patarimai-lv\/dimants-rubins-safirs-smaragds-dargakmenu-sertifikati\/\" target=\"_blank\" rel=\"noopener\">Sertifik\u0101ts<\/a><\/strong>: Lietuvas Prob\u0113\u0161anas pal\u0101ta (LPR) \u2013 AB301024;<\/p>\n<p>\u2022 <strong><a href=\"https:\/\/fashiongold.lt\/lv\/patarimai-lv\/saderinasanas-gredzeni-vai-gredzenu-var-iegravet-detalas-kas-pieskir-jusu-saderinasanas-gredzenam-individualitati\/\" target=\"_blank\" rel=\"noopener\">Grav\u0113\u0161ana<\/a><\/strong> bez maksas;<\/p>\n<p>\u2022 Vienreiz\u0113ja bezmaksas <strong><a href=\"https:\/\/fashiongold.lt\/lv\/patarimai-lv\/saderinasanas-gredzeni-bezmaksas-izmera-pielagosana-lai-gredzens-deretu-ideali\/\" target=\"_blank\" rel=\"noopener\">gredzena izm\u0113ra mai\u0146as garantija<\/a><\/strong> (p\u0113c iesp\u0113j\u0101m);<\/p>\n<p>\u2022 <strong><a href=\"https:\/\/fashiongold.lt\/lv\/piegade-un-atgriesana\/\" target=\"_blank\" rel=\"noopener\">Pieg\u0101des termi\u0146\u0161<\/a><\/strong>: 1-4 d.d.<\/p>\n","protected":false},"excerpt":{"rendered":"<p>Balt\u0101 zelta saderin\u0101\u0161an\u0101s gredzens ar l\u0101sveida saf\u012bru un dab\u012bgo dimantu vainidzi\u0146u \u2013 izcila izv\u0113le, kur\u0101 sapl\u016bst grezn\u012bba un simboliska noz\u012bme. Saf\u012brs kop\u0161 seniem laikiem tiek uzskat\u012bts par uztic\u012bbas un gudr\u012bbas akmeni, bet t\u0101 ziluma dzi\u013cums atspogu\u013co m\u012blest\u012bbas sp\u0113ku un mieru. Dimantu Halo ap saf\u012bra mirdzumu rada iespaid\u012bgu kontrastu un rafin\u0113tu eleganci.<\/p>\n","protected":false},"featured_media":0,"template":"","meta":{"site-sidebar-layout":"default","site-content-layout":"","ast-site-content-layout":"default","site-content-style":"default","site-sidebar-style":"default","ast-global-header-display":"","ast-banner-title-visibility":"","ast-main-header-display":"","ast-hfb-above-header-display":"","ast-hfb-below-header-display":"","ast-hfb-mobile-header-display":"","site-post-title":"","ast-breadcrumbs-content":"","ast-featured-img":"","footer-sml-layout":"","ast-disable-related-posts":"","theme-transparent-header-meta":"default","adv-header-id-meta":"","stick-header-meta":"","header-above-stick-meta":"","header-main-stick-meta":"","header-below-stick-meta":"","astra-migrate-meta-layouts":"default","ast-page-background-enabled":"default","ast-page-background-meta":{"desktop":{"background-color":"var(--ast-global-color-4)","background-image":"","background-repeat":"repeat","background-position":"center center","background-size":"auto","background-attachment":"scroll","background-type":"","background-media":"","overlay-type":"","overlay-color":"","overlay-opacity":"","overlay-gradient":""},"tablet":{"background-color":"","background-image":"","background-repeat":"repeat","background-position":"center center","background-size":"auto","background-attachment":"scroll","background-type":"","background-media":"","overlay-type":"","overlay-color":"","overlay-opacity":"","overlay-gradient":""},"mobile":{"background-color":"","background-image":"","background-repeat":"repeat","background-position":"center center","background-size":"auto","background-attachment":"scroll","background-type":"","background-media":"","overlay-type":"","overlay-color":"","overlay-opacity":"","overlay-gradient":""}},"ast-content-background-meta":{"desktop":{"background-color":"var(--ast-global-color-5)","background-image":"","background-repeat":"repeat","background-position":"center center","background-size":"auto","background-attachment":"scroll","background-type":"","background-media":"","overlay-type":"","overlay-color":"","overlay-opacity":"","overlay-gradient":""},"tablet":{"background-color":"var(--ast-global-color-5)","background-image":"","background-repeat":"repeat","background-position":"center center","background-size":"auto","background-attachment":"scroll","background-type":"","background-media":"","overlay-type":"","overlay-color":"","overlay-opacity":"","overlay-gradient":""},"mobile":{"background-color":"var(--ast-global-color-5)","background-image":"","background-repeat":"repeat","background-position":"center center","background-size":"auto","background-attachment":"scroll","background-type":"","background-media":"","overlay-type":"","overlay-color":"","overlay-opacity":"","overlay-gradient":""}}},"product_brand":[],"product_cat":[2920,3613,2938,3439,3440,2934,3447,3402],"product_tag":[],"class_list":{"0":"post-280827","1":"product","2":"type-product","3":"status-publish","5":"product_cat-davanas-izlaidumam","6":"product_cat-dimantu-veikals-pieejami-uz-vietas","7":"product_cat-juvelierizstradajumi-ar-ziliem-dargakmeniem","8":"product_cat-saderinasanas-gredzeni","9":"product_cat-saderinasanas-gredzeni-ar-dargakmeniem","10":"product_cat-safirs-juvelierizstradajumi-ar-safiriem","11":"product_cat-top-saderinasanas-gredzeni","12":"product_cat-zils-dargakmens","13":"desktop-align-center","14":"tablet-align-left","15":"mobile-align-left","16":"ast-product-gallery-layout-horizontal-slider","17":"ast-product-single-variable","18":"ast-product-tabs-layout-accordion","19":"ast-qv-on-image","21":"first","22":"instock","23":"taxable","24":"shipping-taxable","25":"purchasable","26":"product-type-variable"},"yoast_head":"<!-- This site is optimized with the Yoast SEO plugin v26.6 - https:\/\/yoast.com\/wordpress\/plugins\/seo\/ -->\n<title>Balt\u0101 zelta saderin\u0101\u0161an\u0101s gredzens ar l\u0101s\u012btes formas saf\u012bru (1,00 ct)<\/title>\n<meta name=\"description\" content=\"Balt\u0101 zelta saderin\u0101\u0161an\u0101s gredzens ar l\u0101ses formas saf\u012bru un dimantiem. Elegance, grezn\u012bba un m\u012blest\u012bbas simbols \u012bpa\u0161iem gad\u012bjumiem.\" \/>\n<meta name=\"robots\" content=\"index, follow, max-snippet:-1, max-image-preview:large, max-video-preview:-1\" \/>\n<link rel=\"canonical\" href=\"https:\/\/fashiongold.lt\/lv\/rotaslieta\/balta-zelta-saderinasanas-gredzens-ar-safiru-100-ct\/\" \/>\n<meta property=\"og:locale\" content=\"lv_LV\" \/>\n<meta property=\"og:type\" content=\"article\" \/>\n<meta property=\"og:title\" content=\"Balt\u0101 zelta saderin\u0101\u0161an\u0101s gredzens ar l\u0101s\u012btes formas saf\u012bru (1,00 ct)\" \/>\n<meta property=\"og:description\" content=\"Balt\u0101 zelta saderin\u0101\u0161an\u0101s gredzens ar l\u0101ses formas saf\u012bru un dimantiem. Elegance, grezn\u012bba un m\u012blest\u012bbas simbols \u012bpa\u0161iem gad\u012bjumiem.\" \/>\n<meta property=\"og:url\" content=\"https:\/\/fashiongold.lt\/lv\/rotaslieta\/balta-zelta-saderinasanas-gredzens-ar-safiru-100-ct\/\" \/>\n<meta property=\"og:site_name\" content=\"FashionGold.lt\" \/>\n<meta name=\"twitter:card\" content=\"summary_large_image\" \/>\n<meta name=\"twitter:label1\" content=\"Est. reading time\" \/>\n\t<meta name=\"twitter:data1\" content=\"1 minute\" \/>\n<script type=\"application\/ld+json\" class=\"yoast-schema-graph\">{\"@context\":\"https:\/\/schema.org\",\"@graph\":[{\"@type\":\"WebPage\",\"@id\":\"https:\/\/fashiongold.lt\/lv\/rotaslieta\/balta-zelta-saderinasanas-gredzens-ar-safiru-100-ct\/\",\"url\":\"https:\/\/fashiongold.lt\/lv\/rotaslieta\/balta-zelta-saderinasanas-gredzens-ar-safiru-100-ct\/\",\"name\":\"Balt\u0101 zelta saderin\u0101\u0161an\u0101s gredzens ar l\u0101s\u012btes formas saf\u012bru (1,00 ct)\",\"isPartOf\":{\"@id\":\"https:\/\/fashiongold.lt\/lv\/#website\"},\"datePublished\":\"2025-10-17T11:00:54+00:00\",\"description\":\"Balt\u0101 zelta saderin\u0101\u0161an\u0101s gredzens ar l\u0101ses formas saf\u012bru un dimantiem. Elegance, grezn\u012bba un m\u012blest\u012bbas simbols \u012bpa\u0161iem gad\u012bjumiem.\",\"breadcrumb\":{\"@id\":\"https:\/\/fashiongold.lt\/lv\/rotaslieta\/balta-zelta-saderinasanas-gredzens-ar-safiru-100-ct\/#breadcrumb\"},\"inLanguage\":\"lv-LV\",\"potentialAction\":[{\"@type\":\"ReadAction\",\"target\":[\"https:\/\/fashiongold.lt\/lv\/rotaslieta\/balta-zelta-saderinasanas-gredzens-ar-safiru-100-ct\/\"]}]},{\"@type\":\"BreadcrumbList\",\"@id\":\"https:\/\/fashiongold.lt\/lv\/rotaslieta\/balta-zelta-saderinasanas-gredzens-ar-safiru-100-ct\/#breadcrumb\",\"itemListElement\":[{\"@type\":\"ListItem\",\"position\":1,\"name\":\"Home\",\"item\":\"https:\/\/fashiongold.lt\/lv\/\"},{\"@type\":\"ListItem\",\"position\":2,\"name\":\"Dimantu veikals Fashiongold.lt\",\"item\":\"https:\/\/fashiongold.lt\/shop-2\/\"},{\"@type\":\"ListItem\",\"position\":3,\"name\":\"Balt\u0101 zelta saderin\u0101\u0161an\u0101s gredzens ar saf\u012bru (1,00 ct)\"}]},{\"@type\":\"WebSite\",\"@id\":\"https:\/\/fashiongold.lt\/lv\/#website\",\"url\":\"https:\/\/fashiongold.lt\/lv\/\",\"name\":\"Fashion Gold\",\"description\":\"Juvelierizstr\u0101d\u0101jumu nams\",\"publisher\":{\"@id\":\"https:\/\/fashiongold.lt\/lv\/#organization\"},\"potentialAction\":[{\"@type\":\"SearchAction\",\"target\":{\"@type\":\"EntryPoint\",\"urlTemplate\":\"https:\/\/fashiongold.lt\/lv\/?s={search_term_string}\"},\"query-input\":{\"@type\":\"PropertyValueSpecification\",\"valueRequired\":true,\"valueName\":\"search_term_string\"}}],\"inLanguage\":\"lv-LV\"},{\"@type\":\"Organization\",\"@id\":\"https:\/\/fashiongold.lt\/lv\/#organization\",\"name\":\"Topdiamonds Online\",\"url\":\"https:\/\/fashiongold.lt\/lv\/\",\"logo\":{\"@type\":\"ImageObject\",\"inLanguage\":\"lv-LV\",\"@id\":\"https:\/\/fashiongold.lt\/lv\/#\/schema\/logo\/image\/\",\"url\":\"https:\/\/fashiongold.lt\/wp-content\/uploads\/2025\/04\/cropped-fashion_gold_logotipas2-scaled-1.png\",\"contentUrl\":\"https:\/\/fashiongold.lt\/wp-content\/uploads\/2025\/04\/cropped-fashion_gold_logotipas2-scaled-1.png\",\"width\":2559,\"height\":421,\"caption\":\"Topdiamonds Online\"},\"image\":{\"@id\":\"https:\/\/fashiongold.lt\/lv\/#\/schema\/logo\/image\/\"}}]}<\/script>\n<!-- \/ Yoast SEO plugin. -->","yoast_head_json":{"title":"Balt\u0101 zelta saderin\u0101\u0161an\u0101s gredzens ar l\u0101s\u012btes formas saf\u012bru (1,00 ct)","description":"Balt\u0101 zelta saderin\u0101\u0161an\u0101s gredzens ar l\u0101ses formas saf\u012bru un dimantiem. Elegance, grezn\u012bba un m\u012blest\u012bbas simbols \u012bpa\u0161iem gad\u012bjumiem.","robots":{"index":"index","follow":"follow","max-snippet":"max-snippet:-1","max-image-preview":"max-image-preview:large","max-video-preview":"max-video-preview:-1"},"canonical":"https:\/\/fashiongold.lt\/lv\/rotaslieta\/balta-zelta-saderinasanas-gredzens-ar-safiru-100-ct\/","og_locale":"lv_LV","og_type":"article","og_title":"Balt\u0101 zelta saderin\u0101\u0161an\u0101s gredzens ar l\u0101s\u012btes formas saf\u012bru (1,00 ct)","og_description":"Balt\u0101 zelta saderin\u0101\u0161an\u0101s gredzens ar l\u0101ses formas saf\u012bru un dimantiem. Elegance, grezn\u012bba un m\u012blest\u012bbas simbols \u012bpa\u0161iem gad\u012bjumiem.","og_url":"https:\/\/fashiongold.lt\/lv\/rotaslieta\/balta-zelta-saderinasanas-gredzens-ar-safiru-100-ct\/","og_site_name":"FashionGold.lt","twitter_card":"summary_large_image","twitter_misc":{"Est. reading time":"1 minute"},"schema":{"@context":"https:\/\/schema.org","@graph":[{"@type":"WebPage","@id":"https:\/\/fashiongold.lt\/lv\/rotaslieta\/balta-zelta-saderinasanas-gredzens-ar-safiru-100-ct\/","url":"https:\/\/fashiongold.lt\/lv\/rotaslieta\/balta-zelta-saderinasanas-gredzens-ar-safiru-100-ct\/","name":"Balt\u0101 zelta saderin\u0101\u0161an\u0101s gredzens ar l\u0101s\u012btes formas saf\u012bru (1,00 ct)","isPartOf":{"@id":"https:\/\/fashiongold.lt\/lv\/#website"},"datePublished":"2025-10-17T11:00:54+00:00","description":"Balt\u0101 zelta saderin\u0101\u0161an\u0101s gredzens ar l\u0101ses formas saf\u012bru un dimantiem. Elegance, grezn\u012bba un m\u012blest\u012bbas simbols \u012bpa\u0161iem gad\u012bjumiem.","breadcrumb":{"@id":"https:\/\/fashiongold.lt\/lv\/rotaslieta\/balta-zelta-saderinasanas-gredzens-ar-safiru-100-ct\/#breadcrumb"},"inLanguage":"lv-LV","potentialAction":[{"@type":"ReadAction","target":["https:\/\/fashiongold.lt\/lv\/rotaslieta\/balta-zelta-saderinasanas-gredzens-ar-safiru-100-ct\/"]}]},{"@type":"BreadcrumbList","@id":"https:\/\/fashiongold.lt\/lv\/rotaslieta\/balta-zelta-saderinasanas-gredzens-ar-safiru-100-ct\/#breadcrumb","itemListElement":[{"@type":"ListItem","position":1,"name":"Home","item":"https:\/\/fashiongold.lt\/lv\/"},{"@type":"ListItem","position":2,"name":"Dimantu veikals Fashiongold.lt","item":"https:\/\/fashiongold.lt\/shop-2\/"},{"@type":"ListItem","position":3,"name":"Balt\u0101 zelta saderin\u0101\u0161an\u0101s gredzens ar saf\u012bru (1,00 ct)"}]},{"@type":"WebSite","@id":"https:\/\/fashiongold.lt\/lv\/#website","url":"https:\/\/fashiongold.lt\/lv\/","name":"Fashion Gold","description":"Juvelierizstr\u0101d\u0101jumu nams","publisher":{"@id":"https:\/\/fashiongold.lt\/lv\/#organization"},"potentialAction":[{"@type":"SearchAction","target":{"@type":"EntryPoint","urlTemplate":"https:\/\/fashiongold.lt\/lv\/?s={search_term_string}"},"query-input":{"@type":"PropertyValueSpecification","valueRequired":true,"valueName":"search_term_string"}}],"inLanguage":"lv-LV"},{"@type":"Organization","@id":"https:\/\/fashiongold.lt\/lv\/#organization","name":"Topdiamonds Online","url":"https:\/\/fashiongold.lt\/lv\/","logo":{"@type":"ImageObject","inLanguage":"lv-LV","@id":"https:\/\/fashiongold.lt\/lv\/#\/schema\/logo\/image\/","url":"https:\/\/fashiongold.lt\/wp-content\/uploads\/2025\/04\/cropped-fashion_gold_logotipas2-scaled-1.png","contentUrl":"https:\/\/fashiongold.lt\/wp-content\/uploads\/2025\/04\/cropped-fashion_gold_logotipas2-scaled-1.png","width":2559,"height":421,"caption":"Topdiamonds Online"},"image":{"@id":"https:\/\/fashiongold.lt\/lv\/#\/schema\/logo\/image\/"}}]}},"_links":{"self":[{"href":"https:\/\/fashiongold.lt\/lv\/wp-json\/wp\/v2\/product\/280827","targetHints":{"allow":["GET"]}}],"collection":[{"href":"https:\/\/fashiongold.lt\/lv\/wp-json\/wp\/v2\/product"}],"about":[{"href":"https:\/\/fashiongold.lt\/lv\/wp-json\/wp\/v2\/types\/product"}],"version-history":[{"count":0,"href":"https:\/\/fashiongold.lt\/lv\/wp-json\/wp\/v2\/product\/280827\/revisions"}],"wp:attachment":[{"href":"https:\/\/fashiongold.lt\/lv\/wp-json\/wp\/v2\/media?parent=280827"}],"wp:term":[{"taxonomy":"product_brand","embeddable":true,"href":"https:\/\/fashiongold.lt\/lv\/wp-json\/wp\/v2\/product_brand?post=280827"},{"taxonomy":"product_cat","embeddable":true,"href":"https:\/\/fashiongold.lt\/lv\/wp-json\/wp\/v2\/product_cat?post=280827"},{"taxonomy":"product_tag","embeddable":true,"href":"https:\/\/fashiongold.lt\/lv\/wp-json\/wp\/v2\/product_tag?post=280827"}],"curies":[{"name":"wp","href":"https:\/\/api.w.org\/{rel}","templated":true}]}}