{"id":281010,"date":"2025-10-16T20:12:42","date_gmt":"2025-10-16T20:12:42","guid":{"rendered":"https:\/\/fashiongold.lt\/papuosalas\/klasisks-saderinasanas-gredzens-ar-safiru-mjanma-0-15-ct\/"},"modified":"2025-10-16T20:12:42","modified_gmt":"2025-10-16T20:12:42","slug":"klasisks-saderinasanas-gredzens-ar-safiru-mjanma-0-15-ct","status":"publish","type":"product","link":"https:\/\/fashiongold.lt\/lv\/papuosalas\/klasisks-saderinasanas-gredzens-ar-safiru-mjanma-0-15-ct\/","title":{"rendered":"Klasisks saderin\u0101\u0161an\u0101s gredzens ar saf\u012bru \u2013 Mjanma (0.15 ct)"},"content":{"rendered":"<h2>Saderin\u0101\u0161an\u0101s gredzens ar saf\u012bru &#8211; Myanmar (0.15 ct)<\/h2>\n<h3>Klasisks saderin\u0101\u0161an\u0101s gredzens ar 0,15 kar\u0101tu saf\u012bru, kas iestiprin\u0101ts se\u0161u k\u0101ji\u0146u kron\u012bt\u012b.<\/h3>\n<p>Ra\u017eots Lietuv\u0101. Neatvair\u0101ma skaistuma gredzens ar izcilu stilu un augstu kvalit\u0101ti. Gredzens var tikt izgatavots p\u0113c pas\u016bt\u012bjuma: no sarkan\u0101, dzelten\u0101 vai balt\u0101 zelta. Saf\u012brs ir sp\u0113ka, optimisma un aktivit\u0101tes simbols. Saf\u012bra br\u012bnumainais sp\u0113ks pal\u012bdz mazin\u0101t spriedzi konfliktu laik\u0101 un risin\u0101t vesel\u012bbas probl\u0113mas. Saf\u012brs ir piem\u0113rots Ziv\u012bm, Svariem, Skorpioniem, Dv\u012b\u0146iem, Jaunav\u0101m, Lauv\u0101m, Auniem, V\u0113r\u0161iem, \u016adensv\u012bram, Str\u0113lniekiem.<\/p>\n<p>\u2022 Gredzena met\u0101ls: 14K (585 prove), varam izgatavot no 10K (375 prove), 18K (750 prove), 950 plat\u012bna<\/p>\n<p>\u2022 Gredzena kr\u0101sa: var izv\u0113l\u0113ties balto, dzelteno vai sarkano zeltu<\/p>\n<p>\u2022 Gredzena svars (atkar\u012bgs no izm\u0113ra un proves): aptuveni 1,80 &#8211; 2,20 g<\/p>\n<p>\u2022 Gredzena izm\u0113ri: kron\u012b\u0161a platums \u2013 aptuveni 4,20 mm, st\u012bpi\u0146as platums \u2013 aptuveni 1,80-2,20 mm (izm\u0113ri ir aptuveni un var at\u0161\u0137irties atkar\u012bb\u0101 no gredzena izm\u0113ra)<\/p>\n<p>\u2022 Gredzena komforta zona: ir<\/p>\n<p>\u2022 D\u0101rgakmens veids: saf\u012brs<\/p>\n<p>\u2022 D\u0101rgakmens forma: apa\u013c\u0161 saf\u012brs (round cut)<\/p>\n<p>\u2022 D\u0101rgakmens raksturojums: 0.15 ct (iesp\u0113jams main\u012bt)<\/p>\n<p>\u2022 Sertifik\u0101ts: Lietuvas Prove\u0161anas pal\u0101ta (LPR)<\/p>\n<p>\u2022 Bezmaksas grav\u0113\u0161ana<\/p>\n<p>\u2022 Vienreiz\u0113ja bezmaksas gredzena izm\u0113ra mai\u0146as garantija (p\u0113c iesp\u0113jas)<\/p>\n<p>\u2022 Izgatavo\u0161anas un pieg\u0101des termi\u0146\u0161 no 14 darba dien\u0101m, steidzam\u012bbas k\u0101rt\u0101 \u2013 3 darba dienu laik\u0101.<\/p>\n<p><strong>Jums ir savs zelts? Sazinieties ar mums, m\u0113s p\u0101rr\u0113\u0137in\u0101sim cenu \u2013 j\u016bs maks\u0101siet tikai par gredzenu izgatavo\u0161anu.<\/strong><\/p>\n","protected":false},"excerpt":{"rendered":"<p>Klasisks saderin\u0101\u0161an\u0101s gredzens ar saf\u012bru, kas iestiprin\u0101ts se\u0161u k\u0101ji\u0146u kron\u012bt\u012b. Kop\u0113jais saf\u012bra svars 0,15 kar\u0101ti. Lieliska izv\u0113le saderin\u0101\u0161anai un \u012bpa\u0161iem gad\u012bjumiem. Augst\u0101k\u0101 gredzena kvalit\u0101te. Maksim\u0101ls \u0113rtums.<\/p>\n","protected":false},"featured_media":221965,"template":"","meta":{"site-sidebar-layout":"","site-content-layout":"","ast-site-content-layout":"","site-content-style":"","site-sidebar-style":"","ast-global-header-display":"","ast-banner-title-visibility":"","ast-main-header-display":"","ast-hfb-above-header-display":"","ast-hfb-below-header-display":"","ast-hfb-mobile-header-display":"","site-post-title":"","ast-breadcrumbs-content":"","ast-featured-img":"","footer-sml-layout":"","ast-disable-related-posts":"","theme-transparent-header-meta":"","adv-header-id-meta":"","stick-header-meta":"","header-above-stick-meta":"","header-main-stick-meta":"","header-below-stick-meta":"","astra-migrate-meta-layouts":"default","ast-page-background-enabled":"default","ast-page-background-meta":{"desktop":{"background-color":"var(--ast-global-color-4)","background-image":"","background-repeat":"repeat","background-position":"center center","background-size":"auto","background-attachment":"scroll","background-type":"","background-media":"","overlay-type":"","overlay-color":"","overlay-opacity":"","overlay-gradient":""},"tablet":{"background-color":"","background-image":"","background-repeat":"repeat","background-position":"center center","background-size":"auto","background-attachment":"scroll","background-type":"","background-media":"","overlay-type":"","overlay-color":"","overlay-opacity":"","overlay-gradient":""},"mobile":{"background-color":"","background-image":"","background-repeat":"repeat","background-position":"center center","background-size":"auto","background-attachment":"scroll","background-type":"","background-media":"","overlay-type":"","overlay-color":"","overlay-opacity":"","overlay-gradient":""}},"ast-content-background-meta":{"desktop":{"background-color":"var(--ast-global-color-5)","background-image":"","background-repeat":"repeat","background-position":"center center","background-size":"auto","background-attachment":"scroll","background-type":"","background-media":"","overlay-type":"","overlay-color":"","overlay-opacity":"","overlay-gradient":""},"tablet":{"background-color":"var(--ast-global-color-5)","background-image":"","background-repeat":"repeat","background-position":"center center","background-size":"auto","background-attachment":"scroll","background-type":"","background-media":"","overlay-type":"","overlay-color":"","overlay-opacity":"","overlay-gradient":""},"mobile":{"background-color":"var(--ast-global-color-5)","background-image":"","background-repeat":"repeat","background-position":"center center","background-size":"auto","background-attachment":"scroll","background-type":"","background-media":"","overlay-type":"","overlay-color":"","overlay-opacity":"","overlay-gradient":""}}},"product_brand":[],"product_cat":[3441,2915,2913,2921,2920,2916,2914,3442,2939,2940,3042,2938,2922,2937,3439,3440,2935,2934,3443,2936,2918,3402],"product_tag":[],"class_list":{"0":"post-281010","1":"product","2":"type-product","3":"status-publish","4":"has-post-thumbnail","6":"product_cat-balta-zelta-saderinasanas-gredzeni","7":"product_cat-davanas-berna-piedzimsanai","8":"product_cat-davanas-dzimsanas-diena","9":"product_cat-davanas-ipasiem-gadijumiem","10":"product_cat-davanas-izlaidumam","11":"product_cat-davanas-kazu-gadadiena","12":"product_cat-davanas-sievietem","13":"product_cat-dzeltena-zelta-saderinasanas-gredzeni","14":"product_cat-gredzeni-ar-dargakmeniem","15":"product_cat-gredzeni-ar-safiriem","16":"product_cat-juvelierizstradajumi","17":"product_cat-juvelierizstradajumi-ar-ziliem-dargakmeniem","18":"product_cat-mates-dienas-davanas","19":"product_cat-rotaslietas-ar-pusdargakmeniem","20":"product_cat-saderinasanas-gredzeni","21":"product_cat-saderinasanas-gredzeni-ar-dargakmeniem","22":"product_cat-saderinasanas-gredzens-ar-safiru","23":"product_cat-safirs-juvelierizstradajumi-ar-safiriem","24":"product_cat-sarkana-zelta-saderinasanas-gredzeni","25":"product_cat-valentindienas-davanas","26":"product_cat-ziemassvetku-davanas","27":"product_cat-zils-dargakmens","28":"desktop-align-center","29":"tablet-align-left","30":"mobile-align-left","31":"ast-product-gallery-layout-horizontal-slider","32":"ast-product-gallery-with-no-image","33":"ast-product-single-variable","34":"ast-product-tabs-layout-accordion","35":"ast-qv-on-image","37":"first","38":"instock","39":"taxable","40":"shipping-taxable","41":"purchasable","42":"product-type-variable"},"yoast_head":"<!-- This site is optimized with the Yoast SEO plugin v26.6 - https:\/\/yoast.com\/wordpress\/plugins\/seo\/ -->\n<title>Klasisks saderin\u0101\u0161an\u0101s gredzens ar saf\u012bru - Mjanma (0.15 ct)<\/title>\n<meta name=\"description\" content=\"Klasisks saderin\u0101\u0161an\u0101s gredzens ar 0,15 kar\u0101tu saf\u012bru, kas iestiprin\u0101ts se\u0161u kapi\u0146u kron\u012bt\u012b. Lieliska izv\u0113le saderin\u0101\u0161anai un \u012bpa\u0161iem gad\u012bjumiem.\" \/>\n<meta name=\"robots\" content=\"index, follow, max-snippet:-1, max-image-preview:large, max-video-preview:-1\" \/>\n<link rel=\"canonical\" href=\"https:\/\/fashiongold.lt\/lv\/papuosalas\/klasisks-saderinasanas-gredzens-ar-safiru-mjanma-0-15-ct\/\" \/>\n<meta property=\"og:locale\" content=\"lv_LV\" \/>\n<meta property=\"og:type\" content=\"article\" \/>\n<meta property=\"og:title\" content=\"Klasisks saderin\u0101\u0161an\u0101s gredzens ar saf\u012bru - Mjanma (0.15 ct)\" \/>\n<meta property=\"og:description\" content=\"Klasisks saderin\u0101\u0161an\u0101s gredzens ar 0,15 kar\u0101tu saf\u012bru, kas iestiprin\u0101ts se\u0161u kapi\u0146u kron\u012bt\u012b. Lieliska izv\u0113le saderin\u0101\u0161anai un \u012bpa\u0161iem gad\u012bjumiem.\" \/>\n<meta property=\"og:url\" content=\"https:\/\/fashiongold.lt\/lv\/papuosalas\/klasisks-saderinasanas-gredzens-ar-safiru-mjanma-0-15-ct\/\" \/>\n<meta property=\"og:site_name\" content=\"FashionGold.lt\" \/>\n<meta property=\"og:image\" content=\"https:\/\/fashiongold.lt\/wp-content\/uploads\/2025\/10\/22705-26c-Balto-aukso-klasikinis-suzadetuviu-ziedas-su-safyru-Myanmar-0.15-ct.webp\" \/>\n\t<meta property=\"og:image:width\" content=\"1000\" \/>\n\t<meta property=\"og:image:height\" content=\"1000\" \/>\n\t<meta property=\"og:image:type\" content=\"image\/png\" \/>\n<meta name=\"twitter:card\" content=\"summary_large_image\" \/>\n<meta name=\"twitter:label1\" content=\"Est. reading time\" \/>\n\t<meta name=\"twitter:data1\" content=\"1 minute\" \/>\n<script type=\"application\/ld+json\" class=\"yoast-schema-graph\">{\"@context\":\"https:\/\/schema.org\",\"@graph\":[{\"@type\":\"WebPage\",\"@id\":\"https:\/\/fashiongold.lt\/lv\/papuosalas\/klasisks-saderinasanas-gredzens-ar-safiru-mjanma-0-15-ct\/\",\"url\":\"https:\/\/fashiongold.lt\/lv\/papuosalas\/klasisks-saderinasanas-gredzens-ar-safiru-mjanma-0-15-ct\/\",\"name\":\"Klasisks saderin\u0101\u0161an\u0101s gredzens ar saf\u012bru - Mjanma (0.15 ct)\",\"isPartOf\":{\"@id\":\"https:\/\/fashiongold.lt\/lv\/#website\"},\"primaryImageOfPage\":{\"@id\":\"https:\/\/fashiongold.lt\/lv\/papuosalas\/klasisks-saderinasanas-gredzens-ar-safiru-mjanma-0-15-ct\/#primaryimage\"},\"image\":{\"@id\":\"https:\/\/fashiongold.lt\/lv\/papuosalas\/klasisks-saderinasanas-gredzens-ar-safiru-mjanma-0-15-ct\/#primaryimage\"},\"thumbnailUrl\":\"https:\/\/fashiongold.lt\/wp-content\/uploads\/2025\/10\/22705-26c-Balto-aukso-klasikinis-suzadetuviu-ziedas-su-safyru-Myanmar-0.15-ct.png\",\"datePublished\":\"2025-10-16T20:12:42+00:00\",\"description\":\"Klasisks saderin\u0101\u0161an\u0101s gredzens ar 0,15 kar\u0101tu saf\u012bru, kas iestiprin\u0101ts se\u0161u kapi\u0146u kron\u012bt\u012b. Lieliska izv\u0113le saderin\u0101\u0161anai un \u012bpa\u0161iem gad\u012bjumiem.\",\"breadcrumb\":{\"@id\":\"https:\/\/fashiongold.lt\/lv\/papuosalas\/klasisks-saderinasanas-gredzens-ar-safiru-mjanma-0-15-ct\/#breadcrumb\"},\"inLanguage\":\"lv-LV\",\"potentialAction\":[{\"@type\":\"ReadAction\",\"target\":[\"https:\/\/fashiongold.lt\/lv\/papuosalas\/klasisks-saderinasanas-gredzens-ar-safiru-mjanma-0-15-ct\/\"]}]},{\"@type\":\"ImageObject\",\"inLanguage\":\"lv-LV\",\"@id\":\"https:\/\/fashiongold.lt\/lv\/papuosalas\/klasisks-saderinasanas-gredzens-ar-safiru-mjanma-0-15-ct\/#primaryimage\",\"url\":\"https:\/\/fashiongold.lt\/wp-content\/uploads\/2025\/10\/22705-26c-Balto-aukso-klasikinis-suzadetuviu-ziedas-su-safyru-Myanmar-0.15-ct.png\",\"contentUrl\":\"https:\/\/fashiongold.lt\/wp-content\/uploads\/2025\/10\/22705-26c-Balto-aukso-klasikinis-suzadetuviu-ziedas-su-safyru-Myanmar-0.15-ct.png\",\"width\":1000,\"height\":1000},{\"@type\":\"BreadcrumbList\",\"@id\":\"https:\/\/fashiongold.lt\/lv\/papuosalas\/klasisks-saderinasanas-gredzens-ar-safiru-mjanma-0-15-ct\/#breadcrumb\",\"itemListElement\":[{\"@type\":\"ListItem\",\"position\":1,\"name\":\"Home\",\"item\":\"https:\/\/fashiongold.lt\/lv\/\"},{\"@type\":\"ListItem\",\"position\":2,\"name\":\"Dimantu veikals Fashiongold.lt\",\"item\":\"https:\/\/fashiongold.lt\/shop-2\/\"},{\"@type\":\"ListItem\",\"position\":3,\"name\":\"Klasisks saderin\u0101\u0161an\u0101s gredzens ar saf\u012bru \u2013 Mjanma (0.15 ct)\"}]},{\"@type\":\"WebSite\",\"@id\":\"https:\/\/fashiongold.lt\/lv\/#website\",\"url\":\"https:\/\/fashiongold.lt\/lv\/\",\"name\":\"Fashion Gold\",\"description\":\"Juvelyrikos namai\",\"publisher\":{\"@id\":\"https:\/\/fashiongold.lt\/lv\/#organization\"},\"potentialAction\":[{\"@type\":\"SearchAction\",\"target\":{\"@type\":\"EntryPoint\",\"urlTemplate\":\"https:\/\/fashiongold.lt\/lv\/?s={search_term_string}\"},\"query-input\":{\"@type\":\"PropertyValueSpecification\",\"valueRequired\":true,\"valueName\":\"search_term_string\"}}],\"inLanguage\":\"lv-LV\"},{\"@type\":\"Organization\",\"@id\":\"https:\/\/fashiongold.lt\/lv\/#organization\",\"name\":\"Topdiamonds Online\",\"url\":\"https:\/\/fashiongold.lt\/lv\/\",\"logo\":{\"@type\":\"ImageObject\",\"inLanguage\":\"lv-LV\",\"@id\":\"https:\/\/fashiongold.lt\/lv\/#\/schema\/logo\/image\/\",\"url\":\"https:\/\/fashiongold.lt\/wp-content\/uploads\/2025\/04\/cropped-fashion_gold_logotipas2-scaled-1.png\",\"contentUrl\":\"https:\/\/fashiongold.lt\/wp-content\/uploads\/2025\/04\/cropped-fashion_gold_logotipas2-scaled-1.png\",\"width\":2559,\"height\":421,\"caption\":\"Topdiamonds Online\"},\"image\":{\"@id\":\"https:\/\/fashiongold.lt\/lv\/#\/schema\/logo\/image\/\"}}]}<\/script>\n<!-- \/ Yoast SEO plugin. -->","yoast_head_json":{"title":"Klasisks saderin\u0101\u0161an\u0101s gredzens ar saf\u012bru - Mjanma (0.15 ct)","description":"Klasisks saderin\u0101\u0161an\u0101s gredzens ar 0,15 kar\u0101tu saf\u012bru, kas iestiprin\u0101ts se\u0161u kapi\u0146u kron\u012bt\u012b. Lieliska izv\u0113le saderin\u0101\u0161anai un \u012bpa\u0161iem gad\u012bjumiem.","robots":{"index":"index","follow":"follow","max-snippet":"max-snippet:-1","max-image-preview":"max-image-preview:large","max-video-preview":"max-video-preview:-1"},"canonical":"https:\/\/fashiongold.lt\/lv\/papuosalas\/klasisks-saderinasanas-gredzens-ar-safiru-mjanma-0-15-ct\/","og_locale":"lv_LV","og_type":"article","og_title":"Klasisks saderin\u0101\u0161an\u0101s gredzens ar saf\u012bru - Mjanma (0.15 ct)","og_description":"Klasisks saderin\u0101\u0161an\u0101s gredzens ar 0,15 kar\u0101tu saf\u012bru, kas iestiprin\u0101ts se\u0161u kapi\u0146u kron\u012bt\u012b. Lieliska izv\u0113le saderin\u0101\u0161anai un \u012bpa\u0161iem gad\u012bjumiem.","og_url":"https:\/\/fashiongold.lt\/lv\/papuosalas\/klasisks-saderinasanas-gredzens-ar-safiru-mjanma-0-15-ct\/","og_site_name":"FashionGold.lt","og_image":[{"width":1000,"height":1000,"url":"https:\/\/fashiongold.lt\/wp-content\/uploads\/2025\/10\/22705-26c-Balto-aukso-klasikinis-suzadetuviu-ziedas-su-safyru-Myanmar-0.15-ct.webp","type":"image\/png"}],"twitter_card":"summary_large_image","twitter_misc":{"Est. reading time":"1 minute"},"schema":{"@context":"https:\/\/schema.org","@graph":[{"@type":"WebPage","@id":"https:\/\/fashiongold.lt\/lv\/papuosalas\/klasisks-saderinasanas-gredzens-ar-safiru-mjanma-0-15-ct\/","url":"https:\/\/fashiongold.lt\/lv\/papuosalas\/klasisks-saderinasanas-gredzens-ar-safiru-mjanma-0-15-ct\/","name":"Klasisks saderin\u0101\u0161an\u0101s gredzens ar saf\u012bru - Mjanma (0.15 ct)","isPartOf":{"@id":"https:\/\/fashiongold.lt\/lv\/#website"},"primaryImageOfPage":{"@id":"https:\/\/fashiongold.lt\/lv\/papuosalas\/klasisks-saderinasanas-gredzens-ar-safiru-mjanma-0-15-ct\/#primaryimage"},"image":{"@id":"https:\/\/fashiongold.lt\/lv\/papuosalas\/klasisks-saderinasanas-gredzens-ar-safiru-mjanma-0-15-ct\/#primaryimage"},"thumbnailUrl":"https:\/\/fashiongold.lt\/wp-content\/uploads\/2025\/10\/22705-26c-Balto-aukso-klasikinis-suzadetuviu-ziedas-su-safyru-Myanmar-0.15-ct.png","datePublished":"2025-10-16T20:12:42+00:00","description":"Klasisks saderin\u0101\u0161an\u0101s gredzens ar 0,15 kar\u0101tu saf\u012bru, kas iestiprin\u0101ts se\u0161u kapi\u0146u kron\u012bt\u012b. Lieliska izv\u0113le saderin\u0101\u0161anai un \u012bpa\u0161iem gad\u012bjumiem.","breadcrumb":{"@id":"https:\/\/fashiongold.lt\/lv\/papuosalas\/klasisks-saderinasanas-gredzens-ar-safiru-mjanma-0-15-ct\/#breadcrumb"},"inLanguage":"lv-LV","potentialAction":[{"@type":"ReadAction","target":["https:\/\/fashiongold.lt\/lv\/papuosalas\/klasisks-saderinasanas-gredzens-ar-safiru-mjanma-0-15-ct\/"]}]},{"@type":"ImageObject","inLanguage":"lv-LV","@id":"https:\/\/fashiongold.lt\/lv\/papuosalas\/klasisks-saderinasanas-gredzens-ar-safiru-mjanma-0-15-ct\/#primaryimage","url":"https:\/\/fashiongold.lt\/wp-content\/uploads\/2025\/10\/22705-26c-Balto-aukso-klasikinis-suzadetuviu-ziedas-su-safyru-Myanmar-0.15-ct.png","contentUrl":"https:\/\/fashiongold.lt\/wp-content\/uploads\/2025\/10\/22705-26c-Balto-aukso-klasikinis-suzadetuviu-ziedas-su-safyru-Myanmar-0.15-ct.png","width":1000,"height":1000},{"@type":"BreadcrumbList","@id":"https:\/\/fashiongold.lt\/lv\/papuosalas\/klasisks-saderinasanas-gredzens-ar-safiru-mjanma-0-15-ct\/#breadcrumb","itemListElement":[{"@type":"ListItem","position":1,"name":"Home","item":"https:\/\/fashiongold.lt\/lv\/"},{"@type":"ListItem","position":2,"name":"Dimantu veikals Fashiongold.lt","item":"https:\/\/fashiongold.lt\/shop-2\/"},{"@type":"ListItem","position":3,"name":"Klasisks saderin\u0101\u0161an\u0101s gredzens ar saf\u012bru \u2013 Mjanma (0.15 ct)"}]},{"@type":"WebSite","@id":"https:\/\/fashiongold.lt\/lv\/#website","url":"https:\/\/fashiongold.lt\/lv\/","name":"Fashion Gold","description":"Juvelyrikos namai","publisher":{"@id":"https:\/\/fashiongold.lt\/lv\/#organization"},"potentialAction":[{"@type":"SearchAction","target":{"@type":"EntryPoint","urlTemplate":"https:\/\/fashiongold.lt\/lv\/?s={search_term_string}"},"query-input":{"@type":"PropertyValueSpecification","valueRequired":true,"valueName":"search_term_string"}}],"inLanguage":"lv-LV"},{"@type":"Organization","@id":"https:\/\/fashiongold.lt\/lv\/#organization","name":"Topdiamonds Online","url":"https:\/\/fashiongold.lt\/lv\/","logo":{"@type":"ImageObject","inLanguage":"lv-LV","@id":"https:\/\/fashiongold.lt\/lv\/#\/schema\/logo\/image\/","url":"https:\/\/fashiongold.lt\/wp-content\/uploads\/2025\/04\/cropped-fashion_gold_logotipas2-scaled-1.png","contentUrl":"https:\/\/fashiongold.lt\/wp-content\/uploads\/2025\/04\/cropped-fashion_gold_logotipas2-scaled-1.png","width":2559,"height":421,"caption":"Topdiamonds Online"},"image":{"@id":"https:\/\/fashiongold.lt\/lv\/#\/schema\/logo\/image\/"}}]}},"_links":{"self":[{"href":"https:\/\/fashiongold.lt\/lv\/wp-json\/wp\/v2\/product\/281010","targetHints":{"allow":["GET"]}}],"collection":[{"href":"https:\/\/fashiongold.lt\/lv\/wp-json\/wp\/v2\/product"}],"about":[{"href":"https:\/\/fashiongold.lt\/lv\/wp-json\/wp\/v2\/types\/product"}],"version-history":[{"count":0,"href":"https:\/\/fashiongold.lt\/lv\/wp-json\/wp\/v2\/product\/281010\/revisions"}],"wp:featuredmedia":[{"embeddable":true,"href":"https:\/\/fashiongold.lt\/lv\/wp-json\/wp\/v2\/media\/221965"}],"wp:attachment":[{"href":"https:\/\/fashiongold.lt\/lv\/wp-json\/wp\/v2\/media?parent=281010"}],"wp:term":[{"taxonomy":"product_brand","embeddable":true,"href":"https:\/\/fashiongold.lt\/lv\/wp-json\/wp\/v2\/product_brand?post=281010"},{"taxonomy":"product_cat","embeddable":true,"href":"https:\/\/fashiongold.lt\/lv\/wp-json\/wp\/v2\/product_cat?post=281010"},{"taxonomy":"product_tag","embeddable":true,"href":"https:\/\/fashiongold.lt\/lv\/wp-json\/wp\/v2\/product_tag?post=281010"}],"curies":[{"name":"wp","href":"https:\/\/api.w.org\/{rel}","templated":true}]}}