{"id":281160,"date":"2025-10-16T18:25:25","date_gmt":"2025-10-16T18:25:25","guid":{"rendered":"https:\/\/fashiongold.lt\/papuosalas\/0-83-ct-gredzens-ar-ziliem-safiriem\/"},"modified":"2025-10-16T18:25:25","modified_gmt":"2025-10-16T18:25:25","slug":"0-83-ct-gredzens-ar-ziliem-safiriem","status":"publish","type":"product","link":"https:\/\/fashiongold.lt\/lv\/papuosalas\/0-83-ct-gredzens-ar-ziliem-safiriem\/","title":{"rendered":"0.83 ct gredzens ar ziliem saf\u012briem"},"content":{"rendered":"<p>Izgatavots V\u0101cij\u0101 no augstas kvalit\u0101tes d\u0101rgakme\u0146iem. Neatvair\u0101ma skaistuma gredzens ar ekskluz\u012bvu stilu, augstu kvalit\u0101ti un komforta zonu. Gredzenu var izgatavot p\u0113c pas\u016bt\u012bjuma: no sarkan\u0101, dzelten\u0101 un balt\u0101 zelta, ar kr\u0101sainiem saf\u012briem vai vienas kr\u0101sas saf\u012briem. Saf\u012brs ir sp\u0113ka, optimisma un aktivit\u0101tes simbols. Saf\u012bra br\u012bnumainais sp\u0113ks pal\u012bdz mazin\u0101t sasprindzin\u0101jumu konfliktu laik\u0101 un risin\u0101t vesel\u012bbas probl\u0113mas. Saf\u012brs ir piem\u0113rots \u2013 Ziv\u012bm, Svariem, Skorpioniem, Dv\u012b\u0146iem, Jaunav\u0101m, Lauv\u0101m, Auniem, \u016adensv\u012briem, Str\u0113lniekiem.\u00a0<\/p>\n<p>\u2022 Gredzena zelts: 18 K (750 prove)\u00a0 \u00a0 \u00a0\u00a0<\/p>\n<p>\u2022 Gredzena kr\u0101sa: iesp\u0113jams izv\u0113l\u0113ties baltu, dzeltenu, sarkanu zeltu<\/p>\n<p>\u2022 Gredzena svars (atkar\u012bgs no izm\u0113ra un proves): aptuveni 2,00 &#8211; 3,50 g\u00a0 \u00a0 \u00a0 \u00a0 \u00a0<\/p>\n<p>\u2022 Gredzena izm\u0113ri:\u00a0<\/p>\n<p>\u2022 Gredzena komforta zona: ir\u00a0<\/p>\n<p>\u2022 D\u0101rgakmens veids: Dab\u012bgs zils saf\u012brs\u00a0\u00a0<\/p>\n<p>\u2022 D\u0101rgakmens forma: apa\u013ca forma (round cut)\u00a0 \u00a0 \u00a0<\/p>\n<p>\u2022 D\u0101rgakmens raksturojums: 0.83 ct (iesp\u0113jams main\u012bt)\u00a0 \u00a0 \u00a0<\/p>\n<p>\u2022 Sertifik\u0101ts: Lietuvas Prove\u0161anas pal\u0101ta (LPR)\u00a0 \u00a0 \u00a0 \u00a0<\/p>\n<p>\u2022 Grav\u0113\u0161ana bez maksas\u00a0<\/p>\n<p>\u2022 Vienreiz\u0113ja bezmaksas gredzena izm\u0113ra mai\u0146as garantija (p\u0113c iesp\u0113jas)\u00a0<\/p>\n<p>\u2022 Izgatavo\u0161anas un pieg\u0101des termi\u0146\u0161 no 14 darba dien\u0101m, steidzam\u012bbas k\u0101rt\u0101 3 d.d. laik\u0101\u00a0<\/p>\n<p><strong>Vai jums ir savs zelts? Sazinieties ar mums, m\u0113s p\u0101rr\u0113\u0137in\u0101sim cenu \u2013 maks\u0101siet tikai par gredzenu izgatavo\u0161anu.<\/strong><\/p>\n","protected":false},"excerpt":{"rendered":"<p>Zelta st\u012bpi\u0146a ar zilajiem saf\u012briem. Unik\u0101ls gredzens, kur\u0101 kop\u0113jais saf\u012bru svars sasniedz 0,83 kar\u0101tus. Neatk\u0101rtojama izv\u0113le tiem, kuri nov\u0113rt\u0113 stil\u012bgas deta\u013cas. Lieliska d\u0101vana stil\u012bgu rotaslietu cien\u012bt\u0101jiem.<\/p>\n","protected":false},"featured_media":1140492,"template":"","meta":{"site-sidebar-layout":"default","site-content-layout":"","ast-site-content-layout":"default","site-content-style":"default","site-sidebar-style":"default","ast-global-header-display":"","ast-banner-title-visibility":"","ast-main-header-display":"","ast-hfb-above-header-display":"","ast-hfb-below-header-display":"","ast-hfb-mobile-header-display":"","site-post-title":"","ast-breadcrumbs-content":"","ast-featured-img":"","footer-sml-layout":"","ast-disable-related-posts":"","theme-transparent-header-meta":"default","adv-header-id-meta":"","stick-header-meta":"","header-above-stick-meta":"","header-main-stick-meta":"","header-below-stick-meta":"","astra-migrate-meta-layouts":"default","ast-page-background-enabled":"default","ast-page-background-meta":{"desktop":{"background-color":"var(--ast-global-color-4)","background-image":"","background-repeat":"repeat","background-position":"center center","background-size":"auto","background-attachment":"scroll","background-type":"","background-media":"","overlay-type":"","overlay-color":"","overlay-opacity":"","overlay-gradient":""},"tablet":{"background-color":"","background-image":"","background-repeat":"repeat","background-position":"center center","background-size":"auto","background-attachment":"scroll","background-type":"","background-media":"","overlay-type":"","overlay-color":"","overlay-opacity":"","overlay-gradient":""},"mobile":{"background-color":"","background-image":"","background-repeat":"repeat","background-position":"center center","background-size":"auto","background-attachment":"scroll","background-type":"","background-media":"","overlay-type":"","overlay-color":"","overlay-opacity":"","overlay-gradient":""}},"ast-content-background-meta":{"desktop":{"background-color":"var(--ast-global-color-5)","background-image":"","background-repeat":"repeat","background-position":"center center","background-size":"auto","background-attachment":"scroll","background-type":"","background-media":"","overlay-type":"","overlay-color":"","overlay-opacity":"","overlay-gradient":""},"tablet":{"background-color":"var(--ast-global-color-5)","background-image":"","background-repeat":"repeat","background-position":"center center","background-size":"auto","background-attachment":"scroll","background-type":"","background-media":"","overlay-type":"","overlay-color":"","overlay-opacity":"","overlay-gradient":""},"mobile":{"background-color":"var(--ast-global-color-5)","background-image":"","background-repeat":"repeat","background-position":"center center","background-size":"auto","background-attachment":"scroll","background-type":"","background-media":"","overlay-type":"","overlay-color":"","overlay-opacity":"","overlay-gradient":""}}},"product_brand":[],"product_cat":[2924,2919,2915,2913,2921,2920,2916,2914,2917,2925,2926,2939,2940,2942,3042,2938,3524,2922,3527,2937,2934,2936,2918,3402],"product_tag":[],"class_list":{"0":"post-281160","1":"product","2":"type-product","3":"status-publish","4":"has-post-thumbnail","6":"product_cat-balta-zelta-dimantu-stipinas","7":"product_cat-baltzelta-rotaslietas","8":"product_cat-davanas-berna-piedzimsanai","9":"product_cat-davanas-dzimsanas-diena","10":"product_cat-davanas-ipasiem-gadijumiem","11":"product_cat-davanas-izlaidumam","12":"product_cat-davanas-kazu-gadadiena","13":"product_cat-davanas-sievietem","14":"product_cat-davanas-viriesiem","15":"product_cat-dimanta-lentinas","16":"product_cat-dimanta-stipinas-lidz-pusei","17":"product_cat-gredzeni-ar-dargakmeniem","18":"product_cat-gredzeni-ar-safiriem","19":"product_cat-gredzens-joslina-ar-dargakmeniem","20":"product_cat-juvelierizstradajumi","21":"product_cat-juvelierizstradajumi-ar-ziliem-dargakmeniem","22":"product_cat-kazu-gredzeni","23":"product_cat-mates-dienas-davanas","24":"product_cat-moderni-kazu-gredzeni","25":"product_cat-rotaslietas-ar-pusdargakmeniem","26":"product_cat-safirs-juvelierizstradajumi-ar-safiriem","27":"product_cat-valentindienas-davanas","28":"product_cat-ziemassvetku-davanas","29":"product_cat-zils-dargakmens","30":"desktop-align-center","31":"tablet-align-left","32":"mobile-align-left","33":"ast-product-gallery-layout-horizontal-slider","34":"ast-product-single-variable","35":"ast-product-tabs-layout-accordion","36":"ast-qv-on-image","38":"first","39":"instock","40":"taxable","41":"shipping-taxable","42":"purchasable","43":"product-type-variable","44":"has-default-attributes"},"yoast_head":"<!-- This site is optimized with the Yoast SEO plugin v26.6 - https:\/\/yoast.com\/wordpress\/plugins\/seo\/ -->\n<title>0.83 ct gredzens ar ziliem saf\u012briem I fashiongold.lt<\/title>\n<meta name=\"description\" content=\"Zelta josli\u0146a ar ziliem saf\u012briem. Kop\u0113jais saf\u012bru svars ir 0,83 kar\u0101ti. Neatk\u0101rtojama izv\u0113le, lieliska d\u0101vana stil\u012bgu rotaslietu cien\u012bt\u0101jiem.\" \/>\n<meta name=\"robots\" content=\"index, follow, max-snippet:-1, max-image-preview:large, max-video-preview:-1\" \/>\n<link rel=\"canonical\" href=\"https:\/\/fashiongold.lt\/lv\/papuosalas\/0-83-ct-gredzens-ar-ziliem-safiriem\/\" \/>\n<meta property=\"og:locale\" content=\"lv_LV\" \/>\n<meta property=\"og:type\" content=\"article\" \/>\n<meta property=\"og:title\" content=\"0.83 ct gredzens ar ziliem saf\u012briem I fashiongold.lt\" \/>\n<meta property=\"og:description\" content=\"Zelta josli\u0146a ar ziliem saf\u012briem. Kop\u0113jais saf\u012bru svars ir 0,83 kar\u0101ti. Neatk\u0101rtojama izv\u0113le, lieliska d\u0101vana stil\u012bgu rotaslietu cien\u012bt\u0101jiem.\" \/>\n<meta property=\"og:url\" content=\"https:\/\/fashiongold.lt\/lv\/papuosalas\/0-83-ct-gredzens-ar-ziliem-safiriem\/\" \/>\n<meta property=\"og:site_name\" content=\"FashionGold.lt\" \/>\n<meta property=\"og:image\" content=\"https:\/\/fashiongold.lt\/wp-content\/uploads\/2025\/10\/0.83-ct-ziedas-su-melynais-safyrais-balto-aukso.webp\" \/>\n\t<meta property=\"og:image:width\" content=\"1254\" \/>\n\t<meta property=\"og:image:height\" content=\"1254\" \/>\n\t<meta property=\"og:image:type\" content=\"image\/png\" \/>\n<meta name=\"twitter:card\" content=\"summary_large_image\" \/>\n<meta name=\"twitter:label1\" content=\"Est. reading time\" \/>\n\t<meta name=\"twitter:data1\" content=\"1 minute\" \/>\n<script type=\"application\/ld+json\" class=\"yoast-schema-graph\">{\"@context\":\"https:\/\/schema.org\",\"@graph\":[{\"@type\":\"WebPage\",\"@id\":\"https:\/\/fashiongold.lt\/lv\/papuosalas\/0-83-ct-gredzens-ar-ziliem-safiriem\/\",\"url\":\"https:\/\/fashiongold.lt\/lv\/papuosalas\/0-83-ct-gredzens-ar-ziliem-safiriem\/\",\"name\":\"0.83 ct gredzens ar ziliem saf\u012briem I fashiongold.lt\",\"isPartOf\":{\"@id\":\"https:\/\/fashiongold.lt\/lv\/#website\"},\"primaryImageOfPage\":{\"@id\":\"https:\/\/fashiongold.lt\/lv\/papuosalas\/0-83-ct-gredzens-ar-ziliem-safiriem\/#primaryimage\"},\"image\":{\"@id\":\"https:\/\/fashiongold.lt\/lv\/papuosalas\/0-83-ct-gredzens-ar-ziliem-safiriem\/#primaryimage\"},\"thumbnailUrl\":\"https:\/\/fashiongold.lt\/wp-content\/uploads\/2025\/10\/0.83-ct-ziedas-su-melynais-safyrais-balto-aukso-e1777810844275.png\",\"datePublished\":\"2025-10-16T18:25:25+00:00\",\"description\":\"Zelta josli\u0146a ar ziliem saf\u012briem. Kop\u0113jais saf\u012bru svars ir 0,83 kar\u0101ti. Neatk\u0101rtojama izv\u0113le, lieliska d\u0101vana stil\u012bgu rotaslietu cien\u012bt\u0101jiem.\",\"breadcrumb\":{\"@id\":\"https:\/\/fashiongold.lt\/lv\/papuosalas\/0-83-ct-gredzens-ar-ziliem-safiriem\/#breadcrumb\"},\"inLanguage\":\"lv-LV\",\"potentialAction\":[{\"@type\":\"ReadAction\",\"target\":[\"https:\/\/fashiongold.lt\/lv\/papuosalas\/0-83-ct-gredzens-ar-ziliem-safiriem\/\"]}]},{\"@type\":\"ImageObject\",\"inLanguage\":\"lv-LV\",\"@id\":\"https:\/\/fashiongold.lt\/lv\/papuosalas\/0-83-ct-gredzens-ar-ziliem-safiriem\/#primaryimage\",\"url\":\"https:\/\/fashiongold.lt\/wp-content\/uploads\/2025\/10\/0.83-ct-ziedas-su-melynais-safyrais-balto-aukso-e1777810844275.png\",\"contentUrl\":\"https:\/\/fashiongold.lt\/wp-content\/uploads\/2025\/10\/0.83-ct-ziedas-su-melynais-safyrais-balto-aukso-e1777810844275.png\",\"width\":1254,\"height\":1254,\"caption\":\"0.83 ct \u017eiedas su m\u0117lynais safyrais baltas auksas\"},{\"@type\":\"BreadcrumbList\",\"@id\":\"https:\/\/fashiongold.lt\/lv\/papuosalas\/0-83-ct-gredzens-ar-ziliem-safiriem\/#breadcrumb\",\"itemListElement\":[{\"@type\":\"ListItem\",\"position\":1,\"name\":\"Home\",\"item\":\"https:\/\/fashiongold.lt\/lv\/\"},{\"@type\":\"ListItem\",\"position\":2,\"name\":\"Dimantu veikals Fashiongold.lt\",\"item\":\"https:\/\/fashiongold.lt\/shop-2\/\"},{\"@type\":\"ListItem\",\"position\":3,\"name\":\"0.83 ct gredzens ar ziliem saf\u012briem\"}]},{\"@type\":\"WebSite\",\"@id\":\"https:\/\/fashiongold.lt\/lv\/#website\",\"url\":\"https:\/\/fashiongold.lt\/lv\/\",\"name\":\"Fashion Gold\",\"description\":\"Juvelyrikos namai\",\"publisher\":{\"@id\":\"https:\/\/fashiongold.lt\/lv\/#organization\"},\"potentialAction\":[{\"@type\":\"SearchAction\",\"target\":{\"@type\":\"EntryPoint\",\"urlTemplate\":\"https:\/\/fashiongold.lt\/lv\/?s={search_term_string}\"},\"query-input\":{\"@type\":\"PropertyValueSpecification\",\"valueRequired\":true,\"valueName\":\"search_term_string\"}}],\"inLanguage\":\"lv-LV\"},{\"@type\":\"Organization\",\"@id\":\"https:\/\/fashiongold.lt\/lv\/#organization\",\"name\":\"Topdiamonds Online\",\"url\":\"https:\/\/fashiongold.lt\/lv\/\",\"logo\":{\"@type\":\"ImageObject\",\"inLanguage\":\"lv-LV\",\"@id\":\"https:\/\/fashiongold.lt\/lv\/#\/schema\/logo\/image\/\",\"url\":\"https:\/\/fashiongold.lt\/wp-content\/uploads\/2025\/04\/cropped-fashion_gold_logotipas2-scaled-1.png\",\"contentUrl\":\"https:\/\/fashiongold.lt\/wp-content\/uploads\/2025\/04\/cropped-fashion_gold_logotipas2-scaled-1.png\",\"width\":2559,\"height\":421,\"caption\":\"Topdiamonds Online\"},\"image\":{\"@id\":\"https:\/\/fashiongold.lt\/lv\/#\/schema\/logo\/image\/\"}}]}<\/script>\n<!-- \/ Yoast SEO plugin. -->","yoast_head_json":{"title":"0.83 ct gredzens ar ziliem saf\u012briem I fashiongold.lt","description":"Zelta josli\u0146a ar ziliem saf\u012briem. Kop\u0113jais saf\u012bru svars ir 0,83 kar\u0101ti. Neatk\u0101rtojama izv\u0113le, lieliska d\u0101vana stil\u012bgu rotaslietu cien\u012bt\u0101jiem.","robots":{"index":"index","follow":"follow","max-snippet":"max-snippet:-1","max-image-preview":"max-image-preview:large","max-video-preview":"max-video-preview:-1"},"canonical":"https:\/\/fashiongold.lt\/lv\/papuosalas\/0-83-ct-gredzens-ar-ziliem-safiriem\/","og_locale":"lv_LV","og_type":"article","og_title":"0.83 ct gredzens ar ziliem saf\u012briem I fashiongold.lt","og_description":"Zelta josli\u0146a ar ziliem saf\u012briem. Kop\u0113jais saf\u012bru svars ir 0,83 kar\u0101ti. Neatk\u0101rtojama izv\u0113le, lieliska d\u0101vana stil\u012bgu rotaslietu cien\u012bt\u0101jiem.","og_url":"https:\/\/fashiongold.lt\/lv\/papuosalas\/0-83-ct-gredzens-ar-ziliem-safiriem\/","og_site_name":"FashionGold.lt","og_image":[{"width":1254,"height":1254,"url":"https:\/\/fashiongold.lt\/wp-content\/uploads\/2025\/10\/0.83-ct-ziedas-su-melynais-safyrais-balto-aukso.webp","type":"image\/png"}],"twitter_card":"summary_large_image","twitter_misc":{"Est. reading time":"1 minute"},"schema":{"@context":"https:\/\/schema.org","@graph":[{"@type":"WebPage","@id":"https:\/\/fashiongold.lt\/lv\/papuosalas\/0-83-ct-gredzens-ar-ziliem-safiriem\/","url":"https:\/\/fashiongold.lt\/lv\/papuosalas\/0-83-ct-gredzens-ar-ziliem-safiriem\/","name":"0.83 ct gredzens ar ziliem saf\u012briem I fashiongold.lt","isPartOf":{"@id":"https:\/\/fashiongold.lt\/lv\/#website"},"primaryImageOfPage":{"@id":"https:\/\/fashiongold.lt\/lv\/papuosalas\/0-83-ct-gredzens-ar-ziliem-safiriem\/#primaryimage"},"image":{"@id":"https:\/\/fashiongold.lt\/lv\/papuosalas\/0-83-ct-gredzens-ar-ziliem-safiriem\/#primaryimage"},"thumbnailUrl":"https:\/\/fashiongold.lt\/wp-content\/uploads\/2025\/10\/0.83-ct-ziedas-su-melynais-safyrais-balto-aukso-e1777810844275.png","datePublished":"2025-10-16T18:25:25+00:00","description":"Zelta josli\u0146a ar ziliem saf\u012briem. Kop\u0113jais saf\u012bru svars ir 0,83 kar\u0101ti. Neatk\u0101rtojama izv\u0113le, lieliska d\u0101vana stil\u012bgu rotaslietu cien\u012bt\u0101jiem.","breadcrumb":{"@id":"https:\/\/fashiongold.lt\/lv\/papuosalas\/0-83-ct-gredzens-ar-ziliem-safiriem\/#breadcrumb"},"inLanguage":"lv-LV","potentialAction":[{"@type":"ReadAction","target":["https:\/\/fashiongold.lt\/lv\/papuosalas\/0-83-ct-gredzens-ar-ziliem-safiriem\/"]}]},{"@type":"ImageObject","inLanguage":"lv-LV","@id":"https:\/\/fashiongold.lt\/lv\/papuosalas\/0-83-ct-gredzens-ar-ziliem-safiriem\/#primaryimage","url":"https:\/\/fashiongold.lt\/wp-content\/uploads\/2025\/10\/0.83-ct-ziedas-su-melynais-safyrais-balto-aukso-e1777810844275.png","contentUrl":"https:\/\/fashiongold.lt\/wp-content\/uploads\/2025\/10\/0.83-ct-ziedas-su-melynais-safyrais-balto-aukso-e1777810844275.png","width":1254,"height":1254,"caption":"0.83 ct \u017eiedas su m\u0117lynais safyrais baltas auksas"},{"@type":"BreadcrumbList","@id":"https:\/\/fashiongold.lt\/lv\/papuosalas\/0-83-ct-gredzens-ar-ziliem-safiriem\/#breadcrumb","itemListElement":[{"@type":"ListItem","position":1,"name":"Home","item":"https:\/\/fashiongold.lt\/lv\/"},{"@type":"ListItem","position":2,"name":"Dimantu veikals Fashiongold.lt","item":"https:\/\/fashiongold.lt\/shop-2\/"},{"@type":"ListItem","position":3,"name":"0.83 ct gredzens ar ziliem saf\u012briem"}]},{"@type":"WebSite","@id":"https:\/\/fashiongold.lt\/lv\/#website","url":"https:\/\/fashiongold.lt\/lv\/","name":"Fashion Gold","description":"Juvelyrikos namai","publisher":{"@id":"https:\/\/fashiongold.lt\/lv\/#organization"},"potentialAction":[{"@type":"SearchAction","target":{"@type":"EntryPoint","urlTemplate":"https:\/\/fashiongold.lt\/lv\/?s={search_term_string}"},"query-input":{"@type":"PropertyValueSpecification","valueRequired":true,"valueName":"search_term_string"}}],"inLanguage":"lv-LV"},{"@type":"Organization","@id":"https:\/\/fashiongold.lt\/lv\/#organization","name":"Topdiamonds Online","url":"https:\/\/fashiongold.lt\/lv\/","logo":{"@type":"ImageObject","inLanguage":"lv-LV","@id":"https:\/\/fashiongold.lt\/lv\/#\/schema\/logo\/image\/","url":"https:\/\/fashiongold.lt\/wp-content\/uploads\/2025\/04\/cropped-fashion_gold_logotipas2-scaled-1.png","contentUrl":"https:\/\/fashiongold.lt\/wp-content\/uploads\/2025\/04\/cropped-fashion_gold_logotipas2-scaled-1.png","width":2559,"height":421,"caption":"Topdiamonds Online"},"image":{"@id":"https:\/\/fashiongold.lt\/lv\/#\/schema\/logo\/image\/"}}]}},"_links":{"self":[{"href":"https:\/\/fashiongold.lt\/lv\/wp-json\/wp\/v2\/product\/281160","targetHints":{"allow":["GET"]}}],"collection":[{"href":"https:\/\/fashiongold.lt\/lv\/wp-json\/wp\/v2\/product"}],"about":[{"href":"https:\/\/fashiongold.lt\/lv\/wp-json\/wp\/v2\/types\/product"}],"version-history":[{"count":0,"href":"https:\/\/fashiongold.lt\/lv\/wp-json\/wp\/v2\/product\/281160\/revisions"}],"wp:featuredmedia":[{"embeddable":true,"href":"https:\/\/fashiongold.lt\/lv\/wp-json\/wp\/v2\/media\/1140492"}],"wp:attachment":[{"href":"https:\/\/fashiongold.lt\/lv\/wp-json\/wp\/v2\/media?parent=281160"}],"wp:term":[{"taxonomy":"product_brand","embeddable":true,"href":"https:\/\/fashiongold.lt\/lv\/wp-json\/wp\/v2\/product_brand?post=281160"},{"taxonomy":"product_cat","embeddable":true,"href":"https:\/\/fashiongold.lt\/lv\/wp-json\/wp\/v2\/product_cat?post=281160"},{"taxonomy":"product_tag","embeddable":true,"href":"https:\/\/fashiongold.lt\/lv\/wp-json\/wp\/v2\/product_tag?post=281160"}],"curies":[{"name":"wp","href":"https:\/\/api.w.org\/{rel}","templated":true}]}}