{"id":281275,"date":"2025-10-16T15:16:25","date_gmt":"2025-10-16T15:16:25","guid":{"rendered":"https:\/\/fashiongold.lt\/papuosalas\/saderinasanas-gredzena-izgatavosana-klasisks-gredzens\/"},"modified":"2025-10-16T15:16:25","modified_gmt":"2025-10-16T15:16:25","slug":"saderinasanas-gredzena-izgatavosana-klasisks-gredzens","status":"publish","type":"product","link":"https:\/\/fashiongold.lt\/lv\/rotaslieta\/saderinasanas-gredzena-izgatavosana-klasisks-gredzens\/","title":{"rendered":"Saderin\u0101\u0161an\u0101s gredzena izgatavo\u0161ana \u2013 Klasisks gredzens"},"content":{"rendered":"<p>Vai jums ir zelta rotaslietas, kuras nen\u0113s\u0101jat? Vai dimants, d\u0101rgakmens? Izmantojiet tos saderin\u0101\u0161an\u0101s gredzena izgatavo\u0161anai un t\u0101d\u0113j\u0101di samaziniet izmaksas. J\u016bs varat izv\u0113l\u0113ties izgatavot gredzenu no sava zelta, ja tas ir d\u0101rgs k\u0101 \u0123imenes relikvija, vai no m\u016bs\u0113j\u0101, un m\u0113s apmain\u012bsim j\u016bsu eso\u0161o zeltu p\u0113c svara. Neatkar\u012bgi no j\u016bsu eso\u0161\u0101 zelta kr\u0101sas, m\u0113s izgatavosim jums laul\u012bbas gredzenus t\u0101d\u0101 kr\u0101s\u0101, k\u0101da jums pat\u012bk.<\/p>\n<p><strong>Izgatavo\u0161anas cen\u0101 ir iek\u013cauts:\u00a0<\/strong><\/p>\n<p>\u2022 Gredzena kr\u0101sa: iesp\u0113jams izv\u0113l\u0113ties dabisko balto, dzelteno vai sarkano zeltu.\u00a0 \u00a0<\/p>\n<p>\u2022 Gredzena komforta zona: ir.<\/p>\n<p>\u2022 Sertifik\u0101ts: Lietuvas Prove\u0161anas pal\u0101ta (LPR)\u00a0 \u00a0<\/p>\n<p>\u2022 Grav\u0113\u0161ana bez maksas<\/p>\n<p>\u2022 Vienreiz\u0113ja bezmaksas gredzena izm\u0113ra mai\u0146as garantija<\/p>\n<p>\u2022 Izgatavo\u0161anas un pieg\u0101des termi\u0146\u0161 no 14 darba dien\u0101m, steidzam\u012bbas k\u0101rt\u0101 3 d. d. laik\u0101.<\/p>\n<p><strong>Izgatavo\u0161anas cen\u0101 nav iek\u013cauts:<\/strong><\/p>\n<p>\u2022 Gredzena zelts: 14 K (585 prove), par papildu samaksu varam izgatavot no 10K (375 proves), 18K (750 proves)\u00a0 \u00a0 \u00a0<\/p>\n<p>\u2022 Gredzena zelta svars (atkar\u012bgs no izm\u0113ra un proves): aptuveni 2,00 &#8211; 4,00 g\u00a0 \u00a0<\/p>\n<p>\u2022 Gredzena kr\u0101sa: rodija p\u0101rkl\u0101jums<\/p>\n<p>\u2022 Dimanta tips: dabiskais dimants, Lab Grown dimants\u00a0 \u00a0 \u00a0<\/p>\n<p>\u2022 Dimanta forma: apa\u013cas formas (Round cut)\u00a0 \u00a0 \u00a0<\/p>\n<p>\u2022 Dimanta raksturojums: 1 gab. x 0,20 ct, 1 gab. x 0,30 ct, 1 gab. x 0,50 ct (kr\u0101sa W, t\u012br\u012bba Vs-SI) (ja jums nav nepiecie\u0161am\u0101 dimanta vai d\u0101rgakmens, m\u0113s pied\u0101v\u0101sim jums lab\u0101k\u0101s cenas un pas\u016bt\u012bsim to tie\u0161i no pasaules dimantu bir\u017e\u0101m: Be\u013c\u0123ijas, Kan\u0101das, ASV, Izra\u0113las, Indijas, Honkongas u.c.\u00a0 \u00a0<\/p>\n<p><strong>Neatk\u0101rtojama skaistuma saderin\u0101\u0161an\u0101s gredzens ar ekskluz\u012bvu stilu, augstu kvalit\u0101ti un komforta zonu. Lieliska izv\u0113le, kas atspogu\u013co j\u016bsu m\u012blas st\u0101stu.<\/strong><\/p>\n","protected":false},"excerpt":{"rendered":"<p>M\u016bsu juvelieris izgatavos Jums klasisku saderin\u0101\u0161an\u0101s gredzenu ar d\u0101rgakmeni, izmantojot J\u016bsu zeltu un d\u0101rgakme\u0146us. Fashion Gold juvelieri jau 30 gadus izgatavo saderin\u0101\u0161an\u0101s gredzenus, t\u0101p\u0113c uzticieties m\u016bsu profesionalit\u0101tei, augstajai kvalit\u0101tei un maks\u0101jiet tikai ra\u017eo\u0161anas cenu. Atkl\u0101jiet izsmalcin\u0101tu skaistumu ar Fashion Gold juvelieriem!\u00a0<\/p>\n","protected":false},"featured_media":214397,"template":"","meta":{"site-sidebar-layout":"","site-content-layout":"","ast-site-content-layout":"","site-content-style":"","site-sidebar-style":"","ast-global-header-display":"","ast-banner-title-visibility":"","ast-main-header-display":"","ast-hfb-above-header-display":"","ast-hfb-below-header-display":"","ast-hfb-mobile-header-display":"","site-post-title":"","ast-breadcrumbs-content":"","ast-featured-img":"","footer-sml-layout":"","ast-disable-related-posts":"","theme-transparent-header-meta":"","adv-header-id-meta":"","stick-header-meta":"","header-above-stick-meta":"","header-main-stick-meta":"","header-below-stick-meta":"","astra-migrate-meta-layouts":"default","ast-page-background-enabled":"default","ast-page-background-meta":{"desktop":{"background-color":"var(--ast-global-color-4)","background-image":"","background-repeat":"repeat","background-position":"center center","background-size":"auto","background-attachment":"scroll","background-type":"","background-media":"","overlay-type":"","overlay-color":"","overlay-opacity":"","overlay-gradient":""},"tablet":{"background-color":"","background-image":"","background-repeat":"repeat","background-position":"center center","background-size":"auto","background-attachment":"scroll","background-type":"","background-media":"","overlay-type":"","overlay-color":"","overlay-opacity":"","overlay-gradient":""},"mobile":{"background-color":"","background-image":"","background-repeat":"repeat","background-position":"center center","background-size":"auto","background-attachment":"scroll","background-type":"","background-media":"","overlay-type":"","overlay-color":"","overlay-opacity":"","overlay-gradient":""}},"ast-content-background-meta":{"desktop":{"background-color":"var(--ast-global-color-5)","background-image":"","background-repeat":"repeat","background-position":"center center","background-size":"auto","background-attachment":"scroll","background-type":"","background-media":"","overlay-type":"","overlay-color":"","overlay-opacity":"","overlay-gradient":""},"tablet":{"background-color":"var(--ast-global-color-5)","background-image":"","background-repeat":"repeat","background-position":"center center","background-size":"auto","background-attachment":"scroll","background-type":"","background-media":"","overlay-type":"","overlay-color":"","overlay-opacity":"","overlay-gradient":""},"mobile":{"background-color":"var(--ast-global-color-5)","background-image":"","background-repeat":"repeat","background-position":"center center","background-size":"auto","background-attachment":"scroll","background-type":"","background-media":"","overlay-type":"","overlay-color":"","overlay-opacity":"","overlay-gradient":""}}},"product_brand":[],"product_cat":[2930,2998],"product_tag":[],"class_list":{"0":"post-281275","1":"product","2":"type-product","3":"status-publish","4":"has-post-thumbnail","6":"product_cat-juvelieris","7":"product_cat-saderinasanas-gredzenu-izgatavosana","8":"desktop-align-center","9":"tablet-align-left","10":"mobile-align-left","11":"ast-product-gallery-layout-horizontal-slider","12":"ast-product-gallery-with-no-image","13":"ast-product-single-variable","14":"ast-product-tabs-layout-accordion","15":"ast-qv-on-image","17":"first","18":"instock","19":"taxable","20":"shipping-taxable","21":"purchasable","22":"product-type-variable"},"yoast_head":"<!-- This site is optimized with the Yoast SEO plugin v26.6 - https:\/\/yoast.com\/wordpress\/plugins\/seo\/ -->\n<title>Saderin\u0101\u0161an\u0101s gredzena izgatavo\u0161ana - Klasisks gredzens<\/title>\n<meta name=\"description\" content=\"M\u016bsu juvelieris izgatavos Jums saderin\u0101\u0161an\u0101s gredzenu, izmantojot J\u016bsu zeltu, dimantus un d\u0101rgakme\u0146us. Izcila kvalit\u0101te ar Fashion Gold juvelieriem!\" \/>\n<meta name=\"robots\" content=\"index, follow, max-snippet:-1, max-image-preview:large, max-video-preview:-1\" \/>\n<link rel=\"canonical\" href=\"https:\/\/fashiongold.lt\/lv\/rotaslieta\/saderinasanas-gredzena-izgatavosana-klasisks-gredzens\/\" \/>\n<meta property=\"og:locale\" content=\"lv_LV\" \/>\n<meta property=\"og:type\" content=\"article\" \/>\n<meta property=\"og:title\" content=\"Saderin\u0101\u0161an\u0101s gredzena izgatavo\u0161ana - Klasisks gredzens\" \/>\n<meta property=\"og:description\" content=\"M\u016bsu juvelieris izgatavos Jums saderin\u0101\u0161an\u0101s gredzenu, izmantojot J\u016bsu zeltu, dimantus un d\u0101rgakme\u0146us. Izcila kvalit\u0101te ar Fashion Gold juvelieriem!\" \/>\n<meta property=\"og:url\" content=\"https:\/\/fashiongold.lt\/lv\/rotaslieta\/saderinasanas-gredzena-izgatavosana-klasisks-gredzens\/\" \/>\n<meta property=\"og:site_name\" content=\"FashionGold.lt\" \/>\n<meta property=\"og:image\" content=\"https:\/\/fashiongold.lt\/wp-content\/uploads\/2025\/10\/13451-df3-Suzadetuviu-ziedo-gamyba-Klasikinis-ziedas.png\" \/>\n\t<meta property=\"og:image:width\" content=\"1000\" \/>\n\t<meta property=\"og:image:height\" content=\"1000\" \/>\n\t<meta property=\"og:image:type\" content=\"image\/png\" \/>\n<meta name=\"twitter:card\" content=\"summary_large_image\" \/>\n<meta name=\"twitter:label1\" content=\"Est. reading time\" \/>\n\t<meta name=\"twitter:data1\" content=\"1 minute\" \/>\n<script type=\"application\/ld+json\" class=\"yoast-schema-graph\">{\"@context\":\"https:\/\/schema.org\",\"@graph\":[{\"@type\":\"WebPage\",\"@id\":\"https:\/\/fashiongold.lt\/lv\/rotaslieta\/saderinasanas-gredzena-izgatavosana-klasisks-gredzens\/\",\"url\":\"https:\/\/fashiongold.lt\/lv\/rotaslieta\/saderinasanas-gredzena-izgatavosana-klasisks-gredzens\/\",\"name\":\"Saderin\u0101\u0161an\u0101s gredzena izgatavo\u0161ana - Klasisks gredzens\",\"isPartOf\":{\"@id\":\"https:\/\/fashiongold.lt\/lv\/#website\"},\"primaryImageOfPage\":{\"@id\":\"https:\/\/fashiongold.lt\/lv\/rotaslieta\/saderinasanas-gredzena-izgatavosana-klasisks-gredzens\/#primaryimage\"},\"image\":{\"@id\":\"https:\/\/fashiongold.lt\/lv\/rotaslieta\/saderinasanas-gredzena-izgatavosana-klasisks-gredzens\/#primaryimage\"},\"thumbnailUrl\":\"https:\/\/fashiongold.lt\/wp-content\/uploads\/2025\/10\/13451-df3-Suzadetuviu-ziedo-gamyba-Klasikinis-ziedas.png\",\"datePublished\":\"2025-10-16T15:16:25+00:00\",\"description\":\"M\u016bsu juvelieris izgatavos Jums saderin\u0101\u0161an\u0101s gredzenu, izmantojot J\u016bsu zeltu, dimantus un d\u0101rgakme\u0146us. Izcila kvalit\u0101te ar Fashion Gold juvelieriem!\",\"breadcrumb\":{\"@id\":\"https:\/\/fashiongold.lt\/lv\/rotaslieta\/saderinasanas-gredzena-izgatavosana-klasisks-gredzens\/#breadcrumb\"},\"inLanguage\":\"lv-LV\",\"potentialAction\":[{\"@type\":\"ReadAction\",\"target\":[\"https:\/\/fashiongold.lt\/lv\/rotaslieta\/saderinasanas-gredzena-izgatavosana-klasisks-gredzens\/\"]}]},{\"@type\":\"ImageObject\",\"inLanguage\":\"lv-LV\",\"@id\":\"https:\/\/fashiongold.lt\/lv\/rotaslieta\/saderinasanas-gredzena-izgatavosana-klasisks-gredzens\/#primaryimage\",\"url\":\"https:\/\/fashiongold.lt\/wp-content\/uploads\/2025\/10\/13451-df3-Suzadetuviu-ziedo-gamyba-Klasikinis-ziedas.png\",\"contentUrl\":\"https:\/\/fashiongold.lt\/wp-content\/uploads\/2025\/10\/13451-df3-Suzadetuviu-ziedo-gamyba-Klasikinis-ziedas.png\",\"width\":1000,\"height\":1000},{\"@type\":\"BreadcrumbList\",\"@id\":\"https:\/\/fashiongold.lt\/lv\/rotaslieta\/saderinasanas-gredzena-izgatavosana-klasisks-gredzens\/#breadcrumb\",\"itemListElement\":[{\"@type\":\"ListItem\",\"position\":1,\"name\":\"Home\",\"item\":\"https:\/\/fashiongold.lt\/lv\/\"},{\"@type\":\"ListItem\",\"position\":2,\"name\":\"Dimantu veikals Fashiongold.lt\",\"item\":\"https:\/\/fashiongold.lt\/shop-2\/\"},{\"@type\":\"ListItem\",\"position\":3,\"name\":\"Saderin\u0101\u0161an\u0101s gredzena izgatavo\u0161ana \u2013 Klasisks gredzens\"}]},{\"@type\":\"WebSite\",\"@id\":\"https:\/\/fashiongold.lt\/lv\/#website\",\"url\":\"https:\/\/fashiongold.lt\/lv\/\",\"name\":\"Fashion Gold\",\"description\":\"Juvelierizstr\u0101d\u0101jumu nams\",\"publisher\":{\"@id\":\"https:\/\/fashiongold.lt\/lv\/#organization\"},\"potentialAction\":[{\"@type\":\"SearchAction\",\"target\":{\"@type\":\"EntryPoint\",\"urlTemplate\":\"https:\/\/fashiongold.lt\/lv\/?s={search_term_string}\"},\"query-input\":{\"@type\":\"PropertyValueSpecification\",\"valueRequired\":true,\"valueName\":\"search_term_string\"}}],\"inLanguage\":\"lv-LV\"},{\"@type\":\"Organization\",\"@id\":\"https:\/\/fashiongold.lt\/lv\/#organization\",\"name\":\"Topdiamonds Online\",\"url\":\"https:\/\/fashiongold.lt\/lv\/\",\"logo\":{\"@type\":\"ImageObject\",\"inLanguage\":\"lv-LV\",\"@id\":\"https:\/\/fashiongold.lt\/lv\/#\/schema\/logo\/image\/\",\"url\":\"https:\/\/fashiongold.lt\/wp-content\/uploads\/2025\/04\/cropped-fashion_gold_logotipas2-scaled-1.png\",\"contentUrl\":\"https:\/\/fashiongold.lt\/wp-content\/uploads\/2025\/04\/cropped-fashion_gold_logotipas2-scaled-1.png\",\"width\":2559,\"height\":421,\"caption\":\"Topdiamonds Online\"},\"image\":{\"@id\":\"https:\/\/fashiongold.lt\/lv\/#\/schema\/logo\/image\/\"}}]}<\/script>\n<!-- \/ Yoast SEO plugin. -->","yoast_head_json":{"title":"Saderin\u0101\u0161an\u0101s gredzena izgatavo\u0161ana - Klasisks gredzens","description":"M\u016bsu juvelieris izgatavos Jums saderin\u0101\u0161an\u0101s gredzenu, izmantojot J\u016bsu zeltu, dimantus un d\u0101rgakme\u0146us. Izcila kvalit\u0101te ar Fashion Gold juvelieriem!","robots":{"index":"index","follow":"follow","max-snippet":"max-snippet:-1","max-image-preview":"max-image-preview:large","max-video-preview":"max-video-preview:-1"},"canonical":"https:\/\/fashiongold.lt\/lv\/rotaslieta\/saderinasanas-gredzena-izgatavosana-klasisks-gredzens\/","og_locale":"lv_LV","og_type":"article","og_title":"Saderin\u0101\u0161an\u0101s gredzena izgatavo\u0161ana - Klasisks gredzens","og_description":"M\u016bsu juvelieris izgatavos Jums saderin\u0101\u0161an\u0101s gredzenu, izmantojot J\u016bsu zeltu, dimantus un d\u0101rgakme\u0146us. Izcila kvalit\u0101te ar Fashion Gold juvelieriem!","og_url":"https:\/\/fashiongold.lt\/lv\/rotaslieta\/saderinasanas-gredzena-izgatavosana-klasisks-gredzens\/","og_site_name":"FashionGold.lt","og_image":[{"width":1000,"height":1000,"url":"https:\/\/fashiongold.lt\/wp-content\/uploads\/2025\/10\/13451-df3-Suzadetuviu-ziedo-gamyba-Klasikinis-ziedas.png","type":"image\/png"}],"twitter_card":"summary_large_image","twitter_misc":{"Est. reading time":"1 minute"},"schema":{"@context":"https:\/\/schema.org","@graph":[{"@type":"WebPage","@id":"https:\/\/fashiongold.lt\/lv\/rotaslieta\/saderinasanas-gredzena-izgatavosana-klasisks-gredzens\/","url":"https:\/\/fashiongold.lt\/lv\/rotaslieta\/saderinasanas-gredzena-izgatavosana-klasisks-gredzens\/","name":"Saderin\u0101\u0161an\u0101s gredzena izgatavo\u0161ana - Klasisks gredzens","isPartOf":{"@id":"https:\/\/fashiongold.lt\/lv\/#website"},"primaryImageOfPage":{"@id":"https:\/\/fashiongold.lt\/lv\/rotaslieta\/saderinasanas-gredzena-izgatavosana-klasisks-gredzens\/#primaryimage"},"image":{"@id":"https:\/\/fashiongold.lt\/lv\/rotaslieta\/saderinasanas-gredzena-izgatavosana-klasisks-gredzens\/#primaryimage"},"thumbnailUrl":"https:\/\/fashiongold.lt\/wp-content\/uploads\/2025\/10\/13451-df3-Suzadetuviu-ziedo-gamyba-Klasikinis-ziedas.png","datePublished":"2025-10-16T15:16:25+00:00","description":"M\u016bsu juvelieris izgatavos Jums saderin\u0101\u0161an\u0101s gredzenu, izmantojot J\u016bsu zeltu, dimantus un d\u0101rgakme\u0146us. Izcila kvalit\u0101te ar Fashion Gold juvelieriem!","breadcrumb":{"@id":"https:\/\/fashiongold.lt\/lv\/rotaslieta\/saderinasanas-gredzena-izgatavosana-klasisks-gredzens\/#breadcrumb"},"inLanguage":"lv-LV","potentialAction":[{"@type":"ReadAction","target":["https:\/\/fashiongold.lt\/lv\/rotaslieta\/saderinasanas-gredzena-izgatavosana-klasisks-gredzens\/"]}]},{"@type":"ImageObject","inLanguage":"lv-LV","@id":"https:\/\/fashiongold.lt\/lv\/rotaslieta\/saderinasanas-gredzena-izgatavosana-klasisks-gredzens\/#primaryimage","url":"https:\/\/fashiongold.lt\/wp-content\/uploads\/2025\/10\/13451-df3-Suzadetuviu-ziedo-gamyba-Klasikinis-ziedas.png","contentUrl":"https:\/\/fashiongold.lt\/wp-content\/uploads\/2025\/10\/13451-df3-Suzadetuviu-ziedo-gamyba-Klasikinis-ziedas.png","width":1000,"height":1000},{"@type":"BreadcrumbList","@id":"https:\/\/fashiongold.lt\/lv\/rotaslieta\/saderinasanas-gredzena-izgatavosana-klasisks-gredzens\/#breadcrumb","itemListElement":[{"@type":"ListItem","position":1,"name":"Home","item":"https:\/\/fashiongold.lt\/lv\/"},{"@type":"ListItem","position":2,"name":"Dimantu veikals Fashiongold.lt","item":"https:\/\/fashiongold.lt\/shop-2\/"},{"@type":"ListItem","position":3,"name":"Saderin\u0101\u0161an\u0101s gredzena izgatavo\u0161ana \u2013 Klasisks gredzens"}]},{"@type":"WebSite","@id":"https:\/\/fashiongold.lt\/lv\/#website","url":"https:\/\/fashiongold.lt\/lv\/","name":"Fashion Gold","description":"Juvelierizstr\u0101d\u0101jumu nams","publisher":{"@id":"https:\/\/fashiongold.lt\/lv\/#organization"},"potentialAction":[{"@type":"SearchAction","target":{"@type":"EntryPoint","urlTemplate":"https:\/\/fashiongold.lt\/lv\/?s={search_term_string}"},"query-input":{"@type":"PropertyValueSpecification","valueRequired":true,"valueName":"search_term_string"}}],"inLanguage":"lv-LV"},{"@type":"Organization","@id":"https:\/\/fashiongold.lt\/lv\/#organization","name":"Topdiamonds Online","url":"https:\/\/fashiongold.lt\/lv\/","logo":{"@type":"ImageObject","inLanguage":"lv-LV","@id":"https:\/\/fashiongold.lt\/lv\/#\/schema\/logo\/image\/","url":"https:\/\/fashiongold.lt\/wp-content\/uploads\/2025\/04\/cropped-fashion_gold_logotipas2-scaled-1.png","contentUrl":"https:\/\/fashiongold.lt\/wp-content\/uploads\/2025\/04\/cropped-fashion_gold_logotipas2-scaled-1.png","width":2559,"height":421,"caption":"Topdiamonds Online"},"image":{"@id":"https:\/\/fashiongold.lt\/lv\/#\/schema\/logo\/image\/"}}]}},"_links":{"self":[{"href":"https:\/\/fashiongold.lt\/lv\/wp-json\/wp\/v2\/product\/281275","targetHints":{"allow":["GET"]}}],"collection":[{"href":"https:\/\/fashiongold.lt\/lv\/wp-json\/wp\/v2\/product"}],"about":[{"href":"https:\/\/fashiongold.lt\/lv\/wp-json\/wp\/v2\/types\/product"}],"version-history":[{"count":0,"href":"https:\/\/fashiongold.lt\/lv\/wp-json\/wp\/v2\/product\/281275\/revisions"}],"wp:featuredmedia":[{"embeddable":true,"href":"https:\/\/fashiongold.lt\/lv\/wp-json\/wp\/v2\/media\/214397"}],"wp:attachment":[{"href":"https:\/\/fashiongold.lt\/lv\/wp-json\/wp\/v2\/media?parent=281275"}],"wp:term":[{"taxonomy":"product_brand","embeddable":true,"href":"https:\/\/fashiongold.lt\/lv\/wp-json\/wp\/v2\/product_brand?post=281275"},{"taxonomy":"product_cat","embeddable":true,"href":"https:\/\/fashiongold.lt\/lv\/wp-json\/wp\/v2\/product_cat?post=281275"},{"taxonomy":"product_tag","embeddable":true,"href":"https:\/\/fashiongold.lt\/lv\/wp-json\/wp\/v2\/product_tag?post=281275"}],"curies":[{"name":"wp","href":"https:\/\/api.w.org\/{rel}","templated":true}]}}