{"id":281330,"date":"2025-10-15T08:36:38","date_gmt":"2025-10-15T08:36:38","guid":{"rendered":"https:\/\/fashiongold.lt\/papuosalas\/gredzens-ar-dimantiem-dimantu-stipina-1-60-karati\/"},"modified":"2025-10-15T08:36:38","modified_gmt":"2025-10-15T08:36:38","slug":"gredzens-ar-dimantiem-dimantu-stipina-1-60-karati","status":"publish","type":"product","link":"https:\/\/fashiongold.lt\/lv\/papuosalas\/gredzens-ar-dimantiem-dimantu-stipina-1-60-karati\/","title":{"rendered":"Gredzens ar dimantiem \u2013 Dimantu st\u012bpi\u0146a 1.60 kar\u0101ti"},"content":{"rendered":"<p>Gredzens var tikt izgatavots p\u0113c pas\u016bt\u012bjuma: par papildu samaksu ar augst\u0101kas kvalit\u0101tes dimantu vai dimantiem.<\/p>\n<p>\u2022 Gredzena met\u0101ls: 14K (585 prove), varam izgatavot no 10K (375 prove), 18K (750 prove), 950 plat\u012bna, <\/p>\n<p>\u2022 Gredzena kr\u0101sa: balts, dzeltens, sarkans<\/p>\n<p>\u2022 Gredzena svars (atkar\u012bgs no izm\u0113ra): aptuveni 5,50 &#8211; 8,50 g <\/p>\n<p>\u2022 Gredzena izm\u0113ri: 4 mm <\/p>\n<p>\u2022 Gredzena komforta zona: ir <\/p>\n<p>\u2022 Dimanta tips: Dab\u012bgs dimants<\/p>\n<p>\u2022 Dimanta forma: Apa\u013ca forma (Round cut) <\/p>\n<p>\u2022 Dimanta raksturojums: 1,60 ct centr\u0101lais akmens (kr\u0101sa G, dzidrums SI) (iesp\u0113jams main\u012bt). <\/p>\n<p>\u2022 Sertifik\u0101ts: Lietuvas Proves pal\u0101ta (LPR) <\/p>\n<p>\u2022 Grav\u0113\u0161ana bez maksas <\/p>\n<p>\u2022 Vienreiz\u0113ja bezmaksas gredzena izm\u0113ra mai\u0146as garantija (p\u0113c iesp\u0113jas) <\/p>\n<p>\u2022 Izgatavo\u0161anas un pieg\u0101des termi\u0146\u0161 no 14 darba dien\u0101m, steidzam\u012bbas k\u0101rt\u0101 7 darba dienu laik\u0101. <\/p>\n<p><strong>Jums ir savs d\u0101rgakmens? Sazinieties ar mums, m\u0113s p\u0101rr\u0113\u0137in\u0101sim cenu &#8211; j\u016bs maks\u0101siet tikai par gredzenu izgatavo\u0161anu.<\/strong><\/p>\n","protected":false},"excerpt":{"rendered":"<p>Dimantu st\u012bpi\u0146a \u2013 zelta gredzens ar 1,60 kar\u0101tu dimantiem l\u012bdz gredzena pusei. Augst\u0101k\u0101 gredzena kvalit\u0101te no V\u0101cijas. Maksim\u0101ls komforts ikdienas n\u0113s\u0101\u0161anai. T\u0101 ir izcila izv\u0113le tiem, kuri nov\u0113rt\u0113 augstu kvalit\u0101ti. Ra\u017eots V\u0101cij\u0101 \u2013 p\u0113c augst\u0101kajiem standartiem.<\/p>\n","protected":false},"featured_media":1140676,"template":"","meta":{"site-sidebar-layout":"default","site-content-layout":"","ast-site-content-layout":"default","site-content-style":"default","site-sidebar-style":"default","ast-global-header-display":"","ast-banner-title-visibility":"","ast-main-header-display":"","ast-hfb-above-header-display":"","ast-hfb-below-header-display":"","ast-hfb-mobile-header-display":"","site-post-title":"","ast-breadcrumbs-content":"","ast-featured-img":"","footer-sml-layout":"","ast-disable-related-posts":"","theme-transparent-header-meta":"default","adv-header-id-meta":"","stick-header-meta":"","header-above-stick-meta":"","header-main-stick-meta":"","header-below-stick-meta":"","astra-migrate-meta-layouts":"default","ast-page-background-enabled":"default","ast-page-background-meta":{"desktop":{"background-color":"var(--ast-global-color-4)","background-image":"","background-repeat":"repeat","background-position":"center center","background-size":"auto","background-attachment":"scroll","background-type":"","background-media":"","overlay-type":"","overlay-color":"","overlay-opacity":"","overlay-gradient":""},"tablet":{"background-color":"","background-image":"","background-repeat":"repeat","background-position":"center center","background-size":"auto","background-attachment":"scroll","background-type":"","background-media":"","overlay-type":"","overlay-color":"","overlay-opacity":"","overlay-gradient":""},"mobile":{"background-color":"","background-image":"","background-repeat":"repeat","background-position":"center center","background-size":"auto","background-attachment":"scroll","background-type":"","background-media":"","overlay-type":"","overlay-color":"","overlay-opacity":"","overlay-gradient":""}},"ast-content-background-meta":{"desktop":{"background-color":"var(--ast-global-color-5)","background-image":"","background-repeat":"repeat","background-position":"center center","background-size":"auto","background-attachment":"scroll","background-type":"","background-media":"","overlay-type":"","overlay-color":"","overlay-opacity":"","overlay-gradient":""},"tablet":{"background-color":"var(--ast-global-color-5)","background-image":"","background-repeat":"repeat","background-position":"center center","background-size":"auto","background-attachment":"scroll","background-type":"","background-media":"","overlay-type":"","overlay-color":"","overlay-opacity":"","overlay-gradient":""},"mobile":{"background-color":"var(--ast-global-color-5)","background-image":"","background-repeat":"repeat","background-position":"center center","background-size":"auto","background-attachment":"scroll","background-type":"","background-media":"","overlay-type":"","overlay-color":"","overlay-opacity":"","overlay-gradient":""}}},"product_brand":[],"product_cat":[3522,2915,2913,2921,2920,3403,2916,2914,2917,2925,2927,3721,2926,3042,3524,3616,2936,3769,2918],"product_tag":[],"class_list":{"0":"post-281330","1":"product","2":"type-product","3":"status-publish","4":"has-post-thumbnail","6":"product_cat-balta-zelta-laulibu-gredzeni","7":"product_cat-davanas-berna-piedzimsanai","8":"product_cat-davanas-dzimsanas-diena","9":"product_cat-davanas-ipasiem-gadijumiem","10":"product_cat-davanas-izlaidumam","11":"product_cat-davanas-kazam","12":"product_cat-davanas-kazu-gadadiena","13":"product_cat-davanas-sievietem","14":"product_cat-davanas-viriesiem","15":"product_cat-dimanta-lentinas","16":"product_cat-dimanta-sloksnes-viriesiem","17":"product_cat-dimanta-stipina-ar-briljantiem","18":"product_cat-dimanta-stipinas-lidz-pusei","19":"product_cat-juvelierizstradajumi","20":"product_cat-kazu-gredzeni","21":"product_cat-sieviesu-laulibu-gredzeni","22":"product_cat-valentindienas-davanas","23":"product_cat-viriesu-laulibu-gredzeni","24":"product_cat-ziemassvetku-davanas","25":"desktop-align-center","26":"tablet-align-left","27":"mobile-align-left","28":"ast-product-gallery-layout-horizontal-slider","29":"ast-product-single-variable","30":"ast-product-tabs-layout-accordion","31":"ast-qv-on-image","33":"first","34":"instock","35":"taxable","36":"shipping-taxable","37":"purchasable","38":"product-type-variable","39":"has-default-attributes"},"yoast_head":"<!-- This site is optimized with the Yoast SEO plugin v26.6 - https:\/\/yoast.com\/wordpress\/plugins\/seo\/ -->\n<title>Gredzens ar dimantiem - Dimantu rinda 1.60 kar\u0101ti<\/title>\n<meta name=\"description\" content=\"Dimantu st\u012bpi\u0146a \u2013 zelta gredzens ar 1,60 kar\u0101tu dimantiem, kas izvietoti l\u012bdz pusei gredzena. Izcila izv\u0113le tiem, kuri nov\u0113rt\u0113 augstu kvalit\u0101ti.\" \/>\n<meta name=\"robots\" content=\"index, follow, max-snippet:-1, max-image-preview:large, max-video-preview:-1\" \/>\n<link rel=\"canonical\" href=\"https:\/\/fashiongold.lt\/lv\/papuosalas\/gredzens-ar-dimantiem-dimantu-stipina-1-60-karati\/\" \/>\n<meta property=\"og:locale\" content=\"lv_LV\" \/>\n<meta property=\"og:type\" content=\"article\" \/>\n<meta property=\"og:title\" content=\"Gredzens ar dimantiem - Dimantu rinda 1.60 kar\u0101ti\" \/>\n<meta property=\"og:description\" content=\"Dimantu st\u012bpi\u0146a \u2013 zelta gredzens ar 1,60 kar\u0101tu dimantiem, kas izvietoti l\u012bdz pusei gredzena. Izcila izv\u0113le tiem, kuri nov\u0113rt\u0113 augstu kvalit\u0101ti.\" \/>\n<meta property=\"og:url\" content=\"https:\/\/fashiongold.lt\/lv\/papuosalas\/gredzens-ar-dimantiem-dimantu-stipina-1-60-karati\/\" \/>\n<meta property=\"og:site_name\" content=\"FashionGold.lt\" \/>\n<meta property=\"og:image\" content=\"https:\/\/fashiongold.lt\/wp-content\/uploads\/2025\/10\/13191-53f-Balto-aukso-Ziedas-su-deimantais-Deimantine-juostele-1.60-karatai.webp\" \/>\n\t<meta property=\"og:image:width\" content=\"1000\" \/>\n\t<meta property=\"og:image:height\" content=\"1000\" \/>\n\t<meta property=\"og:image:type\" content=\"image\/png\" \/>\n<meta name=\"twitter:card\" content=\"summary_large_image\" \/>\n<meta name=\"twitter:label1\" content=\"Est. reading time\" \/>\n\t<meta name=\"twitter:data1\" content=\"1 minute\" \/>\n<script type=\"application\/ld+json\" class=\"yoast-schema-graph\">{\"@context\":\"https:\/\/schema.org\",\"@graph\":[{\"@type\":\"WebPage\",\"@id\":\"https:\/\/fashiongold.lt\/lv\/papuosalas\/gredzens-ar-dimantiem-dimantu-stipina-1-60-karati\/\",\"url\":\"https:\/\/fashiongold.lt\/lv\/papuosalas\/gredzens-ar-dimantiem-dimantu-stipina-1-60-karati\/\",\"name\":\"Gredzens ar dimantiem - Dimantu rinda 1.60 kar\u0101ti\",\"isPartOf\":{\"@id\":\"https:\/\/fashiongold.lt\/lv\/#website\"},\"primaryImageOfPage\":{\"@id\":\"https:\/\/fashiongold.lt\/lv\/papuosalas\/gredzens-ar-dimantiem-dimantu-stipina-1-60-karati\/#primaryimage\"},\"image\":{\"@id\":\"https:\/\/fashiongold.lt\/lv\/papuosalas\/gredzens-ar-dimantiem-dimantu-stipina-1-60-karati\/#primaryimage\"},\"thumbnailUrl\":\"https:\/\/fashiongold.lt\/wp-content\/uploads\/2025\/10\/Ziedas-su-deimantais-\u2013-Deimantine-juostele-1.60-karatai-baltas-auksas-e1777823056727.png\",\"datePublished\":\"2025-10-15T08:36:38+00:00\",\"description\":\"Dimantu st\u012bpi\u0146a \u2013 zelta gredzens ar 1,60 kar\u0101tu dimantiem, kas izvietoti l\u012bdz pusei gredzena. Izcila izv\u0113le tiem, kuri nov\u0113rt\u0113 augstu kvalit\u0101ti.\",\"breadcrumb\":{\"@id\":\"https:\/\/fashiongold.lt\/lv\/papuosalas\/gredzens-ar-dimantiem-dimantu-stipina-1-60-karati\/#breadcrumb\"},\"inLanguage\":\"lv-LV\",\"potentialAction\":[{\"@type\":\"ReadAction\",\"target\":[\"https:\/\/fashiongold.lt\/lv\/papuosalas\/gredzens-ar-dimantiem-dimantu-stipina-1-60-karati\/\"]}]},{\"@type\":\"ImageObject\",\"inLanguage\":\"lv-LV\",\"@id\":\"https:\/\/fashiongold.lt\/lv\/papuosalas\/gredzens-ar-dimantiem-dimantu-stipina-1-60-karati\/#primaryimage\",\"url\":\"https:\/\/fashiongold.lt\/wp-content\/uploads\/2025\/10\/Ziedas-su-deimantais-\u2013-Deimantine-juostele-1.60-karatai-baltas-auksas-e1777823056727.png\",\"contentUrl\":\"https:\/\/fashiongold.lt\/wp-content\/uploads\/2025\/10\/Ziedas-su-deimantais-\u2013-Deimantine-juostele-1.60-karatai-baltas-auksas-e1777823056727.png\",\"width\":1254,\"height\":1254,\"caption\":\"\u017diedas su deimantais \u2013 Deimantin\u0117 juostel\u0117 1.60 karatai balto aukso\"},{\"@type\":\"BreadcrumbList\",\"@id\":\"https:\/\/fashiongold.lt\/lv\/papuosalas\/gredzens-ar-dimantiem-dimantu-stipina-1-60-karati\/#breadcrumb\",\"itemListElement\":[{\"@type\":\"ListItem\",\"position\":1,\"name\":\"Home\",\"item\":\"https:\/\/fashiongold.lt\/lv\/\"},{\"@type\":\"ListItem\",\"position\":2,\"name\":\"Dimantu veikals Fashiongold.lt\",\"item\":\"https:\/\/fashiongold.lt\/shop-2\/\"},{\"@type\":\"ListItem\",\"position\":3,\"name\":\"Gredzens ar dimantiem \u2013 Dimantu st\u012bpi\u0146a 1.60 kar\u0101ti\"}]},{\"@type\":\"WebSite\",\"@id\":\"https:\/\/fashiongold.lt\/lv\/#website\",\"url\":\"https:\/\/fashiongold.lt\/lv\/\",\"name\":\"Fashion Gold\",\"description\":\"Juvelyrikos namai\",\"publisher\":{\"@id\":\"https:\/\/fashiongold.lt\/lv\/#organization\"},\"potentialAction\":[{\"@type\":\"SearchAction\",\"target\":{\"@type\":\"EntryPoint\",\"urlTemplate\":\"https:\/\/fashiongold.lt\/lv\/?s={search_term_string}\"},\"query-input\":{\"@type\":\"PropertyValueSpecification\",\"valueRequired\":true,\"valueName\":\"search_term_string\"}}],\"inLanguage\":\"lv-LV\"},{\"@type\":\"Organization\",\"@id\":\"https:\/\/fashiongold.lt\/lv\/#organization\",\"name\":\"Topdiamonds Online\",\"url\":\"https:\/\/fashiongold.lt\/lv\/\",\"logo\":{\"@type\":\"ImageObject\",\"inLanguage\":\"lv-LV\",\"@id\":\"https:\/\/fashiongold.lt\/lv\/#\/schema\/logo\/image\/\",\"url\":\"https:\/\/fashiongold.lt\/wp-content\/uploads\/2025\/04\/cropped-fashion_gold_logotipas2-scaled-1.png\",\"contentUrl\":\"https:\/\/fashiongold.lt\/wp-content\/uploads\/2025\/04\/cropped-fashion_gold_logotipas2-scaled-1.png\",\"width\":2559,\"height\":421,\"caption\":\"Topdiamonds Online\"},\"image\":{\"@id\":\"https:\/\/fashiongold.lt\/lv\/#\/schema\/logo\/image\/\"}}]}<\/script>\n<!-- \/ Yoast SEO plugin. -->","yoast_head_json":{"title":"Gredzens ar dimantiem - Dimantu rinda 1.60 kar\u0101ti","description":"Dimantu st\u012bpi\u0146a \u2013 zelta gredzens ar 1,60 kar\u0101tu dimantiem, kas izvietoti l\u012bdz pusei gredzena. Izcila izv\u0113le tiem, kuri nov\u0113rt\u0113 augstu kvalit\u0101ti.","robots":{"index":"index","follow":"follow","max-snippet":"max-snippet:-1","max-image-preview":"max-image-preview:large","max-video-preview":"max-video-preview:-1"},"canonical":"https:\/\/fashiongold.lt\/lv\/papuosalas\/gredzens-ar-dimantiem-dimantu-stipina-1-60-karati\/","og_locale":"lv_LV","og_type":"article","og_title":"Gredzens ar dimantiem - Dimantu rinda 1.60 kar\u0101ti","og_description":"Dimantu st\u012bpi\u0146a \u2013 zelta gredzens ar 1,60 kar\u0101tu dimantiem, kas izvietoti l\u012bdz pusei gredzena. Izcila izv\u0113le tiem, kuri nov\u0113rt\u0113 augstu kvalit\u0101ti.","og_url":"https:\/\/fashiongold.lt\/lv\/papuosalas\/gredzens-ar-dimantiem-dimantu-stipina-1-60-karati\/","og_site_name":"FashionGold.lt","og_image":[{"width":1000,"height":1000,"url":"https:\/\/fashiongold.lt\/wp-content\/uploads\/2025\/10\/13191-53f-Balto-aukso-Ziedas-su-deimantais-Deimantine-juostele-1.60-karatai.webp","type":"image\/png"}],"twitter_card":"summary_large_image","twitter_misc":{"Est. reading time":"1 minute"},"schema":{"@context":"https:\/\/schema.org","@graph":[{"@type":"WebPage","@id":"https:\/\/fashiongold.lt\/lv\/papuosalas\/gredzens-ar-dimantiem-dimantu-stipina-1-60-karati\/","url":"https:\/\/fashiongold.lt\/lv\/papuosalas\/gredzens-ar-dimantiem-dimantu-stipina-1-60-karati\/","name":"Gredzens ar dimantiem - Dimantu rinda 1.60 kar\u0101ti","isPartOf":{"@id":"https:\/\/fashiongold.lt\/lv\/#website"},"primaryImageOfPage":{"@id":"https:\/\/fashiongold.lt\/lv\/papuosalas\/gredzens-ar-dimantiem-dimantu-stipina-1-60-karati\/#primaryimage"},"image":{"@id":"https:\/\/fashiongold.lt\/lv\/papuosalas\/gredzens-ar-dimantiem-dimantu-stipina-1-60-karati\/#primaryimage"},"thumbnailUrl":"https:\/\/fashiongold.lt\/wp-content\/uploads\/2025\/10\/Ziedas-su-deimantais-\u2013-Deimantine-juostele-1.60-karatai-baltas-auksas-e1777823056727.png","datePublished":"2025-10-15T08:36:38+00:00","description":"Dimantu st\u012bpi\u0146a \u2013 zelta gredzens ar 1,60 kar\u0101tu dimantiem, kas izvietoti l\u012bdz pusei gredzena. Izcila izv\u0113le tiem, kuri nov\u0113rt\u0113 augstu kvalit\u0101ti.","breadcrumb":{"@id":"https:\/\/fashiongold.lt\/lv\/papuosalas\/gredzens-ar-dimantiem-dimantu-stipina-1-60-karati\/#breadcrumb"},"inLanguage":"lv-LV","potentialAction":[{"@type":"ReadAction","target":["https:\/\/fashiongold.lt\/lv\/papuosalas\/gredzens-ar-dimantiem-dimantu-stipina-1-60-karati\/"]}]},{"@type":"ImageObject","inLanguage":"lv-LV","@id":"https:\/\/fashiongold.lt\/lv\/papuosalas\/gredzens-ar-dimantiem-dimantu-stipina-1-60-karati\/#primaryimage","url":"https:\/\/fashiongold.lt\/wp-content\/uploads\/2025\/10\/Ziedas-su-deimantais-\u2013-Deimantine-juostele-1.60-karatai-baltas-auksas-e1777823056727.png","contentUrl":"https:\/\/fashiongold.lt\/wp-content\/uploads\/2025\/10\/Ziedas-su-deimantais-\u2013-Deimantine-juostele-1.60-karatai-baltas-auksas-e1777823056727.png","width":1254,"height":1254,"caption":"\u017diedas su deimantais \u2013 Deimantin\u0117 juostel\u0117 1.60 karatai balto aukso"},{"@type":"BreadcrumbList","@id":"https:\/\/fashiongold.lt\/lv\/papuosalas\/gredzens-ar-dimantiem-dimantu-stipina-1-60-karati\/#breadcrumb","itemListElement":[{"@type":"ListItem","position":1,"name":"Home","item":"https:\/\/fashiongold.lt\/lv\/"},{"@type":"ListItem","position":2,"name":"Dimantu veikals Fashiongold.lt","item":"https:\/\/fashiongold.lt\/shop-2\/"},{"@type":"ListItem","position":3,"name":"Gredzens ar dimantiem \u2013 Dimantu st\u012bpi\u0146a 1.60 kar\u0101ti"}]},{"@type":"WebSite","@id":"https:\/\/fashiongold.lt\/lv\/#website","url":"https:\/\/fashiongold.lt\/lv\/","name":"Fashion Gold","description":"Juvelyrikos namai","publisher":{"@id":"https:\/\/fashiongold.lt\/lv\/#organization"},"potentialAction":[{"@type":"SearchAction","target":{"@type":"EntryPoint","urlTemplate":"https:\/\/fashiongold.lt\/lv\/?s={search_term_string}"},"query-input":{"@type":"PropertyValueSpecification","valueRequired":true,"valueName":"search_term_string"}}],"inLanguage":"lv-LV"},{"@type":"Organization","@id":"https:\/\/fashiongold.lt\/lv\/#organization","name":"Topdiamonds Online","url":"https:\/\/fashiongold.lt\/lv\/","logo":{"@type":"ImageObject","inLanguage":"lv-LV","@id":"https:\/\/fashiongold.lt\/lv\/#\/schema\/logo\/image\/","url":"https:\/\/fashiongold.lt\/wp-content\/uploads\/2025\/04\/cropped-fashion_gold_logotipas2-scaled-1.png","contentUrl":"https:\/\/fashiongold.lt\/wp-content\/uploads\/2025\/04\/cropped-fashion_gold_logotipas2-scaled-1.png","width":2559,"height":421,"caption":"Topdiamonds Online"},"image":{"@id":"https:\/\/fashiongold.lt\/lv\/#\/schema\/logo\/image\/"}}]}},"_links":{"self":[{"href":"https:\/\/fashiongold.lt\/lv\/wp-json\/wp\/v2\/product\/281330","targetHints":{"allow":["GET"]}}],"collection":[{"href":"https:\/\/fashiongold.lt\/lv\/wp-json\/wp\/v2\/product"}],"about":[{"href":"https:\/\/fashiongold.lt\/lv\/wp-json\/wp\/v2\/types\/product"}],"version-history":[{"count":0,"href":"https:\/\/fashiongold.lt\/lv\/wp-json\/wp\/v2\/product\/281330\/revisions"}],"wp:featuredmedia":[{"embeddable":true,"href":"https:\/\/fashiongold.lt\/lv\/wp-json\/wp\/v2\/media\/1140676"}],"wp:attachment":[{"href":"https:\/\/fashiongold.lt\/lv\/wp-json\/wp\/v2\/media?parent=281330"}],"wp:term":[{"taxonomy":"product_brand","embeddable":true,"href":"https:\/\/fashiongold.lt\/lv\/wp-json\/wp\/v2\/product_brand?post=281330"},{"taxonomy":"product_cat","embeddable":true,"href":"https:\/\/fashiongold.lt\/lv\/wp-json\/wp\/v2\/product_cat?post=281330"},{"taxonomy":"product_tag","embeddable":true,"href":"https:\/\/fashiongold.lt\/lv\/wp-json\/wp\/v2\/product_tag?post=281330"}],"curies":[{"name":"wp","href":"https:\/\/api.w.org\/{rel}","templated":true}]}}