{"id":281480,"date":"2025-10-15T06:57:29","date_gmt":"2025-10-15T06:57:29","guid":{"rendered":"https:\/\/fashiongold.lt\/papuosalas\/saderinasanas-gredzens-ar-0-40-karatu-dimantu-dimants\/"},"modified":"2025-10-15T06:57:29","modified_gmt":"2025-10-15T06:57:29","slug":"saderinasanas-gredzens-ar-0-40-karatu-dimantu-dimants","status":"publish","type":"product","link":"https:\/\/fashiongold.lt\/lv\/papuosalas\/saderinasanas-gredzens-ar-0-40-karatu-dimantu-dimants\/","title":{"rendered":"Saderin\u0101\u0161an\u0101s gredzens ar 0.40 kar\u0101tu dimantu \u2013 Dimants"},"content":{"rendered":"<p>Ra\u017eots V\u0101cij\u0101, iev\u0113rojot augst\u0101kos standartus. Gredzenu var izgatavot p\u0113c pas\u016bt\u012bjuma: par papildu maksu ar augst\u0101kas kvalit\u0101tes dimantu vai dimantiem.<\/p>\n<p>\u2022 Gredzena met\u0101ls: 14K (585 prove), varam izgatavot no 10K (375 prove), 18K (750 prove), 950 plat\u012bna\u00a0 \u00a0 \u00a0 \u00a0<\/p>\n<p>\u2022 Gredzena kr\u0101sa: balta, sarkana, dzeltena\u00a0<\/p>\n<p>\u2022 Gredzena svars (atkar\u012bb\u0101 no izm\u0113ra): aptuveni 2,00 &#8211; 3,00 g\u00a0 \u00a0 \u00a0 \u00a0 \u00a0 \u00a0<\/p>\n<p>\u2022 Gredzena izm\u0113ri: kro\u0146a platums aptuveni\u00a0 \u00a0 \u00a0 \u00a0<\/p>\n<p>\u2022 Gredzena komforta zona: ir\u00a0 \u00a0 \u00a0<\/p>\n<p>\u2022 Dimanta tips: Dab\u012bgs dimants<\/p>\n<p>\u2022 Dimanta forma: Apa\u013ca (Round cut)\u00a0 \u00a0 \u00a0 \u00a0<\/p>\n<p>\u2022 Dimanta raksturojums: 0,40 ct centr\u0101lais akmens (kr\u0101sa G, dzidrums SI1) (iesp\u0113jams main\u012bt)\u00a0 \u00a0 \u00a0 \u00a0<\/p>\n<p>\u2022 Sertifik\u0101ts: Lietuvas Prove\u0161anas pal\u0101ta (LPR)\u00a0 \u00a0 \u00a0 \u00a0\u00a0<\/p>\n<p>\u2022 Grav\u0113\u0161ana bez maksas\u00a0 \u00a0<\/p>\n<p>\u2022 Vienreiz\u0113ja bezmaksas gredzena izm\u0113ra mai\u0146as garantija (p\u0113c iesp\u0113jas)\u00a0 \u00a0<\/p>\n<p>\u2022 Izgatavo\u0161anas un pieg\u0101des termi\u0146\u0161 no 14 darba dien\u0101m, steidzam\u012bbas k\u0101rt\u0101 7 d.d. laik\u0101\u00a0 \u00a0<\/p>\n<p><strong>Jums ir savs d\u0101rgakmens? Sazinieties ar mums, m\u0113s p\u0101rr\u0113\u0137in\u0101sim cenu \u2013 maks\u0101siet tikai par gredzenu izgatavo\u0161anu.<\/strong><\/p>\n","protected":false},"excerpt":{"rendered":"<p>Klasisks zelta saderin\u0101\u0161an\u0101s gredzens ar 0.40 kar\u0101tu dimantu. Augst\u0101k\u0101 gredzena kvalit\u0101te no V\u0101cijas. Maksim\u0101ls \u0113rtums ikdienas n\u0113s\u0101\u0161anai. T\u0101 ir izcila izv\u0113le tiem, kuri nov\u0113rt\u0113 augstu kvalit\u0101ti. Ra\u017eots V\u0101cij\u0101 \u2013 p\u0113c augst\u0101kajiem standartiem.<\/p>\n","protected":false},"featured_media":209943,"template":"","meta":{"site-sidebar-layout":"","site-content-layout":"","ast-site-content-layout":"","site-content-style":"","site-sidebar-style":"","ast-global-header-display":"","ast-banner-title-visibility":"","ast-main-header-display":"","ast-hfb-above-header-display":"","ast-hfb-below-header-display":"","ast-hfb-mobile-header-display":"","site-post-title":"","ast-breadcrumbs-content":"","ast-featured-img":"","footer-sml-layout":"","ast-disable-related-posts":"","theme-transparent-header-meta":"","adv-header-id-meta":"","stick-header-meta":"","header-above-stick-meta":"","header-main-stick-meta":"","header-below-stick-meta":"","astra-migrate-meta-layouts":"default","ast-page-background-enabled":"default","ast-page-background-meta":{"desktop":{"background-color":"var(--ast-global-color-4)","background-image":"","background-repeat":"repeat","background-position":"center center","background-size":"auto","background-attachment":"scroll","background-type":"","background-media":"","overlay-type":"","overlay-color":"","overlay-opacity":"","overlay-gradient":""},"tablet":{"background-color":"","background-image":"","background-repeat":"repeat","background-position":"center center","background-size":"auto","background-attachment":"scroll","background-type":"","background-media":"","overlay-type":"","overlay-color":"","overlay-opacity":"","overlay-gradient":""},"mobile":{"background-color":"","background-image":"","background-repeat":"repeat","background-position":"center center","background-size":"auto","background-attachment":"scroll","background-type":"","background-media":"","overlay-type":"","overlay-color":"","overlay-opacity":"","overlay-gradient":""}},"ast-content-background-meta":{"desktop":{"background-color":"var(--ast-global-color-5)","background-image":"","background-repeat":"repeat","background-position":"center center","background-size":"auto","background-attachment":"scroll","background-type":"","background-media":"","overlay-type":"","overlay-color":"","overlay-opacity":"","overlay-gradient":""},"tablet":{"background-color":"var(--ast-global-color-5)","background-image":"","background-repeat":"repeat","background-position":"center center","background-size":"auto","background-attachment":"scroll","background-type":"","background-media":"","overlay-type":"","overlay-color":"","overlay-opacity":"","overlay-gradient":""},"mobile":{"background-color":"var(--ast-global-color-5)","background-image":"","background-repeat":"repeat","background-position":"center center","background-size":"auto","background-attachment":"scroll","background-type":"","background-media":"","overlay-type":"","overlay-color":"","overlay-opacity":"","overlay-gradient":""}}},"product_brand":[],"product_cat":[3441,2915,2921,2914,3446,3439,2936],"product_tag":[],"class_list":{"0":"post-281480","1":"product","2":"type-product","3":"status-publish","4":"has-post-thumbnail","6":"product_cat-balta-zelta-saderinasanas-gredzeni","7":"product_cat-davanas-berna-piedzimsanai","8":"product_cat-davanas-ipasiem-gadijumiem","9":"product_cat-davanas-sievietem","10":"product_cat-klasiskie-saderinasanas-gredzeni","11":"product_cat-saderinasanas-gredzeni","12":"product_cat-valentindienas-davanas","13":"desktop-align-center","14":"tablet-align-left","15":"mobile-align-left","16":"ast-product-gallery-layout-horizontal-slider","17":"ast-product-gallery-with-no-image","18":"ast-product-single-variable","19":"ast-product-tabs-layout-accordion","20":"ast-qv-on-image","22":"first","23":"instock","24":"taxable","25":"shipping-taxable","26":"purchasable","27":"product-type-variable"},"yoast_head":"<!-- This site is optimized with the Yoast SEO plugin v26.6 - https:\/\/yoast.com\/wordpress\/plugins\/seo\/ -->\n<title>Saderin\u0101\u0161an\u0101s gredzens ar 0,40 kar\u0101tu dimantu - Dimants<\/title>\n<meta name=\"description\" content=\"Klasisks zelta saderin\u0101\u0161an\u0101s gredzens ar 0,40 kar\u0101tu dimantu. Izcila izv\u0113le tiem, kuri nov\u0113rt\u0113 augstu kvalit\u0101ti no V\u0101cijas. Izgatavo\u0161ana no 14 d. d.\" \/>\n<meta name=\"robots\" content=\"index, follow, max-snippet:-1, max-image-preview:large, max-video-preview:-1\" \/>\n<link rel=\"canonical\" href=\"https:\/\/fashiongold.lt\/lv\/papuosalas\/saderinasanas-gredzens-ar-0-40-karatu-dimantu-dimants\/\" \/>\n<meta property=\"og:locale\" content=\"lv_LV\" \/>\n<meta property=\"og:type\" content=\"article\" \/>\n<meta property=\"og:title\" content=\"Saderin\u0101\u0161an\u0101s gredzens ar 0,40 kar\u0101tu dimantu - Dimants\" \/>\n<meta property=\"og:description\" content=\"Klasisks zelta saderin\u0101\u0161an\u0101s gredzens ar 0,40 kar\u0101tu dimantu. Izcila izv\u0113le tiem, kuri nov\u0113rt\u0113 augstu kvalit\u0101ti no V\u0101cijas. Izgatavo\u0161ana no 14 d. d.\" \/>\n<meta property=\"og:url\" content=\"https:\/\/fashiongold.lt\/lv\/papuosalas\/saderinasanas-gredzens-ar-0-40-karatu-dimantu-dimants\/\" \/>\n<meta property=\"og:site_name\" content=\"FashionGold.lt\" \/>\n<meta property=\"og:image\" content=\"https:\/\/fashiongold.lt\/wp-content\/uploads\/2025\/10\/12546-066-Suzadetuviu-ziedas-su-0.40-karato-deimantu-Deimantas.webp\" \/>\n\t<meta property=\"og:image:width\" content=\"1000\" \/>\n\t<meta property=\"og:image:height\" content=\"1000\" \/>\n\t<meta property=\"og:image:type\" content=\"image\/png\" \/>\n<meta name=\"twitter:card\" content=\"summary_large_image\" \/>\n<meta name=\"twitter:label1\" content=\"Est. reading time\" \/>\n\t<meta name=\"twitter:data1\" content=\"1 minute\" \/>\n<script type=\"application\/ld+json\" class=\"yoast-schema-graph\">{\"@context\":\"https:\/\/schema.org\",\"@graph\":[{\"@type\":\"WebPage\",\"@id\":\"https:\/\/fashiongold.lt\/lv\/papuosalas\/saderinasanas-gredzens-ar-0-40-karatu-dimantu-dimants\/\",\"url\":\"https:\/\/fashiongold.lt\/lv\/papuosalas\/saderinasanas-gredzens-ar-0-40-karatu-dimantu-dimants\/\",\"name\":\"Saderin\u0101\u0161an\u0101s gredzens ar 0,40 kar\u0101tu dimantu - Dimants\",\"isPartOf\":{\"@id\":\"https:\/\/fashiongold.lt\/lv\/#website\"},\"primaryImageOfPage\":{\"@id\":\"https:\/\/fashiongold.lt\/lv\/papuosalas\/saderinasanas-gredzens-ar-0-40-karatu-dimantu-dimants\/#primaryimage\"},\"image\":{\"@id\":\"https:\/\/fashiongold.lt\/lv\/papuosalas\/saderinasanas-gredzens-ar-0-40-karatu-dimantu-dimants\/#primaryimage\"},\"thumbnailUrl\":\"https:\/\/fashiongold.lt\/wp-content\/uploads\/2025\/10\/12546-066-Suzadetuviu-ziedas-su-0.40-karato-deimantu-Deimantas.png\",\"datePublished\":\"2025-10-15T06:57:29+00:00\",\"description\":\"Klasisks zelta saderin\u0101\u0161an\u0101s gredzens ar 0,40 kar\u0101tu dimantu. Izcila izv\u0113le tiem, kuri nov\u0113rt\u0113 augstu kvalit\u0101ti no V\u0101cijas. Izgatavo\u0161ana no 14 d. d.\",\"breadcrumb\":{\"@id\":\"https:\/\/fashiongold.lt\/lv\/papuosalas\/saderinasanas-gredzens-ar-0-40-karatu-dimantu-dimants\/#breadcrumb\"},\"inLanguage\":\"lv-LV\",\"potentialAction\":[{\"@type\":\"ReadAction\",\"target\":[\"https:\/\/fashiongold.lt\/lv\/papuosalas\/saderinasanas-gredzens-ar-0-40-karatu-dimantu-dimants\/\"]}]},{\"@type\":\"ImageObject\",\"inLanguage\":\"lv-LV\",\"@id\":\"https:\/\/fashiongold.lt\/lv\/papuosalas\/saderinasanas-gredzens-ar-0-40-karatu-dimantu-dimants\/#primaryimage\",\"url\":\"https:\/\/fashiongold.lt\/wp-content\/uploads\/2025\/10\/12546-066-Suzadetuviu-ziedas-su-0.40-karato-deimantu-Deimantas.png\",\"contentUrl\":\"https:\/\/fashiongold.lt\/wp-content\/uploads\/2025\/10\/12546-066-Suzadetuviu-ziedas-su-0.40-karato-deimantu-Deimantas.png\",\"width\":1000,\"height\":1000},{\"@type\":\"BreadcrumbList\",\"@id\":\"https:\/\/fashiongold.lt\/lv\/papuosalas\/saderinasanas-gredzens-ar-0-40-karatu-dimantu-dimants\/#breadcrumb\",\"itemListElement\":[{\"@type\":\"ListItem\",\"position\":1,\"name\":\"Home\",\"item\":\"https:\/\/fashiongold.lt\/lv\/\"},{\"@type\":\"ListItem\",\"position\":2,\"name\":\"Dimantu veikals Fashiongold.lt\",\"item\":\"https:\/\/fashiongold.lt\/shop-2\/\"},{\"@type\":\"ListItem\",\"position\":3,\"name\":\"Saderin\u0101\u0161an\u0101s gredzens ar 0.40 kar\u0101tu dimantu \u2013 Dimants\"}]},{\"@type\":\"WebSite\",\"@id\":\"https:\/\/fashiongold.lt\/lv\/#website\",\"url\":\"https:\/\/fashiongold.lt\/lv\/\",\"name\":\"Fashion Gold\",\"description\":\"Juvelyrikos namai\",\"publisher\":{\"@id\":\"https:\/\/fashiongold.lt\/lv\/#organization\"},\"potentialAction\":[{\"@type\":\"SearchAction\",\"target\":{\"@type\":\"EntryPoint\",\"urlTemplate\":\"https:\/\/fashiongold.lt\/lv\/?s={search_term_string}\"},\"query-input\":{\"@type\":\"PropertyValueSpecification\",\"valueRequired\":true,\"valueName\":\"search_term_string\"}}],\"inLanguage\":\"lv-LV\"},{\"@type\":\"Organization\",\"@id\":\"https:\/\/fashiongold.lt\/lv\/#organization\",\"name\":\"Topdiamonds Online\",\"url\":\"https:\/\/fashiongold.lt\/lv\/\",\"logo\":{\"@type\":\"ImageObject\",\"inLanguage\":\"lv-LV\",\"@id\":\"https:\/\/fashiongold.lt\/lv\/#\/schema\/logo\/image\/\",\"url\":\"https:\/\/fashiongold.lt\/wp-content\/uploads\/2025\/04\/cropped-fashion_gold_logotipas2-scaled-1.png\",\"contentUrl\":\"https:\/\/fashiongold.lt\/wp-content\/uploads\/2025\/04\/cropped-fashion_gold_logotipas2-scaled-1.png\",\"width\":2559,\"height\":421,\"caption\":\"Topdiamonds Online\"},\"image\":{\"@id\":\"https:\/\/fashiongold.lt\/lv\/#\/schema\/logo\/image\/\"}}]}<\/script>\n<!-- \/ Yoast SEO plugin. -->","yoast_head_json":{"title":"Saderin\u0101\u0161an\u0101s gredzens ar 0,40 kar\u0101tu dimantu - Dimants","description":"Klasisks zelta saderin\u0101\u0161an\u0101s gredzens ar 0,40 kar\u0101tu dimantu. Izcila izv\u0113le tiem, kuri nov\u0113rt\u0113 augstu kvalit\u0101ti no V\u0101cijas. Izgatavo\u0161ana no 14 d. d.","robots":{"index":"index","follow":"follow","max-snippet":"max-snippet:-1","max-image-preview":"max-image-preview:large","max-video-preview":"max-video-preview:-1"},"canonical":"https:\/\/fashiongold.lt\/lv\/papuosalas\/saderinasanas-gredzens-ar-0-40-karatu-dimantu-dimants\/","og_locale":"lv_LV","og_type":"article","og_title":"Saderin\u0101\u0161an\u0101s gredzens ar 0,40 kar\u0101tu dimantu - Dimants","og_description":"Klasisks zelta saderin\u0101\u0161an\u0101s gredzens ar 0,40 kar\u0101tu dimantu. Izcila izv\u0113le tiem, kuri nov\u0113rt\u0113 augstu kvalit\u0101ti no V\u0101cijas. Izgatavo\u0161ana no 14 d. d.","og_url":"https:\/\/fashiongold.lt\/lv\/papuosalas\/saderinasanas-gredzens-ar-0-40-karatu-dimantu-dimants\/","og_site_name":"FashionGold.lt","og_image":[{"width":1000,"height":1000,"url":"https:\/\/fashiongold.lt\/wp-content\/uploads\/2025\/10\/12546-066-Suzadetuviu-ziedas-su-0.40-karato-deimantu-Deimantas.webp","type":"image\/png"}],"twitter_card":"summary_large_image","twitter_misc":{"Est. reading time":"1 minute"},"schema":{"@context":"https:\/\/schema.org","@graph":[{"@type":"WebPage","@id":"https:\/\/fashiongold.lt\/lv\/papuosalas\/saderinasanas-gredzens-ar-0-40-karatu-dimantu-dimants\/","url":"https:\/\/fashiongold.lt\/lv\/papuosalas\/saderinasanas-gredzens-ar-0-40-karatu-dimantu-dimants\/","name":"Saderin\u0101\u0161an\u0101s gredzens ar 0,40 kar\u0101tu dimantu - Dimants","isPartOf":{"@id":"https:\/\/fashiongold.lt\/lv\/#website"},"primaryImageOfPage":{"@id":"https:\/\/fashiongold.lt\/lv\/papuosalas\/saderinasanas-gredzens-ar-0-40-karatu-dimantu-dimants\/#primaryimage"},"image":{"@id":"https:\/\/fashiongold.lt\/lv\/papuosalas\/saderinasanas-gredzens-ar-0-40-karatu-dimantu-dimants\/#primaryimage"},"thumbnailUrl":"https:\/\/fashiongold.lt\/wp-content\/uploads\/2025\/10\/12546-066-Suzadetuviu-ziedas-su-0.40-karato-deimantu-Deimantas.png","datePublished":"2025-10-15T06:57:29+00:00","description":"Klasisks zelta saderin\u0101\u0161an\u0101s gredzens ar 0,40 kar\u0101tu dimantu. Izcila izv\u0113le tiem, kuri nov\u0113rt\u0113 augstu kvalit\u0101ti no V\u0101cijas. Izgatavo\u0161ana no 14 d. d.","breadcrumb":{"@id":"https:\/\/fashiongold.lt\/lv\/papuosalas\/saderinasanas-gredzens-ar-0-40-karatu-dimantu-dimants\/#breadcrumb"},"inLanguage":"lv-LV","potentialAction":[{"@type":"ReadAction","target":["https:\/\/fashiongold.lt\/lv\/papuosalas\/saderinasanas-gredzens-ar-0-40-karatu-dimantu-dimants\/"]}]},{"@type":"ImageObject","inLanguage":"lv-LV","@id":"https:\/\/fashiongold.lt\/lv\/papuosalas\/saderinasanas-gredzens-ar-0-40-karatu-dimantu-dimants\/#primaryimage","url":"https:\/\/fashiongold.lt\/wp-content\/uploads\/2025\/10\/12546-066-Suzadetuviu-ziedas-su-0.40-karato-deimantu-Deimantas.png","contentUrl":"https:\/\/fashiongold.lt\/wp-content\/uploads\/2025\/10\/12546-066-Suzadetuviu-ziedas-su-0.40-karato-deimantu-Deimantas.png","width":1000,"height":1000},{"@type":"BreadcrumbList","@id":"https:\/\/fashiongold.lt\/lv\/papuosalas\/saderinasanas-gredzens-ar-0-40-karatu-dimantu-dimants\/#breadcrumb","itemListElement":[{"@type":"ListItem","position":1,"name":"Home","item":"https:\/\/fashiongold.lt\/lv\/"},{"@type":"ListItem","position":2,"name":"Dimantu veikals Fashiongold.lt","item":"https:\/\/fashiongold.lt\/shop-2\/"},{"@type":"ListItem","position":3,"name":"Saderin\u0101\u0161an\u0101s gredzens ar 0.40 kar\u0101tu dimantu \u2013 Dimants"}]},{"@type":"WebSite","@id":"https:\/\/fashiongold.lt\/lv\/#website","url":"https:\/\/fashiongold.lt\/lv\/","name":"Fashion Gold","description":"Juvelyrikos namai","publisher":{"@id":"https:\/\/fashiongold.lt\/lv\/#organization"},"potentialAction":[{"@type":"SearchAction","target":{"@type":"EntryPoint","urlTemplate":"https:\/\/fashiongold.lt\/lv\/?s={search_term_string}"},"query-input":{"@type":"PropertyValueSpecification","valueRequired":true,"valueName":"search_term_string"}}],"inLanguage":"lv-LV"},{"@type":"Organization","@id":"https:\/\/fashiongold.lt\/lv\/#organization","name":"Topdiamonds Online","url":"https:\/\/fashiongold.lt\/lv\/","logo":{"@type":"ImageObject","inLanguage":"lv-LV","@id":"https:\/\/fashiongold.lt\/lv\/#\/schema\/logo\/image\/","url":"https:\/\/fashiongold.lt\/wp-content\/uploads\/2025\/04\/cropped-fashion_gold_logotipas2-scaled-1.png","contentUrl":"https:\/\/fashiongold.lt\/wp-content\/uploads\/2025\/04\/cropped-fashion_gold_logotipas2-scaled-1.png","width":2559,"height":421,"caption":"Topdiamonds Online"},"image":{"@id":"https:\/\/fashiongold.lt\/lv\/#\/schema\/logo\/image\/"}}]}},"_links":{"self":[{"href":"https:\/\/fashiongold.lt\/lv\/wp-json\/wp\/v2\/product\/281480","targetHints":{"allow":["GET"]}}],"collection":[{"href":"https:\/\/fashiongold.lt\/lv\/wp-json\/wp\/v2\/product"}],"about":[{"href":"https:\/\/fashiongold.lt\/lv\/wp-json\/wp\/v2\/types\/product"}],"version-history":[{"count":0,"href":"https:\/\/fashiongold.lt\/lv\/wp-json\/wp\/v2\/product\/281480\/revisions"}],"wp:featuredmedia":[{"embeddable":true,"href":"https:\/\/fashiongold.lt\/lv\/wp-json\/wp\/v2\/media\/209943"}],"wp:attachment":[{"href":"https:\/\/fashiongold.lt\/lv\/wp-json\/wp\/v2\/media?parent=281480"}],"wp:term":[{"taxonomy":"product_brand","embeddable":true,"href":"https:\/\/fashiongold.lt\/lv\/wp-json\/wp\/v2\/product_brand?post=281480"},{"taxonomy":"product_cat","embeddable":true,"href":"https:\/\/fashiongold.lt\/lv\/wp-json\/wp\/v2\/product_cat?post=281480"},{"taxonomy":"product_tag","embeddable":true,"href":"https:\/\/fashiongold.lt\/lv\/wp-json\/wp\/v2\/product_tag?post=281480"}],"curies":[{"name":"wp","href":"https:\/\/api.w.org\/{rel}","templated":true}]}}