{"id":281580,"date":"2025-10-15T06:03:03","date_gmt":"2025-10-15T06:03:03","guid":{"rendered":"https:\/\/fashiongold.lt\/papuosalas\/saderinasanas-gredzens-no-platina-ar-030-karatu-dimantu-klasika\/"},"modified":"2026-02-13T14:10:58","modified_gmt":"2026-02-13T14:10:58","slug":"saderinasanas-gredzens-no-platina-ar-030-karatu-dimantu-klasika","status":"publish","type":"product","link":"https:\/\/fashiongold.lt\/lv\/papuosalas\/saderinasanas-gredzens-no-platina-ar-030-karatu-dimantu-klasika\/","title":{"rendered":"Saderin\u0101\u0161an\u0101s gredzens no plat\u012bna ar 0,30 kar\u0101tu dimantu \u2013 Klasika"},"content":{"rendered":"<p>Ra\u017eots V\u0101cij\u0101. Lietuv\u0101 izgatavot kvalitat\u012bvu plat\u012bna gredzenu ir sare\u017e\u0123\u012bti, jo tam nepiecie\u0161ams augstv\u0113rt\u012bgs izejmateri\u0101ls, speci\u0101li instrumenti, augsta temperat\u016bra un pieredze. T\u0101p\u0113c m\u0113s iesak\u0101m izv\u0113l\u0113ties V\u0101cij\u0101 ra\u017eotus saderin\u0101\u0161an\u0101s gredzenus, kas izgatavoti p\u0113c augst\u0101kajiem standartiem.<\/p>\n<p>Gredzenu var izgatavot p\u0113c pas\u016bt\u012bjuma: par papildu samaksu ar augst\u0101kas kvalit\u0101tes dimantu vai dimantiem.<\/p>\n<p>\u2022 Gredzena met\u0101ls: 950 plat\u012bns, varam izgatavot no 10K (375 proves), 14K (585 proves), 18K (750 proves)\u00a0 \u00a0 \u00a0 \u00a0 \u00a0<\/p>\n<p>\u2022 Gredzena kr\u0101sa: balta<\/p>\n<p>\u2022 Gredzena svars (atkar\u012bgs no izm\u0113ra): aptuveni 3,50 &#8211; 4,50 g\u00a0 \u00a0 \u00a0 \u00a0 \u00a0 \u00a0<\/p>\n<p>\u2022 Gredzena izm\u0113ri: kro\u0146a platums aptuveni\u00a0 \u00a0 \u00a0 \u00a0<\/p>\n<p>\u2022 Gredzena komforta zona: ir\u00a0 \u00a0 \u00a0<\/p>\n<p>\u2022 Dimanta veids: Dab\u012bgs dimants<\/p>\n<p>\u2022 Dimanta forma: Apa\u013ca forma (Round cut)\u00a0 \u00a0 \u00a0 \u00a0<\/p>\n<p>\u2022 Dimanta raksturojums: 0,30 ct centr\u0101lais akmens (kr\u0101sa G, dzidrums SI1) (iesp\u0113jams main\u012bt)\u00a0 \u00a0 \u00a0 \u00a0<\/p>\n<p>\u2022 Sertifik\u0101ts: Lietuvas Prove\u0161anas pal\u0101ta (LPR)\u00a0 \u00a0 \u00a0 \u00a0\u00a0<\/p>\n<p>\u2022 Grav\u0113\u0161ana bez maksas\u00a0 \u00a0<\/p>\n<p>\u2022 Vienreiz\u0113ja bezmaksas gredzena izm\u0113ra mai\u0146as garantija (p\u0113c iesp\u0113jas)\u00a0 \u00a0<\/p>\n<p>\u2022 Izgatavo\u0161anas un pieg\u0101des termi\u0146\u0161 no 21 darba dienas, steidzam\u012bbas k\u0101rt\u0101 7 d.d. laik\u0101.\u00a0 \u00a0<\/p>\n<p><strong>Jums ir savs d\u0101rgakmens? Sazinieties ar mums, m\u0113s p\u0101rr\u0113\u0137in\u0101sim cenu \u2013 j\u016bs maks\u0101siet tikai par gredzena izgatavo\u0161anu.<\/strong><\/p>\n","protected":false},"excerpt":{"rendered":"<p>Klasisks roku darba saderin\u0101\u0161an\u0101s gredzens no plat\u012bna. Augst\u0101k\u0101 gredzena kvalit\u0101te no V\u0101cijas. Maksim\u0101ls \u0113rtums ikdienas n\u0113s\u0101\u0161anai. T\u0101 ir ekskluz\u012bva izv\u0113le tiem, kuri nov\u0113rt\u0113 augstu kvalit\u0101ti. Izgatavots V\u0101cij\u0101 &#8211; p\u0113c augst\u0101kajiem standartiem.<\/p>\n","protected":false},"featured_media":208318,"template":"","meta":{"site-sidebar-layout":"","site-content-layout":"","ast-site-content-layout":"","site-content-style":"","site-sidebar-style":"","ast-global-header-display":"","ast-banner-title-visibility":"","ast-main-header-display":"","ast-hfb-above-header-display":"","ast-hfb-below-header-display":"","ast-hfb-mobile-header-display":"","site-post-title":"","ast-breadcrumbs-content":"","ast-featured-img":"","footer-sml-layout":"","ast-disable-related-posts":"","theme-transparent-header-meta":"","adv-header-id-meta":"","stick-header-meta":"","header-above-stick-meta":"","header-main-stick-meta":"","header-below-stick-meta":"","astra-migrate-meta-layouts":"default","ast-page-background-enabled":"default","ast-page-background-meta":{"desktop":{"background-color":"var(--ast-global-color-4)","background-image":"","background-repeat":"repeat","background-position":"center center","background-size":"auto","background-attachment":"scroll","background-type":"","background-media":"","overlay-type":"","overlay-color":"","overlay-opacity":"","overlay-gradient":""},"tablet":{"background-color":"","background-image":"","background-repeat":"repeat","background-position":"center center","background-size":"auto","background-attachment":"scroll","background-type":"","background-media":"","overlay-type":"","overlay-color":"","overlay-opacity":"","overlay-gradient":""},"mobile":{"background-color":"","background-image":"","background-repeat":"repeat","background-position":"center center","background-size":"auto","background-attachment":"scroll","background-type":"","background-media":"","overlay-type":"","overlay-color":"","overlay-opacity":"","overlay-gradient":""}},"ast-content-background-meta":{"desktop":{"background-color":"var(--ast-global-color-5)","background-image":"","background-repeat":"repeat","background-position":"center center","background-size":"auto","background-attachment":"scroll","background-type":"","background-media":"","overlay-type":"","overlay-color":"","overlay-opacity":"","overlay-gradient":""},"tablet":{"background-color":"var(--ast-global-color-5)","background-image":"","background-repeat":"repeat","background-position":"center center","background-size":"auto","background-attachment":"scroll","background-type":"","background-media":"","overlay-type":"","overlay-color":"","overlay-opacity":"","overlay-gradient":""},"mobile":{"background-color":"var(--ast-global-color-5)","background-image":"","background-repeat":"repeat","background-position":"center center","background-size":"auto","background-attachment":"scroll","background-type":"","background-media":"","overlay-type":"","overlay-color":"","overlay-opacity":"","overlay-gradient":""}}},"product_brand":[],"product_cat":[2921,2914,3446,3439,3778,2936],"product_tag":[],"class_list":{"0":"post-281580","1":"product","2":"type-product","3":"status-publish","4":"has-post-thumbnail","6":"product_cat-davanas-ipasiem-gadijumiem","7":"product_cat-davanas-sievietem","8":"product_cat-klasiskie-saderinasanas-gredzeni","9":"product_cat-saderinasanas-gredzeni","10":"product_cat-saderinasanas-gredzeni-no-platina","11":"product_cat-valentindienas-davanas","12":"desktop-align-center","13":"tablet-align-left","14":"mobile-align-left","15":"ast-product-gallery-layout-horizontal-slider","16":"ast-product-gallery-with-no-image","17":"ast-product-single-variable","18":"ast-product-tabs-layout-accordion","19":"ast-qv-on-image","21":"first","22":"instock","23":"taxable","24":"shipping-taxable","25":"purchasable","26":"product-type-variable"},"yoast_head":"<!-- This site is optimized with the Yoast SEO plugin v26.6 - https:\/\/yoast.com\/wordpress\/plugins\/seo\/ -->\n<title>Saderin\u0101\u0161an\u0101s gredzens no plat\u012bna ar 0,30 kar\u0101tu dimantu - Klasika<\/title>\n<meta name=\"description\" content=\"Klasisks saderin\u0101\u0161an\u0101s gredzens no plat\u012bna ar 0,30 kar\u0101tu dimantu. Augsta gredzena kvalit\u0101te no V\u0101cijas. Izcila izv\u0113le tiem, kuri nov\u0113rt\u0113 augstu kvalit\u0101ti.\" \/>\n<meta name=\"robots\" content=\"index, follow, max-snippet:-1, max-image-preview:large, max-video-preview:-1\" \/>\n<link rel=\"canonical\" href=\"https:\/\/fashiongold.lt\/lv\/papuosalas\/saderinasanas-gredzens-no-platina-ar-030-karatu-dimantu-klasika\/\" \/>\n<meta property=\"og:locale\" content=\"lv_LV\" \/>\n<meta property=\"og:type\" content=\"article\" \/>\n<meta property=\"og:title\" content=\"Saderin\u0101\u0161an\u0101s gredzens no plat\u012bna ar 0,30 kar\u0101tu dimantu - Klasika\" \/>\n<meta property=\"og:description\" content=\"Klasisks saderin\u0101\u0161an\u0101s gredzens no plat\u012bna ar 0,30 kar\u0101tu dimantu. Augsta gredzena kvalit\u0101te no V\u0101cijas. Izcila izv\u0113le tiem, kuri nov\u0113rt\u0113 augstu kvalit\u0101ti.\" \/>\n<meta property=\"og:url\" content=\"https:\/\/fashiongold.lt\/lv\/papuosalas\/saderinasanas-gredzens-no-platina-ar-030-karatu-dimantu-klasika\/\" \/>\n<meta property=\"og:site_name\" content=\"FashionGold.lt\" \/>\n<meta property=\"article:modified_time\" content=\"2026-02-13T14:10:58+00:00\" \/>\n<meta property=\"og:image\" content=\"https:\/\/fashiongold.lt\/wp-content\/uploads\/2025\/10\/12115-ebf-Suzadetuviu-ziedas-is-platinos-su-030-karato-deimantu-Klasika.webp\" \/>\n\t<meta property=\"og:image:width\" content=\"1000\" \/>\n\t<meta property=\"og:image:height\" content=\"1000\" \/>\n\t<meta property=\"og:image:type\" content=\"image\/png\" \/>\n<meta name=\"twitter:card\" content=\"summary_large_image\" \/>\n<meta name=\"twitter:label1\" content=\"Est. reading time\" \/>\n\t<meta name=\"twitter:data1\" content=\"1 minute\" \/>\n<script type=\"application\/ld+json\" class=\"yoast-schema-graph\">{\"@context\":\"https:\/\/schema.org\",\"@graph\":[{\"@type\":\"WebPage\",\"@id\":\"https:\/\/fashiongold.lt\/lv\/papuosalas\/saderinasanas-gredzens-no-platina-ar-030-karatu-dimantu-klasika\/\",\"url\":\"https:\/\/fashiongold.lt\/lv\/papuosalas\/saderinasanas-gredzens-no-platina-ar-030-karatu-dimantu-klasika\/\",\"name\":\"Saderin\u0101\u0161an\u0101s gredzens no plat\u012bna ar 0,30 kar\u0101tu dimantu - Klasika\",\"isPartOf\":{\"@id\":\"https:\/\/fashiongold.lt\/lv\/#website\"},\"primaryImageOfPage\":{\"@id\":\"https:\/\/fashiongold.lt\/lv\/papuosalas\/saderinasanas-gredzens-no-platina-ar-030-karatu-dimantu-klasika\/#primaryimage\"},\"image\":{\"@id\":\"https:\/\/fashiongold.lt\/lv\/papuosalas\/saderinasanas-gredzens-no-platina-ar-030-karatu-dimantu-klasika\/#primaryimage\"},\"thumbnailUrl\":\"https:\/\/fashiongold.lt\/wp-content\/uploads\/2025\/10\/12115-ebf-Suzadetuviu-ziedas-is-platinos-su-030-karato-deimantu-Klasika.png\",\"datePublished\":\"2025-10-15T06:03:03+00:00\",\"dateModified\":\"2026-02-13T14:10:58+00:00\",\"description\":\"Klasisks saderin\u0101\u0161an\u0101s gredzens no plat\u012bna ar 0,30 kar\u0101tu dimantu. Augsta gredzena kvalit\u0101te no V\u0101cijas. Izcila izv\u0113le tiem, kuri nov\u0113rt\u0113 augstu kvalit\u0101ti.\",\"breadcrumb\":{\"@id\":\"https:\/\/fashiongold.lt\/lv\/papuosalas\/saderinasanas-gredzens-no-platina-ar-030-karatu-dimantu-klasika\/#breadcrumb\"},\"inLanguage\":\"lv-LV\",\"potentialAction\":[{\"@type\":\"ReadAction\",\"target\":[\"https:\/\/fashiongold.lt\/lv\/papuosalas\/saderinasanas-gredzens-no-platina-ar-030-karatu-dimantu-klasika\/\"]}]},{\"@type\":\"ImageObject\",\"inLanguage\":\"lv-LV\",\"@id\":\"https:\/\/fashiongold.lt\/lv\/papuosalas\/saderinasanas-gredzens-no-platina-ar-030-karatu-dimantu-klasika\/#primaryimage\",\"url\":\"https:\/\/fashiongold.lt\/wp-content\/uploads\/2025\/10\/12115-ebf-Suzadetuviu-ziedas-is-platinos-su-030-karato-deimantu-Klasika.png\",\"contentUrl\":\"https:\/\/fashiongold.lt\/wp-content\/uploads\/2025\/10\/12115-ebf-Suzadetuviu-ziedas-is-platinos-su-030-karato-deimantu-Klasika.png\",\"width\":1000,\"height\":1000},{\"@type\":\"BreadcrumbList\",\"@id\":\"https:\/\/fashiongold.lt\/lv\/papuosalas\/saderinasanas-gredzens-no-platina-ar-030-karatu-dimantu-klasika\/#breadcrumb\",\"itemListElement\":[{\"@type\":\"ListItem\",\"position\":1,\"name\":\"Home\",\"item\":\"https:\/\/fashiongold.lt\/lv\/\"},{\"@type\":\"ListItem\",\"position\":2,\"name\":\"Dimantu veikals Fashiongold.lt\",\"item\":\"https:\/\/fashiongold.lt\/shop-2\/\"},{\"@type\":\"ListItem\",\"position\":3,\"name\":\"Saderin\u0101\u0161an\u0101s gredzens no plat\u012bna ar 0,30 kar\u0101tu dimantu \u2013 Klasika\"}]},{\"@type\":\"WebSite\",\"@id\":\"https:\/\/fashiongold.lt\/lv\/#website\",\"url\":\"https:\/\/fashiongold.lt\/lv\/\",\"name\":\"Fashion Gold\",\"description\":\"Juvelyrikos namai\",\"publisher\":{\"@id\":\"https:\/\/fashiongold.lt\/lv\/#organization\"},\"potentialAction\":[{\"@type\":\"SearchAction\",\"target\":{\"@type\":\"EntryPoint\",\"urlTemplate\":\"https:\/\/fashiongold.lt\/lv\/?s={search_term_string}\"},\"query-input\":{\"@type\":\"PropertyValueSpecification\",\"valueRequired\":true,\"valueName\":\"search_term_string\"}}],\"inLanguage\":\"lv-LV\"},{\"@type\":\"Organization\",\"@id\":\"https:\/\/fashiongold.lt\/lv\/#organization\",\"name\":\"Topdiamonds Online\",\"url\":\"https:\/\/fashiongold.lt\/lv\/\",\"logo\":{\"@type\":\"ImageObject\",\"inLanguage\":\"lv-LV\",\"@id\":\"https:\/\/fashiongold.lt\/lv\/#\/schema\/logo\/image\/\",\"url\":\"https:\/\/fashiongold.lt\/wp-content\/uploads\/2025\/04\/cropped-fashion_gold_logotipas2-scaled-1.png\",\"contentUrl\":\"https:\/\/fashiongold.lt\/wp-content\/uploads\/2025\/04\/cropped-fashion_gold_logotipas2-scaled-1.png\",\"width\":2559,\"height\":421,\"caption\":\"Topdiamonds Online\"},\"image\":{\"@id\":\"https:\/\/fashiongold.lt\/lv\/#\/schema\/logo\/image\/\"}}]}<\/script>\n<!-- \/ Yoast SEO plugin. -->","yoast_head_json":{"title":"Saderin\u0101\u0161an\u0101s gredzens no plat\u012bna ar 0,30 kar\u0101tu dimantu - Klasika","description":"Klasisks saderin\u0101\u0161an\u0101s gredzens no plat\u012bna ar 0,30 kar\u0101tu dimantu. Augsta gredzena kvalit\u0101te no V\u0101cijas. Izcila izv\u0113le tiem, kuri nov\u0113rt\u0113 augstu kvalit\u0101ti.","robots":{"index":"index","follow":"follow","max-snippet":"max-snippet:-1","max-image-preview":"max-image-preview:large","max-video-preview":"max-video-preview:-1"},"canonical":"https:\/\/fashiongold.lt\/lv\/papuosalas\/saderinasanas-gredzens-no-platina-ar-030-karatu-dimantu-klasika\/","og_locale":"lv_LV","og_type":"article","og_title":"Saderin\u0101\u0161an\u0101s gredzens no plat\u012bna ar 0,30 kar\u0101tu dimantu - Klasika","og_description":"Klasisks saderin\u0101\u0161an\u0101s gredzens no plat\u012bna ar 0,30 kar\u0101tu dimantu. Augsta gredzena kvalit\u0101te no V\u0101cijas. Izcila izv\u0113le tiem, kuri nov\u0113rt\u0113 augstu kvalit\u0101ti.","og_url":"https:\/\/fashiongold.lt\/lv\/papuosalas\/saderinasanas-gredzens-no-platina-ar-030-karatu-dimantu-klasika\/","og_site_name":"FashionGold.lt","article_modified_time":"2026-02-13T14:10:58+00:00","og_image":[{"width":1000,"height":1000,"url":"https:\/\/fashiongold.lt\/wp-content\/uploads\/2025\/10\/12115-ebf-Suzadetuviu-ziedas-is-platinos-su-030-karato-deimantu-Klasika.webp","type":"image\/png"}],"twitter_card":"summary_large_image","twitter_misc":{"Est. reading time":"1 minute"},"schema":{"@context":"https:\/\/schema.org","@graph":[{"@type":"WebPage","@id":"https:\/\/fashiongold.lt\/lv\/papuosalas\/saderinasanas-gredzens-no-platina-ar-030-karatu-dimantu-klasika\/","url":"https:\/\/fashiongold.lt\/lv\/papuosalas\/saderinasanas-gredzens-no-platina-ar-030-karatu-dimantu-klasika\/","name":"Saderin\u0101\u0161an\u0101s gredzens no plat\u012bna ar 0,30 kar\u0101tu dimantu - Klasika","isPartOf":{"@id":"https:\/\/fashiongold.lt\/lv\/#website"},"primaryImageOfPage":{"@id":"https:\/\/fashiongold.lt\/lv\/papuosalas\/saderinasanas-gredzens-no-platina-ar-030-karatu-dimantu-klasika\/#primaryimage"},"image":{"@id":"https:\/\/fashiongold.lt\/lv\/papuosalas\/saderinasanas-gredzens-no-platina-ar-030-karatu-dimantu-klasika\/#primaryimage"},"thumbnailUrl":"https:\/\/fashiongold.lt\/wp-content\/uploads\/2025\/10\/12115-ebf-Suzadetuviu-ziedas-is-platinos-su-030-karato-deimantu-Klasika.png","datePublished":"2025-10-15T06:03:03+00:00","dateModified":"2026-02-13T14:10:58+00:00","description":"Klasisks saderin\u0101\u0161an\u0101s gredzens no plat\u012bna ar 0,30 kar\u0101tu dimantu. Augsta gredzena kvalit\u0101te no V\u0101cijas. Izcila izv\u0113le tiem, kuri nov\u0113rt\u0113 augstu kvalit\u0101ti.","breadcrumb":{"@id":"https:\/\/fashiongold.lt\/lv\/papuosalas\/saderinasanas-gredzens-no-platina-ar-030-karatu-dimantu-klasika\/#breadcrumb"},"inLanguage":"lv-LV","potentialAction":[{"@type":"ReadAction","target":["https:\/\/fashiongold.lt\/lv\/papuosalas\/saderinasanas-gredzens-no-platina-ar-030-karatu-dimantu-klasika\/"]}]},{"@type":"ImageObject","inLanguage":"lv-LV","@id":"https:\/\/fashiongold.lt\/lv\/papuosalas\/saderinasanas-gredzens-no-platina-ar-030-karatu-dimantu-klasika\/#primaryimage","url":"https:\/\/fashiongold.lt\/wp-content\/uploads\/2025\/10\/12115-ebf-Suzadetuviu-ziedas-is-platinos-su-030-karato-deimantu-Klasika.png","contentUrl":"https:\/\/fashiongold.lt\/wp-content\/uploads\/2025\/10\/12115-ebf-Suzadetuviu-ziedas-is-platinos-su-030-karato-deimantu-Klasika.png","width":1000,"height":1000},{"@type":"BreadcrumbList","@id":"https:\/\/fashiongold.lt\/lv\/papuosalas\/saderinasanas-gredzens-no-platina-ar-030-karatu-dimantu-klasika\/#breadcrumb","itemListElement":[{"@type":"ListItem","position":1,"name":"Home","item":"https:\/\/fashiongold.lt\/lv\/"},{"@type":"ListItem","position":2,"name":"Dimantu veikals Fashiongold.lt","item":"https:\/\/fashiongold.lt\/shop-2\/"},{"@type":"ListItem","position":3,"name":"Saderin\u0101\u0161an\u0101s gredzens no plat\u012bna ar 0,30 kar\u0101tu dimantu \u2013 Klasika"}]},{"@type":"WebSite","@id":"https:\/\/fashiongold.lt\/lv\/#website","url":"https:\/\/fashiongold.lt\/lv\/","name":"Fashion Gold","description":"Juvelyrikos namai","publisher":{"@id":"https:\/\/fashiongold.lt\/lv\/#organization"},"potentialAction":[{"@type":"SearchAction","target":{"@type":"EntryPoint","urlTemplate":"https:\/\/fashiongold.lt\/lv\/?s={search_term_string}"},"query-input":{"@type":"PropertyValueSpecification","valueRequired":true,"valueName":"search_term_string"}}],"inLanguage":"lv-LV"},{"@type":"Organization","@id":"https:\/\/fashiongold.lt\/lv\/#organization","name":"Topdiamonds Online","url":"https:\/\/fashiongold.lt\/lv\/","logo":{"@type":"ImageObject","inLanguage":"lv-LV","@id":"https:\/\/fashiongold.lt\/lv\/#\/schema\/logo\/image\/","url":"https:\/\/fashiongold.lt\/wp-content\/uploads\/2025\/04\/cropped-fashion_gold_logotipas2-scaled-1.png","contentUrl":"https:\/\/fashiongold.lt\/wp-content\/uploads\/2025\/04\/cropped-fashion_gold_logotipas2-scaled-1.png","width":2559,"height":421,"caption":"Topdiamonds Online"},"image":{"@id":"https:\/\/fashiongold.lt\/lv\/#\/schema\/logo\/image\/"}}]}},"_links":{"self":[{"href":"https:\/\/fashiongold.lt\/lv\/wp-json\/wp\/v2\/product\/281580","targetHints":{"allow":["GET"]}}],"collection":[{"href":"https:\/\/fashiongold.lt\/lv\/wp-json\/wp\/v2\/product"}],"about":[{"href":"https:\/\/fashiongold.lt\/lv\/wp-json\/wp\/v2\/types\/product"}],"version-history":[{"count":0,"href":"https:\/\/fashiongold.lt\/lv\/wp-json\/wp\/v2\/product\/281580\/revisions"}],"wp:featuredmedia":[{"embeddable":true,"href":"https:\/\/fashiongold.lt\/lv\/wp-json\/wp\/v2\/media\/208318"}],"wp:attachment":[{"href":"https:\/\/fashiongold.lt\/lv\/wp-json\/wp\/v2\/media?parent=281580"}],"wp:term":[{"taxonomy":"product_brand","embeddable":true,"href":"https:\/\/fashiongold.lt\/lv\/wp-json\/wp\/v2\/product_brand?post=281580"},{"taxonomy":"product_cat","embeddable":true,"href":"https:\/\/fashiongold.lt\/lv\/wp-json\/wp\/v2\/product_cat?post=281580"},{"taxonomy":"product_tag","embeddable":true,"href":"https:\/\/fashiongold.lt\/lv\/wp-json\/wp\/v2\/product_tag?post=281580"}],"curies":[{"name":"wp","href":"https:\/\/api.w.org\/{rel}","templated":true}]}}