{"id":281685,"date":"2025-10-15T06:02:56","date_gmt":"2025-10-15T06:02:56","guid":{"rendered":"https:\/\/fashiongold.lt\/papuosalas\/051-karatu-briljantu-saderinasanas-gredzens-no-platina-modernas\/"},"modified":"2026-02-13T14:12:54","modified_gmt":"2026-02-13T14:12:54","slug":"051-karatu-briljantu-saderinasanas-gredzens-no-platina-modernas","status":"publish","type":"product","link":"https:\/\/fashiongold.lt\/lv\/papuosalas\/051-karatu-briljantu-saderinasanas-gredzens-no-platina-modernas\/","title":{"rendered":"0,51 kar\u0101tu briljantu saderin\u0101\u0161an\u0101s gredzens no plat\u012bna Modernas"},"content":{"rendered":"<p>Ra\u017eots V\u0101cij\u0101. Lietuv\u0101 ir sare\u017e\u0123\u012bti izgatavot kvalitat\u012bvu plat\u012bna laul\u012bbas gredzenu, jo tam ir nepiecie\u0161ami augstv\u0113rt\u012bgi izejmateri\u0101li, speci\u0101li instrumenti, augsta temperat\u016bra un pieredze. T\u0101p\u0113c iesak\u0101m izv\u0113l\u0113ties V\u0101cij\u0101 ra\u017eotus saderin\u0101\u0161an\u0101s gredzenus, kas atbilst augst\u0101kajiem standartiem.<\/p>\n<p>Gredzenu var izgatavot p\u0113c pas\u016bt\u012bjuma: par papildu samaksu ar augst\u0101kas kvalit\u0101tes dimantu vai dimantiem.<\/p>\n<p>\u2022 Gredzena met\u0101ls: 950 plat\u012bns, varam izgatavot no 10K (375 proves), 14K (585 proves), 18K (750 proves)\u00a0 \u00a0 \u00a0 \u00a0 \u00a0<\/p>\n<p>\u2022 Gredzena kr\u0101sa: balta<\/p>\n<p>\u2022 Gredzena svars (atkar\u012bgs no izm\u0113ra): aptuveni 2,50 &#8211; 3,50 g\u00a0 \u00a0 \u00a0 \u00a0 \u00a0 \u00a0<\/p>\n<p>\u2022 Gredzena izm\u0113ri: kro\u0146a platums aptuveni\u00a0 \u00a0 \u00a0 \u00a0<\/p>\n<p>\u2022 Gredzena komforta zona: ir\u00a0 \u00a0 \u00a0<\/p>\n<p>\u2022 Dimanta veids: Dab\u012bgs dimants<\/p>\n<p>\u2022 Dimanta forma: Apa\u013ca forma (Round cut)\u00a0 \u00a0 \u00a0 \u00a0<\/p>\n<p>\u2022 Dimanta raksturojums: 0,30 ct centr\u0101lais akmens un 0,21 ct s\u0101nu akme\u0146i (kr\u0101sa G, dzidrums SI1) (iesp\u0113jams main\u012bt)\u00a0 \u00a0 \u00a0 \u00a0<\/p>\n<p>\u2022 Sertifik\u0101ts: Lietuvas Proves birojs (LPR)\u00a0 \u00a0 \u00a0 \u00a0\u00a0<\/p>\n<p>\u2022 Grav\u0113\u0161ana bez maksas\u00a0 \u00a0<\/p>\n<p>\u2022 Vienreiz\u0113ja bezmaksas gredzena izm\u0113ra mai\u0146as garantija (p\u0113c iesp\u0113jas)\u00a0 \u00a0<\/p>\n<p>\u2022 Izgatavo\u0161anas un pieg\u0101des termi\u0146\u0161 no 21 darba dienas, steidzam\u012bbas k\u0101rt\u0101 7 d. d. laik\u0101\u00a0 \u00a0<\/p>\n<p><strong>Jums ir savs d\u0101rgakmens? Sazinieties ar mums, m\u0113s p\u0101rr\u0113\u0137in\u0101sim cenu &#8211; j\u016bs maks\u0101siet tikai par gredzena izgatavo\u0161anu.<\/strong><\/p>\n","protected":false},"excerpt":{"rendered":"<p>Moderna roku darba saderin\u0101\u0161an\u0101s gredzens no plat\u012bna. Augst\u0101k\u0101 gredzena kvalit\u0101te no V\u0101cijas. Maksim\u0101ls \u0113rtums ikdienas n\u0113s\u0101\u0161anai. T\u0101 ir izcila izv\u0113le tiem, kuri nov\u0113rt\u0113 augstu kvalit\u0101ti un komforta l\u012bmeni. Izgatavots V\u0101cij\u0101 \u2013 p\u0113c augst\u0101kajiem standartiem.<\/p>\n","protected":false},"featured_media":208290,"template":"","meta":{"site-sidebar-layout":"","site-content-layout":"","ast-site-content-layout":"","site-content-style":"","site-sidebar-style":"","ast-global-header-display":"","ast-banner-title-visibility":"","ast-main-header-display":"","ast-hfb-above-header-display":"","ast-hfb-below-header-display":"","ast-hfb-mobile-header-display":"","site-post-title":"","ast-breadcrumbs-content":"","ast-featured-img":"","footer-sml-layout":"","ast-disable-related-posts":"","theme-transparent-header-meta":"","adv-header-id-meta":"","stick-header-meta":"","header-above-stick-meta":"","header-main-stick-meta":"","header-below-stick-meta":"","astra-migrate-meta-layouts":"default","ast-page-background-enabled":"default","ast-page-background-meta":{"desktop":{"background-color":"var(--ast-global-color-4)","background-image":"","background-repeat":"repeat","background-position":"center center","background-size":"auto","background-attachment":"scroll","background-type":"","background-media":"","overlay-type":"","overlay-color":"","overlay-opacity":"","overlay-gradient":""},"tablet":{"background-color":"","background-image":"","background-repeat":"repeat","background-position":"center center","background-size":"auto","background-attachment":"scroll","background-type":"","background-media":"","overlay-type":"","overlay-color":"","overlay-opacity":"","overlay-gradient":""},"mobile":{"background-color":"","background-image":"","background-repeat":"repeat","background-position":"center center","background-size":"auto","background-attachment":"scroll","background-type":"","background-media":"","overlay-type":"","overlay-color":"","overlay-opacity":"","overlay-gradient":""}},"ast-content-background-meta":{"desktop":{"background-color":"var(--ast-global-color-5)","background-image":"","background-repeat":"repeat","background-position":"center center","background-size":"auto","background-attachment":"scroll","background-type":"","background-media":"","overlay-type":"","overlay-color":"","overlay-opacity":"","overlay-gradient":""},"tablet":{"background-color":"var(--ast-global-color-5)","background-image":"","background-repeat":"repeat","background-position":"center center","background-size":"auto","background-attachment":"scroll","background-type":"","background-media":"","overlay-type":"","overlay-color":"","overlay-opacity":"","overlay-gradient":""},"mobile":{"background-color":"var(--ast-global-color-5)","background-image":"","background-repeat":"repeat","background-position":"center center","background-size":"auto","background-attachment":"scroll","background-type":"","background-media":"","overlay-type":"","overlay-color":"","overlay-opacity":"","overlay-gradient":""}}},"product_brand":[],"product_cat":[2921,2914,3465,3439,3778,2936],"product_tag":[],"class_list":{"0":"post-281685","1":"product","2":"type-product","3":"status-publish","4":"has-post-thumbnail","6":"product_cat-davanas-ipasiem-gadijumiem","7":"product_cat-davanas-sievietem","8":"product_cat-moderni-saderinasanas-gredzeni","9":"product_cat-saderinasanas-gredzeni","10":"product_cat-saderinasanas-gredzeni-no-platina","11":"product_cat-valentindienas-davanas","12":"desktop-align-center","13":"tablet-align-left","14":"mobile-align-left","15":"ast-product-gallery-layout-horizontal-slider","16":"ast-product-gallery-with-no-image","17":"ast-product-single-variable","18":"ast-product-tabs-layout-accordion","19":"ast-qv-on-image","21":"first","22":"instock","23":"taxable","24":"shipping-taxable","25":"purchasable","26":"product-type-variable"},"yoast_head":"<!-- This site is optimized with the Yoast SEO plugin v26.6 - https:\/\/yoast.com\/wordpress\/plugins\/seo\/ -->\n<title>0,51 kar\u0101tu plat\u012bna saderin\u0101\u0161an\u0101s gredzens Modernas I FashionGold<\/title>\n<meta name=\"description\" content=\"Moderns 0.51 kar\u0101ta saderin\u0101\u0161an\u0101s gredzens no plat\u012bna. Augsta gredzena kvalit\u0101te no V\u0101cijas. Izliekta gredzena forma no \u0101rpuses un iek\u0161puses maksim\u0101lam komfortam.\" \/>\n<meta name=\"robots\" content=\"index, follow, max-snippet:-1, max-image-preview:large, max-video-preview:-1\" \/>\n<link rel=\"canonical\" href=\"https:\/\/fashiongold.lt\/lv\/papuosalas\/051-karatu-briljantu-saderinasanas-gredzens-no-platina-modernas\/\" \/>\n<meta property=\"og:locale\" content=\"lv_LV\" \/>\n<meta property=\"og:type\" content=\"article\" \/>\n<meta property=\"og:title\" content=\"0,51 kar\u0101tu plat\u012bna saderin\u0101\u0161an\u0101s gredzens Modernas I FashionGold\" \/>\n<meta property=\"og:description\" content=\"Moderns 0.51 kar\u0101ta saderin\u0101\u0161an\u0101s gredzens no plat\u012bna. Augsta gredzena kvalit\u0101te no V\u0101cijas. Izliekta gredzena forma no \u0101rpuses un iek\u0161puses maksim\u0101lam komfortam.\" \/>\n<meta property=\"og:url\" content=\"https:\/\/fashiongold.lt\/lv\/papuosalas\/051-karatu-briljantu-saderinasanas-gredzens-no-platina-modernas\/\" \/>\n<meta property=\"og:site_name\" content=\"FashionGold.lt\" \/>\n<meta property=\"article:modified_time\" content=\"2026-02-13T14:12:54+00:00\" \/>\n<meta property=\"og:image\" content=\"https:\/\/fashiongold.lt\/wp-content\/uploads\/2025\/10\/12106-237-0.51-karato-suzadetuviu-ziedas-is-platinos-Modernas.webp\" \/>\n\t<meta property=\"og:image:width\" content=\"1000\" \/>\n\t<meta property=\"og:image:height\" content=\"1000\" \/>\n\t<meta property=\"og:image:type\" content=\"image\/png\" \/>\n<meta name=\"twitter:card\" content=\"summary_large_image\" \/>\n<meta name=\"twitter:label1\" content=\"Est. reading time\" \/>\n\t<meta name=\"twitter:data1\" content=\"1 minute\" \/>\n<script type=\"application\/ld+json\" class=\"yoast-schema-graph\">{\"@context\":\"https:\/\/schema.org\",\"@graph\":[{\"@type\":\"WebPage\",\"@id\":\"https:\/\/fashiongold.lt\/lv\/papuosalas\/051-karatu-briljantu-saderinasanas-gredzens-no-platina-modernas\/\",\"url\":\"https:\/\/fashiongold.lt\/lv\/papuosalas\/051-karatu-briljantu-saderinasanas-gredzens-no-platina-modernas\/\",\"name\":\"0,51 kar\u0101tu plat\u012bna saderin\u0101\u0161an\u0101s gredzens Modernas I FashionGold\",\"isPartOf\":{\"@id\":\"https:\/\/fashiongold.lt\/lv\/#website\"},\"primaryImageOfPage\":{\"@id\":\"https:\/\/fashiongold.lt\/lv\/papuosalas\/051-karatu-briljantu-saderinasanas-gredzens-no-platina-modernas\/#primaryimage\"},\"image\":{\"@id\":\"https:\/\/fashiongold.lt\/lv\/papuosalas\/051-karatu-briljantu-saderinasanas-gredzens-no-platina-modernas\/#primaryimage\"},\"thumbnailUrl\":\"https:\/\/fashiongold.lt\/wp-content\/uploads\/2025\/10\/12106-237-0.51-karato-suzadetuviu-ziedas-is-platinos-Modernas.png\",\"datePublished\":\"2025-10-15T06:02:56+00:00\",\"dateModified\":\"2026-02-13T14:12:54+00:00\",\"description\":\"Moderns 0.51 kar\u0101ta saderin\u0101\u0161an\u0101s gredzens no plat\u012bna. Augsta gredzena kvalit\u0101te no V\u0101cijas. Izliekta gredzena forma no \u0101rpuses un iek\u0161puses maksim\u0101lam komfortam.\",\"breadcrumb\":{\"@id\":\"https:\/\/fashiongold.lt\/lv\/papuosalas\/051-karatu-briljantu-saderinasanas-gredzens-no-platina-modernas\/#breadcrumb\"},\"inLanguage\":\"lv-LV\",\"potentialAction\":[{\"@type\":\"ReadAction\",\"target\":[\"https:\/\/fashiongold.lt\/lv\/papuosalas\/051-karatu-briljantu-saderinasanas-gredzens-no-platina-modernas\/\"]}]},{\"@type\":\"ImageObject\",\"inLanguage\":\"lv-LV\",\"@id\":\"https:\/\/fashiongold.lt\/lv\/papuosalas\/051-karatu-briljantu-saderinasanas-gredzens-no-platina-modernas\/#primaryimage\",\"url\":\"https:\/\/fashiongold.lt\/wp-content\/uploads\/2025\/10\/12106-237-0.51-karato-suzadetuviu-ziedas-is-platinos-Modernas.png\",\"contentUrl\":\"https:\/\/fashiongold.lt\/wp-content\/uploads\/2025\/10\/12106-237-0.51-karato-suzadetuviu-ziedas-is-platinos-Modernas.png\",\"width\":1000,\"height\":1000},{\"@type\":\"BreadcrumbList\",\"@id\":\"https:\/\/fashiongold.lt\/lv\/papuosalas\/051-karatu-briljantu-saderinasanas-gredzens-no-platina-modernas\/#breadcrumb\",\"itemListElement\":[{\"@type\":\"ListItem\",\"position\":1,\"name\":\"Home\",\"item\":\"https:\/\/fashiongold.lt\/lv\/\"},{\"@type\":\"ListItem\",\"position\":2,\"name\":\"Dimantu veikals Fashiongold.lt\",\"item\":\"https:\/\/fashiongold.lt\/shop-2\/\"},{\"@type\":\"ListItem\",\"position\":3,\"name\":\"0,51 kar\u0101tu briljantu saderin\u0101\u0161an\u0101s gredzens no plat\u012bna Modernas\"}]},{\"@type\":\"WebSite\",\"@id\":\"https:\/\/fashiongold.lt\/lv\/#website\",\"url\":\"https:\/\/fashiongold.lt\/lv\/\",\"name\":\"Fashion Gold\",\"description\":\"Juvelyrikos namai\",\"publisher\":{\"@id\":\"https:\/\/fashiongold.lt\/lv\/#organization\"},\"potentialAction\":[{\"@type\":\"SearchAction\",\"target\":{\"@type\":\"EntryPoint\",\"urlTemplate\":\"https:\/\/fashiongold.lt\/lv\/?s={search_term_string}\"},\"query-input\":{\"@type\":\"PropertyValueSpecification\",\"valueRequired\":true,\"valueName\":\"search_term_string\"}}],\"inLanguage\":\"lv-LV\"},{\"@type\":\"Organization\",\"@id\":\"https:\/\/fashiongold.lt\/lv\/#organization\",\"name\":\"Topdiamonds Online\",\"url\":\"https:\/\/fashiongold.lt\/lv\/\",\"logo\":{\"@type\":\"ImageObject\",\"inLanguage\":\"lv-LV\",\"@id\":\"https:\/\/fashiongold.lt\/lv\/#\/schema\/logo\/image\/\",\"url\":\"https:\/\/fashiongold.lt\/wp-content\/uploads\/2025\/04\/cropped-fashion_gold_logotipas2-scaled-1.png\",\"contentUrl\":\"https:\/\/fashiongold.lt\/wp-content\/uploads\/2025\/04\/cropped-fashion_gold_logotipas2-scaled-1.png\",\"width\":2559,\"height\":421,\"caption\":\"Topdiamonds Online\"},\"image\":{\"@id\":\"https:\/\/fashiongold.lt\/lv\/#\/schema\/logo\/image\/\"}}]}<\/script>\n<!-- \/ Yoast SEO plugin. -->","yoast_head_json":{"title":"0,51 kar\u0101tu plat\u012bna saderin\u0101\u0161an\u0101s gredzens Modernas I FashionGold","description":"Moderns 0.51 kar\u0101ta saderin\u0101\u0161an\u0101s gredzens no plat\u012bna. Augsta gredzena kvalit\u0101te no V\u0101cijas. Izliekta gredzena forma no \u0101rpuses un iek\u0161puses maksim\u0101lam komfortam.","robots":{"index":"index","follow":"follow","max-snippet":"max-snippet:-1","max-image-preview":"max-image-preview:large","max-video-preview":"max-video-preview:-1"},"canonical":"https:\/\/fashiongold.lt\/lv\/papuosalas\/051-karatu-briljantu-saderinasanas-gredzens-no-platina-modernas\/","og_locale":"lv_LV","og_type":"article","og_title":"0,51 kar\u0101tu plat\u012bna saderin\u0101\u0161an\u0101s gredzens Modernas I FashionGold","og_description":"Moderns 0.51 kar\u0101ta saderin\u0101\u0161an\u0101s gredzens no plat\u012bna. Augsta gredzena kvalit\u0101te no V\u0101cijas. Izliekta gredzena forma no \u0101rpuses un iek\u0161puses maksim\u0101lam komfortam.","og_url":"https:\/\/fashiongold.lt\/lv\/papuosalas\/051-karatu-briljantu-saderinasanas-gredzens-no-platina-modernas\/","og_site_name":"FashionGold.lt","article_modified_time":"2026-02-13T14:12:54+00:00","og_image":[{"width":1000,"height":1000,"url":"https:\/\/fashiongold.lt\/wp-content\/uploads\/2025\/10\/12106-237-0.51-karato-suzadetuviu-ziedas-is-platinos-Modernas.webp","type":"image\/png"}],"twitter_card":"summary_large_image","twitter_misc":{"Est. reading time":"1 minute"},"schema":{"@context":"https:\/\/schema.org","@graph":[{"@type":"WebPage","@id":"https:\/\/fashiongold.lt\/lv\/papuosalas\/051-karatu-briljantu-saderinasanas-gredzens-no-platina-modernas\/","url":"https:\/\/fashiongold.lt\/lv\/papuosalas\/051-karatu-briljantu-saderinasanas-gredzens-no-platina-modernas\/","name":"0,51 kar\u0101tu plat\u012bna saderin\u0101\u0161an\u0101s gredzens Modernas I FashionGold","isPartOf":{"@id":"https:\/\/fashiongold.lt\/lv\/#website"},"primaryImageOfPage":{"@id":"https:\/\/fashiongold.lt\/lv\/papuosalas\/051-karatu-briljantu-saderinasanas-gredzens-no-platina-modernas\/#primaryimage"},"image":{"@id":"https:\/\/fashiongold.lt\/lv\/papuosalas\/051-karatu-briljantu-saderinasanas-gredzens-no-platina-modernas\/#primaryimage"},"thumbnailUrl":"https:\/\/fashiongold.lt\/wp-content\/uploads\/2025\/10\/12106-237-0.51-karato-suzadetuviu-ziedas-is-platinos-Modernas.png","datePublished":"2025-10-15T06:02:56+00:00","dateModified":"2026-02-13T14:12:54+00:00","description":"Moderns 0.51 kar\u0101ta saderin\u0101\u0161an\u0101s gredzens no plat\u012bna. Augsta gredzena kvalit\u0101te no V\u0101cijas. Izliekta gredzena forma no \u0101rpuses un iek\u0161puses maksim\u0101lam komfortam.","breadcrumb":{"@id":"https:\/\/fashiongold.lt\/lv\/papuosalas\/051-karatu-briljantu-saderinasanas-gredzens-no-platina-modernas\/#breadcrumb"},"inLanguage":"lv-LV","potentialAction":[{"@type":"ReadAction","target":["https:\/\/fashiongold.lt\/lv\/papuosalas\/051-karatu-briljantu-saderinasanas-gredzens-no-platina-modernas\/"]}]},{"@type":"ImageObject","inLanguage":"lv-LV","@id":"https:\/\/fashiongold.lt\/lv\/papuosalas\/051-karatu-briljantu-saderinasanas-gredzens-no-platina-modernas\/#primaryimage","url":"https:\/\/fashiongold.lt\/wp-content\/uploads\/2025\/10\/12106-237-0.51-karato-suzadetuviu-ziedas-is-platinos-Modernas.png","contentUrl":"https:\/\/fashiongold.lt\/wp-content\/uploads\/2025\/10\/12106-237-0.51-karato-suzadetuviu-ziedas-is-platinos-Modernas.png","width":1000,"height":1000},{"@type":"BreadcrumbList","@id":"https:\/\/fashiongold.lt\/lv\/papuosalas\/051-karatu-briljantu-saderinasanas-gredzens-no-platina-modernas\/#breadcrumb","itemListElement":[{"@type":"ListItem","position":1,"name":"Home","item":"https:\/\/fashiongold.lt\/lv\/"},{"@type":"ListItem","position":2,"name":"Dimantu veikals Fashiongold.lt","item":"https:\/\/fashiongold.lt\/shop-2\/"},{"@type":"ListItem","position":3,"name":"0,51 kar\u0101tu briljantu saderin\u0101\u0161an\u0101s gredzens no plat\u012bna Modernas"}]},{"@type":"WebSite","@id":"https:\/\/fashiongold.lt\/lv\/#website","url":"https:\/\/fashiongold.lt\/lv\/","name":"Fashion Gold","description":"Juvelyrikos namai","publisher":{"@id":"https:\/\/fashiongold.lt\/lv\/#organization"},"potentialAction":[{"@type":"SearchAction","target":{"@type":"EntryPoint","urlTemplate":"https:\/\/fashiongold.lt\/lv\/?s={search_term_string}"},"query-input":{"@type":"PropertyValueSpecification","valueRequired":true,"valueName":"search_term_string"}}],"inLanguage":"lv-LV"},{"@type":"Organization","@id":"https:\/\/fashiongold.lt\/lv\/#organization","name":"Topdiamonds Online","url":"https:\/\/fashiongold.lt\/lv\/","logo":{"@type":"ImageObject","inLanguage":"lv-LV","@id":"https:\/\/fashiongold.lt\/lv\/#\/schema\/logo\/image\/","url":"https:\/\/fashiongold.lt\/wp-content\/uploads\/2025\/04\/cropped-fashion_gold_logotipas2-scaled-1.png","contentUrl":"https:\/\/fashiongold.lt\/wp-content\/uploads\/2025\/04\/cropped-fashion_gold_logotipas2-scaled-1.png","width":2559,"height":421,"caption":"Topdiamonds Online"},"image":{"@id":"https:\/\/fashiongold.lt\/lv\/#\/schema\/logo\/image\/"}}]}},"_links":{"self":[{"href":"https:\/\/fashiongold.lt\/lv\/wp-json\/wp\/v2\/product\/281685","targetHints":{"allow":["GET"]}}],"collection":[{"href":"https:\/\/fashiongold.lt\/lv\/wp-json\/wp\/v2\/product"}],"about":[{"href":"https:\/\/fashiongold.lt\/lv\/wp-json\/wp\/v2\/types\/product"}],"version-history":[{"count":0,"href":"https:\/\/fashiongold.lt\/lv\/wp-json\/wp\/v2\/product\/281685\/revisions"}],"wp:featuredmedia":[{"embeddable":true,"href":"https:\/\/fashiongold.lt\/lv\/wp-json\/wp\/v2\/media\/208290"}],"wp:attachment":[{"href":"https:\/\/fashiongold.lt\/lv\/wp-json\/wp\/v2\/media?parent=281685"}],"wp:term":[{"taxonomy":"product_brand","embeddable":true,"href":"https:\/\/fashiongold.lt\/lv\/wp-json\/wp\/v2\/product_brand?post=281685"},{"taxonomy":"product_cat","embeddable":true,"href":"https:\/\/fashiongold.lt\/lv\/wp-json\/wp\/v2\/product_cat?post=281685"},{"taxonomy":"product_tag","embeddable":true,"href":"https:\/\/fashiongold.lt\/lv\/wp-json\/wp\/v2\/product_tag?post=281685"}],"curies":[{"name":"wp","href":"https:\/\/api.w.org\/{rel}","templated":true}]}}