{"id":281907,"date":"2025-10-14T20:05:18","date_gmt":"2025-10-14T20:05:18","guid":{"rendered":"https:\/\/fashiongold.lt\/papuosalas\/kazu-gredzenu-izgatavosana-7-mm-plats-moderns-dizains-paris\/"},"modified":"2026-02-14T05:13:10","modified_gmt":"2026-02-14T05:13:10","slug":"kazu-gredzenu-izgatavosana-7-mm-plats-moderns-dizains-paris","status":"publish","type":"product","link":"https:\/\/fashiongold.lt\/lv\/papuosalas\/kazu-gredzenu-izgatavosana-7-mm-plats-moderns-dizains-paris\/","title":{"rendered":"K\u0101zu gredzenu izgatavo\u0161ana \u2013 7 mm plats moderns dizains (p\u0101ris)"},"content":{"rendered":"<p>Vai jums ir zelta rotaslietas, kuras nen\u0113s\u0101jat? Izmantojiet t\u0101s laul\u012bbas gredzenu izgatavo\u0161anai un t\u0101d\u0113j\u0101di samaziniet k\u0101zu izdevumus. Varat izv\u0113l\u0113ties izgatavot no sava zelta, ja tas ir d\u0101rgs k\u0101 \u0123imenes relikvija, vai no m\u016bsu, bet j\u016bsu eso\u0161o zeltu apmain\u012bsim p\u0113c svara. Neatkar\u012bgi no j\u016bsu eso\u0161\u0101 zelta kr\u0101sas, m\u0113s izgatavosim jums laul\u012bbas gredzenus t\u0101d\u0101 kr\u0101s\u0101, k\u0101da jums pat\u012bk.<\/p>\n<p><strong>Izgatavo\u0161anas cen\u0101 ir iek\u013cauts:\u00a0<\/strong><\/p>\n<p>\u2022 Gredzena kr\u0101sa: iesp\u0113jams izv\u0113l\u0113ties dabisku balto, dzelteno, sarkano zeltu.\u00a0 \u00a0<\/p>\n<p>\u2022 Gredzena izm\u0113ri: platums 7.00 mm (iesp\u0113jams main\u012bt).<\/p>\n<p>\u2022 Gredzena komforta zona: ir.<\/p>\n<p>\u2022 Sertifik\u0101ts: Lietuvas Provju birojs (LPR)\u00a0 \u00a0<\/p>\n<p>\u2022 Grav\u0113\u0161ana bez maksas<\/p>\n<p>\u2022 Vienreiz\u0113ja bezmaksas gredzena izm\u0113ra mai\u0146as garantija<\/p>\n<p>\u2022 Izgatavo\u0161anas un pieg\u0101des termi\u0146\u0161 no 14 darba dien\u0101m, steidzam\u012bbas k\u0101rt\u0101 3 d.d. laik\u0101.<\/p>\n<p><strong>Izgatavo\u0161anas cen\u0101 nav iek\u013cauts:<\/strong><\/p>\n<p>\u2022 Gredzena zelts: 14 K (585 prove), par papildu samaksu varam izgatavot no 10K (375 prove), 18K (750 prove)\u00a0 \u00a0 \u00a0<\/p>\n<p>\u2022 Gredzenu p\u0101ra svars (atkar\u012bgs no izm\u0113ra un proves): aptuveni 14,00 &#8211; 18,00 g\u00a0 \u00a0<\/p>\n<p>\u2022 Gredzena kr\u0101sa: rodija p\u0101rkl\u0101jums<\/p>\n<p>\u2022 Dimanta tips: nav (iesp\u0113jams main\u012bt)\u00a0 \u00a0\u00a0\u00a0<\/p>\n<p>\u2022 Dimanta forma: nav (iesp\u0113jams main\u012bt) \u00a0\u00a0<\/p>\n<p>\u2022 Dimanta raksturojums: nav (iesp\u0113jams main\u012bt) \u00a0\u00a0 \u00a0<\/p>\n<p><strong>Neatk\u0101rtojama skaistuma laul\u012bbas gredzeni ekskluz\u012bv\u0101 stil\u0101, augst\u0101 kvalit\u0101t\u0113, ar komforta zonu. Lieliska izv\u0113le, kas atspogu\u013co j\u016bsu m\u012blest\u012bbas st\u0101stu.<\/strong><\/p>\n","protected":false},"excerpt":{"rendered":"<p>M\u016bsu juvelieris izgatavos Jums platus, modernus, mat\u0113tus kvadr\u0101tveida formas laul\u012bbas gredzenus, izmantojot J\u016bsu zeltu. Fashion Gold juvelieri jau 30 gadus izgatavo laul\u012bbas gredzenus, t\u0101p\u0113c uzticieties m\u016bsu profesionalit\u0101tei, augstajai kvalit\u0101tei un maks\u0101jiet tikai izgatavo\u0161anas cenu. Atkl\u0101jiet unik\u0101lu skaistumu kop\u0101 ar Fashion Gold juvelieriem!\u00a0<\/p>\n","protected":false},"featured_media":206568,"template":"","meta":{"site-sidebar-layout":"","site-content-layout":"","ast-site-content-layout":"","site-content-style":"","site-sidebar-style":"","ast-global-header-display":"","ast-banner-title-visibility":"","ast-main-header-display":"","ast-hfb-above-header-display":"","ast-hfb-below-header-display":"","ast-hfb-mobile-header-display":"","site-post-title":"","ast-breadcrumbs-content":"","ast-featured-img":"","footer-sml-layout":"","ast-disable-related-posts":"","theme-transparent-header-meta":"","adv-header-id-meta":"","stick-header-meta":"","header-above-stick-meta":"","header-main-stick-meta":"","header-below-stick-meta":"","astra-migrate-meta-layouts":"default","ast-page-background-enabled":"default","ast-page-background-meta":{"desktop":{"background-color":"var(--ast-global-color-4)","background-image":"","background-repeat":"repeat","background-position":"center center","background-size":"auto","background-attachment":"scroll","background-type":"","background-media":"","overlay-type":"","overlay-color":"","overlay-opacity":"","overlay-gradient":""},"tablet":{"background-color":"","background-image":"","background-repeat":"repeat","background-position":"center center","background-size":"auto","background-attachment":"scroll","background-type":"","background-media":"","overlay-type":"","overlay-color":"","overlay-opacity":"","overlay-gradient":""},"mobile":{"background-color":"","background-image":"","background-repeat":"repeat","background-position":"center center","background-size":"auto","background-attachment":"scroll","background-type":"","background-media":"","overlay-type":"","overlay-color":"","overlay-opacity":"","overlay-gradient":""}},"ast-content-background-meta":{"desktop":{"background-color":"var(--ast-global-color-5)","background-image":"","background-repeat":"repeat","background-position":"center center","background-size":"auto","background-attachment":"scroll","background-type":"","background-media":"","overlay-type":"","overlay-color":"","overlay-opacity":"","overlay-gradient":""},"tablet":{"background-color":"var(--ast-global-color-5)","background-image":"","background-repeat":"repeat","background-position":"center center","background-size":"auto","background-attachment":"scroll","background-type":"","background-media":"","overlay-type":"","overlay-color":"","overlay-opacity":"","overlay-gradient":""},"mobile":{"background-color":"var(--ast-global-color-5)","background-image":"","background-repeat":"repeat","background-position":"center center","background-size":"auto","background-attachment":"scroll","background-type":"","background-media":"","overlay-type":"","overlay-color":"","overlay-opacity":"","overlay-gradient":""}}},"product_brand":[],"product_cat":[3524,3794],"product_tag":[],"class_list":{"0":"post-281907","1":"product","2":"type-product","3":"status-publish","4":"has-post-thumbnail","6":"product_cat-kazu-gredzeni","7":"product_cat-kazu-gredzenu-izgatavosana","8":"desktop-align-center","9":"tablet-align-left","10":"mobile-align-left","11":"ast-product-gallery-layout-horizontal-slider","12":"ast-product-gallery-with-no-image","13":"ast-product-single-variable","14":"ast-product-tabs-layout-accordion","15":"ast-qv-on-image","17":"first","18":"instock","19":"taxable","20":"shipping-taxable","21":"purchasable","22":"product-type-variable"},"yoast_head":"<!-- This site is optimized with the Yoast SEO plugin v26.6 - https:\/\/yoast.com\/wordpress\/plugins\/seo\/ -->\n<title>Platu modernu laul\u012bbas gredzenu izgatavo\u0161anas cena (7 mm)<\/title>\n<meta name=\"description\" content=\"Moderna dizaina, roku darba, platu k\u0101zu gredzenu p\u0101ris. Komforta zona. Ilggad\u0113ja pieredze. Lab\u0101k\u0101s cenas. Augsta kvalit\u0101te. Bezmaksas pieg\u0101de.\" \/>\n<meta name=\"robots\" content=\"index, follow, max-snippet:-1, max-image-preview:large, max-video-preview:-1\" \/>\n<link rel=\"canonical\" href=\"https:\/\/fashiongold.lt\/lv\/papuosalas\/kazu-gredzenu-izgatavosana-7-mm-plats-moderns-dizains-paris\/\" \/>\n<meta property=\"og:locale\" content=\"lv_LV\" \/>\n<meta property=\"og:type\" content=\"article\" \/>\n<meta property=\"og:title\" content=\"Platu modernu laul\u012bbas gredzenu izgatavo\u0161anas cena (7 mm)\" \/>\n<meta property=\"og:description\" content=\"Moderna dizaina, roku darba, platu k\u0101zu gredzenu p\u0101ris. Komforta zona. Ilggad\u0113ja pieredze. Lab\u0101k\u0101s cenas. Augsta kvalit\u0101te. Bezmaksas pieg\u0101de.\" \/>\n<meta property=\"og:url\" content=\"https:\/\/fashiongold.lt\/lv\/papuosalas\/kazu-gredzenu-izgatavosana-7-mm-plats-moderns-dizains-paris\/\" \/>\n<meta property=\"og:site_name\" content=\"FashionGold.lt\" \/>\n<meta property=\"article:modified_time\" content=\"2026-02-14T05:13:10+00:00\" \/>\n<meta property=\"og:image\" content=\"https:\/\/fashiongold.lt\/wp-content\/uploads\/2025\/10\/11334-d88-Vestuviniu-ziedu-gamyba-7-mm-balto-aukso-platus-modernus-dizainas.webp\" \/>\n\t<meta property=\"og:image:width\" content=\"1000\" \/>\n\t<meta property=\"og:image:height\" content=\"1000\" \/>\n\t<meta property=\"og:image:type\" content=\"image\/png\" \/>\n<meta name=\"twitter:card\" content=\"summary_large_image\" \/>\n<meta name=\"twitter:label1\" content=\"Est. reading time\" \/>\n\t<meta name=\"twitter:data1\" content=\"1 minute\" \/>\n<script type=\"application\/ld+json\" class=\"yoast-schema-graph\">{\"@context\":\"https:\/\/schema.org\",\"@graph\":[{\"@type\":\"WebPage\",\"@id\":\"https:\/\/fashiongold.lt\/lv\/papuosalas\/kazu-gredzenu-izgatavosana-7-mm-plats-moderns-dizains-paris\/\",\"url\":\"https:\/\/fashiongold.lt\/lv\/papuosalas\/kazu-gredzenu-izgatavosana-7-mm-plats-moderns-dizains-paris\/\",\"name\":\"Platu modernu laul\u012bbas gredzenu izgatavo\u0161anas cena (7 mm)\",\"isPartOf\":{\"@id\":\"https:\/\/fashiongold.lt\/lv\/#website\"},\"primaryImageOfPage\":{\"@id\":\"https:\/\/fashiongold.lt\/lv\/papuosalas\/kazu-gredzenu-izgatavosana-7-mm-plats-moderns-dizains-paris\/#primaryimage\"},\"image\":{\"@id\":\"https:\/\/fashiongold.lt\/lv\/papuosalas\/kazu-gredzenu-izgatavosana-7-mm-plats-moderns-dizains-paris\/#primaryimage\"},\"thumbnailUrl\":\"https:\/\/fashiongold.lt\/wp-content\/uploads\/2025\/10\/11334-d88-Vestuviniu-ziedu-gamyba-7-mm-balto-aukso-platus-modernus-dizainas.png\",\"datePublished\":\"2025-10-14T20:05:18+00:00\",\"dateModified\":\"2026-02-14T05:13:10+00:00\",\"description\":\"Moderna dizaina, roku darba, platu k\u0101zu gredzenu p\u0101ris. Komforta zona. Ilggad\u0113ja pieredze. Lab\u0101k\u0101s cenas. Augsta kvalit\u0101te. Bezmaksas pieg\u0101de.\",\"breadcrumb\":{\"@id\":\"https:\/\/fashiongold.lt\/lv\/papuosalas\/kazu-gredzenu-izgatavosana-7-mm-plats-moderns-dizains-paris\/#breadcrumb\"},\"inLanguage\":\"lv-LV\",\"potentialAction\":[{\"@type\":\"ReadAction\",\"target\":[\"https:\/\/fashiongold.lt\/lv\/papuosalas\/kazu-gredzenu-izgatavosana-7-mm-plats-moderns-dizains-paris\/\"]}]},{\"@type\":\"ImageObject\",\"inLanguage\":\"lv-LV\",\"@id\":\"https:\/\/fashiongold.lt\/lv\/papuosalas\/kazu-gredzenu-izgatavosana-7-mm-plats-moderns-dizains-paris\/#primaryimage\",\"url\":\"https:\/\/fashiongold.lt\/wp-content\/uploads\/2025\/10\/11334-d88-Vestuviniu-ziedu-gamyba-7-mm-balto-aukso-platus-modernus-dizainas.png\",\"contentUrl\":\"https:\/\/fashiongold.lt\/wp-content\/uploads\/2025\/10\/11334-d88-Vestuviniu-ziedu-gamyba-7-mm-balto-aukso-platus-modernus-dizainas.png\",\"width\":1000,\"height\":1000},{\"@type\":\"BreadcrumbList\",\"@id\":\"https:\/\/fashiongold.lt\/lv\/papuosalas\/kazu-gredzenu-izgatavosana-7-mm-plats-moderns-dizains-paris\/#breadcrumb\",\"itemListElement\":[{\"@type\":\"ListItem\",\"position\":1,\"name\":\"Home\",\"item\":\"https:\/\/fashiongold.lt\/lv\/\"},{\"@type\":\"ListItem\",\"position\":2,\"name\":\"Dimantu veikals Fashiongold.lt\",\"item\":\"https:\/\/fashiongold.lt\/shop-2\/\"},{\"@type\":\"ListItem\",\"position\":3,\"name\":\"K\u0101zu gredzenu izgatavo\u0161ana \u2013 7 mm plats moderns dizains (p\u0101ris)\"}]},{\"@type\":\"WebSite\",\"@id\":\"https:\/\/fashiongold.lt\/lv\/#website\",\"url\":\"https:\/\/fashiongold.lt\/lv\/\",\"name\":\"Fashion Gold\",\"description\":\"Juvelyrikos namai\",\"publisher\":{\"@id\":\"https:\/\/fashiongold.lt\/lv\/#organization\"},\"potentialAction\":[{\"@type\":\"SearchAction\",\"target\":{\"@type\":\"EntryPoint\",\"urlTemplate\":\"https:\/\/fashiongold.lt\/lv\/?s={search_term_string}\"},\"query-input\":{\"@type\":\"PropertyValueSpecification\",\"valueRequired\":true,\"valueName\":\"search_term_string\"}}],\"inLanguage\":\"lv-LV\"},{\"@type\":\"Organization\",\"@id\":\"https:\/\/fashiongold.lt\/lv\/#organization\",\"name\":\"Topdiamonds Online\",\"url\":\"https:\/\/fashiongold.lt\/lv\/\",\"logo\":{\"@type\":\"ImageObject\",\"inLanguage\":\"lv-LV\",\"@id\":\"https:\/\/fashiongold.lt\/lv\/#\/schema\/logo\/image\/\",\"url\":\"https:\/\/fashiongold.lt\/wp-content\/uploads\/2025\/04\/cropped-fashion_gold_logotipas2-scaled-1.png\",\"contentUrl\":\"https:\/\/fashiongold.lt\/wp-content\/uploads\/2025\/04\/cropped-fashion_gold_logotipas2-scaled-1.png\",\"width\":2559,\"height\":421,\"caption\":\"Topdiamonds Online\"},\"image\":{\"@id\":\"https:\/\/fashiongold.lt\/lv\/#\/schema\/logo\/image\/\"}}]}<\/script>\n<!-- \/ Yoast SEO plugin. -->","yoast_head_json":{"title":"Platu modernu laul\u012bbas gredzenu izgatavo\u0161anas cena (7 mm)","description":"Moderna dizaina, roku darba, platu k\u0101zu gredzenu p\u0101ris. Komforta zona. Ilggad\u0113ja pieredze. Lab\u0101k\u0101s cenas. Augsta kvalit\u0101te. Bezmaksas pieg\u0101de.","robots":{"index":"index","follow":"follow","max-snippet":"max-snippet:-1","max-image-preview":"max-image-preview:large","max-video-preview":"max-video-preview:-1"},"canonical":"https:\/\/fashiongold.lt\/lv\/papuosalas\/kazu-gredzenu-izgatavosana-7-mm-plats-moderns-dizains-paris\/","og_locale":"lv_LV","og_type":"article","og_title":"Platu modernu laul\u012bbas gredzenu izgatavo\u0161anas cena (7 mm)","og_description":"Moderna dizaina, roku darba, platu k\u0101zu gredzenu p\u0101ris. Komforta zona. Ilggad\u0113ja pieredze. Lab\u0101k\u0101s cenas. Augsta kvalit\u0101te. Bezmaksas pieg\u0101de.","og_url":"https:\/\/fashiongold.lt\/lv\/papuosalas\/kazu-gredzenu-izgatavosana-7-mm-plats-moderns-dizains-paris\/","og_site_name":"FashionGold.lt","article_modified_time":"2026-02-14T05:13:10+00:00","og_image":[{"width":1000,"height":1000,"url":"https:\/\/fashiongold.lt\/wp-content\/uploads\/2025\/10\/11334-d88-Vestuviniu-ziedu-gamyba-7-mm-balto-aukso-platus-modernus-dizainas.webp","type":"image\/png"}],"twitter_card":"summary_large_image","twitter_misc":{"Est. reading time":"1 minute"},"schema":{"@context":"https:\/\/schema.org","@graph":[{"@type":"WebPage","@id":"https:\/\/fashiongold.lt\/lv\/papuosalas\/kazu-gredzenu-izgatavosana-7-mm-plats-moderns-dizains-paris\/","url":"https:\/\/fashiongold.lt\/lv\/papuosalas\/kazu-gredzenu-izgatavosana-7-mm-plats-moderns-dizains-paris\/","name":"Platu modernu laul\u012bbas gredzenu izgatavo\u0161anas cena (7 mm)","isPartOf":{"@id":"https:\/\/fashiongold.lt\/lv\/#website"},"primaryImageOfPage":{"@id":"https:\/\/fashiongold.lt\/lv\/papuosalas\/kazu-gredzenu-izgatavosana-7-mm-plats-moderns-dizains-paris\/#primaryimage"},"image":{"@id":"https:\/\/fashiongold.lt\/lv\/papuosalas\/kazu-gredzenu-izgatavosana-7-mm-plats-moderns-dizains-paris\/#primaryimage"},"thumbnailUrl":"https:\/\/fashiongold.lt\/wp-content\/uploads\/2025\/10\/11334-d88-Vestuviniu-ziedu-gamyba-7-mm-balto-aukso-platus-modernus-dizainas.png","datePublished":"2025-10-14T20:05:18+00:00","dateModified":"2026-02-14T05:13:10+00:00","description":"Moderna dizaina, roku darba, platu k\u0101zu gredzenu p\u0101ris. Komforta zona. Ilggad\u0113ja pieredze. Lab\u0101k\u0101s cenas. Augsta kvalit\u0101te. Bezmaksas pieg\u0101de.","breadcrumb":{"@id":"https:\/\/fashiongold.lt\/lv\/papuosalas\/kazu-gredzenu-izgatavosana-7-mm-plats-moderns-dizains-paris\/#breadcrumb"},"inLanguage":"lv-LV","potentialAction":[{"@type":"ReadAction","target":["https:\/\/fashiongold.lt\/lv\/papuosalas\/kazu-gredzenu-izgatavosana-7-mm-plats-moderns-dizains-paris\/"]}]},{"@type":"ImageObject","inLanguage":"lv-LV","@id":"https:\/\/fashiongold.lt\/lv\/papuosalas\/kazu-gredzenu-izgatavosana-7-mm-plats-moderns-dizains-paris\/#primaryimage","url":"https:\/\/fashiongold.lt\/wp-content\/uploads\/2025\/10\/11334-d88-Vestuviniu-ziedu-gamyba-7-mm-balto-aukso-platus-modernus-dizainas.png","contentUrl":"https:\/\/fashiongold.lt\/wp-content\/uploads\/2025\/10\/11334-d88-Vestuviniu-ziedu-gamyba-7-mm-balto-aukso-platus-modernus-dizainas.png","width":1000,"height":1000},{"@type":"BreadcrumbList","@id":"https:\/\/fashiongold.lt\/lv\/papuosalas\/kazu-gredzenu-izgatavosana-7-mm-plats-moderns-dizains-paris\/#breadcrumb","itemListElement":[{"@type":"ListItem","position":1,"name":"Home","item":"https:\/\/fashiongold.lt\/lv\/"},{"@type":"ListItem","position":2,"name":"Dimantu veikals Fashiongold.lt","item":"https:\/\/fashiongold.lt\/shop-2\/"},{"@type":"ListItem","position":3,"name":"K\u0101zu gredzenu izgatavo\u0161ana \u2013 7 mm plats moderns dizains (p\u0101ris)"}]},{"@type":"WebSite","@id":"https:\/\/fashiongold.lt\/lv\/#website","url":"https:\/\/fashiongold.lt\/lv\/","name":"Fashion Gold","description":"Juvelyrikos namai","publisher":{"@id":"https:\/\/fashiongold.lt\/lv\/#organization"},"potentialAction":[{"@type":"SearchAction","target":{"@type":"EntryPoint","urlTemplate":"https:\/\/fashiongold.lt\/lv\/?s={search_term_string}"},"query-input":{"@type":"PropertyValueSpecification","valueRequired":true,"valueName":"search_term_string"}}],"inLanguage":"lv-LV"},{"@type":"Organization","@id":"https:\/\/fashiongold.lt\/lv\/#organization","name":"Topdiamonds Online","url":"https:\/\/fashiongold.lt\/lv\/","logo":{"@type":"ImageObject","inLanguage":"lv-LV","@id":"https:\/\/fashiongold.lt\/lv\/#\/schema\/logo\/image\/","url":"https:\/\/fashiongold.lt\/wp-content\/uploads\/2025\/04\/cropped-fashion_gold_logotipas2-scaled-1.png","contentUrl":"https:\/\/fashiongold.lt\/wp-content\/uploads\/2025\/04\/cropped-fashion_gold_logotipas2-scaled-1.png","width":2559,"height":421,"caption":"Topdiamonds Online"},"image":{"@id":"https:\/\/fashiongold.lt\/lv\/#\/schema\/logo\/image\/"}}]}},"_links":{"self":[{"href":"https:\/\/fashiongold.lt\/lv\/wp-json\/wp\/v2\/product\/281907","targetHints":{"allow":["GET"]}}],"collection":[{"href":"https:\/\/fashiongold.lt\/lv\/wp-json\/wp\/v2\/product"}],"about":[{"href":"https:\/\/fashiongold.lt\/lv\/wp-json\/wp\/v2\/types\/product"}],"version-history":[{"count":0,"href":"https:\/\/fashiongold.lt\/lv\/wp-json\/wp\/v2\/product\/281907\/revisions"}],"wp:featuredmedia":[{"embeddable":true,"href":"https:\/\/fashiongold.lt\/lv\/wp-json\/wp\/v2\/media\/206568"}],"wp:attachment":[{"href":"https:\/\/fashiongold.lt\/lv\/wp-json\/wp\/v2\/media?parent=281907"}],"wp:term":[{"taxonomy":"product_brand","embeddable":true,"href":"https:\/\/fashiongold.lt\/lv\/wp-json\/wp\/v2\/product_brand?post=281907"},{"taxonomy":"product_cat","embeddable":true,"href":"https:\/\/fashiongold.lt\/lv\/wp-json\/wp\/v2\/product_cat?post=281907"},{"taxonomy":"product_tag","embeddable":true,"href":"https:\/\/fashiongold.lt\/lv\/wp-json\/wp\/v2\/product_tag?post=281907"}],"curies":[{"name":"wp","href":"https:\/\/api.w.org\/{rel}","templated":true}]}}