{"id":282009,"date":"2025-10-14T19:44:57","date_gmt":"2025-10-14T19:44:57","guid":{"rendered":"https:\/\/fashiongold.lt\/papuosalas\/kazu-gredzenu-izgatavosana-6-mm-tekstureti-ar-dimantiem-002-ct-paris\/"},"modified":"2026-02-14T05:13:56","modified_gmt":"2026-02-14T05:13:56","slug":"kazu-gredzenu-izgatavosana-6-mm-tekstureti-ar-dimantiem-002-ct-paris","status":"publish","type":"product","link":"https:\/\/fashiongold.lt\/lv\/rotaslieta\/kazu-gredzenu-izgatavosana-6-mm-tekstureti-ar-dimantiem-002-ct-paris\/","title":{"rendered":"K\u0101zu gredzenu izgatavo\u0161ana \u2013 6 mm tekstur\u0113ti ar dimantiem (0,02 ct) (p\u0101ris)"},"content":{"rendered":"<p>Vai jums ir zelta rotaslietas, kuras nen\u0113s\u0101jat? Izmantojiet t\u0101s k\u0101zu gredzenu izgatavo\u0161anai un t\u0101 samaziniet k\u0101zu izmaksas. J\u016bs varat izv\u0113l\u0113ties izgatavot no j\u016bsu eso\u0161\u0101 zelta, ja tas ir d\u0101rgs k\u0101 \u0123imenes relikvija, vai no m\u016bsu, bet eso\u0161o zeltu apmain\u012bsim p\u0113c svara. Neatkar\u012bgi no j\u016bsu eso\u0161\u0101 zelta kr\u0101sas, m\u0113s izgatavosim jums k\u0101zu gredzenus t\u0101d\u0101 kr\u0101s\u0101, k\u0101da jums pat\u012bk.<\/p>\n<p><strong>Izgatavo\u0161anas cen\u0101 ir iek\u013cauts:\u00a0<\/strong><\/p>\n<p>\u2022 Gredzena kr\u0101sa: var izv\u0113l\u0113ties dabisku balto, dzelteno, sarkano zeltu.\u00a0 \u00a0<\/p>\n<p>\u2022 Gredzena izm\u0113ri: platums 6,00 mm (iesp\u0113jams main\u012bt).<\/p>\n<p>\u2022 Gredzena komforta zona: ir.<\/p>\n<p>\u2022 Sertifik\u0101ts: Lietuvas Prove\u0161anas pal\u0101ta (LPR)\u00a0 \u00a0<\/p>\n<p>\u2022 Grav\u0113\u0161ana bez maksas<\/p>\n<p>\u2022 Vienreiz\u0113ja bezmaksas gredzena izm\u0113ra mai\u0146as garantija<\/p>\n<p>\u2022 Izgatavo\u0161anas un pieg\u0101des termi\u0146\u0161 no 14 darba dien\u0101m, steidzam\u012bbas k\u0101rt\u0101 3 d.d. laik\u0101.<\/p>\n<p><strong>Izgatavo\u0161anas cen\u0101 nav iek\u013cauts:<\/strong><\/p>\n<p>\u2022 Gredzena zelts: 14 K (585 prove), par papildu samaksu varam izgatavot no 10K (375 proves), 18K (750 proves)\u00a0 \u00a0 \u00a0<\/p>\n<p>\u2022 Gredzenu p\u0101ra svars (atkar\u012bgs no izm\u0113ra un proves): aptuveni 13,00 &#8211; 15,00 g\u00a0 \u00a0<\/p>\n<p>\u2022 Gredzena kr\u0101sa: rodija p\u0101rkl\u0101jums<\/p>\n<p>\u2022 Dimanta tips: Dabiskais dimants\u00a0 \u00a0 \u00a0<\/p>\n<p>\u2022 Dimanta forma: Apa\u013ca forma (Round cut)\u00a0 \u00a0 \u00a0<\/p>\n<p>\u2022 Dimanta raksturojums: 3 gab. x 0,03 ct (orient\u0113jo\u0161\u0101 cena 10 Eur\/gab.), (kr\u0101sa W, dzidrums Vs-SI) (iesp\u0113jams main\u012bt)\u00a0 \u00a0 \u00a0<\/p>\n<p><strong>Neatk\u0101rtojama skaistuma k\u0101zu gredzeni ar ekskluz\u012bvu stilu, augstu kvalit\u0101ti un komforta zonu. Lieliska izv\u0113le, kas atspogu\u013co j\u016bsu m\u012blest\u012bbas st\u0101stu.<\/strong><\/p>\n","protected":false},"excerpt":{"rendered":"<p>M\u016bsu juvelieris izgatavos Jums modernos tekstur\u0113tus kvadr\u0101ta formas laul\u012bbas gredzenus ar dimantiem, izmantojot J\u016bsu zeltu. Fashion Gold juvelieri jau 30 gadus izgatavo laul\u012bbas gredzenus, t\u0101p\u0113c uzticieties m\u016bsu profesionalit\u0101tei, augstajai kvalit\u0101tei un maks\u0101jiet tikai izgatavo\u0161anas cenu. Atkl\u0101jiet izcilo skaistumu ar Fashion Gold juvelieriem!\u00a0<\/p>\n","protected":false},"featured_media":205897,"template":"","meta":{"site-sidebar-layout":"","site-content-layout":"","ast-site-content-layout":"","site-content-style":"","site-sidebar-style":"","ast-global-header-display":"","ast-banner-title-visibility":"","ast-main-header-display":"","ast-hfb-above-header-display":"","ast-hfb-below-header-display":"","ast-hfb-mobile-header-display":"","site-post-title":"","ast-breadcrumbs-content":"","ast-featured-img":"","footer-sml-layout":"","ast-disable-related-posts":"","theme-transparent-header-meta":"","adv-header-id-meta":"","stick-header-meta":"","header-above-stick-meta":"","header-main-stick-meta":"","header-below-stick-meta":"","astra-migrate-meta-layouts":"default","ast-page-background-enabled":"default","ast-page-background-meta":{"desktop":{"background-color":"var(--ast-global-color-4)","background-image":"","background-repeat":"repeat","background-position":"center center","background-size":"auto","background-attachment":"scroll","background-type":"","background-media":"","overlay-type":"","overlay-color":"","overlay-opacity":"","overlay-gradient":""},"tablet":{"background-color":"","background-image":"","background-repeat":"repeat","background-position":"center center","background-size":"auto","background-attachment":"scroll","background-type":"","background-media":"","overlay-type":"","overlay-color":"","overlay-opacity":"","overlay-gradient":""},"mobile":{"background-color":"","background-image":"","background-repeat":"repeat","background-position":"center center","background-size":"auto","background-attachment":"scroll","background-type":"","background-media":"","overlay-type":"","overlay-color":"","overlay-opacity":"","overlay-gradient":""}},"ast-content-background-meta":{"desktop":{"background-color":"var(--ast-global-color-5)","background-image":"","background-repeat":"repeat","background-position":"center center","background-size":"auto","background-attachment":"scroll","background-type":"","background-media":"","overlay-type":"","overlay-color":"","overlay-opacity":"","overlay-gradient":""},"tablet":{"background-color":"var(--ast-global-color-5)","background-image":"","background-repeat":"repeat","background-position":"center center","background-size":"auto","background-attachment":"scroll","background-type":"","background-media":"","overlay-type":"","overlay-color":"","overlay-opacity":"","overlay-gradient":""},"mobile":{"background-color":"var(--ast-global-color-5)","background-image":"","background-repeat":"repeat","background-position":"center center","background-size":"auto","background-attachment":"scroll","background-type":"","background-media":"","overlay-type":"","overlay-color":"","overlay-opacity":"","overlay-gradient":""}}},"product_brand":[],"product_cat":[2930,3524,3794],"product_tag":[],"class_list":{"0":"post-282009","1":"product","2":"type-product","3":"status-publish","4":"has-post-thumbnail","6":"product_cat-juvelieris","7":"product_cat-kazu-gredzeni","8":"product_cat-kazu-gredzenu-izgatavosana","9":"desktop-align-center","10":"tablet-align-left","11":"mobile-align-left","12":"ast-product-gallery-layout-horizontal-slider","13":"ast-product-gallery-with-no-image","14":"ast-product-single-variable","15":"ast-product-tabs-layout-accordion","16":"ast-qv-on-image","18":"first","19":"instock","20":"taxable","21":"shipping-taxable","22":"purchasable","23":"product-type-variable"},"yoast_head":"<!-- This site is optimized with the Yoast SEO plugin v26.6 - https:\/\/yoast.com\/wordpress\/plugins\/seo\/ -->\n<title>Modernu k\u0101zu gredzenu ar tekst\u016bru izgatavo\u0161anas cena (6 mm)<\/title>\n<meta name=\"description\" content=\"Moderna dizaina rok\u0101m darin\u0101ts laul\u012bbas gredzenu p\u0101ris ar tekst\u016bru un dimantiem. Komforta zona. Ilggad\u0113ja pieredze. Lab\u0101k\u0101s cenas. Augsta kvalit\u0101te.\" \/>\n<meta name=\"robots\" content=\"index, follow, max-snippet:-1, max-image-preview:large, max-video-preview:-1\" \/>\n<link rel=\"canonical\" href=\"https:\/\/fashiongold.lt\/lv\/rotaslieta\/kazu-gredzenu-izgatavosana-6-mm-tekstureti-ar-dimantiem-002-ct-paris\/\" \/>\n<meta property=\"og:locale\" content=\"lv_LV\" \/>\n<meta property=\"og:type\" content=\"article\" \/>\n<meta property=\"og:title\" content=\"Modernu k\u0101zu gredzenu ar tekst\u016bru izgatavo\u0161anas cena (6 mm)\" \/>\n<meta property=\"og:description\" content=\"Moderna dizaina rok\u0101m darin\u0101ts laul\u012bbas gredzenu p\u0101ris ar tekst\u016bru un dimantiem. Komforta zona. Ilggad\u0113ja pieredze. Lab\u0101k\u0101s cenas. Augsta kvalit\u0101te.\" \/>\n<meta property=\"og:url\" content=\"https:\/\/fashiongold.lt\/lv\/rotaslieta\/kazu-gredzenu-izgatavosana-6-mm-tekstureti-ar-dimantiem-002-ct-paris\/\" \/>\n<meta property=\"og:site_name\" content=\"FashionGold.lt\" \/>\n<meta property=\"article:modified_time\" content=\"2026-02-14T05:13:56+00:00\" \/>\n<meta property=\"og:image\" content=\"https:\/\/fashiongold.lt\/wp-content\/uploads\/2025\/10\/11192-1ba-Vestuviniu-ziedu-gamyba-6-mm-balto-ir-geltono-aukso-teksturiniai-ziedai-su-deimantais.png\" \/>\n\t<meta property=\"og:image:width\" content=\"1000\" \/>\n\t<meta property=\"og:image:height\" content=\"1000\" \/>\n\t<meta property=\"og:image:type\" content=\"image\/png\" \/>\n<meta name=\"twitter:card\" content=\"summary_large_image\" \/>\n<meta name=\"twitter:label1\" content=\"Est. reading time\" \/>\n\t<meta name=\"twitter:data1\" content=\"1 minute\" \/>\n<script type=\"application\/ld+json\" class=\"yoast-schema-graph\">{\"@context\":\"https:\/\/schema.org\",\"@graph\":[{\"@type\":\"WebPage\",\"@id\":\"https:\/\/fashiongold.lt\/lv\/rotaslieta\/kazu-gredzenu-izgatavosana-6-mm-tekstureti-ar-dimantiem-002-ct-paris\/\",\"url\":\"https:\/\/fashiongold.lt\/lv\/rotaslieta\/kazu-gredzenu-izgatavosana-6-mm-tekstureti-ar-dimantiem-002-ct-paris\/\",\"name\":\"Modernu k\u0101zu gredzenu ar tekst\u016bru izgatavo\u0161anas cena (6 mm)\",\"isPartOf\":{\"@id\":\"https:\/\/fashiongold.lt\/lv\/#website\"},\"primaryImageOfPage\":{\"@id\":\"https:\/\/fashiongold.lt\/lv\/rotaslieta\/kazu-gredzenu-izgatavosana-6-mm-tekstureti-ar-dimantiem-002-ct-paris\/#primaryimage\"},\"image\":{\"@id\":\"https:\/\/fashiongold.lt\/lv\/rotaslieta\/kazu-gredzenu-izgatavosana-6-mm-tekstureti-ar-dimantiem-002-ct-paris\/#primaryimage\"},\"thumbnailUrl\":\"https:\/\/fashiongold.lt\/wp-content\/uploads\/2025\/10\/11192-1ba-Vestuviniu-ziedu-gamyba-6-mm-balto-ir-geltono-aukso-teksturiniai-ziedai-su-deimantais.png\",\"datePublished\":\"2025-10-14T19:44:57+00:00\",\"dateModified\":\"2026-02-14T05:13:56+00:00\",\"description\":\"Moderna dizaina rok\u0101m darin\u0101ts laul\u012bbas gredzenu p\u0101ris ar tekst\u016bru un dimantiem. Komforta zona. Ilggad\u0113ja pieredze. Lab\u0101k\u0101s cenas. Augsta kvalit\u0101te.\",\"breadcrumb\":{\"@id\":\"https:\/\/fashiongold.lt\/lv\/rotaslieta\/kazu-gredzenu-izgatavosana-6-mm-tekstureti-ar-dimantiem-002-ct-paris\/#breadcrumb\"},\"inLanguage\":\"lv-LV\",\"potentialAction\":[{\"@type\":\"ReadAction\",\"target\":[\"https:\/\/fashiongold.lt\/lv\/rotaslieta\/kazu-gredzenu-izgatavosana-6-mm-tekstureti-ar-dimantiem-002-ct-paris\/\"]}]},{\"@type\":\"ImageObject\",\"inLanguage\":\"lv-LV\",\"@id\":\"https:\/\/fashiongold.lt\/lv\/rotaslieta\/kazu-gredzenu-izgatavosana-6-mm-tekstureti-ar-dimantiem-002-ct-paris\/#primaryimage\",\"url\":\"https:\/\/fashiongold.lt\/wp-content\/uploads\/2025\/10\/11192-1ba-Vestuviniu-ziedu-gamyba-6-mm-balto-ir-geltono-aukso-teksturiniai-ziedai-su-deimantais.png\",\"contentUrl\":\"https:\/\/fashiongold.lt\/wp-content\/uploads\/2025\/10\/11192-1ba-Vestuviniu-ziedu-gamyba-6-mm-balto-ir-geltono-aukso-teksturiniai-ziedai-su-deimantais.png\",\"width\":1000,\"height\":1000},{\"@type\":\"BreadcrumbList\",\"@id\":\"https:\/\/fashiongold.lt\/lv\/rotaslieta\/kazu-gredzenu-izgatavosana-6-mm-tekstureti-ar-dimantiem-002-ct-paris\/#breadcrumb\",\"itemListElement\":[{\"@type\":\"ListItem\",\"position\":1,\"name\":\"Home\",\"item\":\"https:\/\/fashiongold.lt\/lv\/\"},{\"@type\":\"ListItem\",\"position\":2,\"name\":\"Dimantu veikals Fashiongold.lt\",\"item\":\"https:\/\/fashiongold.lt\/shop-2\/\"},{\"@type\":\"ListItem\",\"position\":3,\"name\":\"K\u0101zu gredzenu izgatavo\u0161ana \u2013 6 mm tekstur\u0113ti ar dimantiem (0,02 ct) (p\u0101ris)\"}]},{\"@type\":\"WebSite\",\"@id\":\"https:\/\/fashiongold.lt\/lv\/#website\",\"url\":\"https:\/\/fashiongold.lt\/lv\/\",\"name\":\"Fashion Gold\",\"description\":\"Juvelierizstr\u0101d\u0101jumu nams\",\"publisher\":{\"@id\":\"https:\/\/fashiongold.lt\/lv\/#organization\"},\"potentialAction\":[{\"@type\":\"SearchAction\",\"target\":{\"@type\":\"EntryPoint\",\"urlTemplate\":\"https:\/\/fashiongold.lt\/lv\/?s={search_term_string}\"},\"query-input\":{\"@type\":\"PropertyValueSpecification\",\"valueRequired\":true,\"valueName\":\"search_term_string\"}}],\"inLanguage\":\"lv-LV\"},{\"@type\":\"Organization\",\"@id\":\"https:\/\/fashiongold.lt\/lv\/#organization\",\"name\":\"Topdiamonds Online\",\"url\":\"https:\/\/fashiongold.lt\/lv\/\",\"logo\":{\"@type\":\"ImageObject\",\"inLanguage\":\"lv-LV\",\"@id\":\"https:\/\/fashiongold.lt\/lv\/#\/schema\/logo\/image\/\",\"url\":\"https:\/\/fashiongold.lt\/wp-content\/uploads\/2025\/04\/cropped-fashion_gold_logotipas2-scaled-1.png\",\"contentUrl\":\"https:\/\/fashiongold.lt\/wp-content\/uploads\/2025\/04\/cropped-fashion_gold_logotipas2-scaled-1.png\",\"width\":2559,\"height\":421,\"caption\":\"Topdiamonds Online\"},\"image\":{\"@id\":\"https:\/\/fashiongold.lt\/lv\/#\/schema\/logo\/image\/\"}}]}<\/script>\n<!-- \/ Yoast SEO plugin. -->","yoast_head_json":{"title":"Modernu k\u0101zu gredzenu ar tekst\u016bru izgatavo\u0161anas cena (6 mm)","description":"Moderna dizaina rok\u0101m darin\u0101ts laul\u012bbas gredzenu p\u0101ris ar tekst\u016bru un dimantiem. Komforta zona. Ilggad\u0113ja pieredze. Lab\u0101k\u0101s cenas. Augsta kvalit\u0101te.","robots":{"index":"index","follow":"follow","max-snippet":"max-snippet:-1","max-image-preview":"max-image-preview:large","max-video-preview":"max-video-preview:-1"},"canonical":"https:\/\/fashiongold.lt\/lv\/rotaslieta\/kazu-gredzenu-izgatavosana-6-mm-tekstureti-ar-dimantiem-002-ct-paris\/","og_locale":"lv_LV","og_type":"article","og_title":"Modernu k\u0101zu gredzenu ar tekst\u016bru izgatavo\u0161anas cena (6 mm)","og_description":"Moderna dizaina rok\u0101m darin\u0101ts laul\u012bbas gredzenu p\u0101ris ar tekst\u016bru un dimantiem. Komforta zona. Ilggad\u0113ja pieredze. Lab\u0101k\u0101s cenas. Augsta kvalit\u0101te.","og_url":"https:\/\/fashiongold.lt\/lv\/rotaslieta\/kazu-gredzenu-izgatavosana-6-mm-tekstureti-ar-dimantiem-002-ct-paris\/","og_site_name":"FashionGold.lt","article_modified_time":"2026-02-14T05:13:56+00:00","og_image":[{"width":1000,"height":1000,"url":"https:\/\/fashiongold.lt\/wp-content\/uploads\/2025\/10\/11192-1ba-Vestuviniu-ziedu-gamyba-6-mm-balto-ir-geltono-aukso-teksturiniai-ziedai-su-deimantais.png","type":"image\/png"}],"twitter_card":"summary_large_image","twitter_misc":{"Est. reading time":"1 minute"},"schema":{"@context":"https:\/\/schema.org","@graph":[{"@type":"WebPage","@id":"https:\/\/fashiongold.lt\/lv\/rotaslieta\/kazu-gredzenu-izgatavosana-6-mm-tekstureti-ar-dimantiem-002-ct-paris\/","url":"https:\/\/fashiongold.lt\/lv\/rotaslieta\/kazu-gredzenu-izgatavosana-6-mm-tekstureti-ar-dimantiem-002-ct-paris\/","name":"Modernu k\u0101zu gredzenu ar tekst\u016bru izgatavo\u0161anas cena (6 mm)","isPartOf":{"@id":"https:\/\/fashiongold.lt\/lv\/#website"},"primaryImageOfPage":{"@id":"https:\/\/fashiongold.lt\/lv\/rotaslieta\/kazu-gredzenu-izgatavosana-6-mm-tekstureti-ar-dimantiem-002-ct-paris\/#primaryimage"},"image":{"@id":"https:\/\/fashiongold.lt\/lv\/rotaslieta\/kazu-gredzenu-izgatavosana-6-mm-tekstureti-ar-dimantiem-002-ct-paris\/#primaryimage"},"thumbnailUrl":"https:\/\/fashiongold.lt\/wp-content\/uploads\/2025\/10\/11192-1ba-Vestuviniu-ziedu-gamyba-6-mm-balto-ir-geltono-aukso-teksturiniai-ziedai-su-deimantais.png","datePublished":"2025-10-14T19:44:57+00:00","dateModified":"2026-02-14T05:13:56+00:00","description":"Moderna dizaina rok\u0101m darin\u0101ts laul\u012bbas gredzenu p\u0101ris ar tekst\u016bru un dimantiem. Komforta zona. Ilggad\u0113ja pieredze. Lab\u0101k\u0101s cenas. Augsta kvalit\u0101te.","breadcrumb":{"@id":"https:\/\/fashiongold.lt\/lv\/rotaslieta\/kazu-gredzenu-izgatavosana-6-mm-tekstureti-ar-dimantiem-002-ct-paris\/#breadcrumb"},"inLanguage":"lv-LV","potentialAction":[{"@type":"ReadAction","target":["https:\/\/fashiongold.lt\/lv\/rotaslieta\/kazu-gredzenu-izgatavosana-6-mm-tekstureti-ar-dimantiem-002-ct-paris\/"]}]},{"@type":"ImageObject","inLanguage":"lv-LV","@id":"https:\/\/fashiongold.lt\/lv\/rotaslieta\/kazu-gredzenu-izgatavosana-6-mm-tekstureti-ar-dimantiem-002-ct-paris\/#primaryimage","url":"https:\/\/fashiongold.lt\/wp-content\/uploads\/2025\/10\/11192-1ba-Vestuviniu-ziedu-gamyba-6-mm-balto-ir-geltono-aukso-teksturiniai-ziedai-su-deimantais.png","contentUrl":"https:\/\/fashiongold.lt\/wp-content\/uploads\/2025\/10\/11192-1ba-Vestuviniu-ziedu-gamyba-6-mm-balto-ir-geltono-aukso-teksturiniai-ziedai-su-deimantais.png","width":1000,"height":1000},{"@type":"BreadcrumbList","@id":"https:\/\/fashiongold.lt\/lv\/rotaslieta\/kazu-gredzenu-izgatavosana-6-mm-tekstureti-ar-dimantiem-002-ct-paris\/#breadcrumb","itemListElement":[{"@type":"ListItem","position":1,"name":"Home","item":"https:\/\/fashiongold.lt\/lv\/"},{"@type":"ListItem","position":2,"name":"Dimantu veikals Fashiongold.lt","item":"https:\/\/fashiongold.lt\/shop-2\/"},{"@type":"ListItem","position":3,"name":"K\u0101zu gredzenu izgatavo\u0161ana \u2013 6 mm tekstur\u0113ti ar dimantiem (0,02 ct) (p\u0101ris)"}]},{"@type":"WebSite","@id":"https:\/\/fashiongold.lt\/lv\/#website","url":"https:\/\/fashiongold.lt\/lv\/","name":"Fashion Gold","description":"Juvelierizstr\u0101d\u0101jumu nams","publisher":{"@id":"https:\/\/fashiongold.lt\/lv\/#organization"},"potentialAction":[{"@type":"SearchAction","target":{"@type":"EntryPoint","urlTemplate":"https:\/\/fashiongold.lt\/lv\/?s={search_term_string}"},"query-input":{"@type":"PropertyValueSpecification","valueRequired":true,"valueName":"search_term_string"}}],"inLanguage":"lv-LV"},{"@type":"Organization","@id":"https:\/\/fashiongold.lt\/lv\/#organization","name":"Topdiamonds Online","url":"https:\/\/fashiongold.lt\/lv\/","logo":{"@type":"ImageObject","inLanguage":"lv-LV","@id":"https:\/\/fashiongold.lt\/lv\/#\/schema\/logo\/image\/","url":"https:\/\/fashiongold.lt\/wp-content\/uploads\/2025\/04\/cropped-fashion_gold_logotipas2-scaled-1.png","contentUrl":"https:\/\/fashiongold.lt\/wp-content\/uploads\/2025\/04\/cropped-fashion_gold_logotipas2-scaled-1.png","width":2559,"height":421,"caption":"Topdiamonds Online"},"image":{"@id":"https:\/\/fashiongold.lt\/lv\/#\/schema\/logo\/image\/"}}]}},"_links":{"self":[{"href":"https:\/\/fashiongold.lt\/lv\/wp-json\/wp\/v2\/product\/282009","targetHints":{"allow":["GET"]}}],"collection":[{"href":"https:\/\/fashiongold.lt\/lv\/wp-json\/wp\/v2\/product"}],"about":[{"href":"https:\/\/fashiongold.lt\/lv\/wp-json\/wp\/v2\/types\/product"}],"version-history":[{"count":0,"href":"https:\/\/fashiongold.lt\/lv\/wp-json\/wp\/v2\/product\/282009\/revisions"}],"wp:featuredmedia":[{"embeddable":true,"href":"https:\/\/fashiongold.lt\/lv\/wp-json\/wp\/v2\/media\/205897"}],"wp:attachment":[{"href":"https:\/\/fashiongold.lt\/lv\/wp-json\/wp\/v2\/media?parent=282009"}],"wp:term":[{"taxonomy":"product_brand","embeddable":true,"href":"https:\/\/fashiongold.lt\/lv\/wp-json\/wp\/v2\/product_brand?post=282009"},{"taxonomy":"product_cat","embeddable":true,"href":"https:\/\/fashiongold.lt\/lv\/wp-json\/wp\/v2\/product_cat?post=282009"},{"taxonomy":"product_tag","embeddable":true,"href":"https:\/\/fashiongold.lt\/lv\/wp-json\/wp\/v2\/product_tag?post=282009"}],"curies":[{"name":"wp","href":"https:\/\/api.w.org\/{rel}","templated":true}]}}