{"id":282122,"date":"2025-10-14T19:09:01","date_gmt":"2025-10-14T19:09:01","guid":{"rendered":"https:\/\/fashiongold.lt\/papuosalas\/gredzens-ar-222-ct-lab-grown-dimantiem-audzetiem-dimantiem\/"},"modified":"2026-02-14T05:16:14","modified_gmt":"2026-02-14T05:16:14","slug":"gredzens-ar-222-ct-lab-grown-dimantiem-audzetiem-dimantiem","status":"publish","type":"product","link":"https:\/\/fashiongold.lt\/lv\/papuosalas\/gredzens-ar-222-ct-lab-grown-dimantiem-audzetiem-dimantiem\/","title":{"rendered":"Gredzens ar 2,22 ct Lab Grown dimantiem (audz\u0113tiem dimantiem)"},"content":{"rendered":"<p>\u201eFashion Gold\u201d juvelieru meistaru rad\u012btais gredzens ir \u012bpa\u0161i augstas kvalit\u0101tes, ar Lietuvas Proves biroja sertifik\u0101tu par \u012bpa\u0161i pievilc\u012bgu cenu. T\u0101 ir rota, ko var nodot no paaudzes paaudz\u0113 k\u0101 \u0123imenes relikviju, jo ne zelts, ne dimanti nekad nezaud\u0113 v\u0113rt\u012bbu. \u0160o zelta gredzenu var pas\u016bt\u012bt gan salon\u0101, gan internet\u0101. Ar \u0161o gredzenu varat bildin\u0101t, ta\u010du tas ir piem\u0113rots ar\u012b citiem gad\u012bjumiem &#8211; ieprieciniet m\u012b\u013coto sievieti Ziemassv\u0113tkos, Valent\u012bndien\u0101, dzim\u0161anas dien\u0101 vai gadadien\u0101.\u00a0 Neatk\u0101rtojama skaistuma gredzens ar ekskluz\u012bvu stilu, augstu kvalit\u0101ti un komforta zonu. Gredzens var tikt izgatavots p\u0113c pas\u016bt\u012bjuma: no sarkan\u0101, dzelten\u0101 vai balt\u0101 zelta.\u00a0<\/p>\n<p>\u2022 Gredzena zelts: 14 K (585 prove), varam izgatavot no 10K (375 prove), 18K (750 prove)\u00a0 \u00a0 \u00a0 \u00a0 \u00a0<\/p>\n<p>\u2022 Gredzena kr\u0101sa: var izv\u0113l\u0113ties baltu, dzeltenu, sarkanu zeltu\u00a0<\/p>\n<p>\u2022 Gredzena svars (atkar\u012bgs no izm\u0113ra un proves): aptuveni 3.00 &#8211; 5.00 g\u00a0 \u00a0 \u00a0 \u00a0 \u00a0 \u00a0<\/p>\n<p>\u2022 Gredzena izm\u0113ri: (var main\u012bt)\u00a0 \u00a0 \u00a0 \u00a0<\/p>\n<p>\u2022 Gredzena komforta zona: ir\u00a0 \u00a0 \u00a0<\/p>\n<p>\u2022 Dimanta veids: Laboratorij\u0101 audz\u0113ts dimants (Lab grown diamonds)\u00a0 \u00a0 \u00a0 \u00a0<\/p>\n<p>\u2022 Dimanta forma: Apa\u013ca forma (Round cut)\u00a0 \u00a0 \u00a0 \u00a0<\/p>\n<p>\u2022 Dimanta raksturojums: 2.22 ct (kr\u0101sa E, dzidrums VVS2, apstr\u0101de: sl\u012bp\u0113jums Ex, simetrija Ex, pul\u0113jums Ex) (var main\u012bt)\u00a0 \u00a0 \u00a0 \u00a0<\/p>\n<p>\u2022 Sertifik\u0101ts: Lietuvas Proves birojs (LPR), papildus IGI sertifik\u0101ts\u00a0 \u00a0 \u00a0 \u00a0 \u00a0<\/p>\n<p>\u2022 Grav\u0113\u0161ana bez maksas\u00a0 \u00a0<\/p>\n<p>\u2022 Vienreiz\u0113ja bezmaksas gredzena izm\u0113ra mai\u0146as garantija (p\u0113c iesp\u0113jas)\u00a0 \u00a0<\/p>\n<p>\u2022 Izgatavo\u0161anas un pieg\u0101des termi\u0146\u0161 no 14 darba dien\u0101m, steidzam\u012bbas k\u0101rt\u0101 3 d.d. laik\u0101.\u00a0 \u00a0<\/p>\n<p><strong>Jums ir savs zelts? Sazinieties ar mums, m\u0113s p\u0101rr\u0113\u0137in\u0101sim cenu \u2013 maks\u0101siet tikai par gredzenu izgatavo\u0161anu.<\/strong><\/p>\n","protected":false},"excerpt":{"rendered":"<p>Halo dizaina gredzens ar 2,22 kar\u0101tu Round dimantiem. Augstas kvalit\u0101tes roku darbs, unik\u0101ls dizains \u2013 moderns, mirdzo\u0161s, ide\u0101li piem\u0113rots j\u016bsu izredz\u0113tajai<\/p>\n","protected":false},"featured_media":204538,"template":"","meta":{"site-sidebar-layout":"","site-content-layout":"","ast-site-content-layout":"","site-content-style":"","site-sidebar-style":"","ast-global-header-display":"","ast-banner-title-visibility":"","ast-main-header-display":"","ast-hfb-above-header-display":"","ast-hfb-below-header-display":"","ast-hfb-mobile-header-display":"","site-post-title":"","ast-breadcrumbs-content":"","ast-featured-img":"","footer-sml-layout":"","ast-disable-related-posts":"","theme-transparent-header-meta":"","adv-header-id-meta":"","stick-header-meta":"","header-above-stick-meta":"","header-main-stick-meta":"","header-below-stick-meta":"","astra-migrate-meta-layouts":"default","ast-page-background-enabled":"default","ast-page-background-meta":{"desktop":{"background-color":"var(--ast-global-color-4)","background-image":"","background-repeat":"repeat","background-position":"center center","background-size":"auto","background-attachment":"scroll","background-type":"","background-media":"","overlay-type":"","overlay-color":"","overlay-opacity":"","overlay-gradient":""},"tablet":{"background-color":"","background-image":"","background-repeat":"repeat","background-position":"center center","background-size":"auto","background-attachment":"scroll","background-type":"","background-media":"","overlay-type":"","overlay-color":"","overlay-opacity":"","overlay-gradient":""},"mobile":{"background-color":"","background-image":"","background-repeat":"repeat","background-position":"center center","background-size":"auto","background-attachment":"scroll","background-type":"","background-media":"","overlay-type":"","overlay-color":"","overlay-opacity":"","overlay-gradient":""}},"ast-content-background-meta":{"desktop":{"background-color":"var(--ast-global-color-5)","background-image":"","background-repeat":"repeat","background-position":"center center","background-size":"auto","background-attachment":"scroll","background-type":"","background-media":"","overlay-type":"","overlay-color":"","overlay-opacity":"","overlay-gradient":""},"tablet":{"background-color":"var(--ast-global-color-5)","background-image":"","background-repeat":"repeat","background-position":"center center","background-size":"auto","background-attachment":"scroll","background-type":"","background-media":"","overlay-type":"","overlay-color":"","overlay-opacity":"","overlay-gradient":""},"mobile":{"background-color":"var(--ast-global-color-5)","background-image":"","background-repeat":"repeat","background-position":"center center","background-size":"auto","background-attachment":"scroll","background-type":"","background-media":"","overlay-type":"","overlay-color":"","overlay-opacity":"","overlay-gradient":""}}},"product_brand":[],"product_cat":[3561,3504,3439,3560],"product_tag":[],"class_list":{"0":"post-282122","1":"product","2":"type-product","3":"status-publish","4":"has-post-thumbnail","6":"product_cat-gredzeni-ar-laboratorijas-dimantiem-audzeti-dimanti","7":"product_cat-juvelierizstradajumi-ar-laboratorija-audzetiem-dimantiem","8":"product_cat-saderinasanas-gredzeni","9":"product_cat-saderinasanas-gredzeni-ar-laboratorijas-dimantiem","10":"desktop-align-center","11":"tablet-align-left","12":"mobile-align-left","13":"ast-product-gallery-layout-horizontal-slider","14":"ast-product-gallery-with-no-image","15":"ast-product-single-variable","16":"ast-product-tabs-layout-accordion","17":"ast-qv-on-image","19":"first","20":"instock","21":"taxable","22":"shipping-taxable","23":"purchasable","24":"product-type-variable"},"yoast_head":"<!-- This site is optimized with the Yoast SEO plugin v26.6 - https:\/\/yoast.com\/wordpress\/plugins\/seo\/ -->\n<title>Gredzens ar 2.22 ct apa\u013ciem laboratorij\u0101 audz\u0113tiem dimantiem | Fashiongold.lt<\/title>\n<meta name=\"description\" content=\"Halo dizaina gredzens ar 2,22 kar\u0101tu apa\u013cas formas laboratorij\u0101 audz\u0113tiem dimantiem. Augstas kvalit\u0101tes roku darbs, kas ide\u0101li piem\u0113rots j\u016bsu izv\u0113l\u0113tajai. Bezmaksas pieg\u0101de.\" \/>\n<meta name=\"robots\" content=\"index, follow, max-snippet:-1, max-image-preview:large, max-video-preview:-1\" \/>\n<link rel=\"canonical\" href=\"https:\/\/fashiongold.lt\/lv\/papuosalas\/gredzens-ar-222-ct-lab-grown-dimantiem-audzetiem-dimantiem\/\" \/>\n<meta property=\"og:locale\" content=\"lv_LV\" \/>\n<meta property=\"og:type\" content=\"article\" \/>\n<meta property=\"og:title\" content=\"Gredzens ar 2.22 ct apa\u013ciem laboratorij\u0101 audz\u0113tiem dimantiem | Fashiongold.lt\" \/>\n<meta property=\"og:description\" content=\"Halo dizaina gredzens ar 2,22 kar\u0101tu apa\u013cas formas laboratorij\u0101 audz\u0113tiem dimantiem. Augstas kvalit\u0101tes roku darbs, kas ide\u0101li piem\u0113rots j\u016bsu izv\u0113l\u0113tajai. Bezmaksas pieg\u0101de.\" \/>\n<meta property=\"og:url\" content=\"https:\/\/fashiongold.lt\/lv\/papuosalas\/gredzens-ar-222-ct-lab-grown-dimantiem-audzetiem-dimantiem\/\" \/>\n<meta property=\"og:site_name\" content=\"FashionGold.lt\" \/>\n<meta property=\"article:modified_time\" content=\"2026-02-14T05:16:14+00:00\" \/>\n<meta property=\"og:image\" content=\"https:\/\/fashiongold.lt\/wp-content\/uploads\/2025\/10\/10640-d71-Geltono-aukso-Ziedas-su-2.22-ct-Lab-Grown-deimantais.webp\" \/>\n\t<meta property=\"og:image:width\" content=\"1000\" \/>\n\t<meta property=\"og:image:height\" content=\"1000\" \/>\n\t<meta property=\"og:image:type\" content=\"image\/png\" \/>\n<meta name=\"twitter:card\" content=\"summary_large_image\" \/>\n<meta name=\"twitter:label1\" content=\"Est. reading time\" \/>\n\t<meta name=\"twitter:data1\" content=\"1 minute\" \/>\n<script type=\"application\/ld+json\" class=\"yoast-schema-graph\">{\"@context\":\"https:\/\/schema.org\",\"@graph\":[{\"@type\":\"WebPage\",\"@id\":\"https:\/\/fashiongold.lt\/lv\/papuosalas\/gredzens-ar-222-ct-lab-grown-dimantiem-audzetiem-dimantiem\/\",\"url\":\"https:\/\/fashiongold.lt\/lv\/papuosalas\/gredzens-ar-222-ct-lab-grown-dimantiem-audzetiem-dimantiem\/\",\"name\":\"Gredzens ar 2.22 ct apa\u013ciem laboratorij\u0101 audz\u0113tiem dimantiem | Fashiongold.lt\",\"isPartOf\":{\"@id\":\"https:\/\/fashiongold.lt\/lv\/#website\"},\"primaryImageOfPage\":{\"@id\":\"https:\/\/fashiongold.lt\/lv\/papuosalas\/gredzens-ar-222-ct-lab-grown-dimantiem-audzetiem-dimantiem\/#primaryimage\"},\"image\":{\"@id\":\"https:\/\/fashiongold.lt\/lv\/papuosalas\/gredzens-ar-222-ct-lab-grown-dimantiem-audzetiem-dimantiem\/#primaryimage\"},\"thumbnailUrl\":\"https:\/\/fashiongold.lt\/wp-content\/uploads\/2025\/10\/10640-d71-Geltono-aukso-Ziedas-su-2.22-ct-Lab-Grown-deimantais.png\",\"datePublished\":\"2025-10-14T19:09:01+00:00\",\"dateModified\":\"2026-02-14T05:16:14+00:00\",\"description\":\"Halo dizaina gredzens ar 2,22 kar\u0101tu apa\u013cas formas laboratorij\u0101 audz\u0113tiem dimantiem. Augstas kvalit\u0101tes roku darbs, kas ide\u0101li piem\u0113rots j\u016bsu izv\u0113l\u0113tajai. Bezmaksas pieg\u0101de.\",\"breadcrumb\":{\"@id\":\"https:\/\/fashiongold.lt\/lv\/papuosalas\/gredzens-ar-222-ct-lab-grown-dimantiem-audzetiem-dimantiem\/#breadcrumb\"},\"inLanguage\":\"lv-LV\",\"potentialAction\":[{\"@type\":\"ReadAction\",\"target\":[\"https:\/\/fashiongold.lt\/lv\/papuosalas\/gredzens-ar-222-ct-lab-grown-dimantiem-audzetiem-dimantiem\/\"]}]},{\"@type\":\"ImageObject\",\"inLanguage\":\"lv-LV\",\"@id\":\"https:\/\/fashiongold.lt\/lv\/papuosalas\/gredzens-ar-222-ct-lab-grown-dimantiem-audzetiem-dimantiem\/#primaryimage\",\"url\":\"https:\/\/fashiongold.lt\/wp-content\/uploads\/2025\/10\/10640-d71-Geltono-aukso-Ziedas-su-2.22-ct-Lab-Grown-deimantais.png\",\"contentUrl\":\"https:\/\/fashiongold.lt\/wp-content\/uploads\/2025\/10\/10640-d71-Geltono-aukso-Ziedas-su-2.22-ct-Lab-Grown-deimantais.png\",\"width\":1000,\"height\":1000},{\"@type\":\"BreadcrumbList\",\"@id\":\"https:\/\/fashiongold.lt\/lv\/papuosalas\/gredzens-ar-222-ct-lab-grown-dimantiem-audzetiem-dimantiem\/#breadcrumb\",\"itemListElement\":[{\"@type\":\"ListItem\",\"position\":1,\"name\":\"Home\",\"item\":\"https:\/\/fashiongold.lt\/lv\/\"},{\"@type\":\"ListItem\",\"position\":2,\"name\":\"Dimantu veikals Fashiongold.lt\",\"item\":\"https:\/\/fashiongold.lt\/shop-2\/\"},{\"@type\":\"ListItem\",\"position\":3,\"name\":\"Gredzens ar 2,22 ct Lab Grown dimantiem (audz\u0113tiem dimantiem)\"}]},{\"@type\":\"WebSite\",\"@id\":\"https:\/\/fashiongold.lt\/lv\/#website\",\"url\":\"https:\/\/fashiongold.lt\/lv\/\",\"name\":\"Fashion Gold\",\"description\":\"Juvelyrikos namai\",\"publisher\":{\"@id\":\"https:\/\/fashiongold.lt\/lv\/#organization\"},\"potentialAction\":[{\"@type\":\"SearchAction\",\"target\":{\"@type\":\"EntryPoint\",\"urlTemplate\":\"https:\/\/fashiongold.lt\/lv\/?s={search_term_string}\"},\"query-input\":{\"@type\":\"PropertyValueSpecification\",\"valueRequired\":true,\"valueName\":\"search_term_string\"}}],\"inLanguage\":\"lv-LV\"},{\"@type\":\"Organization\",\"@id\":\"https:\/\/fashiongold.lt\/lv\/#organization\",\"name\":\"Topdiamonds Online\",\"url\":\"https:\/\/fashiongold.lt\/lv\/\",\"logo\":{\"@type\":\"ImageObject\",\"inLanguage\":\"lv-LV\",\"@id\":\"https:\/\/fashiongold.lt\/lv\/#\/schema\/logo\/image\/\",\"url\":\"https:\/\/fashiongold.lt\/wp-content\/uploads\/2025\/04\/cropped-fashion_gold_logotipas2-scaled-1.png\",\"contentUrl\":\"https:\/\/fashiongold.lt\/wp-content\/uploads\/2025\/04\/cropped-fashion_gold_logotipas2-scaled-1.png\",\"width\":2559,\"height\":421,\"caption\":\"Topdiamonds Online\"},\"image\":{\"@id\":\"https:\/\/fashiongold.lt\/lv\/#\/schema\/logo\/image\/\"}}]}<\/script>\n<!-- \/ Yoast SEO plugin. -->","yoast_head_json":{"title":"Gredzens ar 2.22 ct apa\u013ciem laboratorij\u0101 audz\u0113tiem dimantiem | Fashiongold.lt","description":"Halo dizaina gredzens ar 2,22 kar\u0101tu apa\u013cas formas laboratorij\u0101 audz\u0113tiem dimantiem. Augstas kvalit\u0101tes roku darbs, kas ide\u0101li piem\u0113rots j\u016bsu izv\u0113l\u0113tajai. Bezmaksas pieg\u0101de.","robots":{"index":"index","follow":"follow","max-snippet":"max-snippet:-1","max-image-preview":"max-image-preview:large","max-video-preview":"max-video-preview:-1"},"canonical":"https:\/\/fashiongold.lt\/lv\/papuosalas\/gredzens-ar-222-ct-lab-grown-dimantiem-audzetiem-dimantiem\/","og_locale":"lv_LV","og_type":"article","og_title":"Gredzens ar 2.22 ct apa\u013ciem laboratorij\u0101 audz\u0113tiem dimantiem | Fashiongold.lt","og_description":"Halo dizaina gredzens ar 2,22 kar\u0101tu apa\u013cas formas laboratorij\u0101 audz\u0113tiem dimantiem. Augstas kvalit\u0101tes roku darbs, kas ide\u0101li piem\u0113rots j\u016bsu izv\u0113l\u0113tajai. Bezmaksas pieg\u0101de.","og_url":"https:\/\/fashiongold.lt\/lv\/papuosalas\/gredzens-ar-222-ct-lab-grown-dimantiem-audzetiem-dimantiem\/","og_site_name":"FashionGold.lt","article_modified_time":"2026-02-14T05:16:14+00:00","og_image":[{"width":1000,"height":1000,"url":"https:\/\/fashiongold.lt\/wp-content\/uploads\/2025\/10\/10640-d71-Geltono-aukso-Ziedas-su-2.22-ct-Lab-Grown-deimantais.webp","type":"image\/png"}],"twitter_card":"summary_large_image","twitter_misc":{"Est. reading time":"1 minute"},"schema":{"@context":"https:\/\/schema.org","@graph":[{"@type":"WebPage","@id":"https:\/\/fashiongold.lt\/lv\/papuosalas\/gredzens-ar-222-ct-lab-grown-dimantiem-audzetiem-dimantiem\/","url":"https:\/\/fashiongold.lt\/lv\/papuosalas\/gredzens-ar-222-ct-lab-grown-dimantiem-audzetiem-dimantiem\/","name":"Gredzens ar 2.22 ct apa\u013ciem laboratorij\u0101 audz\u0113tiem dimantiem | Fashiongold.lt","isPartOf":{"@id":"https:\/\/fashiongold.lt\/lv\/#website"},"primaryImageOfPage":{"@id":"https:\/\/fashiongold.lt\/lv\/papuosalas\/gredzens-ar-222-ct-lab-grown-dimantiem-audzetiem-dimantiem\/#primaryimage"},"image":{"@id":"https:\/\/fashiongold.lt\/lv\/papuosalas\/gredzens-ar-222-ct-lab-grown-dimantiem-audzetiem-dimantiem\/#primaryimage"},"thumbnailUrl":"https:\/\/fashiongold.lt\/wp-content\/uploads\/2025\/10\/10640-d71-Geltono-aukso-Ziedas-su-2.22-ct-Lab-Grown-deimantais.png","datePublished":"2025-10-14T19:09:01+00:00","dateModified":"2026-02-14T05:16:14+00:00","description":"Halo dizaina gredzens ar 2,22 kar\u0101tu apa\u013cas formas laboratorij\u0101 audz\u0113tiem dimantiem. Augstas kvalit\u0101tes roku darbs, kas ide\u0101li piem\u0113rots j\u016bsu izv\u0113l\u0113tajai. Bezmaksas pieg\u0101de.","breadcrumb":{"@id":"https:\/\/fashiongold.lt\/lv\/papuosalas\/gredzens-ar-222-ct-lab-grown-dimantiem-audzetiem-dimantiem\/#breadcrumb"},"inLanguage":"lv-LV","potentialAction":[{"@type":"ReadAction","target":["https:\/\/fashiongold.lt\/lv\/papuosalas\/gredzens-ar-222-ct-lab-grown-dimantiem-audzetiem-dimantiem\/"]}]},{"@type":"ImageObject","inLanguage":"lv-LV","@id":"https:\/\/fashiongold.lt\/lv\/papuosalas\/gredzens-ar-222-ct-lab-grown-dimantiem-audzetiem-dimantiem\/#primaryimage","url":"https:\/\/fashiongold.lt\/wp-content\/uploads\/2025\/10\/10640-d71-Geltono-aukso-Ziedas-su-2.22-ct-Lab-Grown-deimantais.png","contentUrl":"https:\/\/fashiongold.lt\/wp-content\/uploads\/2025\/10\/10640-d71-Geltono-aukso-Ziedas-su-2.22-ct-Lab-Grown-deimantais.png","width":1000,"height":1000},{"@type":"BreadcrumbList","@id":"https:\/\/fashiongold.lt\/lv\/papuosalas\/gredzens-ar-222-ct-lab-grown-dimantiem-audzetiem-dimantiem\/#breadcrumb","itemListElement":[{"@type":"ListItem","position":1,"name":"Home","item":"https:\/\/fashiongold.lt\/lv\/"},{"@type":"ListItem","position":2,"name":"Dimantu veikals Fashiongold.lt","item":"https:\/\/fashiongold.lt\/shop-2\/"},{"@type":"ListItem","position":3,"name":"Gredzens ar 2,22 ct Lab Grown dimantiem (audz\u0113tiem dimantiem)"}]},{"@type":"WebSite","@id":"https:\/\/fashiongold.lt\/lv\/#website","url":"https:\/\/fashiongold.lt\/lv\/","name":"Fashion Gold","description":"Juvelyrikos namai","publisher":{"@id":"https:\/\/fashiongold.lt\/lv\/#organization"},"potentialAction":[{"@type":"SearchAction","target":{"@type":"EntryPoint","urlTemplate":"https:\/\/fashiongold.lt\/lv\/?s={search_term_string}"},"query-input":{"@type":"PropertyValueSpecification","valueRequired":true,"valueName":"search_term_string"}}],"inLanguage":"lv-LV"},{"@type":"Organization","@id":"https:\/\/fashiongold.lt\/lv\/#organization","name":"Topdiamonds Online","url":"https:\/\/fashiongold.lt\/lv\/","logo":{"@type":"ImageObject","inLanguage":"lv-LV","@id":"https:\/\/fashiongold.lt\/lv\/#\/schema\/logo\/image\/","url":"https:\/\/fashiongold.lt\/wp-content\/uploads\/2025\/04\/cropped-fashion_gold_logotipas2-scaled-1.png","contentUrl":"https:\/\/fashiongold.lt\/wp-content\/uploads\/2025\/04\/cropped-fashion_gold_logotipas2-scaled-1.png","width":2559,"height":421,"caption":"Topdiamonds Online"},"image":{"@id":"https:\/\/fashiongold.lt\/lv\/#\/schema\/logo\/image\/"}}]}},"_links":{"self":[{"href":"https:\/\/fashiongold.lt\/lv\/wp-json\/wp\/v2\/product\/282122","targetHints":{"allow":["GET"]}}],"collection":[{"href":"https:\/\/fashiongold.lt\/lv\/wp-json\/wp\/v2\/product"}],"about":[{"href":"https:\/\/fashiongold.lt\/lv\/wp-json\/wp\/v2\/types\/product"}],"version-history":[{"count":0,"href":"https:\/\/fashiongold.lt\/lv\/wp-json\/wp\/v2\/product\/282122\/revisions"}],"wp:featuredmedia":[{"embeddable":true,"href":"https:\/\/fashiongold.lt\/lv\/wp-json\/wp\/v2\/media\/204538"}],"wp:attachment":[{"href":"https:\/\/fashiongold.lt\/lv\/wp-json\/wp\/v2\/media?parent=282122"}],"wp:term":[{"taxonomy":"product_brand","embeddable":true,"href":"https:\/\/fashiongold.lt\/lv\/wp-json\/wp\/v2\/product_brand?post=282122"},{"taxonomy":"product_cat","embeddable":true,"href":"https:\/\/fashiongold.lt\/lv\/wp-json\/wp\/v2\/product_cat?post=282122"},{"taxonomy":"product_tag","embeddable":true,"href":"https:\/\/fashiongold.lt\/lv\/wp-json\/wp\/v2\/product_tag?post=282122"}],"curies":[{"name":"wp","href":"https:\/\/api.w.org\/{rel}","templated":true}]}}