{"id":282358,"date":"2025-10-14T18:00:07","date_gmt":"2025-10-14T18:00:07","guid":{"rendered":"https:\/\/fashiongold.lt\/papuosalas\/vacu-laulibas-gredzens-ar-dimantiem-dimanti-ii-012-ct\/"},"modified":"2025-10-14T18:00:07","modified_gmt":"2025-10-14T18:00:07","slug":"vacu-laulibas-gredzens-ar-dimantiem-dimanti-ii-012-ct","status":"publish","type":"product","link":"https:\/\/fashiongold.lt\/lv\/papuosalas\/vacu-laulibas-gredzens-ar-dimantiem-dimanti-ii-012-ct\/","title":{"rendered":"V\u0101cu laul\u012bbas gredzens ar dimantiem \u2013 Dimanti II (0,12 ct)"},"content":{"rendered":"<p>&#8220;Gerstner&#8221;, V\u0101cijas k\u0101zu gredzenu ra\u017eot\u0101js ar 150 gadu pieredzi, pied\u0101v\u0101 augst\u0101k\u0101s kvalit\u0101tes gredzenus. Neatvair\u0101ma skaistuma k\u0101zu gredzeni ar unik\u0101lu stilu, augstu kvalit\u0101ti un komforta zonu. Lieliska izv\u0113le, kas atspogu\u013co j\u016bsu m\u012blas st\u0101stu. To tehnolo\u0123ija ir unik\u0101la \u2013 k\u0101zu gredzeni tiek izgatavoti no r\u016bd\u012bta zelta, kas ir iztur\u012bgs pret mikroplais\u0101m, nesatur ni\u0137eli un maz\u0101k skr\u0101p\u0113jas. Gredzens var tikt izgatavots p\u0113c pas\u016bt\u012bjuma: no sarkan\u0101, dzelten\u0101 un balt\u0101 zelta, par papildu samaksu, ar da\u017e\u0101diem gredzena platumiem vai ar dimantiem.<\/p>\n<p>\u2022 Gredzena zelts: 14 K (585 prove), varam izgatavot no 10K (375 prove), 18K (750 prove), Pt600, Pt950\u00a0 \u00a0 \u00a0 \u00a0<\/p>\n<p>\u2022 Gredzena kr\u0101sa: iesp\u0113jams izv\u0113l\u0113ties baltu, dzeltenu, sarkanu zeltu vai ar citas kr\u0101sas mal\u0101m.\u00a0 \u00a0 \u00a0 \u00a0 \u00a0<\/p>\n<p>\u2022 Gredzenu p\u0101ra svars (atkar\u012bgs no izm\u0113ra un proves): p\u0113c fakta\u00a0 \u00a0 \u00a0 \u00a0 \u00a0<\/p>\n<p>\u2022 Gredzena izm\u0113ri: platums 3.5 mm, augstums 2.2 mm (var main\u012bt)\u00a0 \u00a0 \u00a0<\/p>\n<p>\u2022 Gredzena komforta zona: ir\u00a0 \u00a0<\/p>\n<p>\u2022 Dimanta tips: Dab\u012bgais dimants (var main\u012bt) \u00a0\u00a0 \u00a0 \u00a0\u00a0<\/p>\n<p>\u2022 Dimanta forma: Apa\u013cas (Round) formas dimants (var main\u012bt) \u00a0\u00a0 \u00a0 \u00a0\u00a0<\/p>\n<p>\u2022 Dimanta raksturojums: 0,12 ct (kr\u0101sa RW-W, G-H), t\u012br\u012bba VS-SI) (var main\u012bt)\u00a0 \u00a0 \u00a0 \u00a0 \u00a0\u00a0<\/p>\n<p>\u2022 Sertifik\u0101ts: Lietuvas Prove\u0161anas pal\u0101ta (LPR) un Gerstner uz\u0146\u0113muma\u00a0 \u00a0 \u00a0<\/p>\n<p>\u2022 Grav\u0113\u0161ana bez maksas\u00a0<\/p>\n<p>\u2022 Vienreiz\u0113ja bezmaksas gredzena izm\u0113ra mai\u0146as garantija\u00a0<\/p>\n<p>\u2022 Izgatavo\u0161anas un pieg\u0101des termi\u0146\u0161 no 14 darba dien\u0101m, steidzam\u012bbas k\u0101rt\u0101 3 darba dienu laik\u0101.\u00a0<\/p>\n<p><strong>Vai jums ir savs zelts? Sazinieties ar mums, m\u0113s p\u0101rr\u0113\u0137in\u0101sim cenu \u2013 j\u016bs maks\u0101siet tikai par gredzenu izgatavo\u0161anu.<\/strong><\/p>\n","protected":false},"excerpt":{"rendered":"<p>Klasisks 3,5 mm laul\u012bbas gredzens no \u201eGerstner\u201c \u2013 ar dimantiem, kas izvietoti pa diagon\u0101li. Gredzens izce\u013cas ar viegli izliektu \u0101r\u0113jo formu un maigi izliektu iek\u0161\u0113jo l\u012bniju, kas nodro\u0161ina maksim\u0101lu komfortu ikdienas lieto\u0161anai. Izv\u0113lieties V\u0101cijas kvalit\u0101ti!<\/p>\n","protected":false},"featured_media":201990,"template":"","meta":{"site-sidebar-layout":"","site-content-layout":"","ast-site-content-layout":"","site-content-style":"","site-sidebar-style":"","ast-global-header-display":"","ast-banner-title-visibility":"","ast-main-header-display":"","ast-hfb-above-header-display":"","ast-hfb-below-header-display":"","ast-hfb-mobile-header-display":"","site-post-title":"","ast-breadcrumbs-content":"","ast-featured-img":"","footer-sml-layout":"","ast-disable-related-posts":"","theme-transparent-header-meta":"","adv-header-id-meta":"","stick-header-meta":"","header-above-stick-meta":"","header-main-stick-meta":"","header-below-stick-meta":"","astra-migrate-meta-layouts":"default","ast-page-background-enabled":"default","ast-page-background-meta":{"desktop":{"background-color":"var(--ast-global-color-4)","background-image":"","background-repeat":"repeat","background-position":"center center","background-size":"auto","background-attachment":"scroll","background-type":"","background-media":"","overlay-type":"","overlay-color":"","overlay-opacity":"","overlay-gradient":""},"tablet":{"background-color":"","background-image":"","background-repeat":"repeat","background-position":"center center","background-size":"auto","background-attachment":"scroll","background-type":"","background-media":"","overlay-type":"","overlay-color":"","overlay-opacity":"","overlay-gradient":""},"mobile":{"background-color":"","background-image":"","background-repeat":"repeat","background-position":"center center","background-size":"auto","background-attachment":"scroll","background-type":"","background-media":"","overlay-type":"","overlay-color":"","overlay-opacity":"","overlay-gradient":""}},"ast-content-background-meta":{"desktop":{"background-color":"var(--ast-global-color-5)","background-image":"","background-repeat":"repeat","background-position":"center center","background-size":"auto","background-attachment":"scroll","background-type":"","background-media":"","overlay-type":"","overlay-color":"","overlay-opacity":"","overlay-gradient":""},"tablet":{"background-color":"var(--ast-global-color-5)","background-image":"","background-repeat":"repeat","background-position":"center center","background-size":"auto","background-attachment":"scroll","background-type":"","background-media":"","overlay-type":"","overlay-color":"","overlay-opacity":"","overlay-gradient":""},"mobile":{"background-color":"var(--ast-global-color-5)","background-image":"","background-repeat":"repeat","background-position":"center center","background-size":"auto","background-attachment":"scroll","background-type":"","background-media":"","overlay-type":"","overlay-color":"","overlay-opacity":"","overlay-gradient":""}}},"product_brand":[],"product_cat":[3524,3523,3829,3616,3810],"product_tag":[],"class_list":{"0":"post-282358","1":"product","2":"type-product","3":"status-publish","4":"has-post-thumbnail","6":"product_cat-kazu-gredzeni","7":"product_cat-klasiskie-laulibu-gredzeni","8":"product_cat-minimalistiski-kazu-gredzeni","9":"product_cat-sieviesu-laulibu-gredzeni","10":"product_cat-vacu-laulibu-gredzeni-gerstner","11":"desktop-align-center","12":"tablet-align-left","13":"mobile-align-left","14":"ast-product-gallery-layout-horizontal-slider","15":"ast-product-gallery-with-no-image","16":"ast-product-single-variable","17":"ast-product-tabs-layout-accordion","18":"ast-qv-on-image","20":"first","21":"instock","22":"taxable","23":"shipping-taxable","24":"purchasable","25":"product-type-variable"},"yoast_head":"<!-- This site is optimized with the Yoast SEO plugin v26.6 - https:\/\/yoast.com\/wordpress\/plugins\/seo\/ -->\n<title>V\u0101cu laul\u012bbas gredzens ar dimantiem - Dimanti II FashionGold.lt<\/title>\n<meta name=\"description\" content=\"3,5 mm laul\u012bbas gredzens no \u201eGerstner\u201c \u2013 ar dimantiem, kas izvietoti pa diagon\u0101li. Nodro\u0161ina maksim\u0101lu komfortu ikdienas lieto\u0161anai. Izv\u0113lieties V\u0101cijas kvalit\u0101ti!\" \/>\n<meta name=\"robots\" content=\"index, follow, max-snippet:-1, max-image-preview:large, max-video-preview:-1\" \/>\n<link rel=\"canonical\" href=\"https:\/\/fashiongold.lt\/lv\/papuosalas\/vacu-laulibas-gredzens-ar-dimantiem-dimanti-ii-012-ct\/\" \/>\n<meta property=\"og:locale\" content=\"lv_LV\" \/>\n<meta property=\"og:type\" content=\"article\" \/>\n<meta property=\"og:title\" content=\"V\u0101cu laul\u012bbas gredzens ar dimantiem - Dimanti II FashionGold.lt\" \/>\n<meta property=\"og:description\" content=\"3,5 mm laul\u012bbas gredzens no \u201eGerstner\u201c \u2013 ar dimantiem, kas izvietoti pa diagon\u0101li. Nodro\u0161ina maksim\u0101lu komfortu ikdienas lieto\u0161anai. Izv\u0113lieties V\u0101cijas kvalit\u0101ti!\" \/>\n<meta property=\"og:url\" content=\"https:\/\/fashiongold.lt\/lv\/papuosalas\/vacu-laulibas-gredzens-ar-dimantiem-dimanti-ii-012-ct\/\" \/>\n<meta property=\"og:site_name\" content=\"FashionGold.lt\" \/>\n<meta property=\"og:image\" content=\"https:\/\/fashiongold.lt\/wp-content\/uploads\/2025\/10\/10162-868-Geltono-aukso-vestuvinis-ziedas-su-deimantais-Deimantai-II.webp\" \/>\n\t<meta property=\"og:image:width\" content=\"1000\" \/>\n\t<meta property=\"og:image:height\" content=\"1000\" \/>\n\t<meta property=\"og:image:type\" content=\"image\/png\" \/>\n<meta name=\"twitter:card\" content=\"summary_large_image\" \/>\n<meta name=\"twitter:label1\" content=\"Est. reading time\" \/>\n\t<meta name=\"twitter:data1\" content=\"1 minute\" \/>\n<script type=\"application\/ld+json\" class=\"yoast-schema-graph\">{\"@context\":\"https:\/\/schema.org\",\"@graph\":[{\"@type\":\"WebPage\",\"@id\":\"https:\/\/fashiongold.lt\/lv\/papuosalas\/vacu-laulibas-gredzens-ar-dimantiem-dimanti-ii-012-ct\/\",\"url\":\"https:\/\/fashiongold.lt\/lv\/papuosalas\/vacu-laulibas-gredzens-ar-dimantiem-dimanti-ii-012-ct\/\",\"name\":\"V\u0101cu laul\u012bbas gredzens ar dimantiem - Dimanti II FashionGold.lt\",\"isPartOf\":{\"@id\":\"https:\/\/fashiongold.lt\/lv\/#website\"},\"primaryImageOfPage\":{\"@id\":\"https:\/\/fashiongold.lt\/lv\/papuosalas\/vacu-laulibas-gredzens-ar-dimantiem-dimanti-ii-012-ct\/#primaryimage\"},\"image\":{\"@id\":\"https:\/\/fashiongold.lt\/lv\/papuosalas\/vacu-laulibas-gredzens-ar-dimantiem-dimanti-ii-012-ct\/#primaryimage\"},\"thumbnailUrl\":\"https:\/\/fashiongold.lt\/wp-content\/uploads\/2025\/10\/10162-868-Geltono-aukso-vestuvinis-ziedas-su-deimantais-Deimantai-II.png\",\"datePublished\":\"2025-10-14T18:00:07+00:00\",\"description\":\"3,5 mm laul\u012bbas gredzens no \u201eGerstner\u201c \u2013 ar dimantiem, kas izvietoti pa diagon\u0101li. Nodro\u0161ina maksim\u0101lu komfortu ikdienas lieto\u0161anai. Izv\u0113lieties V\u0101cijas kvalit\u0101ti!\",\"breadcrumb\":{\"@id\":\"https:\/\/fashiongold.lt\/lv\/papuosalas\/vacu-laulibas-gredzens-ar-dimantiem-dimanti-ii-012-ct\/#breadcrumb\"},\"inLanguage\":\"lv-LV\",\"potentialAction\":[{\"@type\":\"ReadAction\",\"target\":[\"https:\/\/fashiongold.lt\/lv\/papuosalas\/vacu-laulibas-gredzens-ar-dimantiem-dimanti-ii-012-ct\/\"]}]},{\"@type\":\"ImageObject\",\"inLanguage\":\"lv-LV\",\"@id\":\"https:\/\/fashiongold.lt\/lv\/papuosalas\/vacu-laulibas-gredzens-ar-dimantiem-dimanti-ii-012-ct\/#primaryimage\",\"url\":\"https:\/\/fashiongold.lt\/wp-content\/uploads\/2025\/10\/10162-868-Geltono-aukso-vestuvinis-ziedas-su-deimantais-Deimantai-II.png\",\"contentUrl\":\"https:\/\/fashiongold.lt\/wp-content\/uploads\/2025\/10\/10162-868-Geltono-aukso-vestuvinis-ziedas-su-deimantais-Deimantai-II.png\",\"width\":1000,\"height\":1000},{\"@type\":\"BreadcrumbList\",\"@id\":\"https:\/\/fashiongold.lt\/lv\/papuosalas\/vacu-laulibas-gredzens-ar-dimantiem-dimanti-ii-012-ct\/#breadcrumb\",\"itemListElement\":[{\"@type\":\"ListItem\",\"position\":1,\"name\":\"Home\",\"item\":\"https:\/\/fashiongold.lt\/lv\/\"},{\"@type\":\"ListItem\",\"position\":2,\"name\":\"Dimantu veikals Fashiongold.lt\",\"item\":\"https:\/\/fashiongold.lt\/shop-2\/\"},{\"@type\":\"ListItem\",\"position\":3,\"name\":\"V\u0101cu laul\u012bbas gredzens ar dimantiem \u2013 Dimanti II (0,12 ct)\"}]},{\"@type\":\"WebSite\",\"@id\":\"https:\/\/fashiongold.lt\/lv\/#website\",\"url\":\"https:\/\/fashiongold.lt\/lv\/\",\"name\":\"Fashion Gold\",\"description\":\"Juvelyrikos namai\",\"publisher\":{\"@id\":\"https:\/\/fashiongold.lt\/lv\/#organization\"},\"potentialAction\":[{\"@type\":\"SearchAction\",\"target\":{\"@type\":\"EntryPoint\",\"urlTemplate\":\"https:\/\/fashiongold.lt\/lv\/?s={search_term_string}\"},\"query-input\":{\"@type\":\"PropertyValueSpecification\",\"valueRequired\":true,\"valueName\":\"search_term_string\"}}],\"inLanguage\":\"lv-LV\"},{\"@type\":\"Organization\",\"@id\":\"https:\/\/fashiongold.lt\/lv\/#organization\",\"name\":\"Topdiamonds Online\",\"url\":\"https:\/\/fashiongold.lt\/lv\/\",\"logo\":{\"@type\":\"ImageObject\",\"inLanguage\":\"lv-LV\",\"@id\":\"https:\/\/fashiongold.lt\/lv\/#\/schema\/logo\/image\/\",\"url\":\"https:\/\/fashiongold.lt\/wp-content\/uploads\/2025\/04\/cropped-fashion_gold_logotipas2-scaled-1.png\",\"contentUrl\":\"https:\/\/fashiongold.lt\/wp-content\/uploads\/2025\/04\/cropped-fashion_gold_logotipas2-scaled-1.png\",\"width\":2559,\"height\":421,\"caption\":\"Topdiamonds Online\"},\"image\":{\"@id\":\"https:\/\/fashiongold.lt\/lv\/#\/schema\/logo\/image\/\"}}]}<\/script>\n<!-- \/ Yoast SEO plugin. -->","yoast_head_json":{"title":"V\u0101cu laul\u012bbas gredzens ar dimantiem - Dimanti II FashionGold.lt","description":"3,5 mm laul\u012bbas gredzens no \u201eGerstner\u201c \u2013 ar dimantiem, kas izvietoti pa diagon\u0101li. Nodro\u0161ina maksim\u0101lu komfortu ikdienas lieto\u0161anai. Izv\u0113lieties V\u0101cijas kvalit\u0101ti!","robots":{"index":"index","follow":"follow","max-snippet":"max-snippet:-1","max-image-preview":"max-image-preview:large","max-video-preview":"max-video-preview:-1"},"canonical":"https:\/\/fashiongold.lt\/lv\/papuosalas\/vacu-laulibas-gredzens-ar-dimantiem-dimanti-ii-012-ct\/","og_locale":"lv_LV","og_type":"article","og_title":"V\u0101cu laul\u012bbas gredzens ar dimantiem - Dimanti II FashionGold.lt","og_description":"3,5 mm laul\u012bbas gredzens no \u201eGerstner\u201c \u2013 ar dimantiem, kas izvietoti pa diagon\u0101li. Nodro\u0161ina maksim\u0101lu komfortu ikdienas lieto\u0161anai. Izv\u0113lieties V\u0101cijas kvalit\u0101ti!","og_url":"https:\/\/fashiongold.lt\/lv\/papuosalas\/vacu-laulibas-gredzens-ar-dimantiem-dimanti-ii-012-ct\/","og_site_name":"FashionGold.lt","og_image":[{"width":1000,"height":1000,"url":"https:\/\/fashiongold.lt\/wp-content\/uploads\/2025\/10\/10162-868-Geltono-aukso-vestuvinis-ziedas-su-deimantais-Deimantai-II.webp","type":"image\/png"}],"twitter_card":"summary_large_image","twitter_misc":{"Est. reading time":"1 minute"},"schema":{"@context":"https:\/\/schema.org","@graph":[{"@type":"WebPage","@id":"https:\/\/fashiongold.lt\/lv\/papuosalas\/vacu-laulibas-gredzens-ar-dimantiem-dimanti-ii-012-ct\/","url":"https:\/\/fashiongold.lt\/lv\/papuosalas\/vacu-laulibas-gredzens-ar-dimantiem-dimanti-ii-012-ct\/","name":"V\u0101cu laul\u012bbas gredzens ar dimantiem - Dimanti II FashionGold.lt","isPartOf":{"@id":"https:\/\/fashiongold.lt\/lv\/#website"},"primaryImageOfPage":{"@id":"https:\/\/fashiongold.lt\/lv\/papuosalas\/vacu-laulibas-gredzens-ar-dimantiem-dimanti-ii-012-ct\/#primaryimage"},"image":{"@id":"https:\/\/fashiongold.lt\/lv\/papuosalas\/vacu-laulibas-gredzens-ar-dimantiem-dimanti-ii-012-ct\/#primaryimage"},"thumbnailUrl":"https:\/\/fashiongold.lt\/wp-content\/uploads\/2025\/10\/10162-868-Geltono-aukso-vestuvinis-ziedas-su-deimantais-Deimantai-II.png","datePublished":"2025-10-14T18:00:07+00:00","description":"3,5 mm laul\u012bbas gredzens no \u201eGerstner\u201c \u2013 ar dimantiem, kas izvietoti pa diagon\u0101li. Nodro\u0161ina maksim\u0101lu komfortu ikdienas lieto\u0161anai. Izv\u0113lieties V\u0101cijas kvalit\u0101ti!","breadcrumb":{"@id":"https:\/\/fashiongold.lt\/lv\/papuosalas\/vacu-laulibas-gredzens-ar-dimantiem-dimanti-ii-012-ct\/#breadcrumb"},"inLanguage":"lv-LV","potentialAction":[{"@type":"ReadAction","target":["https:\/\/fashiongold.lt\/lv\/papuosalas\/vacu-laulibas-gredzens-ar-dimantiem-dimanti-ii-012-ct\/"]}]},{"@type":"ImageObject","inLanguage":"lv-LV","@id":"https:\/\/fashiongold.lt\/lv\/papuosalas\/vacu-laulibas-gredzens-ar-dimantiem-dimanti-ii-012-ct\/#primaryimage","url":"https:\/\/fashiongold.lt\/wp-content\/uploads\/2025\/10\/10162-868-Geltono-aukso-vestuvinis-ziedas-su-deimantais-Deimantai-II.png","contentUrl":"https:\/\/fashiongold.lt\/wp-content\/uploads\/2025\/10\/10162-868-Geltono-aukso-vestuvinis-ziedas-su-deimantais-Deimantai-II.png","width":1000,"height":1000},{"@type":"BreadcrumbList","@id":"https:\/\/fashiongold.lt\/lv\/papuosalas\/vacu-laulibas-gredzens-ar-dimantiem-dimanti-ii-012-ct\/#breadcrumb","itemListElement":[{"@type":"ListItem","position":1,"name":"Home","item":"https:\/\/fashiongold.lt\/lv\/"},{"@type":"ListItem","position":2,"name":"Dimantu veikals Fashiongold.lt","item":"https:\/\/fashiongold.lt\/shop-2\/"},{"@type":"ListItem","position":3,"name":"V\u0101cu laul\u012bbas gredzens ar dimantiem \u2013 Dimanti II (0,12 ct)"}]},{"@type":"WebSite","@id":"https:\/\/fashiongold.lt\/lv\/#website","url":"https:\/\/fashiongold.lt\/lv\/","name":"Fashion Gold","description":"Juvelyrikos namai","publisher":{"@id":"https:\/\/fashiongold.lt\/lv\/#organization"},"potentialAction":[{"@type":"SearchAction","target":{"@type":"EntryPoint","urlTemplate":"https:\/\/fashiongold.lt\/lv\/?s={search_term_string}"},"query-input":{"@type":"PropertyValueSpecification","valueRequired":true,"valueName":"search_term_string"}}],"inLanguage":"lv-LV"},{"@type":"Organization","@id":"https:\/\/fashiongold.lt\/lv\/#organization","name":"Topdiamonds Online","url":"https:\/\/fashiongold.lt\/lv\/","logo":{"@type":"ImageObject","inLanguage":"lv-LV","@id":"https:\/\/fashiongold.lt\/lv\/#\/schema\/logo\/image\/","url":"https:\/\/fashiongold.lt\/wp-content\/uploads\/2025\/04\/cropped-fashion_gold_logotipas2-scaled-1.png","contentUrl":"https:\/\/fashiongold.lt\/wp-content\/uploads\/2025\/04\/cropped-fashion_gold_logotipas2-scaled-1.png","width":2559,"height":421,"caption":"Topdiamonds Online"},"image":{"@id":"https:\/\/fashiongold.lt\/lv\/#\/schema\/logo\/image\/"}}]}},"_links":{"self":[{"href":"https:\/\/fashiongold.lt\/lv\/wp-json\/wp\/v2\/product\/282358","targetHints":{"allow":["GET"]}}],"collection":[{"href":"https:\/\/fashiongold.lt\/lv\/wp-json\/wp\/v2\/product"}],"about":[{"href":"https:\/\/fashiongold.lt\/lv\/wp-json\/wp\/v2\/types\/product"}],"version-history":[{"count":0,"href":"https:\/\/fashiongold.lt\/lv\/wp-json\/wp\/v2\/product\/282358\/revisions"}],"wp:featuredmedia":[{"embeddable":true,"href":"https:\/\/fashiongold.lt\/lv\/wp-json\/wp\/v2\/media\/201990"}],"wp:attachment":[{"href":"https:\/\/fashiongold.lt\/lv\/wp-json\/wp\/v2\/media?parent=282358"}],"wp:term":[{"taxonomy":"product_brand","embeddable":true,"href":"https:\/\/fashiongold.lt\/lv\/wp-json\/wp\/v2\/product_brand?post=282358"},{"taxonomy":"product_cat","embeddable":true,"href":"https:\/\/fashiongold.lt\/lv\/wp-json\/wp\/v2\/product_cat?post=282358"},{"taxonomy":"product_tag","embeddable":true,"href":"https:\/\/fashiongold.lt\/lv\/wp-json\/wp\/v2\/product_tag?post=282358"}],"curies":[{"name":"wp","href":"https:\/\/api.w.org\/{rel}","templated":true}]}}