{"id":282543,"date":"2025-10-14T17:23:40","date_gmt":"2025-10-14T17:23:40","guid":{"rendered":"https:\/\/fashiongold.lt\/papuosalas\/6-50-ct-zelta-gredzens-ar-lab-grown-dimantiem\/"},"modified":"2025-10-14T17:23:40","modified_gmt":"2025-10-14T17:23:40","slug":"6-50-ct-zelta-gredzens-ar-lab-grown-dimantiem","status":"publish","type":"product","link":"https:\/\/fashiongold.lt\/lv\/papuosalas\/6-50-ct-zelta-gredzens-ar-lab-grown-dimantiem\/","title":{"rendered":"6.50 ct zelta gredzens ar Lab Grown dimantiem"},"content":{"rendered":"<p>Nep\u0101rsp\u0113jama skaistuma gredzens ar izsmalcin\u0101tu stilu, augstu kvalit\u0101ti un komforta zonu. Gredzenu iesp\u0113jams izgatavot p\u0113c pas\u016bt\u012bjuma: no sarkan\u0101, dzelten\u0101 un balt\u0101 zelta.<\/p>\n<p>\u2022 Gredzena zelts: 14 K (585. prove), varam izgatavot no 10K (375. proves), 18K (750. proves)\u00a0 \u00a0 \u00a0 \u00a0<\/p>\n<p>\u2022 Gredzena kr\u0101sa: iesp\u0113jams izv\u0113l\u0113ties balto, dzelteno, sarkano zeltu<\/p>\n<p>\u2022 Gredzena svars (atkar\u012bgs no izm\u0113ra un proves): aptuveni 3,00 &#8211; 5,00 g\u00a0 \u00a0 \u00a0 \u00a0 \u00a0<\/p>\n<p>\u2022 Gredzena izm\u0113ri: platums aptuveni 5,5 mm (iesp\u0113jams main\u012bt)\u00a0 \u00a0 \u00a0<\/p>\n<p>\u2022 Gredzena komforta zona: ir\u00a0 \u00a0<\/p>\n<p>\u2022 Dimanta tips: Lab diamond (Laboratorij\u0101 audz\u0113ts dimants)\u00a0 \u00a0 \u00a0 \u00a0<\/p>\n<p>\u2022 Dimanta forma: Apa\u013ca forma (Round cut)\u00a0 \u00a0 \u00a0<\/p>\n<p>\u2022 Dimanta raksturojums: 6,50 ct (13 gab. x 0,50 ct) (kr\u0101sa D-F, dzidrums VVS-VS) (iesp\u0113jams main\u012bt)\u00a0 \u00a0 \u00a0<\/p>\n<p>\u2022 Sertifik\u0101ts: Lietuvas Prove\u0161anas pal\u0101ta (LPR)\u00a0 \u00a0 \u00a0 \u00a0<\/p>\n<p>\u2022 Grav\u0113\u0161ana bez maksas\u00a0<\/p>\n<p>\u2022 Vienreiz\u0113ja bezmaksas gredzena izm\u0113ra mai\u0146as garantija (p\u0113c iesp\u0113jas)\u00a0<\/p>\n<p>\u2022 Izgatavo\u0161anas un pieg\u0101des termi\u0146\u0161 no 14 darba dien\u0101m, steidzam\u012bbas k\u0101rt\u0101 3 d. d. laik\u0101\u00a0<\/p>\n<p><strong>Vai jums ir savs zelts? Sazinieties ar mums, m\u0113s p\u0101rr\u0113\u0137in\u0101sim cenu \u2013 j\u016bs maks\u0101siet tikai par gredzenu izgatavo\u0161anu.<\/strong><\/p>\n","protected":false},"excerpt":{"rendered":"<p>Ikviens ar dimantiem rot\u0101ts gredzens ir unik\u0101ls un lieliski atspogu\u013co p\u0101ra m\u012blest\u012bbas st\u0101stu. Klasisks sievie\u0161u gredzens ar 6.50 ct laboratorij\u0101 audz\u0113tiem dimantiem apk\u0101rt visam gredzenam izce\u013cas ar eleganci un grezn\u012bbu. Vair\u0101k nek\u0101 tikai rota, \u0161is gredzens ar dimantiem nes lielu emocion\u0101lo v\u0113rt\u012bbu, kas tiek nodota no paaudzes paaudz\u0113. T\u0101 ir izcila izv\u0113le, lai paustu j\u016bsu m\u012blest\u012bbu un attiec\u012bbu ilgtermi\u0146a v\u0113rt\u012bbu.<\/p>\n","protected":false},"featured_media":200353,"template":"","meta":{"site-sidebar-layout":"","site-content-layout":"","ast-site-content-layout":"","site-content-style":"","site-sidebar-style":"","ast-global-header-display":"","ast-banner-title-visibility":"","ast-main-header-display":"","ast-hfb-above-header-display":"","ast-hfb-below-header-display":"","ast-hfb-mobile-header-display":"","site-post-title":"","ast-breadcrumbs-content":"","ast-featured-img":"","footer-sml-layout":"","ast-disable-related-posts":"","theme-transparent-header-meta":"","adv-header-id-meta":"","stick-header-meta":"","header-above-stick-meta":"","header-main-stick-meta":"","header-below-stick-meta":"","astra-migrate-meta-layouts":"default","ast-page-background-enabled":"default","ast-page-background-meta":{"desktop":{"background-color":"var(--ast-global-color-4)","background-image":"","background-repeat":"repeat","background-position":"center center","background-size":"auto","background-attachment":"scroll","background-type":"","background-media":"","overlay-type":"","overlay-color":"","overlay-opacity":"","overlay-gradient":""},"tablet":{"background-color":"","background-image":"","background-repeat":"repeat","background-position":"center center","background-size":"auto","background-attachment":"scroll","background-type":"","background-media":"","overlay-type":"","overlay-color":"","overlay-opacity":"","overlay-gradient":""},"mobile":{"background-color":"","background-image":"","background-repeat":"repeat","background-position":"center center","background-size":"auto","background-attachment":"scroll","background-type":"","background-media":"","overlay-type":"","overlay-color":"","overlay-opacity":"","overlay-gradient":""}},"ast-content-background-meta":{"desktop":{"background-color":"var(--ast-global-color-5)","background-image":"","background-repeat":"repeat","background-position":"center center","background-size":"auto","background-attachment":"scroll","background-type":"","background-media":"","overlay-type":"","overlay-color":"","overlay-opacity":"","overlay-gradient":""},"tablet":{"background-color":"var(--ast-global-color-5)","background-image":"","background-repeat":"repeat","background-position":"center center","background-size":"auto","background-attachment":"scroll","background-type":"","background-media":"","overlay-type":"","overlay-color":"","overlay-opacity":"","overlay-gradient":""},"mobile":{"background-color":"var(--ast-global-color-5)","background-image":"","background-repeat":"repeat","background-position":"center center","background-size":"auto","background-attachment":"scroll","background-type":"","background-media":"","overlay-type":"","overlay-color":"","overlay-opacity":"","overlay-gradient":""}}},"product_brand":[],"product_cat":[2924,3522,2919,2921,2925,3043,3749,3741,3561,3504,3524,3742,3439,3560,3616],"product_tag":[],"class_list":{"0":"post-282543","1":"product","2":"type-product","3":"status-publish","4":"has-post-thumbnail","6":"product_cat-balta-zelta-dimantu-stipinas","7":"product_cat-balta-zelta-laulibu-gredzeni","8":"product_cat-baltzelta-rotaslietas","9":"product_cat-davanas-ipasiem-gadijumiem","10":"product_cat-dimanta-lentinas","11":"product_cat-dimantu-josla-apkart-visam-gredzenam","12":"product_cat-dimantu-rinda-ar-laboratorijas-dimantiem","13":"product_cat-ekskluzivi-laulibas-gredzeni-dizaineru-raditi","14":"product_cat-gredzeni-ar-laboratorijas-dimantiem-audzeti-dimanti","15":"product_cat-juvelierizstradajumi-ar-laboratorija-audzetiem-dimantiem","16":"product_cat-kazu-gredzeni","17":"product_cat-laulibu-gredzeni-ar-lab-grown-diamond-audzetiem-dimantiem","18":"product_cat-saderinasanas-gredzeni","19":"product_cat-saderinasanas-gredzeni-ar-laboratorijas-dimantiem","20":"product_cat-sieviesu-laulibu-gredzeni","21":"desktop-align-center","22":"tablet-align-left","23":"mobile-align-left","24":"ast-product-gallery-layout-horizontal-slider","25":"ast-product-gallery-with-no-image","26":"ast-product-single-variable","27":"ast-product-tabs-layout-accordion","28":"ast-qv-on-image","30":"first","31":"instock","32":"taxable","33":"shipping-taxable","34":"purchasable","35":"product-type-variable"},"yoast_head":"<!-- This site is optimized with the Yoast SEO plugin v26.6 - https:\/\/yoast.com\/wordpress\/plugins\/seo\/ -->\n<title>Dimantu rinda ar 6.50 ct laboratorij\u0101 audz\u0113tiem dimantiem | FashionGold<\/title>\n<meta name=\"description\" content=\"Klasisks zelta sievie\u0161u gredzens ar 6.50 ct laboratorij\u0101 audz\u0113tiem dimantiem visapk\u0101rt gredzenam izce\u013cas ar eleganci un grezn\u012bbu, Ra\u017eots Lietuv\u0101\" \/>\n<meta name=\"robots\" content=\"index, follow, max-snippet:-1, max-image-preview:large, max-video-preview:-1\" \/>\n<link rel=\"canonical\" href=\"https:\/\/fashiongold.lt\/lv\/papuosalas\/6-50-ct-zelta-gredzens-ar-lab-grown-dimantiem\/\" \/>\n<meta property=\"og:locale\" content=\"lv_LV\" \/>\n<meta property=\"og:type\" content=\"article\" \/>\n<meta property=\"og:title\" content=\"Dimantu rinda ar 6.50 ct laboratorij\u0101 audz\u0113tiem dimantiem | FashionGold\" \/>\n<meta property=\"og:description\" content=\"Klasisks zelta sievie\u0161u gredzens ar 6.50 ct laboratorij\u0101 audz\u0113tiem dimantiem visapk\u0101rt gredzenam izce\u013cas ar eleganci un grezn\u012bbu, Ra\u017eots Lietuv\u0101\" \/>\n<meta property=\"og:url\" content=\"https:\/\/fashiongold.lt\/lv\/papuosalas\/6-50-ct-zelta-gredzens-ar-lab-grown-dimantiem\/\" \/>\n<meta property=\"og:site_name\" content=\"FashionGold.lt\" \/>\n<meta property=\"og:image\" content=\"https:\/\/fashiongold.lt\/wp-content\/uploads\/2025\/10\/10409-c57-6.50-ct-auksinis-ziedas-su-Lab-Grown-diamonds.webp\" \/>\n\t<meta property=\"og:image:width\" content=\"1000\" \/>\n\t<meta property=\"og:image:height\" content=\"1000\" \/>\n\t<meta property=\"og:image:type\" content=\"image\/png\" \/>\n<meta name=\"twitter:card\" content=\"summary_large_image\" \/>\n<meta name=\"twitter:label1\" content=\"Est. reading time\" \/>\n\t<meta name=\"twitter:data1\" content=\"1 minute\" \/>\n<script type=\"application\/ld+json\" class=\"yoast-schema-graph\">{\"@context\":\"https:\/\/schema.org\",\"@graph\":[{\"@type\":\"WebPage\",\"@id\":\"https:\/\/fashiongold.lt\/lv\/papuosalas\/6-50-ct-zelta-gredzens-ar-lab-grown-dimantiem\/\",\"url\":\"https:\/\/fashiongold.lt\/lv\/papuosalas\/6-50-ct-zelta-gredzens-ar-lab-grown-dimantiem\/\",\"name\":\"Dimantu rinda ar 6.50 ct laboratorij\u0101 audz\u0113tiem dimantiem | FashionGold\",\"isPartOf\":{\"@id\":\"https:\/\/fashiongold.lt\/lv\/#website\"},\"primaryImageOfPage\":{\"@id\":\"https:\/\/fashiongold.lt\/lv\/papuosalas\/6-50-ct-zelta-gredzens-ar-lab-grown-dimantiem\/#primaryimage\"},\"image\":{\"@id\":\"https:\/\/fashiongold.lt\/lv\/papuosalas\/6-50-ct-zelta-gredzens-ar-lab-grown-dimantiem\/#primaryimage\"},\"thumbnailUrl\":\"https:\/\/fashiongold.lt\/wp-content\/uploads\/2025\/10\/10409-c57-6.50-ct-auksinis-ziedas-su-Lab-Grown-diamonds.png\",\"datePublished\":\"2025-10-14T17:23:40+00:00\",\"description\":\"Klasisks zelta sievie\u0161u gredzens ar 6.50 ct laboratorij\u0101 audz\u0113tiem dimantiem visapk\u0101rt gredzenam izce\u013cas ar eleganci un grezn\u012bbu, Ra\u017eots Lietuv\u0101\",\"breadcrumb\":{\"@id\":\"https:\/\/fashiongold.lt\/lv\/papuosalas\/6-50-ct-zelta-gredzens-ar-lab-grown-dimantiem\/#breadcrumb\"},\"inLanguage\":\"lv-LV\",\"potentialAction\":[{\"@type\":\"ReadAction\",\"target\":[\"https:\/\/fashiongold.lt\/lv\/papuosalas\/6-50-ct-zelta-gredzens-ar-lab-grown-dimantiem\/\"]}]},{\"@type\":\"ImageObject\",\"inLanguage\":\"lv-LV\",\"@id\":\"https:\/\/fashiongold.lt\/lv\/papuosalas\/6-50-ct-zelta-gredzens-ar-lab-grown-dimantiem\/#primaryimage\",\"url\":\"https:\/\/fashiongold.lt\/wp-content\/uploads\/2025\/10\/10409-c57-6.50-ct-auksinis-ziedas-su-Lab-Grown-diamonds.png\",\"contentUrl\":\"https:\/\/fashiongold.lt\/wp-content\/uploads\/2025\/10\/10409-c57-6.50-ct-auksinis-ziedas-su-Lab-Grown-diamonds.png\",\"width\":1000,\"height\":1000},{\"@type\":\"BreadcrumbList\",\"@id\":\"https:\/\/fashiongold.lt\/lv\/papuosalas\/6-50-ct-zelta-gredzens-ar-lab-grown-dimantiem\/#breadcrumb\",\"itemListElement\":[{\"@type\":\"ListItem\",\"position\":1,\"name\":\"Home\",\"item\":\"https:\/\/fashiongold.lt\/lv\/\"},{\"@type\":\"ListItem\",\"position\":2,\"name\":\"Dimantu veikals Fashiongold.lt\",\"item\":\"https:\/\/fashiongold.lt\/shop-2\/\"},{\"@type\":\"ListItem\",\"position\":3,\"name\":\"6.50 ct zelta gredzens ar Lab Grown dimantiem\"}]},{\"@type\":\"WebSite\",\"@id\":\"https:\/\/fashiongold.lt\/lv\/#website\",\"url\":\"https:\/\/fashiongold.lt\/lv\/\",\"name\":\"Fashion Gold\",\"description\":\"Juvelyrikos namai\",\"publisher\":{\"@id\":\"https:\/\/fashiongold.lt\/lv\/#organization\"},\"potentialAction\":[{\"@type\":\"SearchAction\",\"target\":{\"@type\":\"EntryPoint\",\"urlTemplate\":\"https:\/\/fashiongold.lt\/lv\/?s={search_term_string}\"},\"query-input\":{\"@type\":\"PropertyValueSpecification\",\"valueRequired\":true,\"valueName\":\"search_term_string\"}}],\"inLanguage\":\"lv-LV\"},{\"@type\":\"Organization\",\"@id\":\"https:\/\/fashiongold.lt\/lv\/#organization\",\"name\":\"Topdiamonds Online\",\"url\":\"https:\/\/fashiongold.lt\/lv\/\",\"logo\":{\"@type\":\"ImageObject\",\"inLanguage\":\"lv-LV\",\"@id\":\"https:\/\/fashiongold.lt\/lv\/#\/schema\/logo\/image\/\",\"url\":\"https:\/\/fashiongold.lt\/wp-content\/uploads\/2025\/04\/cropped-fashion_gold_logotipas2-scaled-1.png\",\"contentUrl\":\"https:\/\/fashiongold.lt\/wp-content\/uploads\/2025\/04\/cropped-fashion_gold_logotipas2-scaled-1.png\",\"width\":2559,\"height\":421,\"caption\":\"Topdiamonds Online\"},\"image\":{\"@id\":\"https:\/\/fashiongold.lt\/lv\/#\/schema\/logo\/image\/\"}}]}<\/script>\n<!-- \/ Yoast SEO plugin. -->","yoast_head_json":{"title":"Dimantu rinda ar 6.50 ct laboratorij\u0101 audz\u0113tiem dimantiem | FashionGold","description":"Klasisks zelta sievie\u0161u gredzens ar 6.50 ct laboratorij\u0101 audz\u0113tiem dimantiem visapk\u0101rt gredzenam izce\u013cas ar eleganci un grezn\u012bbu, Ra\u017eots Lietuv\u0101","robots":{"index":"index","follow":"follow","max-snippet":"max-snippet:-1","max-image-preview":"max-image-preview:large","max-video-preview":"max-video-preview:-1"},"canonical":"https:\/\/fashiongold.lt\/lv\/papuosalas\/6-50-ct-zelta-gredzens-ar-lab-grown-dimantiem\/","og_locale":"lv_LV","og_type":"article","og_title":"Dimantu rinda ar 6.50 ct laboratorij\u0101 audz\u0113tiem dimantiem | FashionGold","og_description":"Klasisks zelta sievie\u0161u gredzens ar 6.50 ct laboratorij\u0101 audz\u0113tiem dimantiem visapk\u0101rt gredzenam izce\u013cas ar eleganci un grezn\u012bbu, Ra\u017eots Lietuv\u0101","og_url":"https:\/\/fashiongold.lt\/lv\/papuosalas\/6-50-ct-zelta-gredzens-ar-lab-grown-dimantiem\/","og_site_name":"FashionGold.lt","og_image":[{"width":1000,"height":1000,"url":"https:\/\/fashiongold.lt\/wp-content\/uploads\/2025\/10\/10409-c57-6.50-ct-auksinis-ziedas-su-Lab-Grown-diamonds.webp","type":"image\/png"}],"twitter_card":"summary_large_image","twitter_misc":{"Est. reading time":"1 minute"},"schema":{"@context":"https:\/\/schema.org","@graph":[{"@type":"WebPage","@id":"https:\/\/fashiongold.lt\/lv\/papuosalas\/6-50-ct-zelta-gredzens-ar-lab-grown-dimantiem\/","url":"https:\/\/fashiongold.lt\/lv\/papuosalas\/6-50-ct-zelta-gredzens-ar-lab-grown-dimantiem\/","name":"Dimantu rinda ar 6.50 ct laboratorij\u0101 audz\u0113tiem dimantiem | FashionGold","isPartOf":{"@id":"https:\/\/fashiongold.lt\/lv\/#website"},"primaryImageOfPage":{"@id":"https:\/\/fashiongold.lt\/lv\/papuosalas\/6-50-ct-zelta-gredzens-ar-lab-grown-dimantiem\/#primaryimage"},"image":{"@id":"https:\/\/fashiongold.lt\/lv\/papuosalas\/6-50-ct-zelta-gredzens-ar-lab-grown-dimantiem\/#primaryimage"},"thumbnailUrl":"https:\/\/fashiongold.lt\/wp-content\/uploads\/2025\/10\/10409-c57-6.50-ct-auksinis-ziedas-su-Lab-Grown-diamonds.png","datePublished":"2025-10-14T17:23:40+00:00","description":"Klasisks zelta sievie\u0161u gredzens ar 6.50 ct laboratorij\u0101 audz\u0113tiem dimantiem visapk\u0101rt gredzenam izce\u013cas ar eleganci un grezn\u012bbu, Ra\u017eots Lietuv\u0101","breadcrumb":{"@id":"https:\/\/fashiongold.lt\/lv\/papuosalas\/6-50-ct-zelta-gredzens-ar-lab-grown-dimantiem\/#breadcrumb"},"inLanguage":"lv-LV","potentialAction":[{"@type":"ReadAction","target":["https:\/\/fashiongold.lt\/lv\/papuosalas\/6-50-ct-zelta-gredzens-ar-lab-grown-dimantiem\/"]}]},{"@type":"ImageObject","inLanguage":"lv-LV","@id":"https:\/\/fashiongold.lt\/lv\/papuosalas\/6-50-ct-zelta-gredzens-ar-lab-grown-dimantiem\/#primaryimage","url":"https:\/\/fashiongold.lt\/wp-content\/uploads\/2025\/10\/10409-c57-6.50-ct-auksinis-ziedas-su-Lab-Grown-diamonds.png","contentUrl":"https:\/\/fashiongold.lt\/wp-content\/uploads\/2025\/10\/10409-c57-6.50-ct-auksinis-ziedas-su-Lab-Grown-diamonds.png","width":1000,"height":1000},{"@type":"BreadcrumbList","@id":"https:\/\/fashiongold.lt\/lv\/papuosalas\/6-50-ct-zelta-gredzens-ar-lab-grown-dimantiem\/#breadcrumb","itemListElement":[{"@type":"ListItem","position":1,"name":"Home","item":"https:\/\/fashiongold.lt\/lv\/"},{"@type":"ListItem","position":2,"name":"Dimantu veikals Fashiongold.lt","item":"https:\/\/fashiongold.lt\/shop-2\/"},{"@type":"ListItem","position":3,"name":"6.50 ct zelta gredzens ar Lab Grown dimantiem"}]},{"@type":"WebSite","@id":"https:\/\/fashiongold.lt\/lv\/#website","url":"https:\/\/fashiongold.lt\/lv\/","name":"Fashion Gold","description":"Juvelyrikos namai","publisher":{"@id":"https:\/\/fashiongold.lt\/lv\/#organization"},"potentialAction":[{"@type":"SearchAction","target":{"@type":"EntryPoint","urlTemplate":"https:\/\/fashiongold.lt\/lv\/?s={search_term_string}"},"query-input":{"@type":"PropertyValueSpecification","valueRequired":true,"valueName":"search_term_string"}}],"inLanguage":"lv-LV"},{"@type":"Organization","@id":"https:\/\/fashiongold.lt\/lv\/#organization","name":"Topdiamonds Online","url":"https:\/\/fashiongold.lt\/lv\/","logo":{"@type":"ImageObject","inLanguage":"lv-LV","@id":"https:\/\/fashiongold.lt\/lv\/#\/schema\/logo\/image\/","url":"https:\/\/fashiongold.lt\/wp-content\/uploads\/2025\/04\/cropped-fashion_gold_logotipas2-scaled-1.png","contentUrl":"https:\/\/fashiongold.lt\/wp-content\/uploads\/2025\/04\/cropped-fashion_gold_logotipas2-scaled-1.png","width":2559,"height":421,"caption":"Topdiamonds Online"},"image":{"@id":"https:\/\/fashiongold.lt\/lv\/#\/schema\/logo\/image\/"}}]}},"_links":{"self":[{"href":"https:\/\/fashiongold.lt\/lv\/wp-json\/wp\/v2\/product\/282543","targetHints":{"allow":["GET"]}}],"collection":[{"href":"https:\/\/fashiongold.lt\/lv\/wp-json\/wp\/v2\/product"}],"about":[{"href":"https:\/\/fashiongold.lt\/lv\/wp-json\/wp\/v2\/types\/product"}],"version-history":[{"count":0,"href":"https:\/\/fashiongold.lt\/lv\/wp-json\/wp\/v2\/product\/282543\/revisions"}],"wp:featuredmedia":[{"embeddable":true,"href":"https:\/\/fashiongold.lt\/lv\/wp-json\/wp\/v2\/media\/200353"}],"wp:attachment":[{"href":"https:\/\/fashiongold.lt\/lv\/wp-json\/wp\/v2\/media?parent=282543"}],"wp:term":[{"taxonomy":"product_brand","embeddable":true,"href":"https:\/\/fashiongold.lt\/lv\/wp-json\/wp\/v2\/product_brand?post=282543"},{"taxonomy":"product_cat","embeddable":true,"href":"https:\/\/fashiongold.lt\/lv\/wp-json\/wp\/v2\/product_cat?post=282543"},{"taxonomy":"product_tag","embeddable":true,"href":"https:\/\/fashiongold.lt\/lv\/wp-json\/wp\/v2\/product_tag?post=282543"}],"curies":[{"name":"wp","href":"https:\/\/api.w.org\/{rel}","templated":true}]}}