{"id":282633,"date":"2025-10-14T16:55:40","date_gmt":"2025-10-14T16:55:40","guid":{"rendered":"https:\/\/fashiongold.lt\/papuosalas\/6-mm-platina-laulibas-gredzens-flat-sided-court\/"},"modified":"2025-10-14T16:55:40","modified_gmt":"2025-10-14T16:55:40","slug":"6-mm-platina-laulibas-gredzens-flat-sided-court","status":"publish","type":"product","link":"https:\/\/fashiongold.lt\/lv\/papuosalas\/6-mm-platina-laulibas-gredzens-flat-sided-court\/","title":{"rendered":"6 mm plat\u012bna laul\u012bbas gredzens Flat-sided Court"},"content":{"rendered":"<p>&#8220;Gerstner&#8221;, V\u0101cijas laul\u012bbu gredzenu ra\u017eot\u0101js ar 150 gadu pieredzi, pied\u0101v\u0101 augst\u0101k\u0101s kvalit\u0101tes gredzenus. Lietuv\u0101 kvalitat\u012bvu laul\u012bbu gredzenu no plat\u012bna izgatavot ir sare\u017e\u0123\u012bti, jo tam nepiecie\u0161ams augstv\u0113rt\u012bgs izejmateri\u0101ls, speci\u0101li instrumenti, augsta temperat\u016bra un pieredze. T\u0101p\u0113c iesak\u0101m izv\u0113l\u0113ties V\u0101cij\u0101 ra\u017eotus laul\u012bbu gredzenus, kas izgatavoti p\u0113c augst\u0101kajiem standartiem.<\/p>\n<p>Gredzens var tikt izgatavots p\u0113c pas\u016bt\u012bjuma: ar sp\u012bd\u012bgu vai mat\u0113tu fakt\u016bru, par papildu samaksu da\u017e\u0101dos gredzena platumos, k\u0101 ar\u012b izrot\u0101ts ar dimantu vai dimantiem.<\/p>\n<p>\u2022 Gredzena met\u0101ls: 600 plat\u012bns<\/p>\n<p>\u2022 Gredzena kr\u0101sa: balta<\/p>\n<p>\u2022 Gredzena svars (atkar\u012bgs no izm\u0113ra un proves): aptuveni 6,00-10,50 g<\/p>\n<p>\u2022 Gredzena izm\u0113ri: platums 6,00 mm (iesp\u0113jams main\u012bt)<\/p>\n<p>\u2022 Gredzena komforta zona: ir<\/p>\n<p>\u2022 Sertifik\u0101ts: V\u0101cijas<\/p>\n<p>\u2022 Grav\u0113\u0161ana bez maksas<\/p>\n<p>\u2022 Vienreiz\u0113ja bezmaksas gredzena izm\u0113ra mai\u0146as garantija<\/p>\n<p>\u2022 Izgatavo\u0161anas un pieg\u0101des termi\u0146\u0161 no 14 darba dien\u0101m, steidzam\u012bbas k\u0101rt\u0101 3 d.d. laik\u0101.<\/p>\n<p><strong>Vai jums ir savs zelts? Sazinieties ar mums, m\u0113s p\u0101rr\u0113\u0137in\u0101sim cenu \u2013 j\u016bs maks\u0101siet tikai par gredzenu izgatavo\u0161anu.<\/strong><\/p>\n","protected":false},"excerpt":{"rendered":"<p>Klasisks 6 mm plat\u012bna laul\u012bbas gredzens, roku darbs. Augst\u0101k\u0101 gredzena kvalit\u0101te no V\u0101cijas. Izliekta gredzena forma no \u0101rpuses un iek\u0161puses, lai nodro\u0161in\u0101tu maksim\u0101lu komfortu. T\u0101 ir izcila izv\u0113le tiem, kuri nov\u0113rt\u0113 augstu kvalit\u0101ti un komforta l\u012bmeni. Ra\u017eots V\u0101cij\u0101, iev\u0113rojot augst\u0101kos standartus.<\/p>\n","protected":false},"featured_media":199662,"template":"","meta":{"site-sidebar-layout":"","site-content-layout":"","ast-site-content-layout":"","site-content-style":"","site-sidebar-style":"","ast-global-header-display":"","ast-banner-title-visibility":"","ast-main-header-display":"","ast-hfb-above-header-display":"","ast-hfb-below-header-display":"","ast-hfb-mobile-header-display":"","site-post-title":"","ast-breadcrumbs-content":"","ast-featured-img":"","footer-sml-layout":"","ast-disable-related-posts":"","theme-transparent-header-meta":"","adv-header-id-meta":"","stick-header-meta":"","header-above-stick-meta":"","header-main-stick-meta":"","header-below-stick-meta":"","astra-migrate-meta-layouts":"default","ast-page-background-enabled":"default","ast-page-background-meta":{"desktop":{"background-color":"var(--ast-global-color-4)","background-image":"","background-repeat":"repeat","background-position":"center center","background-size":"auto","background-attachment":"scroll","background-type":"","background-media":"","overlay-type":"","overlay-color":"","overlay-opacity":"","overlay-gradient":""},"tablet":{"background-color":"","background-image":"","background-repeat":"repeat","background-position":"center center","background-size":"auto","background-attachment":"scroll","background-type":"","background-media":"","overlay-type":"","overlay-color":"","overlay-opacity":"","overlay-gradient":""},"mobile":{"background-color":"","background-image":"","background-repeat":"repeat","background-position":"center center","background-size":"auto","background-attachment":"scroll","background-type":"","background-media":"","overlay-type":"","overlay-color":"","overlay-opacity":"","overlay-gradient":""}},"ast-content-background-meta":{"desktop":{"background-color":"var(--ast-global-color-5)","background-image":"","background-repeat":"repeat","background-position":"center center","background-size":"auto","background-attachment":"scroll","background-type":"","background-media":"","overlay-type":"","overlay-color":"","overlay-opacity":"","overlay-gradient":""},"tablet":{"background-color":"var(--ast-global-color-5)","background-image":"","background-repeat":"repeat","background-position":"center center","background-size":"auto","background-attachment":"scroll","background-type":"","background-media":"","overlay-type":"","overlay-color":"","overlay-opacity":"","overlay-gradient":""},"mobile":{"background-color":"var(--ast-global-color-5)","background-image":"","background-repeat":"repeat","background-position":"center center","background-size":"auto","background-attachment":"scroll","background-type":"","background-media":"","overlay-type":"","overlay-color":"","overlay-opacity":"","overlay-gradient":""}}},"product_brand":[],"product_cat":[3524,3780,3616,3769],"product_tag":[],"class_list":{"0":"post-282633","1":"product","2":"type-product","3":"status-publish","4":"has-post-thumbnail","6":"product_cat-kazu-gredzeni","7":"product_cat-laulibas-gredzeni-no-platina","8":"product_cat-sieviesu-laulibu-gredzeni","9":"product_cat-viriesu-laulibu-gredzeni","10":"desktop-align-center","11":"tablet-align-left","12":"mobile-align-left","13":"ast-product-gallery-layout-horizontal-slider","14":"ast-product-gallery-with-no-image","15":"ast-product-single-variable","16":"ast-product-tabs-layout-accordion","17":"ast-qv-on-image","19":"first","20":"instock","21":"taxable","22":"shipping-taxable","23":"purchasable","24":"product-type-variable"},"yoast_head":"<!-- This site is optimized with the Yoast SEO plugin v26.6 - https:\/\/yoast.com\/wordpress\/plugins\/seo\/ -->\n<title>6 mm plat\u012bna laul\u012bbu gredzens Flat-sided Court I FashionGold<\/title>\n<meta name=\"description\" content=\"Klasisks 6 mm plat\u012bna laul\u012bbas gredzens, roku darbs. Augsta gredzena kvalit\u0101te no V\u0101cijas. Viegli izliekta gredzena forma no \u0101rpuses un iek\u0161puses.\" \/>\n<meta name=\"robots\" content=\"index, follow, max-snippet:-1, max-image-preview:large, max-video-preview:-1\" \/>\n<link rel=\"canonical\" href=\"https:\/\/fashiongold.lt\/lv\/papuosalas\/6-mm-platina-laulibas-gredzens-flat-sided-court\/\" \/>\n<meta property=\"og:locale\" content=\"lv_LV\" \/>\n<meta property=\"og:type\" content=\"article\" \/>\n<meta property=\"og:title\" content=\"6 mm plat\u012bna laul\u012bbu gredzens Flat-sided Court I FashionGold\" \/>\n<meta property=\"og:description\" content=\"Klasisks 6 mm plat\u012bna laul\u012bbas gredzens, roku darbs. Augsta gredzena kvalit\u0101te no V\u0101cijas. Viegli izliekta gredzena forma no \u0101rpuses un iek\u0161puses.\" \/>\n<meta property=\"og:url\" content=\"https:\/\/fashiongold.lt\/lv\/papuosalas\/6-mm-platina-laulibas-gredzens-flat-sided-court\/\" \/>\n<meta property=\"og:site_name\" content=\"FashionGold.lt\" \/>\n<meta property=\"og:image\" content=\"https:\/\/fashiongold.lt\/wp-content\/uploads\/2025\/10\/9449-2b2-6-mm-vestuvinis-ziedas-is-platinos-Flat-sided-Court.webp\" \/>\n\t<meta property=\"og:image:width\" content=\"1000\" \/>\n\t<meta property=\"og:image:height\" content=\"1000\" \/>\n\t<meta property=\"og:image:type\" content=\"image\/png\" \/>\n<meta name=\"twitter:card\" content=\"summary_large_image\" \/>\n<meta name=\"twitter:label1\" content=\"Est. reading time\" \/>\n\t<meta name=\"twitter:data1\" content=\"1 minute\" \/>\n<script type=\"application\/ld+json\" class=\"yoast-schema-graph\">{\"@context\":\"https:\/\/schema.org\",\"@graph\":[{\"@type\":\"WebPage\",\"@id\":\"https:\/\/fashiongold.lt\/lv\/papuosalas\/6-mm-platina-laulibas-gredzens-flat-sided-court\/\",\"url\":\"https:\/\/fashiongold.lt\/lv\/papuosalas\/6-mm-platina-laulibas-gredzens-flat-sided-court\/\",\"name\":\"6 mm plat\u012bna laul\u012bbu gredzens Flat-sided Court I FashionGold\",\"isPartOf\":{\"@id\":\"https:\/\/fashiongold.lt\/lv\/#website\"},\"primaryImageOfPage\":{\"@id\":\"https:\/\/fashiongold.lt\/lv\/papuosalas\/6-mm-platina-laulibas-gredzens-flat-sided-court\/#primaryimage\"},\"image\":{\"@id\":\"https:\/\/fashiongold.lt\/lv\/papuosalas\/6-mm-platina-laulibas-gredzens-flat-sided-court\/#primaryimage\"},\"thumbnailUrl\":\"https:\/\/fashiongold.lt\/wp-content\/uploads\/2025\/10\/9449-2b2-6-mm-vestuvinis-ziedas-is-platinos-Flat-sided-Court.png\",\"datePublished\":\"2025-10-14T16:55:40+00:00\",\"description\":\"Klasisks 6 mm plat\u012bna laul\u012bbas gredzens, roku darbs. Augsta gredzena kvalit\u0101te no V\u0101cijas. Viegli izliekta gredzena forma no \u0101rpuses un iek\u0161puses.\",\"breadcrumb\":{\"@id\":\"https:\/\/fashiongold.lt\/lv\/papuosalas\/6-mm-platina-laulibas-gredzens-flat-sided-court\/#breadcrumb\"},\"inLanguage\":\"lv-LV\",\"potentialAction\":[{\"@type\":\"ReadAction\",\"target\":[\"https:\/\/fashiongold.lt\/lv\/papuosalas\/6-mm-platina-laulibas-gredzens-flat-sided-court\/\"]}]},{\"@type\":\"ImageObject\",\"inLanguage\":\"lv-LV\",\"@id\":\"https:\/\/fashiongold.lt\/lv\/papuosalas\/6-mm-platina-laulibas-gredzens-flat-sided-court\/#primaryimage\",\"url\":\"https:\/\/fashiongold.lt\/wp-content\/uploads\/2025\/10\/9449-2b2-6-mm-vestuvinis-ziedas-is-platinos-Flat-sided-Court.png\",\"contentUrl\":\"https:\/\/fashiongold.lt\/wp-content\/uploads\/2025\/10\/9449-2b2-6-mm-vestuvinis-ziedas-is-platinos-Flat-sided-Court.png\",\"width\":1000,\"height\":1000},{\"@type\":\"BreadcrumbList\",\"@id\":\"https:\/\/fashiongold.lt\/lv\/papuosalas\/6-mm-platina-laulibas-gredzens-flat-sided-court\/#breadcrumb\",\"itemListElement\":[{\"@type\":\"ListItem\",\"position\":1,\"name\":\"Home\",\"item\":\"https:\/\/fashiongold.lt\/lv\/\"},{\"@type\":\"ListItem\",\"position\":2,\"name\":\"Dimantu veikals Fashiongold.lt\",\"item\":\"https:\/\/fashiongold.lt\/shop-2\/\"},{\"@type\":\"ListItem\",\"position\":3,\"name\":\"6 mm plat\u012bna laul\u012bbas gredzens Flat-sided Court\"}]},{\"@type\":\"WebSite\",\"@id\":\"https:\/\/fashiongold.lt\/lv\/#website\",\"url\":\"https:\/\/fashiongold.lt\/lv\/\",\"name\":\"Fashion Gold\",\"description\":\"Juvelyrikos namai\",\"publisher\":{\"@id\":\"https:\/\/fashiongold.lt\/lv\/#organization\"},\"potentialAction\":[{\"@type\":\"SearchAction\",\"target\":{\"@type\":\"EntryPoint\",\"urlTemplate\":\"https:\/\/fashiongold.lt\/lv\/?s={search_term_string}\"},\"query-input\":{\"@type\":\"PropertyValueSpecification\",\"valueRequired\":true,\"valueName\":\"search_term_string\"}}],\"inLanguage\":\"lv-LV\"},{\"@type\":\"Organization\",\"@id\":\"https:\/\/fashiongold.lt\/lv\/#organization\",\"name\":\"Topdiamonds Online\",\"url\":\"https:\/\/fashiongold.lt\/lv\/\",\"logo\":{\"@type\":\"ImageObject\",\"inLanguage\":\"lv-LV\",\"@id\":\"https:\/\/fashiongold.lt\/lv\/#\/schema\/logo\/image\/\",\"url\":\"https:\/\/fashiongold.lt\/wp-content\/uploads\/2025\/04\/cropped-fashion_gold_logotipas2-scaled-1.png\",\"contentUrl\":\"https:\/\/fashiongold.lt\/wp-content\/uploads\/2025\/04\/cropped-fashion_gold_logotipas2-scaled-1.png\",\"width\":2559,\"height\":421,\"caption\":\"Topdiamonds Online\"},\"image\":{\"@id\":\"https:\/\/fashiongold.lt\/lv\/#\/schema\/logo\/image\/\"}}]}<\/script>\n<!-- \/ Yoast SEO plugin. -->","yoast_head_json":{"title":"6 mm plat\u012bna laul\u012bbu gredzens Flat-sided Court I FashionGold","description":"Klasisks 6 mm plat\u012bna laul\u012bbas gredzens, roku darbs. Augsta gredzena kvalit\u0101te no V\u0101cijas. Viegli izliekta gredzena forma no \u0101rpuses un iek\u0161puses.","robots":{"index":"index","follow":"follow","max-snippet":"max-snippet:-1","max-image-preview":"max-image-preview:large","max-video-preview":"max-video-preview:-1"},"canonical":"https:\/\/fashiongold.lt\/lv\/papuosalas\/6-mm-platina-laulibas-gredzens-flat-sided-court\/","og_locale":"lv_LV","og_type":"article","og_title":"6 mm plat\u012bna laul\u012bbu gredzens Flat-sided Court I FashionGold","og_description":"Klasisks 6 mm plat\u012bna laul\u012bbas gredzens, roku darbs. Augsta gredzena kvalit\u0101te no V\u0101cijas. Viegli izliekta gredzena forma no \u0101rpuses un iek\u0161puses.","og_url":"https:\/\/fashiongold.lt\/lv\/papuosalas\/6-mm-platina-laulibas-gredzens-flat-sided-court\/","og_site_name":"FashionGold.lt","og_image":[{"width":1000,"height":1000,"url":"https:\/\/fashiongold.lt\/wp-content\/uploads\/2025\/10\/9449-2b2-6-mm-vestuvinis-ziedas-is-platinos-Flat-sided-Court.webp","type":"image\/png"}],"twitter_card":"summary_large_image","twitter_misc":{"Est. reading time":"1 minute"},"schema":{"@context":"https:\/\/schema.org","@graph":[{"@type":"WebPage","@id":"https:\/\/fashiongold.lt\/lv\/papuosalas\/6-mm-platina-laulibas-gredzens-flat-sided-court\/","url":"https:\/\/fashiongold.lt\/lv\/papuosalas\/6-mm-platina-laulibas-gredzens-flat-sided-court\/","name":"6 mm plat\u012bna laul\u012bbu gredzens Flat-sided Court I FashionGold","isPartOf":{"@id":"https:\/\/fashiongold.lt\/lv\/#website"},"primaryImageOfPage":{"@id":"https:\/\/fashiongold.lt\/lv\/papuosalas\/6-mm-platina-laulibas-gredzens-flat-sided-court\/#primaryimage"},"image":{"@id":"https:\/\/fashiongold.lt\/lv\/papuosalas\/6-mm-platina-laulibas-gredzens-flat-sided-court\/#primaryimage"},"thumbnailUrl":"https:\/\/fashiongold.lt\/wp-content\/uploads\/2025\/10\/9449-2b2-6-mm-vestuvinis-ziedas-is-platinos-Flat-sided-Court.png","datePublished":"2025-10-14T16:55:40+00:00","description":"Klasisks 6 mm plat\u012bna laul\u012bbas gredzens, roku darbs. Augsta gredzena kvalit\u0101te no V\u0101cijas. Viegli izliekta gredzena forma no \u0101rpuses un iek\u0161puses.","breadcrumb":{"@id":"https:\/\/fashiongold.lt\/lv\/papuosalas\/6-mm-platina-laulibas-gredzens-flat-sided-court\/#breadcrumb"},"inLanguage":"lv-LV","potentialAction":[{"@type":"ReadAction","target":["https:\/\/fashiongold.lt\/lv\/papuosalas\/6-mm-platina-laulibas-gredzens-flat-sided-court\/"]}]},{"@type":"ImageObject","inLanguage":"lv-LV","@id":"https:\/\/fashiongold.lt\/lv\/papuosalas\/6-mm-platina-laulibas-gredzens-flat-sided-court\/#primaryimage","url":"https:\/\/fashiongold.lt\/wp-content\/uploads\/2025\/10\/9449-2b2-6-mm-vestuvinis-ziedas-is-platinos-Flat-sided-Court.png","contentUrl":"https:\/\/fashiongold.lt\/wp-content\/uploads\/2025\/10\/9449-2b2-6-mm-vestuvinis-ziedas-is-platinos-Flat-sided-Court.png","width":1000,"height":1000},{"@type":"BreadcrumbList","@id":"https:\/\/fashiongold.lt\/lv\/papuosalas\/6-mm-platina-laulibas-gredzens-flat-sided-court\/#breadcrumb","itemListElement":[{"@type":"ListItem","position":1,"name":"Home","item":"https:\/\/fashiongold.lt\/lv\/"},{"@type":"ListItem","position":2,"name":"Dimantu veikals Fashiongold.lt","item":"https:\/\/fashiongold.lt\/shop-2\/"},{"@type":"ListItem","position":3,"name":"6 mm plat\u012bna laul\u012bbas gredzens Flat-sided Court"}]},{"@type":"WebSite","@id":"https:\/\/fashiongold.lt\/lv\/#website","url":"https:\/\/fashiongold.lt\/lv\/","name":"Fashion Gold","description":"Juvelyrikos namai","publisher":{"@id":"https:\/\/fashiongold.lt\/lv\/#organization"},"potentialAction":[{"@type":"SearchAction","target":{"@type":"EntryPoint","urlTemplate":"https:\/\/fashiongold.lt\/lv\/?s={search_term_string}"},"query-input":{"@type":"PropertyValueSpecification","valueRequired":true,"valueName":"search_term_string"}}],"inLanguage":"lv-LV"},{"@type":"Organization","@id":"https:\/\/fashiongold.lt\/lv\/#organization","name":"Topdiamonds Online","url":"https:\/\/fashiongold.lt\/lv\/","logo":{"@type":"ImageObject","inLanguage":"lv-LV","@id":"https:\/\/fashiongold.lt\/lv\/#\/schema\/logo\/image\/","url":"https:\/\/fashiongold.lt\/wp-content\/uploads\/2025\/04\/cropped-fashion_gold_logotipas2-scaled-1.png","contentUrl":"https:\/\/fashiongold.lt\/wp-content\/uploads\/2025\/04\/cropped-fashion_gold_logotipas2-scaled-1.png","width":2559,"height":421,"caption":"Topdiamonds Online"},"image":{"@id":"https:\/\/fashiongold.lt\/lv\/#\/schema\/logo\/image\/"}}]}},"_links":{"self":[{"href":"https:\/\/fashiongold.lt\/lv\/wp-json\/wp\/v2\/product\/282633","targetHints":{"allow":["GET"]}}],"collection":[{"href":"https:\/\/fashiongold.lt\/lv\/wp-json\/wp\/v2\/product"}],"about":[{"href":"https:\/\/fashiongold.lt\/lv\/wp-json\/wp\/v2\/types\/product"}],"version-history":[{"count":0,"href":"https:\/\/fashiongold.lt\/lv\/wp-json\/wp\/v2\/product\/282633\/revisions"}],"wp:featuredmedia":[{"embeddable":true,"href":"https:\/\/fashiongold.lt\/lv\/wp-json\/wp\/v2\/media\/199662"}],"wp:attachment":[{"href":"https:\/\/fashiongold.lt\/lv\/wp-json\/wp\/v2\/media?parent=282633"}],"wp:term":[{"taxonomy":"product_brand","embeddable":true,"href":"https:\/\/fashiongold.lt\/lv\/wp-json\/wp\/v2\/product_brand?post=282633"},{"taxonomy":"product_cat","embeddable":true,"href":"https:\/\/fashiongold.lt\/lv\/wp-json\/wp\/v2\/product_cat?post=282633"},{"taxonomy":"product_tag","embeddable":true,"href":"https:\/\/fashiongold.lt\/lv\/wp-json\/wp\/v2\/product_tag?post=282633"}],"curies":[{"name":"wp","href":"https:\/\/api.w.org\/{rel}","templated":true}]}}