{"id":282668,"date":"2025-10-14T16:49:21","date_gmt":"2025-10-14T16:49:21","guid":{"rendered":"https:\/\/fashiongold.lt\/papuosalas\/5-mm-laulibu-gredzens-no-platina-concave\/"},"modified":"2025-10-14T16:49:21","modified_gmt":"2025-10-14T16:49:21","slug":"5-mm-laulibu-gredzens-no-platina-concave","status":"publish","type":"product","link":"https:\/\/fashiongold.lt\/lv\/papuosalas\/5-mm-laulibu-gredzens-no-platina-concave\/","title":{"rendered":"5 mm laul\u012bbu gredzens no plat\u012bna Concave"},"content":{"rendered":"<p>&#8220;Gerstner&#8221;, V\u0101cijas k\u0101zu gredzenu ra\u017eot\u0101js ar 150 gadu pieredzi, pied\u0101v\u0101 augst\u0101k\u0101s kvalit\u0101tes gredzenus. Latvij\u0101 kvalitat\u012bvu k\u0101zu gredzenu no plat\u012bna izgatavot ir sare\u017e\u0123\u012bti, jo tas prasa augstv\u0113rt\u012bgu izejmateri\u0101lu, speci\u0101lus instrumentus, augstu temperat\u016bru un pieredzi. T\u0101p\u0113c iesak\u0101m izv\u0113l\u0113ties V\u0101cij\u0101 ra\u017eotus k\u0101zu gredzenus, kas izgatavoti p\u0113c augst\u0101kajiem standartiem.<\/p>\n<p>Gredzens var tikt izgatavots p\u0113c pas\u016bt\u012bjuma: ar sp\u012bd\u012bgu vai mat\u0113tu fakt\u016bru, par papildu samaksu da\u017e\u0101dos platumos, k\u0101 ar\u012b izrot\u0101ts ar dimantu vai dimantiem. T\u0101 ir ekskluz\u012bva izv\u0113le tiem, kuri nov\u0113rt\u0113 augstu kvalit\u0101ti un komforta l\u012bmeni.\u00a0<\/p>\n<p>\u2022 Gredzena met\u0101ls: 600 plat\u012bns<\/p>\n<p>\u2022 Gredzena kr\u0101sa: balta<\/p>\n<p>\u2022 Gredzena svars (atkar\u012bgs no izm\u0113ra un proves): aptuveni 4,50-5,50 g\u00a0 \u00a0 \u00a0 \u00a0<\/p>\n<p>\u2022 Gredzena izm\u0113ri: platums 5,00 mm (iesp\u0113jams main\u012bt)\u00a0 \u00a0<\/p>\n<p>\u2022 Gredzena komforta zona: ir\u00a0\u00a0 \u00a0 \u00a0\u00a0\u00a0 \u00a0 \u00a0\u00a0\u00a0<\/p>\n<p>\u2022 Sertifik\u0101ts: V\u0101cijas<\/p>\n<p>\u2022 Grav\u0113\u0161ana bez maksas<\/p>\n<p>\u2022 Vienreiz\u0113ja bezmaksas gredzena izm\u0113ra mai\u0146as garantija<\/p>\n<p>\u2022 Izgatavo\u0161anas un pieg\u0101des termi\u0146\u0161 no 14 darba dien\u0101m, steidzam\u012bbas k\u0101rt\u0101 3 d.d. laik\u0101.<\/p>\n<p><strong>Jums ir savs zelts? Sazinieties ar mums, m\u0113s p\u0101rr\u0113\u0137in\u0101sim cenu \u2013 j\u016bs maks\u0101siet tikai par gredzenu izgatavo\u0161anu.<\/strong><\/p>\n","protected":false},"excerpt":{"rendered":"<p>Moderns 5 mm plat\u012bna laul\u012bbas gredzens, roku darbs. Augst\u0101k\u0101s kvalit\u0101tes gredzens no V\u0101cijas. Gredzena virsmas forma ir ieliekta uz iek\u0161u, kas pasarg\u0101 no skr\u0101p\u0113jumiem, un gredzena iek\u0161puse ir noapa\u013cota \u2013 t\u0101 ir komforta zona, kas nodro\u0161ina maksim\u0101lu \u0113rtumu. Izgatavots V\u0101cij\u0101, iev\u0113rojot augst\u0101kos standartus.<\/p>\n","protected":false},"featured_media":199447,"template":"","meta":{"site-sidebar-layout":"","site-content-layout":"","ast-site-content-layout":"","site-content-style":"","site-sidebar-style":"","ast-global-header-display":"","ast-banner-title-visibility":"","ast-main-header-display":"","ast-hfb-above-header-display":"","ast-hfb-below-header-display":"","ast-hfb-mobile-header-display":"","site-post-title":"","ast-breadcrumbs-content":"","ast-featured-img":"","footer-sml-layout":"","ast-disable-related-posts":"","theme-transparent-header-meta":"","adv-header-id-meta":"","stick-header-meta":"","header-above-stick-meta":"","header-main-stick-meta":"","header-below-stick-meta":"","astra-migrate-meta-layouts":"default","ast-page-background-enabled":"default","ast-page-background-meta":{"desktop":{"background-color":"var(--ast-global-color-4)","background-image":"","background-repeat":"repeat","background-position":"center center","background-size":"auto","background-attachment":"scroll","background-type":"","background-media":"","overlay-type":"","overlay-color":"","overlay-opacity":"","overlay-gradient":""},"tablet":{"background-color":"","background-image":"","background-repeat":"repeat","background-position":"center center","background-size":"auto","background-attachment":"scroll","background-type":"","background-media":"","overlay-type":"","overlay-color":"","overlay-opacity":"","overlay-gradient":""},"mobile":{"background-color":"","background-image":"","background-repeat":"repeat","background-position":"center center","background-size":"auto","background-attachment":"scroll","background-type":"","background-media":"","overlay-type":"","overlay-color":"","overlay-opacity":"","overlay-gradient":""}},"ast-content-background-meta":{"desktop":{"background-color":"var(--ast-global-color-5)","background-image":"","background-repeat":"repeat","background-position":"center center","background-size":"auto","background-attachment":"scroll","background-type":"","background-media":"","overlay-type":"","overlay-color":"","overlay-opacity":"","overlay-gradient":""},"tablet":{"background-color":"var(--ast-global-color-5)","background-image":"","background-repeat":"repeat","background-position":"center center","background-size":"auto","background-attachment":"scroll","background-type":"","background-media":"","overlay-type":"","overlay-color":"","overlay-opacity":"","overlay-gradient":""},"mobile":{"background-color":"var(--ast-global-color-5)","background-image":"","background-repeat":"repeat","background-position":"center center","background-size":"auto","background-attachment":"scroll","background-type":"","background-media":"","overlay-type":"","overlay-color":"","overlay-opacity":"","overlay-gradient":""}}},"product_brand":[],"product_cat":[3524,3780,3616,3769],"product_tag":[],"class_list":{"0":"post-282668","1":"product","2":"type-product","3":"status-publish","4":"has-post-thumbnail","6":"product_cat-kazu-gredzeni","7":"product_cat-laulibas-gredzeni-no-platina","8":"product_cat-sieviesu-laulibu-gredzeni","9":"product_cat-viriesu-laulibu-gredzeni","10":"desktop-align-center","11":"tablet-align-left","12":"mobile-align-left","13":"ast-product-gallery-layout-horizontal-slider","14":"ast-product-gallery-with-no-image","15":"ast-product-single-variable","16":"ast-product-tabs-layout-accordion","17":"ast-qv-on-image","19":"first","20":"instock","21":"taxable","22":"shipping-taxable","23":"purchasable","24":"product-type-variable"},"yoast_head":"<!-- This site is optimized with the Yoast SEO plugin v26.6 - https:\/\/yoast.com\/wordpress\/plugins\/seo\/ -->\n<title>5 mm laul\u012bbas gredzens no plat\u012bna Concave I FashionGold<\/title>\n<meta name=\"description\" content=\"Gredzena \u0101r\u0113j\u0101 forma ir ieliekta uz iek\u0161u, pasarg\u0101jot no skr\u0101p\u0113jumiem, un gredzena iek\u0161puse ir noapa\u013cota \u2013 t\u0101 ir komforta zona. Ra\u017eots V\u0101cij\u0101. Bezmaksas pieg\u0101de.\" \/>\n<meta name=\"robots\" content=\"index, follow, max-snippet:-1, max-image-preview:large, max-video-preview:-1\" \/>\n<link rel=\"canonical\" href=\"https:\/\/fashiongold.lt\/lv\/papuosalas\/5-mm-laulibu-gredzens-no-platina-concave\/\" \/>\n<meta property=\"og:locale\" content=\"lv_LV\" \/>\n<meta property=\"og:type\" content=\"article\" \/>\n<meta property=\"og:title\" content=\"5 mm laul\u012bbas gredzens no plat\u012bna Concave I FashionGold\" \/>\n<meta property=\"og:description\" content=\"Gredzena \u0101r\u0113j\u0101 forma ir ieliekta uz iek\u0161u, pasarg\u0101jot no skr\u0101p\u0113jumiem, un gredzena iek\u0161puse ir noapa\u013cota \u2013 t\u0101 ir komforta zona. Ra\u017eots V\u0101cij\u0101. Bezmaksas pieg\u0101de.\" \/>\n<meta property=\"og:url\" content=\"https:\/\/fashiongold.lt\/lv\/papuosalas\/5-mm-laulibu-gredzens-no-platina-concave\/\" \/>\n<meta property=\"og:site_name\" content=\"FashionGold.lt\" \/>\n<meta property=\"og:image\" content=\"https:\/\/fashiongold.lt\/wp-content\/uploads\/2025\/10\/9418-31e-5-mm-vestuvinis-ziedas-is-platinos-Concave.webp\" \/>\n\t<meta property=\"og:image:width\" content=\"1000\" \/>\n\t<meta property=\"og:image:height\" content=\"1000\" \/>\n\t<meta property=\"og:image:type\" content=\"image\/png\" \/>\n<meta name=\"twitter:card\" content=\"summary_large_image\" \/>\n<meta name=\"twitter:label1\" content=\"Est. reading time\" \/>\n\t<meta name=\"twitter:data1\" content=\"1 minute\" \/>\n<script type=\"application\/ld+json\" class=\"yoast-schema-graph\">{\"@context\":\"https:\/\/schema.org\",\"@graph\":[{\"@type\":\"WebPage\",\"@id\":\"https:\/\/fashiongold.lt\/lv\/papuosalas\/5-mm-laulibu-gredzens-no-platina-concave\/\",\"url\":\"https:\/\/fashiongold.lt\/lv\/papuosalas\/5-mm-laulibu-gredzens-no-platina-concave\/\",\"name\":\"5 mm laul\u012bbas gredzens no plat\u012bna Concave I FashionGold\",\"isPartOf\":{\"@id\":\"https:\/\/fashiongold.lt\/lv\/#website\"},\"primaryImageOfPage\":{\"@id\":\"https:\/\/fashiongold.lt\/lv\/papuosalas\/5-mm-laulibu-gredzens-no-platina-concave\/#primaryimage\"},\"image\":{\"@id\":\"https:\/\/fashiongold.lt\/lv\/papuosalas\/5-mm-laulibu-gredzens-no-platina-concave\/#primaryimage\"},\"thumbnailUrl\":\"https:\/\/fashiongold.lt\/wp-content\/uploads\/2025\/10\/9418-31e-5-mm-vestuvinis-ziedas-is-platinos-Concave.png\",\"datePublished\":\"2025-10-14T16:49:21+00:00\",\"description\":\"Gredzena \u0101r\u0113j\u0101 forma ir ieliekta uz iek\u0161u, pasarg\u0101jot no skr\u0101p\u0113jumiem, un gredzena iek\u0161puse ir noapa\u013cota \u2013 t\u0101 ir komforta zona. Ra\u017eots V\u0101cij\u0101. Bezmaksas pieg\u0101de.\",\"breadcrumb\":{\"@id\":\"https:\/\/fashiongold.lt\/lv\/papuosalas\/5-mm-laulibu-gredzens-no-platina-concave\/#breadcrumb\"},\"inLanguage\":\"lv-LV\",\"potentialAction\":[{\"@type\":\"ReadAction\",\"target\":[\"https:\/\/fashiongold.lt\/lv\/papuosalas\/5-mm-laulibu-gredzens-no-platina-concave\/\"]}]},{\"@type\":\"ImageObject\",\"inLanguage\":\"lv-LV\",\"@id\":\"https:\/\/fashiongold.lt\/lv\/papuosalas\/5-mm-laulibu-gredzens-no-platina-concave\/#primaryimage\",\"url\":\"https:\/\/fashiongold.lt\/wp-content\/uploads\/2025\/10\/9418-31e-5-mm-vestuvinis-ziedas-is-platinos-Concave.png\",\"contentUrl\":\"https:\/\/fashiongold.lt\/wp-content\/uploads\/2025\/10\/9418-31e-5-mm-vestuvinis-ziedas-is-platinos-Concave.png\",\"width\":1000,\"height\":1000},{\"@type\":\"BreadcrumbList\",\"@id\":\"https:\/\/fashiongold.lt\/lv\/papuosalas\/5-mm-laulibu-gredzens-no-platina-concave\/#breadcrumb\",\"itemListElement\":[{\"@type\":\"ListItem\",\"position\":1,\"name\":\"Home\",\"item\":\"https:\/\/fashiongold.lt\/lv\/\"},{\"@type\":\"ListItem\",\"position\":2,\"name\":\"Dimantu veikals Fashiongold.lt\",\"item\":\"https:\/\/fashiongold.lt\/shop-2\/\"},{\"@type\":\"ListItem\",\"position\":3,\"name\":\"5 mm laul\u012bbu gredzens no plat\u012bna Concave\"}]},{\"@type\":\"WebSite\",\"@id\":\"https:\/\/fashiongold.lt\/lv\/#website\",\"url\":\"https:\/\/fashiongold.lt\/lv\/\",\"name\":\"Fashion Gold\",\"description\":\"Juvelyrikos namai\",\"publisher\":{\"@id\":\"https:\/\/fashiongold.lt\/lv\/#organization\"},\"potentialAction\":[{\"@type\":\"SearchAction\",\"target\":{\"@type\":\"EntryPoint\",\"urlTemplate\":\"https:\/\/fashiongold.lt\/lv\/?s={search_term_string}\"},\"query-input\":{\"@type\":\"PropertyValueSpecification\",\"valueRequired\":true,\"valueName\":\"search_term_string\"}}],\"inLanguage\":\"lv-LV\"},{\"@type\":\"Organization\",\"@id\":\"https:\/\/fashiongold.lt\/lv\/#organization\",\"name\":\"Topdiamonds Online\",\"url\":\"https:\/\/fashiongold.lt\/lv\/\",\"logo\":{\"@type\":\"ImageObject\",\"inLanguage\":\"lv-LV\",\"@id\":\"https:\/\/fashiongold.lt\/lv\/#\/schema\/logo\/image\/\",\"url\":\"https:\/\/fashiongold.lt\/wp-content\/uploads\/2025\/04\/cropped-fashion_gold_logotipas2-scaled-1.png\",\"contentUrl\":\"https:\/\/fashiongold.lt\/wp-content\/uploads\/2025\/04\/cropped-fashion_gold_logotipas2-scaled-1.png\",\"width\":2559,\"height\":421,\"caption\":\"Topdiamonds Online\"},\"image\":{\"@id\":\"https:\/\/fashiongold.lt\/lv\/#\/schema\/logo\/image\/\"}}]}<\/script>\n<!-- \/ Yoast SEO plugin. -->","yoast_head_json":{"title":"5 mm laul\u012bbas gredzens no plat\u012bna Concave I FashionGold","description":"Gredzena \u0101r\u0113j\u0101 forma ir ieliekta uz iek\u0161u, pasarg\u0101jot no skr\u0101p\u0113jumiem, un gredzena iek\u0161puse ir noapa\u013cota \u2013 t\u0101 ir komforta zona. Ra\u017eots V\u0101cij\u0101. Bezmaksas pieg\u0101de.","robots":{"index":"index","follow":"follow","max-snippet":"max-snippet:-1","max-image-preview":"max-image-preview:large","max-video-preview":"max-video-preview:-1"},"canonical":"https:\/\/fashiongold.lt\/lv\/papuosalas\/5-mm-laulibu-gredzens-no-platina-concave\/","og_locale":"lv_LV","og_type":"article","og_title":"5 mm laul\u012bbas gredzens no plat\u012bna Concave I FashionGold","og_description":"Gredzena \u0101r\u0113j\u0101 forma ir ieliekta uz iek\u0161u, pasarg\u0101jot no skr\u0101p\u0113jumiem, un gredzena iek\u0161puse ir noapa\u013cota \u2013 t\u0101 ir komforta zona. Ra\u017eots V\u0101cij\u0101. Bezmaksas pieg\u0101de.","og_url":"https:\/\/fashiongold.lt\/lv\/papuosalas\/5-mm-laulibu-gredzens-no-platina-concave\/","og_site_name":"FashionGold.lt","og_image":[{"width":1000,"height":1000,"url":"https:\/\/fashiongold.lt\/wp-content\/uploads\/2025\/10\/9418-31e-5-mm-vestuvinis-ziedas-is-platinos-Concave.webp","type":"image\/png"}],"twitter_card":"summary_large_image","twitter_misc":{"Est. reading time":"1 minute"},"schema":{"@context":"https:\/\/schema.org","@graph":[{"@type":"WebPage","@id":"https:\/\/fashiongold.lt\/lv\/papuosalas\/5-mm-laulibu-gredzens-no-platina-concave\/","url":"https:\/\/fashiongold.lt\/lv\/papuosalas\/5-mm-laulibu-gredzens-no-platina-concave\/","name":"5 mm laul\u012bbas gredzens no plat\u012bna Concave I FashionGold","isPartOf":{"@id":"https:\/\/fashiongold.lt\/lv\/#website"},"primaryImageOfPage":{"@id":"https:\/\/fashiongold.lt\/lv\/papuosalas\/5-mm-laulibu-gredzens-no-platina-concave\/#primaryimage"},"image":{"@id":"https:\/\/fashiongold.lt\/lv\/papuosalas\/5-mm-laulibu-gredzens-no-platina-concave\/#primaryimage"},"thumbnailUrl":"https:\/\/fashiongold.lt\/wp-content\/uploads\/2025\/10\/9418-31e-5-mm-vestuvinis-ziedas-is-platinos-Concave.png","datePublished":"2025-10-14T16:49:21+00:00","description":"Gredzena \u0101r\u0113j\u0101 forma ir ieliekta uz iek\u0161u, pasarg\u0101jot no skr\u0101p\u0113jumiem, un gredzena iek\u0161puse ir noapa\u013cota \u2013 t\u0101 ir komforta zona. Ra\u017eots V\u0101cij\u0101. Bezmaksas pieg\u0101de.","breadcrumb":{"@id":"https:\/\/fashiongold.lt\/lv\/papuosalas\/5-mm-laulibu-gredzens-no-platina-concave\/#breadcrumb"},"inLanguage":"lv-LV","potentialAction":[{"@type":"ReadAction","target":["https:\/\/fashiongold.lt\/lv\/papuosalas\/5-mm-laulibu-gredzens-no-platina-concave\/"]}]},{"@type":"ImageObject","inLanguage":"lv-LV","@id":"https:\/\/fashiongold.lt\/lv\/papuosalas\/5-mm-laulibu-gredzens-no-platina-concave\/#primaryimage","url":"https:\/\/fashiongold.lt\/wp-content\/uploads\/2025\/10\/9418-31e-5-mm-vestuvinis-ziedas-is-platinos-Concave.png","contentUrl":"https:\/\/fashiongold.lt\/wp-content\/uploads\/2025\/10\/9418-31e-5-mm-vestuvinis-ziedas-is-platinos-Concave.png","width":1000,"height":1000},{"@type":"BreadcrumbList","@id":"https:\/\/fashiongold.lt\/lv\/papuosalas\/5-mm-laulibu-gredzens-no-platina-concave\/#breadcrumb","itemListElement":[{"@type":"ListItem","position":1,"name":"Home","item":"https:\/\/fashiongold.lt\/lv\/"},{"@type":"ListItem","position":2,"name":"Dimantu veikals Fashiongold.lt","item":"https:\/\/fashiongold.lt\/shop-2\/"},{"@type":"ListItem","position":3,"name":"5 mm laul\u012bbu gredzens no plat\u012bna Concave"}]},{"@type":"WebSite","@id":"https:\/\/fashiongold.lt\/lv\/#website","url":"https:\/\/fashiongold.lt\/lv\/","name":"Fashion Gold","description":"Juvelyrikos namai","publisher":{"@id":"https:\/\/fashiongold.lt\/lv\/#organization"},"potentialAction":[{"@type":"SearchAction","target":{"@type":"EntryPoint","urlTemplate":"https:\/\/fashiongold.lt\/lv\/?s={search_term_string}"},"query-input":{"@type":"PropertyValueSpecification","valueRequired":true,"valueName":"search_term_string"}}],"inLanguage":"lv-LV"},{"@type":"Organization","@id":"https:\/\/fashiongold.lt\/lv\/#organization","name":"Topdiamonds Online","url":"https:\/\/fashiongold.lt\/lv\/","logo":{"@type":"ImageObject","inLanguage":"lv-LV","@id":"https:\/\/fashiongold.lt\/lv\/#\/schema\/logo\/image\/","url":"https:\/\/fashiongold.lt\/wp-content\/uploads\/2025\/04\/cropped-fashion_gold_logotipas2-scaled-1.png","contentUrl":"https:\/\/fashiongold.lt\/wp-content\/uploads\/2025\/04\/cropped-fashion_gold_logotipas2-scaled-1.png","width":2559,"height":421,"caption":"Topdiamonds Online"},"image":{"@id":"https:\/\/fashiongold.lt\/lv\/#\/schema\/logo\/image\/"}}]}},"_links":{"self":[{"href":"https:\/\/fashiongold.lt\/lv\/wp-json\/wp\/v2\/product\/282668","targetHints":{"allow":["GET"]}}],"collection":[{"href":"https:\/\/fashiongold.lt\/lv\/wp-json\/wp\/v2\/product"}],"about":[{"href":"https:\/\/fashiongold.lt\/lv\/wp-json\/wp\/v2\/types\/product"}],"version-history":[{"count":0,"href":"https:\/\/fashiongold.lt\/lv\/wp-json\/wp\/v2\/product\/282668\/revisions"}],"wp:featuredmedia":[{"embeddable":true,"href":"https:\/\/fashiongold.lt\/lv\/wp-json\/wp\/v2\/media\/199447"}],"wp:attachment":[{"href":"https:\/\/fashiongold.lt\/lv\/wp-json\/wp\/v2\/media?parent=282668"}],"wp:term":[{"taxonomy":"product_brand","embeddable":true,"href":"https:\/\/fashiongold.lt\/lv\/wp-json\/wp\/v2\/product_brand?post=282668"},{"taxonomy":"product_cat","embeddable":true,"href":"https:\/\/fashiongold.lt\/lv\/wp-json\/wp\/v2\/product_cat?post=282668"},{"taxonomy":"product_tag","embeddable":true,"href":"https:\/\/fashiongold.lt\/lv\/wp-json\/wp\/v2\/product_tag?post=282668"}],"curies":[{"name":"wp","href":"https:\/\/api.w.org\/{rel}","templated":true}]}}