{"id":282978,"date":"2025-10-14T16:16:35","date_gmt":"2025-10-14T16:16:35","guid":{"rendered":"https:\/\/fashiongold.lt\/papuosalas\/viriesu-laulibas-gredzens-zelta-340-mm\/"},"modified":"2025-10-14T16:16:35","modified_gmt":"2025-10-14T16:16:35","slug":"viriesu-laulibas-gredzens-zelta-340-mm","status":"publish","type":"product","link":"https:\/\/fashiongold.lt\/lv\/papuosalas\/viriesu-laulibas-gredzens-zelta-340-mm\/","title":{"rendered":"V\u012brie\u0161u laul\u012bbas gredzens \u2013 Zelta (3,40 mm)"},"content":{"rendered":"<p>Zelta laul\u012bbas gredzens ar ekskluz\u012bvu stilu, augstu kvalit\u0101ti, ar komforta zonu, \u0113rts valk\u0101\u0161anai. Ra\u017eo\u0161anas tehnolo\u0123ija ir unik\u0101la &#8211; laul\u012bbas gredzens tiek izgatavots no r\u016bd\u012bta zelta, kas ir iztur\u012bgs pret mikroplais\u0101m, nesatur ni\u0137eli un maz\u0101k skr\u0101p\u0113jas. Gredzenu var izgatavot p\u0113c pas\u016bt\u012bjuma: no sarkan\u0101, dzelten\u0101 un balt\u0101 zelta, ar sp\u012bd\u012bgu vai mat\u0113tu tekst\u016bru, par papildu samaksu da\u017e\u0101dos gredzena platumos.<\/p>\n<p>\u2022 Gredzena zelts: 14 K (585 prove), varam izgatavot no 10K (375 proves), 18K (750 proves)\u00a0 \u00a0 \u00a0<\/p>\n<p>\u2022 Gredzena kr\u0101sa: var izv\u0113l\u0113ties baltu, dzeltenu, sarkanu zeltu vai ar citas kr\u0101sas mali\u0146\u0101m.\u00a0 \u00a0 \u00a0 \u00a0<\/p>\n<p>\u2022 Gredzena svars (atkar\u012bgs no izm\u0113ra un proves): aptuveni 3,00-4,50 g\u00a0 \u00a0 \u00a0 \u00a0<\/p>\n<p>\u2022 Gredzena izm\u0113ri: platums 3,40 mm (var main\u012bt)\u00a0 \u00a0<\/p>\n<p>\u2022 Gredzena komforta zona: ir\u00a0\u00a0 \u00a0 \u00a0\u00a0\u00a0 \u00a0 \u00a0\u00a0\u00a0<\/p>\n<p>\u2022 Sertifik\u0101ts: Lietuvas Prove\u0161anas pal\u0101ta (LPR)<\/p>\n<p>\u2022 Grav\u0113\u0161ana bez maksas<\/p>\n<p>\u2022 Vienreiz\u0113ja bezmaksas gredzena izm\u0113ra mai\u0146as garantija<\/p>\n<p>\u2022 Izgatavo\u0161anas un pieg\u0101des termi\u0146\u0161 no 14 darba dien\u0101m, steidzam\u012bbas k\u0101rt\u0101 3 d.d. laik\u0101.<\/p>\n<p><strong>Jums ir savs zelts? Sazinieties ar mums, m\u0113s p\u0101rr\u0113\u0137in\u0101sim cenu &#8211; maks\u0101siet tikai par gredzenu izgatavo\u0161anu.<\/strong><\/p>\n","protected":false},"excerpt":{"rendered":"<p>Zelta v\u012brie\u0161u laul\u012bbas gredzens &#8211; Izliekta iek\u0161puse un \u0101rpuse pie\u0161\u0137ir \u0161im laul\u012bbas gredzenam \u012bpa\u0161u \u0161armu. T\u0101 komforta zona nodro\u0161ina ne tikai stilu, bet ar\u012b \u0113rtumu ikdienas n\u0113s\u0101\u0161an\u0101. T\u0101 ir izcila izv\u0113le v\u012brie\u0161iem, kuri nov\u0113rt\u0113 augstu komforta l\u012bmeni.<\/p>\n","protected":false},"featured_media":197863,"template":"","meta":{"site-sidebar-layout":"","site-content-layout":"","ast-site-content-layout":"","site-content-style":"","site-sidebar-style":"","ast-global-header-display":"","ast-banner-title-visibility":"","ast-main-header-display":"","ast-hfb-above-header-display":"","ast-hfb-below-header-display":"","ast-hfb-mobile-header-display":"","site-post-title":"","ast-breadcrumbs-content":"","ast-featured-img":"","footer-sml-layout":"","ast-disable-related-posts":"","theme-transparent-header-meta":"","adv-header-id-meta":"","stick-header-meta":"","header-above-stick-meta":"","header-main-stick-meta":"","header-below-stick-meta":"","astra-migrate-meta-layouts":"default","ast-page-background-enabled":"default","ast-page-background-meta":{"desktop":{"background-color":"var(--ast-global-color-4)","background-image":"","background-repeat":"repeat","background-position":"center center","background-size":"auto","background-attachment":"scroll","background-type":"","background-media":"","overlay-type":"","overlay-color":"","overlay-opacity":"","overlay-gradient":""},"tablet":{"background-color":"","background-image":"","background-repeat":"repeat","background-position":"center center","background-size":"auto","background-attachment":"scroll","background-type":"","background-media":"","overlay-type":"","overlay-color":"","overlay-opacity":"","overlay-gradient":""},"mobile":{"background-color":"","background-image":"","background-repeat":"repeat","background-position":"center center","background-size":"auto","background-attachment":"scroll","background-type":"","background-media":"","overlay-type":"","overlay-color":"","overlay-opacity":"","overlay-gradient":""}},"ast-content-background-meta":{"desktop":{"background-color":"var(--ast-global-color-5)","background-image":"","background-repeat":"repeat","background-position":"center center","background-size":"auto","background-attachment":"scroll","background-type":"","background-media":"","overlay-type":"","overlay-color":"","overlay-opacity":"","overlay-gradient":""},"tablet":{"background-color":"var(--ast-global-color-5)","background-image":"","background-repeat":"repeat","background-position":"center center","background-size":"auto","background-attachment":"scroll","background-type":"","background-media":"","overlay-type":"","overlay-color":"","overlay-opacity":"","overlay-gradient":""},"mobile":{"background-color":"var(--ast-global-color-5)","background-image":"","background-repeat":"repeat","background-position":"center center","background-size":"auto","background-attachment":"scroll","background-type":"","background-media":"","overlay-type":"","overlay-color":"","overlay-opacity":"","overlay-gradient":""}}},"product_brand":[],"product_cat":[3524,3769],"product_tag":[],"class_list":{"0":"post-282978","1":"product","2":"type-product","3":"status-publish","4":"has-post-thumbnail","6":"product_cat-kazu-gredzeni","7":"product_cat-viriesu-laulibu-gredzeni","8":"desktop-align-center","9":"tablet-align-left","10":"mobile-align-left","11":"ast-product-gallery-layout-horizontal-slider","12":"ast-product-gallery-with-no-image","13":"ast-product-single-variable","14":"ast-product-tabs-layout-accordion","15":"ast-qv-on-image","17":"first","18":"instock","19":"taxable","20":"shipping-taxable","21":"purchasable","22":"product-type-variable"},"yoast_head":"<!-- This site is optimized with the Yoast SEO plugin v26.6 - https:\/\/yoast.com\/wordpress\/plugins\/seo\/ -->\n<title>V\u012brie\u0161u laul\u012bbas gredzens - Zelta I Fashion Gold<\/title>\n<meta name=\"description\" content=\"Zelta laul\u012bbu v\u012brie\u0161u gredzens - kad izliekta iek\u0161puse un izliekta virsma, laul\u012bbu gredzens ar komforta zonu ir \u012bpa\u0161i \u0113rts. Bezmaksas pieg\u0101de\" \/>\n<meta name=\"robots\" content=\"index, follow, max-snippet:-1, max-image-preview:large, max-video-preview:-1\" \/>\n<link rel=\"canonical\" href=\"https:\/\/fashiongold.lt\/lv\/papuosalas\/viriesu-laulibas-gredzens-zelta-340-mm\/\" \/>\n<meta property=\"og:locale\" content=\"lv_LV\" \/>\n<meta property=\"og:type\" content=\"article\" \/>\n<meta property=\"og:title\" content=\"V\u012brie\u0161u laul\u012bbas gredzens - Zelta I Fashion Gold\" \/>\n<meta property=\"og:description\" content=\"Zelta laul\u012bbu v\u012brie\u0161u gredzens - kad izliekta iek\u0161puse un izliekta virsma, laul\u012bbu gredzens ar komforta zonu ir \u012bpa\u0161i \u0113rts. Bezmaksas pieg\u0101de\" \/>\n<meta property=\"og:url\" content=\"https:\/\/fashiongold.lt\/lv\/papuosalas\/viriesu-laulibas-gredzens-zelta-340-mm\/\" \/>\n<meta property=\"og:site_name\" content=\"FashionGold.lt\" \/>\n<meta property=\"og:image\" content=\"https:\/\/fashiongold.lt\/wp-content\/uploads\/2025\/10\/9045-190-Vyriskas-vestuvinis-ziedas-Auksinis.webp\" \/>\n\t<meta property=\"og:image:width\" content=\"1000\" \/>\n\t<meta property=\"og:image:height\" content=\"1000\" \/>\n\t<meta property=\"og:image:type\" content=\"image\/png\" \/>\n<meta name=\"twitter:card\" content=\"summary_large_image\" \/>\n<meta name=\"twitter:label1\" content=\"Est. reading time\" \/>\n\t<meta name=\"twitter:data1\" content=\"1 minute\" \/>\n<script type=\"application\/ld+json\" class=\"yoast-schema-graph\">{\"@context\":\"https:\/\/schema.org\",\"@graph\":[{\"@type\":\"WebPage\",\"@id\":\"https:\/\/fashiongold.lt\/lv\/papuosalas\/viriesu-laulibas-gredzens-zelta-340-mm\/\",\"url\":\"https:\/\/fashiongold.lt\/lv\/papuosalas\/viriesu-laulibas-gredzens-zelta-340-mm\/\",\"name\":\"V\u012brie\u0161u laul\u012bbas gredzens - Zelta I Fashion Gold\",\"isPartOf\":{\"@id\":\"https:\/\/fashiongold.lt\/lv\/#website\"},\"primaryImageOfPage\":{\"@id\":\"https:\/\/fashiongold.lt\/lv\/papuosalas\/viriesu-laulibas-gredzens-zelta-340-mm\/#primaryimage\"},\"image\":{\"@id\":\"https:\/\/fashiongold.lt\/lv\/papuosalas\/viriesu-laulibas-gredzens-zelta-340-mm\/#primaryimage\"},\"thumbnailUrl\":\"https:\/\/fashiongold.lt\/wp-content\/uploads\/2025\/10\/9045-190-Vyriskas-vestuvinis-ziedas-Auksinis.png\",\"datePublished\":\"2025-10-14T16:16:35+00:00\",\"description\":\"Zelta laul\u012bbu v\u012brie\u0161u gredzens - kad izliekta iek\u0161puse un izliekta virsma, laul\u012bbu gredzens ar komforta zonu ir \u012bpa\u0161i \u0113rts. Bezmaksas pieg\u0101de\",\"breadcrumb\":{\"@id\":\"https:\/\/fashiongold.lt\/lv\/papuosalas\/viriesu-laulibas-gredzens-zelta-340-mm\/#breadcrumb\"},\"inLanguage\":\"lv-LV\",\"potentialAction\":[{\"@type\":\"ReadAction\",\"target\":[\"https:\/\/fashiongold.lt\/lv\/papuosalas\/viriesu-laulibas-gredzens-zelta-340-mm\/\"]}]},{\"@type\":\"ImageObject\",\"inLanguage\":\"lv-LV\",\"@id\":\"https:\/\/fashiongold.lt\/lv\/papuosalas\/viriesu-laulibas-gredzens-zelta-340-mm\/#primaryimage\",\"url\":\"https:\/\/fashiongold.lt\/wp-content\/uploads\/2025\/10\/9045-190-Vyriskas-vestuvinis-ziedas-Auksinis.png\",\"contentUrl\":\"https:\/\/fashiongold.lt\/wp-content\/uploads\/2025\/10\/9045-190-Vyriskas-vestuvinis-ziedas-Auksinis.png\",\"width\":1000,\"height\":1000},{\"@type\":\"BreadcrumbList\",\"@id\":\"https:\/\/fashiongold.lt\/lv\/papuosalas\/viriesu-laulibas-gredzens-zelta-340-mm\/#breadcrumb\",\"itemListElement\":[{\"@type\":\"ListItem\",\"position\":1,\"name\":\"Home\",\"item\":\"https:\/\/fashiongold.lt\/lv\/\"},{\"@type\":\"ListItem\",\"position\":2,\"name\":\"Dimantu veikals Fashiongold.lt\",\"item\":\"https:\/\/fashiongold.lt\/shop-2\/\"},{\"@type\":\"ListItem\",\"position\":3,\"name\":\"V\u012brie\u0161u laul\u012bbas gredzens \u2013 Zelta (3,40 mm)\"}]},{\"@type\":\"WebSite\",\"@id\":\"https:\/\/fashiongold.lt\/lv\/#website\",\"url\":\"https:\/\/fashiongold.lt\/lv\/\",\"name\":\"Fashion Gold\",\"description\":\"Juvelyrikos namai\",\"publisher\":{\"@id\":\"https:\/\/fashiongold.lt\/lv\/#organization\"},\"potentialAction\":[{\"@type\":\"SearchAction\",\"target\":{\"@type\":\"EntryPoint\",\"urlTemplate\":\"https:\/\/fashiongold.lt\/lv\/?s={search_term_string}\"},\"query-input\":{\"@type\":\"PropertyValueSpecification\",\"valueRequired\":true,\"valueName\":\"search_term_string\"}}],\"inLanguage\":\"lv-LV\"},{\"@type\":\"Organization\",\"@id\":\"https:\/\/fashiongold.lt\/lv\/#organization\",\"name\":\"Topdiamonds Online\",\"url\":\"https:\/\/fashiongold.lt\/lv\/\",\"logo\":{\"@type\":\"ImageObject\",\"inLanguage\":\"lv-LV\",\"@id\":\"https:\/\/fashiongold.lt\/lv\/#\/schema\/logo\/image\/\",\"url\":\"https:\/\/fashiongold.lt\/wp-content\/uploads\/2025\/04\/cropped-fashion_gold_logotipas2-scaled-1.png\",\"contentUrl\":\"https:\/\/fashiongold.lt\/wp-content\/uploads\/2025\/04\/cropped-fashion_gold_logotipas2-scaled-1.png\",\"width\":2559,\"height\":421,\"caption\":\"Topdiamonds Online\"},\"image\":{\"@id\":\"https:\/\/fashiongold.lt\/lv\/#\/schema\/logo\/image\/\"}}]}<\/script>\n<!-- \/ Yoast SEO plugin. -->","yoast_head_json":{"title":"V\u012brie\u0161u laul\u012bbas gredzens - Zelta I Fashion Gold","description":"Zelta laul\u012bbu v\u012brie\u0161u gredzens - kad izliekta iek\u0161puse un izliekta virsma, laul\u012bbu gredzens ar komforta zonu ir \u012bpa\u0161i \u0113rts. Bezmaksas pieg\u0101de","robots":{"index":"index","follow":"follow","max-snippet":"max-snippet:-1","max-image-preview":"max-image-preview:large","max-video-preview":"max-video-preview:-1"},"canonical":"https:\/\/fashiongold.lt\/lv\/papuosalas\/viriesu-laulibas-gredzens-zelta-340-mm\/","og_locale":"lv_LV","og_type":"article","og_title":"V\u012brie\u0161u laul\u012bbas gredzens - Zelta I Fashion Gold","og_description":"Zelta laul\u012bbu v\u012brie\u0161u gredzens - kad izliekta iek\u0161puse un izliekta virsma, laul\u012bbu gredzens ar komforta zonu ir \u012bpa\u0161i \u0113rts. Bezmaksas pieg\u0101de","og_url":"https:\/\/fashiongold.lt\/lv\/papuosalas\/viriesu-laulibas-gredzens-zelta-340-mm\/","og_site_name":"FashionGold.lt","og_image":[{"width":1000,"height":1000,"url":"https:\/\/fashiongold.lt\/wp-content\/uploads\/2025\/10\/9045-190-Vyriskas-vestuvinis-ziedas-Auksinis.webp","type":"image\/png"}],"twitter_card":"summary_large_image","twitter_misc":{"Est. reading time":"1 minute"},"schema":{"@context":"https:\/\/schema.org","@graph":[{"@type":"WebPage","@id":"https:\/\/fashiongold.lt\/lv\/papuosalas\/viriesu-laulibas-gredzens-zelta-340-mm\/","url":"https:\/\/fashiongold.lt\/lv\/papuosalas\/viriesu-laulibas-gredzens-zelta-340-mm\/","name":"V\u012brie\u0161u laul\u012bbas gredzens - Zelta I Fashion Gold","isPartOf":{"@id":"https:\/\/fashiongold.lt\/lv\/#website"},"primaryImageOfPage":{"@id":"https:\/\/fashiongold.lt\/lv\/papuosalas\/viriesu-laulibas-gredzens-zelta-340-mm\/#primaryimage"},"image":{"@id":"https:\/\/fashiongold.lt\/lv\/papuosalas\/viriesu-laulibas-gredzens-zelta-340-mm\/#primaryimage"},"thumbnailUrl":"https:\/\/fashiongold.lt\/wp-content\/uploads\/2025\/10\/9045-190-Vyriskas-vestuvinis-ziedas-Auksinis.png","datePublished":"2025-10-14T16:16:35+00:00","description":"Zelta laul\u012bbu v\u012brie\u0161u gredzens - kad izliekta iek\u0161puse un izliekta virsma, laul\u012bbu gredzens ar komforta zonu ir \u012bpa\u0161i \u0113rts. Bezmaksas pieg\u0101de","breadcrumb":{"@id":"https:\/\/fashiongold.lt\/lv\/papuosalas\/viriesu-laulibas-gredzens-zelta-340-mm\/#breadcrumb"},"inLanguage":"lv-LV","potentialAction":[{"@type":"ReadAction","target":["https:\/\/fashiongold.lt\/lv\/papuosalas\/viriesu-laulibas-gredzens-zelta-340-mm\/"]}]},{"@type":"ImageObject","inLanguage":"lv-LV","@id":"https:\/\/fashiongold.lt\/lv\/papuosalas\/viriesu-laulibas-gredzens-zelta-340-mm\/#primaryimage","url":"https:\/\/fashiongold.lt\/wp-content\/uploads\/2025\/10\/9045-190-Vyriskas-vestuvinis-ziedas-Auksinis.png","contentUrl":"https:\/\/fashiongold.lt\/wp-content\/uploads\/2025\/10\/9045-190-Vyriskas-vestuvinis-ziedas-Auksinis.png","width":1000,"height":1000},{"@type":"BreadcrumbList","@id":"https:\/\/fashiongold.lt\/lv\/papuosalas\/viriesu-laulibas-gredzens-zelta-340-mm\/#breadcrumb","itemListElement":[{"@type":"ListItem","position":1,"name":"Home","item":"https:\/\/fashiongold.lt\/lv\/"},{"@type":"ListItem","position":2,"name":"Dimantu veikals Fashiongold.lt","item":"https:\/\/fashiongold.lt\/shop-2\/"},{"@type":"ListItem","position":3,"name":"V\u012brie\u0161u laul\u012bbas gredzens \u2013 Zelta (3,40 mm)"}]},{"@type":"WebSite","@id":"https:\/\/fashiongold.lt\/lv\/#website","url":"https:\/\/fashiongold.lt\/lv\/","name":"Fashion Gold","description":"Juvelyrikos namai","publisher":{"@id":"https:\/\/fashiongold.lt\/lv\/#organization"},"potentialAction":[{"@type":"SearchAction","target":{"@type":"EntryPoint","urlTemplate":"https:\/\/fashiongold.lt\/lv\/?s={search_term_string}"},"query-input":{"@type":"PropertyValueSpecification","valueRequired":true,"valueName":"search_term_string"}}],"inLanguage":"lv-LV"},{"@type":"Organization","@id":"https:\/\/fashiongold.lt\/lv\/#organization","name":"Topdiamonds Online","url":"https:\/\/fashiongold.lt\/lv\/","logo":{"@type":"ImageObject","inLanguage":"lv-LV","@id":"https:\/\/fashiongold.lt\/lv\/#\/schema\/logo\/image\/","url":"https:\/\/fashiongold.lt\/wp-content\/uploads\/2025\/04\/cropped-fashion_gold_logotipas2-scaled-1.png","contentUrl":"https:\/\/fashiongold.lt\/wp-content\/uploads\/2025\/04\/cropped-fashion_gold_logotipas2-scaled-1.png","width":2559,"height":421,"caption":"Topdiamonds Online"},"image":{"@id":"https:\/\/fashiongold.lt\/lv\/#\/schema\/logo\/image\/"}}]}},"_links":{"self":[{"href":"https:\/\/fashiongold.lt\/lv\/wp-json\/wp\/v2\/product\/282978","targetHints":{"allow":["GET"]}}],"collection":[{"href":"https:\/\/fashiongold.lt\/lv\/wp-json\/wp\/v2\/product"}],"about":[{"href":"https:\/\/fashiongold.lt\/lv\/wp-json\/wp\/v2\/types\/product"}],"version-history":[{"count":0,"href":"https:\/\/fashiongold.lt\/lv\/wp-json\/wp\/v2\/product\/282978\/revisions"}],"wp:featuredmedia":[{"embeddable":true,"href":"https:\/\/fashiongold.lt\/lv\/wp-json\/wp\/v2\/media\/197863"}],"wp:attachment":[{"href":"https:\/\/fashiongold.lt\/lv\/wp-json\/wp\/v2\/media?parent=282978"}],"wp:term":[{"taxonomy":"product_brand","embeddable":true,"href":"https:\/\/fashiongold.lt\/lv\/wp-json\/wp\/v2\/product_brand?post=282978"},{"taxonomy":"product_cat","embeddable":true,"href":"https:\/\/fashiongold.lt\/lv\/wp-json\/wp\/v2\/product_cat?post=282978"},{"taxonomy":"product_tag","embeddable":true,"href":"https:\/\/fashiongold.lt\/lv\/wp-json\/wp\/v2\/product_tag?post=282978"}],"curies":[{"name":"wp","href":"https:\/\/api.w.org\/{rel}","templated":true}]}}