{"id":283177,"date":"2025-10-20T08:01:21","date_gmt":"2025-10-20T08:01:21","guid":{"rendered":"https:\/\/fashiongold.lt\/papuosalas\/0-30-ct-gredzens-ar-safiriem-un-dimantiem\/"},"modified":"2026-02-14T13:29:37","modified_gmt":"2026-02-14T13:29:37","slug":"0-30-ct-gredzens-ar-safiriem-un-dimantiem","status":"publish","type":"product","link":"https:\/\/fashiongold.lt\/lv\/papuosalas\/0-30-ct-gredzens-ar-safiriem-un-dimantiem\/","title":{"rendered":"0.30 ct gredzens ar saf\u012briem un dimantiem"},"content":{"rendered":"<p>Ra\u017eots V\u0101cij\u0101 no augstas kvalit\u0101tes d\u0101rgakme\u0146iem. Nep\u0101rsp\u0113jama skaistuma gredzens ar ekskluz\u012bvu stilu, augstu kvalit\u0101ti un komforta zonu. Gredzens var tikt izgatavots p\u0113c pas\u016bt\u012bjuma: no sarkan\u0101, dzelten\u0101 vai balt\u0101 zelta, ar kr\u0101sainiem saf\u012briem vai vienas kr\u0101sas saf\u012briem. Saf\u012brs ir sp\u0113ka, optimisma un aktivit\u0101tes simbols. Saf\u012bra ma\u0123iskais sp\u0113ks \u2013 pal\u012bdz mazin\u0101t sasprindzin\u0101jumu konfliktu laik\u0101 un risin\u0101t vesel\u012bbas probl\u0113mas. Saf\u012brs ir piem\u0113rots \u2013 Ziv\u012bm, Svariem, Skorpioniem, Dv\u012b\u0146iem, Jaunav\u0101m, Lauv\u0101m, Auniem, \u016adensv\u012briem, Str\u0113lniekiem.\u00a0<\/p>\n<p>\u2022 Gredzena zelts: 18 K (750. prove)\u00a0 \u00a0 \u00a0\u00a0<\/p>\n<p>\u2022 Gredzena kr\u0101sa: var izv\u0113l\u0113ties balto, dzelteno vai sarkano zeltu<\/p>\n<p>\u2022 Gredzena svars (atkar\u012bgs no izm\u0113ra un proves): aptuveni 1,70 &#8211; 2,50 g\u00a0 \u00a0 \u00a0 \u00a0 \u00a0<\/p>\n<p>\u2022 Gredzena izm\u0113ri: 3.2 mm<\/p>\n<p>\u2022 Gredzena komforta zona: ir\u00a0<\/p>\n<p>\u2022 Dimanta veids: Dab\u012bgais dimants\u00a0 \u00a0 \u00a0 \u00a0 \u00a0<\/p>\n<p>\u2022 Dimanta forma: apa\u013ca forma (round shape)\u00a0 \u00a0 \u00a0 \u00a0 \u00a0<\/p>\n<p>\u2022 Dimanta raksturojums: 0.05 ct, kr\u0101sa G-H (RW-W); dzidrums SI\u00a0 \u00a0<\/p>\n<p>\u2022 D\u0101rgakmens veids: Dab\u012bgais zilais saf\u012brs\u00a0\u00a0<\/p>\n<p>\u2022 D\u0101rgakmens forma: apa\u013cas formas (round cut)\u00a0 \u00a0 \u00a0<\/p>\n<p>\u2022 D\u0101rgakmens raksturojums: 0.25 ct (3 gab.) (iesp\u0113jams main\u012bt)\u00a0 \u00a0 \u00a0<\/p>\n<p>\u2022 Sertifik\u0101ts: Lietuvas Proves birojs (LPR)\u00a0 \u00a0 \u00a0 \u00a0<\/p>\n<p>\u2022 Grav\u0113\u0161ana bez maksas\u00a0<\/p>\n<p>\u2022 Vienreiz\u0113ja bezmaksas gredzena izm\u0113ra mai\u0146as garantija (p\u0113c iesp\u0113jas)\u00a0<\/p>\n<p>\u2022 Izgatavo\u0161anas un pieg\u0101des termi\u0146\u0161 no 14 darba dien\u0101m, steidzam\u012bbas k\u0101rt\u0101 3 d. d. laik\u0101.\u00a0<\/p>\n<p><strong>Vai jums ir savs zelts? Sazinieties ar mums, m\u0113s p\u0101rr\u0113\u0137in\u0101sim cenu \u2013 j\u016bs maks\u0101siet tikai par gredzenu izgatavo\u0161anu.<\/strong><\/p>\n","protected":false},"excerpt":{"rendered":"<p>Zelta st\u012bpi\u0146a ar zilajiem saf\u012briem un dimantiem. Unik\u0101ls gredzens, kur\u0101 kop\u0113jais saf\u012bru un dimantu svars sasniedz 0,30 kar\u0101tus. Neatk\u0101rtojama izv\u0113le tiem, kas nov\u0113rt\u0113 stil\u012bgas deta\u013cas. Lieliska d\u0101vana stil\u012bgu rotaslietu cien\u012bt\u0101jiem.<\/p>\n","protected":false},"featured_media":235229,"template":"","meta":{"site-sidebar-layout":"default","site-content-layout":"","ast-site-content-layout":"default","site-content-style":"default","site-sidebar-style":"default","ast-global-header-display":"","ast-banner-title-visibility":"","ast-main-header-display":"","ast-hfb-above-header-display":"","ast-hfb-below-header-display":"","ast-hfb-mobile-header-display":"","site-post-title":"","ast-breadcrumbs-content":"","ast-featured-img":"","footer-sml-layout":"","ast-disable-related-posts":"","theme-transparent-header-meta":"","adv-header-id-meta":"","stick-header-meta":"","header-above-stick-meta":"","header-main-stick-meta":"","header-below-stick-meta":"","astra-migrate-meta-layouts":"default","ast-page-background-enabled":"default","ast-page-background-meta":{"desktop":{"background-color":"var(--ast-global-color-4)","background-image":"","background-repeat":"repeat","background-position":"center center","background-size":"auto","background-attachment":"scroll","background-type":"","background-media":"","overlay-type":"","overlay-color":"","overlay-opacity":"","overlay-gradient":""},"tablet":{"background-color":"","background-image":"","background-repeat":"repeat","background-position":"center center","background-size":"auto","background-attachment":"scroll","background-type":"","background-media":"","overlay-type":"","overlay-color":"","overlay-opacity":"","overlay-gradient":""},"mobile":{"background-color":"","background-image":"","background-repeat":"repeat","background-position":"center center","background-size":"auto","background-attachment":"scroll","background-type":"","background-media":"","overlay-type":"","overlay-color":"","overlay-opacity":"","overlay-gradient":""}},"ast-content-background-meta":{"desktop":{"background-color":"var(--ast-global-color-5)","background-image":"","background-repeat":"repeat","background-position":"center center","background-size":"auto","background-attachment":"scroll","background-type":"","background-media":"","overlay-type":"","overlay-color":"","overlay-opacity":"","overlay-gradient":""},"tablet":{"background-color":"var(--ast-global-color-5)","background-image":"","background-repeat":"repeat","background-position":"center center","background-size":"auto","background-attachment":"scroll","background-type":"","background-media":"","overlay-type":"","overlay-color":"","overlay-opacity":"","overlay-gradient":""},"mobile":{"background-color":"var(--ast-global-color-5)","background-image":"","background-repeat":"repeat","background-position":"center center","background-size":"auto","background-attachment":"scroll","background-type":"","background-media":"","overlay-type":"","overlay-color":"","overlay-opacity":"","overlay-gradient":""}}},"product_brand":[],"product_cat":[2924,2919,2915,2913,2921,2920,2916,2914,2917,2925,2926,2939,2940,2942,3042,2938,3524,2922,3527,2937,2934,2936,2918,3402],"product_tag":[],"class_list":{"0":"post-283177","1":"product","2":"type-product","3":"status-publish","4":"has-post-thumbnail","6":"product_cat-balta-zelta-dimantu-stipinas","7":"product_cat-baltzelta-rotaslietas","8":"product_cat-davanas-berna-piedzimsanai","9":"product_cat-davanas-dzimsanas-diena","10":"product_cat-davanas-ipasiem-gadijumiem","11":"product_cat-davanas-izlaidumam","12":"product_cat-davanas-kazu-gadadiena","13":"product_cat-davanas-sievietem","14":"product_cat-davanas-viriesiem","15":"product_cat-dimanta-lentinas","16":"product_cat-dimanta-stipinas-lidz-pusei","17":"product_cat-gredzeni-ar-dargakmeniem","18":"product_cat-gredzeni-ar-safiriem","19":"product_cat-gredzens-joslina-ar-dargakmeniem","20":"product_cat-juvelierizstradajumi","21":"product_cat-juvelierizstradajumi-ar-ziliem-dargakmeniem","22":"product_cat-kazu-gredzeni","23":"product_cat-mates-dienas-davanas","24":"product_cat-moderni-kazu-gredzeni","25":"product_cat-rotaslietas-ar-pusdargakmeniem","26":"product_cat-safirs-juvelierizstradajumi-ar-safiriem","27":"product_cat-valentindienas-davanas","28":"product_cat-ziemassvetku-davanas","29":"product_cat-zils-dargakmens","30":"desktop-align-center","31":"tablet-align-left","32":"mobile-align-left","33":"ast-product-gallery-layout-horizontal-slider","34":"ast-product-gallery-with-no-image","35":"ast-product-single-variable","36":"ast-product-tabs-layout-accordion","37":"ast-qv-on-image","39":"first","40":"instock","41":"taxable","42":"shipping-taxable","43":"purchasable","44":"product-type-variable"},"yoast_head":"<!-- This site is optimized with the Yoast SEO plugin v26.6 - https:\/\/yoast.com\/wordpress\/plugins\/seo\/ -->\n<title>0.30 ct gredzens ar saf\u012briem un dimantiem I fashiongold.lt<\/title>\n<meta name=\"description\" content=\"Zelta st\u012bpi\u0146a ar zilajiem saf\u012briem un dimantiem. Kop\u0113jais saf\u012bru un dimantu svars sasniedz 0,30 kar\u0101tus. Lieliska d\u0101vana stil\u012bgu rotaslietu cien\u012bt\u0101jiem.\" \/>\n<meta name=\"robots\" content=\"index, follow, max-snippet:-1, max-image-preview:large, max-video-preview:-1\" \/>\n<link rel=\"canonical\" href=\"https:\/\/fashiongold.lt\/lv\/papuosalas\/0-30-ct-gredzens-ar-safiriem-un-dimantiem\/\" \/>\n<meta property=\"og:locale\" content=\"lv_LV\" \/>\n<meta property=\"og:type\" content=\"article\" \/>\n<meta property=\"og:title\" content=\"0.30 ct gredzens ar saf\u012briem un dimantiem I fashiongold.lt\" \/>\n<meta property=\"og:description\" content=\"Zelta st\u012bpi\u0146a ar zilajiem saf\u012briem un dimantiem. Kop\u0113jais saf\u012bru un dimantu svars sasniedz 0,30 kar\u0101tus. Lieliska d\u0101vana stil\u012bgu rotaslietu cien\u012bt\u0101jiem.\" \/>\n<meta property=\"og:url\" content=\"https:\/\/fashiongold.lt\/lv\/papuosalas\/0-30-ct-gredzens-ar-safiriem-un-dimantiem\/\" \/>\n<meta property=\"og:site_name\" content=\"FashionGold.lt\" \/>\n<meta property=\"article:modified_time\" content=\"2026-02-14T13:29:37+00:00\" \/>\n<meta property=\"og:image\" content=\"https:\/\/fashiongold.lt\/wp-content\/uploads\/2025\/10\/21851-51a-0.30-ct-ziedas-su-safyrais-ir-deimantais.webp\" \/>\n\t<meta property=\"og:image:width\" content=\"1000\" \/>\n\t<meta property=\"og:image:height\" content=\"1000\" \/>\n\t<meta property=\"og:image:type\" content=\"image\/png\" \/>\n<meta name=\"twitter:card\" content=\"summary_large_image\" \/>\n<meta name=\"twitter:label1\" content=\"Est. reading time\" \/>\n\t<meta name=\"twitter:data1\" content=\"1 minute\" \/>\n<script type=\"application\/ld+json\" class=\"yoast-schema-graph\">{\"@context\":\"https:\/\/schema.org\",\"@graph\":[{\"@type\":\"WebPage\",\"@id\":\"https:\/\/fashiongold.lt\/lv\/papuosalas\/0-30-ct-gredzens-ar-safiriem-un-dimantiem\/\",\"url\":\"https:\/\/fashiongold.lt\/lv\/papuosalas\/0-30-ct-gredzens-ar-safiriem-un-dimantiem\/\",\"name\":\"0.30 ct gredzens ar saf\u012briem un dimantiem I fashiongold.lt\",\"isPartOf\":{\"@id\":\"https:\/\/fashiongold.lt\/lv\/#website\"},\"primaryImageOfPage\":{\"@id\":\"https:\/\/fashiongold.lt\/lv\/papuosalas\/0-30-ct-gredzens-ar-safiriem-un-dimantiem\/#primaryimage\"},\"image\":{\"@id\":\"https:\/\/fashiongold.lt\/lv\/papuosalas\/0-30-ct-gredzens-ar-safiriem-un-dimantiem\/#primaryimage\"},\"thumbnailUrl\":\"https:\/\/fashiongold.lt\/wp-content\/uploads\/2025\/10\/21851-51a-0.30-ct-ziedas-su-safyrais-ir-deimantais.png\",\"datePublished\":\"2025-10-20T08:01:21+00:00\",\"dateModified\":\"2026-02-14T13:29:37+00:00\",\"description\":\"Zelta st\u012bpi\u0146a ar zilajiem saf\u012briem un dimantiem. Kop\u0113jais saf\u012bru un dimantu svars sasniedz 0,30 kar\u0101tus. Lieliska d\u0101vana stil\u012bgu rotaslietu cien\u012bt\u0101jiem.\",\"breadcrumb\":{\"@id\":\"https:\/\/fashiongold.lt\/lv\/papuosalas\/0-30-ct-gredzens-ar-safiriem-un-dimantiem\/#breadcrumb\"},\"inLanguage\":\"lv-LV\",\"potentialAction\":[{\"@type\":\"ReadAction\",\"target\":[\"https:\/\/fashiongold.lt\/lv\/papuosalas\/0-30-ct-gredzens-ar-safiriem-un-dimantiem\/\"]}]},{\"@type\":\"ImageObject\",\"inLanguage\":\"lv-LV\",\"@id\":\"https:\/\/fashiongold.lt\/lv\/papuosalas\/0-30-ct-gredzens-ar-safiriem-un-dimantiem\/#primaryimage\",\"url\":\"https:\/\/fashiongold.lt\/wp-content\/uploads\/2025\/10\/21851-51a-0.30-ct-ziedas-su-safyrais-ir-deimantais.png\",\"contentUrl\":\"https:\/\/fashiongold.lt\/wp-content\/uploads\/2025\/10\/21851-51a-0.30-ct-ziedas-su-safyrais-ir-deimantais.png\",\"width\":1000,\"height\":1000},{\"@type\":\"BreadcrumbList\",\"@id\":\"https:\/\/fashiongold.lt\/lv\/papuosalas\/0-30-ct-gredzens-ar-safiriem-un-dimantiem\/#breadcrumb\",\"itemListElement\":[{\"@type\":\"ListItem\",\"position\":1,\"name\":\"Home\",\"item\":\"https:\/\/fashiongold.lt\/lv\/\"},{\"@type\":\"ListItem\",\"position\":2,\"name\":\"Dimantu veikals Fashiongold.lt\",\"item\":\"https:\/\/fashiongold.lt\/shop-2\/\"},{\"@type\":\"ListItem\",\"position\":3,\"name\":\"0.30 ct gredzens ar saf\u012briem un dimantiem\"}]},{\"@type\":\"WebSite\",\"@id\":\"https:\/\/fashiongold.lt\/lv\/#website\",\"url\":\"https:\/\/fashiongold.lt\/lv\/\",\"name\":\"Fashion Gold\",\"description\":\"Juvelyrikos namai\",\"publisher\":{\"@id\":\"https:\/\/fashiongold.lt\/lv\/#organization\"},\"potentialAction\":[{\"@type\":\"SearchAction\",\"target\":{\"@type\":\"EntryPoint\",\"urlTemplate\":\"https:\/\/fashiongold.lt\/lv\/?s={search_term_string}\"},\"query-input\":{\"@type\":\"PropertyValueSpecification\",\"valueRequired\":true,\"valueName\":\"search_term_string\"}}],\"inLanguage\":\"lv-LV\"},{\"@type\":\"Organization\",\"@id\":\"https:\/\/fashiongold.lt\/lv\/#organization\",\"name\":\"Topdiamonds Online\",\"url\":\"https:\/\/fashiongold.lt\/lv\/\",\"logo\":{\"@type\":\"ImageObject\",\"inLanguage\":\"lv-LV\",\"@id\":\"https:\/\/fashiongold.lt\/lv\/#\/schema\/logo\/image\/\",\"url\":\"https:\/\/fashiongold.lt\/wp-content\/uploads\/2025\/04\/cropped-fashion_gold_logotipas2-scaled-1.png\",\"contentUrl\":\"https:\/\/fashiongold.lt\/wp-content\/uploads\/2025\/04\/cropped-fashion_gold_logotipas2-scaled-1.png\",\"width\":2559,\"height\":421,\"caption\":\"Topdiamonds Online\"},\"image\":{\"@id\":\"https:\/\/fashiongold.lt\/lv\/#\/schema\/logo\/image\/\"}}]}<\/script>\n<!-- \/ Yoast SEO plugin. -->","yoast_head_json":{"title":"0.30 ct gredzens ar saf\u012briem un dimantiem I fashiongold.lt","description":"Zelta st\u012bpi\u0146a ar zilajiem saf\u012briem un dimantiem. Kop\u0113jais saf\u012bru un dimantu svars sasniedz 0,30 kar\u0101tus. Lieliska d\u0101vana stil\u012bgu rotaslietu cien\u012bt\u0101jiem.","robots":{"index":"index","follow":"follow","max-snippet":"max-snippet:-1","max-image-preview":"max-image-preview:large","max-video-preview":"max-video-preview:-1"},"canonical":"https:\/\/fashiongold.lt\/lv\/papuosalas\/0-30-ct-gredzens-ar-safiriem-un-dimantiem\/","og_locale":"lv_LV","og_type":"article","og_title":"0.30 ct gredzens ar saf\u012briem un dimantiem I fashiongold.lt","og_description":"Zelta st\u012bpi\u0146a ar zilajiem saf\u012briem un dimantiem. Kop\u0113jais saf\u012bru un dimantu svars sasniedz 0,30 kar\u0101tus. Lieliska d\u0101vana stil\u012bgu rotaslietu cien\u012bt\u0101jiem.","og_url":"https:\/\/fashiongold.lt\/lv\/papuosalas\/0-30-ct-gredzens-ar-safiriem-un-dimantiem\/","og_site_name":"FashionGold.lt","article_modified_time":"2026-02-14T13:29:37+00:00","og_image":[{"width":1000,"height":1000,"url":"https:\/\/fashiongold.lt\/wp-content\/uploads\/2025\/10\/21851-51a-0.30-ct-ziedas-su-safyrais-ir-deimantais.webp","type":"image\/png"}],"twitter_card":"summary_large_image","twitter_misc":{"Est. reading time":"1 minute"},"schema":{"@context":"https:\/\/schema.org","@graph":[{"@type":"WebPage","@id":"https:\/\/fashiongold.lt\/lv\/papuosalas\/0-30-ct-gredzens-ar-safiriem-un-dimantiem\/","url":"https:\/\/fashiongold.lt\/lv\/papuosalas\/0-30-ct-gredzens-ar-safiriem-un-dimantiem\/","name":"0.30 ct gredzens ar saf\u012briem un dimantiem I fashiongold.lt","isPartOf":{"@id":"https:\/\/fashiongold.lt\/lv\/#website"},"primaryImageOfPage":{"@id":"https:\/\/fashiongold.lt\/lv\/papuosalas\/0-30-ct-gredzens-ar-safiriem-un-dimantiem\/#primaryimage"},"image":{"@id":"https:\/\/fashiongold.lt\/lv\/papuosalas\/0-30-ct-gredzens-ar-safiriem-un-dimantiem\/#primaryimage"},"thumbnailUrl":"https:\/\/fashiongold.lt\/wp-content\/uploads\/2025\/10\/21851-51a-0.30-ct-ziedas-su-safyrais-ir-deimantais.png","datePublished":"2025-10-20T08:01:21+00:00","dateModified":"2026-02-14T13:29:37+00:00","description":"Zelta st\u012bpi\u0146a ar zilajiem saf\u012briem un dimantiem. Kop\u0113jais saf\u012bru un dimantu svars sasniedz 0,30 kar\u0101tus. Lieliska d\u0101vana stil\u012bgu rotaslietu cien\u012bt\u0101jiem.","breadcrumb":{"@id":"https:\/\/fashiongold.lt\/lv\/papuosalas\/0-30-ct-gredzens-ar-safiriem-un-dimantiem\/#breadcrumb"},"inLanguage":"lv-LV","potentialAction":[{"@type":"ReadAction","target":["https:\/\/fashiongold.lt\/lv\/papuosalas\/0-30-ct-gredzens-ar-safiriem-un-dimantiem\/"]}]},{"@type":"ImageObject","inLanguage":"lv-LV","@id":"https:\/\/fashiongold.lt\/lv\/papuosalas\/0-30-ct-gredzens-ar-safiriem-un-dimantiem\/#primaryimage","url":"https:\/\/fashiongold.lt\/wp-content\/uploads\/2025\/10\/21851-51a-0.30-ct-ziedas-su-safyrais-ir-deimantais.png","contentUrl":"https:\/\/fashiongold.lt\/wp-content\/uploads\/2025\/10\/21851-51a-0.30-ct-ziedas-su-safyrais-ir-deimantais.png","width":1000,"height":1000},{"@type":"BreadcrumbList","@id":"https:\/\/fashiongold.lt\/lv\/papuosalas\/0-30-ct-gredzens-ar-safiriem-un-dimantiem\/#breadcrumb","itemListElement":[{"@type":"ListItem","position":1,"name":"Home","item":"https:\/\/fashiongold.lt\/lv\/"},{"@type":"ListItem","position":2,"name":"Dimantu veikals Fashiongold.lt","item":"https:\/\/fashiongold.lt\/shop-2\/"},{"@type":"ListItem","position":3,"name":"0.30 ct gredzens ar saf\u012briem un dimantiem"}]},{"@type":"WebSite","@id":"https:\/\/fashiongold.lt\/lv\/#website","url":"https:\/\/fashiongold.lt\/lv\/","name":"Fashion Gold","description":"Juvelyrikos namai","publisher":{"@id":"https:\/\/fashiongold.lt\/lv\/#organization"},"potentialAction":[{"@type":"SearchAction","target":{"@type":"EntryPoint","urlTemplate":"https:\/\/fashiongold.lt\/lv\/?s={search_term_string}"},"query-input":{"@type":"PropertyValueSpecification","valueRequired":true,"valueName":"search_term_string"}}],"inLanguage":"lv-LV"},{"@type":"Organization","@id":"https:\/\/fashiongold.lt\/lv\/#organization","name":"Topdiamonds Online","url":"https:\/\/fashiongold.lt\/lv\/","logo":{"@type":"ImageObject","inLanguage":"lv-LV","@id":"https:\/\/fashiongold.lt\/lv\/#\/schema\/logo\/image\/","url":"https:\/\/fashiongold.lt\/wp-content\/uploads\/2025\/04\/cropped-fashion_gold_logotipas2-scaled-1.png","contentUrl":"https:\/\/fashiongold.lt\/wp-content\/uploads\/2025\/04\/cropped-fashion_gold_logotipas2-scaled-1.png","width":2559,"height":421,"caption":"Topdiamonds Online"},"image":{"@id":"https:\/\/fashiongold.lt\/lv\/#\/schema\/logo\/image\/"}}]}},"_links":{"self":[{"href":"https:\/\/fashiongold.lt\/lv\/wp-json\/wp\/v2\/product\/283177","targetHints":{"allow":["GET"]}}],"collection":[{"href":"https:\/\/fashiongold.lt\/lv\/wp-json\/wp\/v2\/product"}],"about":[{"href":"https:\/\/fashiongold.lt\/lv\/wp-json\/wp\/v2\/types\/product"}],"version-history":[{"count":0,"href":"https:\/\/fashiongold.lt\/lv\/wp-json\/wp\/v2\/product\/283177\/revisions"}],"wp:featuredmedia":[{"embeddable":true,"href":"https:\/\/fashiongold.lt\/lv\/wp-json\/wp\/v2\/media\/235229"}],"wp:attachment":[{"href":"https:\/\/fashiongold.lt\/lv\/wp-json\/wp\/v2\/media?parent=283177"}],"wp:term":[{"taxonomy":"product_brand","embeddable":true,"href":"https:\/\/fashiongold.lt\/lv\/wp-json\/wp\/v2\/product_brand?post=283177"},{"taxonomy":"product_cat","embeddable":true,"href":"https:\/\/fashiongold.lt\/lv\/wp-json\/wp\/v2\/product_cat?post=283177"},{"taxonomy":"product_tag","embeddable":true,"href":"https:\/\/fashiongold.lt\/lv\/wp-json\/wp\/v2\/product_tag?post=283177"}],"curies":[{"name":"wp","href":"https:\/\/api.w.org\/{rel}","templated":true}]}}