{"id":283217,"date":"2025-10-20T07:01:33","date_gmt":"2025-10-20T07:01:33","guid":{"rendered":"https:\/\/fashiongold.lt\/papuosalas\/1-15-ct-gredzens-ar-safiriem-un-dimantiem\/"},"modified":"2026-02-14T13:30:24","modified_gmt":"2026-02-14T13:30:24","slug":"1-15-ct-gredzens-ar-safiriem-un-dimantiem","status":"publish","type":"product","link":"https:\/\/fashiongold.lt\/lv\/rotaslieta\/1-15-ct-gredzens-ar-safiriem-un-dimantiem\/","title":{"rendered":"1.15 ct gredzens ar saf\u012briem un dimantiem"},"content":{"rendered":"<p>Ra\u017eots V\u0101cij\u0101 no augstas kvalit\u0101tes d\u0101rgakme\u0146iem. Neatvair\u0101ma skaistuma gredzens ar izsmalcin\u0101tu stilu, augstu kvalit\u0101ti un komforta zonu. Gredzenu var izgatavot p\u0113c pas\u016bt\u012bjuma: no sarkan\u0101, dzelten\u0101 vai balt\u0101 zelta, ar kr\u0101sainiem saf\u012briem vai vienas kr\u0101sas saf\u012briem. Saf\u012brs ir sp\u0113ka, optimisma un aktivit\u0101tes simbols. Saf\u012bra br\u012bnumainais sp\u0113ks &#8211; pal\u012bdz mazin\u0101t spriedzi konfliktu laik\u0101 un risin\u0101t vesel\u012bbas probl\u0113mas. Saf\u012brs ir piem\u0113rots &#8211; Ziv\u012bm, Svariem, Skorpioniem, Dv\u012b\u0146iem, Jaunav\u0101m, Lauv\u0101m, Auniem, \u016adensv\u012briem, Str\u0113lniekiem.\u00a0<\/p>\n<p>\u2022 Gredzena zelts: 18 K (750. prove)\u00a0 \u00a0 \u00a0\u00a0<\/p>\n<p>\u2022 Gredzena kr\u0101sa: var izv\u0113l\u0113ties baltu, dzeltenu vai sarkanu zeltu<\/p>\n<p>\u2022 Gredzena svars (atkar\u012bb\u0101 no izm\u0113ra un proves): aptuveni 2,00 &#8211; 2,50 g\u00a0 \u00a0 \u00a0 \u00a0 \u00a0<\/p>\n<p>\u2022 Gredzena izm\u0113ri:\u00a0<\/p>\n<p>\u2022 Gredzena komforta zona: ir\u00a0<\/p>\n<p>\u2022 Dimanta tips: Dab\u012bgs dimants\u00a0 \u00a0 \u00a0 \u00a0 \u00a0<\/p>\n<p>\u2022 Dimanta forma: apa\u013ca forma (round shape)\u00a0 \u00a0 \u00a0 \u00a0 \u00a0<\/p>\n<p>\u2022 Dimanta raksturojums: 0,08 ct, kr\u0101sa G-H (RW-W); dzidrums SI\u00a0 \u00a0<\/p>\n<p>\u2022 D\u0101rgakmens tips: Dab\u012bgs zils saf\u012brs\u00a0\u00a0<\/p>\n<p>\u2022 D\u0101rgakmens forma: apa\u013ca forma (round cut)\u00a0 \u00a0 \u00a0<\/p>\n<p>\u2022 D\u0101rgakmens raksturojums: 1.07 ct (10 gab.) (iesp\u0113jams main\u012bt)\u00a0 \u00a0 \u00a0<\/p>\n<p>\u2022 Sertifik\u0101ts: Lietuvas Proves birojs (LPR)\u00a0 \u00a0 \u00a0 \u00a0<\/p>\n<p>\u2022 Grav\u0113\u0161ana bez maksas\u00a0<\/p>\n<p>\u2022 Vienreiz\u0113ja bezmaksas gredzena izm\u0113ra mai\u0146as garantija (p\u0113c iesp\u0113jas)\u00a0<\/p>\n<p>\u2022 Izgatavo\u0161anas un pieg\u0101des termi\u0146\u0161 no 14 darba dien\u0101m, steidzam\u012bbas k\u0101rt\u0101 3 darba dienu laik\u0101.\u00a0<\/p>\n<p><strong>Vai jums ir savs zelts? Sazinieties ar mums, m\u0113s p\u0101rr\u0113\u0137in\u0101sim cenu \u2013 j\u016bs maks\u0101siet tikai par gredzenu izgatavo\u0161anu.<\/strong><\/p>\n","protected":false},"excerpt":{"rendered":"<p>Zelta st\u012bpi\u0146a ar ziliem saf\u012briem un dimantiem. Unik\u0101ls gredzens, kur\u0101 kop\u0113jais saf\u012bru un dimantu svars sasniedz 1,15 kar\u0101tus. Neatk\u0101rtojama izv\u0113le tiem, kas izce\u013c stil\u012bgas deta\u013cas. Lieliska d\u0101vana stil\u012bgu rotaslietu cien\u012bt\u0101jiem.<\/p>\n","protected":false},"featured_media":1140422,"template":"","meta":{"site-sidebar-layout":"default","site-content-layout":"","ast-site-content-layout":"default","site-content-style":"default","site-sidebar-style":"default","ast-global-header-display":"","ast-banner-title-visibility":"","ast-main-header-display":"","ast-hfb-above-header-display":"","ast-hfb-below-header-display":"","ast-hfb-mobile-header-display":"","site-post-title":"","ast-breadcrumbs-content":"","ast-featured-img":"","footer-sml-layout":"","ast-disable-related-posts":"","theme-transparent-header-meta":"default","adv-header-id-meta":"","stick-header-meta":"","header-above-stick-meta":"","header-main-stick-meta":"","header-below-stick-meta":"","astra-migrate-meta-layouts":"default","ast-page-background-enabled":"default","ast-page-background-meta":{"desktop":{"background-color":"var(--ast-global-color-4)","background-image":"","background-repeat":"repeat","background-position":"center center","background-size":"auto","background-attachment":"scroll","background-type":"","background-media":"","overlay-type":"","overlay-color":"","overlay-opacity":"","overlay-gradient":""},"tablet":{"background-color":"","background-image":"","background-repeat":"repeat","background-position":"center center","background-size":"auto","background-attachment":"scroll","background-type":"","background-media":"","overlay-type":"","overlay-color":"","overlay-opacity":"","overlay-gradient":""},"mobile":{"background-color":"","background-image":"","background-repeat":"repeat","background-position":"center center","background-size":"auto","background-attachment":"scroll","background-type":"","background-media":"","overlay-type":"","overlay-color":"","overlay-opacity":"","overlay-gradient":""}},"ast-content-background-meta":{"desktop":{"background-color":"var(--ast-global-color-5)","background-image":"","background-repeat":"repeat","background-position":"center center","background-size":"auto","background-attachment":"scroll","background-type":"","background-media":"","overlay-type":"","overlay-color":"","overlay-opacity":"","overlay-gradient":""},"tablet":{"background-color":"var(--ast-global-color-5)","background-image":"","background-repeat":"repeat","background-position":"center center","background-size":"auto","background-attachment":"scroll","background-type":"","background-media":"","overlay-type":"","overlay-color":"","overlay-opacity":"","overlay-gradient":""},"mobile":{"background-color":"var(--ast-global-color-5)","background-image":"","background-repeat":"repeat","background-position":"center center","background-size":"auto","background-attachment":"scroll","background-type":"","background-media":"","overlay-type":"","overlay-color":"","overlay-opacity":"","overlay-gradient":""}}},"product_brand":[],"product_cat":[2924,2919,2915,2913,2921,2920,2916,2914,2917,2925,2926,2939,2940,2942,3042,2938,3524,2922,3527,2937,3440,2934,2936,2918,3402],"product_tag":[],"class_list":{"0":"post-283217","1":"product","2":"type-product","3":"status-publish","4":"has-post-thumbnail","6":"product_cat-balta-zelta-dimantu-stipinas","7":"product_cat-baltzelta-rotaslietas","8":"product_cat-davanas-berna-piedzimsanai","9":"product_cat-davanas-dzimsanas-diena","10":"product_cat-davanas-ipasiem-gadijumiem","11":"product_cat-davanas-izlaidumam","12":"product_cat-davanas-kazu-gadadiena","13":"product_cat-davanas-sievietem","14":"product_cat-davanas-viriesiem","15":"product_cat-dimanta-lentinas","16":"product_cat-dimanta-stipinas-lidz-pusei","17":"product_cat-gredzeni-ar-dargakmeniem","18":"product_cat-gredzeni-ar-safiriem","19":"product_cat-gredzens-joslina-ar-dargakmeniem","20":"product_cat-juvelierizstradajumi","21":"product_cat-juvelierizstradajumi-ar-ziliem-dargakmeniem","22":"product_cat-kazu-gredzeni","23":"product_cat-mates-dienas-davanas","24":"product_cat-moderni-kazu-gredzeni","25":"product_cat-rotaslietas-ar-pusdargakmeniem","26":"product_cat-saderinasanas-gredzeni-ar-dargakmeniem","27":"product_cat-safirs-juvelierizstradajumi-ar-safiriem","28":"product_cat-valentindienas-davanas","29":"product_cat-ziemassvetku-davanas","30":"product_cat-zils-dargakmens","31":"desktop-align-center","32":"tablet-align-left","33":"mobile-align-left","34":"ast-product-gallery-layout-horizontal-slider","35":"ast-product-single-variable","36":"ast-product-tabs-layout-accordion","37":"ast-qv-on-image","39":"first","40":"instock","41":"taxable","42":"shipping-taxable","43":"purchasable","44":"product-type-variable","45":"has-default-attributes"},"yoast_head":"<!-- This site is optimized with the Yoast SEO plugin v26.6 - https:\/\/yoast.com\/wordpress\/plugins\/seo\/ -->\n<title>1.15 ct gredzens ar saf\u012briem un dimantiem I fashiongold.lt<\/title>\n<meta name=\"description\" content=\"Zelta st\u012bpi\u0146a ar zilajiem saf\u012briem un dimantiem. Kop\u0113jais saf\u012bru un dimantu svars sasniedz 1,15 kar\u0101tus. Lieliska d\u0101vana stil\u012bgu rotaslietu cien\u012bt\u0101jiem.\" \/>\n<meta name=\"robots\" content=\"index, follow, max-snippet:-1, max-image-preview:large, max-video-preview:-1\" \/>\n<link rel=\"canonical\" href=\"https:\/\/fashiongold.lt\/lv\/rotaslieta\/1-15-ct-gredzens-ar-safiriem-un-dimantiem\/\" \/>\n<meta property=\"og:locale\" content=\"lv_LV\" \/>\n<meta property=\"og:type\" content=\"article\" \/>\n<meta property=\"og:title\" content=\"1.15 ct gredzens ar saf\u012briem un dimantiem I fashiongold.lt\" \/>\n<meta property=\"og:description\" content=\"Zelta st\u012bpi\u0146a ar zilajiem saf\u012briem un dimantiem. Kop\u0113jais saf\u012bru un dimantu svars sasniedz 1,15 kar\u0101tus. Lieliska d\u0101vana stil\u012bgu rotaslietu cien\u012bt\u0101jiem.\" \/>\n<meta property=\"og:url\" content=\"https:\/\/fashiongold.lt\/lv\/rotaslieta\/1-15-ct-gredzens-ar-safiriem-un-dimantiem\/\" \/>\n<meta property=\"og:site_name\" content=\"FashionGold.lt\" \/>\n<meta property=\"article:modified_time\" content=\"2026-02-14T13:30:24+00:00\" \/>\n<meta property=\"og:image\" content=\"https:\/\/fashiongold.lt\/wp-content\/uploads\/2025\/10\/1.15-ct-ziedas-su-safyrais-ir-deimantais-baltas-auksas-raudonas-auksas-1024x1024.png\" \/>\n\t<meta property=\"og:image:width\" content=\"1024\" \/>\n\t<meta property=\"og:image:height\" content=\"1024\" \/>\n\t<meta property=\"og:image:type\" content=\"image\/png\" \/>\n<meta name=\"twitter:card\" content=\"summary_large_image\" \/>\n<meta name=\"twitter:label1\" content=\"Est. reading time\" \/>\n\t<meta name=\"twitter:data1\" content=\"1 minute\" \/>\n<script type=\"application\/ld+json\" class=\"yoast-schema-graph\">{\"@context\":\"https:\/\/schema.org\",\"@graph\":[{\"@type\":\"WebPage\",\"@id\":\"https:\/\/fashiongold.lt\/lv\/rotaslieta\/1-15-ct-gredzens-ar-safiriem-un-dimantiem\/\",\"url\":\"https:\/\/fashiongold.lt\/lv\/rotaslieta\/1-15-ct-gredzens-ar-safiriem-un-dimantiem\/\",\"name\":\"1.15 ct gredzens ar saf\u012briem un dimantiem I fashiongold.lt\",\"isPartOf\":{\"@id\":\"https:\/\/fashiongold.lt\/lv\/#website\"},\"primaryImageOfPage\":{\"@id\":\"https:\/\/fashiongold.lt\/lv\/rotaslieta\/1-15-ct-gredzens-ar-safiriem-un-dimantiem\/#primaryimage\"},\"image\":{\"@id\":\"https:\/\/fashiongold.lt\/lv\/rotaslieta\/1-15-ct-gredzens-ar-safiriem-un-dimantiem\/#primaryimage\"},\"thumbnailUrl\":\"https:\/\/fashiongold.lt\/wp-content\/uploads\/2025\/10\/1.15-ct-ziedas-su-safyrais-ir-deimantais-baltas-auksas-raudonas-auksas-e1777805717715.png\",\"datePublished\":\"2025-10-20T07:01:33+00:00\",\"dateModified\":\"2026-02-14T13:30:24+00:00\",\"description\":\"Zelta st\u012bpi\u0146a ar zilajiem saf\u012briem un dimantiem. Kop\u0113jais saf\u012bru un dimantu svars sasniedz 1,15 kar\u0101tus. Lieliska d\u0101vana stil\u012bgu rotaslietu cien\u012bt\u0101jiem.\",\"breadcrumb\":{\"@id\":\"https:\/\/fashiongold.lt\/lv\/rotaslieta\/1-15-ct-gredzens-ar-safiriem-un-dimantiem\/#breadcrumb\"},\"inLanguage\":\"lv-LV\",\"potentialAction\":[{\"@type\":\"ReadAction\",\"target\":[\"https:\/\/fashiongold.lt\/lv\/rotaslieta\/1-15-ct-gredzens-ar-safiriem-un-dimantiem\/\"]}]},{\"@type\":\"ImageObject\",\"inLanguage\":\"lv-LV\",\"@id\":\"https:\/\/fashiongold.lt\/lv\/rotaslieta\/1-15-ct-gredzens-ar-safiriem-un-dimantiem\/#primaryimage\",\"url\":\"https:\/\/fashiongold.lt\/wp-content\/uploads\/2025\/10\/1.15-ct-ziedas-su-safyrais-ir-deimantais-baltas-auksas-raudonas-auksas-e1777805717715.png\",\"contentUrl\":\"https:\/\/fashiongold.lt\/wp-content\/uploads\/2025\/10\/1.15-ct-ziedas-su-safyrais-ir-deimantais-baltas-auksas-raudonas-auksas-e1777805717715.png\",\"width\":2000,\"height\":2000,\"caption\":\"1.15 ct \u017eiedas su safyrais ir deimantais raudono aukso\"},{\"@type\":\"BreadcrumbList\",\"@id\":\"https:\/\/fashiongold.lt\/lv\/rotaslieta\/1-15-ct-gredzens-ar-safiriem-un-dimantiem\/#breadcrumb\",\"itemListElement\":[{\"@type\":\"ListItem\",\"position\":1,\"name\":\"Home\",\"item\":\"https:\/\/fashiongold.lt\/lv\/\"},{\"@type\":\"ListItem\",\"position\":2,\"name\":\"Dimantu veikals Fashiongold.lt\",\"item\":\"https:\/\/fashiongold.lt\/shop-2\/\"},{\"@type\":\"ListItem\",\"position\":3,\"name\":\"1.15 ct gredzens ar saf\u012briem un dimantiem\"}]},{\"@type\":\"WebSite\",\"@id\":\"https:\/\/fashiongold.lt\/lv\/#website\",\"url\":\"https:\/\/fashiongold.lt\/lv\/\",\"name\":\"Fashion Gold\",\"description\":\"Juvelierizstr\u0101d\u0101jumu nams\",\"publisher\":{\"@id\":\"https:\/\/fashiongold.lt\/lv\/#organization\"},\"potentialAction\":[{\"@type\":\"SearchAction\",\"target\":{\"@type\":\"EntryPoint\",\"urlTemplate\":\"https:\/\/fashiongold.lt\/lv\/?s={search_term_string}\"},\"query-input\":{\"@type\":\"PropertyValueSpecification\",\"valueRequired\":true,\"valueName\":\"search_term_string\"}}],\"inLanguage\":\"lv-LV\"},{\"@type\":\"Organization\",\"@id\":\"https:\/\/fashiongold.lt\/lv\/#organization\",\"name\":\"Topdiamonds Online\",\"url\":\"https:\/\/fashiongold.lt\/lv\/\",\"logo\":{\"@type\":\"ImageObject\",\"inLanguage\":\"lv-LV\",\"@id\":\"https:\/\/fashiongold.lt\/lv\/#\/schema\/logo\/image\/\",\"url\":\"https:\/\/fashiongold.lt\/wp-content\/uploads\/2025\/04\/cropped-fashion_gold_logotipas2-scaled-1.png\",\"contentUrl\":\"https:\/\/fashiongold.lt\/wp-content\/uploads\/2025\/04\/cropped-fashion_gold_logotipas2-scaled-1.png\",\"width\":2559,\"height\":421,\"caption\":\"Topdiamonds Online\"},\"image\":{\"@id\":\"https:\/\/fashiongold.lt\/lv\/#\/schema\/logo\/image\/\"}}]}<\/script>\n<!-- \/ Yoast SEO plugin. -->","yoast_head_json":{"title":"1.15 ct gredzens ar saf\u012briem un dimantiem I fashiongold.lt","description":"Zelta st\u012bpi\u0146a ar zilajiem saf\u012briem un dimantiem. Kop\u0113jais saf\u012bru un dimantu svars sasniedz 1,15 kar\u0101tus. Lieliska d\u0101vana stil\u012bgu rotaslietu cien\u012bt\u0101jiem.","robots":{"index":"index","follow":"follow","max-snippet":"max-snippet:-1","max-image-preview":"max-image-preview:large","max-video-preview":"max-video-preview:-1"},"canonical":"https:\/\/fashiongold.lt\/lv\/rotaslieta\/1-15-ct-gredzens-ar-safiriem-un-dimantiem\/","og_locale":"lv_LV","og_type":"article","og_title":"1.15 ct gredzens ar saf\u012briem un dimantiem I fashiongold.lt","og_description":"Zelta st\u012bpi\u0146a ar zilajiem saf\u012briem un dimantiem. Kop\u0113jais saf\u012bru un dimantu svars sasniedz 1,15 kar\u0101tus. Lieliska d\u0101vana stil\u012bgu rotaslietu cien\u012bt\u0101jiem.","og_url":"https:\/\/fashiongold.lt\/lv\/rotaslieta\/1-15-ct-gredzens-ar-safiriem-un-dimantiem\/","og_site_name":"FashionGold.lt","article_modified_time":"2026-02-14T13:30:24+00:00","og_image":[{"width":1024,"height":1024,"url":"https:\/\/fashiongold.lt\/wp-content\/uploads\/2025\/10\/1.15-ct-ziedas-su-safyrais-ir-deimantais-baltas-auksas-raudonas-auksas-1024x1024.png","type":"image\/png"}],"twitter_card":"summary_large_image","twitter_misc":{"Est. reading time":"1 minute"},"schema":{"@context":"https:\/\/schema.org","@graph":[{"@type":"WebPage","@id":"https:\/\/fashiongold.lt\/lv\/rotaslieta\/1-15-ct-gredzens-ar-safiriem-un-dimantiem\/","url":"https:\/\/fashiongold.lt\/lv\/rotaslieta\/1-15-ct-gredzens-ar-safiriem-un-dimantiem\/","name":"1.15 ct gredzens ar saf\u012briem un dimantiem I fashiongold.lt","isPartOf":{"@id":"https:\/\/fashiongold.lt\/lv\/#website"},"primaryImageOfPage":{"@id":"https:\/\/fashiongold.lt\/lv\/rotaslieta\/1-15-ct-gredzens-ar-safiriem-un-dimantiem\/#primaryimage"},"image":{"@id":"https:\/\/fashiongold.lt\/lv\/rotaslieta\/1-15-ct-gredzens-ar-safiriem-un-dimantiem\/#primaryimage"},"thumbnailUrl":"https:\/\/fashiongold.lt\/wp-content\/uploads\/2025\/10\/1.15-ct-ziedas-su-safyrais-ir-deimantais-baltas-auksas-raudonas-auksas-e1777805717715.png","datePublished":"2025-10-20T07:01:33+00:00","dateModified":"2026-02-14T13:30:24+00:00","description":"Zelta st\u012bpi\u0146a ar zilajiem saf\u012briem un dimantiem. Kop\u0113jais saf\u012bru un dimantu svars sasniedz 1,15 kar\u0101tus. Lieliska d\u0101vana stil\u012bgu rotaslietu cien\u012bt\u0101jiem.","breadcrumb":{"@id":"https:\/\/fashiongold.lt\/lv\/rotaslieta\/1-15-ct-gredzens-ar-safiriem-un-dimantiem\/#breadcrumb"},"inLanguage":"lv-LV","potentialAction":[{"@type":"ReadAction","target":["https:\/\/fashiongold.lt\/lv\/rotaslieta\/1-15-ct-gredzens-ar-safiriem-un-dimantiem\/"]}]},{"@type":"ImageObject","inLanguage":"lv-LV","@id":"https:\/\/fashiongold.lt\/lv\/rotaslieta\/1-15-ct-gredzens-ar-safiriem-un-dimantiem\/#primaryimage","url":"https:\/\/fashiongold.lt\/wp-content\/uploads\/2025\/10\/1.15-ct-ziedas-su-safyrais-ir-deimantais-baltas-auksas-raudonas-auksas-e1777805717715.png","contentUrl":"https:\/\/fashiongold.lt\/wp-content\/uploads\/2025\/10\/1.15-ct-ziedas-su-safyrais-ir-deimantais-baltas-auksas-raudonas-auksas-e1777805717715.png","width":2000,"height":2000,"caption":"1.15 ct \u017eiedas su safyrais ir deimantais raudono aukso"},{"@type":"BreadcrumbList","@id":"https:\/\/fashiongold.lt\/lv\/rotaslieta\/1-15-ct-gredzens-ar-safiriem-un-dimantiem\/#breadcrumb","itemListElement":[{"@type":"ListItem","position":1,"name":"Home","item":"https:\/\/fashiongold.lt\/lv\/"},{"@type":"ListItem","position":2,"name":"Dimantu veikals Fashiongold.lt","item":"https:\/\/fashiongold.lt\/shop-2\/"},{"@type":"ListItem","position":3,"name":"1.15 ct gredzens ar saf\u012briem un dimantiem"}]},{"@type":"WebSite","@id":"https:\/\/fashiongold.lt\/lv\/#website","url":"https:\/\/fashiongold.lt\/lv\/","name":"Fashion Gold","description":"Juvelierizstr\u0101d\u0101jumu nams","publisher":{"@id":"https:\/\/fashiongold.lt\/lv\/#organization"},"potentialAction":[{"@type":"SearchAction","target":{"@type":"EntryPoint","urlTemplate":"https:\/\/fashiongold.lt\/lv\/?s={search_term_string}"},"query-input":{"@type":"PropertyValueSpecification","valueRequired":true,"valueName":"search_term_string"}}],"inLanguage":"lv-LV"},{"@type":"Organization","@id":"https:\/\/fashiongold.lt\/lv\/#organization","name":"Topdiamonds Online","url":"https:\/\/fashiongold.lt\/lv\/","logo":{"@type":"ImageObject","inLanguage":"lv-LV","@id":"https:\/\/fashiongold.lt\/lv\/#\/schema\/logo\/image\/","url":"https:\/\/fashiongold.lt\/wp-content\/uploads\/2025\/04\/cropped-fashion_gold_logotipas2-scaled-1.png","contentUrl":"https:\/\/fashiongold.lt\/wp-content\/uploads\/2025\/04\/cropped-fashion_gold_logotipas2-scaled-1.png","width":2559,"height":421,"caption":"Topdiamonds Online"},"image":{"@id":"https:\/\/fashiongold.lt\/lv\/#\/schema\/logo\/image\/"}}]}},"_links":{"self":[{"href":"https:\/\/fashiongold.lt\/lv\/wp-json\/wp\/v2\/product\/283217","targetHints":{"allow":["GET"]}}],"collection":[{"href":"https:\/\/fashiongold.lt\/lv\/wp-json\/wp\/v2\/product"}],"about":[{"href":"https:\/\/fashiongold.lt\/lv\/wp-json\/wp\/v2\/types\/product"}],"version-history":[{"count":0,"href":"https:\/\/fashiongold.lt\/lv\/wp-json\/wp\/v2\/product\/283217\/revisions"}],"wp:featuredmedia":[{"embeddable":true,"href":"https:\/\/fashiongold.lt\/lv\/wp-json\/wp\/v2\/media\/1140422"}],"wp:attachment":[{"href":"https:\/\/fashiongold.lt\/lv\/wp-json\/wp\/v2\/media?parent=283217"}],"wp:term":[{"taxonomy":"product_brand","embeddable":true,"href":"https:\/\/fashiongold.lt\/lv\/wp-json\/wp\/v2\/product_brand?post=283217"},{"taxonomy":"product_cat","embeddable":true,"href":"https:\/\/fashiongold.lt\/lv\/wp-json\/wp\/v2\/product_cat?post=283217"},{"taxonomy":"product_tag","embeddable":true,"href":"https:\/\/fashiongold.lt\/lv\/wp-json\/wp\/v2\/product_tag?post=283217"}],"curies":[{"name":"wp","href":"https:\/\/api.w.org\/{rel}","templated":true}]}}