{"id":283248,"date":"2025-10-20T07:01:30","date_gmt":"2025-10-20T07:01:30","guid":{"rendered":"https:\/\/fashiongold.lt\/papuosalas\/safirs-gredzens-ar-dimantiem-un-safiru-0-30-ct\/"},"modified":"2026-02-14T13:30:53","modified_gmt":"2026-02-14T13:30:53","slug":"safirs-gredzens-ar-dimantiem-un-safiru-0-30-ct","status":"publish","type":"product","link":"https:\/\/fashiongold.lt\/lv\/papuosalas\/safirs-gredzens-ar-dimantiem-un-safiru-0-30-ct\/","title":{"rendered":"Saf\u012brs \u2013 gredzens ar dimantiem un saf\u012bru (0.30 ct)"},"content":{"rendered":"<p>Ra\u017eots V\u0101cij\u0101 no augstas kvalit\u0101tes d\u0101rgakme\u0146iem. Neatvair\u0101ma skaistuma gredzens ar izsmalcin\u0101tu stilu un augstu kvalit\u0101ti. Gredzens var tikt izgatavots p\u0113c pas\u016bt\u012bjuma: no sarkan\u0101, dzelten\u0101 un balt\u0101 zelta. Saf\u012brs ir sp\u0113ka, optimisma un aktivit\u0101tes simbols. Saf\u012bra ma\u0123iskais sp\u0113ks \u2013 pal\u012bdz mazin\u0101t spriedzi konfliktu laik\u0101 un risin\u0101t vesel\u012bbas probl\u0113mas. Saf\u012brs ir piem\u0113rots \u2013 Ziv\u012bm, Svariem, Skorpioniem, Dv\u012b\u0146iem, Jaunav\u0101m, Lauv\u0101m, Auniem, V\u0113r\u0161iem, \u016adensv\u012briem, Str\u0113lniekiem.\u00a0<\/p>\n<p>\u2022 Gredzena zelts: 18 K (750 prove)\u00a0 \u00a0 \u00a0\u00a0<\/p>\n<p>\u2022 Gredzena kr\u0101sa: var izv\u0113l\u0113ties balto, dzelteno vai sarkano zeltu<\/p>\n<p>\u2022 Gredzena svars (atkar\u012bgs no izm\u0113ra un proves): aptuveni 1,40 &#8211; 2,00 g\u00a0 \u00a0 \u00a0 \u00a0 \u00a0<\/p>\n<p>\u2022 Gredzena izm\u0113ri:\u00a0 \u00a0 \u00a0<\/p>\n<p>\u2022 Gredzena komforta zona: ir\u00a0<\/p>\n<p>\u2022 Dimanta tips: Dab\u012bgs dimants\u00a0 \u00a0 \u00a0 \u00a0<\/p>\n<p>\u2022 Dimanta forma: apa\u013ca forma (round shape)\u00a0 \u00a0 \u00a0 \u00a0<\/p>\n<p>\u2022 Dimanta raksturojums: 0,03 ct, kr\u0101sa G-H (RW-W); dzidrums SI\u00a0 \u00a0 \u00a0 \u00a0\u00a0<\/p>\n<p>\u2022 D\u0101rgakmens tips: saf\u012brs\u00a0\u00a0<\/p>\n<p>\u2022 D\u0101rgakmens forma: apa\u013cas formas (oval cut)\u00a0 \u00a0 \u00a0<\/p>\n<p>\u2022 D\u0101rgakmens raksturojums: 0,27 ct (iesp\u0113jams main\u012bt)\u00a0 \u00a0 \u00a0<\/p>\n<p>\u2022 Sertifik\u0101ts: Lietuvas Prove\u0161anas pal\u0101ta (LPR)\u00a0 \u00a0 \u00a0 \u00a0<\/p>\n<p>\u2022 Grav\u0113\u0161ana bez maksas\u00a0<\/p>\n<p>\u2022 Vienreiz\u0113ja bezmaksas gredzena izm\u0113ra mai\u0146as garantija (p\u0113c iesp\u0113jas)\u00a0<\/p>\n<p>\u2022 Izgatavo\u0161anas un pieg\u0101des termi\u0146\u0161 no 14 darba dien\u0101m, steidzam\u012bbas k\u0101rt\u0101 3 d. d. laik\u0101\u00a0<\/p>\n<p><strong>Jums ir savs zelts? Sazinieties ar mums, m\u0113s p\u0101rr\u0113\u0137in\u0101sim cenu \u2013 j\u016bs maks\u0101siet tikai par gredzenu izgatavo\u0161anu.<\/strong><\/p>\n","protected":false},"excerpt":{"rendered":"<p>Gredzens ar dimantiem un apa\u013cas formas saf\u012bru, kop\u0113jais d\u0101rgakme\u0146u svars 0.30 kar\u0101ti. Neatk\u0101rtojama izv\u0113le sev un lieliska d\u0101vana stil\u012bgu rotaslietu cien\u012bt\u0101jiem.<\/p>\n","protected":false},"featured_media":234131,"template":"","meta":{"site-sidebar-layout":"default","site-content-layout":"","ast-site-content-layout":"default","site-content-style":"default","site-sidebar-style":"default","ast-global-header-display":"","ast-banner-title-visibility":"","ast-main-header-display":"","ast-hfb-above-header-display":"","ast-hfb-below-header-display":"","ast-hfb-mobile-header-display":"","site-post-title":"","ast-breadcrumbs-content":"","ast-featured-img":"","footer-sml-layout":"","ast-disable-related-posts":"","theme-transparent-header-meta":"","adv-header-id-meta":"","stick-header-meta":"","header-above-stick-meta":"","header-main-stick-meta":"","header-below-stick-meta":"","astra-migrate-meta-layouts":"default","ast-page-background-enabled":"default","ast-page-background-meta":{"desktop":{"background-color":"var(--ast-global-color-4)","background-image":"","background-repeat":"repeat","background-position":"center center","background-size":"auto","background-attachment":"scroll","background-type":"","background-media":"","overlay-type":"","overlay-color":"","overlay-opacity":"","overlay-gradient":""},"tablet":{"background-color":"","background-image":"","background-repeat":"repeat","background-position":"center center","background-size":"auto","background-attachment":"scroll","background-type":"","background-media":"","overlay-type":"","overlay-color":"","overlay-opacity":"","overlay-gradient":""},"mobile":{"background-color":"","background-image":"","background-repeat":"repeat","background-position":"center center","background-size":"auto","background-attachment":"scroll","background-type":"","background-media":"","overlay-type":"","overlay-color":"","overlay-opacity":"","overlay-gradient":""}},"ast-content-background-meta":{"desktop":{"background-color":"var(--ast-global-color-5)","background-image":"","background-repeat":"repeat","background-position":"center center","background-size":"auto","background-attachment":"scroll","background-type":"","background-media":"","overlay-type":"","overlay-color":"","overlay-opacity":"","overlay-gradient":""},"tablet":{"background-color":"var(--ast-global-color-5)","background-image":"","background-repeat":"repeat","background-position":"center center","background-size":"auto","background-attachment":"scroll","background-type":"","background-media":"","overlay-type":"","overlay-color":"","overlay-opacity":"","overlay-gradient":""},"mobile":{"background-color":"var(--ast-global-color-5)","background-image":"","background-repeat":"repeat","background-position":"center center","background-size":"auto","background-attachment":"scroll","background-type":"","background-media":"","overlay-type":"","overlay-color":"","overlay-opacity":"","overlay-gradient":""}}},"product_brand":[],"product_cat":[2915,2913,2921,2920,2916,2914,2939,2940,3042,2938,2922,2937,3439,2935,2934,2936,2918,3402],"product_tag":[],"class_list":{"0":"post-283248","1":"product","2":"type-product","3":"status-publish","4":"has-post-thumbnail","6":"product_cat-davanas-berna-piedzimsanai","7":"product_cat-davanas-dzimsanas-diena","8":"product_cat-davanas-ipasiem-gadijumiem","9":"product_cat-davanas-izlaidumam","10":"product_cat-davanas-kazu-gadadiena","11":"product_cat-davanas-sievietem","12":"product_cat-gredzeni-ar-dargakmeniem","13":"product_cat-gredzeni-ar-safiriem","14":"product_cat-juvelierizstradajumi","15":"product_cat-juvelierizstradajumi-ar-ziliem-dargakmeniem","16":"product_cat-mates-dienas-davanas","17":"product_cat-rotaslietas-ar-pusdargakmeniem","18":"product_cat-saderinasanas-gredzeni","19":"product_cat-saderinasanas-gredzens-ar-safiru","20":"product_cat-safirs-juvelierizstradajumi-ar-safiriem","21":"product_cat-valentindienas-davanas","22":"product_cat-ziemassvetku-davanas","23":"product_cat-zils-dargakmens","24":"desktop-align-center","25":"tablet-align-left","26":"mobile-align-left","27":"ast-product-gallery-layout-horizontal-slider","28":"ast-product-gallery-with-no-image","29":"ast-product-single-variable","30":"ast-product-tabs-layout-accordion","31":"ast-qv-on-image","33":"first","34":"instock","35":"taxable","36":"shipping-taxable","37":"purchasable","38":"product-type-variable"},"yoast_head":"<!-- This site is optimized with the Yoast SEO plugin v26.6 - https:\/\/yoast.com\/wordpress\/plugins\/seo\/ -->\n<title>Saf\u012brs - gredzens ar dimantiem un apa\u013cu saf\u012bru (0.30 ct)<\/title>\n<meta name=\"description\" content=\"Gredzens ar dimantiem un apa\u013cu saf\u012bru, kop\u0113jais d\u0101rgakme\u0146u svars 0,30 kar\u0101ti. Lieliska d\u0101vana sev un tiem, kam pat\u012bk stil\u012bgas rotaslietas.\" \/>\n<meta name=\"robots\" content=\"index, follow, max-snippet:-1, max-image-preview:large, max-video-preview:-1\" \/>\n<link rel=\"canonical\" href=\"https:\/\/fashiongold.lt\/lv\/papuosalas\/safirs-gredzens-ar-dimantiem-un-safiru-0-30-ct\/\" \/>\n<meta property=\"og:locale\" content=\"lv_LV\" \/>\n<meta property=\"og:type\" content=\"article\" \/>\n<meta property=\"og:title\" content=\"Saf\u012brs - gredzens ar dimantiem un apa\u013cu saf\u012bru (0.30 ct)\" \/>\n<meta property=\"og:description\" content=\"Gredzens ar dimantiem un apa\u013cu saf\u012bru, kop\u0113jais d\u0101rgakme\u0146u svars 0,30 kar\u0101ti. Lieliska d\u0101vana sev un tiem, kam pat\u012bk stil\u012bgas rotaslietas.\" \/>\n<meta property=\"og:url\" content=\"https:\/\/fashiongold.lt\/lv\/papuosalas\/safirs-gredzens-ar-dimantiem-un-safiru-0-30-ct\/\" \/>\n<meta property=\"og:site_name\" content=\"FashionGold.lt\" \/>\n<meta property=\"article:modified_time\" content=\"2026-02-14T13:30:53+00:00\" \/>\n<meta property=\"og:image\" content=\"https:\/\/fashiongold.lt\/wp-content\/uploads\/2025\/10\/13354-382-Safyras-ziedas-su-deimantais-ir-safyru-0.30-ct.webp\" \/>\n\t<meta property=\"og:image:width\" content=\"1000\" \/>\n\t<meta property=\"og:image:height\" content=\"1000\" \/>\n\t<meta property=\"og:image:type\" content=\"image\/png\" \/>\n<meta name=\"twitter:card\" content=\"summary_large_image\" \/>\n<meta name=\"twitter:label1\" content=\"Est. reading time\" \/>\n\t<meta name=\"twitter:data1\" content=\"1 minute\" \/>\n<script type=\"application\/ld+json\" class=\"yoast-schema-graph\">{\"@context\":\"https:\/\/schema.org\",\"@graph\":[{\"@type\":\"WebPage\",\"@id\":\"https:\/\/fashiongold.lt\/lv\/papuosalas\/safirs-gredzens-ar-dimantiem-un-safiru-0-30-ct\/\",\"url\":\"https:\/\/fashiongold.lt\/lv\/papuosalas\/safirs-gredzens-ar-dimantiem-un-safiru-0-30-ct\/\",\"name\":\"Saf\u012brs - gredzens ar dimantiem un apa\u013cu saf\u012bru (0.30 ct)\",\"isPartOf\":{\"@id\":\"https:\/\/fashiongold.lt\/lv\/#website\"},\"primaryImageOfPage\":{\"@id\":\"https:\/\/fashiongold.lt\/lv\/papuosalas\/safirs-gredzens-ar-dimantiem-un-safiru-0-30-ct\/#primaryimage\"},\"image\":{\"@id\":\"https:\/\/fashiongold.lt\/lv\/papuosalas\/safirs-gredzens-ar-dimantiem-un-safiru-0-30-ct\/#primaryimage\"},\"thumbnailUrl\":\"https:\/\/fashiongold.lt\/wp-content\/uploads\/2025\/10\/13354-382-Safyras-ziedas-su-deimantais-ir-safyru-0.30-ct.png\",\"datePublished\":\"2025-10-20T07:01:30+00:00\",\"dateModified\":\"2026-02-14T13:30:53+00:00\",\"description\":\"Gredzens ar dimantiem un apa\u013cu saf\u012bru, kop\u0113jais d\u0101rgakme\u0146u svars 0,30 kar\u0101ti. Lieliska d\u0101vana sev un tiem, kam pat\u012bk stil\u012bgas rotaslietas.\",\"breadcrumb\":{\"@id\":\"https:\/\/fashiongold.lt\/lv\/papuosalas\/safirs-gredzens-ar-dimantiem-un-safiru-0-30-ct\/#breadcrumb\"},\"inLanguage\":\"lv-LV\",\"potentialAction\":[{\"@type\":\"ReadAction\",\"target\":[\"https:\/\/fashiongold.lt\/lv\/papuosalas\/safirs-gredzens-ar-dimantiem-un-safiru-0-30-ct\/\"]}]},{\"@type\":\"ImageObject\",\"inLanguage\":\"lv-LV\",\"@id\":\"https:\/\/fashiongold.lt\/lv\/papuosalas\/safirs-gredzens-ar-dimantiem-un-safiru-0-30-ct\/#primaryimage\",\"url\":\"https:\/\/fashiongold.lt\/wp-content\/uploads\/2025\/10\/13354-382-Safyras-ziedas-su-deimantais-ir-safyru-0.30-ct.png\",\"contentUrl\":\"https:\/\/fashiongold.lt\/wp-content\/uploads\/2025\/10\/13354-382-Safyras-ziedas-su-deimantais-ir-safyru-0.30-ct.png\",\"width\":1000,\"height\":1000},{\"@type\":\"BreadcrumbList\",\"@id\":\"https:\/\/fashiongold.lt\/lv\/papuosalas\/safirs-gredzens-ar-dimantiem-un-safiru-0-30-ct\/#breadcrumb\",\"itemListElement\":[{\"@type\":\"ListItem\",\"position\":1,\"name\":\"Home\",\"item\":\"https:\/\/fashiongold.lt\/lv\/\"},{\"@type\":\"ListItem\",\"position\":2,\"name\":\"Dimantu veikals Fashiongold.lt\",\"item\":\"https:\/\/fashiongold.lt\/shop-2\/\"},{\"@type\":\"ListItem\",\"position\":3,\"name\":\"Saf\u012brs \u2013 gredzens ar dimantiem un saf\u012bru (0.30 ct)\"}]},{\"@type\":\"WebSite\",\"@id\":\"https:\/\/fashiongold.lt\/lv\/#website\",\"url\":\"https:\/\/fashiongold.lt\/lv\/\",\"name\":\"Fashion Gold\",\"description\":\"Juvelyrikos namai\",\"publisher\":{\"@id\":\"https:\/\/fashiongold.lt\/lv\/#organization\"},\"potentialAction\":[{\"@type\":\"SearchAction\",\"target\":{\"@type\":\"EntryPoint\",\"urlTemplate\":\"https:\/\/fashiongold.lt\/lv\/?s={search_term_string}\"},\"query-input\":{\"@type\":\"PropertyValueSpecification\",\"valueRequired\":true,\"valueName\":\"search_term_string\"}}],\"inLanguage\":\"lv-LV\"},{\"@type\":\"Organization\",\"@id\":\"https:\/\/fashiongold.lt\/lv\/#organization\",\"name\":\"Topdiamonds Online\",\"url\":\"https:\/\/fashiongold.lt\/lv\/\",\"logo\":{\"@type\":\"ImageObject\",\"inLanguage\":\"lv-LV\",\"@id\":\"https:\/\/fashiongold.lt\/lv\/#\/schema\/logo\/image\/\",\"url\":\"https:\/\/fashiongold.lt\/wp-content\/uploads\/2025\/04\/cropped-fashion_gold_logotipas2-scaled-1.png\",\"contentUrl\":\"https:\/\/fashiongold.lt\/wp-content\/uploads\/2025\/04\/cropped-fashion_gold_logotipas2-scaled-1.png\",\"width\":2559,\"height\":421,\"caption\":\"Topdiamonds Online\"},\"image\":{\"@id\":\"https:\/\/fashiongold.lt\/lv\/#\/schema\/logo\/image\/\"}}]}<\/script>\n<!-- \/ Yoast SEO plugin. -->","yoast_head_json":{"title":"Saf\u012brs - gredzens ar dimantiem un apa\u013cu saf\u012bru (0.30 ct)","description":"Gredzens ar dimantiem un apa\u013cu saf\u012bru, kop\u0113jais d\u0101rgakme\u0146u svars 0,30 kar\u0101ti. Lieliska d\u0101vana sev un tiem, kam pat\u012bk stil\u012bgas rotaslietas.","robots":{"index":"index","follow":"follow","max-snippet":"max-snippet:-1","max-image-preview":"max-image-preview:large","max-video-preview":"max-video-preview:-1"},"canonical":"https:\/\/fashiongold.lt\/lv\/papuosalas\/safirs-gredzens-ar-dimantiem-un-safiru-0-30-ct\/","og_locale":"lv_LV","og_type":"article","og_title":"Saf\u012brs - gredzens ar dimantiem un apa\u013cu saf\u012bru (0.30 ct)","og_description":"Gredzens ar dimantiem un apa\u013cu saf\u012bru, kop\u0113jais d\u0101rgakme\u0146u svars 0,30 kar\u0101ti. Lieliska d\u0101vana sev un tiem, kam pat\u012bk stil\u012bgas rotaslietas.","og_url":"https:\/\/fashiongold.lt\/lv\/papuosalas\/safirs-gredzens-ar-dimantiem-un-safiru-0-30-ct\/","og_site_name":"FashionGold.lt","article_modified_time":"2026-02-14T13:30:53+00:00","og_image":[{"width":1000,"height":1000,"url":"https:\/\/fashiongold.lt\/wp-content\/uploads\/2025\/10\/13354-382-Safyras-ziedas-su-deimantais-ir-safyru-0.30-ct.webp","type":"image\/png"}],"twitter_card":"summary_large_image","twitter_misc":{"Est. reading time":"1 minute"},"schema":{"@context":"https:\/\/schema.org","@graph":[{"@type":"WebPage","@id":"https:\/\/fashiongold.lt\/lv\/papuosalas\/safirs-gredzens-ar-dimantiem-un-safiru-0-30-ct\/","url":"https:\/\/fashiongold.lt\/lv\/papuosalas\/safirs-gredzens-ar-dimantiem-un-safiru-0-30-ct\/","name":"Saf\u012brs - gredzens ar dimantiem un apa\u013cu saf\u012bru (0.30 ct)","isPartOf":{"@id":"https:\/\/fashiongold.lt\/lv\/#website"},"primaryImageOfPage":{"@id":"https:\/\/fashiongold.lt\/lv\/papuosalas\/safirs-gredzens-ar-dimantiem-un-safiru-0-30-ct\/#primaryimage"},"image":{"@id":"https:\/\/fashiongold.lt\/lv\/papuosalas\/safirs-gredzens-ar-dimantiem-un-safiru-0-30-ct\/#primaryimage"},"thumbnailUrl":"https:\/\/fashiongold.lt\/wp-content\/uploads\/2025\/10\/13354-382-Safyras-ziedas-su-deimantais-ir-safyru-0.30-ct.png","datePublished":"2025-10-20T07:01:30+00:00","dateModified":"2026-02-14T13:30:53+00:00","description":"Gredzens ar dimantiem un apa\u013cu saf\u012bru, kop\u0113jais d\u0101rgakme\u0146u svars 0,30 kar\u0101ti. Lieliska d\u0101vana sev un tiem, kam pat\u012bk stil\u012bgas rotaslietas.","breadcrumb":{"@id":"https:\/\/fashiongold.lt\/lv\/papuosalas\/safirs-gredzens-ar-dimantiem-un-safiru-0-30-ct\/#breadcrumb"},"inLanguage":"lv-LV","potentialAction":[{"@type":"ReadAction","target":["https:\/\/fashiongold.lt\/lv\/papuosalas\/safirs-gredzens-ar-dimantiem-un-safiru-0-30-ct\/"]}]},{"@type":"ImageObject","inLanguage":"lv-LV","@id":"https:\/\/fashiongold.lt\/lv\/papuosalas\/safirs-gredzens-ar-dimantiem-un-safiru-0-30-ct\/#primaryimage","url":"https:\/\/fashiongold.lt\/wp-content\/uploads\/2025\/10\/13354-382-Safyras-ziedas-su-deimantais-ir-safyru-0.30-ct.png","contentUrl":"https:\/\/fashiongold.lt\/wp-content\/uploads\/2025\/10\/13354-382-Safyras-ziedas-su-deimantais-ir-safyru-0.30-ct.png","width":1000,"height":1000},{"@type":"BreadcrumbList","@id":"https:\/\/fashiongold.lt\/lv\/papuosalas\/safirs-gredzens-ar-dimantiem-un-safiru-0-30-ct\/#breadcrumb","itemListElement":[{"@type":"ListItem","position":1,"name":"Home","item":"https:\/\/fashiongold.lt\/lv\/"},{"@type":"ListItem","position":2,"name":"Dimantu veikals Fashiongold.lt","item":"https:\/\/fashiongold.lt\/shop-2\/"},{"@type":"ListItem","position":3,"name":"Saf\u012brs \u2013 gredzens ar dimantiem un saf\u012bru (0.30 ct)"}]},{"@type":"WebSite","@id":"https:\/\/fashiongold.lt\/lv\/#website","url":"https:\/\/fashiongold.lt\/lv\/","name":"Fashion Gold","description":"Juvelyrikos namai","publisher":{"@id":"https:\/\/fashiongold.lt\/lv\/#organization"},"potentialAction":[{"@type":"SearchAction","target":{"@type":"EntryPoint","urlTemplate":"https:\/\/fashiongold.lt\/lv\/?s={search_term_string}"},"query-input":{"@type":"PropertyValueSpecification","valueRequired":true,"valueName":"search_term_string"}}],"inLanguage":"lv-LV"},{"@type":"Organization","@id":"https:\/\/fashiongold.lt\/lv\/#organization","name":"Topdiamonds Online","url":"https:\/\/fashiongold.lt\/lv\/","logo":{"@type":"ImageObject","inLanguage":"lv-LV","@id":"https:\/\/fashiongold.lt\/lv\/#\/schema\/logo\/image\/","url":"https:\/\/fashiongold.lt\/wp-content\/uploads\/2025\/04\/cropped-fashion_gold_logotipas2-scaled-1.png","contentUrl":"https:\/\/fashiongold.lt\/wp-content\/uploads\/2025\/04\/cropped-fashion_gold_logotipas2-scaled-1.png","width":2559,"height":421,"caption":"Topdiamonds Online"},"image":{"@id":"https:\/\/fashiongold.lt\/lv\/#\/schema\/logo\/image\/"}}]}},"_links":{"self":[{"href":"https:\/\/fashiongold.lt\/lv\/wp-json\/wp\/v2\/product\/283248","targetHints":{"allow":["GET"]}}],"collection":[{"href":"https:\/\/fashiongold.lt\/lv\/wp-json\/wp\/v2\/product"}],"about":[{"href":"https:\/\/fashiongold.lt\/lv\/wp-json\/wp\/v2\/types\/product"}],"version-history":[{"count":0,"href":"https:\/\/fashiongold.lt\/lv\/wp-json\/wp\/v2\/product\/283248\/revisions"}],"wp:featuredmedia":[{"embeddable":true,"href":"https:\/\/fashiongold.lt\/lv\/wp-json\/wp\/v2\/media\/234131"}],"wp:attachment":[{"href":"https:\/\/fashiongold.lt\/lv\/wp-json\/wp\/v2\/media?parent=283248"}],"wp:term":[{"taxonomy":"product_brand","embeddable":true,"href":"https:\/\/fashiongold.lt\/lv\/wp-json\/wp\/v2\/product_brand?post=283248"},{"taxonomy":"product_cat","embeddable":true,"href":"https:\/\/fashiongold.lt\/lv\/wp-json\/wp\/v2\/product_cat?post=283248"},{"taxonomy":"product_tag","embeddable":true,"href":"https:\/\/fashiongold.lt\/lv\/wp-json\/wp\/v2\/product_tag?post=283248"}],"curies":[{"name":"wp","href":"https:\/\/api.w.org\/{rel}","templated":true}]}}