{"id":283387,"date":"2025-10-19T19:57:34","date_gmt":"2025-10-19T19:57:34","guid":{"rendered":"https:\/\/fashiongold.lt\/papuosalas\/grezni-ametisti-auskari-ar-ametistiem-un-dimantiem-841-ct\/"},"modified":"2025-10-19T19:57:34","modified_gmt":"2025-10-19T19:57:34","slug":"grezni-ametisti-auskari-ar-ametistiem-un-dimantiem-841-ct","status":"publish","type":"product","link":"https:\/\/fashiongold.lt\/lv\/papuosalas\/grezni-ametisti-auskari-ar-ametistiem-un-dimantiem-841-ct\/","title":{"rendered":"Grezni ametisti \u2013 auskari ar ametistiem un dimantiem (8,41 ct)"},"content":{"rendered":"<p>Ra\u017eots V\u0101cij\u0101 no augstas kvalit\u0101tes d\u0101rgakme\u0146iem. Lieliska izv\u0113le stil\u012bgai sievietei. Ma\u0123iskais ametists \u2013 gudr\u012bbas d\u0101rgakmens, akmens harmonijai un relaks\u0101cijai. Atjauno l\u012bdzsvaru, mazina stresu, sniedz mieru. Ametists ir piem\u0113rots Str\u0113lniekiem, \u016adensv\u012briem, Ziv\u012bm, Me\u017e\u0101\u017eiem, Auniem, Dv\u012b\u0146iem.<\/p>\n<p>\u2022 Auskaru zelts: 18 kar\u0101ti (750 prove) <\/p>\n<p>\u2022 Auskaru kr\u0101sa: sarkanais zelts <\/p>\n<p>\u2022 Auskaru svars: aptuveni 4,00 &#8211; 5,00 g <\/p>\n<p>\u2022 Dimanta tips: Dab\u012bgs dimants <\/p>\n<p>\u2022 Dimanta forma: Apa\u013ca forma (Round cut) <\/p>\n<p>\u2022 Dimanta raksturojums: 0,51 ct, kr\u0101sa G-H (RW-W); dzidrums SI <\/p>\n<p>\u2022 Centr\u0101lais akmens: smaragda formas ametisti &#8211; 7.90 ct <\/p>\n<p>\u2022 Sertifik\u0101ts: Lietuvas Proves pal\u0101ta (LPR) <\/p>\n<p>\u2022 Gredzena izm\u0113ri: augstums 24.20 mm, platums 9.40 mm, biezums 4.80 mm<\/p>\n<p>\u2022 Grav\u0113\u0161ana bez maksas <\/p>\n<p>\u2022 Vienreiz\u0113ja bezmaksas gredzena izm\u0113ra mai\u0146as garantija <\/p>\n<p>\u2022 Izgatavo\u0161anas un pieg\u0101des termi\u0146\u0161 no 21 darba dienas, steidzam\u012bbas k\u0101rt\u0101 \u2013 3 darba dienu laik\u0101. <\/p>\n<p><strong>Jums ir savs zelts? Sazinieties ar mums, m\u0113s p\u0101rr\u0113\u0137in\u0101sim cenu \u2013 maks\u0101siet tikai par auskaru izgatavo\u0161anu.<\/strong><\/p>\n","protected":false},"excerpt":{"rendered":"<p>Grezni zelta auskari ar ang\u013cu aizdari ar 7.90 ct taisnst\u016bra formas ametistiem un dimantiem ap ametistu. Piem\u0113roti ikdienai un \u012bpa\u0161iem gad\u012bjumiem, izsmalcin\u0101tam stilam.<\/p>\n","protected":false},"featured_media":233946,"template":"","meta":{"site-sidebar-layout":"","site-content-layout":"","ast-site-content-layout":"","site-content-style":"","site-sidebar-style":"","ast-global-header-display":"","ast-banner-title-visibility":"","ast-main-header-display":"","ast-hfb-above-header-display":"","ast-hfb-below-header-display":"","ast-hfb-mobile-header-display":"","site-post-title":"","ast-breadcrumbs-content":"","ast-featured-img":"","footer-sml-layout":"","ast-disable-related-posts":"","theme-transparent-header-meta":"","adv-header-id-meta":"","stick-header-meta":"","header-above-stick-meta":"","header-main-stick-meta":"","header-below-stick-meta":"","astra-migrate-meta-layouts":"default","ast-page-background-enabled":"default","ast-page-background-meta":{"desktop":{"background-color":"var(--ast-global-color-4)","background-image":"","background-repeat":"repeat","background-position":"center center","background-size":"auto","background-attachment":"scroll","background-type":"","background-media":"","overlay-type":"","overlay-color":"","overlay-opacity":"","overlay-gradient":""},"tablet":{"background-color":"","background-image":"","background-repeat":"repeat","background-position":"center center","background-size":"auto","background-attachment":"scroll","background-type":"","background-media":"","overlay-type":"","overlay-color":"","overlay-opacity":"","overlay-gradient":""},"mobile":{"background-color":"","background-image":"","background-repeat":"repeat","background-position":"center center","background-size":"auto","background-attachment":"scroll","background-type":"","background-media":"","overlay-type":"","overlay-color":"","overlay-opacity":"","overlay-gradient":""}},"ast-content-background-meta":{"desktop":{"background-color":"var(--ast-global-color-5)","background-image":"","background-repeat":"repeat","background-position":"center center","background-size":"auto","background-attachment":"scroll","background-type":"","background-media":"","overlay-type":"","overlay-color":"","overlay-opacity":"","overlay-gradient":""},"tablet":{"background-color":"var(--ast-global-color-5)","background-image":"","background-repeat":"repeat","background-position":"center center","background-size":"auto","background-attachment":"scroll","background-type":"","background-media":"","overlay-type":"","overlay-color":"","overlay-opacity":"","overlay-gradient":""},"mobile":{"background-color":"var(--ast-global-color-5)","background-image":"","background-repeat":"repeat","background-position":"center center","background-size":"auto","background-attachment":"scroll","background-type":"","background-media":"","overlay-type":"","overlay-color":"","overlay-opacity":"","overlay-gradient":""}}},"product_brand":[],"product_cat":[3572,2980,2978,2915,2913,2921,2920,3403,2916,2914,3042,3401,2922,2937,3032,2979,3404,2936,2918],"product_tag":[],"class_list":{"0":"post-283387","1":"product","2":"type-product","3":"status-publish","4":"has-post-thumbnail","6":"product_cat-auskari-ar-anglu-aizdari","7":"product_cat-auskari-ar-dargakmeniem","8":"product_cat-auskari-ar-dimantiem","9":"product_cat-davanas-berna-piedzimsanai","10":"product_cat-davanas-dzimsanas-diena","11":"product_cat-davanas-ipasiem-gadijumiem","12":"product_cat-davanas-izlaidumam","13":"product_cat-davanas-kazam","14":"product_cat-davanas-kazu-gadadiena","15":"product_cat-davanas-sievietem","16":"product_cat-juvelierizstradajumi","17":"product_cat-kristibu-davanas","18":"product_cat-mates-dienas-davanas","19":"product_cat-rotaslietas-ar-pusdargakmeniem","20":"product_cat-rotaslietas-ar-violetiem-dargakmeniem","21":"product_cat-sarkana-zelta-juvelierizstradajumi","22":"product_cat-svinigi-auskari","23":"product_cat-valentindienas-davanas","24":"product_cat-ziemassvetku-davanas","25":"desktop-align-center","26":"tablet-align-left","27":"mobile-align-left","28":"ast-product-gallery-layout-horizontal-slider","29":"ast-product-gallery-with-no-image","30":"ast-product-tabs-layout-accordion","31":"ast-qv-on-image","33":"first","34":"instock","35":"taxable","36":"shipping-taxable","37":"purchasable","38":"product-type-simple"},"yoast_head":"<!-- This site is optimized with the Yoast SEO plugin v26.6 - https:\/\/yoast.com\/wordpress\/plugins\/seo\/ -->\n<title>Grezni ametisti - auskari ar ametistiem un dimantiem<\/title>\n<meta name=\"description\" content=\"Grezni auskari ar ang\u013cu aizdari, 7,90 ct taisnst\u016bra formas ametistiem un dimantiem. Piem\u0113roti ikdienai un \u012bpa\u0161iem gad\u012bjumiem, izsmalcin\u0101tam stilam.\" \/>\n<meta name=\"robots\" content=\"index, follow, max-snippet:-1, max-image-preview:large, max-video-preview:-1\" \/>\n<link rel=\"canonical\" href=\"https:\/\/fashiongold.lt\/lv\/papuosalas\/grezni-ametisti-auskari-ar-ametistiem-un-dimantiem-841-ct\/\" \/>\n<meta property=\"og:locale\" content=\"lv_LV\" \/>\n<meta property=\"og:type\" content=\"article\" \/>\n<meta property=\"og:title\" content=\"Grezni ametisti - auskari ar ametistiem un dimantiem\" \/>\n<meta property=\"og:description\" content=\"Grezni auskari ar ang\u013cu aizdari, 7,90 ct taisnst\u016bra formas ametistiem un dimantiem. Piem\u0113roti ikdienai un \u012bpa\u0161iem gad\u012bjumiem, izsmalcin\u0101tam stilam.\" \/>\n<meta property=\"og:url\" content=\"https:\/\/fashiongold.lt\/lv\/papuosalas\/grezni-ametisti-auskari-ar-ametistiem-un-dimantiem-841-ct\/\" \/>\n<meta property=\"og:site_name\" content=\"FashionGold.lt\" \/>\n<meta property=\"og:image\" content=\"https:\/\/fashiongold.lt\/wp-content\/uploads\/2025\/10\/11797-e33-Prabangus-Ametistai-auskarai-su-ametistais-ir-deimantais.webp\" \/>\n\t<meta property=\"og:image:width\" content=\"1000\" \/>\n\t<meta property=\"og:image:height\" content=\"1000\" \/>\n\t<meta property=\"og:image:type\" content=\"image\/png\" \/>\n<meta name=\"twitter:card\" content=\"summary_large_image\" \/>\n<meta name=\"twitter:label1\" content=\"Est. reading time\" \/>\n\t<meta name=\"twitter:data1\" content=\"1 minute\" \/>\n<script type=\"application\/ld+json\" class=\"yoast-schema-graph\">{\"@context\":\"https:\/\/schema.org\",\"@graph\":[{\"@type\":\"WebPage\",\"@id\":\"https:\/\/fashiongold.lt\/lv\/papuosalas\/grezni-ametisti-auskari-ar-ametistiem-un-dimantiem-841-ct\/\",\"url\":\"https:\/\/fashiongold.lt\/lv\/papuosalas\/grezni-ametisti-auskari-ar-ametistiem-un-dimantiem-841-ct\/\",\"name\":\"Grezni ametisti - auskari ar ametistiem un dimantiem\",\"isPartOf\":{\"@id\":\"https:\/\/fashiongold.lt\/lv\/#website\"},\"primaryImageOfPage\":{\"@id\":\"https:\/\/fashiongold.lt\/lv\/papuosalas\/grezni-ametisti-auskari-ar-ametistiem-un-dimantiem-841-ct\/#primaryimage\"},\"image\":{\"@id\":\"https:\/\/fashiongold.lt\/lv\/papuosalas\/grezni-ametisti-auskari-ar-ametistiem-un-dimantiem-841-ct\/#primaryimage\"},\"thumbnailUrl\":\"https:\/\/fashiongold.lt\/wp-content\/uploads\/2025\/10\/11797-e33-Prabangus-Ametistai-auskarai-su-ametistais-ir-deimantais.png\",\"datePublished\":\"2025-10-19T19:57:34+00:00\",\"description\":\"Grezni auskari ar ang\u013cu aizdari, 7,90 ct taisnst\u016bra formas ametistiem un dimantiem. Piem\u0113roti ikdienai un \u012bpa\u0161iem gad\u012bjumiem, izsmalcin\u0101tam stilam.\",\"breadcrumb\":{\"@id\":\"https:\/\/fashiongold.lt\/lv\/papuosalas\/grezni-ametisti-auskari-ar-ametistiem-un-dimantiem-841-ct\/#breadcrumb\"},\"inLanguage\":\"lv-LV\",\"potentialAction\":[{\"@type\":\"ReadAction\",\"target\":[\"https:\/\/fashiongold.lt\/lv\/papuosalas\/grezni-ametisti-auskari-ar-ametistiem-un-dimantiem-841-ct\/\"]}]},{\"@type\":\"ImageObject\",\"inLanguage\":\"lv-LV\",\"@id\":\"https:\/\/fashiongold.lt\/lv\/papuosalas\/grezni-ametisti-auskari-ar-ametistiem-un-dimantiem-841-ct\/#primaryimage\",\"url\":\"https:\/\/fashiongold.lt\/wp-content\/uploads\/2025\/10\/11797-e33-Prabangus-Ametistai-auskarai-su-ametistais-ir-deimantais.png\",\"contentUrl\":\"https:\/\/fashiongold.lt\/wp-content\/uploads\/2025\/10\/11797-e33-Prabangus-Ametistai-auskarai-su-ametistais-ir-deimantais.png\",\"width\":1000,\"height\":1000},{\"@type\":\"BreadcrumbList\",\"@id\":\"https:\/\/fashiongold.lt\/lv\/papuosalas\/grezni-ametisti-auskari-ar-ametistiem-un-dimantiem-841-ct\/#breadcrumb\",\"itemListElement\":[{\"@type\":\"ListItem\",\"position\":1,\"name\":\"Home\",\"item\":\"https:\/\/fashiongold.lt\/lv\/\"},{\"@type\":\"ListItem\",\"position\":2,\"name\":\"Dimantu veikals Fashiongold.lt\",\"item\":\"https:\/\/fashiongold.lt\/shop-2\/\"},{\"@type\":\"ListItem\",\"position\":3,\"name\":\"Grezni ametisti \u2013 auskari ar ametistiem un dimantiem (8,41 ct)\"}]},{\"@type\":\"WebSite\",\"@id\":\"https:\/\/fashiongold.lt\/lv\/#website\",\"url\":\"https:\/\/fashiongold.lt\/lv\/\",\"name\":\"Fashion Gold\",\"description\":\"Juvelyrikos namai\",\"publisher\":{\"@id\":\"https:\/\/fashiongold.lt\/lv\/#organization\"},\"potentialAction\":[{\"@type\":\"SearchAction\",\"target\":{\"@type\":\"EntryPoint\",\"urlTemplate\":\"https:\/\/fashiongold.lt\/lv\/?s={search_term_string}\"},\"query-input\":{\"@type\":\"PropertyValueSpecification\",\"valueRequired\":true,\"valueName\":\"search_term_string\"}}],\"inLanguage\":\"lv-LV\"},{\"@type\":\"Organization\",\"@id\":\"https:\/\/fashiongold.lt\/lv\/#organization\",\"name\":\"Topdiamonds Online\",\"url\":\"https:\/\/fashiongold.lt\/lv\/\",\"logo\":{\"@type\":\"ImageObject\",\"inLanguage\":\"lv-LV\",\"@id\":\"https:\/\/fashiongold.lt\/lv\/#\/schema\/logo\/image\/\",\"url\":\"https:\/\/fashiongold.lt\/wp-content\/uploads\/2025\/04\/cropped-fashion_gold_logotipas2-scaled-1.png\",\"contentUrl\":\"https:\/\/fashiongold.lt\/wp-content\/uploads\/2025\/04\/cropped-fashion_gold_logotipas2-scaled-1.png\",\"width\":2559,\"height\":421,\"caption\":\"Topdiamonds Online\"},\"image\":{\"@id\":\"https:\/\/fashiongold.lt\/lv\/#\/schema\/logo\/image\/\"}}]}<\/script>\n<!-- \/ Yoast SEO plugin. -->","yoast_head_json":{"title":"Grezni ametisti - auskari ar ametistiem un dimantiem","description":"Grezni auskari ar ang\u013cu aizdari, 7,90 ct taisnst\u016bra formas ametistiem un dimantiem. Piem\u0113roti ikdienai un \u012bpa\u0161iem gad\u012bjumiem, izsmalcin\u0101tam stilam.","robots":{"index":"index","follow":"follow","max-snippet":"max-snippet:-1","max-image-preview":"max-image-preview:large","max-video-preview":"max-video-preview:-1"},"canonical":"https:\/\/fashiongold.lt\/lv\/papuosalas\/grezni-ametisti-auskari-ar-ametistiem-un-dimantiem-841-ct\/","og_locale":"lv_LV","og_type":"article","og_title":"Grezni ametisti - auskari ar ametistiem un dimantiem","og_description":"Grezni auskari ar ang\u013cu aizdari, 7,90 ct taisnst\u016bra formas ametistiem un dimantiem. Piem\u0113roti ikdienai un \u012bpa\u0161iem gad\u012bjumiem, izsmalcin\u0101tam stilam.","og_url":"https:\/\/fashiongold.lt\/lv\/papuosalas\/grezni-ametisti-auskari-ar-ametistiem-un-dimantiem-841-ct\/","og_site_name":"FashionGold.lt","og_image":[{"width":1000,"height":1000,"url":"https:\/\/fashiongold.lt\/wp-content\/uploads\/2025\/10\/11797-e33-Prabangus-Ametistai-auskarai-su-ametistais-ir-deimantais.webp","type":"image\/png"}],"twitter_card":"summary_large_image","twitter_misc":{"Est. reading time":"1 minute"},"schema":{"@context":"https:\/\/schema.org","@graph":[{"@type":"WebPage","@id":"https:\/\/fashiongold.lt\/lv\/papuosalas\/grezni-ametisti-auskari-ar-ametistiem-un-dimantiem-841-ct\/","url":"https:\/\/fashiongold.lt\/lv\/papuosalas\/grezni-ametisti-auskari-ar-ametistiem-un-dimantiem-841-ct\/","name":"Grezni ametisti - auskari ar ametistiem un dimantiem","isPartOf":{"@id":"https:\/\/fashiongold.lt\/lv\/#website"},"primaryImageOfPage":{"@id":"https:\/\/fashiongold.lt\/lv\/papuosalas\/grezni-ametisti-auskari-ar-ametistiem-un-dimantiem-841-ct\/#primaryimage"},"image":{"@id":"https:\/\/fashiongold.lt\/lv\/papuosalas\/grezni-ametisti-auskari-ar-ametistiem-un-dimantiem-841-ct\/#primaryimage"},"thumbnailUrl":"https:\/\/fashiongold.lt\/wp-content\/uploads\/2025\/10\/11797-e33-Prabangus-Ametistai-auskarai-su-ametistais-ir-deimantais.png","datePublished":"2025-10-19T19:57:34+00:00","description":"Grezni auskari ar ang\u013cu aizdari, 7,90 ct taisnst\u016bra formas ametistiem un dimantiem. Piem\u0113roti ikdienai un \u012bpa\u0161iem gad\u012bjumiem, izsmalcin\u0101tam stilam.","breadcrumb":{"@id":"https:\/\/fashiongold.lt\/lv\/papuosalas\/grezni-ametisti-auskari-ar-ametistiem-un-dimantiem-841-ct\/#breadcrumb"},"inLanguage":"lv-LV","potentialAction":[{"@type":"ReadAction","target":["https:\/\/fashiongold.lt\/lv\/papuosalas\/grezni-ametisti-auskari-ar-ametistiem-un-dimantiem-841-ct\/"]}]},{"@type":"ImageObject","inLanguage":"lv-LV","@id":"https:\/\/fashiongold.lt\/lv\/papuosalas\/grezni-ametisti-auskari-ar-ametistiem-un-dimantiem-841-ct\/#primaryimage","url":"https:\/\/fashiongold.lt\/wp-content\/uploads\/2025\/10\/11797-e33-Prabangus-Ametistai-auskarai-su-ametistais-ir-deimantais.png","contentUrl":"https:\/\/fashiongold.lt\/wp-content\/uploads\/2025\/10\/11797-e33-Prabangus-Ametistai-auskarai-su-ametistais-ir-deimantais.png","width":1000,"height":1000},{"@type":"BreadcrumbList","@id":"https:\/\/fashiongold.lt\/lv\/papuosalas\/grezni-ametisti-auskari-ar-ametistiem-un-dimantiem-841-ct\/#breadcrumb","itemListElement":[{"@type":"ListItem","position":1,"name":"Home","item":"https:\/\/fashiongold.lt\/lv\/"},{"@type":"ListItem","position":2,"name":"Dimantu veikals Fashiongold.lt","item":"https:\/\/fashiongold.lt\/shop-2\/"},{"@type":"ListItem","position":3,"name":"Grezni ametisti \u2013 auskari ar ametistiem un dimantiem (8,41 ct)"}]},{"@type":"WebSite","@id":"https:\/\/fashiongold.lt\/lv\/#website","url":"https:\/\/fashiongold.lt\/lv\/","name":"Fashion Gold","description":"Juvelyrikos namai","publisher":{"@id":"https:\/\/fashiongold.lt\/lv\/#organization"},"potentialAction":[{"@type":"SearchAction","target":{"@type":"EntryPoint","urlTemplate":"https:\/\/fashiongold.lt\/lv\/?s={search_term_string}"},"query-input":{"@type":"PropertyValueSpecification","valueRequired":true,"valueName":"search_term_string"}}],"inLanguage":"lv-LV"},{"@type":"Organization","@id":"https:\/\/fashiongold.lt\/lv\/#organization","name":"Topdiamonds Online","url":"https:\/\/fashiongold.lt\/lv\/","logo":{"@type":"ImageObject","inLanguage":"lv-LV","@id":"https:\/\/fashiongold.lt\/lv\/#\/schema\/logo\/image\/","url":"https:\/\/fashiongold.lt\/wp-content\/uploads\/2025\/04\/cropped-fashion_gold_logotipas2-scaled-1.png","contentUrl":"https:\/\/fashiongold.lt\/wp-content\/uploads\/2025\/04\/cropped-fashion_gold_logotipas2-scaled-1.png","width":2559,"height":421,"caption":"Topdiamonds Online"},"image":{"@id":"https:\/\/fashiongold.lt\/lv\/#\/schema\/logo\/image\/"}}]}},"_links":{"self":[{"href":"https:\/\/fashiongold.lt\/lv\/wp-json\/wp\/v2\/product\/283387","targetHints":{"allow":["GET"]}}],"collection":[{"href":"https:\/\/fashiongold.lt\/lv\/wp-json\/wp\/v2\/product"}],"about":[{"href":"https:\/\/fashiongold.lt\/lv\/wp-json\/wp\/v2\/types\/product"}],"version-history":[{"count":0,"href":"https:\/\/fashiongold.lt\/lv\/wp-json\/wp\/v2\/product\/283387\/revisions"}],"wp:featuredmedia":[{"embeddable":true,"href":"https:\/\/fashiongold.lt\/lv\/wp-json\/wp\/v2\/media\/233946"}],"wp:attachment":[{"href":"https:\/\/fashiongold.lt\/lv\/wp-json\/wp\/v2\/media?parent=283387"}],"wp:term":[{"taxonomy":"product_brand","embeddable":true,"href":"https:\/\/fashiongold.lt\/lv\/wp-json\/wp\/v2\/product_brand?post=283387"},{"taxonomy":"product_cat","embeddable":true,"href":"https:\/\/fashiongold.lt\/lv\/wp-json\/wp\/v2\/product_cat?post=283387"},{"taxonomy":"product_tag","embeddable":true,"href":"https:\/\/fashiongold.lt\/lv\/wp-json\/wp\/v2\/product_tag?post=283387"}],"curies":[{"name":"wp","href":"https:\/\/api.w.org\/{rel}","templated":true}]}}