{"id":283492,"date":"2025-10-19T18:48:05","date_gmt":"2025-10-19T18:48:05","guid":{"rendered":"https:\/\/fashiongold.lt\/papuosalas\/halo-saderinasanas-gredzens-ar-topazu-un-dimantiem-myanmar-0-23-ct\/"},"modified":"2025-10-19T18:48:05","modified_gmt":"2025-10-19T18:48:05","slug":"halo-saderinasanas-gredzens-ar-topazu-un-dimantiem-myanmar-0-23-ct","status":"publish","type":"product","link":"https:\/\/fashiongold.lt\/lv\/rotaslieta\/halo-saderinasanas-gredzens-ar-topazu-un-dimantiem-myanmar-0-23-ct\/","title":{"rendered":"Halo saderin\u0101\u0161an\u0101s gredzens ar top\u0101zu un dimantiem \u2013 Myanmar (0.23 ct)"},"content":{"rendered":"<h2>Saderin\u0101\u0161an\u0101s gredzens ar top\u0101zu un dimantiem &#8211; Myanmar (0.23 ct)<\/h2>\n<h3>Saderin\u0101\u0161an\u0101s gredzens ar 0.15 kar\u0101tu apa\u013cas formas top\u0101zu un dimantiem apk\u0101rt. Dab\u012bgie dimanti.<\/h3>\n<p>Izgatavots Lietuv\u0101. Lieliska izv\u0113le stil\u012bgai sievietei. Top\u0101za ma\u0123iskais sp\u0113ks &#8211; darbojas k\u0101 amulets vai talismans, nes mieru, gudr\u012bbu un labest\u012bbu, tas ir m\u012blest\u012bbas akmens. Tas padara t\u0101 \u012bpa\u0161nieku par optimistu, pal\u012bdz baud\u012bt dz\u012bvi un just iek\u0161\u0113ju mieru. Top\u0101zs ir piem\u0113rots Lauv\u0101m, Str\u0113lniekiem un Skorpioniem.<\/p>\n<p>\u2022 Gredzena met\u0101ls: 14K (585 prove), varam izgatavot no 10K (375 prove), 18K (750 prove), 950 plat\u012bna<\/p>\n<p>\u2022 Gredzena kr\u0101sa: var izv\u0113l\u0113ties baltu, dzeltenu vai sarkanu zeltu<\/p>\n<p>\u2022 Gredzena svars (atkar\u012bgs no izm\u0113ra un proves): aptuveni 1,50 &#8211; 1,90 g<\/p>\n<p>\u2022 Gredzena izm\u0113ri: kro\u0146a platums &#8211; aptuveni 6.75 mm, st\u012bpi\u0146as platums &#8211; aptuveni 1,60 (izm\u0113ri ir aptuveni un var at\u0161\u0137irties atkar\u012bb\u0101 no gredzena izm\u0113ra)<\/p>\n<p>\u2022 Gredzena komforta zona: ir<\/p>\n<p>\u2022 D\u0101rgakmens tips: top\u0101zs<\/p>\n<p>\u2022 D\u0101rgakmens forma: apa\u013cas formas top\u0101zs (Round shape)<\/p>\n<p>\u2022 D\u0101rgakmens raksturojums: 0.15 ct (var main\u012bt)<\/p>\n<p>\u2022 Dimanta tips: Dab\u012bgie dimanti<\/p>\n<p>\u2022 Dimanta forma: apa\u013ca forma (round shape)<\/p>\n<p>\u2022 Dimanta raksturojums: 0,08 ct, kr\u0101sa G-H (RW-W); dzidrums SI<\/p>\n<p>\u2022 Sertifik\u0101ts: Lietuvas Prove\u0161anas pal\u0101ta (LPR)<\/p>\n<p>\u2022 Grav\u0113\u0161ana bez maksas<\/p>\n<p>\u2022 Vienreiz\u0113ja bezmaksas gredzena izm\u0113ra mai\u0146as garantija<\/p>\n<p>\u2022 Izgatavo\u0161anas un pieg\u0101des termi\u0146\u0161 no 14 darba dien\u0101m, steidzam\u012bbas k\u0101rt\u0101 3 d. d. laik\u0101<\/p>\n<p><strong>Vai jums ir savs zelts? Sazinieties ar mums, m\u0113s p\u0101rr\u0113\u0137in\u0101sim cenu &#8211; maks\u0101siet tikai par gredzena izgatavo\u0161anu.<\/strong><\/p><\/p>\n","protected":false},"excerpt":{"rendered":"<p>Saderin\u0101\u0161an\u0101s gredzens izce\u013cas ar halo dizainu un \u012bpa\u0161u skaistumu. Centr\u0101 goz\u0113jas 0.15 kar\u0101tu apa\u013cas formas top\u0101zs, kas smalki akcent\u0113 gredzena eleganci. Ap top\u0101zu iestr\u0101d\u0101tie dimanti pie\u0161\u0137ir papildu mirdzumu un grezn\u012bbu. \u0160is unik\u0101lais gredzens lieliski piest\u0101v\u0113s stil\u012bgai sievietei, kura nov\u0113rt\u0113 modernit\u0101ti un eleganci.<\/p>\n","protected":false},"featured_media":222341,"template":"","meta":{"site-sidebar-layout":"default","site-content-layout":"","ast-site-content-layout":"default","site-content-style":"default","site-sidebar-style":"default","ast-global-header-display":"","ast-banner-title-visibility":"","ast-main-header-display":"","ast-hfb-above-header-display":"","ast-hfb-below-header-display":"","ast-hfb-mobile-header-display":"","site-post-title":"","ast-breadcrumbs-content":"","ast-featured-img":"","footer-sml-layout":"","ast-disable-related-posts":"","theme-transparent-header-meta":"","adv-header-id-meta":"","stick-header-meta":"","header-above-stick-meta":"","header-main-stick-meta":"","header-below-stick-meta":"","astra-migrate-meta-layouts":"default","ast-page-background-enabled":"default","ast-page-background-meta":{"desktop":{"background-color":"var(--ast-global-color-4)","background-image":"","background-repeat":"repeat","background-position":"center center","background-size":"auto","background-attachment":"scroll","background-type":"","background-media":"","overlay-type":"","overlay-color":"","overlay-opacity":"","overlay-gradient":""},"tablet":{"background-color":"","background-image":"","background-repeat":"repeat","background-position":"center center","background-size":"auto","background-attachment":"scroll","background-type":"","background-media":"","overlay-type":"","overlay-color":"","overlay-opacity":"","overlay-gradient":""},"mobile":{"background-color":"","background-image":"","background-repeat":"repeat","background-position":"center center","background-size":"auto","background-attachment":"scroll","background-type":"","background-media":"","overlay-type":"","overlay-color":"","overlay-opacity":"","overlay-gradient":""}},"ast-content-background-meta":{"desktop":{"background-color":"var(--ast-global-color-5)","background-image":"","background-repeat":"repeat","background-position":"center center","background-size":"auto","background-attachment":"scroll","background-type":"","background-media":"","overlay-type":"","overlay-color":"","overlay-opacity":"","overlay-gradient":""},"tablet":{"background-color":"var(--ast-global-color-5)","background-image":"","background-repeat":"repeat","background-position":"center center","background-size":"auto","background-attachment":"scroll","background-type":"","background-media":"","overlay-type":"","overlay-color":"","overlay-opacity":"","overlay-gradient":""},"mobile":{"background-color":"var(--ast-global-color-5)","background-image":"","background-repeat":"repeat","background-position":"center center","background-size":"auto","background-attachment":"scroll","background-type":"","background-media":"","overlay-type":"","overlay-color":"","overlay-opacity":"","overlay-gradient":""}}},"product_brand":[],"product_cat":[3441,2919,2915,2913,2921,2920,3403,2916,2914,2923,3442,2939,3042,2938,2922,2937,3439,3440,3844,2979,3443,2936,2918,3402],"product_tag":[],"class_list":{"0":"post-283492","1":"product","2":"type-product","3":"status-publish","4":"has-post-thumbnail","6":"product_cat-balta-zelta-saderinasanas-gredzeni","7":"product_cat-baltzelta-rotaslietas","8":"product_cat-davanas-berna-piedzimsanai","9":"product_cat-davanas-dzimsanas-diena","10":"product_cat-davanas-ipasiem-gadijumiem","11":"product_cat-davanas-izlaidumam","12":"product_cat-davanas-kazam","13":"product_cat-davanas-kazu-gadadiena","14":"product_cat-davanas-sievietem","15":"product_cat-dzeltena-zelta-juvelierizstradajumi","16":"product_cat-dzeltena-zelta-saderinasanas-gredzeni","17":"product_cat-gredzeni-ar-dargakmeniem","18":"product_cat-juvelierizstradajumi","19":"product_cat-juvelierizstradajumi-ar-ziliem-dargakmeniem","20":"product_cat-mates-dienas-davanas","21":"product_cat-rotaslietas-ar-pusdargakmeniem","22":"product_cat-saderinasanas-gredzeni","23":"product_cat-saderinasanas-gredzeni-ar-dargakmeniem","24":"product_cat-saderinasanas-gredzeni-ar-pusdargakmeniem","25":"product_cat-sarkana-zelta-juvelierizstradajumi","26":"product_cat-sarkana-zelta-saderinasanas-gredzeni","27":"product_cat-valentindienas-davanas","28":"product_cat-ziemassvetku-davanas","29":"product_cat-zils-dargakmens","30":"desktop-align-center","31":"tablet-align-left","32":"mobile-align-left","33":"ast-product-gallery-layout-horizontal-slider","34":"ast-product-gallery-with-no-image","35":"ast-product-single-variable","36":"ast-product-tabs-layout-accordion","37":"ast-qv-on-image","39":"first","40":"instock","41":"taxable","42":"shipping-taxable","43":"purchasable","44":"product-type-variable"},"yoast_head":"<!-- This site is optimized with the Yoast SEO plugin v26.6 - https:\/\/yoast.com\/wordpress\/plugins\/seo\/ -->\n<title>Halo saderin\u0101\u0161an\u0101s gredzens ar top\u0101zu un dimantiem - Myanmar (0.23 ct)<\/title>\n<meta name=\"description\" content=\"Halo saderin\u0101\u0161an\u0101s gredzens ar 0.15 kar\u0101tu apa\u013cas formas top\u0101zu un dimantiem apk\u0101rt. Dab\u012bgie dimanti. Ekskluz\u012bvs gredzens - stil\u012bgai sievietei.\" \/>\n<meta name=\"robots\" content=\"index, follow, max-snippet:-1, max-image-preview:large, max-video-preview:-1\" \/>\n<link rel=\"canonical\" href=\"https:\/\/fashiongold.lt\/lv\/rotaslieta\/halo-saderinasanas-gredzens-ar-topazu-un-dimantiem-myanmar-0-23-ct\/\" \/>\n<meta property=\"og:locale\" content=\"lv_LV\" \/>\n<meta property=\"og:type\" content=\"article\" \/>\n<meta property=\"og:title\" content=\"Halo saderin\u0101\u0161an\u0101s gredzens ar top\u0101zu un dimantiem - Myanmar (0.23 ct)\" \/>\n<meta property=\"og:description\" content=\"Halo saderin\u0101\u0161an\u0101s gredzens ar 0.15 kar\u0101tu apa\u013cas formas top\u0101zu un dimantiem apk\u0101rt. Dab\u012bgie dimanti. Ekskluz\u012bvs gredzens - stil\u012bgai sievietei.\" \/>\n<meta property=\"og:url\" content=\"https:\/\/fashiongold.lt\/lv\/rotaslieta\/halo-saderinasanas-gredzens-ar-topazu-un-dimantiem-myanmar-0-23-ct\/\" \/>\n<meta property=\"og:site_name\" content=\"FashionGold.lt\" \/>\n<meta property=\"og:image\" content=\"https:\/\/fashiongold.lt\/wp-content\/uploads\/2025\/10\/22796-581-geltono-aukso-halo-suzadetuviu-ziedas-su-topazu-ir-deimantais-Myanmar-0.23-ct.png\" \/>\n\t<meta property=\"og:image:width\" content=\"1000\" \/>\n\t<meta property=\"og:image:height\" content=\"1000\" \/>\n\t<meta property=\"og:image:type\" content=\"image\/png\" \/>\n<meta name=\"twitter:card\" content=\"summary_large_image\" \/>\n<meta name=\"twitter:label1\" content=\"Est. reading time\" \/>\n\t<meta name=\"twitter:data1\" content=\"1 minute\" \/>\n<script type=\"application\/ld+json\" class=\"yoast-schema-graph\">{\"@context\":\"https:\/\/schema.org\",\"@graph\":[{\"@type\":\"WebPage\",\"@id\":\"https:\/\/fashiongold.lt\/lv\/rotaslieta\/halo-saderinasanas-gredzens-ar-topazu-un-dimantiem-myanmar-0-23-ct\/\",\"url\":\"https:\/\/fashiongold.lt\/lv\/rotaslieta\/halo-saderinasanas-gredzens-ar-topazu-un-dimantiem-myanmar-0-23-ct\/\",\"name\":\"Halo saderin\u0101\u0161an\u0101s gredzens ar top\u0101zu un dimantiem - Myanmar (0.23 ct)\",\"isPartOf\":{\"@id\":\"https:\/\/fashiongold.lt\/lv\/#website\"},\"primaryImageOfPage\":{\"@id\":\"https:\/\/fashiongold.lt\/lv\/rotaslieta\/halo-saderinasanas-gredzens-ar-topazu-un-dimantiem-myanmar-0-23-ct\/#primaryimage\"},\"image\":{\"@id\":\"https:\/\/fashiongold.lt\/lv\/rotaslieta\/halo-saderinasanas-gredzens-ar-topazu-un-dimantiem-myanmar-0-23-ct\/#primaryimage\"},\"thumbnailUrl\":\"https:\/\/fashiongold.lt\/wp-content\/uploads\/2025\/10\/22796-581-geltono-aukso-halo-suzadetuviu-ziedas-su-topazu-ir-deimantais-Myanmar-0.23-ct.png\",\"datePublished\":\"2025-10-19T18:48:05+00:00\",\"description\":\"Halo saderin\u0101\u0161an\u0101s gredzens ar 0.15 kar\u0101tu apa\u013cas formas top\u0101zu un dimantiem apk\u0101rt. Dab\u012bgie dimanti. Ekskluz\u012bvs gredzens - stil\u012bgai sievietei.\",\"breadcrumb\":{\"@id\":\"https:\/\/fashiongold.lt\/lv\/rotaslieta\/halo-saderinasanas-gredzens-ar-topazu-un-dimantiem-myanmar-0-23-ct\/#breadcrumb\"},\"inLanguage\":\"lv-LV\",\"potentialAction\":[{\"@type\":\"ReadAction\",\"target\":[\"https:\/\/fashiongold.lt\/lv\/rotaslieta\/halo-saderinasanas-gredzens-ar-topazu-un-dimantiem-myanmar-0-23-ct\/\"]}]},{\"@type\":\"ImageObject\",\"inLanguage\":\"lv-LV\",\"@id\":\"https:\/\/fashiongold.lt\/lv\/rotaslieta\/halo-saderinasanas-gredzens-ar-topazu-un-dimantiem-myanmar-0-23-ct\/#primaryimage\",\"url\":\"https:\/\/fashiongold.lt\/wp-content\/uploads\/2025\/10\/22796-581-geltono-aukso-halo-suzadetuviu-ziedas-su-topazu-ir-deimantais-Myanmar-0.23-ct.png\",\"contentUrl\":\"https:\/\/fashiongold.lt\/wp-content\/uploads\/2025\/10\/22796-581-geltono-aukso-halo-suzadetuviu-ziedas-su-topazu-ir-deimantais-Myanmar-0.23-ct.png\",\"width\":1000,\"height\":1000},{\"@type\":\"BreadcrumbList\",\"@id\":\"https:\/\/fashiongold.lt\/lv\/rotaslieta\/halo-saderinasanas-gredzens-ar-topazu-un-dimantiem-myanmar-0-23-ct\/#breadcrumb\",\"itemListElement\":[{\"@type\":\"ListItem\",\"position\":1,\"name\":\"Home\",\"item\":\"https:\/\/fashiongold.lt\/lv\/\"},{\"@type\":\"ListItem\",\"position\":2,\"name\":\"Dimantu veikals Fashiongold.lt\",\"item\":\"https:\/\/fashiongold.lt\/shop-2\/\"},{\"@type\":\"ListItem\",\"position\":3,\"name\":\"Halo saderin\u0101\u0161an\u0101s gredzens ar top\u0101zu un dimantiem \u2013 Myanmar (0.23 ct)\"}]},{\"@type\":\"WebSite\",\"@id\":\"https:\/\/fashiongold.lt\/lv\/#website\",\"url\":\"https:\/\/fashiongold.lt\/lv\/\",\"name\":\"Fashion Gold\",\"description\":\"Juvelierizstr\u0101d\u0101jumu nams\",\"publisher\":{\"@id\":\"https:\/\/fashiongold.lt\/lv\/#organization\"},\"potentialAction\":[{\"@type\":\"SearchAction\",\"target\":{\"@type\":\"EntryPoint\",\"urlTemplate\":\"https:\/\/fashiongold.lt\/lv\/?s={search_term_string}\"},\"query-input\":{\"@type\":\"PropertyValueSpecification\",\"valueRequired\":true,\"valueName\":\"search_term_string\"}}],\"inLanguage\":\"lv-LV\"},{\"@type\":\"Organization\",\"@id\":\"https:\/\/fashiongold.lt\/lv\/#organization\",\"name\":\"Topdiamonds Online\",\"url\":\"https:\/\/fashiongold.lt\/lv\/\",\"logo\":{\"@type\":\"ImageObject\",\"inLanguage\":\"lv-LV\",\"@id\":\"https:\/\/fashiongold.lt\/lv\/#\/schema\/logo\/image\/\",\"url\":\"https:\/\/fashiongold.lt\/wp-content\/uploads\/2025\/04\/cropped-fashion_gold_logotipas2-scaled-1.png\",\"contentUrl\":\"https:\/\/fashiongold.lt\/wp-content\/uploads\/2025\/04\/cropped-fashion_gold_logotipas2-scaled-1.png\",\"width\":2559,\"height\":421,\"caption\":\"Topdiamonds Online\"},\"image\":{\"@id\":\"https:\/\/fashiongold.lt\/lv\/#\/schema\/logo\/image\/\"}}]}<\/script>\n<!-- \/ Yoast SEO plugin. -->","yoast_head_json":{"title":"Halo saderin\u0101\u0161an\u0101s gredzens ar top\u0101zu un dimantiem - Myanmar (0.23 ct)","description":"Halo saderin\u0101\u0161an\u0101s gredzens ar 0.15 kar\u0101tu apa\u013cas formas top\u0101zu un dimantiem apk\u0101rt. Dab\u012bgie dimanti. Ekskluz\u012bvs gredzens - stil\u012bgai sievietei.","robots":{"index":"index","follow":"follow","max-snippet":"max-snippet:-1","max-image-preview":"max-image-preview:large","max-video-preview":"max-video-preview:-1"},"canonical":"https:\/\/fashiongold.lt\/lv\/rotaslieta\/halo-saderinasanas-gredzens-ar-topazu-un-dimantiem-myanmar-0-23-ct\/","og_locale":"lv_LV","og_type":"article","og_title":"Halo saderin\u0101\u0161an\u0101s gredzens ar top\u0101zu un dimantiem - Myanmar (0.23 ct)","og_description":"Halo saderin\u0101\u0161an\u0101s gredzens ar 0.15 kar\u0101tu apa\u013cas formas top\u0101zu un dimantiem apk\u0101rt. Dab\u012bgie dimanti. Ekskluz\u012bvs gredzens - stil\u012bgai sievietei.","og_url":"https:\/\/fashiongold.lt\/lv\/rotaslieta\/halo-saderinasanas-gredzens-ar-topazu-un-dimantiem-myanmar-0-23-ct\/","og_site_name":"FashionGold.lt","og_image":[{"width":1000,"height":1000,"url":"https:\/\/fashiongold.lt\/wp-content\/uploads\/2025\/10\/22796-581-geltono-aukso-halo-suzadetuviu-ziedas-su-topazu-ir-deimantais-Myanmar-0.23-ct.png","type":"image\/png"}],"twitter_card":"summary_large_image","twitter_misc":{"Est. reading time":"1 minute"},"schema":{"@context":"https:\/\/schema.org","@graph":[{"@type":"WebPage","@id":"https:\/\/fashiongold.lt\/lv\/rotaslieta\/halo-saderinasanas-gredzens-ar-topazu-un-dimantiem-myanmar-0-23-ct\/","url":"https:\/\/fashiongold.lt\/lv\/rotaslieta\/halo-saderinasanas-gredzens-ar-topazu-un-dimantiem-myanmar-0-23-ct\/","name":"Halo saderin\u0101\u0161an\u0101s gredzens ar top\u0101zu un dimantiem - Myanmar (0.23 ct)","isPartOf":{"@id":"https:\/\/fashiongold.lt\/lv\/#website"},"primaryImageOfPage":{"@id":"https:\/\/fashiongold.lt\/lv\/rotaslieta\/halo-saderinasanas-gredzens-ar-topazu-un-dimantiem-myanmar-0-23-ct\/#primaryimage"},"image":{"@id":"https:\/\/fashiongold.lt\/lv\/rotaslieta\/halo-saderinasanas-gredzens-ar-topazu-un-dimantiem-myanmar-0-23-ct\/#primaryimage"},"thumbnailUrl":"https:\/\/fashiongold.lt\/wp-content\/uploads\/2025\/10\/22796-581-geltono-aukso-halo-suzadetuviu-ziedas-su-topazu-ir-deimantais-Myanmar-0.23-ct.png","datePublished":"2025-10-19T18:48:05+00:00","description":"Halo saderin\u0101\u0161an\u0101s gredzens ar 0.15 kar\u0101tu apa\u013cas formas top\u0101zu un dimantiem apk\u0101rt. Dab\u012bgie dimanti. Ekskluz\u012bvs gredzens - stil\u012bgai sievietei.","breadcrumb":{"@id":"https:\/\/fashiongold.lt\/lv\/rotaslieta\/halo-saderinasanas-gredzens-ar-topazu-un-dimantiem-myanmar-0-23-ct\/#breadcrumb"},"inLanguage":"lv-LV","potentialAction":[{"@type":"ReadAction","target":["https:\/\/fashiongold.lt\/lv\/rotaslieta\/halo-saderinasanas-gredzens-ar-topazu-un-dimantiem-myanmar-0-23-ct\/"]}]},{"@type":"ImageObject","inLanguage":"lv-LV","@id":"https:\/\/fashiongold.lt\/lv\/rotaslieta\/halo-saderinasanas-gredzens-ar-topazu-un-dimantiem-myanmar-0-23-ct\/#primaryimage","url":"https:\/\/fashiongold.lt\/wp-content\/uploads\/2025\/10\/22796-581-geltono-aukso-halo-suzadetuviu-ziedas-su-topazu-ir-deimantais-Myanmar-0.23-ct.png","contentUrl":"https:\/\/fashiongold.lt\/wp-content\/uploads\/2025\/10\/22796-581-geltono-aukso-halo-suzadetuviu-ziedas-su-topazu-ir-deimantais-Myanmar-0.23-ct.png","width":1000,"height":1000},{"@type":"BreadcrumbList","@id":"https:\/\/fashiongold.lt\/lv\/rotaslieta\/halo-saderinasanas-gredzens-ar-topazu-un-dimantiem-myanmar-0-23-ct\/#breadcrumb","itemListElement":[{"@type":"ListItem","position":1,"name":"Home","item":"https:\/\/fashiongold.lt\/lv\/"},{"@type":"ListItem","position":2,"name":"Dimantu veikals Fashiongold.lt","item":"https:\/\/fashiongold.lt\/shop-2\/"},{"@type":"ListItem","position":3,"name":"Halo saderin\u0101\u0161an\u0101s gredzens ar top\u0101zu un dimantiem \u2013 Myanmar (0.23 ct)"}]},{"@type":"WebSite","@id":"https:\/\/fashiongold.lt\/lv\/#website","url":"https:\/\/fashiongold.lt\/lv\/","name":"Fashion Gold","description":"Juvelierizstr\u0101d\u0101jumu nams","publisher":{"@id":"https:\/\/fashiongold.lt\/lv\/#organization"},"potentialAction":[{"@type":"SearchAction","target":{"@type":"EntryPoint","urlTemplate":"https:\/\/fashiongold.lt\/lv\/?s={search_term_string}"},"query-input":{"@type":"PropertyValueSpecification","valueRequired":true,"valueName":"search_term_string"}}],"inLanguage":"lv-LV"},{"@type":"Organization","@id":"https:\/\/fashiongold.lt\/lv\/#organization","name":"Topdiamonds Online","url":"https:\/\/fashiongold.lt\/lv\/","logo":{"@type":"ImageObject","inLanguage":"lv-LV","@id":"https:\/\/fashiongold.lt\/lv\/#\/schema\/logo\/image\/","url":"https:\/\/fashiongold.lt\/wp-content\/uploads\/2025\/04\/cropped-fashion_gold_logotipas2-scaled-1.png","contentUrl":"https:\/\/fashiongold.lt\/wp-content\/uploads\/2025\/04\/cropped-fashion_gold_logotipas2-scaled-1.png","width":2559,"height":421,"caption":"Topdiamonds Online"},"image":{"@id":"https:\/\/fashiongold.lt\/lv\/#\/schema\/logo\/image\/"}}]}},"_links":{"self":[{"href":"https:\/\/fashiongold.lt\/lv\/wp-json\/wp\/v2\/product\/283492","targetHints":{"allow":["GET"]}}],"collection":[{"href":"https:\/\/fashiongold.lt\/lv\/wp-json\/wp\/v2\/product"}],"about":[{"href":"https:\/\/fashiongold.lt\/lv\/wp-json\/wp\/v2\/types\/product"}],"version-history":[{"count":0,"href":"https:\/\/fashiongold.lt\/lv\/wp-json\/wp\/v2\/product\/283492\/revisions"}],"wp:featuredmedia":[{"embeddable":true,"href":"https:\/\/fashiongold.lt\/lv\/wp-json\/wp\/v2\/media\/222341"}],"wp:attachment":[{"href":"https:\/\/fashiongold.lt\/lv\/wp-json\/wp\/v2\/media?parent=283492"}],"wp:term":[{"taxonomy":"product_brand","embeddable":true,"href":"https:\/\/fashiongold.lt\/lv\/wp-json\/wp\/v2\/product_brand?post=283492"},{"taxonomy":"product_cat","embeddable":true,"href":"https:\/\/fashiongold.lt\/lv\/wp-json\/wp\/v2\/product_cat?post=283492"},{"taxonomy":"product_tag","embeddable":true,"href":"https:\/\/fashiongold.lt\/lv\/wp-json\/wp\/v2\/product_tag?post=283492"}],"curies":[{"name":"wp","href":"https:\/\/api.w.org\/{rel}","templated":true}]}}