{"id":283502,"date":"2025-10-17T13:38:56","date_gmt":"2025-10-17T13:38:56","guid":{"rendered":"https:\/\/fashiongold.lt\/papuosalas\/valcambi-100-g-investiciju-zelta-stienis\/"},"modified":"2025-10-17T13:38:56","modified_gmt":"2025-10-17T13:38:56","slug":"valcambi-100-g-investiciju-zelta-stienis","status":"publish","type":"product","link":"https:\/\/fashiongold.lt\/lv\/papuosalas\/valcambi-100-g-investiciju-zelta-stienis\/","title":{"rendered":"Valcambi 100 g invest\u012bciju zelta stienis"},"content":{"rendered":"<h2><span style=\"font-size: 11px;\">Zelta stie\u0146a tehnisk\u0101s specifik\u0101cijas<\/span><\/h2>\n<ul>\n<li><strong>Met\u0101ls<\/strong> &#8211; Zelts<\/li>\n<li><strong>Prove<\/strong> &#8211; 999.9<\/li>\n<li><strong>Neto svars<\/strong> &#8211; 100.00 g<\/li>\n<li><strong>Bruto svars<\/strong> &#8211; 100 g<\/li>\n<li><strong>Izm\u0113ri<\/strong> &#8211; 27 x 47 x 4 mm<\/li>\n<li><strong>Izcelsmes valsts<\/strong> &#8211; \u0160veice<\/li>\n<li><strong>Ra\u017eot\u0101js<\/strong> &#8211; Valcambi<\/li>\n<li><strong>S\u0113rijas numurs<\/strong> &#8211; 100 g GOLD 999.9 AA******<\/li>\n<\/ul>\n<p><span style=\"background-color: transparent; font-family: Everett; font-size: 14px; letter-spacing: 0.1px;\">\u0160\u012b zelta stie\u0146a priek\u0161pus\u0113 &#8211; avers\u0101 ir iespiests uzraksts &#8220;Valcambi Suisse&#8221;, bet aizmugur\u0113 &#8211; revers\u0101 &#8211; stie\u0146a tehniskie dati un Valcambi logotips. Visi Fashiongold.lt pied\u0101v\u0101tie stie\u0146i tiek pieg\u0101d\u0101ti speci\u0101l\u0101 PVC iepakojum\u0101, kas ir ra\u017eot\u0101ja autentisks sertifik\u0101ts. Katr\u0101 iepakojum\u0101 eso\u0161ais unik\u0101lais sertifik\u0101ta numurs piln\u012bb\u0101 atbilst uz stie\u0146a iegrav\u0113tajam s\u0113rijas numuram.<\/span><\/p>\n<div class=\"detail_item key_custom_manufacturers\" style=\"margin: 0px 0px 3px; padding: 0px; border-width: 0px; border-image: initial; background: #ffffff; box-sizing: border-box; image-rendering: -webkit-optimize-contrast; float: left; width: 1030px; line-height: initial; font-family: Everett; font-size: 14px; letter-spacing: 0.1px; border-color: initial initial #f4f3f3 initial; border-style: initial initial solid initial;\">\n<div class=\"right\" style=\"margin: 0px; padding: 0px 0px 0px 15px; border: 0px; background: transparent; box-sizing: border-box; image-rendering: -webkit-optimize-contrast; float: left; width: calc(100% - 185px);\">\n<div class=\"pointer-events-none h-px w-px\" aria-hidden=\"true\" data-edge=\"true\"><\/div>\n<\/div>\n<\/div>\n<h2>Valcambi \u2013 \u0160veices zelta stie\u0146u l\u012bderis<\/h2>\n<p><strong>Valcambi Suisse<\/strong> \u2013 viens no pasaules vado\u0161ajiem invest\u012bciju zelta stie\u0146u ra\u017eot\u0101jiem, kas dibin\u0101ts 1961. gad\u0101. \u0160is uz\u0146\u0113mums ir slavens ar stingriem ra\u017eo\u0161anas standartiem un <strong>LBMA<\/strong> (London Bullion Market Association) akredit\u0101ciju. <strong>Valcambi stie\u0146i<\/strong> izce\u013cas ar:<\/p>\n<ul>\n<li><strong>Prove 999.9<\/strong> \u2013 99,99% t\u012brs zelts<\/li>\n<li><strong>Unik\u0101li s\u0113rijas numuri<\/strong> \u2013 katram stienim ir savs identifikators<\/li>\n<li><strong>Herm\u0113tisks iepakojums<\/strong> \u2013 sertifik\u0101ts un aizsardz\u012bba pret boj\u0101jumiem<\/li>\n<li><strong>Starptautiska atz\u012b\u0161ana<\/strong> \u2013 viegli pirkt un p\u0101rdot vis\u0101 pasaul\u0113.<\/li>\n<\/ul>\n<p>Turkl\u0101t Valcambi stie\u0146i bie\u017ei tiek mar\u0137\u0113ti ar\u012b ar ang\u013cu valodas apz\u012bm\u0113jumu &#8220;Green Gold&#8221;, uzsverot \u0161veicie\u0161u izcelsmi un starptautisko atzin\u012bbu.<\/p>\n<h2 data-pm-slice=\"1 1 []\"><strong>100 g Invest\u012bciju zelta stienis<\/strong><\/h2>\n<p>500 g zelta stie\u0146i ir iecien\u012bti pieredz\u0113ju\u0161u investoru vid\u016b. \u0160is svars nodro\u0161ina pietiekamu v\u0113rt\u012bbu invest\u012bciju zelta stienim, ta\u010du tas joproj\u0101m ir \u0113rts uzglab\u0101\u0161anai. 100 g stienis izce\u013cas ar:<\/p>\n<ul>\n<li><strong>Izdev\u012bga vien\u012bbas cena<\/strong> \u2013 laba zelta cenas attiec\u012bba pret gramu<\/li>\n<li><strong>Augsta likvidit\u0101te<\/strong> \u2013 viegli realiz\u0113t viet\u0113jos zelta veikalos vai starptautiskaj\u0101s bir\u017e\u0101s.<\/li>\n<\/ul>\n<hr \/>\n<p>Invest\u012bciju zelts jau sen tiek uzskat\u012bts par vienu no dro\u0161\u0101kajiem un uzticam\u0101kajiem veidiem, k\u0101 aizsarg\u0101t un palielin\u0101t savu kapit\u0101lu. Invest\u012bciju zelts ir viens no popul\u0101r\u0101kajiem met\u0101lu invest\u0113\u0161anas veidiem, uzsverot met\u0101lu noz\u012bmi invest\u012bciju portfel\u012b. <a href=\"http:\/\/FashionGold.lt\" target=\"_blank\" rel=\"noopener noreferrer\">FashionGold.lt<\/a> pied\u0101v\u0101 ra\u017eot\u0101ja Valcambi invest\u012bciju zelta stie\u0146us \u2013 vienus no lab\u0101kajiem tirg\u016b. \u0160aj\u0101 aprakst\u0101 j\u016bs iepaz\u012bsieties ar 100 g invest\u012bciju zelta stieni, t\u0101 \u012bpa\u0161\u012bb\u0101m, zelta stie\u0146a cenu, zelta pirk\u0161anu <a href=\"http:\/\/FashionGold.lt\" target=\"_blank\" rel=\"noopener noreferrer\">FashionGold.lt<\/a> un to, k\u0101p\u0113c invest\u012bciju zelts ir j\u016bsu uzman\u012bbas v\u0113rts.<\/p>\n<h2>Kas ir invest\u012bciju zelta stienis?<\/h2>\n<p>Invest\u012bciju zelta stienis \u2013 tas ir vienveid\u012bgs, tikai no \u012bsta augstas 999.9 proves zelta izgatavots met\u0101ls, kas iepakots t\u0101, lai saglab\u0101tu savu t\u012br\u012bbu un autentiskumu. Zelta stie\u0146i ir paredz\u0113ti v\u0113rt\u012bbas saglab\u0101\u0161anai un invest\u0113\u0161anai, nevis rotaslietu izgatavo\u0161anai. Valcambi 500 g stien\u012btis \u2013 lielisks piem\u0113rs, kur invest\u012bciju zelta cena un kvalit\u0101te saskan ar eleganci un funkcionalit\u0101ti.<\/p>\n<h2>Zelta stie\u0146u veidi<\/h2>\n<p>Zelta stie\u0146i ir viena no popul\u0101r\u0101kaj\u0101m invest\u012bciju zelta izv\u0113l\u0113m, pied\u0101v\u0101jot pla\u0161u izm\u0113ru un formu spektru. Visi invest\u012bciju zelta stie\u0146i tiek ra\u017eoti no augst\u0101k\u0101s 999.9 proves zelta, t\u0101p\u0113c tiek nodro\u0161in\u0101ta to kvalit\u0101te un t\u012br\u012bba. Starp paz\u012bstam\u0101kajiem ra\u017eot\u0101jiem izce\u013cas PAMP un Valcambi \u2013 \u0161ie z\u012bmoli tiek nov\u0113rt\u0113ti vis\u0101 pasaul\u0113 to uzticam\u012bbas, inovat\u012bvo ra\u017eo\u0161anas tehnolo\u0123iju un pla\u0161\u0101 sortimenta d\u0113\u013c.<\/p>\n<p>Zelta stie\u0146u izv\u0113le ir \u013coti pla\u0161a: var izv\u0113l\u0113ties no maziem, tikai 1 grama, l\u012bdz liel\u0101kiem \u2013 pat 100 gramiem vai vair\u0101k. Tas \u013cauj ikvienam investoram atrast optim\u0101lo variantu atbilsto\u0161i sav\u0101m vajadz\u012bb\u0101m un iesp\u0113j\u0101m. Ies\u0101c\u0113ji bie\u017ei izv\u0113las maz\u0101kus stie\u0146us, savuk\u0101rt pieredz\u0113ju\u0161i investori \u2013 liel\u0101kus, lai efekt\u012bv\u0101k diversific\u0113tu savu portfeli.<\/p>\n<h2>Cenu tendences un invest\u012bciju zelta cena<\/h2>\n<p>Sekot l\u012bdzi invest\u012bciju zelta cen\u0101m ir \u013coti svar\u012bgi. Zelta stie\u0146a cena ir atkar\u012bga no:<\/p>\n<ul>\n<li>Pasaules zelta cenas bir\u017e\u0101<\/li>\n<li>Eiro val\u016btas kursa<\/li>\n<li>Makroekonomiskajiem faktoriem (infl\u0101cija, \u0123eopolitika)<\/li>\n<li>Ra\u017eot\u0101ja mar\u017eas un sertifik\u0101cijas izmaks\u0101m.<\/li>\n<\/ul>\n<p>T\u0101 k\u0101 zelta cenas past\u0101v\u012bgi main\u0101s, ir svar\u012bgi sekot l\u012bdzi tirgus tendenc\u0113m un cenu prognoz\u0113m l\u012bdz 2025. gadam.<\/p>\n<p><a href=\"http:\/\/FashionGold.lt\" target=\"_blank\" rel=\"noopener noreferrer\">FashionGold.lt<\/a> katru dienu atjaunina zelta stie\u0146u cenas, t\u0101p\u0113c varat b\u016bt p\u0101rliecin\u0101ti, ka zelta stie\u0146a cena ir nor\u0101d\u012bta prec\u012bzi un aktu\u0101li. T\u0101pat tiek pl\u0101nots atjaunin\u0101t cenas ar\u012b 2025. gad\u0101, lai nodro\u0161in\u0101tu aktu\u0101lu inform\u0101ciju klientiem. \u0160obr\u012bd 100 g invest\u012bciju zelta stie\u0146a cena sv\u0101rst\u0101s ap 9555\u2013 9590 EUR, atkar\u012bb\u0101 no tirgus izmai\u0146\u0101m.<\/p>\n<h2>K\u0101p\u0113c invest\u0113t zelt\u0101?<\/h2>\n<p>Invest\u012bciju zeltam ir vair\u0101kas b\u016btiskas priek\u0161roc\u012bbas:<\/p>\n<ol>\n<li>V\u0113rt\u012bbas aizsardz\u012bba \u2013 invest\u012bciju zelts pasarg\u0101 kapit\u0101lu no infl\u0101cijas.<\/li>\n<li>Diversifik\u0101cija \u2013 pievienojot zeltu portfelim, samazin\u0101s kop\u0113jais portfe\u013ca risks.<\/li>\n<li>Likvidit\u0101te \u2013 invest\u012bciju zelta stie\u0146i ir viegli realiz\u0113jami jebkur\u0101 pasaules centr\u0101.<\/li>\n<li>Atbr\u012bvots no PVN \u2013 invest\u012bciju zelta stienim netiek piem\u0113rots PVN, kas palielina atdevi.<\/li>\n<\/ol>\n<hr \/>\n<h2>Zelta pirk\u0161ana <a href=\"http:\/\/FashionGold.lt\" target=\"_blank\" rel=\"noopener noreferrer\">FashionGold.lt<\/a><\/h2>\n<p><strong>Zelta pirk\u0161ana<\/strong> pie mums:<\/p>\n<ul>\n<li><strong>Pas\u016bt\u012b\u0161ana internet\u0101<\/strong> \u2013 ar da\u017eiem klik\u0161\u0137iem izv\u0113lieties <strong>Valcambi 100 g stieni<\/strong> un veiciet pas\u016bt\u012bjumu.<\/li>\n<li><strong>\u0100tra pieg\u0101de<\/strong> \u2013 1\u20132 darba dienu laik\u0101 sa\u0146\u0113m\u0113js sa\u0146em ori\u0123in\u0101lu, sertific\u0113tu iepakojumu.<\/li>\n<li><strong>Dro\u0161a apmaksa<\/strong> \u2013 iesp\u0113jami maks\u0101jumi ar bankas p\u0101rskait\u012bjumu, kart\u0113m vai caur Paysera.<\/li>\n<li><strong>Garantija<\/strong> \u2013 katram <strong>invest\u012bciju zelta stienim<\/strong> ir LBMA akredit\u0101cija un autentiskuma sertifik\u0101ts.<\/li>\n<\/ul>\n<hr \/>\n<h2>D\u0101vanu idejas ar zeltu<\/h2>\n<p><strong>Zelta stie\u0146i<\/strong> \u2013 ekskluz\u012bva d\u0101vana:<\/p>\n<ul>\n<li><strong>Jubileja<\/strong> \u2013 20 g invest\u012bciju zelta stienis simboliz\u0113 d\u0101rgas gadu jubilejas.<\/li>\n<li><strong>Krist\u012bbas<\/strong> \u2013 neliels <strong>1 g stien\u012btis<\/strong> atg\u0101din\u0101s par dz\u012bves s\u0101kumu un ilgtermi\u0146a v\u0113rt\u012bbu.<\/li>\n<li><strong>Biznesa partneri<\/strong> \u2013 presti\u017ea d\u0101vana, kas pal\u012bdz veidot cie\u0161as attiec\u012bbas.<\/li>\n<li><strong>K\u0101zas<\/strong> \u2013 <strong>Valcambi stie\u0146us<\/strong> var pasniegt kop\u0101 ar pateic\u012bbas v\u0113stuli.<\/li>\n<\/ul>\n<hr \/>\n<h2>K\u0101 uzglab\u0101t un sarg\u0101t zelta stie\u0146us?<\/h2>\n<p>Pareiza uzglab\u0101\u0161ana nodro\u0161ina invest\u012bciju dro\u0161\u012bbu:<\/p>\n<ul>\n<li><strong>Seifs<\/strong> \u2013 lab\u0101k\u0101 izv\u0113le m\u0101j\u0101s.<\/li>\n<li><strong>Bankas glab\u0101tuve<\/strong> \u2013 augst\u0101kais dro\u0161\u012bbas l\u012bmenis.<\/li>\n<li><strong>Ori\u0123in\u0101lais iepakojums<\/strong> \u2013 herm\u0113tiski nosl\u0113gtais sertifik\u0101ts pasarg\u0101 no boj\u0101jumiem.<\/li>\n<\/ul>\n<hr \/>\n<h2>Invest\u012bciju zelta stie\u0146i pret mon\u0113t\u0101m<\/h2>\n<p>Da\u017e\u0101da <strong>zelta pirk\u0161ana<\/strong> var ietvert <strong>zelta mon\u0113tas<\/strong>. At\u0161\u0137ir\u012bbas:<\/p>\n<ul>\n<li><strong>Stie\u0146i<\/strong> \u2013 ide\u0101li piem\u0113roti t\u012bra zelta daudzumam: <strong>Valcambi 100 g<\/strong>.<\/li>\n<li><strong>Mon\u0113tas<\/strong> \u2013 piem\u012bt ar\u012b kolekcijas v\u0113rt\u012bba, ta\u010du vien\u012bbas <strong>invest\u012bciju zelta cena<\/strong> bie\u017ei ir augst\u0101ka tirgus piepras\u012bjuma d\u0113\u013c.<\/li>\n<\/ul>\n","protected":false},"excerpt":{"rendered":"<h2>100 g zelta stienis \u2013 tas ir premium segments.<\/h2>\n<p data-pm-slice=\"1 1 []\">100 g stie\u0146i \u2013 bie\u017ei tiek ieg\u0101d\u0101ti lieliem investoriem vai k\u0101 d\u0101vana noz\u012bm\u012bgam notikumam. Viena stie\u0146a cena un unik\u0101ls sertifik\u0101ts padara to par lielisku invest\u012bciju instrumentu.<\/p>\n","protected":false},"featured_media":232510,"template":"","meta":{"site-sidebar-layout":"default","site-content-layout":"","ast-site-content-layout":"default","site-content-style":"default","site-sidebar-style":"default","ast-global-header-display":"","ast-banner-title-visibility":"","ast-main-header-display":"","ast-hfb-above-header-display":"","ast-hfb-below-header-display":"","ast-hfb-mobile-header-display":"","site-post-title":"","ast-breadcrumbs-content":"","ast-featured-img":"","footer-sml-layout":"","ast-disable-related-posts":"","theme-transparent-header-meta":"default","adv-header-id-meta":"","stick-header-meta":"","header-above-stick-meta":"","header-main-stick-meta":"","header-below-stick-meta":"","astra-migrate-meta-layouts":"default","ast-page-background-enabled":"default","ast-page-background-meta":{"desktop":{"background-color":"var(--ast-global-color-4)","background-image":"","background-repeat":"repeat","background-position":"center center","background-size":"auto","background-attachment":"scroll","background-type":"","background-media":"","overlay-type":"","overlay-color":"","overlay-opacity":"","overlay-gradient":""},"tablet":{"background-color":"","background-image":"","background-repeat":"repeat","background-position":"center center","background-size":"auto","background-attachment":"scroll","background-type":"","background-media":"","overlay-type":"","overlay-color":"","overlay-opacity":"","overlay-gradient":""},"mobile":{"background-color":"","background-image":"","background-repeat":"repeat","background-position":"center center","background-size":"auto","background-attachment":"scroll","background-type":"","background-media":"","overlay-type":"","overlay-color":"","overlay-opacity":"","overlay-gradient":""}},"ast-content-background-meta":{"desktop":{"background-color":"var(--ast-global-color-5)","background-image":"","background-repeat":"repeat","background-position":"center center","background-size":"auto","background-attachment":"scroll","background-type":"","background-media":"","overlay-type":"","overlay-color":"","overlay-opacity":"","overlay-gradient":""},"tablet":{"background-color":"var(--ast-global-color-5)","background-image":"","background-repeat":"repeat","background-position":"center center","background-size":"auto","background-attachment":"scroll","background-type":"","background-media":"","overlay-type":"","overlay-color":"","overlay-opacity":"","overlay-gradient":""},"mobile":{"background-color":"var(--ast-global-color-5)","background-image":"","background-repeat":"repeat","background-position":"center center","background-size":"auto","background-attachment":"scroll","background-type":"","background-media":"","overlay-type":"","overlay-color":"","overlay-opacity":"","overlay-gradient":""}}},"product_brand":[],"product_cat":[3406,2915,2913,2921,2920,3403,2916,2914,2917,3852,3401,2922,3499,2936,3851,2918],"product_tag":[],"class_list":{"0":"post-283502","1":"product","2":"type-product","3":"status-publish","4":"has-post-thumbnail","6":"product_cat-davana-pirmaja-komunija","7":"product_cat-davanas-berna-piedzimsanai","8":"product_cat-davanas-dzimsanas-diena","9":"product_cat-davanas-ipasiem-gadijumiem","10":"product_cat-davanas-izlaidumam","11":"product_cat-davanas-kazam","12":"product_cat-davanas-kazu-gadadiena","13":"product_cat-davanas-sievietem","14":"product_cat-davanas-viriesiem","15":"product_cat-investiciju-zelts","16":"product_cat-kristibu-davanas","17":"product_cat-mates-dienas-davanas","18":"product_cat-roza-kazas-10-gadi","19":"product_cat-valentindienas-davanas","20":"product_cat-zelta-stieni","21":"product_cat-ziemassvetku-davanas","22":"desktop-align-center","23":"tablet-align-left","24":"mobile-align-left","25":"ast-product-gallery-layout-horizontal-slider","26":"ast-product-tabs-layout-accordion","27":"ast-qv-on-image","29":"first","30":"instock","31":"taxable","32":"shipping-taxable","33":"purchasable","34":"product-type-simple"},"yoast_head":"<!-- This site is optimized with the Yoast SEO plugin v26.6 - https:\/\/yoast.com\/wordpress\/plugins\/seo\/ -->\n<title>Valcambi 100 g invest\u012bciju zelta stienis - FashionGold.lt<\/title>\n<meta name=\"description\" content=\"Valcambi 100 g invest\u012bciju zelta stienis \u2013 dro\u0161a, uzticama un likv\u012bda invest\u012bcija. Sertific\u0113ts, t\u012brs zelts par pievilc\u012bgu cenu.\" \/>\n<meta name=\"robots\" content=\"index, follow, max-snippet:-1, max-image-preview:large, max-video-preview:-1\" \/>\n<link rel=\"canonical\" href=\"https:\/\/fashiongold.lt\/lv\/papuosalas\/valcambi-100-g-investiciju-zelta-stienis\/\" \/>\n<meta property=\"og:locale\" content=\"lv_LV\" \/>\n<meta property=\"og:type\" content=\"article\" \/>\n<meta property=\"og:title\" content=\"Valcambi 100 g invest\u012bciju zelta stienis - FashionGold.lt\" \/>\n<meta property=\"og:description\" content=\"Valcambi 100 g invest\u012bciju zelta stienis \u2013 dro\u0161a, uzticama un likv\u012bda invest\u012bcija. Sertific\u0113ts, t\u012brs zelts par pievilc\u012bgu cenu.\" \/>\n<meta property=\"og:url\" content=\"https:\/\/fashiongold.lt\/lv\/papuosalas\/valcambi-100-g-investiciju-zelta-stienis\/\" \/>\n<meta property=\"og:site_name\" content=\"FashionGold.lt\" \/>\n<meta property=\"og:image\" content=\"https:\/\/fashiongold.lt\/wp-content\/uploads\/2025\/10\/26116-582-Valcambi-100-g-Investicinio-Aukso-Luitas-1.webp\" \/>\n\t<meta property=\"og:image:width\" content=\"1000\" \/>\n\t<meta property=\"og:image:height\" content=\"1000\" \/>\n\t<meta property=\"og:image:type\" content=\"image\/png\" \/>\n<meta name=\"twitter:card\" content=\"summary_large_image\" \/>\n<meta name=\"twitter:label1\" content=\"Est. reading time\" \/>\n\t<meta name=\"twitter:data1\" content=\"6 minutes\" \/>\n<script type=\"application\/ld+json\" class=\"yoast-schema-graph\">{\"@context\":\"https:\/\/schema.org\",\"@graph\":[{\"@type\":\"WebPage\",\"@id\":\"https:\/\/fashiongold.lt\/lv\/papuosalas\/valcambi-100-g-investiciju-zelta-stienis\/\",\"url\":\"https:\/\/fashiongold.lt\/lv\/papuosalas\/valcambi-100-g-investiciju-zelta-stienis\/\",\"name\":\"Valcambi 100 g invest\u012bciju zelta stienis - FashionGold.lt\",\"isPartOf\":{\"@id\":\"https:\/\/fashiongold.lt\/lv\/#website\"},\"primaryImageOfPage\":{\"@id\":\"https:\/\/fashiongold.lt\/lv\/papuosalas\/valcambi-100-g-investiciju-zelta-stienis\/#primaryimage\"},\"image\":{\"@id\":\"https:\/\/fashiongold.lt\/lv\/papuosalas\/valcambi-100-g-investiciju-zelta-stienis\/#primaryimage\"},\"thumbnailUrl\":\"https:\/\/fashiongold.lt\/wp-content\/uploads\/2025\/10\/26116-582-Valcambi-100-g-Investicinio-Aukso-Luitas-1.png\",\"datePublished\":\"2025-10-17T13:38:56+00:00\",\"description\":\"Valcambi 100 g invest\u012bciju zelta stienis \u2013 dro\u0161a, uzticama un likv\u012bda invest\u012bcija. Sertific\u0113ts, t\u012brs zelts par pievilc\u012bgu cenu.\",\"breadcrumb\":{\"@id\":\"https:\/\/fashiongold.lt\/lv\/papuosalas\/valcambi-100-g-investiciju-zelta-stienis\/#breadcrumb\"},\"inLanguage\":\"lv-LV\",\"potentialAction\":[{\"@type\":\"ReadAction\",\"target\":[\"https:\/\/fashiongold.lt\/lv\/papuosalas\/valcambi-100-g-investiciju-zelta-stienis\/\"]}]},{\"@type\":\"ImageObject\",\"inLanguage\":\"lv-LV\",\"@id\":\"https:\/\/fashiongold.lt\/lv\/papuosalas\/valcambi-100-g-investiciju-zelta-stienis\/#primaryimage\",\"url\":\"https:\/\/fashiongold.lt\/wp-content\/uploads\/2025\/10\/26116-582-Valcambi-100-g-Investicinio-Aukso-Luitas-1.png\",\"contentUrl\":\"https:\/\/fashiongold.lt\/wp-content\/uploads\/2025\/10\/26116-582-Valcambi-100-g-Investicinio-Aukso-Luitas-1.png\",\"width\":1000,\"height\":1000},{\"@type\":\"BreadcrumbList\",\"@id\":\"https:\/\/fashiongold.lt\/lv\/papuosalas\/valcambi-100-g-investiciju-zelta-stienis\/#breadcrumb\",\"itemListElement\":[{\"@type\":\"ListItem\",\"position\":1,\"name\":\"Home\",\"item\":\"https:\/\/fashiongold.lt\/lv\/\"},{\"@type\":\"ListItem\",\"position\":2,\"name\":\"Dimantu veikals Fashiongold.lt\",\"item\":\"https:\/\/fashiongold.lt\/shop-2\/\"},{\"@type\":\"ListItem\",\"position\":3,\"name\":\"Valcambi 100 g invest\u012bciju zelta stienis\"}]},{\"@type\":\"WebSite\",\"@id\":\"https:\/\/fashiongold.lt\/lv\/#website\",\"url\":\"https:\/\/fashiongold.lt\/lv\/\",\"name\":\"Fashion Gold\",\"description\":\"Juvelyrikos namai\",\"publisher\":{\"@id\":\"https:\/\/fashiongold.lt\/lv\/#organization\"},\"potentialAction\":[{\"@type\":\"SearchAction\",\"target\":{\"@type\":\"EntryPoint\",\"urlTemplate\":\"https:\/\/fashiongold.lt\/lv\/?s={search_term_string}\"},\"query-input\":{\"@type\":\"PropertyValueSpecification\",\"valueRequired\":true,\"valueName\":\"search_term_string\"}}],\"inLanguage\":\"lv-LV\"},{\"@type\":\"Organization\",\"@id\":\"https:\/\/fashiongold.lt\/lv\/#organization\",\"name\":\"Topdiamonds Online\",\"url\":\"https:\/\/fashiongold.lt\/lv\/\",\"logo\":{\"@type\":\"ImageObject\",\"inLanguage\":\"lv-LV\",\"@id\":\"https:\/\/fashiongold.lt\/lv\/#\/schema\/logo\/image\/\",\"url\":\"https:\/\/fashiongold.lt\/wp-content\/uploads\/2025\/04\/cropped-fashion_gold_logotipas2-scaled-1.png\",\"contentUrl\":\"https:\/\/fashiongold.lt\/wp-content\/uploads\/2025\/04\/cropped-fashion_gold_logotipas2-scaled-1.png\",\"width\":2559,\"height\":421,\"caption\":\"Topdiamonds Online\"},\"image\":{\"@id\":\"https:\/\/fashiongold.lt\/lv\/#\/schema\/logo\/image\/\"}}]}<\/script>\n<!-- \/ Yoast SEO plugin. -->","yoast_head_json":{"title":"Valcambi 100 g invest\u012bciju zelta stienis - FashionGold.lt","description":"Valcambi 100 g invest\u012bciju zelta stienis \u2013 dro\u0161a, uzticama un likv\u012bda invest\u012bcija. Sertific\u0113ts, t\u012brs zelts par pievilc\u012bgu cenu.","robots":{"index":"index","follow":"follow","max-snippet":"max-snippet:-1","max-image-preview":"max-image-preview:large","max-video-preview":"max-video-preview:-1"},"canonical":"https:\/\/fashiongold.lt\/lv\/papuosalas\/valcambi-100-g-investiciju-zelta-stienis\/","og_locale":"lv_LV","og_type":"article","og_title":"Valcambi 100 g invest\u012bciju zelta stienis - FashionGold.lt","og_description":"Valcambi 100 g invest\u012bciju zelta stienis \u2013 dro\u0161a, uzticama un likv\u012bda invest\u012bcija. Sertific\u0113ts, t\u012brs zelts par pievilc\u012bgu cenu.","og_url":"https:\/\/fashiongold.lt\/lv\/papuosalas\/valcambi-100-g-investiciju-zelta-stienis\/","og_site_name":"FashionGold.lt","og_image":[{"width":1000,"height":1000,"url":"https:\/\/fashiongold.lt\/wp-content\/uploads\/2025\/10\/26116-582-Valcambi-100-g-Investicinio-Aukso-Luitas-1.webp","type":"image\/png"}],"twitter_card":"summary_large_image","twitter_misc":{"Est. reading time":"6 minutes"},"schema":{"@context":"https:\/\/schema.org","@graph":[{"@type":"WebPage","@id":"https:\/\/fashiongold.lt\/lv\/papuosalas\/valcambi-100-g-investiciju-zelta-stienis\/","url":"https:\/\/fashiongold.lt\/lv\/papuosalas\/valcambi-100-g-investiciju-zelta-stienis\/","name":"Valcambi 100 g invest\u012bciju zelta stienis - FashionGold.lt","isPartOf":{"@id":"https:\/\/fashiongold.lt\/lv\/#website"},"primaryImageOfPage":{"@id":"https:\/\/fashiongold.lt\/lv\/papuosalas\/valcambi-100-g-investiciju-zelta-stienis\/#primaryimage"},"image":{"@id":"https:\/\/fashiongold.lt\/lv\/papuosalas\/valcambi-100-g-investiciju-zelta-stienis\/#primaryimage"},"thumbnailUrl":"https:\/\/fashiongold.lt\/wp-content\/uploads\/2025\/10\/26116-582-Valcambi-100-g-Investicinio-Aukso-Luitas-1.png","datePublished":"2025-10-17T13:38:56+00:00","description":"Valcambi 100 g invest\u012bciju zelta stienis \u2013 dro\u0161a, uzticama un likv\u012bda invest\u012bcija. Sertific\u0113ts, t\u012brs zelts par pievilc\u012bgu cenu.","breadcrumb":{"@id":"https:\/\/fashiongold.lt\/lv\/papuosalas\/valcambi-100-g-investiciju-zelta-stienis\/#breadcrumb"},"inLanguage":"lv-LV","potentialAction":[{"@type":"ReadAction","target":["https:\/\/fashiongold.lt\/lv\/papuosalas\/valcambi-100-g-investiciju-zelta-stienis\/"]}]},{"@type":"ImageObject","inLanguage":"lv-LV","@id":"https:\/\/fashiongold.lt\/lv\/papuosalas\/valcambi-100-g-investiciju-zelta-stienis\/#primaryimage","url":"https:\/\/fashiongold.lt\/wp-content\/uploads\/2025\/10\/26116-582-Valcambi-100-g-Investicinio-Aukso-Luitas-1.png","contentUrl":"https:\/\/fashiongold.lt\/wp-content\/uploads\/2025\/10\/26116-582-Valcambi-100-g-Investicinio-Aukso-Luitas-1.png","width":1000,"height":1000},{"@type":"BreadcrumbList","@id":"https:\/\/fashiongold.lt\/lv\/papuosalas\/valcambi-100-g-investiciju-zelta-stienis\/#breadcrumb","itemListElement":[{"@type":"ListItem","position":1,"name":"Home","item":"https:\/\/fashiongold.lt\/lv\/"},{"@type":"ListItem","position":2,"name":"Dimantu veikals Fashiongold.lt","item":"https:\/\/fashiongold.lt\/shop-2\/"},{"@type":"ListItem","position":3,"name":"Valcambi 100 g invest\u012bciju zelta stienis"}]},{"@type":"WebSite","@id":"https:\/\/fashiongold.lt\/lv\/#website","url":"https:\/\/fashiongold.lt\/lv\/","name":"Fashion Gold","description":"Juvelyrikos namai","publisher":{"@id":"https:\/\/fashiongold.lt\/lv\/#organization"},"potentialAction":[{"@type":"SearchAction","target":{"@type":"EntryPoint","urlTemplate":"https:\/\/fashiongold.lt\/lv\/?s={search_term_string}"},"query-input":{"@type":"PropertyValueSpecification","valueRequired":true,"valueName":"search_term_string"}}],"inLanguage":"lv-LV"},{"@type":"Organization","@id":"https:\/\/fashiongold.lt\/lv\/#organization","name":"Topdiamonds Online","url":"https:\/\/fashiongold.lt\/lv\/","logo":{"@type":"ImageObject","inLanguage":"lv-LV","@id":"https:\/\/fashiongold.lt\/lv\/#\/schema\/logo\/image\/","url":"https:\/\/fashiongold.lt\/wp-content\/uploads\/2025\/04\/cropped-fashion_gold_logotipas2-scaled-1.png","contentUrl":"https:\/\/fashiongold.lt\/wp-content\/uploads\/2025\/04\/cropped-fashion_gold_logotipas2-scaled-1.png","width":2559,"height":421,"caption":"Topdiamonds Online"},"image":{"@id":"https:\/\/fashiongold.lt\/lv\/#\/schema\/logo\/image\/"}}]}},"_links":{"self":[{"href":"https:\/\/fashiongold.lt\/lv\/wp-json\/wp\/v2\/product\/283502","targetHints":{"allow":["GET"]}}],"collection":[{"href":"https:\/\/fashiongold.lt\/lv\/wp-json\/wp\/v2\/product"}],"about":[{"href":"https:\/\/fashiongold.lt\/lv\/wp-json\/wp\/v2\/types\/product"}],"version-history":[{"count":0,"href":"https:\/\/fashiongold.lt\/lv\/wp-json\/wp\/v2\/product\/283502\/revisions"}],"wp:featuredmedia":[{"embeddable":true,"href":"https:\/\/fashiongold.lt\/lv\/wp-json\/wp\/v2\/media\/232510"}],"wp:attachment":[{"href":"https:\/\/fashiongold.lt\/lv\/wp-json\/wp\/v2\/media?parent=283502"}],"wp:term":[{"taxonomy":"product_brand","embeddable":true,"href":"https:\/\/fashiongold.lt\/lv\/wp-json\/wp\/v2\/product_brand?post=283502"},{"taxonomy":"product_cat","embeddable":true,"href":"https:\/\/fashiongold.lt\/lv\/wp-json\/wp\/v2\/product_cat?post=283502"},{"taxonomy":"product_tag","embeddable":true,"href":"https:\/\/fashiongold.lt\/lv\/wp-json\/wp\/v2\/product_tag?post=283502"}],"curies":[{"name":"wp","href":"https:\/\/api.w.org\/{rel}","templated":true}]}}