{"id":283577,"date":"2025-10-17T11:10:45","date_gmt":"2025-10-17T11:10:45","guid":{"rendered":"https:\/\/fashiongold.lt\/papuosalas\/dzeltena-zelta-auskari-ar-dimantiem-016-ct\/"},"modified":"2025-10-17T11:10:45","modified_gmt":"2025-10-17T11:10:45","slug":"dzeltena-zelta-auskari-ar-dimantiem-016-ct","status":"publish","type":"product","link":"https:\/\/fashiongold.lt\/lv\/papuosalas\/dzeltena-zelta-auskari-ar-dimantiem-016-ct\/","title":{"rendered":"Dzelten\u0101 zelta auskari ar dimantiem (0,16 ct)"},"content":{"rendered":"<h2>Auskari ar dimantiem no dzelten\u0101 zelta (0,16 ct) \u2013 silta mirdzuma un luksusa apvienojums.<\/h2>\n<h3>Dzelten\u0101 zelta mirdzums pie\u0161\u0137ir \u0161iem auskariem \u012bpa\u0161u siltumu, bet aplis, kas ier\u0101m\u0113 centr\u0101lo dimantu, simboliz\u0113 m\u016b\u017e\u012bbu un harmoniju. Klasisk\u0101 forma kop\u0101 ar mirdzo\u0161o akmeni rada izsmalcin\u0101tu est\u0113tiku, kur\u0101 apvienojas modernais minim\u0101lisms un laikam nepak\u013cauts luksuss.<\/h3>\n<p>Izgatavoti Lietuv\u0101, iev\u0113rojot augst\u0101kos juvelierizstr\u0101d\u0101jumu ra\u017eo\u0161anas standartus.<\/p>\n<p>\u2022 <a href=\"https:\/\/fashiongold.lt\/lv\/patarimai-lv\/zelta-prove-auskariem-ka-izveleties-kvalitativas-un-ilgmuzigas-rotaslietas\/\" target=\"_blank\" rel=\"noopener\"><strong>Auskaru met\u0101ls<\/strong><\/a>: 14K (585 prove);<\/p>\n<p>\u2022 <a href=\"https:\/\/fashiongold.lt\/lv\/patarimai-lv\/auskaru-zelta-krasa-baltais-sarkanais-un-dzeltenais-zelts-ar-dimantiem\/\" target=\"_blank\" rel=\"noopener\"><strong>Auskaru zelta kr\u0101sa<\/strong><\/a>: dzeltena;<\/p>\n<p>\u2022 <a href=\"https:\/\/fashiongold.lt\/lv\/patarimai-lv\/auskari-ar-dimantiem-idealas-proporcijas-ka-izveleties-idealos\/\" target=\"_blank\" rel=\"noopener\"><strong>Auskaru izm\u0113rs<\/strong><\/a>: 6 x 6 mm;<\/p>\n<p>\u2022 <strong><a href=\"https:\/\/fashiongold.lt\/auskaru-aukso-svoris\/\" target=\"_blank\" rel=\"noopener\">Auskaru zelta svars<\/a><\/strong>: 1,28 g;<\/p>\n<p>\u2022 <strong><a href=\"https:\/\/fashiongold.lt\/lv\/patarimai-lv\/dimants-dabigs-laboratorija-audzets-vai-maksligs-ka-izveleties-pareizi\/\" target=\"_blank\" rel=\"noopener\">Dimantu tips<\/a><\/strong>: Dab\u012bgie dimanti;<\/p>\n<p>\u2022 <strong><a href=\"https:\/\/fashiongold.lt\/lv\/patarimai-lv\/dimants-citas-dimanta-formas\/\" target=\"_blank\" rel=\"noopener\">Dimantu forma<\/a><\/strong>: Apa\u013cas formas (Round cut) dimanti;<\/p>\n<p>\u2022 <strong><a href=\"https:\/\/fashiongold.lt\/lv\/patarimai-lv\/dimants-ka-tiek-verteta-vertigaka-dargakmens-grezniba\/\" target=\"_blank\" rel=\"noopener\">Dimantu raksturojums<\/a><\/strong>: 0,16 ct (0,08 ct x 2) dimanti (kr\u0101sa W, dzidrums SI1-p1);<\/p>\n<p>\u2022 <strong><a href=\"https:\/\/fashiongold.lt\/lv\/patarimai-lv\/dimants-rubins-safirs-smaragds-dargakmenu-sertifikati\/\" target=\"_blank\" rel=\"noopener\">Sertifik\u0101ts<\/a><\/strong>: Lietuvas Prove\u0161anas pal\u0101ta (LPR) \u2013 AB359819;<\/p>\n<p>\u2022 <strong><a href=\"https:\/\/fashiongold.lt\/lv\/piegade-un-atgriesana\/\" target=\"_blank\" rel=\"noopener\">Pieg\u0101des termi\u0146\u0161<\/a><\/strong>: 1\u20134 d. d.<\/p>\n","protected":false},"excerpt":{"rendered":"<p data-start=\"673\" data-end=\"1164\">\u0160ie dzelten\u0101 zelta auskari ar dimantiem piesaista uzman\u012bbu ar savu gai\u0161o un silto \u0161armu. Prec\u012bzi iestr\u0101d\u0101tais centr\u0101lais dimants, ko ieskauj pul\u0113ta zelta aplis, k\u013c\u016bst par spilgtu akcentu, kas izce\u013c akmens mirdzumu. T\u0101 ir rotaslieta, kur\u0101 apvienota klasisk\u0101 simbolika un m\u016bsdien\u012bgs minim\u0101lisma dizains. Univers\u0101li un eleganti, \u0161ie auskari ir lieliski piem\u0113roti gan ikdienai, gan \u012bpa\u0161iem gad\u012bjumiem.<\/p>\n","protected":false},"featured_media":232085,"template":"","meta":{"site-sidebar-layout":"default","site-content-layout":"","ast-site-content-layout":"default","site-content-style":"default","site-sidebar-style":"default","ast-global-header-display":"","ast-banner-title-visibility":"","ast-main-header-display":"","ast-hfb-above-header-display":"","ast-hfb-below-header-display":"","ast-hfb-mobile-header-display":"","site-post-title":"","ast-breadcrumbs-content":"","ast-featured-img":"","footer-sml-layout":"","ast-disable-related-posts":"","theme-transparent-header-meta":"default","adv-header-id-meta":"","stick-header-meta":"","header-above-stick-meta":"","header-main-stick-meta":"","header-below-stick-meta":"","astra-migrate-meta-layouts":"default","ast-page-background-enabled":"default","ast-page-background-meta":{"desktop":{"background-color":"var(--ast-global-color-4)","background-image":"","background-repeat":"repeat","background-position":"center center","background-size":"auto","background-attachment":"scroll","background-type":"","background-media":"","overlay-type":"","overlay-color":"","overlay-opacity":"","overlay-gradient":""},"tablet":{"background-color":"","background-image":"","background-repeat":"repeat","background-position":"center center","background-size":"auto","background-attachment":"scroll","background-type":"","background-media":"","overlay-type":"","overlay-color":"","overlay-opacity":"","overlay-gradient":""},"mobile":{"background-color":"","background-image":"","background-repeat":"repeat","background-position":"center center","background-size":"auto","background-attachment":"scroll","background-type":"","background-media":"","overlay-type":"","overlay-color":"","overlay-opacity":"","overlay-gradient":""}},"ast-content-background-meta":{"desktop":{"background-color":"var(--ast-global-color-5)","background-image":"","background-repeat":"repeat","background-position":"center center","background-size":"auto","background-attachment":"scroll","background-type":"","background-media":"","overlay-type":"","overlay-color":"","overlay-opacity":"","overlay-gradient":""},"tablet":{"background-color":"var(--ast-global-color-5)","background-image":"","background-repeat":"repeat","background-position":"center center","background-size":"auto","background-attachment":"scroll","background-type":"","background-media":"","overlay-type":"","overlay-color":"","overlay-opacity":"","overlay-gradient":""},"mobile":{"background-color":"var(--ast-global-color-5)","background-image":"","background-repeat":"repeat","background-position":"center center","background-size":"auto","background-attachment":"scroll","background-type":"","background-media":"","overlay-type":"","overlay-color":"","overlay-opacity":"","overlay-gradient":""}}},"product_brand":[],"product_cat":[2978,3613],"product_tag":[],"class_list":{"0":"post-283577","1":"product","2":"type-product","3":"status-publish","4":"has-post-thumbnail","6":"product_cat-auskari-ar-dimantiem","7":"product_cat-dimantu-veikals-pieejami-uz-vietas","8":"desktop-align-center","9":"tablet-align-left","10":"mobile-align-left","11":"ast-product-gallery-layout-horizontal-slider","12":"ast-product-single-variable","13":"ast-product-tabs-layout-accordion","14":"ast-qv-on-image","16":"first","17":"instock","18":"taxable","19":"shipping-taxable","20":"purchasable","21":"product-type-variable"},"yoast_head":"<!-- This site is optimized with the Yoast SEO plugin v26.6 - https:\/\/yoast.com\/wordpress\/plugins\/seo\/ -->\n<title>Auskari ar dimantiem no dzelten\u0101 zelta (0,16 ct)<\/title>\n<meta name=\"description\" content=\"Auskari ar dimantiem no dzelten\u0101 zelta \u2013 ap\u013ca formas dizains, kas simboliz\u0113 m\u016b\u017e\u012bbu, eleganci un smalku mirdzumu.\" \/>\n<meta name=\"robots\" content=\"index, follow, max-snippet:-1, max-image-preview:large, max-video-preview:-1\" \/>\n<link rel=\"canonical\" href=\"https:\/\/fashiongold.lt\/lv\/papuosalas\/dzeltena-zelta-auskari-ar-dimantiem-016-ct\/\" \/>\n<meta property=\"og:locale\" content=\"lv_LV\" \/>\n<meta property=\"og:type\" content=\"article\" \/>\n<meta property=\"og:title\" content=\"Auskari ar dimantiem no dzelten\u0101 zelta (0,16 ct)\" \/>\n<meta property=\"og:description\" content=\"Auskari ar dimantiem no dzelten\u0101 zelta \u2013 ap\u013ca formas dizains, kas simboliz\u0113 m\u016b\u017e\u012bbu, eleganci un smalku mirdzumu.\" \/>\n<meta property=\"og:url\" content=\"https:\/\/fashiongold.lt\/lv\/papuosalas\/dzeltena-zelta-auskari-ar-dimantiem-016-ct\/\" \/>\n<meta property=\"og:site_name\" content=\"FashionGold.lt\" \/>\n<meta property=\"og:image\" content=\"https:\/\/fashiongold.lt\/wp-content\/uploads\/2025\/10\/081-GELTONO-aukso-auskarai-su-deimantais.webp\" \/>\n\t<meta property=\"og:image:width\" content=\"2000\" \/>\n\t<meta property=\"og:image:height\" content=\"2000\" \/>\n\t<meta property=\"og:image:type\" content=\"image\/jpeg\" \/>\n<meta name=\"twitter:card\" content=\"summary_large_image\" \/>\n<meta name=\"twitter:label1\" content=\"Est. reading time\" \/>\n\t<meta name=\"twitter:data1\" content=\"1 minute\" \/>\n<script type=\"application\/ld+json\" class=\"yoast-schema-graph\">{\"@context\":\"https:\/\/schema.org\",\"@graph\":[{\"@type\":\"WebPage\",\"@id\":\"https:\/\/fashiongold.lt\/lv\/papuosalas\/dzeltena-zelta-auskari-ar-dimantiem-016-ct\/\",\"url\":\"https:\/\/fashiongold.lt\/lv\/papuosalas\/dzeltena-zelta-auskari-ar-dimantiem-016-ct\/\",\"name\":\"Auskari ar dimantiem no dzelten\u0101 zelta (0,16 ct)\",\"isPartOf\":{\"@id\":\"https:\/\/fashiongold.lt\/lv\/#website\"},\"primaryImageOfPage\":{\"@id\":\"https:\/\/fashiongold.lt\/lv\/papuosalas\/dzeltena-zelta-auskari-ar-dimantiem-016-ct\/#primaryimage\"},\"image\":{\"@id\":\"https:\/\/fashiongold.lt\/lv\/papuosalas\/dzeltena-zelta-auskari-ar-dimantiem-016-ct\/#primaryimage\"},\"thumbnailUrl\":\"https:\/\/fashiongold.lt\/wp-content\/uploads\/2025\/10\/081-GELTONO-aukso-auskarai-su-deimantais.jpg\",\"datePublished\":\"2025-10-17T11:10:45+00:00\",\"description\":\"Auskari ar dimantiem no dzelten\u0101 zelta \u2013 ap\u013ca formas dizains, kas simboliz\u0113 m\u016b\u017e\u012bbu, eleganci un smalku mirdzumu.\",\"breadcrumb\":{\"@id\":\"https:\/\/fashiongold.lt\/lv\/papuosalas\/dzeltena-zelta-auskari-ar-dimantiem-016-ct\/#breadcrumb\"},\"inLanguage\":\"lv-LV\",\"potentialAction\":[{\"@type\":\"ReadAction\",\"target\":[\"https:\/\/fashiongold.lt\/lv\/papuosalas\/dzeltena-zelta-auskari-ar-dimantiem-016-ct\/\"]}]},{\"@type\":\"ImageObject\",\"inLanguage\":\"lv-LV\",\"@id\":\"https:\/\/fashiongold.lt\/lv\/papuosalas\/dzeltena-zelta-auskari-ar-dimantiem-016-ct\/#primaryimage\",\"url\":\"https:\/\/fashiongold.lt\/wp-content\/uploads\/2025\/10\/081-GELTONO-aukso-auskarai-su-deimantais.jpg\",\"contentUrl\":\"https:\/\/fashiongold.lt\/wp-content\/uploads\/2025\/10\/081-GELTONO-aukso-auskarai-su-deimantais.jpg\",\"width\":2000,\"height\":2000},{\"@type\":\"BreadcrumbList\",\"@id\":\"https:\/\/fashiongold.lt\/lv\/papuosalas\/dzeltena-zelta-auskari-ar-dimantiem-016-ct\/#breadcrumb\",\"itemListElement\":[{\"@type\":\"ListItem\",\"position\":1,\"name\":\"Home\",\"item\":\"https:\/\/fashiongold.lt\/lv\/\"},{\"@type\":\"ListItem\",\"position\":2,\"name\":\"Dimantu veikals Fashiongold.lt\",\"item\":\"https:\/\/fashiongold.lt\/shop-2\/\"},{\"@type\":\"ListItem\",\"position\":3,\"name\":\"Dzelten\u0101 zelta auskari ar dimantiem (0,16 ct)\"}]},{\"@type\":\"WebSite\",\"@id\":\"https:\/\/fashiongold.lt\/lv\/#website\",\"url\":\"https:\/\/fashiongold.lt\/lv\/\",\"name\":\"Fashion Gold\",\"description\":\"Juvelyrikos namai\",\"publisher\":{\"@id\":\"https:\/\/fashiongold.lt\/lv\/#organization\"},\"potentialAction\":[{\"@type\":\"SearchAction\",\"target\":{\"@type\":\"EntryPoint\",\"urlTemplate\":\"https:\/\/fashiongold.lt\/lv\/?s={search_term_string}\"},\"query-input\":{\"@type\":\"PropertyValueSpecification\",\"valueRequired\":true,\"valueName\":\"search_term_string\"}}],\"inLanguage\":\"lv-LV\"},{\"@type\":\"Organization\",\"@id\":\"https:\/\/fashiongold.lt\/lv\/#organization\",\"name\":\"Topdiamonds Online\",\"url\":\"https:\/\/fashiongold.lt\/lv\/\",\"logo\":{\"@type\":\"ImageObject\",\"inLanguage\":\"lv-LV\",\"@id\":\"https:\/\/fashiongold.lt\/lv\/#\/schema\/logo\/image\/\",\"url\":\"https:\/\/fashiongold.lt\/wp-content\/uploads\/2025\/04\/cropped-fashion_gold_logotipas2-scaled-1.png\",\"contentUrl\":\"https:\/\/fashiongold.lt\/wp-content\/uploads\/2025\/04\/cropped-fashion_gold_logotipas2-scaled-1.png\",\"width\":2559,\"height\":421,\"caption\":\"Topdiamonds Online\"},\"image\":{\"@id\":\"https:\/\/fashiongold.lt\/lv\/#\/schema\/logo\/image\/\"}}]}<\/script>\n<!-- \/ Yoast SEO plugin. -->","yoast_head_json":{"title":"Auskari ar dimantiem no dzelten\u0101 zelta (0,16 ct)","description":"Auskari ar dimantiem no dzelten\u0101 zelta \u2013 ap\u013ca formas dizains, kas simboliz\u0113 m\u016b\u017e\u012bbu, eleganci un smalku mirdzumu.","robots":{"index":"index","follow":"follow","max-snippet":"max-snippet:-1","max-image-preview":"max-image-preview:large","max-video-preview":"max-video-preview:-1"},"canonical":"https:\/\/fashiongold.lt\/lv\/papuosalas\/dzeltena-zelta-auskari-ar-dimantiem-016-ct\/","og_locale":"lv_LV","og_type":"article","og_title":"Auskari ar dimantiem no dzelten\u0101 zelta (0,16 ct)","og_description":"Auskari ar dimantiem no dzelten\u0101 zelta \u2013 ap\u013ca formas dizains, kas simboliz\u0113 m\u016b\u017e\u012bbu, eleganci un smalku mirdzumu.","og_url":"https:\/\/fashiongold.lt\/lv\/papuosalas\/dzeltena-zelta-auskari-ar-dimantiem-016-ct\/","og_site_name":"FashionGold.lt","og_image":[{"width":2000,"height":2000,"url":"https:\/\/fashiongold.lt\/wp-content\/uploads\/2025\/10\/081-GELTONO-aukso-auskarai-su-deimantais.webp","type":"image\/jpeg"}],"twitter_card":"summary_large_image","twitter_misc":{"Est. reading time":"1 minute"},"schema":{"@context":"https:\/\/schema.org","@graph":[{"@type":"WebPage","@id":"https:\/\/fashiongold.lt\/lv\/papuosalas\/dzeltena-zelta-auskari-ar-dimantiem-016-ct\/","url":"https:\/\/fashiongold.lt\/lv\/papuosalas\/dzeltena-zelta-auskari-ar-dimantiem-016-ct\/","name":"Auskari ar dimantiem no dzelten\u0101 zelta (0,16 ct)","isPartOf":{"@id":"https:\/\/fashiongold.lt\/lv\/#website"},"primaryImageOfPage":{"@id":"https:\/\/fashiongold.lt\/lv\/papuosalas\/dzeltena-zelta-auskari-ar-dimantiem-016-ct\/#primaryimage"},"image":{"@id":"https:\/\/fashiongold.lt\/lv\/papuosalas\/dzeltena-zelta-auskari-ar-dimantiem-016-ct\/#primaryimage"},"thumbnailUrl":"https:\/\/fashiongold.lt\/wp-content\/uploads\/2025\/10\/081-GELTONO-aukso-auskarai-su-deimantais.jpg","datePublished":"2025-10-17T11:10:45+00:00","description":"Auskari ar dimantiem no dzelten\u0101 zelta \u2013 ap\u013ca formas dizains, kas simboliz\u0113 m\u016b\u017e\u012bbu, eleganci un smalku mirdzumu.","breadcrumb":{"@id":"https:\/\/fashiongold.lt\/lv\/papuosalas\/dzeltena-zelta-auskari-ar-dimantiem-016-ct\/#breadcrumb"},"inLanguage":"lv-LV","potentialAction":[{"@type":"ReadAction","target":["https:\/\/fashiongold.lt\/lv\/papuosalas\/dzeltena-zelta-auskari-ar-dimantiem-016-ct\/"]}]},{"@type":"ImageObject","inLanguage":"lv-LV","@id":"https:\/\/fashiongold.lt\/lv\/papuosalas\/dzeltena-zelta-auskari-ar-dimantiem-016-ct\/#primaryimage","url":"https:\/\/fashiongold.lt\/wp-content\/uploads\/2025\/10\/081-GELTONO-aukso-auskarai-su-deimantais.jpg","contentUrl":"https:\/\/fashiongold.lt\/wp-content\/uploads\/2025\/10\/081-GELTONO-aukso-auskarai-su-deimantais.jpg","width":2000,"height":2000},{"@type":"BreadcrumbList","@id":"https:\/\/fashiongold.lt\/lv\/papuosalas\/dzeltena-zelta-auskari-ar-dimantiem-016-ct\/#breadcrumb","itemListElement":[{"@type":"ListItem","position":1,"name":"Home","item":"https:\/\/fashiongold.lt\/lv\/"},{"@type":"ListItem","position":2,"name":"Dimantu veikals Fashiongold.lt","item":"https:\/\/fashiongold.lt\/shop-2\/"},{"@type":"ListItem","position":3,"name":"Dzelten\u0101 zelta auskari ar dimantiem (0,16 ct)"}]},{"@type":"WebSite","@id":"https:\/\/fashiongold.lt\/lv\/#website","url":"https:\/\/fashiongold.lt\/lv\/","name":"Fashion Gold","description":"Juvelyrikos namai","publisher":{"@id":"https:\/\/fashiongold.lt\/lv\/#organization"},"potentialAction":[{"@type":"SearchAction","target":{"@type":"EntryPoint","urlTemplate":"https:\/\/fashiongold.lt\/lv\/?s={search_term_string}"},"query-input":{"@type":"PropertyValueSpecification","valueRequired":true,"valueName":"search_term_string"}}],"inLanguage":"lv-LV"},{"@type":"Organization","@id":"https:\/\/fashiongold.lt\/lv\/#organization","name":"Topdiamonds Online","url":"https:\/\/fashiongold.lt\/lv\/","logo":{"@type":"ImageObject","inLanguage":"lv-LV","@id":"https:\/\/fashiongold.lt\/lv\/#\/schema\/logo\/image\/","url":"https:\/\/fashiongold.lt\/wp-content\/uploads\/2025\/04\/cropped-fashion_gold_logotipas2-scaled-1.png","contentUrl":"https:\/\/fashiongold.lt\/wp-content\/uploads\/2025\/04\/cropped-fashion_gold_logotipas2-scaled-1.png","width":2559,"height":421,"caption":"Topdiamonds Online"},"image":{"@id":"https:\/\/fashiongold.lt\/lv\/#\/schema\/logo\/image\/"}}]}},"_links":{"self":[{"href":"https:\/\/fashiongold.lt\/lv\/wp-json\/wp\/v2\/product\/283577","targetHints":{"allow":["GET"]}}],"collection":[{"href":"https:\/\/fashiongold.lt\/lv\/wp-json\/wp\/v2\/product"}],"about":[{"href":"https:\/\/fashiongold.lt\/lv\/wp-json\/wp\/v2\/types\/product"}],"version-history":[{"count":0,"href":"https:\/\/fashiongold.lt\/lv\/wp-json\/wp\/v2\/product\/283577\/revisions"}],"wp:featuredmedia":[{"embeddable":true,"href":"https:\/\/fashiongold.lt\/lv\/wp-json\/wp\/v2\/media\/232085"}],"wp:attachment":[{"href":"https:\/\/fashiongold.lt\/lv\/wp-json\/wp\/v2\/media?parent=283577"}],"wp:term":[{"taxonomy":"product_brand","embeddable":true,"href":"https:\/\/fashiongold.lt\/lv\/wp-json\/wp\/v2\/product_brand?post=283577"},{"taxonomy":"product_cat","embeddable":true,"href":"https:\/\/fashiongold.lt\/lv\/wp-json\/wp\/v2\/product_cat?post=283577"},{"taxonomy":"product_tag","embeddable":true,"href":"https:\/\/fashiongold.lt\/lv\/wp-json\/wp\/v2\/product_tag?post=283577"}],"curies":[{"name":"wp","href":"https:\/\/api.w.org\/{rel}","templated":true}]}}