{"id":285100,"date":"2025-10-09T17:25:11","date_gmt":"2025-10-09T17:25:11","guid":{"rendered":"https:\/\/fashiongold.lt\/papuosalas\/zelta-piekarins-ingrid-inzi-rotaslietu-kolekcija\/"},"modified":"2025-10-09T17:25:11","modified_gmt":"2025-10-09T17:25:11","slug":"zelta-piekarins-ingrid-inzi-rotaslietu-kolekcija","status":"publish","type":"product","link":"https:\/\/fashiongold.lt\/lv\/rotaslieta\/zelta-piekarins-ingrid-inzi-rotaslietu-kolekcija\/","title":{"rendered":"Zelta piekari\u0146\u0161 \u201cINGRID IN\u017dI\u201d rotaslietu kolekcija"},"content":{"rendered":"<p>\u201eINGRID IN\u017dI\u201c rotu kolekcija \u2013 tas ir ekskluz\u012bvs zelta kulons ar d\u0101rgakme\u0146iem, kas atbilst katrai \u010dakrai, ener\u0123\u0113tisko punktu sarg\u0101t\u0101ji. Rotu l\u012bnija ir rad\u012bta k\u0101 aizsardz\u012bba un visu ener\u0123\u0113tisko punktu, \u010dakru, l\u012bdzsvaro\u0161ana, kuras ir 7 un atrodas gar mugurkaulu. Izv\u0113lieties d\u0101rgakmeni, un m\u0113s izgatavosim rotaslietu p\u0113c J\u016bsu individu\u0101l\u0101 pas\u016bt\u012bjuma!<\/p>\n","protected":false},"excerpt":{"rendered":"<p>585 proves zelts. Svars \u2013 aptuveni 8,00 g.<\/p>\n<p>D\u0101rgakme\u0146i: ametists, saf\u012brs, akvamar\u012bns, peridots, citr\u012bns, dzintars, gran\u0101ts. Varat izv\u0113l\u0113ties d\u0101rgakmeni no ametista, saf\u012bra, akvamar\u012bna, peridota, citr\u012bna, dzintara, gran\u0101ta, un m\u0113s izgatavosim rotaslietu p\u0113c J\u016bsu individu\u0101la pas\u016bt\u012bjuma!<\/p>\n","protected":false},"featured_media":47761,"template":"","meta":{"site-sidebar-layout":"","site-content-layout":"","ast-site-content-layout":"","site-content-style":"","site-sidebar-style":"","ast-global-header-display":"","ast-banner-title-visibility":"","ast-main-header-display":"","ast-hfb-above-header-display":"","ast-hfb-below-header-display":"","ast-hfb-mobile-header-display":"","site-post-title":"","ast-breadcrumbs-content":"","ast-featured-img":"","footer-sml-layout":"","ast-disable-related-posts":"","theme-transparent-header-meta":"","adv-header-id-meta":"","stick-header-meta":"","header-above-stick-meta":"","header-main-stick-meta":"","header-below-stick-meta":"","astra-migrate-meta-layouts":"default","ast-page-background-enabled":"default","ast-page-background-meta":{"desktop":{"background-color":"var(--ast-global-color-4)","background-image":"","background-repeat":"repeat","background-position":"center center","background-size":"auto","background-attachment":"scroll","background-type":"","background-media":"","overlay-type":"","overlay-color":"","overlay-opacity":"","overlay-gradient":""},"tablet":{"background-color":"","background-image":"","background-repeat":"repeat","background-position":"center center","background-size":"auto","background-attachment":"scroll","background-type":"","background-media":"","overlay-type":"","overlay-color":"","overlay-opacity":"","overlay-gradient":""},"mobile":{"background-color":"","background-image":"","background-repeat":"repeat","background-position":"center center","background-size":"auto","background-attachment":"scroll","background-type":"","background-media":"","overlay-type":"","overlay-color":"","overlay-opacity":"","overlay-gradient":""}},"ast-content-background-meta":{"desktop":{"background-color":"var(--ast-global-color-5)","background-image":"","background-repeat":"repeat","background-position":"center center","background-size":"auto","background-attachment":"scroll","background-type":"","background-media":"","overlay-type":"","overlay-color":"","overlay-opacity":"","overlay-gradient":""},"tablet":{"background-color":"var(--ast-global-color-5)","background-image":"","background-repeat":"repeat","background-position":"center center","background-size":"auto","background-attachment":"scroll","background-type":"","background-media":"","overlay-type":"","overlay-color":"","overlay-opacity":"","overlay-gradient":""},"mobile":{"background-color":"var(--ast-global-color-5)","background-image":"","background-repeat":"repeat","background-position":"center center","background-size":"auto","background-attachment":"scroll","background-type":"","background-media":"","overlay-type":"","overlay-color":"","overlay-opacity":"","overlay-gradient":""}}},"product_brand":[],"product_cat":[3934,2938,2934,3402],"product_tag":[],"class_list":{"0":"post-285100","1":"product","2":"type-product","3":"status-publish","4":"has-post-thumbnail","6":"product_cat-ingrida-inzi","7":"product_cat-juvelierizstradajumi-ar-ziliem-dargakmeniem","8":"product_cat-safirs-juvelierizstradajumi-ar-safiriem","9":"product_cat-zils-dargakmens","10":"desktop-align-center","11":"tablet-align-left","12":"mobile-align-left","13":"ast-product-gallery-layout-horizontal-slider","14":"ast-product-gallery-with-no-image","15":"ast-product-tabs-layout-accordion","16":"ast-qv-on-image","18":"first","19":"instock","20":"taxable","21":"shipping-taxable","22":"purchasable","23":"product-type-simple"},"yoast_head":"<!-- This site is optimized with the Yoast SEO plugin v26.6 - https:\/\/yoast.com\/wordpress\/plugins\/seo\/ -->\n<title>Zelta piekari\u0146\u0161 \u201cINGRID IN\u017dI\u201d rotaslietu kolekcija<\/title>\n<meta name=\"description\" content=\"\u201cINGRID IN\u017dI\u201d rotaslietu kolekcija, Zelta kulons, Zelta auskari \u201cINGRID IN\u017dI\u201d rotaslietu kolekcija, ametists, saf\u012brs, akvamar\u012bns, peridots, citr\u012bns, dzintars, gran\u0101ts, \u010dakras, \u010dakras, akme\u0146i p\u0113c \u010dakr\u0101m,\" \/>\n<meta name=\"robots\" content=\"index, follow, max-snippet:-1, max-image-preview:large, max-video-preview:-1\" \/>\n<link rel=\"canonical\" href=\"https:\/\/fashiongold.lt\/lv\/rotaslieta\/zelta-piekarins-ingrid-inzi-rotaslietu-kolekcija\/\" \/>\n<meta property=\"og:locale\" content=\"lv_LV\" \/>\n<meta property=\"og:type\" content=\"article\" \/>\n<meta property=\"og:title\" content=\"Zelta piekari\u0146\u0161 \u201cINGRID IN\u017dI\u201d rotaslietu kolekcija\" \/>\n<meta property=\"og:description\" content=\"\u201cINGRID IN\u017dI\u201d rotaslietu kolekcija, Zelta kulons, Zelta auskari \u201cINGRID IN\u017dI\u201d rotaslietu kolekcija, ametists, saf\u012brs, akvamar\u012bns, peridots, citr\u012bns, dzintars, gran\u0101ts, \u010dakras, \u010dakras, akme\u0146i p\u0113c \u010dakr\u0101m,\" \/>\n<meta property=\"og:url\" content=\"https:\/\/fashiongold.lt\/lv\/rotaslieta\/zelta-piekarins-ingrid-inzi-rotaslietu-kolekcija\/\" \/>\n<meta property=\"og:site_name\" content=\"FashionGold.lt\" \/>\n<meta property=\"og:image\" content=\"https:\/\/fashiongold.lt\/wp-content\/uploads\/2025\/10\/1128-b68-Auksinis-pakabukas-INGRID-INZI-papuosalu-kolekcija.webp\" \/>\n\t<meta property=\"og:image:width\" content=\"1603\" \/>\n\t<meta property=\"og:image:height\" content=\"1603\" \/>\n\t<meta property=\"og:image:type\" content=\"image\/jpeg\" \/>\n<meta name=\"twitter:card\" content=\"summary_large_image\" \/>\n<script type=\"application\/ld+json\" class=\"yoast-schema-graph\">{\"@context\":\"https:\/\/schema.org\",\"@graph\":[{\"@type\":\"WebPage\",\"@id\":\"https:\/\/fashiongold.lt\/lv\/rotaslieta\/zelta-piekarins-ingrid-inzi-rotaslietu-kolekcija\/\",\"url\":\"https:\/\/fashiongold.lt\/lv\/rotaslieta\/zelta-piekarins-ingrid-inzi-rotaslietu-kolekcija\/\",\"name\":\"Zelta piekari\u0146\u0161 \u201cINGRID IN\u017dI\u201d rotaslietu kolekcija\",\"isPartOf\":{\"@id\":\"https:\/\/fashiongold.lt\/lv\/#website\"},\"primaryImageOfPage\":{\"@id\":\"https:\/\/fashiongold.lt\/lv\/rotaslieta\/zelta-piekarins-ingrid-inzi-rotaslietu-kolekcija\/#primaryimage\"},\"image\":{\"@id\":\"https:\/\/fashiongold.lt\/lv\/rotaslieta\/zelta-piekarins-ingrid-inzi-rotaslietu-kolekcija\/#primaryimage\"},\"thumbnailUrl\":\"https:\/\/fashiongold.lt\/wp-content\/uploads\/2025\/10\/1128-b68-Auksinis-pakabukas-INGRID-INZI-papuosalu-kolekcija.jpg\",\"datePublished\":\"2025-10-09T17:25:11+00:00\",\"description\":\"\u201cINGRID IN\u017dI\u201d rotaslietu kolekcija, Zelta kulons, Zelta auskari \u201cINGRID IN\u017dI\u201d rotaslietu kolekcija, ametists, saf\u012brs, akvamar\u012bns, peridots, citr\u012bns, dzintars, gran\u0101ts, \u010dakras, \u010dakras, akme\u0146i p\u0113c \u010dakr\u0101m,\",\"breadcrumb\":{\"@id\":\"https:\/\/fashiongold.lt\/lv\/rotaslieta\/zelta-piekarins-ingrid-inzi-rotaslietu-kolekcija\/#breadcrumb\"},\"inLanguage\":\"lv-LV\",\"potentialAction\":[{\"@type\":\"ReadAction\",\"target\":[\"https:\/\/fashiongold.lt\/lv\/rotaslieta\/zelta-piekarins-ingrid-inzi-rotaslietu-kolekcija\/\"]}]},{\"@type\":\"ImageObject\",\"inLanguage\":\"lv-LV\",\"@id\":\"https:\/\/fashiongold.lt\/lv\/rotaslieta\/zelta-piekarins-ingrid-inzi-rotaslietu-kolekcija\/#primaryimage\",\"url\":\"https:\/\/fashiongold.lt\/wp-content\/uploads\/2025\/10\/1128-b68-Auksinis-pakabukas-INGRID-INZI-papuosalu-kolekcija.jpg\",\"contentUrl\":\"https:\/\/fashiongold.lt\/wp-content\/uploads\/2025\/10\/1128-b68-Auksinis-pakabukas-INGRID-INZI-papuosalu-kolekcija.jpg\",\"width\":1603,\"height\":1603},{\"@type\":\"BreadcrumbList\",\"@id\":\"https:\/\/fashiongold.lt\/lv\/rotaslieta\/zelta-piekarins-ingrid-inzi-rotaslietu-kolekcija\/#breadcrumb\",\"itemListElement\":[{\"@type\":\"ListItem\",\"position\":1,\"name\":\"Home\",\"item\":\"https:\/\/fashiongold.lt\/lv\/\"},{\"@type\":\"ListItem\",\"position\":2,\"name\":\"Dimantu veikals Fashiongold.lt\",\"item\":\"https:\/\/fashiongold.lt\/shop-2\/\"},{\"@type\":\"ListItem\",\"position\":3,\"name\":\"Zelta piekari\u0146\u0161 \u201cINGRID IN\u017dI\u201d rotaslietu kolekcija\"}]},{\"@type\":\"WebSite\",\"@id\":\"https:\/\/fashiongold.lt\/lv\/#website\",\"url\":\"https:\/\/fashiongold.lt\/lv\/\",\"name\":\"Fashion Gold\",\"description\":\"Juvelierizstr\u0101d\u0101jumu nams\",\"publisher\":{\"@id\":\"https:\/\/fashiongold.lt\/lv\/#organization\"},\"potentialAction\":[{\"@type\":\"SearchAction\",\"target\":{\"@type\":\"EntryPoint\",\"urlTemplate\":\"https:\/\/fashiongold.lt\/lv\/?s={search_term_string}\"},\"query-input\":{\"@type\":\"PropertyValueSpecification\",\"valueRequired\":true,\"valueName\":\"search_term_string\"}}],\"inLanguage\":\"lv-LV\"},{\"@type\":\"Organization\",\"@id\":\"https:\/\/fashiongold.lt\/lv\/#organization\",\"name\":\"Topdiamonds Online\",\"url\":\"https:\/\/fashiongold.lt\/lv\/\",\"logo\":{\"@type\":\"ImageObject\",\"inLanguage\":\"lv-LV\",\"@id\":\"https:\/\/fashiongold.lt\/lv\/#\/schema\/logo\/image\/\",\"url\":\"https:\/\/fashiongold.lt\/wp-content\/uploads\/2025\/04\/cropped-fashion_gold_logotipas2-scaled-1.png\",\"contentUrl\":\"https:\/\/fashiongold.lt\/wp-content\/uploads\/2025\/04\/cropped-fashion_gold_logotipas2-scaled-1.png\",\"width\":2559,\"height\":421,\"caption\":\"Topdiamonds Online\"},\"image\":{\"@id\":\"https:\/\/fashiongold.lt\/lv\/#\/schema\/logo\/image\/\"}}]}<\/script>\n<!-- \/ Yoast SEO plugin. -->","yoast_head_json":{"title":"Zelta piekari\u0146\u0161 \u201cINGRID IN\u017dI\u201d rotaslietu kolekcija","description":"\u201cINGRID IN\u017dI\u201d rotaslietu kolekcija, Zelta kulons, Zelta auskari \u201cINGRID IN\u017dI\u201d rotaslietu kolekcija, ametists, saf\u012brs, akvamar\u012bns, peridots, citr\u012bns, dzintars, gran\u0101ts, \u010dakras, \u010dakras, akme\u0146i p\u0113c \u010dakr\u0101m,","robots":{"index":"index","follow":"follow","max-snippet":"max-snippet:-1","max-image-preview":"max-image-preview:large","max-video-preview":"max-video-preview:-1"},"canonical":"https:\/\/fashiongold.lt\/lv\/rotaslieta\/zelta-piekarins-ingrid-inzi-rotaslietu-kolekcija\/","og_locale":"lv_LV","og_type":"article","og_title":"Zelta piekari\u0146\u0161 \u201cINGRID IN\u017dI\u201d rotaslietu kolekcija","og_description":"\u201cINGRID IN\u017dI\u201d rotaslietu kolekcija, Zelta kulons, Zelta auskari \u201cINGRID IN\u017dI\u201d rotaslietu kolekcija, ametists, saf\u012brs, akvamar\u012bns, peridots, citr\u012bns, dzintars, gran\u0101ts, \u010dakras, \u010dakras, akme\u0146i p\u0113c \u010dakr\u0101m,","og_url":"https:\/\/fashiongold.lt\/lv\/rotaslieta\/zelta-piekarins-ingrid-inzi-rotaslietu-kolekcija\/","og_site_name":"FashionGold.lt","og_image":[{"width":1603,"height":1603,"url":"https:\/\/fashiongold.lt\/wp-content\/uploads\/2025\/10\/1128-b68-Auksinis-pakabukas-INGRID-INZI-papuosalu-kolekcija.webp","type":"image\/jpeg"}],"twitter_card":"summary_large_image","schema":{"@context":"https:\/\/schema.org","@graph":[{"@type":"WebPage","@id":"https:\/\/fashiongold.lt\/lv\/rotaslieta\/zelta-piekarins-ingrid-inzi-rotaslietu-kolekcija\/","url":"https:\/\/fashiongold.lt\/lv\/rotaslieta\/zelta-piekarins-ingrid-inzi-rotaslietu-kolekcija\/","name":"Zelta piekari\u0146\u0161 \u201cINGRID IN\u017dI\u201d rotaslietu kolekcija","isPartOf":{"@id":"https:\/\/fashiongold.lt\/lv\/#website"},"primaryImageOfPage":{"@id":"https:\/\/fashiongold.lt\/lv\/rotaslieta\/zelta-piekarins-ingrid-inzi-rotaslietu-kolekcija\/#primaryimage"},"image":{"@id":"https:\/\/fashiongold.lt\/lv\/rotaslieta\/zelta-piekarins-ingrid-inzi-rotaslietu-kolekcija\/#primaryimage"},"thumbnailUrl":"https:\/\/fashiongold.lt\/wp-content\/uploads\/2025\/10\/1128-b68-Auksinis-pakabukas-INGRID-INZI-papuosalu-kolekcija.jpg","datePublished":"2025-10-09T17:25:11+00:00","description":"\u201cINGRID IN\u017dI\u201d rotaslietu kolekcija, Zelta kulons, Zelta auskari \u201cINGRID IN\u017dI\u201d rotaslietu kolekcija, ametists, saf\u012brs, akvamar\u012bns, peridots, citr\u012bns, dzintars, gran\u0101ts, \u010dakras, \u010dakras, akme\u0146i p\u0113c \u010dakr\u0101m,","breadcrumb":{"@id":"https:\/\/fashiongold.lt\/lv\/rotaslieta\/zelta-piekarins-ingrid-inzi-rotaslietu-kolekcija\/#breadcrumb"},"inLanguage":"lv-LV","potentialAction":[{"@type":"ReadAction","target":["https:\/\/fashiongold.lt\/lv\/rotaslieta\/zelta-piekarins-ingrid-inzi-rotaslietu-kolekcija\/"]}]},{"@type":"ImageObject","inLanguage":"lv-LV","@id":"https:\/\/fashiongold.lt\/lv\/rotaslieta\/zelta-piekarins-ingrid-inzi-rotaslietu-kolekcija\/#primaryimage","url":"https:\/\/fashiongold.lt\/wp-content\/uploads\/2025\/10\/1128-b68-Auksinis-pakabukas-INGRID-INZI-papuosalu-kolekcija.jpg","contentUrl":"https:\/\/fashiongold.lt\/wp-content\/uploads\/2025\/10\/1128-b68-Auksinis-pakabukas-INGRID-INZI-papuosalu-kolekcija.jpg","width":1603,"height":1603},{"@type":"BreadcrumbList","@id":"https:\/\/fashiongold.lt\/lv\/rotaslieta\/zelta-piekarins-ingrid-inzi-rotaslietu-kolekcija\/#breadcrumb","itemListElement":[{"@type":"ListItem","position":1,"name":"Home","item":"https:\/\/fashiongold.lt\/lv\/"},{"@type":"ListItem","position":2,"name":"Dimantu veikals Fashiongold.lt","item":"https:\/\/fashiongold.lt\/shop-2\/"},{"@type":"ListItem","position":3,"name":"Zelta piekari\u0146\u0161 \u201cINGRID IN\u017dI\u201d rotaslietu kolekcija"}]},{"@type":"WebSite","@id":"https:\/\/fashiongold.lt\/lv\/#website","url":"https:\/\/fashiongold.lt\/lv\/","name":"Fashion Gold","description":"Juvelierizstr\u0101d\u0101jumu nams","publisher":{"@id":"https:\/\/fashiongold.lt\/lv\/#organization"},"potentialAction":[{"@type":"SearchAction","target":{"@type":"EntryPoint","urlTemplate":"https:\/\/fashiongold.lt\/lv\/?s={search_term_string}"},"query-input":{"@type":"PropertyValueSpecification","valueRequired":true,"valueName":"search_term_string"}}],"inLanguage":"lv-LV"},{"@type":"Organization","@id":"https:\/\/fashiongold.lt\/lv\/#organization","name":"Topdiamonds Online","url":"https:\/\/fashiongold.lt\/lv\/","logo":{"@type":"ImageObject","inLanguage":"lv-LV","@id":"https:\/\/fashiongold.lt\/lv\/#\/schema\/logo\/image\/","url":"https:\/\/fashiongold.lt\/wp-content\/uploads\/2025\/04\/cropped-fashion_gold_logotipas2-scaled-1.png","contentUrl":"https:\/\/fashiongold.lt\/wp-content\/uploads\/2025\/04\/cropped-fashion_gold_logotipas2-scaled-1.png","width":2559,"height":421,"caption":"Topdiamonds Online"},"image":{"@id":"https:\/\/fashiongold.lt\/lv\/#\/schema\/logo\/image\/"}}]}},"_links":{"self":[{"href":"https:\/\/fashiongold.lt\/lv\/wp-json\/wp\/v2\/product\/285100","targetHints":{"allow":["GET"]}}],"collection":[{"href":"https:\/\/fashiongold.lt\/lv\/wp-json\/wp\/v2\/product"}],"about":[{"href":"https:\/\/fashiongold.lt\/lv\/wp-json\/wp\/v2\/types\/product"}],"version-history":[{"count":0,"href":"https:\/\/fashiongold.lt\/lv\/wp-json\/wp\/v2\/product\/285100\/revisions"}],"wp:featuredmedia":[{"embeddable":true,"href":"https:\/\/fashiongold.lt\/lv\/wp-json\/wp\/v2\/media\/47761"}],"wp:attachment":[{"href":"https:\/\/fashiongold.lt\/lv\/wp-json\/wp\/v2\/media?parent=285100"}],"wp:term":[{"taxonomy":"product_brand","embeddable":true,"href":"https:\/\/fashiongold.lt\/lv\/wp-json\/wp\/v2\/product_brand?post=285100"},{"taxonomy":"product_cat","embeddable":true,"href":"https:\/\/fashiongold.lt\/lv\/wp-json\/wp\/v2\/product_cat?post=285100"},{"taxonomy":"product_tag","embeddable":true,"href":"https:\/\/fashiongold.lt\/lv\/wp-json\/wp\/v2\/product_tag?post=285100"}],"curies":[{"name":"wp","href":"https:\/\/api.w.org\/{rel}","templated":true}]}}