{"id":285504,"date":"2025-10-09T17:18:15","date_gmt":"2025-10-09T17:18:15","guid":{"rendered":"https:\/\/fashiongold.lt\/papuosalas\/laulibu-gredzens-ar-kvadratveida-dimantiem-moderns-010-ct\/"},"modified":"2025-10-09T17:18:15","modified_gmt":"2025-10-09T17:18:15","slug":"laulibu-gredzens-ar-kvadratveida-dimantiem-moderns-010-ct","status":"publish","type":"product","link":"https:\/\/fashiongold.lt\/lv\/papuosalas\/laulibu-gredzens-ar-kvadratveida-dimantiem-moderns-010-ct\/","title":{"rendered":"Laul\u012bbu gredzens ar kvadr\u0101tveida dimantiem \u2013 Moderns (0,10 ct)"},"content":{"rendered":"<p>Laul\u012bbu gredzenu trad\u012bcijas ir ilggad\u0113jas, t\u0101p\u0113c ir svar\u012bgi izv\u0113l\u0113ties uzticamu juvelierizstr\u0101d\u0101jumu ra\u017eot\u0101ju. M\u0113s p\u0101rst\u0101vam V\u0101cijas z\u012bmolu &#8220;Gerstner&#8221;, kas ir l\u012bderis starp laul\u012bbu gredzenu ra\u017eot\u0101jiem Eirop\u0101. Vi\u0146u tehnolo\u0123ija ir unik\u0101la \u2013 laul\u012bbu gredzeni tiek izgatavoti no r\u016bd\u012bta zelta, kas ir iztur\u012bgs pret mikroplais\u0101m, nesatur ni\u0137eli un maz\u0101k skr\u0101p\u0113jas. &#8220;Fashion Gold&#8221; \u2013 j\u016bsu uztic\u012bbas v\u0113rts laul\u012bbu gredzenu eksperts.<\/p>\n<p>Ra\u017eots V\u0101cij\u0101 \u2013 p\u0113c \u012bpa\u0161as tehnolo\u0123ijas. Vi\u0146u tehnolo\u0123ija ir unik\u0101la \u2013 laul\u012bbu gredzeni tiek izgatavoti no r\u016bd\u012bta zelta, kas ir iztur\u012bgs pret mikroplais\u0101m, nesatur ni\u0137eli un maz\u0101k skr\u0101p\u0113jas. Gredzenu var izgatavot p\u0113c pas\u016bt\u012bjuma: no sarkan\u0101, dzelten\u0101 vai balt\u0101 zelta.<\/p>\n<p>\u2022 Gredzena zelts: 10 K (375 prove), varam izgatavot no 14K (585 prove), 18K (750 prove) <span style=\"white-space: pre;\"> <\/span><\/p>\n<p>\u2022 Gredzena kr\u0101sa: var izv\u0113l\u0113ties baltu, dzeltenu, sarkanu zeltu  <span style=\"white-space: pre;\"> <\/span><\/p>\n<p>\u2022 Gredzena svars (atkar\u012bgs no izm\u0113ra un proves): aptuveni 6 g  <span style=\"white-space: pre;\"> <\/span><\/p>\n<p>\u2022 Gredzena izm\u0113ri: platums 7 mm (var main\u012bt)<span style=\"white-space: pre;\"> <\/span><\/p>\n<p>\u2022 Gredzena komforta zona: ir<span style=\"white-space: pre;\"> <\/span><\/p>\n<p>\u2022 Dimanta veids: Dab\u012bgs dimants<span style=\"white-space: pre;\"> <\/span><\/p>\n<p>\u2022 Dimanta forma: Kvadr\u0101ta forma (Princess cut)<span style=\"white-space: pre;\"> <\/span><\/p>\n<p>\u2022 Dimanta raksturojums: 0,10 ct (2 x 0,05 ct), kr\u0101sa H(W); t\u012br\u012bba VS<span style=\"white-space: pre;\"> <\/span><\/p>\n<p>\u2022 Sertifik\u0101ts: Lietuvas Prove\u0161anas pal\u0101ta (LPR) <span style=\"white-space: pre;\"> <\/span><\/p>\n<p>\u2022 Izgatavo\u0161anas un pieg\u0101des termi\u0146\u0161 no 14 darba dien\u0101m<\/p>\n<p><strong>Vai jums ir savs zelts? Sazinieties ar mums, m\u0113s p\u0101rr\u0113\u0137in\u0101sim cenu \u2013 j\u016bs maks\u0101siet tikai par gredzenu izgatavo\u0161anu.<\/strong><\/p>\n","protected":false},"excerpt":{"rendered":"<p>Nep\u0101rsp\u0113jama skaistuma laul\u012bbas gredzens ar kvadr\u0101tveida dimantiem un modernu dizainu. Izcila stila, augstas kvalit\u0101tes, ar komforta zonu. Gredzena mali\u0146as izce\u013c otru zelta kr\u0101su, pie\u0161\u0137irot unikalit\u0101tes akcentu. Lieliska izv\u0113le, kas atspogu\u013co j\u016bsu m\u012blas st\u0101stu.<\/p>\n","protected":false},"featured_media":45300,"template":"","meta":{"site-sidebar-layout":"","site-content-layout":"","ast-site-content-layout":"","site-content-style":"","site-sidebar-style":"","ast-global-header-display":"","ast-banner-title-visibility":"","ast-main-header-display":"","ast-hfb-above-header-display":"","ast-hfb-below-header-display":"","ast-hfb-mobile-header-display":"","site-post-title":"","ast-breadcrumbs-content":"","ast-featured-img":"","footer-sml-layout":"","ast-disable-related-posts":"","theme-transparent-header-meta":"","adv-header-id-meta":"","stick-header-meta":"","header-above-stick-meta":"","header-main-stick-meta":"","header-below-stick-meta":"","astra-migrate-meta-layouts":"default","ast-page-background-enabled":"default","ast-page-background-meta":{"desktop":{"background-color":"var(--ast-global-color-4)","background-image":"","background-repeat":"repeat","background-position":"center center","background-size":"auto","background-attachment":"scroll","background-type":"","background-media":"","overlay-type":"","overlay-color":"","overlay-opacity":"","overlay-gradient":""},"tablet":{"background-color":"","background-image":"","background-repeat":"repeat","background-position":"center center","background-size":"auto","background-attachment":"scroll","background-type":"","background-media":"","overlay-type":"","overlay-color":"","overlay-opacity":"","overlay-gradient":""},"mobile":{"background-color":"","background-image":"","background-repeat":"repeat","background-position":"center center","background-size":"auto","background-attachment":"scroll","background-type":"","background-media":"","overlay-type":"","overlay-color":"","overlay-opacity":"","overlay-gradient":""}},"ast-content-background-meta":{"desktop":{"background-color":"var(--ast-global-color-5)","background-image":"","background-repeat":"repeat","background-position":"center center","background-size":"auto","background-attachment":"scroll","background-type":"","background-media":"","overlay-type":"","overlay-color":"","overlay-opacity":"","overlay-gradient":""},"tablet":{"background-color":"var(--ast-global-color-5)","background-image":"","background-repeat":"repeat","background-position":"center center","background-size":"auto","background-attachment":"scroll","background-type":"","background-media":"","overlay-type":"","overlay-color":"","overlay-opacity":"","overlay-gradient":""},"mobile":{"background-color":"var(--ast-global-color-5)","background-image":"","background-repeat":"repeat","background-position":"center center","background-size":"auto","background-attachment":"scroll","background-type":"","background-media":"","overlay-type":"","overlay-color":"","overlay-opacity":"","overlay-gradient":""}}},"product_brand":[],"product_cat":[3522,3524,3526,3527,3616],"product_tag":[],"class_list":{"0":"post-285504","1":"product","2":"type-product","3":"status-publish","4":"has-post-thumbnail","6":"product_cat-balta-zelta-laulibu-gredzeni","7":"product_cat-kazu-gredzeni","8":"product_cat-laulibu-gredzeni-ar-dimantiem","9":"product_cat-moderni-kazu-gredzeni","10":"product_cat-sieviesu-laulibu-gredzeni","11":"desktop-align-center","12":"tablet-align-left","13":"mobile-align-left","14":"ast-product-gallery-layout-horizontal-slider","15":"ast-product-gallery-with-no-image","16":"ast-product-single-variable","17":"ast-product-tabs-layout-accordion","18":"ast-qv-on-image","20":"first","21":"instock","22":"taxable","23":"shipping-taxable","24":"purchasable","25":"product-type-variable"},"yoast_head":"<!-- This site is optimized with the Yoast SEO plugin v26.6 - https:\/\/yoast.com\/wordpress\/plugins\/seo\/ -->\n<title>Laul\u012bbas gredzens ar kvadr\u0101tveida dimantiem - Moderns<\/title>\n<meta name=\"description\" content=\"Izcila kvalit\u0101te un tehnolo\u0123ija \u2013 izgatavoti no r\u016bd\u012bta zelta, kas ir iztur\u012bgs pret mikroplais\u0101m, nesatur ni\u0137eli un maz\u0101k skr\u0101p\u0113jas. Bezmaksas konsult\u0101cija.\" \/>\n<meta name=\"robots\" content=\"index, follow, max-snippet:-1, max-image-preview:large, max-video-preview:-1\" \/>\n<link rel=\"canonical\" href=\"https:\/\/fashiongold.lt\/lv\/papuosalas\/laulibu-gredzens-ar-kvadratveida-dimantiem-moderns-010-ct\/\" \/>\n<meta property=\"og:locale\" content=\"lv_LV\" \/>\n<meta property=\"og:type\" content=\"article\" \/>\n<meta property=\"og:title\" content=\"Laul\u012bbas gredzens ar kvadr\u0101tveida dimantiem - Moderns\" \/>\n<meta property=\"og:description\" content=\"Izcila kvalit\u0101te un tehnolo\u0123ija \u2013 izgatavoti no r\u016bd\u012bta zelta, kas ir iztur\u012bgs pret mikroplais\u0101m, nesatur ni\u0137eli un maz\u0101k skr\u0101p\u0113jas. Bezmaksas konsult\u0101cija.\" \/>\n<meta property=\"og:url\" content=\"https:\/\/fashiongold.lt\/lv\/papuosalas\/laulibu-gredzens-ar-kvadratveida-dimantiem-moderns-010-ct\/\" \/>\n<meta property=\"og:site_name\" content=\"FashionGold.lt\" \/>\n<meta property=\"og:image\" content=\"https:\/\/fashiongold.lt\/wp-content\/uploads\/2025\/10\/582-b7c-Vestuvinis-ziedas-su-kvadratiniais-deimantais.webp\" \/>\n\t<meta property=\"og:image:width\" content=\"500\" \/>\n\t<meta property=\"og:image:height\" content=\"475\" \/>\n\t<meta property=\"og:image:type\" content=\"image\/jpeg\" \/>\n<meta name=\"twitter:card\" content=\"summary_large_image\" \/>\n<meta name=\"twitter:label1\" content=\"Est. reading time\" \/>\n\t<meta name=\"twitter:data1\" content=\"1 minute\" \/>\n<script type=\"application\/ld+json\" class=\"yoast-schema-graph\">{\"@context\":\"https:\/\/schema.org\",\"@graph\":[{\"@type\":\"WebPage\",\"@id\":\"https:\/\/fashiongold.lt\/lv\/papuosalas\/laulibu-gredzens-ar-kvadratveida-dimantiem-moderns-010-ct\/\",\"url\":\"https:\/\/fashiongold.lt\/lv\/papuosalas\/laulibu-gredzens-ar-kvadratveida-dimantiem-moderns-010-ct\/\",\"name\":\"Laul\u012bbas gredzens ar kvadr\u0101tveida dimantiem - Moderns\",\"isPartOf\":{\"@id\":\"https:\/\/fashiongold.lt\/lv\/#website\"},\"primaryImageOfPage\":{\"@id\":\"https:\/\/fashiongold.lt\/lv\/papuosalas\/laulibu-gredzens-ar-kvadratveida-dimantiem-moderns-010-ct\/#primaryimage\"},\"image\":{\"@id\":\"https:\/\/fashiongold.lt\/lv\/papuosalas\/laulibu-gredzens-ar-kvadratveida-dimantiem-moderns-010-ct\/#primaryimage\"},\"thumbnailUrl\":\"https:\/\/fashiongold.lt\/wp-content\/uploads\/2025\/10\/582-b7c-Vestuvinis-ziedas-su-kvadratiniais-deimantais.jpg\",\"datePublished\":\"2025-10-09T17:18:15+00:00\",\"description\":\"Izcila kvalit\u0101te un tehnolo\u0123ija \u2013 izgatavoti no r\u016bd\u012bta zelta, kas ir iztur\u012bgs pret mikroplais\u0101m, nesatur ni\u0137eli un maz\u0101k skr\u0101p\u0113jas. Bezmaksas konsult\u0101cija.\",\"breadcrumb\":{\"@id\":\"https:\/\/fashiongold.lt\/lv\/papuosalas\/laulibu-gredzens-ar-kvadratveida-dimantiem-moderns-010-ct\/#breadcrumb\"},\"inLanguage\":\"lv-LV\",\"potentialAction\":[{\"@type\":\"ReadAction\",\"target\":[\"https:\/\/fashiongold.lt\/lv\/papuosalas\/laulibu-gredzens-ar-kvadratveida-dimantiem-moderns-010-ct\/\"]}]},{\"@type\":\"ImageObject\",\"inLanguage\":\"lv-LV\",\"@id\":\"https:\/\/fashiongold.lt\/lv\/papuosalas\/laulibu-gredzens-ar-kvadratveida-dimantiem-moderns-010-ct\/#primaryimage\",\"url\":\"https:\/\/fashiongold.lt\/wp-content\/uploads\/2025\/10\/582-b7c-Vestuvinis-ziedas-su-kvadratiniais-deimantais.jpg\",\"contentUrl\":\"https:\/\/fashiongold.lt\/wp-content\/uploads\/2025\/10\/582-b7c-Vestuvinis-ziedas-su-kvadratiniais-deimantais.jpg\",\"width\":500,\"height\":475},{\"@type\":\"BreadcrumbList\",\"@id\":\"https:\/\/fashiongold.lt\/lv\/papuosalas\/laulibu-gredzens-ar-kvadratveida-dimantiem-moderns-010-ct\/#breadcrumb\",\"itemListElement\":[{\"@type\":\"ListItem\",\"position\":1,\"name\":\"Home\",\"item\":\"https:\/\/fashiongold.lt\/lv\/\"},{\"@type\":\"ListItem\",\"position\":2,\"name\":\"Dimantu veikals Fashiongold.lt\",\"item\":\"https:\/\/fashiongold.lt\/shop-2\/\"},{\"@type\":\"ListItem\",\"position\":3,\"name\":\"Laul\u012bbu gredzens ar kvadr\u0101tveida dimantiem \u2013 Moderns (0,10 ct)\"}]},{\"@type\":\"WebSite\",\"@id\":\"https:\/\/fashiongold.lt\/lv\/#website\",\"url\":\"https:\/\/fashiongold.lt\/lv\/\",\"name\":\"Fashion Gold\",\"description\":\"Juvelyrikos namai\",\"publisher\":{\"@id\":\"https:\/\/fashiongold.lt\/lv\/#organization\"},\"potentialAction\":[{\"@type\":\"SearchAction\",\"target\":{\"@type\":\"EntryPoint\",\"urlTemplate\":\"https:\/\/fashiongold.lt\/lv\/?s={search_term_string}\"},\"query-input\":{\"@type\":\"PropertyValueSpecification\",\"valueRequired\":true,\"valueName\":\"search_term_string\"}}],\"inLanguage\":\"lv-LV\"},{\"@type\":\"Organization\",\"@id\":\"https:\/\/fashiongold.lt\/lv\/#organization\",\"name\":\"Topdiamonds Online\",\"url\":\"https:\/\/fashiongold.lt\/lv\/\",\"logo\":{\"@type\":\"ImageObject\",\"inLanguage\":\"lv-LV\",\"@id\":\"https:\/\/fashiongold.lt\/lv\/#\/schema\/logo\/image\/\",\"url\":\"https:\/\/fashiongold.lt\/wp-content\/uploads\/2025\/04\/cropped-fashion_gold_logotipas2-scaled-1.png\",\"contentUrl\":\"https:\/\/fashiongold.lt\/wp-content\/uploads\/2025\/04\/cropped-fashion_gold_logotipas2-scaled-1.png\",\"width\":2559,\"height\":421,\"caption\":\"Topdiamonds Online\"},\"image\":{\"@id\":\"https:\/\/fashiongold.lt\/lv\/#\/schema\/logo\/image\/\"}}]}<\/script>\n<!-- \/ Yoast SEO plugin. -->","yoast_head_json":{"title":"Laul\u012bbas gredzens ar kvadr\u0101tveida dimantiem - Moderns","description":"Izcila kvalit\u0101te un tehnolo\u0123ija \u2013 izgatavoti no r\u016bd\u012bta zelta, kas ir iztur\u012bgs pret mikroplais\u0101m, nesatur ni\u0137eli un maz\u0101k skr\u0101p\u0113jas. Bezmaksas konsult\u0101cija.","robots":{"index":"index","follow":"follow","max-snippet":"max-snippet:-1","max-image-preview":"max-image-preview:large","max-video-preview":"max-video-preview:-1"},"canonical":"https:\/\/fashiongold.lt\/lv\/papuosalas\/laulibu-gredzens-ar-kvadratveida-dimantiem-moderns-010-ct\/","og_locale":"lv_LV","og_type":"article","og_title":"Laul\u012bbas gredzens ar kvadr\u0101tveida dimantiem - Moderns","og_description":"Izcila kvalit\u0101te un tehnolo\u0123ija \u2013 izgatavoti no r\u016bd\u012bta zelta, kas ir iztur\u012bgs pret mikroplais\u0101m, nesatur ni\u0137eli un maz\u0101k skr\u0101p\u0113jas. Bezmaksas konsult\u0101cija.","og_url":"https:\/\/fashiongold.lt\/lv\/papuosalas\/laulibu-gredzens-ar-kvadratveida-dimantiem-moderns-010-ct\/","og_site_name":"FashionGold.lt","og_image":[{"width":500,"height":475,"url":"https:\/\/fashiongold.lt\/wp-content\/uploads\/2025\/10\/582-b7c-Vestuvinis-ziedas-su-kvadratiniais-deimantais.webp","type":"image\/jpeg"}],"twitter_card":"summary_large_image","twitter_misc":{"Est. reading time":"1 minute"},"schema":{"@context":"https:\/\/schema.org","@graph":[{"@type":"WebPage","@id":"https:\/\/fashiongold.lt\/lv\/papuosalas\/laulibu-gredzens-ar-kvadratveida-dimantiem-moderns-010-ct\/","url":"https:\/\/fashiongold.lt\/lv\/papuosalas\/laulibu-gredzens-ar-kvadratveida-dimantiem-moderns-010-ct\/","name":"Laul\u012bbas gredzens ar kvadr\u0101tveida dimantiem - Moderns","isPartOf":{"@id":"https:\/\/fashiongold.lt\/lv\/#website"},"primaryImageOfPage":{"@id":"https:\/\/fashiongold.lt\/lv\/papuosalas\/laulibu-gredzens-ar-kvadratveida-dimantiem-moderns-010-ct\/#primaryimage"},"image":{"@id":"https:\/\/fashiongold.lt\/lv\/papuosalas\/laulibu-gredzens-ar-kvadratveida-dimantiem-moderns-010-ct\/#primaryimage"},"thumbnailUrl":"https:\/\/fashiongold.lt\/wp-content\/uploads\/2025\/10\/582-b7c-Vestuvinis-ziedas-su-kvadratiniais-deimantais.jpg","datePublished":"2025-10-09T17:18:15+00:00","description":"Izcila kvalit\u0101te un tehnolo\u0123ija \u2013 izgatavoti no r\u016bd\u012bta zelta, kas ir iztur\u012bgs pret mikroplais\u0101m, nesatur ni\u0137eli un maz\u0101k skr\u0101p\u0113jas. Bezmaksas konsult\u0101cija.","breadcrumb":{"@id":"https:\/\/fashiongold.lt\/lv\/papuosalas\/laulibu-gredzens-ar-kvadratveida-dimantiem-moderns-010-ct\/#breadcrumb"},"inLanguage":"lv-LV","potentialAction":[{"@type":"ReadAction","target":["https:\/\/fashiongold.lt\/lv\/papuosalas\/laulibu-gredzens-ar-kvadratveida-dimantiem-moderns-010-ct\/"]}]},{"@type":"ImageObject","inLanguage":"lv-LV","@id":"https:\/\/fashiongold.lt\/lv\/papuosalas\/laulibu-gredzens-ar-kvadratveida-dimantiem-moderns-010-ct\/#primaryimage","url":"https:\/\/fashiongold.lt\/wp-content\/uploads\/2025\/10\/582-b7c-Vestuvinis-ziedas-su-kvadratiniais-deimantais.jpg","contentUrl":"https:\/\/fashiongold.lt\/wp-content\/uploads\/2025\/10\/582-b7c-Vestuvinis-ziedas-su-kvadratiniais-deimantais.jpg","width":500,"height":475},{"@type":"BreadcrumbList","@id":"https:\/\/fashiongold.lt\/lv\/papuosalas\/laulibu-gredzens-ar-kvadratveida-dimantiem-moderns-010-ct\/#breadcrumb","itemListElement":[{"@type":"ListItem","position":1,"name":"Home","item":"https:\/\/fashiongold.lt\/lv\/"},{"@type":"ListItem","position":2,"name":"Dimantu veikals Fashiongold.lt","item":"https:\/\/fashiongold.lt\/shop-2\/"},{"@type":"ListItem","position":3,"name":"Laul\u012bbu gredzens ar kvadr\u0101tveida dimantiem \u2013 Moderns (0,10 ct)"}]},{"@type":"WebSite","@id":"https:\/\/fashiongold.lt\/lv\/#website","url":"https:\/\/fashiongold.lt\/lv\/","name":"Fashion Gold","description":"Juvelyrikos namai","publisher":{"@id":"https:\/\/fashiongold.lt\/lv\/#organization"},"potentialAction":[{"@type":"SearchAction","target":{"@type":"EntryPoint","urlTemplate":"https:\/\/fashiongold.lt\/lv\/?s={search_term_string}"},"query-input":{"@type":"PropertyValueSpecification","valueRequired":true,"valueName":"search_term_string"}}],"inLanguage":"lv-LV"},{"@type":"Organization","@id":"https:\/\/fashiongold.lt\/lv\/#organization","name":"Topdiamonds Online","url":"https:\/\/fashiongold.lt\/lv\/","logo":{"@type":"ImageObject","inLanguage":"lv-LV","@id":"https:\/\/fashiongold.lt\/lv\/#\/schema\/logo\/image\/","url":"https:\/\/fashiongold.lt\/wp-content\/uploads\/2025\/04\/cropped-fashion_gold_logotipas2-scaled-1.png","contentUrl":"https:\/\/fashiongold.lt\/wp-content\/uploads\/2025\/04\/cropped-fashion_gold_logotipas2-scaled-1.png","width":2559,"height":421,"caption":"Topdiamonds Online"},"image":{"@id":"https:\/\/fashiongold.lt\/lv\/#\/schema\/logo\/image\/"}}]}},"_links":{"self":[{"href":"https:\/\/fashiongold.lt\/lv\/wp-json\/wp\/v2\/product\/285504","targetHints":{"allow":["GET"]}}],"collection":[{"href":"https:\/\/fashiongold.lt\/lv\/wp-json\/wp\/v2\/product"}],"about":[{"href":"https:\/\/fashiongold.lt\/lv\/wp-json\/wp\/v2\/types\/product"}],"version-history":[{"count":0,"href":"https:\/\/fashiongold.lt\/lv\/wp-json\/wp\/v2\/product\/285504\/revisions"}],"wp:featuredmedia":[{"embeddable":true,"href":"https:\/\/fashiongold.lt\/lv\/wp-json\/wp\/v2\/media\/45300"}],"wp:attachment":[{"href":"https:\/\/fashiongold.lt\/lv\/wp-json\/wp\/v2\/media?parent=285504"}],"wp:term":[{"taxonomy":"product_brand","embeddable":true,"href":"https:\/\/fashiongold.lt\/lv\/wp-json\/wp\/v2\/product_brand?post=285504"},{"taxonomy":"product_cat","embeddable":true,"href":"https:\/\/fashiongold.lt\/lv\/wp-json\/wp\/v2\/product_cat?post=285504"},{"taxonomy":"product_tag","embeddable":true,"href":"https:\/\/fashiongold.lt\/lv\/wp-json\/wp\/v2\/product_tag?post=285504"}],"curies":[{"name":"wp","href":"https:\/\/api.w.org\/{rel}","templated":true}]}}