{"id":285514,"date":"2025-10-09T17:17:51","date_gmt":"2025-10-09T17:17:51","guid":{"rendered":"https:\/\/fashiongold.lt\/papuosalas\/moderns-laulibas-gredzens-ar-dimantu-princess-010ct\/"},"modified":"2025-10-09T17:17:51","modified_gmt":"2025-10-09T17:17:51","slug":"moderns-laulibas-gredzens-ar-dimantu-princess-010ct","status":"publish","type":"product","link":"https:\/\/fashiongold.lt\/lv\/papuosalas\/moderns-laulibas-gredzens-ar-dimantu-princess-010ct\/","title":{"rendered":"Moderns laul\u012bbas gredzens ar dimantu \u2013 Princess (0,10ct)"},"content":{"rendered":"<p>&#8220;Gerstner&#8221;, V\u0101cijas k\u0101zu gredzenu ra\u017eot\u0101js ar 150 gadu pieredzi, pied\u0101v\u0101 augst\u0101k\u0101s kvalit\u0101tes gredzenus. Neatvair\u0101ma skaistuma k\u0101zu gredzeni ar ekskluz\u012bvu stilu, augstu kvalit\u0101ti un komforta zonu. Lieliska izv\u0113le, kas atspogu\u013co j\u016bsu m\u012blas st\u0101stu. To tehnolo\u0123ija ir unik\u0101la \u2013 k\u0101zu gredzeni tiek izgatavoti no r\u016bd\u012bta zelta, kas ir iztur\u012bgs pret mikroplais\u0101m, nesatur ni\u0137eli un maz\u0101k skr\u0101p\u0113jas. Gredzenu var izgatavot p\u0113c pas\u016bt\u012bjuma: no sarkan\u0101, dzelten\u0101 un balt\u0101 zelta, par papildu samaksu, da\u017e\u0101dos gredzena platumos vai ar dimantiem. <\/p>\n<p>\u2022 Gredzena zelts: 14 K (585 prove), varam izgatavot no 10K (375 prove), 18K (750 prove), Pt600, Pt950<\/p>\n<p>\u2022 Gredzena kr\u0101sa: var izv\u0113l\u0113ties baltu, dzeltenu, sarkanu zeltu vai ar citas kr\u0101sas mali\u0146\u0101m.<\/p>\n<p>\u2022 Gredzenu p\u0101ra svars (atkar\u012bgs no izm\u0113ra un proves): p\u0113c fakta<\/p>\n<p>\u2022 Gredzena izm\u0113ri: platums 6 mm, augstums 2.2 mm (var main\u012bt)<\/p>\n<p>\u2022 Gredzena komforta zona: ir<\/p>\n<p>\u2022 Dimanta veids: Dab\u012bgais dimants (var main\u012bt)<\/p>\n<p>\u2022 Dimanta forma: Kvadr\u0101ta formas dimants (var main\u012bt)<\/p>\n<p>\u2022 Dimanta raksturojums: 0,10 ct (kr\u0101sa RW-W, G-H), dzidrums VS-SI) (var main\u012bt)<\/p>\n<p>\u2022 Sertifik\u0101ts: Lietuvas Prove\u0161anas pal\u0101ta (LPR) un Gerstner komp\u0101nijas<\/p>\n<p>\u2022 Grav\u0113\u0161ana bez maksas<\/p>\n<p>\u2022 Vienreiz\u0113ja bezmaksas gredzena izm\u0113ra mai\u0146as garantija<\/p>\n<p>\u2022 Izgatavo\u0161anas un pieg\u0101des termi\u0146\u0161 no 14 darba dien\u0101m, steidzam\u012bbas k\u0101rt\u0101 3 d.d. laik\u0101.<\/p>\n<p><strong>Vai jums ir savs zelts? Sazinieties ar mums, m\u0113s p\u0101rr\u0113\u0137in\u0101sim cenu \u2013 j\u016bs maks\u0101siet tikai par gredzenu izgatavo\u0161anu.<\/strong><\/p>\n","protected":false},"excerpt":{"rendered":"<p>Moderns 6 mm zelta laul\u012bbas gredzens ar 0,10 ct kvadr\u0101tveida dimantu, roku darbs. Ide\u0101la izv\u0113le tiem, kuri nov\u0113rt\u0113 augstu kvalit\u0101ti un komfortu. Izgatavots V\u0101cij\u0101, uz\u0146\u0113mum\u0101 \u201eGerstner\u201c, iev\u0113rojot augst\u0101kos standartus. Gredzena forma no \u0101rpuses ir nedaudz izliekta, un iek\u0161pus\u0113 ir minim\u0101la komforta zona, nodro\u0161inot maksim\u0101lu \u0113rtumu ikdienas n\u0113s\u0101\u0161anai.<\/p>\n","protected":false},"featured_media":45240,"template":"","meta":{"site-sidebar-layout":"","site-content-layout":"","ast-site-content-layout":"","site-content-style":"","site-sidebar-style":"","ast-global-header-display":"","ast-banner-title-visibility":"","ast-main-header-display":"","ast-hfb-above-header-display":"","ast-hfb-below-header-display":"","ast-hfb-mobile-header-display":"","site-post-title":"","ast-breadcrumbs-content":"","ast-featured-img":"","footer-sml-layout":"","ast-disable-related-posts":"","theme-transparent-header-meta":"","adv-header-id-meta":"","stick-header-meta":"","header-above-stick-meta":"","header-main-stick-meta":"","header-below-stick-meta":"","astra-migrate-meta-layouts":"default","ast-page-background-enabled":"default","ast-page-background-meta":{"desktop":{"background-color":"var(--ast-global-color-4)","background-image":"","background-repeat":"repeat","background-position":"center center","background-size":"auto","background-attachment":"scroll","background-type":"","background-media":"","overlay-type":"","overlay-color":"","overlay-opacity":"","overlay-gradient":""},"tablet":{"background-color":"","background-image":"","background-repeat":"repeat","background-position":"center center","background-size":"auto","background-attachment":"scroll","background-type":"","background-media":"","overlay-type":"","overlay-color":"","overlay-opacity":"","overlay-gradient":""},"mobile":{"background-color":"","background-image":"","background-repeat":"repeat","background-position":"center center","background-size":"auto","background-attachment":"scroll","background-type":"","background-media":"","overlay-type":"","overlay-color":"","overlay-opacity":"","overlay-gradient":""}},"ast-content-background-meta":{"desktop":{"background-color":"var(--ast-global-color-5)","background-image":"","background-repeat":"repeat","background-position":"center center","background-size":"auto","background-attachment":"scroll","background-type":"","background-media":"","overlay-type":"","overlay-color":"","overlay-opacity":"","overlay-gradient":""},"tablet":{"background-color":"var(--ast-global-color-5)","background-image":"","background-repeat":"repeat","background-position":"center center","background-size":"auto","background-attachment":"scroll","background-type":"","background-media":"","overlay-type":"","overlay-color":"","overlay-opacity":"","overlay-gradient":""},"mobile":{"background-color":"var(--ast-global-color-5)","background-image":"","background-repeat":"repeat","background-position":"center center","background-size":"auto","background-attachment":"scroll","background-type":"","background-media":"","overlay-type":"","overlay-color":"","overlay-opacity":"","overlay-gradient":""}}},"product_brand":[],"product_cat":[3524,3527,3616,3810],"product_tag":[],"class_list":{"0":"post-285514","1":"product","2":"type-product","3":"status-publish","4":"has-post-thumbnail","6":"product_cat-kazu-gredzeni","7":"product_cat-moderni-kazu-gredzeni","8":"product_cat-sieviesu-laulibu-gredzeni","9":"product_cat-vacu-laulibu-gredzeni-gerstner","10":"desktop-align-center","11":"tablet-align-left","12":"mobile-align-left","13":"ast-product-gallery-layout-horizontal-slider","14":"ast-product-gallery-with-no-image","15":"ast-product-single-variable","16":"ast-product-tabs-layout-accordion","17":"ast-qv-on-image","19":"first","20":"instock","21":"taxable","22":"shipping-taxable","23":"purchasable","24":"product-type-variable"},"yoast_head":"<!-- This site is optimized with the Yoast SEO plugin v26.6 - https:\/\/yoast.com\/wordpress\/plugins\/seo\/ -->\n<title>Moderns k\u0101zu gredzens ar dimantu - Princess I FashionGold.lt<\/title>\n<meta name=\"description\" content=\"Moderns 6 mm zelta laul\u012bbas gredzens ar 0,10 ct kvadr\u0101tveida dimantu. Ra\u017eots V\u0101cij\u0101, uz\u0146\u0113mum\u0101 \u201eGerstner\u201c, iev\u0113rojot augst\u0101kos standartus.\" \/>\n<meta name=\"robots\" content=\"index, follow, max-snippet:-1, max-image-preview:large, max-video-preview:-1\" \/>\n<link rel=\"canonical\" href=\"https:\/\/fashiongold.lt\/lv\/papuosalas\/moderns-laulibas-gredzens-ar-dimantu-princess-010ct\/\" \/>\n<meta property=\"og:locale\" content=\"lv_LV\" \/>\n<meta property=\"og:type\" content=\"article\" \/>\n<meta property=\"og:title\" content=\"Moderns k\u0101zu gredzens ar dimantu - Princess I FashionGold.lt\" \/>\n<meta property=\"og:description\" content=\"Moderns 6 mm zelta laul\u012bbas gredzens ar 0,10 ct kvadr\u0101tveida dimantu. Ra\u017eots V\u0101cij\u0101, uz\u0146\u0113mum\u0101 \u201eGerstner\u201c, iev\u0113rojot augst\u0101kos standartus.\" \/>\n<meta property=\"og:url\" content=\"https:\/\/fashiongold.lt\/lv\/papuosalas\/moderns-laulibas-gredzens-ar-dimantu-princess-010ct\/\" \/>\n<meta property=\"og:site_name\" content=\"FashionGold.lt\" \/>\n<meta property=\"og:image\" content=\"https:\/\/fashiongold.lt\/wp-content\/uploads\/2025\/10\/580-e3f-Modernus-vestuvinis-ziedas-su-deimantu-Princess.webp\" \/>\n\t<meta property=\"og:image:width\" content=\"570\" \/>\n\t<meta property=\"og:image:height\" content=\"660\" \/>\n\t<meta property=\"og:image:type\" content=\"image\/jpeg\" \/>\n<meta name=\"twitter:card\" content=\"summary_large_image\" \/>\n<meta name=\"twitter:label1\" content=\"Est. reading time\" \/>\n\t<meta name=\"twitter:data1\" content=\"1 minute\" \/>\n<script type=\"application\/ld+json\" class=\"yoast-schema-graph\">{\"@context\":\"https:\/\/schema.org\",\"@graph\":[{\"@type\":\"WebPage\",\"@id\":\"https:\/\/fashiongold.lt\/lv\/papuosalas\/moderns-laulibas-gredzens-ar-dimantu-princess-010ct\/\",\"url\":\"https:\/\/fashiongold.lt\/lv\/papuosalas\/moderns-laulibas-gredzens-ar-dimantu-princess-010ct\/\",\"name\":\"Moderns k\u0101zu gredzens ar dimantu - Princess I FashionGold.lt\",\"isPartOf\":{\"@id\":\"https:\/\/fashiongold.lt\/lv\/#website\"},\"primaryImageOfPage\":{\"@id\":\"https:\/\/fashiongold.lt\/lv\/papuosalas\/moderns-laulibas-gredzens-ar-dimantu-princess-010ct\/#primaryimage\"},\"image\":{\"@id\":\"https:\/\/fashiongold.lt\/lv\/papuosalas\/moderns-laulibas-gredzens-ar-dimantu-princess-010ct\/#primaryimage\"},\"thumbnailUrl\":\"https:\/\/fashiongold.lt\/wp-content\/uploads\/2025\/10\/580-e3f-Modernus-vestuvinis-ziedas-su-deimantu-Princess.jpg\",\"datePublished\":\"2025-10-09T17:17:51+00:00\",\"description\":\"Moderns 6 mm zelta laul\u012bbas gredzens ar 0,10 ct kvadr\u0101tveida dimantu. Ra\u017eots V\u0101cij\u0101, uz\u0146\u0113mum\u0101 \u201eGerstner\u201c, iev\u0113rojot augst\u0101kos standartus.\",\"breadcrumb\":{\"@id\":\"https:\/\/fashiongold.lt\/lv\/papuosalas\/moderns-laulibas-gredzens-ar-dimantu-princess-010ct\/#breadcrumb\"},\"inLanguage\":\"lv-LV\",\"potentialAction\":[{\"@type\":\"ReadAction\",\"target\":[\"https:\/\/fashiongold.lt\/lv\/papuosalas\/moderns-laulibas-gredzens-ar-dimantu-princess-010ct\/\"]}]},{\"@type\":\"ImageObject\",\"inLanguage\":\"lv-LV\",\"@id\":\"https:\/\/fashiongold.lt\/lv\/papuosalas\/moderns-laulibas-gredzens-ar-dimantu-princess-010ct\/#primaryimage\",\"url\":\"https:\/\/fashiongold.lt\/wp-content\/uploads\/2025\/10\/580-e3f-Modernus-vestuvinis-ziedas-su-deimantu-Princess.jpg\",\"contentUrl\":\"https:\/\/fashiongold.lt\/wp-content\/uploads\/2025\/10\/580-e3f-Modernus-vestuvinis-ziedas-su-deimantu-Princess.jpg\",\"width\":570,\"height\":660},{\"@type\":\"BreadcrumbList\",\"@id\":\"https:\/\/fashiongold.lt\/lv\/papuosalas\/moderns-laulibas-gredzens-ar-dimantu-princess-010ct\/#breadcrumb\",\"itemListElement\":[{\"@type\":\"ListItem\",\"position\":1,\"name\":\"Home\",\"item\":\"https:\/\/fashiongold.lt\/lv\/\"},{\"@type\":\"ListItem\",\"position\":2,\"name\":\"Dimantu veikals Fashiongold.lt\",\"item\":\"https:\/\/fashiongold.lt\/shop-2\/\"},{\"@type\":\"ListItem\",\"position\":3,\"name\":\"Moderns laul\u012bbas gredzens ar dimantu \u2013 Princess (0,10ct)\"}]},{\"@type\":\"WebSite\",\"@id\":\"https:\/\/fashiongold.lt\/lv\/#website\",\"url\":\"https:\/\/fashiongold.lt\/lv\/\",\"name\":\"Fashion Gold\",\"description\":\"Juvelyrikos namai\",\"publisher\":{\"@id\":\"https:\/\/fashiongold.lt\/lv\/#organization\"},\"potentialAction\":[{\"@type\":\"SearchAction\",\"target\":{\"@type\":\"EntryPoint\",\"urlTemplate\":\"https:\/\/fashiongold.lt\/lv\/?s={search_term_string}\"},\"query-input\":{\"@type\":\"PropertyValueSpecification\",\"valueRequired\":true,\"valueName\":\"search_term_string\"}}],\"inLanguage\":\"lv-LV\"},{\"@type\":\"Organization\",\"@id\":\"https:\/\/fashiongold.lt\/lv\/#organization\",\"name\":\"Topdiamonds Online\",\"url\":\"https:\/\/fashiongold.lt\/lv\/\",\"logo\":{\"@type\":\"ImageObject\",\"inLanguage\":\"lv-LV\",\"@id\":\"https:\/\/fashiongold.lt\/lv\/#\/schema\/logo\/image\/\",\"url\":\"https:\/\/fashiongold.lt\/wp-content\/uploads\/2025\/04\/cropped-fashion_gold_logotipas2-scaled-1.png\",\"contentUrl\":\"https:\/\/fashiongold.lt\/wp-content\/uploads\/2025\/04\/cropped-fashion_gold_logotipas2-scaled-1.png\",\"width\":2559,\"height\":421,\"caption\":\"Topdiamonds Online\"},\"image\":{\"@id\":\"https:\/\/fashiongold.lt\/lv\/#\/schema\/logo\/image\/\"}}]}<\/script>\n<!-- \/ Yoast SEO plugin. -->","yoast_head_json":{"title":"Moderns k\u0101zu gredzens ar dimantu - Princess I FashionGold.lt","description":"Moderns 6 mm zelta laul\u012bbas gredzens ar 0,10 ct kvadr\u0101tveida dimantu. Ra\u017eots V\u0101cij\u0101, uz\u0146\u0113mum\u0101 \u201eGerstner\u201c, iev\u0113rojot augst\u0101kos standartus.","robots":{"index":"index","follow":"follow","max-snippet":"max-snippet:-1","max-image-preview":"max-image-preview:large","max-video-preview":"max-video-preview:-1"},"canonical":"https:\/\/fashiongold.lt\/lv\/papuosalas\/moderns-laulibas-gredzens-ar-dimantu-princess-010ct\/","og_locale":"lv_LV","og_type":"article","og_title":"Moderns k\u0101zu gredzens ar dimantu - Princess I FashionGold.lt","og_description":"Moderns 6 mm zelta laul\u012bbas gredzens ar 0,10 ct kvadr\u0101tveida dimantu. Ra\u017eots V\u0101cij\u0101, uz\u0146\u0113mum\u0101 \u201eGerstner\u201c, iev\u0113rojot augst\u0101kos standartus.","og_url":"https:\/\/fashiongold.lt\/lv\/papuosalas\/moderns-laulibas-gredzens-ar-dimantu-princess-010ct\/","og_site_name":"FashionGold.lt","og_image":[{"width":570,"height":660,"url":"https:\/\/fashiongold.lt\/wp-content\/uploads\/2025\/10\/580-e3f-Modernus-vestuvinis-ziedas-su-deimantu-Princess.webp","type":"image\/jpeg"}],"twitter_card":"summary_large_image","twitter_misc":{"Est. reading time":"1 minute"},"schema":{"@context":"https:\/\/schema.org","@graph":[{"@type":"WebPage","@id":"https:\/\/fashiongold.lt\/lv\/papuosalas\/moderns-laulibas-gredzens-ar-dimantu-princess-010ct\/","url":"https:\/\/fashiongold.lt\/lv\/papuosalas\/moderns-laulibas-gredzens-ar-dimantu-princess-010ct\/","name":"Moderns k\u0101zu gredzens ar dimantu - Princess I FashionGold.lt","isPartOf":{"@id":"https:\/\/fashiongold.lt\/lv\/#website"},"primaryImageOfPage":{"@id":"https:\/\/fashiongold.lt\/lv\/papuosalas\/moderns-laulibas-gredzens-ar-dimantu-princess-010ct\/#primaryimage"},"image":{"@id":"https:\/\/fashiongold.lt\/lv\/papuosalas\/moderns-laulibas-gredzens-ar-dimantu-princess-010ct\/#primaryimage"},"thumbnailUrl":"https:\/\/fashiongold.lt\/wp-content\/uploads\/2025\/10\/580-e3f-Modernus-vestuvinis-ziedas-su-deimantu-Princess.jpg","datePublished":"2025-10-09T17:17:51+00:00","description":"Moderns 6 mm zelta laul\u012bbas gredzens ar 0,10 ct kvadr\u0101tveida dimantu. Ra\u017eots V\u0101cij\u0101, uz\u0146\u0113mum\u0101 \u201eGerstner\u201c, iev\u0113rojot augst\u0101kos standartus.","breadcrumb":{"@id":"https:\/\/fashiongold.lt\/lv\/papuosalas\/moderns-laulibas-gredzens-ar-dimantu-princess-010ct\/#breadcrumb"},"inLanguage":"lv-LV","potentialAction":[{"@type":"ReadAction","target":["https:\/\/fashiongold.lt\/lv\/papuosalas\/moderns-laulibas-gredzens-ar-dimantu-princess-010ct\/"]}]},{"@type":"ImageObject","inLanguage":"lv-LV","@id":"https:\/\/fashiongold.lt\/lv\/papuosalas\/moderns-laulibas-gredzens-ar-dimantu-princess-010ct\/#primaryimage","url":"https:\/\/fashiongold.lt\/wp-content\/uploads\/2025\/10\/580-e3f-Modernus-vestuvinis-ziedas-su-deimantu-Princess.jpg","contentUrl":"https:\/\/fashiongold.lt\/wp-content\/uploads\/2025\/10\/580-e3f-Modernus-vestuvinis-ziedas-su-deimantu-Princess.jpg","width":570,"height":660},{"@type":"BreadcrumbList","@id":"https:\/\/fashiongold.lt\/lv\/papuosalas\/moderns-laulibas-gredzens-ar-dimantu-princess-010ct\/#breadcrumb","itemListElement":[{"@type":"ListItem","position":1,"name":"Home","item":"https:\/\/fashiongold.lt\/lv\/"},{"@type":"ListItem","position":2,"name":"Dimantu veikals Fashiongold.lt","item":"https:\/\/fashiongold.lt\/shop-2\/"},{"@type":"ListItem","position":3,"name":"Moderns laul\u012bbas gredzens ar dimantu \u2013 Princess (0,10ct)"}]},{"@type":"WebSite","@id":"https:\/\/fashiongold.lt\/lv\/#website","url":"https:\/\/fashiongold.lt\/lv\/","name":"Fashion Gold","description":"Juvelyrikos namai","publisher":{"@id":"https:\/\/fashiongold.lt\/lv\/#organization"},"potentialAction":[{"@type":"SearchAction","target":{"@type":"EntryPoint","urlTemplate":"https:\/\/fashiongold.lt\/lv\/?s={search_term_string}"},"query-input":{"@type":"PropertyValueSpecification","valueRequired":true,"valueName":"search_term_string"}}],"inLanguage":"lv-LV"},{"@type":"Organization","@id":"https:\/\/fashiongold.lt\/lv\/#organization","name":"Topdiamonds Online","url":"https:\/\/fashiongold.lt\/lv\/","logo":{"@type":"ImageObject","inLanguage":"lv-LV","@id":"https:\/\/fashiongold.lt\/lv\/#\/schema\/logo\/image\/","url":"https:\/\/fashiongold.lt\/wp-content\/uploads\/2025\/04\/cropped-fashion_gold_logotipas2-scaled-1.png","contentUrl":"https:\/\/fashiongold.lt\/wp-content\/uploads\/2025\/04\/cropped-fashion_gold_logotipas2-scaled-1.png","width":2559,"height":421,"caption":"Topdiamonds Online"},"image":{"@id":"https:\/\/fashiongold.lt\/lv\/#\/schema\/logo\/image\/"}}]}},"_links":{"self":[{"href":"https:\/\/fashiongold.lt\/lv\/wp-json\/wp\/v2\/product\/285514","targetHints":{"allow":["GET"]}}],"collection":[{"href":"https:\/\/fashiongold.lt\/lv\/wp-json\/wp\/v2\/product"}],"about":[{"href":"https:\/\/fashiongold.lt\/lv\/wp-json\/wp\/v2\/types\/product"}],"version-history":[{"count":0,"href":"https:\/\/fashiongold.lt\/lv\/wp-json\/wp\/v2\/product\/285514\/revisions"}],"wp:featuredmedia":[{"embeddable":true,"href":"https:\/\/fashiongold.lt\/lv\/wp-json\/wp\/v2\/media\/45240"}],"wp:attachment":[{"href":"https:\/\/fashiongold.lt\/lv\/wp-json\/wp\/v2\/media?parent=285514"}],"wp:term":[{"taxonomy":"product_brand","embeddable":true,"href":"https:\/\/fashiongold.lt\/lv\/wp-json\/wp\/v2\/product_brand?post=285514"},{"taxonomy":"product_cat","embeddable":true,"href":"https:\/\/fashiongold.lt\/lv\/wp-json\/wp\/v2\/product_cat?post=285514"},{"taxonomy":"product_tag","embeddable":true,"href":"https:\/\/fashiongold.lt\/lv\/wp-json\/wp\/v2\/product_tag?post=285514"}],"curies":[{"name":"wp","href":"https:\/\/api.w.org\/{rel}","templated":true}]}}