{"id":285638,"date":"2025-10-09T17:16:08","date_gmt":"2025-10-09T17:16:08","guid":{"rendered":"https:\/\/fashiongold.lt\/papuosalas\/vacu-laulibas-gredzens-bez-dimanta-top\/"},"modified":"2025-10-09T17:16:08","modified_gmt":"2025-10-09T17:16:08","slug":"vacu-laulibas-gredzens-bez-dimanta-top","status":"publish","type":"product","link":"https:\/\/fashiongold.lt\/lv\/papuosalas\/vacu-laulibas-gredzens-bez-dimanta-top\/","title":{"rendered":"V\u0101cu laul\u012bbas gredzens bez dimanta \u2013 Top"},"content":{"rendered":"<p>&#8220;Gerstner&#8221;, V\u0101cijas laul\u012bbu gredzenu ra\u017eot\u0101js ar 150 gadu pieredzi, pied\u0101v\u0101 augst\u0101k\u0101s kvalit\u0101tes gredzenus. Neatk\u0101rtojama skaistuma laul\u012bbu gredzeni ar ekskluz\u012bvu stilu, augstu kvalit\u0101ti un komforta zonu. Lieliska izv\u0113le, kas atspogu\u013co j\u016bsu m\u012blas st\u0101stu. Vi\u0146u tehnolo\u0123ija ir unik\u0101la \u2013 laul\u012bbu gredzeni tiek izgatavoti no r\u016bd\u012bta zelta, kas ir iztur\u012bgs pret mikroplais\u0101m, nesatur ni\u0137eli un maz\u0101k skr\u0101p\u0113jas. Gredzens var tikt izgatavots p\u0113c pas\u016bt\u012bjuma: no sarkan\u0101, dzelten\u0101 un balt\u0101 zelta, par papildu samaksu, da\u017e\u0101dos gredzena platumos vai ar dimantiem.<\/p>\n<p>\u2022 Gredzena zelts: 14 K (585. prove), varam izgatavot no 10K (375. proves), 18K (750. proves), Pt600, Pt950\u00a0 \u00a0 \u00a0 \u00a0<\/p>\n<p>\u2022 Gredzena kr\u0101sa: var izv\u0113l\u0113ties balto, dzelteno, sarkanu zeltu vai ar citas kr\u0101sas mal\u0101m.\u00a0 \u00a0 \u00a0 \u00a0 \u00a0<\/p>\n<p>\u2022 Gredzenu p\u0101ra svars (atkar\u012bgs no izm\u0113ra un proves): p\u0113c fakta\u00a0 \u00a0 \u00a0 \u00a0 \u00a0<\/p>\n<p>\u2022 Gredzena izm\u0113ri: platums 3 mm, augstums 1.5 mm (var main\u012bt)\u00a0 \u00a0 \u00a0<\/p>\n<p>\u2022 Gredzena komforta zona: ir\u00a0 \u00a0<\/p>\n<p>\u2022 Dimanta veids: nav (var main\u012bt) \u00a0\u00a0 \u00a0 \u00a0\u00a0<\/p>\n<p>\u2022 Dimanta forma: nav (var main\u012bt) \u00a0\u00a0 \u00a0 \u00a0\u00a0<\/p>\n<p>\u2022 Dimanta raksturojums: nav (var main\u012bt)\u00a0 \u00a0 \u00a0 \u00a0 \u00a0<\/p>\n<p>\u2022 Sertifik\u0101ts: Lietuvas Prob\u0101cijas pal\u0101ta (LPR) un Gerstner komp\u0101nijas\u00a0 \u00a0 \u00a0<\/p>\n<p>\u2022 Grav\u0113\u0161ana bez maksas\u00a0<\/p>\n<p>\u2022 Vienreiz\u0113ja bezmaksas gredzena izm\u0113ra mai\u0146as garantija\u00a0<\/p>\n<p>\u2022 Izgatavo\u0161anas un pieg\u0101des termi\u0146\u0161 no 14 darba dien\u0101m, steidzam\u012bbas k\u0101rt\u0101 3 d.d. laik\u0101\u00a0<\/p>\n<p><strong>Vai jums ir savs zelts? Sazinieties ar mums, m\u0113s p\u0101rr\u0113\u0137in\u0101sim cenu \u2013 maks\u0101siet tikai par gredzenu izgatavo\u0161anu.<\/strong><\/p>\n","protected":false},"excerpt":{"rendered":"<p>3,0 mm minim\u0101listisks laul\u012bbas gredzens \u2013 subtils dizains ar punkti\u0146iem. Augst\u0101k\u0101s kvalit\u0101tes, izgatavots V\u0101cij\u0101 \u2013 \u201eGerstner\u201c uz\u0146\u0113mum\u0101. Viegli izliekta forma no \u0101rpuses un iek\u0161puses. Komforta zona nodro\u0161ina maksim\u0101lu \u0113rtumu.<\/p>\n","protected":false},"featured_media":44643,"template":"","meta":{"site-sidebar-layout":"","site-content-layout":"","ast-site-content-layout":"","site-content-style":"","site-sidebar-style":"","ast-global-header-display":"","ast-banner-title-visibility":"","ast-main-header-display":"","ast-hfb-above-header-display":"","ast-hfb-below-header-display":"","ast-hfb-mobile-header-display":"","site-post-title":"","ast-breadcrumbs-content":"","ast-featured-img":"","footer-sml-layout":"","ast-disable-related-posts":"","theme-transparent-header-meta":"","adv-header-id-meta":"","stick-header-meta":"","header-above-stick-meta":"","header-main-stick-meta":"","header-below-stick-meta":"","astra-migrate-meta-layouts":"default","ast-page-background-enabled":"default","ast-page-background-meta":{"desktop":{"background-color":"var(--ast-global-color-4)","background-image":"","background-repeat":"repeat","background-position":"center center","background-size":"auto","background-attachment":"scroll","background-type":"","background-media":"","overlay-type":"","overlay-color":"","overlay-opacity":"","overlay-gradient":""},"tablet":{"background-color":"","background-image":"","background-repeat":"repeat","background-position":"center center","background-size":"auto","background-attachment":"scroll","background-type":"","background-media":"","overlay-type":"","overlay-color":"","overlay-opacity":"","overlay-gradient":""},"mobile":{"background-color":"","background-image":"","background-repeat":"repeat","background-position":"center center","background-size":"auto","background-attachment":"scroll","background-type":"","background-media":"","overlay-type":"","overlay-color":"","overlay-opacity":"","overlay-gradient":""}},"ast-content-background-meta":{"desktop":{"background-color":"var(--ast-global-color-5)","background-image":"","background-repeat":"repeat","background-position":"center center","background-size":"auto","background-attachment":"scroll","background-type":"","background-media":"","overlay-type":"","overlay-color":"","overlay-opacity":"","overlay-gradient":""},"tablet":{"background-color":"var(--ast-global-color-5)","background-image":"","background-repeat":"repeat","background-position":"center center","background-size":"auto","background-attachment":"scroll","background-type":"","background-media":"","overlay-type":"","overlay-color":"","overlay-opacity":"","overlay-gradient":""},"mobile":{"background-color":"var(--ast-global-color-5)","background-image":"","background-repeat":"repeat","background-position":"center center","background-size":"auto","background-attachment":"scroll","background-type":"","background-media":"","overlay-type":"","overlay-color":"","overlay-opacity":"","overlay-gradient":""}}},"product_brand":[],"product_cat":[3824,3524,3523,3829,3527,3810,3769],"product_tag":[],"class_list":{"0":"post-285638","1":"product","2":"type-product","3":"status-publish","4":"has-post-thumbnail","6":"product_cat-divu-zelta-krasu-laulibu-gredzeni","7":"product_cat-kazu-gredzeni","8":"product_cat-klasiskie-laulibu-gredzeni","9":"product_cat-minimalistiski-kazu-gredzeni","10":"product_cat-moderni-kazu-gredzeni","11":"product_cat-vacu-laulibu-gredzeni-gerstner","12":"product_cat-viriesu-laulibu-gredzeni","13":"desktop-align-center","14":"tablet-align-left","15":"mobile-align-left","16":"ast-product-gallery-layout-horizontal-slider","17":"ast-product-gallery-with-no-image","18":"ast-product-single-variable","19":"ast-product-tabs-layout-accordion","20":"ast-qv-on-image","22":"first","23":"instock","24":"taxable","25":"shipping-taxable","26":"purchasable","27":"product-type-variable"},"yoast_head":"<!-- This site is optimized with the Yoast SEO plugin v26.6 - https:\/\/yoast.com\/wordpress\/plugins\/seo\/ -->\n<title>V\u0101cu laul\u012bbas gredzens bez dimanta - TOP I FashionGold.lt<\/title>\n<meta name=\"description\" content=\"3 mm minim\u0101listisks laul\u012bbas gredzens \u2013 subtils dizains ar dimantu un punkti\u0146iem. Augst\u0101k\u0101s kvalit\u0101tes, ra\u017eots V\u0101cij\u0101 \u2013 uz\u0146\u0113mum\u0101 \u201eGerstner\u201d.\" \/>\n<meta name=\"robots\" content=\"index, follow, max-snippet:-1, max-image-preview:large, max-video-preview:-1\" \/>\n<link rel=\"canonical\" href=\"https:\/\/fashiongold.lt\/lv\/papuosalas\/vacu-laulibas-gredzens-bez-dimanta-top\/\" \/>\n<meta property=\"og:locale\" content=\"lv_LV\" \/>\n<meta property=\"og:type\" content=\"article\" \/>\n<meta property=\"og:title\" content=\"V\u0101cu laul\u012bbas gredzens bez dimanta - TOP I FashionGold.lt\" \/>\n<meta property=\"og:description\" content=\"3 mm minim\u0101listisks laul\u012bbas gredzens \u2013 subtils dizains ar dimantu un punkti\u0146iem. Augst\u0101k\u0101s kvalit\u0101tes, ra\u017eots V\u0101cij\u0101 \u2013 uz\u0146\u0113mum\u0101 \u201eGerstner\u201d.\" \/>\n<meta property=\"og:url\" content=\"https:\/\/fashiongold.lt\/lv\/papuosalas\/vacu-laulibas-gredzens-bez-dimanta-top\/\" \/>\n<meta property=\"og:site_name\" content=\"FashionGold.lt\" \/>\n<meta property=\"og:image\" content=\"https:\/\/fashiongold.lt\/wp-content\/uploads\/2025\/10\/9941-dea-Vokiskas-vestuvinis-ziedas-be-deimanto-Top.webp\" \/>\n\t<meta property=\"og:image:width\" content=\"1000\" \/>\n\t<meta property=\"og:image:height\" content=\"1000\" \/>\n\t<meta property=\"og:image:type\" content=\"image\/png\" \/>\n<meta name=\"twitter:card\" content=\"summary_large_image\" \/>\n<meta name=\"twitter:label1\" content=\"Est. reading time\" \/>\n\t<meta name=\"twitter:data1\" content=\"1 minute\" \/>\n<script type=\"application\/ld+json\" class=\"yoast-schema-graph\">{\"@context\":\"https:\/\/schema.org\",\"@graph\":[{\"@type\":\"WebPage\",\"@id\":\"https:\/\/fashiongold.lt\/lv\/papuosalas\/vacu-laulibas-gredzens-bez-dimanta-top\/\",\"url\":\"https:\/\/fashiongold.lt\/lv\/papuosalas\/vacu-laulibas-gredzens-bez-dimanta-top\/\",\"name\":\"V\u0101cu laul\u012bbas gredzens bez dimanta - TOP I FashionGold.lt\",\"isPartOf\":{\"@id\":\"https:\/\/fashiongold.lt\/lv\/#website\"},\"primaryImageOfPage\":{\"@id\":\"https:\/\/fashiongold.lt\/lv\/papuosalas\/vacu-laulibas-gredzens-bez-dimanta-top\/#primaryimage\"},\"image\":{\"@id\":\"https:\/\/fashiongold.lt\/lv\/papuosalas\/vacu-laulibas-gredzens-bez-dimanta-top\/#primaryimage\"},\"thumbnailUrl\":\"https:\/\/fashiongold.lt\/wp-content\/uploads\/2025\/10\/9941-dea-Vokiskas-vestuvinis-ziedas-be-deimanto-Top.png\",\"datePublished\":\"2025-10-09T17:16:08+00:00\",\"description\":\"3 mm minim\u0101listisks laul\u012bbas gredzens \u2013 subtils dizains ar dimantu un punkti\u0146iem. Augst\u0101k\u0101s kvalit\u0101tes, ra\u017eots V\u0101cij\u0101 \u2013 uz\u0146\u0113mum\u0101 \u201eGerstner\u201d.\",\"breadcrumb\":{\"@id\":\"https:\/\/fashiongold.lt\/lv\/papuosalas\/vacu-laulibas-gredzens-bez-dimanta-top\/#breadcrumb\"},\"inLanguage\":\"lv-LV\",\"potentialAction\":[{\"@type\":\"ReadAction\",\"target\":[\"https:\/\/fashiongold.lt\/lv\/papuosalas\/vacu-laulibas-gredzens-bez-dimanta-top\/\"]}]},{\"@type\":\"ImageObject\",\"inLanguage\":\"lv-LV\",\"@id\":\"https:\/\/fashiongold.lt\/lv\/papuosalas\/vacu-laulibas-gredzens-bez-dimanta-top\/#primaryimage\",\"url\":\"https:\/\/fashiongold.lt\/wp-content\/uploads\/2025\/10\/9941-dea-Vokiskas-vestuvinis-ziedas-be-deimanto-Top.png\",\"contentUrl\":\"https:\/\/fashiongold.lt\/wp-content\/uploads\/2025\/10\/9941-dea-Vokiskas-vestuvinis-ziedas-be-deimanto-Top.png\",\"width\":1000,\"height\":1000},{\"@type\":\"BreadcrumbList\",\"@id\":\"https:\/\/fashiongold.lt\/lv\/papuosalas\/vacu-laulibas-gredzens-bez-dimanta-top\/#breadcrumb\",\"itemListElement\":[{\"@type\":\"ListItem\",\"position\":1,\"name\":\"Home\",\"item\":\"https:\/\/fashiongold.lt\/lv\/\"},{\"@type\":\"ListItem\",\"position\":2,\"name\":\"Dimantu veikals Fashiongold.lt\",\"item\":\"https:\/\/fashiongold.lt\/shop-2\/\"},{\"@type\":\"ListItem\",\"position\":3,\"name\":\"V\u0101cu laul\u012bbas gredzens bez dimanta \u2013 Top\"}]},{\"@type\":\"WebSite\",\"@id\":\"https:\/\/fashiongold.lt\/lv\/#website\",\"url\":\"https:\/\/fashiongold.lt\/lv\/\",\"name\":\"Fashion Gold\",\"description\":\"Juvelyrikos namai\",\"publisher\":{\"@id\":\"https:\/\/fashiongold.lt\/lv\/#organization\"},\"potentialAction\":[{\"@type\":\"SearchAction\",\"target\":{\"@type\":\"EntryPoint\",\"urlTemplate\":\"https:\/\/fashiongold.lt\/lv\/?s={search_term_string}\"},\"query-input\":{\"@type\":\"PropertyValueSpecification\",\"valueRequired\":true,\"valueName\":\"search_term_string\"}}],\"inLanguage\":\"lv-LV\"},{\"@type\":\"Organization\",\"@id\":\"https:\/\/fashiongold.lt\/lv\/#organization\",\"name\":\"Topdiamonds Online\",\"url\":\"https:\/\/fashiongold.lt\/lv\/\",\"logo\":{\"@type\":\"ImageObject\",\"inLanguage\":\"lv-LV\",\"@id\":\"https:\/\/fashiongold.lt\/lv\/#\/schema\/logo\/image\/\",\"url\":\"https:\/\/fashiongold.lt\/wp-content\/uploads\/2025\/04\/cropped-fashion_gold_logotipas2-scaled-1.png\",\"contentUrl\":\"https:\/\/fashiongold.lt\/wp-content\/uploads\/2025\/04\/cropped-fashion_gold_logotipas2-scaled-1.png\",\"width\":2559,\"height\":421,\"caption\":\"Topdiamonds Online\"},\"image\":{\"@id\":\"https:\/\/fashiongold.lt\/lv\/#\/schema\/logo\/image\/\"}}]}<\/script>\n<!-- \/ Yoast SEO plugin. -->","yoast_head_json":{"title":"V\u0101cu laul\u012bbas gredzens bez dimanta - TOP I FashionGold.lt","description":"3 mm minim\u0101listisks laul\u012bbas gredzens \u2013 subtils dizains ar dimantu un punkti\u0146iem. Augst\u0101k\u0101s kvalit\u0101tes, ra\u017eots V\u0101cij\u0101 \u2013 uz\u0146\u0113mum\u0101 \u201eGerstner\u201d.","robots":{"index":"index","follow":"follow","max-snippet":"max-snippet:-1","max-image-preview":"max-image-preview:large","max-video-preview":"max-video-preview:-1"},"canonical":"https:\/\/fashiongold.lt\/lv\/papuosalas\/vacu-laulibas-gredzens-bez-dimanta-top\/","og_locale":"lv_LV","og_type":"article","og_title":"V\u0101cu laul\u012bbas gredzens bez dimanta - TOP I FashionGold.lt","og_description":"3 mm minim\u0101listisks laul\u012bbas gredzens \u2013 subtils dizains ar dimantu un punkti\u0146iem. Augst\u0101k\u0101s kvalit\u0101tes, ra\u017eots V\u0101cij\u0101 \u2013 uz\u0146\u0113mum\u0101 \u201eGerstner\u201d.","og_url":"https:\/\/fashiongold.lt\/lv\/papuosalas\/vacu-laulibas-gredzens-bez-dimanta-top\/","og_site_name":"FashionGold.lt","og_image":[{"width":1000,"height":1000,"url":"https:\/\/fashiongold.lt\/wp-content\/uploads\/2025\/10\/9941-dea-Vokiskas-vestuvinis-ziedas-be-deimanto-Top.webp","type":"image\/png"}],"twitter_card":"summary_large_image","twitter_misc":{"Est. reading time":"1 minute"},"schema":{"@context":"https:\/\/schema.org","@graph":[{"@type":"WebPage","@id":"https:\/\/fashiongold.lt\/lv\/papuosalas\/vacu-laulibas-gredzens-bez-dimanta-top\/","url":"https:\/\/fashiongold.lt\/lv\/papuosalas\/vacu-laulibas-gredzens-bez-dimanta-top\/","name":"V\u0101cu laul\u012bbas gredzens bez dimanta - TOP I FashionGold.lt","isPartOf":{"@id":"https:\/\/fashiongold.lt\/lv\/#website"},"primaryImageOfPage":{"@id":"https:\/\/fashiongold.lt\/lv\/papuosalas\/vacu-laulibas-gredzens-bez-dimanta-top\/#primaryimage"},"image":{"@id":"https:\/\/fashiongold.lt\/lv\/papuosalas\/vacu-laulibas-gredzens-bez-dimanta-top\/#primaryimage"},"thumbnailUrl":"https:\/\/fashiongold.lt\/wp-content\/uploads\/2025\/10\/9941-dea-Vokiskas-vestuvinis-ziedas-be-deimanto-Top.png","datePublished":"2025-10-09T17:16:08+00:00","description":"3 mm minim\u0101listisks laul\u012bbas gredzens \u2013 subtils dizains ar dimantu un punkti\u0146iem. Augst\u0101k\u0101s kvalit\u0101tes, ra\u017eots V\u0101cij\u0101 \u2013 uz\u0146\u0113mum\u0101 \u201eGerstner\u201d.","breadcrumb":{"@id":"https:\/\/fashiongold.lt\/lv\/papuosalas\/vacu-laulibas-gredzens-bez-dimanta-top\/#breadcrumb"},"inLanguage":"lv-LV","potentialAction":[{"@type":"ReadAction","target":["https:\/\/fashiongold.lt\/lv\/papuosalas\/vacu-laulibas-gredzens-bez-dimanta-top\/"]}]},{"@type":"ImageObject","inLanguage":"lv-LV","@id":"https:\/\/fashiongold.lt\/lv\/papuosalas\/vacu-laulibas-gredzens-bez-dimanta-top\/#primaryimage","url":"https:\/\/fashiongold.lt\/wp-content\/uploads\/2025\/10\/9941-dea-Vokiskas-vestuvinis-ziedas-be-deimanto-Top.png","contentUrl":"https:\/\/fashiongold.lt\/wp-content\/uploads\/2025\/10\/9941-dea-Vokiskas-vestuvinis-ziedas-be-deimanto-Top.png","width":1000,"height":1000},{"@type":"BreadcrumbList","@id":"https:\/\/fashiongold.lt\/lv\/papuosalas\/vacu-laulibas-gredzens-bez-dimanta-top\/#breadcrumb","itemListElement":[{"@type":"ListItem","position":1,"name":"Home","item":"https:\/\/fashiongold.lt\/lv\/"},{"@type":"ListItem","position":2,"name":"Dimantu veikals Fashiongold.lt","item":"https:\/\/fashiongold.lt\/shop-2\/"},{"@type":"ListItem","position":3,"name":"V\u0101cu laul\u012bbas gredzens bez dimanta \u2013 Top"}]},{"@type":"WebSite","@id":"https:\/\/fashiongold.lt\/lv\/#website","url":"https:\/\/fashiongold.lt\/lv\/","name":"Fashion Gold","description":"Juvelyrikos namai","publisher":{"@id":"https:\/\/fashiongold.lt\/lv\/#organization"},"potentialAction":[{"@type":"SearchAction","target":{"@type":"EntryPoint","urlTemplate":"https:\/\/fashiongold.lt\/lv\/?s={search_term_string}"},"query-input":{"@type":"PropertyValueSpecification","valueRequired":true,"valueName":"search_term_string"}}],"inLanguage":"lv-LV"},{"@type":"Organization","@id":"https:\/\/fashiongold.lt\/lv\/#organization","name":"Topdiamonds Online","url":"https:\/\/fashiongold.lt\/lv\/","logo":{"@type":"ImageObject","inLanguage":"lv-LV","@id":"https:\/\/fashiongold.lt\/lv\/#\/schema\/logo\/image\/","url":"https:\/\/fashiongold.lt\/wp-content\/uploads\/2025\/04\/cropped-fashion_gold_logotipas2-scaled-1.png","contentUrl":"https:\/\/fashiongold.lt\/wp-content\/uploads\/2025\/04\/cropped-fashion_gold_logotipas2-scaled-1.png","width":2559,"height":421,"caption":"Topdiamonds Online"},"image":{"@id":"https:\/\/fashiongold.lt\/lv\/#\/schema\/logo\/image\/"}}]}},"_links":{"self":[{"href":"https:\/\/fashiongold.lt\/lv\/wp-json\/wp\/v2\/product\/285638","targetHints":{"allow":["GET"]}}],"collection":[{"href":"https:\/\/fashiongold.lt\/lv\/wp-json\/wp\/v2\/product"}],"about":[{"href":"https:\/\/fashiongold.lt\/lv\/wp-json\/wp\/v2\/types\/product"}],"version-history":[{"count":0,"href":"https:\/\/fashiongold.lt\/lv\/wp-json\/wp\/v2\/product\/285638\/revisions"}],"wp:featuredmedia":[{"embeddable":true,"href":"https:\/\/fashiongold.lt\/lv\/wp-json\/wp\/v2\/media\/44643"}],"wp:attachment":[{"href":"https:\/\/fashiongold.lt\/lv\/wp-json\/wp\/v2\/media?parent=285638"}],"wp:term":[{"taxonomy":"product_brand","embeddable":true,"href":"https:\/\/fashiongold.lt\/lv\/wp-json\/wp\/v2\/product_brand?post=285638"},{"taxonomy":"product_cat","embeddable":true,"href":"https:\/\/fashiongold.lt\/lv\/wp-json\/wp\/v2\/product_cat?post=285638"},{"taxonomy":"product_tag","embeddable":true,"href":"https:\/\/fashiongold.lt\/lv\/wp-json\/wp\/v2\/product_tag?post=285638"}],"curies":[{"name":"wp","href":"https:\/\/api.w.org\/{rel}","templated":true}]}}