{"id":285767,"date":"2025-10-09T17:08:11","date_gmt":"2025-10-09T17:08:11","guid":{"rendered":"https:\/\/fashiongold.lt\/papuosalas\/melnu-saldudens-perlu-rokasspradze-ar-dzeltena-zelta-aizdari-6-mm\/"},"modified":"2025-10-09T17:08:11","modified_gmt":"2025-10-09T17:08:11","slug":"melnu-saldudens-perlu-rokasspradze-ar-dzeltena-zelta-aizdari-6-mm","status":"publish","type":"product","link":"https:\/\/fashiongold.lt\/lv\/papuosalas\/melnu-saldudens-perlu-rokasspradze-ar-dzeltena-zelta-aizdari-6-mm\/","title":{"rendered":"Melnu sald\u016bdens p\u0113r\u013cu rokasspr\u0101dze ar dzelten\u0101 zelta aizdari (6 mm)"},"content":{"rendered":"<p style=\"box-sizing: inherit; margin: 0px; background-color: #fbfbfb;\"><span style=\"color: #777777; font-family: Roboto;\"><span style=\"font-size: 16px;\">Ra\u017eots It\u0101lij\u0101. P\u0113rle izstaro harmoniju un mieru sird\u012b. Jau kop\u0161 seniem laikiem p\u0113rles reprezent\u0113ja skaistumu, nevain\u012bbu un jutekliskumu, un daudzi tic\u0113ja, ka t\u0101s var piesaist\u012bt veiksmi un finansi\u0101lu labkl\u0101j\u012bbu \u012bpa\u0161niekam.\u00a0<\/span><\/span><\/p>\n<p style=\"box-sizing: inherit; margin: 0px; background-color: #fbfbfb;\"><span style=\"color: #777777; font-family: Roboto;\"><span style=\"font-size: 16px;\"> \u2022 P\u0113r\u013cu veids: Sald\u016bdens meln\u0101s p\u0113rles\u00a0 \u00a0 \u00a0<\/span><\/span><\/p>\n<p style=\"box-sizing: inherit; margin: 0px; background-color: #fbfbfb;\"><span style=\"color: #777777; font-family: Roboto;\"><span style=\"font-size: 16px;\">\u2022 P\u0113rles forma: Apa\u013ca forma (Round cut)\u00a0 \u00a0<\/span><\/span><\/p>\n<p style=\"box-sizing: inherit; margin: 0px; background-color: #fbfbfb;\"><span style=\"color: #777777; font-family: Roboto;\"><span style=\"font-size: 16px;\">\u2022 P\u0113rles raksturojums: melnas &#8211; 6 mm AA (\u013coti augsta kvalit\u0101te)\u00a0 <\/span><\/span><\/p>\n<p style=\"box-sizing: inherit; margin: 0px; background-color: #fbfbfb;\"><span style=\"color: #777777; font-family: Roboto;\"><span style=\"font-size: 16px;\">\u2022 Sertifik\u0101ts: Lietuvas Proves birojs (LPR)\u00a0 \u00a0<\/span><\/span><\/p>\n<p style=\"box-sizing: inherit; margin: 0px; background-color: #fbfbfb;\"><span style=\"color: #777777; font-family: Roboto;\"><span style=\"font-size: 16px;\">\u2022 Izstr\u0101d\u0101juma zelts: 14K (585 prove)\u00a0 \u00a0 \u00a0 \u00a0<\/span><\/span><\/p>\n<p style=\"box-sizing: inherit; margin: 0px; background-color: #fbfbfb;\"><span style=\"color: #777777; font-family: Roboto;\"><span style=\"font-size: 16px;\">\u2022 Izstr\u0101d\u0101juma kr\u0101sa: dzeltenais zelts\u00a0 \u00a0 \u00a0 \u00a0<\/span><\/span><\/p>\n<p style=\"box-sizing: inherit; margin: 0px; background-color: #fbfbfb;\"><span style=\"color: #777777; font-family: Roboto;\"><span style=\"font-size: 16px;\">\u2022 Izstr\u0101d\u0101juma svars:\u00a0 g\u00a0 \u00a0 \u00a0<\/span><\/span><\/p>\n<p style=\"box-sizing: inherit; margin: 0px; background-color: #fbfbfb;\"><span style=\"color: #777777; font-family: Roboto;\"><span style=\"font-size: 16px;\">\u2022 Izstr\u0101d\u0101juma izm\u0113ri: garums\u00a0<\/span><\/span><\/p>\n","protected":false},"excerpt":{"rendered":"<p>Ekskluz\u012bva melno sald\u016bdens p\u0113r\u013cu rokasspr\u0101dze ar dzelten\u0101 zelta aizdari, kuras dizains atg\u0101dina zelta p\u0113rl\u012bti. Piesaistiet uzman\u012bbu ar klasisku rotaslietu.<\/p>\n","protected":false},"featured_media":43635,"template":"","meta":{"site-sidebar-layout":"","site-content-layout":"","ast-site-content-layout":"","site-content-style":"","site-sidebar-style":"","ast-global-header-display":"","ast-banner-title-visibility":"","ast-main-header-display":"","ast-hfb-above-header-display":"","ast-hfb-below-header-display":"","ast-hfb-mobile-header-display":"","site-post-title":"","ast-breadcrumbs-content":"","ast-featured-img":"","footer-sml-layout":"","ast-disable-related-posts":"","theme-transparent-header-meta":"","adv-header-id-meta":"","stick-header-meta":"","header-above-stick-meta":"","header-main-stick-meta":"","header-below-stick-meta":"","astra-migrate-meta-layouts":"default","ast-page-background-enabled":"default","ast-page-background-meta":{"desktop":{"background-color":"var(--ast-global-color-4)","background-image":"","background-repeat":"repeat","background-position":"center center","background-size":"auto","background-attachment":"scroll","background-type":"","background-media":"","overlay-type":"","overlay-color":"","overlay-opacity":"","overlay-gradient":""},"tablet":{"background-color":"","background-image":"","background-repeat":"repeat","background-position":"center center","background-size":"auto","background-attachment":"scroll","background-type":"","background-media":"","overlay-type":"","overlay-color":"","overlay-opacity":"","overlay-gradient":""},"mobile":{"background-color":"","background-image":"","background-repeat":"repeat","background-position":"center center","background-size":"auto","background-attachment":"scroll","background-type":"","background-media":"","overlay-type":"","overlay-color":"","overlay-opacity":"","overlay-gradient":""}},"ast-content-background-meta":{"desktop":{"background-color":"var(--ast-global-color-5)","background-image":"","background-repeat":"repeat","background-position":"center center","background-size":"auto","background-attachment":"scroll","background-type":"","background-media":"","overlay-type":"","overlay-color":"","overlay-opacity":"","overlay-gradient":""},"tablet":{"background-color":"var(--ast-global-color-5)","background-image":"","background-repeat":"repeat","background-position":"center center","background-size":"auto","background-attachment":"scroll","background-type":"","background-media":"","overlay-type":"","overlay-color":"","overlay-opacity":"","overlay-gradient":""},"mobile":{"background-color":"var(--ast-global-color-5)","background-image":"","background-repeat":"repeat","background-position":"center center","background-size":"auto","background-attachment":"scroll","background-type":"","background-media":"","overlay-type":"","overlay-color":"","overlay-opacity":"","overlay-gradient":""}}},"product_brand":[],"product_cat":[3789,2915,2913,2921,2920,3403,2916,2914,2923,3042,2922,2982,2936,2918],"product_tag":[],"class_list":{"0":"post-285767","1":"product","2":"type-product","3":"status-publish","4":"has-post-thumbnail","6":"product_cat-aproces-ar-dimantiem","7":"product_cat-davanas-berna-piedzimsanai","8":"product_cat-davanas-dzimsanas-diena","9":"product_cat-davanas-ipasiem-gadijumiem","10":"product_cat-davanas-izlaidumam","11":"product_cat-davanas-kazam","12":"product_cat-davanas-kazu-gadadiena","13":"product_cat-davanas-sievietem","14":"product_cat-dzeltena-zelta-juvelierizstradajumi","15":"product_cat-juvelierizstradajumi","16":"product_cat-mates-dienas-davanas","17":"product_cat-perles-juvelierizstradajumi-ar-perlem","18":"product_cat-valentindienas-davanas","19":"product_cat-ziemassvetku-davanas","20":"desktop-align-center","21":"tablet-align-left","22":"mobile-align-left","23":"ast-product-gallery-layout-horizontal-slider","24":"ast-product-gallery-with-no-image","25":"ast-product-tabs-layout-accordion","26":"ast-qv-on-image","28":"first","29":"instock","30":"taxable","31":"shipping-taxable","32":"purchasable","33":"product-type-simple"},"yoast_head":"<!-- This site is optimized with the Yoast SEO plugin v26.6 - https:\/\/yoast.com\/wordpress\/plugins\/seo\/ -->\n<title>Melnu sald\u016bdens p\u0113r\u013cu rokasspr\u0101dze ar dzelten\u0101 zelta aizdari<\/title>\n<meta name=\"description\" content=\"Ekskluz\u012bva melno sald\u016bdens p\u0113r\u013cu aproce ar dzelten\u0101 zelta aizdari, kuras dizains atg\u0101dina zelta p\u0113rl\u012bti. Piesaistiet uzman\u012bbu ar klasisku rotaslietu.\" \/>\n<meta name=\"robots\" content=\"index, follow, max-snippet:-1, max-image-preview:large, max-video-preview:-1\" \/>\n<link rel=\"canonical\" href=\"https:\/\/fashiongold.lt\/lv\/papuosalas\/melnu-saldudens-perlu-rokasspradze-ar-dzeltena-zelta-aizdari-6-mm\/\" \/>\n<meta property=\"og:locale\" content=\"lv_LV\" \/>\n<meta property=\"og:type\" content=\"article\" \/>\n<meta property=\"og:title\" content=\"Melnu sald\u016bdens p\u0113r\u013cu rokasspr\u0101dze ar dzelten\u0101 zelta aizdari\" \/>\n<meta property=\"og:description\" content=\"Ekskluz\u012bva melno sald\u016bdens p\u0113r\u013cu aproce ar dzelten\u0101 zelta aizdari, kuras dizains atg\u0101dina zelta p\u0113rl\u012bti. Piesaistiet uzman\u012bbu ar klasisku rotaslietu.\" \/>\n<meta property=\"og:url\" content=\"https:\/\/fashiongold.lt\/lv\/papuosalas\/melnu-saldudens-perlu-rokasspradze-ar-dzeltena-zelta-aizdari-6-mm\/\" \/>\n<meta property=\"og:site_name\" content=\"FashionGold.lt\" \/>\n<meta property=\"og:image\" content=\"https:\/\/fashiongold.lt\/wp-content\/uploads\/2025\/10\/6429-458-Juodu-gelavandeniu-perlu-apyranke-su-geltono-aukso-uzsiegimu.webp\" \/>\n\t<meta property=\"og:image:width\" content=\"1000\" \/>\n\t<meta property=\"og:image:height\" content=\"1000\" \/>\n\t<meta property=\"og:image:type\" content=\"image\/jpeg\" \/>\n<meta name=\"twitter:card\" content=\"summary_large_image\" \/>\n<meta name=\"twitter:label1\" content=\"Est. reading time\" \/>\n\t<meta name=\"twitter:data1\" content=\"1 minute\" \/>\n<script type=\"application\/ld+json\" class=\"yoast-schema-graph\">{\"@context\":\"https:\/\/schema.org\",\"@graph\":[{\"@type\":\"WebPage\",\"@id\":\"https:\/\/fashiongold.lt\/lv\/papuosalas\/melnu-saldudens-perlu-rokasspradze-ar-dzeltena-zelta-aizdari-6-mm\/\",\"url\":\"https:\/\/fashiongold.lt\/lv\/papuosalas\/melnu-saldudens-perlu-rokasspradze-ar-dzeltena-zelta-aizdari-6-mm\/\",\"name\":\"Melnu sald\u016bdens p\u0113r\u013cu rokasspr\u0101dze ar dzelten\u0101 zelta aizdari\",\"isPartOf\":{\"@id\":\"https:\/\/fashiongold.lt\/lv\/#website\"},\"primaryImageOfPage\":{\"@id\":\"https:\/\/fashiongold.lt\/lv\/papuosalas\/melnu-saldudens-perlu-rokasspradze-ar-dzeltena-zelta-aizdari-6-mm\/#primaryimage\"},\"image\":{\"@id\":\"https:\/\/fashiongold.lt\/lv\/papuosalas\/melnu-saldudens-perlu-rokasspradze-ar-dzeltena-zelta-aizdari-6-mm\/#primaryimage\"},\"thumbnailUrl\":\"https:\/\/fashiongold.lt\/wp-content\/uploads\/2025\/10\/6429-458-Juodu-gelavandeniu-perlu-apyranke-su-geltono-aukso-uzsiegimu.jpg\",\"datePublished\":\"2025-10-09T17:08:11+00:00\",\"description\":\"Ekskluz\u012bva melno sald\u016bdens p\u0113r\u013cu aproce ar dzelten\u0101 zelta aizdari, kuras dizains atg\u0101dina zelta p\u0113rl\u012bti. Piesaistiet uzman\u012bbu ar klasisku rotaslietu.\",\"breadcrumb\":{\"@id\":\"https:\/\/fashiongold.lt\/lv\/papuosalas\/melnu-saldudens-perlu-rokasspradze-ar-dzeltena-zelta-aizdari-6-mm\/#breadcrumb\"},\"inLanguage\":\"lv-LV\",\"potentialAction\":[{\"@type\":\"ReadAction\",\"target\":[\"https:\/\/fashiongold.lt\/lv\/papuosalas\/melnu-saldudens-perlu-rokasspradze-ar-dzeltena-zelta-aizdari-6-mm\/\"]}]},{\"@type\":\"ImageObject\",\"inLanguage\":\"lv-LV\",\"@id\":\"https:\/\/fashiongold.lt\/lv\/papuosalas\/melnu-saldudens-perlu-rokasspradze-ar-dzeltena-zelta-aizdari-6-mm\/#primaryimage\",\"url\":\"https:\/\/fashiongold.lt\/wp-content\/uploads\/2025\/10\/6429-458-Juodu-gelavandeniu-perlu-apyranke-su-geltono-aukso-uzsiegimu.jpg\",\"contentUrl\":\"https:\/\/fashiongold.lt\/wp-content\/uploads\/2025\/10\/6429-458-Juodu-gelavandeniu-perlu-apyranke-su-geltono-aukso-uzsiegimu.jpg\",\"width\":1000,\"height\":1000},{\"@type\":\"BreadcrumbList\",\"@id\":\"https:\/\/fashiongold.lt\/lv\/papuosalas\/melnu-saldudens-perlu-rokasspradze-ar-dzeltena-zelta-aizdari-6-mm\/#breadcrumb\",\"itemListElement\":[{\"@type\":\"ListItem\",\"position\":1,\"name\":\"Home\",\"item\":\"https:\/\/fashiongold.lt\/lv\/\"},{\"@type\":\"ListItem\",\"position\":2,\"name\":\"Dimantu veikals Fashiongold.lt\",\"item\":\"https:\/\/fashiongold.lt\/shop-2\/\"},{\"@type\":\"ListItem\",\"position\":3,\"name\":\"Melnu sald\u016bdens p\u0113r\u013cu rokasspr\u0101dze ar dzelten\u0101 zelta aizdari (6 mm)\"}]},{\"@type\":\"WebSite\",\"@id\":\"https:\/\/fashiongold.lt\/lv\/#website\",\"url\":\"https:\/\/fashiongold.lt\/lv\/\",\"name\":\"Fashion Gold\",\"description\":\"Juvelyrikos namai\",\"publisher\":{\"@id\":\"https:\/\/fashiongold.lt\/lv\/#organization\"},\"potentialAction\":[{\"@type\":\"SearchAction\",\"target\":{\"@type\":\"EntryPoint\",\"urlTemplate\":\"https:\/\/fashiongold.lt\/lv\/?s={search_term_string}\"},\"query-input\":{\"@type\":\"PropertyValueSpecification\",\"valueRequired\":true,\"valueName\":\"search_term_string\"}}],\"inLanguage\":\"lv-LV\"},{\"@type\":\"Organization\",\"@id\":\"https:\/\/fashiongold.lt\/lv\/#organization\",\"name\":\"Topdiamonds Online\",\"url\":\"https:\/\/fashiongold.lt\/lv\/\",\"logo\":{\"@type\":\"ImageObject\",\"inLanguage\":\"lv-LV\",\"@id\":\"https:\/\/fashiongold.lt\/lv\/#\/schema\/logo\/image\/\",\"url\":\"https:\/\/fashiongold.lt\/wp-content\/uploads\/2025\/04\/cropped-fashion_gold_logotipas2-scaled-1.png\",\"contentUrl\":\"https:\/\/fashiongold.lt\/wp-content\/uploads\/2025\/04\/cropped-fashion_gold_logotipas2-scaled-1.png\",\"width\":2559,\"height\":421,\"caption\":\"Topdiamonds Online\"},\"image\":{\"@id\":\"https:\/\/fashiongold.lt\/lv\/#\/schema\/logo\/image\/\"}}]}<\/script>\n<!-- \/ Yoast SEO plugin. -->","yoast_head_json":{"title":"Melnu sald\u016bdens p\u0113r\u013cu rokasspr\u0101dze ar dzelten\u0101 zelta aizdari","description":"Ekskluz\u012bva melno sald\u016bdens p\u0113r\u013cu aproce ar dzelten\u0101 zelta aizdari, kuras dizains atg\u0101dina zelta p\u0113rl\u012bti. Piesaistiet uzman\u012bbu ar klasisku rotaslietu.","robots":{"index":"index","follow":"follow","max-snippet":"max-snippet:-1","max-image-preview":"max-image-preview:large","max-video-preview":"max-video-preview:-1"},"canonical":"https:\/\/fashiongold.lt\/lv\/papuosalas\/melnu-saldudens-perlu-rokasspradze-ar-dzeltena-zelta-aizdari-6-mm\/","og_locale":"lv_LV","og_type":"article","og_title":"Melnu sald\u016bdens p\u0113r\u013cu rokasspr\u0101dze ar dzelten\u0101 zelta aizdari","og_description":"Ekskluz\u012bva melno sald\u016bdens p\u0113r\u013cu aproce ar dzelten\u0101 zelta aizdari, kuras dizains atg\u0101dina zelta p\u0113rl\u012bti. Piesaistiet uzman\u012bbu ar klasisku rotaslietu.","og_url":"https:\/\/fashiongold.lt\/lv\/papuosalas\/melnu-saldudens-perlu-rokasspradze-ar-dzeltena-zelta-aizdari-6-mm\/","og_site_name":"FashionGold.lt","og_image":[{"width":1000,"height":1000,"url":"https:\/\/fashiongold.lt\/wp-content\/uploads\/2025\/10\/6429-458-Juodu-gelavandeniu-perlu-apyranke-su-geltono-aukso-uzsiegimu.webp","type":"image\/jpeg"}],"twitter_card":"summary_large_image","twitter_misc":{"Est. reading time":"1 minute"},"schema":{"@context":"https:\/\/schema.org","@graph":[{"@type":"WebPage","@id":"https:\/\/fashiongold.lt\/lv\/papuosalas\/melnu-saldudens-perlu-rokasspradze-ar-dzeltena-zelta-aizdari-6-mm\/","url":"https:\/\/fashiongold.lt\/lv\/papuosalas\/melnu-saldudens-perlu-rokasspradze-ar-dzeltena-zelta-aizdari-6-mm\/","name":"Melnu sald\u016bdens p\u0113r\u013cu rokasspr\u0101dze ar dzelten\u0101 zelta aizdari","isPartOf":{"@id":"https:\/\/fashiongold.lt\/lv\/#website"},"primaryImageOfPage":{"@id":"https:\/\/fashiongold.lt\/lv\/papuosalas\/melnu-saldudens-perlu-rokasspradze-ar-dzeltena-zelta-aizdari-6-mm\/#primaryimage"},"image":{"@id":"https:\/\/fashiongold.lt\/lv\/papuosalas\/melnu-saldudens-perlu-rokasspradze-ar-dzeltena-zelta-aizdari-6-mm\/#primaryimage"},"thumbnailUrl":"https:\/\/fashiongold.lt\/wp-content\/uploads\/2025\/10\/6429-458-Juodu-gelavandeniu-perlu-apyranke-su-geltono-aukso-uzsiegimu.jpg","datePublished":"2025-10-09T17:08:11+00:00","description":"Ekskluz\u012bva melno sald\u016bdens p\u0113r\u013cu aproce ar dzelten\u0101 zelta aizdari, kuras dizains atg\u0101dina zelta p\u0113rl\u012bti. Piesaistiet uzman\u012bbu ar klasisku rotaslietu.","breadcrumb":{"@id":"https:\/\/fashiongold.lt\/lv\/papuosalas\/melnu-saldudens-perlu-rokasspradze-ar-dzeltena-zelta-aizdari-6-mm\/#breadcrumb"},"inLanguage":"lv-LV","potentialAction":[{"@type":"ReadAction","target":["https:\/\/fashiongold.lt\/lv\/papuosalas\/melnu-saldudens-perlu-rokasspradze-ar-dzeltena-zelta-aizdari-6-mm\/"]}]},{"@type":"ImageObject","inLanguage":"lv-LV","@id":"https:\/\/fashiongold.lt\/lv\/papuosalas\/melnu-saldudens-perlu-rokasspradze-ar-dzeltena-zelta-aizdari-6-mm\/#primaryimage","url":"https:\/\/fashiongold.lt\/wp-content\/uploads\/2025\/10\/6429-458-Juodu-gelavandeniu-perlu-apyranke-su-geltono-aukso-uzsiegimu.jpg","contentUrl":"https:\/\/fashiongold.lt\/wp-content\/uploads\/2025\/10\/6429-458-Juodu-gelavandeniu-perlu-apyranke-su-geltono-aukso-uzsiegimu.jpg","width":1000,"height":1000},{"@type":"BreadcrumbList","@id":"https:\/\/fashiongold.lt\/lv\/papuosalas\/melnu-saldudens-perlu-rokasspradze-ar-dzeltena-zelta-aizdari-6-mm\/#breadcrumb","itemListElement":[{"@type":"ListItem","position":1,"name":"Home","item":"https:\/\/fashiongold.lt\/lv\/"},{"@type":"ListItem","position":2,"name":"Dimantu veikals Fashiongold.lt","item":"https:\/\/fashiongold.lt\/shop-2\/"},{"@type":"ListItem","position":3,"name":"Melnu sald\u016bdens p\u0113r\u013cu rokasspr\u0101dze ar dzelten\u0101 zelta aizdari (6 mm)"}]},{"@type":"WebSite","@id":"https:\/\/fashiongold.lt\/lv\/#website","url":"https:\/\/fashiongold.lt\/lv\/","name":"Fashion Gold","description":"Juvelyrikos namai","publisher":{"@id":"https:\/\/fashiongold.lt\/lv\/#organization"},"potentialAction":[{"@type":"SearchAction","target":{"@type":"EntryPoint","urlTemplate":"https:\/\/fashiongold.lt\/lv\/?s={search_term_string}"},"query-input":{"@type":"PropertyValueSpecification","valueRequired":true,"valueName":"search_term_string"}}],"inLanguage":"lv-LV"},{"@type":"Organization","@id":"https:\/\/fashiongold.lt\/lv\/#organization","name":"Topdiamonds Online","url":"https:\/\/fashiongold.lt\/lv\/","logo":{"@type":"ImageObject","inLanguage":"lv-LV","@id":"https:\/\/fashiongold.lt\/lv\/#\/schema\/logo\/image\/","url":"https:\/\/fashiongold.lt\/wp-content\/uploads\/2025\/04\/cropped-fashion_gold_logotipas2-scaled-1.png","contentUrl":"https:\/\/fashiongold.lt\/wp-content\/uploads\/2025\/04\/cropped-fashion_gold_logotipas2-scaled-1.png","width":2559,"height":421,"caption":"Topdiamonds Online"},"image":{"@id":"https:\/\/fashiongold.lt\/lv\/#\/schema\/logo\/image\/"}}]}},"_links":{"self":[{"href":"https:\/\/fashiongold.lt\/lv\/wp-json\/wp\/v2\/product\/285767","targetHints":{"allow":["GET"]}}],"collection":[{"href":"https:\/\/fashiongold.lt\/lv\/wp-json\/wp\/v2\/product"}],"about":[{"href":"https:\/\/fashiongold.lt\/lv\/wp-json\/wp\/v2\/types\/product"}],"version-history":[{"count":0,"href":"https:\/\/fashiongold.lt\/lv\/wp-json\/wp\/v2\/product\/285767\/revisions"}],"wp:featuredmedia":[{"embeddable":true,"href":"https:\/\/fashiongold.lt\/lv\/wp-json\/wp\/v2\/media\/43635"}],"wp:attachment":[{"href":"https:\/\/fashiongold.lt\/lv\/wp-json\/wp\/v2\/media?parent=285767"}],"wp:term":[{"taxonomy":"product_brand","embeddable":true,"href":"https:\/\/fashiongold.lt\/lv\/wp-json\/wp\/v2\/product_brand?post=285767"},{"taxonomy":"product_cat","embeddable":true,"href":"https:\/\/fashiongold.lt\/lv\/wp-json\/wp\/v2\/product_cat?post=285767"},{"taxonomy":"product_tag","embeddable":true,"href":"https:\/\/fashiongold.lt\/lv\/wp-json\/wp\/v2\/product_tag?post=285767"}],"curies":[{"name":"wp","href":"https:\/\/api.w.org\/{rel}","templated":true}]}}