{"id":285777,"date":"2025-10-09T17:08:10","date_gmt":"2025-10-09T17:08:10","guid":{"rendered":"https:\/\/fashiongold.lt\/papuosalas\/dimantu-mirdzums-klasiski-balta-zelta-auskari-ar-dimantiem-050-ct\/"},"modified":"2025-10-09T17:08:10","modified_gmt":"2025-10-09T17:08:10","slug":"dimantu-mirdzums-klasiski-balta-zelta-auskari-ar-dimantiem-050-ct","status":"publish","type":"product","link":"https:\/\/fashiongold.lt\/lv\/papuosalas\/dimantu-mirdzums-klasiski-balta-zelta-auskari-ar-dimantiem-050-ct\/","title":{"rendered":"Dimantu mirdzums \u2013 Klasiski balt\u0101 zelta auskari ar dimantiem (0,50 ct)"},"content":{"rendered":"<p>Klasiski balt\u0101 zelta auskari ar dimantiem. Balt\u0101 zelta kron\u012btis ir skaisti ieskauts baltaj\u0101 zelt\u0101, izce\u013cot dimantu skaistumu. \u0160ie klasisk\u0101 stila auskari izce\u013c ikvienu mirkli. Lieliska d\u0101vanas ideja dzim\u0161anas dien\u0101, Ziemassv\u0113tkos, k\u0101z\u0101s, krist\u012bb\u0101s un citos \u012bpa\u0161os gad\u012bjumos.<\/p>\n<p>Balt\u0101 zelta auskari ar \u012bstiem briljantiem.<\/p>\n<p>Izgatavoti no 750. proves zelta.<\/p>\n<p>Augst\u0101k\u0101s kvalit\u0101tes briljantu kop\u0113jais svars 0,50 ct (kr\u0101sa RW-W, dzidrums VS).<\/p>\n<p><span>Svars: 2,19 gr<\/span><\/p>\n<p><span>P\u0113c pas\u016bt\u012bjuma varam izgatavot no citas kr\u0101sas zelta vai ar cita izm\u0113ra dimantiem.\u00a0<\/span><\/p>\n","protected":false},"excerpt":{"rendered":"<p>Klasiski balt\u0101 zelta auskari ar dimantiem, ietverti balt\u0101 zelta kron\u012bt\u012b. Izce\u013c katru mirkli. Lieliska d\u0101vana dzim\u0161anas dien\u0101, Ziemassv\u0113tkos, k\u0101z\u0101s un \u012bpa\u0161os gad\u012bjumos.<\/p>\n","protected":false},"featured_media":43538,"template":"","meta":{"site-sidebar-layout":"","site-content-layout":"","ast-site-content-layout":"","site-content-style":"","site-sidebar-style":"","ast-global-header-display":"","ast-banner-title-visibility":"","ast-main-header-display":"","ast-hfb-above-header-display":"","ast-hfb-below-header-display":"","ast-hfb-mobile-header-display":"","site-post-title":"","ast-breadcrumbs-content":"","ast-featured-img":"","footer-sml-layout":"","ast-disable-related-posts":"","theme-transparent-header-meta":"","adv-header-id-meta":"","stick-header-meta":"","header-above-stick-meta":"","header-main-stick-meta":"","header-below-stick-meta":"","astra-migrate-meta-layouts":"default","ast-page-background-enabled":"default","ast-page-background-meta":{"desktop":{"background-color":"var(--ast-global-color-4)","background-image":"","background-repeat":"repeat","background-position":"center center","background-size":"auto","background-attachment":"scroll","background-type":"","background-media":"","overlay-type":"","overlay-color":"","overlay-opacity":"","overlay-gradient":""},"tablet":{"background-color":"","background-image":"","background-repeat":"repeat","background-position":"center center","background-size":"auto","background-attachment":"scroll","background-type":"","background-media":"","overlay-type":"","overlay-color":"","overlay-opacity":"","overlay-gradient":""},"mobile":{"background-color":"","background-image":"","background-repeat":"repeat","background-position":"center center","background-size":"auto","background-attachment":"scroll","background-type":"","background-media":"","overlay-type":"","overlay-color":"","overlay-opacity":"","overlay-gradient":""}},"ast-content-background-meta":{"desktop":{"background-color":"var(--ast-global-color-5)","background-image":"","background-repeat":"repeat","background-position":"center center","background-size":"auto","background-attachment":"scroll","background-type":"","background-media":"","overlay-type":"","overlay-color":"","overlay-opacity":"","overlay-gradient":""},"tablet":{"background-color":"var(--ast-global-color-5)","background-image":"","background-repeat":"repeat","background-position":"center center","background-size":"auto","background-attachment":"scroll","background-type":"","background-media":"","overlay-type":"","overlay-color":"","overlay-opacity":"","overlay-gradient":""},"mobile":{"background-color":"var(--ast-global-color-5)","background-image":"","background-repeat":"repeat","background-position":"center center","background-size":"auto","background-attachment":"scroll","background-type":"","background-media":"","overlay-type":"","overlay-color":"","overlay-opacity":"","overlay-gradient":""}}},"product_brand":[],"product_cat":[2978,3405,2981,2919,2915,2913,2921,2920,3403,2916,2914,3042,3401,2922,2936,2918],"product_tag":[],"class_list":{"0":"post-285777","1":"product","2":"type-product","3":"status-publish","4":"has-post-thumbnail","6":"product_cat-auskari-ar-dimantiem","7":"product_cat-auskari-meitenem-bernu-auskari","8":"product_cat-auskari-naglinas","9":"product_cat-baltzelta-rotaslietas","10":"product_cat-davanas-berna-piedzimsanai","11":"product_cat-davanas-dzimsanas-diena","12":"product_cat-davanas-ipasiem-gadijumiem","13":"product_cat-davanas-izlaidumam","14":"product_cat-davanas-kazam","15":"product_cat-davanas-kazu-gadadiena","16":"product_cat-davanas-sievietem","17":"product_cat-juvelierizstradajumi","18":"product_cat-kristibu-davanas","19":"product_cat-mates-dienas-davanas","20":"product_cat-valentindienas-davanas","21":"product_cat-ziemassvetku-davanas","22":"desktop-align-center","23":"tablet-align-left","24":"mobile-align-left","25":"ast-product-gallery-layout-horizontal-slider","26":"ast-product-gallery-with-no-image","27":"ast-product-tabs-layout-accordion","28":"ast-qv-on-image","30":"first","31":"instock","32":"taxable","33":"shipping-taxable","34":"purchasable","35":"product-type-simple"},"yoast_head":"<!-- This site is optimized with the Yoast SEO plugin v26.6 - https:\/\/yoast.com\/wordpress\/plugins\/seo\/ -->\n<title>Dimantu mirdzums \u2013 Klasiski balt\u0101 zelta auskari ar dimantiem (0,50 ct) - FashionGold.lt<\/title>\n<meta name=\"robots\" content=\"index, follow, max-snippet:-1, max-image-preview:large, max-video-preview:-1\" \/>\n<link rel=\"canonical\" href=\"https:\/\/fashiongold.lt\/lv\/papuosalas\/dimantu-mirdzums-klasiski-balta-zelta-auskari-ar-dimantiem-050-ct\/\" \/>\n<meta property=\"og:locale\" content=\"lv_LV\" \/>\n<meta property=\"og:type\" content=\"article\" \/>\n<meta property=\"og:title\" content=\"Dimantu mirdzums \u2013 Klasiski balt\u0101 zelta auskari ar dimantiem (0,50 ct) - FashionGold.lt\" \/>\n<meta property=\"og:description\" content=\"Klasiski balt\u0101 zelta auskari ar dimantiem, ietverti balt\u0101 zelta kron\u012bt\u012b. Izce\u013c katru mirkli. Lieliska d\u0101vana dzim\u0161anas dien\u0101, Ziemassv\u0113tkos, k\u0101z\u0101s un \u012bpa\u0161os gad\u012bjumos.\" \/>\n<meta property=\"og:url\" content=\"https:\/\/fashiongold.lt\/lv\/papuosalas\/dimantu-mirdzums-klasiski-balta-zelta-auskari-ar-dimantiem-050-ct\/\" \/>\n<meta property=\"og:site_name\" content=\"FashionGold.lt\" \/>\n<meta property=\"og:image\" content=\"https:\/\/fashiongold.lt\/wp-content\/uploads\/2025\/10\/431-fbe-AUSKARAI-DEIMANTINE-SAULE.webp\" \/>\n\t<meta property=\"og:image:width\" content=\"520\" \/>\n\t<meta property=\"og:image:height\" content=\"541\" \/>\n\t<meta property=\"og:image:type\" content=\"image\/jpeg\" \/>\n<meta name=\"twitter:card\" content=\"summary_large_image\" \/>\n<script type=\"application\/ld+json\" class=\"yoast-schema-graph\">{\"@context\":\"https:\/\/schema.org\",\"@graph\":[{\"@type\":\"WebPage\",\"@id\":\"https:\/\/fashiongold.lt\/lv\/papuosalas\/dimantu-mirdzums-klasiski-balta-zelta-auskari-ar-dimantiem-050-ct\/\",\"url\":\"https:\/\/fashiongold.lt\/lv\/papuosalas\/dimantu-mirdzums-klasiski-balta-zelta-auskari-ar-dimantiem-050-ct\/\",\"name\":\"Dimantu mirdzums \u2013 Klasiski balt\u0101 zelta auskari ar dimantiem (0,50 ct) - FashionGold.lt\",\"isPartOf\":{\"@id\":\"https:\/\/fashiongold.lt\/lv\/#website\"},\"primaryImageOfPage\":{\"@id\":\"https:\/\/fashiongold.lt\/lv\/papuosalas\/dimantu-mirdzums-klasiski-balta-zelta-auskari-ar-dimantiem-050-ct\/#primaryimage\"},\"image\":{\"@id\":\"https:\/\/fashiongold.lt\/lv\/papuosalas\/dimantu-mirdzums-klasiski-balta-zelta-auskari-ar-dimantiem-050-ct\/#primaryimage\"},\"thumbnailUrl\":\"https:\/\/fashiongold.lt\/wp-content\/uploads\/2025\/10\/431-fbe-AUSKARAI-DEIMANTINE-SAULE.jpg\",\"datePublished\":\"2025-10-09T17:08:10+00:00\",\"breadcrumb\":{\"@id\":\"https:\/\/fashiongold.lt\/lv\/papuosalas\/dimantu-mirdzums-klasiski-balta-zelta-auskari-ar-dimantiem-050-ct\/#breadcrumb\"},\"inLanguage\":\"lv-LV\",\"potentialAction\":[{\"@type\":\"ReadAction\",\"target\":[\"https:\/\/fashiongold.lt\/lv\/papuosalas\/dimantu-mirdzums-klasiski-balta-zelta-auskari-ar-dimantiem-050-ct\/\"]}]},{\"@type\":\"ImageObject\",\"inLanguage\":\"lv-LV\",\"@id\":\"https:\/\/fashiongold.lt\/lv\/papuosalas\/dimantu-mirdzums-klasiski-balta-zelta-auskari-ar-dimantiem-050-ct\/#primaryimage\",\"url\":\"https:\/\/fashiongold.lt\/wp-content\/uploads\/2025\/10\/431-fbe-AUSKARAI-DEIMANTINE-SAULE.jpg\",\"contentUrl\":\"https:\/\/fashiongold.lt\/wp-content\/uploads\/2025\/10\/431-fbe-AUSKARAI-DEIMANTINE-SAULE.jpg\",\"width\":520,\"height\":541},{\"@type\":\"BreadcrumbList\",\"@id\":\"https:\/\/fashiongold.lt\/lv\/papuosalas\/dimantu-mirdzums-klasiski-balta-zelta-auskari-ar-dimantiem-050-ct\/#breadcrumb\",\"itemListElement\":[{\"@type\":\"ListItem\",\"position\":1,\"name\":\"Home\",\"item\":\"https:\/\/fashiongold.lt\/lv\/\"},{\"@type\":\"ListItem\",\"position\":2,\"name\":\"Dimantu veikals Fashiongold.lt\",\"item\":\"https:\/\/fashiongold.lt\/shop-2\/\"},{\"@type\":\"ListItem\",\"position\":3,\"name\":\"Dimantu mirdzums \u2013 Klasiski balt\u0101 zelta auskari ar dimantiem (0,50 ct)\"}]},{\"@type\":\"WebSite\",\"@id\":\"https:\/\/fashiongold.lt\/lv\/#website\",\"url\":\"https:\/\/fashiongold.lt\/lv\/\",\"name\":\"Fashion Gold\",\"description\":\"Juvelyrikos namai\",\"publisher\":{\"@id\":\"https:\/\/fashiongold.lt\/lv\/#organization\"},\"potentialAction\":[{\"@type\":\"SearchAction\",\"target\":{\"@type\":\"EntryPoint\",\"urlTemplate\":\"https:\/\/fashiongold.lt\/lv\/?s={search_term_string}\"},\"query-input\":{\"@type\":\"PropertyValueSpecification\",\"valueRequired\":true,\"valueName\":\"search_term_string\"}}],\"inLanguage\":\"lv-LV\"},{\"@type\":\"Organization\",\"@id\":\"https:\/\/fashiongold.lt\/lv\/#organization\",\"name\":\"Topdiamonds Online\",\"url\":\"https:\/\/fashiongold.lt\/lv\/\",\"logo\":{\"@type\":\"ImageObject\",\"inLanguage\":\"lv-LV\",\"@id\":\"https:\/\/fashiongold.lt\/lv\/#\/schema\/logo\/image\/\",\"url\":\"https:\/\/fashiongold.lt\/wp-content\/uploads\/2025\/04\/cropped-fashion_gold_logotipas2-scaled-1.png\",\"contentUrl\":\"https:\/\/fashiongold.lt\/wp-content\/uploads\/2025\/04\/cropped-fashion_gold_logotipas2-scaled-1.png\",\"width\":2559,\"height\":421,\"caption\":\"Topdiamonds Online\"},\"image\":{\"@id\":\"https:\/\/fashiongold.lt\/lv\/#\/schema\/logo\/image\/\"}}]}<\/script>\n<!-- \/ Yoast SEO plugin. -->","yoast_head_json":{"title":"Dimantu mirdzums \u2013 Klasiski balt\u0101 zelta auskari ar dimantiem (0,50 ct) - FashionGold.lt","robots":{"index":"index","follow":"follow","max-snippet":"max-snippet:-1","max-image-preview":"max-image-preview:large","max-video-preview":"max-video-preview:-1"},"canonical":"https:\/\/fashiongold.lt\/lv\/papuosalas\/dimantu-mirdzums-klasiski-balta-zelta-auskari-ar-dimantiem-050-ct\/","og_locale":"lv_LV","og_type":"article","og_title":"Dimantu mirdzums \u2013 Klasiski balt\u0101 zelta auskari ar dimantiem (0,50 ct) - FashionGold.lt","og_description":"Klasiski balt\u0101 zelta auskari ar dimantiem, ietverti balt\u0101 zelta kron\u012bt\u012b. Izce\u013c katru mirkli. Lieliska d\u0101vana dzim\u0161anas dien\u0101, Ziemassv\u0113tkos, k\u0101z\u0101s un \u012bpa\u0161os gad\u012bjumos.","og_url":"https:\/\/fashiongold.lt\/lv\/papuosalas\/dimantu-mirdzums-klasiski-balta-zelta-auskari-ar-dimantiem-050-ct\/","og_site_name":"FashionGold.lt","og_image":[{"width":520,"height":541,"url":"https:\/\/fashiongold.lt\/wp-content\/uploads\/2025\/10\/431-fbe-AUSKARAI-DEIMANTINE-SAULE.webp","type":"image\/jpeg"}],"twitter_card":"summary_large_image","schema":{"@context":"https:\/\/schema.org","@graph":[{"@type":"WebPage","@id":"https:\/\/fashiongold.lt\/lv\/papuosalas\/dimantu-mirdzums-klasiski-balta-zelta-auskari-ar-dimantiem-050-ct\/","url":"https:\/\/fashiongold.lt\/lv\/papuosalas\/dimantu-mirdzums-klasiski-balta-zelta-auskari-ar-dimantiem-050-ct\/","name":"Dimantu mirdzums \u2013 Klasiski balt\u0101 zelta auskari ar dimantiem (0,50 ct) - FashionGold.lt","isPartOf":{"@id":"https:\/\/fashiongold.lt\/lv\/#website"},"primaryImageOfPage":{"@id":"https:\/\/fashiongold.lt\/lv\/papuosalas\/dimantu-mirdzums-klasiski-balta-zelta-auskari-ar-dimantiem-050-ct\/#primaryimage"},"image":{"@id":"https:\/\/fashiongold.lt\/lv\/papuosalas\/dimantu-mirdzums-klasiski-balta-zelta-auskari-ar-dimantiem-050-ct\/#primaryimage"},"thumbnailUrl":"https:\/\/fashiongold.lt\/wp-content\/uploads\/2025\/10\/431-fbe-AUSKARAI-DEIMANTINE-SAULE.jpg","datePublished":"2025-10-09T17:08:10+00:00","breadcrumb":{"@id":"https:\/\/fashiongold.lt\/lv\/papuosalas\/dimantu-mirdzums-klasiski-balta-zelta-auskari-ar-dimantiem-050-ct\/#breadcrumb"},"inLanguage":"lv-LV","potentialAction":[{"@type":"ReadAction","target":["https:\/\/fashiongold.lt\/lv\/papuosalas\/dimantu-mirdzums-klasiski-balta-zelta-auskari-ar-dimantiem-050-ct\/"]}]},{"@type":"ImageObject","inLanguage":"lv-LV","@id":"https:\/\/fashiongold.lt\/lv\/papuosalas\/dimantu-mirdzums-klasiski-balta-zelta-auskari-ar-dimantiem-050-ct\/#primaryimage","url":"https:\/\/fashiongold.lt\/wp-content\/uploads\/2025\/10\/431-fbe-AUSKARAI-DEIMANTINE-SAULE.jpg","contentUrl":"https:\/\/fashiongold.lt\/wp-content\/uploads\/2025\/10\/431-fbe-AUSKARAI-DEIMANTINE-SAULE.jpg","width":520,"height":541},{"@type":"BreadcrumbList","@id":"https:\/\/fashiongold.lt\/lv\/papuosalas\/dimantu-mirdzums-klasiski-balta-zelta-auskari-ar-dimantiem-050-ct\/#breadcrumb","itemListElement":[{"@type":"ListItem","position":1,"name":"Home","item":"https:\/\/fashiongold.lt\/lv\/"},{"@type":"ListItem","position":2,"name":"Dimantu veikals Fashiongold.lt","item":"https:\/\/fashiongold.lt\/shop-2\/"},{"@type":"ListItem","position":3,"name":"Dimantu mirdzums \u2013 Klasiski balt\u0101 zelta auskari ar dimantiem (0,50 ct)"}]},{"@type":"WebSite","@id":"https:\/\/fashiongold.lt\/lv\/#website","url":"https:\/\/fashiongold.lt\/lv\/","name":"Fashion Gold","description":"Juvelyrikos namai","publisher":{"@id":"https:\/\/fashiongold.lt\/lv\/#organization"},"potentialAction":[{"@type":"SearchAction","target":{"@type":"EntryPoint","urlTemplate":"https:\/\/fashiongold.lt\/lv\/?s={search_term_string}"},"query-input":{"@type":"PropertyValueSpecification","valueRequired":true,"valueName":"search_term_string"}}],"inLanguage":"lv-LV"},{"@type":"Organization","@id":"https:\/\/fashiongold.lt\/lv\/#organization","name":"Topdiamonds Online","url":"https:\/\/fashiongold.lt\/lv\/","logo":{"@type":"ImageObject","inLanguage":"lv-LV","@id":"https:\/\/fashiongold.lt\/lv\/#\/schema\/logo\/image\/","url":"https:\/\/fashiongold.lt\/wp-content\/uploads\/2025\/04\/cropped-fashion_gold_logotipas2-scaled-1.png","contentUrl":"https:\/\/fashiongold.lt\/wp-content\/uploads\/2025\/04\/cropped-fashion_gold_logotipas2-scaled-1.png","width":2559,"height":421,"caption":"Topdiamonds Online"},"image":{"@id":"https:\/\/fashiongold.lt\/lv\/#\/schema\/logo\/image\/"}}]}},"_links":{"self":[{"href":"https:\/\/fashiongold.lt\/lv\/wp-json\/wp\/v2\/product\/285777","targetHints":{"allow":["GET"]}}],"collection":[{"href":"https:\/\/fashiongold.lt\/lv\/wp-json\/wp\/v2\/product"}],"about":[{"href":"https:\/\/fashiongold.lt\/lv\/wp-json\/wp\/v2\/types\/product"}],"version-history":[{"count":0,"href":"https:\/\/fashiongold.lt\/lv\/wp-json\/wp\/v2\/product\/285777\/revisions"}],"wp:featuredmedia":[{"embeddable":true,"href":"https:\/\/fashiongold.lt\/lv\/wp-json\/wp\/v2\/media\/43538"}],"wp:attachment":[{"href":"https:\/\/fashiongold.lt\/lv\/wp-json\/wp\/v2\/media?parent=285777"}],"wp:term":[{"taxonomy":"product_brand","embeddable":true,"href":"https:\/\/fashiongold.lt\/lv\/wp-json\/wp\/v2\/product_brand?post=285777"},{"taxonomy":"product_cat","embeddable":true,"href":"https:\/\/fashiongold.lt\/lv\/wp-json\/wp\/v2\/product_cat?post=285777"},{"taxonomy":"product_tag","embeddable":true,"href":"https:\/\/fashiongold.lt\/lv\/wp-json\/wp\/v2\/product_tag?post=285777"}],"curies":[{"name":"wp","href":"https:\/\/api.w.org\/{rel}","templated":true}]}}