{"id":285966,"date":"2025-10-09T17:04:28","date_gmt":"2025-10-09T17:04:28","guid":{"rendered":"https:\/\/fashiongold.lt\/papuosalas\/rubina-sirds-zelta-gredzens-ar-sirds-formas-rubinu-un-dimantiem-120-ct\/"},"modified":"2026-02-16T12:22:12","modified_gmt":"2026-02-16T12:22:12","slug":"rubina-sirds-zelta-gredzens-ar-sirds-formas-rubinu-un-dimantiem-120-ct","status":"publish","type":"product","link":"https:\/\/fashiongold.lt\/lv\/papuosalas\/rubina-sirds-zelta-gredzens-ar-sirds-formas-rubinu-un-dimantiem-120-ct\/","title":{"rendered":"Rub\u012bna sirds \u2013 zelta gredzens ar sirds formas rub\u012bnu un dimantiem (1,20 ct)"},"content":{"rendered":"<p>Ra\u017eots Lietuv\u0101. Gredzens var tikt izgatavots p\u0113c pas\u016bt\u012bjuma: no sarkan\u0101, dzelten\u0101 un balt\u0101 zelta.\u00a0<\/p>\n<p>\u2022 Dimanta tips: Dab\u012bgs dimants\u00a0<\/p>\n<p>\u2022 Dimanta forma: Apa\u013ca forma (Round cut)\u00a0<\/p>\n<p>\u2022 Dimanta raksturojums: 0,10 ct, kr\u0101sa H-I(W-STW); dzidrums SI\u00a0<\/p>\n<p>\u2022 Centr\u0101lais akmens: Rub\u012bns sirds form\u0101 1,10 ct\u00a0 \u00a0<\/p>\n<p>\u2022 Sertifik\u0101ts: Lietuvas Prove\u0161anas pal\u0101ta (LPR)\u00a0 \u00a0<\/p>\n<p>\u2022 Gredzena zelts: 14K (585. prove)\u00a0 \u00a0<\/p>\n<p>\u2022 Gredzena kr\u0101sa: dzeltenais zelts\u00a0 \u00a0 \u00a0<\/p>\n<p>\u2022 Gredzena svars: aptuveni 2,10-2,50 g\u00a0 \u00a0<\/p>\n<p>\u2022 Gredzena izm\u0113ri: aptuveni kro\u0146a da\u013ca 6 mm, st\u012bpi\u0146a &#8211; 1,75 mm<\/p>\n","protected":false},"excerpt":{"rendered":"<p>Iemiesots m\u012blest\u012bbas un kaisles simbols \u2013 zelta gredzens ar unik\u0101lu sirds formas rub\u012bnu un mirdzo\u0161iem dimantiem. Sirds formas rub\u012bns dvesmo romantiku, eleganti dimanti papildina eleganci. T\u0101 ir lieliska d\u0101vana \u012bpa\u0161am gad\u012bjumam vai sev \u2013 vienk\u0101r\u0161i n\u0113s\u0101jot ikdien\u0101, t\u0101 pie\u0161\u0137irs d\u0101vanas noz\u012bmi un unikalit\u0101ti j\u016bsu dz\u012bv\u0113. Piem\u0113rots ikdienas valk\u0101\u0161anai, saderin\u0101\u0161an\u0101s gad\u012bjumam vai \u012bpa\u0161iem mirk\u013ciem, pie\u0161\u0137irot eleganci un izsmalcin\u0101t\u012bbu j\u016bsu stilam.<\/p>\n","protected":false},"featured_media":42870,"template":"","meta":{"site-sidebar-layout":"","site-content-layout":"","ast-site-content-layout":"","site-content-style":"","site-sidebar-style":"","ast-global-header-display":"","ast-banner-title-visibility":"","ast-main-header-display":"","ast-hfb-above-header-display":"","ast-hfb-below-header-display":"","ast-hfb-mobile-header-display":"","site-post-title":"","ast-breadcrumbs-content":"","ast-featured-img":"","footer-sml-layout":"","ast-disable-related-posts":"","theme-transparent-header-meta":"","adv-header-id-meta":"","stick-header-meta":"","header-above-stick-meta":"","header-main-stick-meta":"","header-below-stick-meta":"","astra-migrate-meta-layouts":"default","ast-page-background-enabled":"default","ast-page-background-meta":{"desktop":{"background-color":"var(--ast-global-color-4)","background-image":"","background-repeat":"repeat","background-position":"center center","background-size":"auto","background-attachment":"scroll","background-type":"","background-media":"","overlay-type":"","overlay-color":"","overlay-opacity":"","overlay-gradient":""},"tablet":{"background-color":"","background-image":"","background-repeat":"repeat","background-position":"center center","background-size":"auto","background-attachment":"scroll","background-type":"","background-media":"","overlay-type":"","overlay-color":"","overlay-opacity":"","overlay-gradient":""},"mobile":{"background-color":"","background-image":"","background-repeat":"repeat","background-position":"center center","background-size":"auto","background-attachment":"scroll","background-type":"","background-media":"","overlay-type":"","overlay-color":"","overlay-opacity":"","overlay-gradient":""}},"ast-content-background-meta":{"desktop":{"background-color":"var(--ast-global-color-5)","background-image":"","background-repeat":"repeat","background-position":"center center","background-size":"auto","background-attachment":"scroll","background-type":"","background-media":"","overlay-type":"","overlay-color":"","overlay-opacity":"","overlay-gradient":""},"tablet":{"background-color":"var(--ast-global-color-5)","background-image":"","background-repeat":"repeat","background-position":"center center","background-size":"auto","background-attachment":"scroll","background-type":"","background-media":"","overlay-type":"","overlay-color":"","overlay-opacity":"","overlay-gradient":""},"mobile":{"background-color":"var(--ast-global-color-5)","background-image":"","background-repeat":"repeat","background-position":"center center","background-size":"auto","background-attachment":"scroll","background-type":"","background-media":"","overlay-type":"","overlay-color":"","overlay-opacity":"","overlay-gradient":""}}},"product_brand":[],"product_cat":[2915,2913,2921,2920,2916,2914,2923,2939,3453,3565,3042,3060,2922,3562,3439,3440,3563,3564,2936,2918],"product_tag":[],"class_list":{"0":"post-285966","1":"product","2":"type-product","3":"status-publish","4":"has-post-thumbnail","6":"product_cat-davanas-berna-piedzimsanai","7":"product_cat-davanas-dzimsanas-diena","8":"product_cat-davanas-ipasiem-gadijumiem","9":"product_cat-davanas-izlaidumam","10":"product_cat-davanas-kazu-gadadiena","11":"product_cat-davanas-sievietem","12":"product_cat-dzeltena-zelta-juvelierizstradajumi","13":"product_cat-gredzeni-ar-dargakmeniem","14":"product_cat-gredzeni-ar-dimantiem","15":"product_cat-gredzeni-ar-rubiniem","16":"product_cat-juvelierizstradajumi","17":"product_cat-juvelierizstradajumi-ar-sarkaniem-dargakmeniem","18":"product_cat-mates-dienas-davanas","19":"product_cat-rubins-rotaslietas-ar-rubiniem","20":"product_cat-saderinasanas-gredzeni","21":"product_cat-saderinasanas-gredzeni-ar-dargakmeniem","22":"product_cat-saderinasanas-gredzens-ar-rubinu","23":"product_cat-sarkans-dargakmens","24":"product_cat-valentindienas-davanas","25":"product_cat-ziemassvetku-davanas","26":"desktop-align-center","27":"tablet-align-left","28":"mobile-align-left","29":"ast-product-gallery-layout-horizontal-slider","30":"ast-product-gallery-with-no-image","31":"ast-product-single-variable","32":"ast-product-tabs-layout-accordion","33":"ast-qv-on-image","35":"first","36":"instock","37":"taxable","38":"shipping-taxable","39":"purchasable","40":"product-type-variable"},"yoast_head":"<!-- This site is optimized with the Yoast SEO plugin v26.6 - https:\/\/yoast.com\/wordpress\/plugins\/seo\/ -->\n<title>Rub\u012bna sirds - zelta gredzens ar sirds formas rub\u012bnu un dimantiem<\/title>\n<meta name=\"description\" content=\"Sirds formas rub\u012bns gredzen\u0101 dve\u0161 romantiku, eleganti dimanti papildina eleganci. Piem\u0113rots ikdienas valk\u0101\u0161anai, saderin\u0101\u0161an\u0101s br\u012b\u017eiem un \u012bpa\u0161iem gad\u012bjumiem.\" \/>\n<meta name=\"robots\" content=\"index, follow, max-snippet:-1, max-image-preview:large, max-video-preview:-1\" \/>\n<link rel=\"canonical\" href=\"https:\/\/fashiongold.lt\/lv\/papuosalas\/rubina-sirds-zelta-gredzens-ar-sirds-formas-rubinu-un-dimantiem-120-ct\/\" \/>\n<meta property=\"og:locale\" content=\"lv_LV\" \/>\n<meta property=\"og:type\" content=\"article\" \/>\n<meta property=\"og:title\" content=\"Rub\u012bna sirds - zelta gredzens ar sirds formas rub\u012bnu un dimantiem\" \/>\n<meta property=\"og:description\" content=\"Sirds formas rub\u012bns gredzen\u0101 dve\u0161 romantiku, eleganti dimanti papildina eleganci. Piem\u0113rots ikdienas valk\u0101\u0161anai, saderin\u0101\u0161an\u0101s br\u012b\u017eiem un \u012bpa\u0161iem gad\u012bjumiem.\" \/>\n<meta property=\"og:url\" content=\"https:\/\/fashiongold.lt\/lv\/papuosalas\/rubina-sirds-zelta-gredzens-ar-sirds-formas-rubinu-un-dimantiem-120-ct\/\" \/>\n<meta property=\"og:site_name\" content=\"FashionGold.lt\" \/>\n<meta property=\"article:modified_time\" content=\"2026-02-16T12:22:12+00:00\" \/>\n<meta property=\"og:image\" content=\"https:\/\/fashiongold.lt\/wp-content\/uploads\/2025\/10\/5761-147-aukso-ziedas-su-sirdeles-formos-rubinu-ir-deimantais.webp\" \/>\n\t<meta property=\"og:image:width\" content=\"1000\" \/>\n\t<meta property=\"og:image:height\" content=\"1000\" \/>\n\t<meta property=\"og:image:type\" content=\"image\/jpeg\" \/>\n<meta name=\"twitter:card\" content=\"summary_large_image\" \/>\n<script type=\"application\/ld+json\" class=\"yoast-schema-graph\">{\"@context\":\"https:\/\/schema.org\",\"@graph\":[{\"@type\":\"WebPage\",\"@id\":\"https:\/\/fashiongold.lt\/lv\/papuosalas\/rubina-sirds-zelta-gredzens-ar-sirds-formas-rubinu-un-dimantiem-120-ct\/\",\"url\":\"https:\/\/fashiongold.lt\/lv\/papuosalas\/rubina-sirds-zelta-gredzens-ar-sirds-formas-rubinu-un-dimantiem-120-ct\/\",\"name\":\"Rub\u012bna sirds - zelta gredzens ar sirds formas rub\u012bnu un dimantiem\",\"isPartOf\":{\"@id\":\"https:\/\/fashiongold.lt\/lv\/#website\"},\"primaryImageOfPage\":{\"@id\":\"https:\/\/fashiongold.lt\/lv\/papuosalas\/rubina-sirds-zelta-gredzens-ar-sirds-formas-rubinu-un-dimantiem-120-ct\/#primaryimage\"},\"image\":{\"@id\":\"https:\/\/fashiongold.lt\/lv\/papuosalas\/rubina-sirds-zelta-gredzens-ar-sirds-formas-rubinu-un-dimantiem-120-ct\/#primaryimage\"},\"thumbnailUrl\":\"https:\/\/fashiongold.lt\/wp-content\/uploads\/2025\/10\/5761-147-aukso-ziedas-su-sirdeles-formos-rubinu-ir-deimantais.jpg\",\"datePublished\":\"2025-10-09T17:04:28+00:00\",\"dateModified\":\"2026-02-16T12:22:12+00:00\",\"description\":\"Sirds formas rub\u012bns gredzen\u0101 dve\u0161 romantiku, eleganti dimanti papildina eleganci. Piem\u0113rots ikdienas valk\u0101\u0161anai, saderin\u0101\u0161an\u0101s br\u012b\u017eiem un \u012bpa\u0161iem gad\u012bjumiem.\",\"breadcrumb\":{\"@id\":\"https:\/\/fashiongold.lt\/lv\/papuosalas\/rubina-sirds-zelta-gredzens-ar-sirds-formas-rubinu-un-dimantiem-120-ct\/#breadcrumb\"},\"inLanguage\":\"lv-LV\",\"potentialAction\":[{\"@type\":\"ReadAction\",\"target\":[\"https:\/\/fashiongold.lt\/lv\/papuosalas\/rubina-sirds-zelta-gredzens-ar-sirds-formas-rubinu-un-dimantiem-120-ct\/\"]}]},{\"@type\":\"ImageObject\",\"inLanguage\":\"lv-LV\",\"@id\":\"https:\/\/fashiongold.lt\/lv\/papuosalas\/rubina-sirds-zelta-gredzens-ar-sirds-formas-rubinu-un-dimantiem-120-ct\/#primaryimage\",\"url\":\"https:\/\/fashiongold.lt\/wp-content\/uploads\/2025\/10\/5761-147-aukso-ziedas-su-sirdeles-formos-rubinu-ir-deimantais.jpg\",\"contentUrl\":\"https:\/\/fashiongold.lt\/wp-content\/uploads\/2025\/10\/5761-147-aukso-ziedas-su-sirdeles-formos-rubinu-ir-deimantais.jpg\",\"width\":1000,\"height\":1000},{\"@type\":\"BreadcrumbList\",\"@id\":\"https:\/\/fashiongold.lt\/lv\/papuosalas\/rubina-sirds-zelta-gredzens-ar-sirds-formas-rubinu-un-dimantiem-120-ct\/#breadcrumb\",\"itemListElement\":[{\"@type\":\"ListItem\",\"position\":1,\"name\":\"Home\",\"item\":\"https:\/\/fashiongold.lt\/lv\/\"},{\"@type\":\"ListItem\",\"position\":2,\"name\":\"Dimantu veikals Fashiongold.lt\",\"item\":\"https:\/\/fashiongold.lt\/shop-2\/\"},{\"@type\":\"ListItem\",\"position\":3,\"name\":\"Rub\u012bna sirds \u2013 zelta gredzens ar sirds formas rub\u012bnu un dimantiem (1,20 ct)\"}]},{\"@type\":\"WebSite\",\"@id\":\"https:\/\/fashiongold.lt\/lv\/#website\",\"url\":\"https:\/\/fashiongold.lt\/lv\/\",\"name\":\"Fashion Gold\",\"description\":\"Juvelyrikos namai\",\"publisher\":{\"@id\":\"https:\/\/fashiongold.lt\/lv\/#organization\"},\"potentialAction\":[{\"@type\":\"SearchAction\",\"target\":{\"@type\":\"EntryPoint\",\"urlTemplate\":\"https:\/\/fashiongold.lt\/lv\/?s={search_term_string}\"},\"query-input\":{\"@type\":\"PropertyValueSpecification\",\"valueRequired\":true,\"valueName\":\"search_term_string\"}}],\"inLanguage\":\"lv-LV\"},{\"@type\":\"Organization\",\"@id\":\"https:\/\/fashiongold.lt\/lv\/#organization\",\"name\":\"Topdiamonds Online\",\"url\":\"https:\/\/fashiongold.lt\/lv\/\",\"logo\":{\"@type\":\"ImageObject\",\"inLanguage\":\"lv-LV\",\"@id\":\"https:\/\/fashiongold.lt\/lv\/#\/schema\/logo\/image\/\",\"url\":\"https:\/\/fashiongold.lt\/wp-content\/uploads\/2025\/04\/cropped-fashion_gold_logotipas2-scaled-1.png\",\"contentUrl\":\"https:\/\/fashiongold.lt\/wp-content\/uploads\/2025\/04\/cropped-fashion_gold_logotipas2-scaled-1.png\",\"width\":2559,\"height\":421,\"caption\":\"Topdiamonds Online\"},\"image\":{\"@id\":\"https:\/\/fashiongold.lt\/lv\/#\/schema\/logo\/image\/\"}}]}<\/script>\n<!-- \/ Yoast SEO plugin. -->","yoast_head_json":{"title":"Rub\u012bna sirds - zelta gredzens ar sirds formas rub\u012bnu un dimantiem","description":"Sirds formas rub\u012bns gredzen\u0101 dve\u0161 romantiku, eleganti dimanti papildina eleganci. Piem\u0113rots ikdienas valk\u0101\u0161anai, saderin\u0101\u0161an\u0101s br\u012b\u017eiem un \u012bpa\u0161iem gad\u012bjumiem.","robots":{"index":"index","follow":"follow","max-snippet":"max-snippet:-1","max-image-preview":"max-image-preview:large","max-video-preview":"max-video-preview:-1"},"canonical":"https:\/\/fashiongold.lt\/lv\/papuosalas\/rubina-sirds-zelta-gredzens-ar-sirds-formas-rubinu-un-dimantiem-120-ct\/","og_locale":"lv_LV","og_type":"article","og_title":"Rub\u012bna sirds - zelta gredzens ar sirds formas rub\u012bnu un dimantiem","og_description":"Sirds formas rub\u012bns gredzen\u0101 dve\u0161 romantiku, eleganti dimanti papildina eleganci. Piem\u0113rots ikdienas valk\u0101\u0161anai, saderin\u0101\u0161an\u0101s br\u012b\u017eiem un \u012bpa\u0161iem gad\u012bjumiem.","og_url":"https:\/\/fashiongold.lt\/lv\/papuosalas\/rubina-sirds-zelta-gredzens-ar-sirds-formas-rubinu-un-dimantiem-120-ct\/","og_site_name":"FashionGold.lt","article_modified_time":"2026-02-16T12:22:12+00:00","og_image":[{"width":1000,"height":1000,"url":"https:\/\/fashiongold.lt\/wp-content\/uploads\/2025\/10\/5761-147-aukso-ziedas-su-sirdeles-formos-rubinu-ir-deimantais.webp","type":"image\/jpeg"}],"twitter_card":"summary_large_image","schema":{"@context":"https:\/\/schema.org","@graph":[{"@type":"WebPage","@id":"https:\/\/fashiongold.lt\/lv\/papuosalas\/rubina-sirds-zelta-gredzens-ar-sirds-formas-rubinu-un-dimantiem-120-ct\/","url":"https:\/\/fashiongold.lt\/lv\/papuosalas\/rubina-sirds-zelta-gredzens-ar-sirds-formas-rubinu-un-dimantiem-120-ct\/","name":"Rub\u012bna sirds - zelta gredzens ar sirds formas rub\u012bnu un dimantiem","isPartOf":{"@id":"https:\/\/fashiongold.lt\/lv\/#website"},"primaryImageOfPage":{"@id":"https:\/\/fashiongold.lt\/lv\/papuosalas\/rubina-sirds-zelta-gredzens-ar-sirds-formas-rubinu-un-dimantiem-120-ct\/#primaryimage"},"image":{"@id":"https:\/\/fashiongold.lt\/lv\/papuosalas\/rubina-sirds-zelta-gredzens-ar-sirds-formas-rubinu-un-dimantiem-120-ct\/#primaryimage"},"thumbnailUrl":"https:\/\/fashiongold.lt\/wp-content\/uploads\/2025\/10\/5761-147-aukso-ziedas-su-sirdeles-formos-rubinu-ir-deimantais.jpg","datePublished":"2025-10-09T17:04:28+00:00","dateModified":"2026-02-16T12:22:12+00:00","description":"Sirds formas rub\u012bns gredzen\u0101 dve\u0161 romantiku, eleganti dimanti papildina eleganci. Piem\u0113rots ikdienas valk\u0101\u0161anai, saderin\u0101\u0161an\u0101s br\u012b\u017eiem un \u012bpa\u0161iem gad\u012bjumiem.","breadcrumb":{"@id":"https:\/\/fashiongold.lt\/lv\/papuosalas\/rubina-sirds-zelta-gredzens-ar-sirds-formas-rubinu-un-dimantiem-120-ct\/#breadcrumb"},"inLanguage":"lv-LV","potentialAction":[{"@type":"ReadAction","target":["https:\/\/fashiongold.lt\/lv\/papuosalas\/rubina-sirds-zelta-gredzens-ar-sirds-formas-rubinu-un-dimantiem-120-ct\/"]}]},{"@type":"ImageObject","inLanguage":"lv-LV","@id":"https:\/\/fashiongold.lt\/lv\/papuosalas\/rubina-sirds-zelta-gredzens-ar-sirds-formas-rubinu-un-dimantiem-120-ct\/#primaryimage","url":"https:\/\/fashiongold.lt\/wp-content\/uploads\/2025\/10\/5761-147-aukso-ziedas-su-sirdeles-formos-rubinu-ir-deimantais.jpg","contentUrl":"https:\/\/fashiongold.lt\/wp-content\/uploads\/2025\/10\/5761-147-aukso-ziedas-su-sirdeles-formos-rubinu-ir-deimantais.jpg","width":1000,"height":1000},{"@type":"BreadcrumbList","@id":"https:\/\/fashiongold.lt\/lv\/papuosalas\/rubina-sirds-zelta-gredzens-ar-sirds-formas-rubinu-un-dimantiem-120-ct\/#breadcrumb","itemListElement":[{"@type":"ListItem","position":1,"name":"Home","item":"https:\/\/fashiongold.lt\/lv\/"},{"@type":"ListItem","position":2,"name":"Dimantu veikals Fashiongold.lt","item":"https:\/\/fashiongold.lt\/shop-2\/"},{"@type":"ListItem","position":3,"name":"Rub\u012bna sirds \u2013 zelta gredzens ar sirds formas rub\u012bnu un dimantiem (1,20 ct)"}]},{"@type":"WebSite","@id":"https:\/\/fashiongold.lt\/lv\/#website","url":"https:\/\/fashiongold.lt\/lv\/","name":"Fashion Gold","description":"Juvelyrikos namai","publisher":{"@id":"https:\/\/fashiongold.lt\/lv\/#organization"},"potentialAction":[{"@type":"SearchAction","target":{"@type":"EntryPoint","urlTemplate":"https:\/\/fashiongold.lt\/lv\/?s={search_term_string}"},"query-input":{"@type":"PropertyValueSpecification","valueRequired":true,"valueName":"search_term_string"}}],"inLanguage":"lv-LV"},{"@type":"Organization","@id":"https:\/\/fashiongold.lt\/lv\/#organization","name":"Topdiamonds Online","url":"https:\/\/fashiongold.lt\/lv\/","logo":{"@type":"ImageObject","inLanguage":"lv-LV","@id":"https:\/\/fashiongold.lt\/lv\/#\/schema\/logo\/image\/","url":"https:\/\/fashiongold.lt\/wp-content\/uploads\/2025\/04\/cropped-fashion_gold_logotipas2-scaled-1.png","contentUrl":"https:\/\/fashiongold.lt\/wp-content\/uploads\/2025\/04\/cropped-fashion_gold_logotipas2-scaled-1.png","width":2559,"height":421,"caption":"Topdiamonds Online"},"image":{"@id":"https:\/\/fashiongold.lt\/lv\/#\/schema\/logo\/image\/"}}]}},"_links":{"self":[{"href":"https:\/\/fashiongold.lt\/lv\/wp-json\/wp\/v2\/product\/285966","targetHints":{"allow":["GET"]}}],"collection":[{"href":"https:\/\/fashiongold.lt\/lv\/wp-json\/wp\/v2\/product"}],"about":[{"href":"https:\/\/fashiongold.lt\/lv\/wp-json\/wp\/v2\/types\/product"}],"version-history":[{"count":0,"href":"https:\/\/fashiongold.lt\/lv\/wp-json\/wp\/v2\/product\/285966\/revisions"}],"wp:featuredmedia":[{"embeddable":true,"href":"https:\/\/fashiongold.lt\/lv\/wp-json\/wp\/v2\/media\/42870"}],"wp:attachment":[{"href":"https:\/\/fashiongold.lt\/lv\/wp-json\/wp\/v2\/media?parent=285966"}],"wp:term":[{"taxonomy":"product_brand","embeddable":true,"href":"https:\/\/fashiongold.lt\/lv\/wp-json\/wp\/v2\/product_brand?post=285966"},{"taxonomy":"product_cat","embeddable":true,"href":"https:\/\/fashiongold.lt\/lv\/wp-json\/wp\/v2\/product_cat?post=285966"},{"taxonomy":"product_tag","embeddable":true,"href":"https:\/\/fashiongold.lt\/lv\/wp-json\/wp\/v2\/product_tag?post=285966"}],"curies":[{"name":"wp","href":"https:\/\/api.w.org\/{rel}","templated":true}]}}