{"id":286151,"date":"2025-10-09T16:43:22","date_gmt":"2025-10-09T16:43:22","guid":{"rendered":"https:\/\/fashiongold.lt\/papuosalas\/laulibas-gredzens-klasika-5-mm-balta-dzeltena-un-sarkana-zelta\/"},"modified":"2025-10-09T16:43:22","modified_gmt":"2025-10-09T16:43:22","slug":"laulibas-gredzens-klasika-5-mm-balta-dzeltena-un-sarkana-zelta","status":"publish","type":"product","link":"https:\/\/fashiongold.lt\/lv\/papuosalas\/laulibas-gredzens-klasika-5-mm-balta-dzeltena-un-sarkana-zelta\/","title":{"rendered":"LAUL\u012aBAS GREDZENS \u201eKLASIKA\u201c 5 mm balt\u0101, dzelten\u0101 un sarkan\u0101 zelta"},"content":{"rendered":"<p>K\u0101zu gredzens no kolekcijas \u201eKlasika\u201c. Tas ir klasisks gluds zelta gredzens izv\u0113l\u0113taj\u0101 zelta kr\u0101s\u0101.<\/p>\n<p>Platums &#8211; 5 mm.<\/p>\n<p>Ar komforta zonu.<\/p>\n<p>Svars ir atkar\u012bgs no izm\u0113ra no 4,00 gr l\u012bdz 6,00 gr.<\/p>\n<p> Par papildu maksu 20 Eur apm\u0113r\u0101 varam iestr\u0101d\u0101t mirdzo\u0161u, \u012bstu briljantu (0,015 ct kr\u0101sa W (G-H), dzidrums SI)<\/p>\n<p>Visi izm\u0113ri ir pieejami salon\u0101, t\u0101p\u0113c izs\u016bt\u012bsim nekav\u0113joties.<\/p>\n<p>Cena ir sp\u0113k\u0101, p\u0113rkot internet\u0101<\/p>\n","protected":false},"excerpt":{"rendered":"<p>Klasisks gluds laul\u012bbas gredzens no izv\u0113l\u0113t\u0101s kr\u0101sas zelta.<\/p>\n","protected":false},"featured_media":40833,"template":"","meta":{"site-sidebar-layout":"","site-content-layout":"","ast-site-content-layout":"","site-content-style":"","site-sidebar-style":"","ast-global-header-display":"","ast-banner-title-visibility":"","ast-main-header-display":"","ast-hfb-above-header-display":"","ast-hfb-below-header-display":"","ast-hfb-mobile-header-display":"","site-post-title":"","ast-breadcrumbs-content":"","ast-featured-img":"","footer-sml-layout":"","ast-disable-related-posts":"","theme-transparent-header-meta":"","adv-header-id-meta":"","stick-header-meta":"","header-above-stick-meta":"","header-main-stick-meta":"","header-below-stick-meta":"","astra-migrate-meta-layouts":"default","ast-page-background-enabled":"default","ast-page-background-meta":{"desktop":{"background-color":"var(--ast-global-color-4)","background-image":"","background-repeat":"repeat","background-position":"center center","background-size":"auto","background-attachment":"scroll","background-type":"","background-media":"","overlay-type":"","overlay-color":"","overlay-opacity":"","overlay-gradient":""},"tablet":{"background-color":"","background-image":"","background-repeat":"repeat","background-position":"center center","background-size":"auto","background-attachment":"scroll","background-type":"","background-media":"","overlay-type":"","overlay-color":"","overlay-opacity":"","overlay-gradient":""},"mobile":{"background-color":"","background-image":"","background-repeat":"repeat","background-position":"center center","background-size":"auto","background-attachment":"scroll","background-type":"","background-media":"","overlay-type":"","overlay-color":"","overlay-opacity":"","overlay-gradient":""}},"ast-content-background-meta":{"desktop":{"background-color":"var(--ast-global-color-5)","background-image":"","background-repeat":"repeat","background-position":"center center","background-size":"auto","background-attachment":"scroll","background-type":"","background-media":"","overlay-type":"","overlay-color":"","overlay-opacity":"","overlay-gradient":""},"tablet":{"background-color":"var(--ast-global-color-5)","background-image":"","background-repeat":"repeat","background-position":"center center","background-size":"auto","background-attachment":"scroll","background-type":"","background-media":"","overlay-type":"","overlay-color":"","overlay-opacity":"","overlay-gradient":""},"mobile":{"background-color":"var(--ast-global-color-5)","background-image":"","background-repeat":"repeat","background-position":"center center","background-size":"auto","background-attachment":"scroll","background-type":"","background-media":"","overlay-type":"","overlay-color":"","overlay-opacity":"","overlay-gradient":""}}},"product_brand":[],"product_cat":[3522,3481,3524,3523,3616],"product_tag":[],"class_list":{"0":"post-286151","1":"product","2":"type-product","3":"status-publish","4":"has-post-thumbnail","6":"product_cat-balta-zelta-laulibu-gredzeni","7":"product_cat-izpardosana","8":"product_cat-kazu-gredzeni","9":"product_cat-klasiskie-laulibu-gredzeni","10":"product_cat-sieviesu-laulibu-gredzeni","11":"desktop-align-center","12":"tablet-align-left","13":"mobile-align-left","14":"ast-product-gallery-layout-horizontal-slider","15":"ast-product-gallery-with-no-image","16":"ast-product-single-variable","17":"ast-product-tabs-layout-accordion","18":"ast-qv-on-image","20":"first","21":"instock","22":"taxable","23":"shipping-taxable","24":"purchasable","25":"product-type-variable"},"yoast_head":"<!-- This site is optimized with the Yoast SEO plugin v26.6 - https:\/\/yoast.com\/wordpress\/plugins\/seo\/ -->\n<title>Klasisks sarkan\u0101 zelta laul\u012bbu gredzens<\/title>\n<meta name=\"robots\" content=\"index, follow, max-snippet:-1, max-image-preview:large, max-video-preview:-1\" \/>\n<link rel=\"canonical\" href=\"https:\/\/fashiongold.lt\/lv\/papuosalas\/laulibas-gredzens-klasika-5-mm-balta-dzeltena-un-sarkana-zelta\/\" \/>\n<meta property=\"og:locale\" content=\"lv_LV\" \/>\n<meta property=\"og:type\" content=\"article\" \/>\n<meta property=\"og:title\" content=\"Klasisks sarkan\u0101 zelta laul\u012bbu gredzens\" \/>\n<meta property=\"og:description\" content=\"Klasisks gluds laul\u012bbas gredzens no izv\u0113l\u0113t\u0101s kr\u0101sas zelta.\" \/>\n<meta property=\"og:url\" content=\"https:\/\/fashiongold.lt\/lv\/papuosalas\/laulibas-gredzens-klasika-5-mm-balta-dzeltena-un-sarkana-zelta\/\" \/>\n<meta property=\"og:site_name\" content=\"FashionGold.lt\" \/>\n<meta property=\"og:image\" content=\"https:\/\/fashiongold.lt\/wp-content\/uploads\/2025\/10\/1885-cb8-VESTUVINIS-ZIEDAS-KLASIKA-2020-5-mm-balto-geltono-ir-raudono-aukso.webp\" \/>\n\t<meta property=\"og:image:width\" content=\"670\" \/>\n\t<meta property=\"og:image:height\" content=\"533\" \/>\n\t<meta property=\"og:image:type\" content=\"image\/jpeg\" \/>\n<meta name=\"twitter:card\" content=\"summary_large_image\" \/>\n<script type=\"application\/ld+json\" class=\"yoast-schema-graph\">{\"@context\":\"https:\/\/schema.org\",\"@graph\":[{\"@type\":\"WebPage\",\"@id\":\"https:\/\/fashiongold.lt\/lv\/papuosalas\/laulibas-gredzens-klasika-5-mm-balta-dzeltena-un-sarkana-zelta\/\",\"url\":\"https:\/\/fashiongold.lt\/lv\/papuosalas\/laulibas-gredzens-klasika-5-mm-balta-dzeltena-un-sarkana-zelta\/\",\"name\":\"Klasisks sarkan\u0101 zelta laul\u012bbu gredzens\",\"isPartOf\":{\"@id\":\"https:\/\/fashiongold.lt\/lv\/#website\"},\"primaryImageOfPage\":{\"@id\":\"https:\/\/fashiongold.lt\/lv\/papuosalas\/laulibas-gredzens-klasika-5-mm-balta-dzeltena-un-sarkana-zelta\/#primaryimage\"},\"image\":{\"@id\":\"https:\/\/fashiongold.lt\/lv\/papuosalas\/laulibas-gredzens-klasika-5-mm-balta-dzeltena-un-sarkana-zelta\/#primaryimage\"},\"thumbnailUrl\":\"https:\/\/fashiongold.lt\/wp-content\/uploads\/2025\/10\/1885-cb8-VESTUVINIS-ZIEDAS-KLASIKA-2020-5-mm-balto-geltono-ir-raudono-aukso.jpg\",\"datePublished\":\"2025-10-09T16:43:22+00:00\",\"breadcrumb\":{\"@id\":\"https:\/\/fashiongold.lt\/lv\/papuosalas\/laulibas-gredzens-klasika-5-mm-balta-dzeltena-un-sarkana-zelta\/#breadcrumb\"},\"inLanguage\":\"lv-LV\",\"potentialAction\":[{\"@type\":\"ReadAction\",\"target\":[\"https:\/\/fashiongold.lt\/lv\/papuosalas\/laulibas-gredzens-klasika-5-mm-balta-dzeltena-un-sarkana-zelta\/\"]}]},{\"@type\":\"ImageObject\",\"inLanguage\":\"lv-LV\",\"@id\":\"https:\/\/fashiongold.lt\/lv\/papuosalas\/laulibas-gredzens-klasika-5-mm-balta-dzeltena-un-sarkana-zelta\/#primaryimage\",\"url\":\"https:\/\/fashiongold.lt\/wp-content\/uploads\/2025\/10\/1885-cb8-VESTUVINIS-ZIEDAS-KLASIKA-2020-5-mm-balto-geltono-ir-raudono-aukso.jpg\",\"contentUrl\":\"https:\/\/fashiongold.lt\/wp-content\/uploads\/2025\/10\/1885-cb8-VESTUVINIS-ZIEDAS-KLASIKA-2020-5-mm-balto-geltono-ir-raudono-aukso.jpg\",\"width\":670,\"height\":533},{\"@type\":\"BreadcrumbList\",\"@id\":\"https:\/\/fashiongold.lt\/lv\/papuosalas\/laulibas-gredzens-klasika-5-mm-balta-dzeltena-un-sarkana-zelta\/#breadcrumb\",\"itemListElement\":[{\"@type\":\"ListItem\",\"position\":1,\"name\":\"Home\",\"item\":\"https:\/\/fashiongold.lt\/lv\/\"},{\"@type\":\"ListItem\",\"position\":2,\"name\":\"Dimantu veikals Fashiongold.lt\",\"item\":\"https:\/\/fashiongold.lt\/shop-2\/\"},{\"@type\":\"ListItem\",\"position\":3,\"name\":\"LAUL\u012aBAS GREDZENS \u201eKLASIKA\u201c 5 mm balt\u0101, dzelten\u0101 un sarkan\u0101 zelta\"}]},{\"@type\":\"WebSite\",\"@id\":\"https:\/\/fashiongold.lt\/lv\/#website\",\"url\":\"https:\/\/fashiongold.lt\/lv\/\",\"name\":\"Fashion Gold\",\"description\":\"Juvelyrikos namai\",\"publisher\":{\"@id\":\"https:\/\/fashiongold.lt\/lv\/#organization\"},\"potentialAction\":[{\"@type\":\"SearchAction\",\"target\":{\"@type\":\"EntryPoint\",\"urlTemplate\":\"https:\/\/fashiongold.lt\/lv\/?s={search_term_string}\"},\"query-input\":{\"@type\":\"PropertyValueSpecification\",\"valueRequired\":true,\"valueName\":\"search_term_string\"}}],\"inLanguage\":\"lv-LV\"},{\"@type\":\"Organization\",\"@id\":\"https:\/\/fashiongold.lt\/lv\/#organization\",\"name\":\"Topdiamonds Online\",\"url\":\"https:\/\/fashiongold.lt\/lv\/\",\"logo\":{\"@type\":\"ImageObject\",\"inLanguage\":\"lv-LV\",\"@id\":\"https:\/\/fashiongold.lt\/lv\/#\/schema\/logo\/image\/\",\"url\":\"https:\/\/fashiongold.lt\/wp-content\/uploads\/2025\/04\/cropped-fashion_gold_logotipas2-scaled-1.png\",\"contentUrl\":\"https:\/\/fashiongold.lt\/wp-content\/uploads\/2025\/04\/cropped-fashion_gold_logotipas2-scaled-1.png\",\"width\":2559,\"height\":421,\"caption\":\"Topdiamonds Online\"},\"image\":{\"@id\":\"https:\/\/fashiongold.lt\/lv\/#\/schema\/logo\/image\/\"}}]}<\/script>\n<!-- \/ Yoast SEO plugin. -->","yoast_head_json":{"title":"Klasisks sarkan\u0101 zelta laul\u012bbu gredzens","robots":{"index":"index","follow":"follow","max-snippet":"max-snippet:-1","max-image-preview":"max-image-preview:large","max-video-preview":"max-video-preview:-1"},"canonical":"https:\/\/fashiongold.lt\/lv\/papuosalas\/laulibas-gredzens-klasika-5-mm-balta-dzeltena-un-sarkana-zelta\/","og_locale":"lv_LV","og_type":"article","og_title":"Klasisks sarkan\u0101 zelta laul\u012bbu gredzens","og_description":"Klasisks gluds laul\u012bbas gredzens no izv\u0113l\u0113t\u0101s kr\u0101sas zelta.","og_url":"https:\/\/fashiongold.lt\/lv\/papuosalas\/laulibas-gredzens-klasika-5-mm-balta-dzeltena-un-sarkana-zelta\/","og_site_name":"FashionGold.lt","og_image":[{"width":670,"height":533,"url":"https:\/\/fashiongold.lt\/wp-content\/uploads\/2025\/10\/1885-cb8-VESTUVINIS-ZIEDAS-KLASIKA-2020-5-mm-balto-geltono-ir-raudono-aukso.webp","type":"image\/jpeg"}],"twitter_card":"summary_large_image","schema":{"@context":"https:\/\/schema.org","@graph":[{"@type":"WebPage","@id":"https:\/\/fashiongold.lt\/lv\/papuosalas\/laulibas-gredzens-klasika-5-mm-balta-dzeltena-un-sarkana-zelta\/","url":"https:\/\/fashiongold.lt\/lv\/papuosalas\/laulibas-gredzens-klasika-5-mm-balta-dzeltena-un-sarkana-zelta\/","name":"Klasisks sarkan\u0101 zelta laul\u012bbu gredzens","isPartOf":{"@id":"https:\/\/fashiongold.lt\/lv\/#website"},"primaryImageOfPage":{"@id":"https:\/\/fashiongold.lt\/lv\/papuosalas\/laulibas-gredzens-klasika-5-mm-balta-dzeltena-un-sarkana-zelta\/#primaryimage"},"image":{"@id":"https:\/\/fashiongold.lt\/lv\/papuosalas\/laulibas-gredzens-klasika-5-mm-balta-dzeltena-un-sarkana-zelta\/#primaryimage"},"thumbnailUrl":"https:\/\/fashiongold.lt\/wp-content\/uploads\/2025\/10\/1885-cb8-VESTUVINIS-ZIEDAS-KLASIKA-2020-5-mm-balto-geltono-ir-raudono-aukso.jpg","datePublished":"2025-10-09T16:43:22+00:00","breadcrumb":{"@id":"https:\/\/fashiongold.lt\/lv\/papuosalas\/laulibas-gredzens-klasika-5-mm-balta-dzeltena-un-sarkana-zelta\/#breadcrumb"},"inLanguage":"lv-LV","potentialAction":[{"@type":"ReadAction","target":["https:\/\/fashiongold.lt\/lv\/papuosalas\/laulibas-gredzens-klasika-5-mm-balta-dzeltena-un-sarkana-zelta\/"]}]},{"@type":"ImageObject","inLanguage":"lv-LV","@id":"https:\/\/fashiongold.lt\/lv\/papuosalas\/laulibas-gredzens-klasika-5-mm-balta-dzeltena-un-sarkana-zelta\/#primaryimage","url":"https:\/\/fashiongold.lt\/wp-content\/uploads\/2025\/10\/1885-cb8-VESTUVINIS-ZIEDAS-KLASIKA-2020-5-mm-balto-geltono-ir-raudono-aukso.jpg","contentUrl":"https:\/\/fashiongold.lt\/wp-content\/uploads\/2025\/10\/1885-cb8-VESTUVINIS-ZIEDAS-KLASIKA-2020-5-mm-balto-geltono-ir-raudono-aukso.jpg","width":670,"height":533},{"@type":"BreadcrumbList","@id":"https:\/\/fashiongold.lt\/lv\/papuosalas\/laulibas-gredzens-klasika-5-mm-balta-dzeltena-un-sarkana-zelta\/#breadcrumb","itemListElement":[{"@type":"ListItem","position":1,"name":"Home","item":"https:\/\/fashiongold.lt\/lv\/"},{"@type":"ListItem","position":2,"name":"Dimantu veikals Fashiongold.lt","item":"https:\/\/fashiongold.lt\/shop-2\/"},{"@type":"ListItem","position":3,"name":"LAUL\u012aBAS GREDZENS \u201eKLASIKA\u201c 5 mm balt\u0101, dzelten\u0101 un sarkan\u0101 zelta"}]},{"@type":"WebSite","@id":"https:\/\/fashiongold.lt\/lv\/#website","url":"https:\/\/fashiongold.lt\/lv\/","name":"Fashion Gold","description":"Juvelyrikos namai","publisher":{"@id":"https:\/\/fashiongold.lt\/lv\/#organization"},"potentialAction":[{"@type":"SearchAction","target":{"@type":"EntryPoint","urlTemplate":"https:\/\/fashiongold.lt\/lv\/?s={search_term_string}"},"query-input":{"@type":"PropertyValueSpecification","valueRequired":true,"valueName":"search_term_string"}}],"inLanguage":"lv-LV"},{"@type":"Organization","@id":"https:\/\/fashiongold.lt\/lv\/#organization","name":"Topdiamonds Online","url":"https:\/\/fashiongold.lt\/lv\/","logo":{"@type":"ImageObject","inLanguage":"lv-LV","@id":"https:\/\/fashiongold.lt\/lv\/#\/schema\/logo\/image\/","url":"https:\/\/fashiongold.lt\/wp-content\/uploads\/2025\/04\/cropped-fashion_gold_logotipas2-scaled-1.png","contentUrl":"https:\/\/fashiongold.lt\/wp-content\/uploads\/2025\/04\/cropped-fashion_gold_logotipas2-scaled-1.png","width":2559,"height":421,"caption":"Topdiamonds Online"},"image":{"@id":"https:\/\/fashiongold.lt\/lv\/#\/schema\/logo\/image\/"}}]}},"_links":{"self":[{"href":"https:\/\/fashiongold.lt\/lv\/wp-json\/wp\/v2\/product\/286151","targetHints":{"allow":["GET"]}}],"collection":[{"href":"https:\/\/fashiongold.lt\/lv\/wp-json\/wp\/v2\/product"}],"about":[{"href":"https:\/\/fashiongold.lt\/lv\/wp-json\/wp\/v2\/types\/product"}],"version-history":[{"count":0,"href":"https:\/\/fashiongold.lt\/lv\/wp-json\/wp\/v2\/product\/286151\/revisions"}],"wp:featuredmedia":[{"embeddable":true,"href":"https:\/\/fashiongold.lt\/lv\/wp-json\/wp\/v2\/media\/40833"}],"wp:attachment":[{"href":"https:\/\/fashiongold.lt\/lv\/wp-json\/wp\/v2\/media?parent=286151"}],"wp:term":[{"taxonomy":"product_brand","embeddable":true,"href":"https:\/\/fashiongold.lt\/lv\/wp-json\/wp\/v2\/product_brand?post=286151"},{"taxonomy":"product_cat","embeddable":true,"href":"https:\/\/fashiongold.lt\/lv\/wp-json\/wp\/v2\/product_cat?post=286151"},{"taxonomy":"product_tag","embeddable":true,"href":"https:\/\/fashiongold.lt\/lv\/wp-json\/wp\/v2\/product_tag?post=286151"}],"curies":[{"name":"wp","href":"https:\/\/api.w.org\/{rel}","templated":true}]}}