{"id":286181,"date":"2025-10-09T16:41:01","date_gmt":"2025-10-09T16:41:01","guid":{"rendered":"https:\/\/fashiongold.lt\/papuosalas\/zelta-auskari-tris-dimanti\/"},"modified":"2025-10-09T16:41:01","modified_gmt":"2025-10-09T16:41:01","slug":"zelta-auskari-tris-dimanti","status":"publish","type":"product","link":"https:\/\/fashiongold.lt\/lv\/papuosalas\/zelta-auskari-tris-dimanti\/","title":{"rendered":"ZELTA AUSKARI \u201eTR\u012aS DIMANTI\u201c"},"content":{"rendered":"<p>\u201eFashion Gold\u201c juvelieru rad\u012bti eleganti zelta auskari, kurus katru rot\u0101 pieci dimanti. Auskaru aizdare fiks\u0113jas, t\u0101p\u0113c tos nepazaud\u0113siet. Izgatavots Lietuv\u0101. Auskari var tikt izgatavoti p\u0113c pas\u016bt\u012bjuma: no sarkan\u0101, dzelten\u0101 vai balt\u0101 zelta.     <\/p>\n<p>\u2022 Dimanta tips: Dab\u012bgs dimants     <\/p>\n<p>\u2022 Dimanta forma: Apa\u013ca forma (Round cut)     <\/p>\n<p>\u2022 Dimanta raksturojums: 0,10 ct, kr\u0101sa G-H (RW-W); dzidrums VS-SI     <\/p>\n<p>\u2022 Sertifik\u0101ts: Lietuvas Provju birojs (LPR)       <\/p>\n<p>\u2022 Auskaru zelts: 14K (585. prove)       <\/p>\n<p>\u2022 Auskaru kr\u0101sa: dzeltenais zelts         <\/p>\n<p>\u2022 Auskaru svars: aptuveni 1,80 g       <\/p>\n<p>\u2022 Auskaru izm\u0113ri: augstums 10 mm, platums 3 mm<\/p>\n","protected":false},"excerpt":{"rendered":"<p>Roku darba zelta auskari ar dimantiem, eleganti un smalki, klasiska dizaina auskari ar ang\u013cu aizdari. Katru auskaru rot\u0101 pa trim briljantiem. \u0160iem auskariem var pieska\u0146ot \u012bpa\u0161us piekari\u0146us, kurus var pievienot \u012bpa\u0161os gad\u012bjumos.<\/p><\/p>\n","protected":false},"featured_media":40508,"template":"","meta":{"site-sidebar-layout":"","site-content-layout":"","ast-site-content-layout":"","site-content-style":"","site-sidebar-style":"","ast-global-header-display":"","ast-banner-title-visibility":"","ast-main-header-display":"","ast-hfb-above-header-display":"","ast-hfb-below-header-display":"","ast-hfb-mobile-header-display":"","site-post-title":"","ast-breadcrumbs-content":"","ast-featured-img":"","footer-sml-layout":"","ast-disable-related-posts":"","theme-transparent-header-meta":"","adv-header-id-meta":"","stick-header-meta":"","header-above-stick-meta":"","header-main-stick-meta":"","header-below-stick-meta":"","astra-migrate-meta-layouts":"default","ast-page-background-enabled":"default","ast-page-background-meta":{"desktop":{"background-color":"var(--ast-global-color-4)","background-image":"","background-repeat":"repeat","background-position":"center center","background-size":"auto","background-attachment":"scroll","background-type":"","background-media":"","overlay-type":"","overlay-color":"","overlay-opacity":"","overlay-gradient":""},"tablet":{"background-color":"","background-image":"","background-repeat":"repeat","background-position":"center center","background-size":"auto","background-attachment":"scroll","background-type":"","background-media":"","overlay-type":"","overlay-color":"","overlay-opacity":"","overlay-gradient":""},"mobile":{"background-color":"","background-image":"","background-repeat":"repeat","background-position":"center center","background-size":"auto","background-attachment":"scroll","background-type":"","background-media":"","overlay-type":"","overlay-color":"","overlay-opacity":"","overlay-gradient":""}},"ast-content-background-meta":{"desktop":{"background-color":"var(--ast-global-color-5)","background-image":"","background-repeat":"repeat","background-position":"center center","background-size":"auto","background-attachment":"scroll","background-type":"","background-media":"","overlay-type":"","overlay-color":"","overlay-opacity":"","overlay-gradient":""},"tablet":{"background-color":"var(--ast-global-color-5)","background-image":"","background-repeat":"repeat","background-position":"center center","background-size":"auto","background-attachment":"scroll","background-type":"","background-media":"","overlay-type":"","overlay-color":"","overlay-opacity":"","overlay-gradient":""},"mobile":{"background-color":"var(--ast-global-color-5)","background-image":"","background-repeat":"repeat","background-position":"center center","background-size":"auto","background-attachment":"scroll","background-type":"","background-media":"","overlay-type":"","overlay-color":"","overlay-opacity":"","overlay-gradient":""}}},"product_brand":[],"product_cat":[3572,2978,3405,2919,3406,2915,2913,2921,2920,3403,2916,2914,3042,3401,2922,2936,2918],"product_tag":[],"class_list":{"0":"post-286181","1":"product","2":"type-product","3":"status-publish","4":"has-post-thumbnail","6":"product_cat-auskari-ar-anglu-aizdari","7":"product_cat-auskari-ar-dimantiem","8":"product_cat-auskari-meitenem-bernu-auskari","9":"product_cat-baltzelta-rotaslietas","10":"product_cat-davana-pirmaja-komunija","11":"product_cat-davanas-berna-piedzimsanai","12":"product_cat-davanas-dzimsanas-diena","13":"product_cat-davanas-ipasiem-gadijumiem","14":"product_cat-davanas-izlaidumam","15":"product_cat-davanas-kazam","16":"product_cat-davanas-kazu-gadadiena","17":"product_cat-davanas-sievietem","18":"product_cat-juvelierizstradajumi","19":"product_cat-kristibu-davanas","20":"product_cat-mates-dienas-davanas","21":"product_cat-valentindienas-davanas","22":"product_cat-ziemassvetku-davanas","23":"desktop-align-center","24":"tablet-align-left","25":"mobile-align-left","26":"ast-product-gallery-layout-horizontal-slider","27":"ast-product-gallery-with-no-image","28":"ast-product-single-variable","29":"ast-product-tabs-layout-accordion","30":"ast-qv-on-image","32":"first","33":"instock","34":"taxable","35":"shipping-taxable","36":"purchasable","37":"product-type-variable"},"yoast_head":"<!-- This site is optimized with the Yoast SEO plugin v26.6 - https:\/\/yoast.com\/wordpress\/plugins\/seo\/ -->\n<title>ZELTA AUSKARI \u201eTR\u012aS DIMANTI\u201c (0,10 ct)<\/title>\n<meta name=\"description\" content=\"Roku darba zelta auskari ar dimantiem un ang\u013cu aizdari. Tiem iesp\u0113jams pievienot \u012bpa\u0161us piekari\u0146us, kurus var pielikt \u012bpa\u0161os gad\u012bjumos.\" \/>\n<meta name=\"robots\" content=\"index, follow, max-snippet:-1, max-image-preview:large, max-video-preview:-1\" \/>\n<link rel=\"canonical\" href=\"https:\/\/fashiongold.lt\/lv\/papuosalas\/zelta-auskari-tris-dimanti\/\" \/>\n<meta property=\"og:locale\" content=\"lv_LV\" \/>\n<meta property=\"og:type\" content=\"article\" \/>\n<meta property=\"og:title\" content=\"ZELTA AUSKARI \u201eTR\u012aS DIMANTI\u201c (0,10 ct)\" \/>\n<meta property=\"og:description\" content=\"Roku darba zelta auskari ar dimantiem un ang\u013cu aizdari. Tiem iesp\u0113jams pievienot \u012bpa\u0161us piekari\u0146us, kurus var pielikt \u012bpa\u0161os gad\u012bjumos.\" \/>\n<meta property=\"og:url\" content=\"https:\/\/fashiongold.lt\/lv\/papuosalas\/zelta-auskari-tris-dimanti\/\" \/>\n<meta property=\"og:site_name\" content=\"FashionGold.lt\" \/>\n<meta property=\"og:image\" content=\"https:\/\/fashiongold.lt\/wp-content\/uploads\/2025\/10\/6610-337-AUKSINIAI-AUSKARAI-TRYS-DEIMANTAI.webp\" \/>\n\t<meta property=\"og:image:width\" content=\"1000\" \/>\n\t<meta property=\"og:image:height\" content=\"1000\" \/>\n\t<meta property=\"og:image:type\" content=\"image\/png\" \/>\n<meta name=\"twitter:card\" content=\"summary_large_image\" \/>\n<script type=\"application\/ld+json\" class=\"yoast-schema-graph\">{\"@context\":\"https:\/\/schema.org\",\"@graph\":[{\"@type\":\"WebPage\",\"@id\":\"https:\/\/fashiongold.lt\/lv\/papuosalas\/zelta-auskari-tris-dimanti\/\",\"url\":\"https:\/\/fashiongold.lt\/lv\/papuosalas\/zelta-auskari-tris-dimanti\/\",\"name\":\"ZELTA AUSKARI \u201eTR\u012aS DIMANTI\u201c (0,10 ct)\",\"isPartOf\":{\"@id\":\"https:\/\/fashiongold.lt\/lv\/#website\"},\"primaryImageOfPage\":{\"@id\":\"https:\/\/fashiongold.lt\/lv\/papuosalas\/zelta-auskari-tris-dimanti\/#primaryimage\"},\"image\":{\"@id\":\"https:\/\/fashiongold.lt\/lv\/papuosalas\/zelta-auskari-tris-dimanti\/#primaryimage\"},\"thumbnailUrl\":\"https:\/\/fashiongold.lt\/wp-content\/uploads\/2025\/10\/6610-337-AUKSINIAI-AUSKARAI-TRYS-DEIMANTAI.png\",\"datePublished\":\"2025-10-09T16:41:01+00:00\",\"description\":\"Roku darba zelta auskari ar dimantiem un ang\u013cu aizdari. Tiem iesp\u0113jams pievienot \u012bpa\u0161us piekari\u0146us, kurus var pielikt \u012bpa\u0161os gad\u012bjumos.\",\"breadcrumb\":{\"@id\":\"https:\/\/fashiongold.lt\/lv\/papuosalas\/zelta-auskari-tris-dimanti\/#breadcrumb\"},\"inLanguage\":\"lv-LV\",\"potentialAction\":[{\"@type\":\"ReadAction\",\"target\":[\"https:\/\/fashiongold.lt\/lv\/papuosalas\/zelta-auskari-tris-dimanti\/\"]}]},{\"@type\":\"ImageObject\",\"inLanguage\":\"lv-LV\",\"@id\":\"https:\/\/fashiongold.lt\/lv\/papuosalas\/zelta-auskari-tris-dimanti\/#primaryimage\",\"url\":\"https:\/\/fashiongold.lt\/wp-content\/uploads\/2025\/10\/6610-337-AUKSINIAI-AUSKARAI-TRYS-DEIMANTAI.png\",\"contentUrl\":\"https:\/\/fashiongold.lt\/wp-content\/uploads\/2025\/10\/6610-337-AUKSINIAI-AUSKARAI-TRYS-DEIMANTAI.png\",\"width\":1000,\"height\":1000},{\"@type\":\"BreadcrumbList\",\"@id\":\"https:\/\/fashiongold.lt\/lv\/papuosalas\/zelta-auskari-tris-dimanti\/#breadcrumb\",\"itemListElement\":[{\"@type\":\"ListItem\",\"position\":1,\"name\":\"Home\",\"item\":\"https:\/\/fashiongold.lt\/lv\/\"},{\"@type\":\"ListItem\",\"position\":2,\"name\":\"Dimantu veikals Fashiongold.lt\",\"item\":\"https:\/\/fashiongold.lt\/shop-2\/\"},{\"@type\":\"ListItem\",\"position\":3,\"name\":\"ZELTA AUSKARI \u201eTR\u012aS DIMANTI\u201c\"}]},{\"@type\":\"WebSite\",\"@id\":\"https:\/\/fashiongold.lt\/lv\/#website\",\"url\":\"https:\/\/fashiongold.lt\/lv\/\",\"name\":\"Fashion Gold\",\"description\":\"Juvelyrikos namai\",\"publisher\":{\"@id\":\"https:\/\/fashiongold.lt\/lv\/#organization\"},\"potentialAction\":[{\"@type\":\"SearchAction\",\"target\":{\"@type\":\"EntryPoint\",\"urlTemplate\":\"https:\/\/fashiongold.lt\/lv\/?s={search_term_string}\"},\"query-input\":{\"@type\":\"PropertyValueSpecification\",\"valueRequired\":true,\"valueName\":\"search_term_string\"}}],\"inLanguage\":\"lv-LV\"},{\"@type\":\"Organization\",\"@id\":\"https:\/\/fashiongold.lt\/lv\/#organization\",\"name\":\"Topdiamonds Online\",\"url\":\"https:\/\/fashiongold.lt\/lv\/\",\"logo\":{\"@type\":\"ImageObject\",\"inLanguage\":\"lv-LV\",\"@id\":\"https:\/\/fashiongold.lt\/lv\/#\/schema\/logo\/image\/\",\"url\":\"https:\/\/fashiongold.lt\/wp-content\/uploads\/2025\/04\/cropped-fashion_gold_logotipas2-scaled-1.png\",\"contentUrl\":\"https:\/\/fashiongold.lt\/wp-content\/uploads\/2025\/04\/cropped-fashion_gold_logotipas2-scaled-1.png\",\"width\":2559,\"height\":421,\"caption\":\"Topdiamonds Online\"},\"image\":{\"@id\":\"https:\/\/fashiongold.lt\/lv\/#\/schema\/logo\/image\/\"}}]}<\/script>\n<!-- \/ Yoast SEO plugin. -->","yoast_head_json":{"title":"ZELTA AUSKARI \u201eTR\u012aS DIMANTI\u201c (0,10 ct)","description":"Roku darba zelta auskari ar dimantiem un ang\u013cu aizdari. Tiem iesp\u0113jams pievienot \u012bpa\u0161us piekari\u0146us, kurus var pielikt \u012bpa\u0161os gad\u012bjumos.","robots":{"index":"index","follow":"follow","max-snippet":"max-snippet:-1","max-image-preview":"max-image-preview:large","max-video-preview":"max-video-preview:-1"},"canonical":"https:\/\/fashiongold.lt\/lv\/papuosalas\/zelta-auskari-tris-dimanti\/","og_locale":"lv_LV","og_type":"article","og_title":"ZELTA AUSKARI \u201eTR\u012aS DIMANTI\u201c (0,10 ct)","og_description":"Roku darba zelta auskari ar dimantiem un ang\u013cu aizdari. Tiem iesp\u0113jams pievienot \u012bpa\u0161us piekari\u0146us, kurus var pielikt \u012bpa\u0161os gad\u012bjumos.","og_url":"https:\/\/fashiongold.lt\/lv\/papuosalas\/zelta-auskari-tris-dimanti\/","og_site_name":"FashionGold.lt","og_image":[{"width":1000,"height":1000,"url":"https:\/\/fashiongold.lt\/wp-content\/uploads\/2025\/10\/6610-337-AUKSINIAI-AUSKARAI-TRYS-DEIMANTAI.webp","type":"image\/png"}],"twitter_card":"summary_large_image","schema":{"@context":"https:\/\/schema.org","@graph":[{"@type":"WebPage","@id":"https:\/\/fashiongold.lt\/lv\/papuosalas\/zelta-auskari-tris-dimanti\/","url":"https:\/\/fashiongold.lt\/lv\/papuosalas\/zelta-auskari-tris-dimanti\/","name":"ZELTA AUSKARI \u201eTR\u012aS DIMANTI\u201c (0,10 ct)","isPartOf":{"@id":"https:\/\/fashiongold.lt\/lv\/#website"},"primaryImageOfPage":{"@id":"https:\/\/fashiongold.lt\/lv\/papuosalas\/zelta-auskari-tris-dimanti\/#primaryimage"},"image":{"@id":"https:\/\/fashiongold.lt\/lv\/papuosalas\/zelta-auskari-tris-dimanti\/#primaryimage"},"thumbnailUrl":"https:\/\/fashiongold.lt\/wp-content\/uploads\/2025\/10\/6610-337-AUKSINIAI-AUSKARAI-TRYS-DEIMANTAI.png","datePublished":"2025-10-09T16:41:01+00:00","description":"Roku darba zelta auskari ar dimantiem un ang\u013cu aizdari. Tiem iesp\u0113jams pievienot \u012bpa\u0161us piekari\u0146us, kurus var pielikt \u012bpa\u0161os gad\u012bjumos.","breadcrumb":{"@id":"https:\/\/fashiongold.lt\/lv\/papuosalas\/zelta-auskari-tris-dimanti\/#breadcrumb"},"inLanguage":"lv-LV","potentialAction":[{"@type":"ReadAction","target":["https:\/\/fashiongold.lt\/lv\/papuosalas\/zelta-auskari-tris-dimanti\/"]}]},{"@type":"ImageObject","inLanguage":"lv-LV","@id":"https:\/\/fashiongold.lt\/lv\/papuosalas\/zelta-auskari-tris-dimanti\/#primaryimage","url":"https:\/\/fashiongold.lt\/wp-content\/uploads\/2025\/10\/6610-337-AUKSINIAI-AUSKARAI-TRYS-DEIMANTAI.png","contentUrl":"https:\/\/fashiongold.lt\/wp-content\/uploads\/2025\/10\/6610-337-AUKSINIAI-AUSKARAI-TRYS-DEIMANTAI.png","width":1000,"height":1000},{"@type":"BreadcrumbList","@id":"https:\/\/fashiongold.lt\/lv\/papuosalas\/zelta-auskari-tris-dimanti\/#breadcrumb","itemListElement":[{"@type":"ListItem","position":1,"name":"Home","item":"https:\/\/fashiongold.lt\/lv\/"},{"@type":"ListItem","position":2,"name":"Dimantu veikals Fashiongold.lt","item":"https:\/\/fashiongold.lt\/shop-2\/"},{"@type":"ListItem","position":3,"name":"ZELTA AUSKARI \u201eTR\u012aS DIMANTI\u201c"}]},{"@type":"WebSite","@id":"https:\/\/fashiongold.lt\/lv\/#website","url":"https:\/\/fashiongold.lt\/lv\/","name":"Fashion Gold","description":"Juvelyrikos namai","publisher":{"@id":"https:\/\/fashiongold.lt\/lv\/#organization"},"potentialAction":[{"@type":"SearchAction","target":{"@type":"EntryPoint","urlTemplate":"https:\/\/fashiongold.lt\/lv\/?s={search_term_string}"},"query-input":{"@type":"PropertyValueSpecification","valueRequired":true,"valueName":"search_term_string"}}],"inLanguage":"lv-LV"},{"@type":"Organization","@id":"https:\/\/fashiongold.lt\/lv\/#organization","name":"Topdiamonds Online","url":"https:\/\/fashiongold.lt\/lv\/","logo":{"@type":"ImageObject","inLanguage":"lv-LV","@id":"https:\/\/fashiongold.lt\/lv\/#\/schema\/logo\/image\/","url":"https:\/\/fashiongold.lt\/wp-content\/uploads\/2025\/04\/cropped-fashion_gold_logotipas2-scaled-1.png","contentUrl":"https:\/\/fashiongold.lt\/wp-content\/uploads\/2025\/04\/cropped-fashion_gold_logotipas2-scaled-1.png","width":2559,"height":421,"caption":"Topdiamonds Online"},"image":{"@id":"https:\/\/fashiongold.lt\/lv\/#\/schema\/logo\/image\/"}}]}},"_links":{"self":[{"href":"https:\/\/fashiongold.lt\/lv\/wp-json\/wp\/v2\/product\/286181","targetHints":{"allow":["GET"]}}],"collection":[{"href":"https:\/\/fashiongold.lt\/lv\/wp-json\/wp\/v2\/product"}],"about":[{"href":"https:\/\/fashiongold.lt\/lv\/wp-json\/wp\/v2\/types\/product"}],"version-history":[{"count":0,"href":"https:\/\/fashiongold.lt\/lv\/wp-json\/wp\/v2\/product\/286181\/revisions"}],"wp:featuredmedia":[{"embeddable":true,"href":"https:\/\/fashiongold.lt\/lv\/wp-json\/wp\/v2\/media\/40508"}],"wp:attachment":[{"href":"https:\/\/fashiongold.lt\/lv\/wp-json\/wp\/v2\/media?parent=286181"}],"wp:term":[{"taxonomy":"product_brand","embeddable":true,"href":"https:\/\/fashiongold.lt\/lv\/wp-json\/wp\/v2\/product_brand?post=286181"},{"taxonomy":"product_cat","embeddable":true,"href":"https:\/\/fashiongold.lt\/lv\/wp-json\/wp\/v2\/product_cat?post=286181"},{"taxonomy":"product_tag","embeddable":true,"href":"https:\/\/fashiongold.lt\/lv\/wp-json\/wp\/v2\/product_tag?post=286181"}],"curies":[{"name":"wp","href":"https:\/\/api.w.org\/{rel}","templated":true}]}}