{"id":286206,"date":"2025-10-09T16:39:58","date_gmt":"2025-10-09T16:39:58","guid":{"rendered":"https:\/\/fashiongold.lt\/papuosalas\/laulibas-gredzens-milestibas-planeta-ar-dimantiem\/"},"modified":"2025-10-09T16:39:58","modified_gmt":"2025-10-09T16:39:58","slug":"laulibas-gredzens-milestibas-planeta-ar-dimantiem","status":"publish","type":"product","link":"https:\/\/fashiongold.lt\/lv\/papuosalas\/laulibas-gredzens-milestibas-planeta-ar-dimantiem\/","title":{"rendered":"LAUL\u012aBAS GREDZENS \u201eM\u012aLEST\u012aBAS PLAN\u0112TA AR DIMANTIEM\u201c"},"content":{"rendered":"<p>Kad atn\u0101k m\u012blest\u012bba, j\u016bs p\u0101rce\u013caties dz\u012bvot tur, kur dodas visi iem\u012bl\u0113ju\u0161ies \u2013 uz m\u012blest\u012bbas plan\u0113tu. Palieciet tur m\u016b\u017e\u012bgi, to simboliz\u0113 \u0161is ekskluz\u012bvais roku darba gredzens ar \u012bstiem dimantiem. Gredzenus rad\u012bju\u0161i \u201eFashion Gold\u201c juvelieri. \u0160o laul\u012bbu gredzenu var izgatavot no \u0161\u0101diem met\u0101liem un prov\u0113m: zelts 585, 750. Gredzena met\u0101la kr\u0101sa: p\u0113c piepras\u012bjuma. Gredzena platums: 8 mm (iesp\u0113jams main\u012bt). Akmens: briljanti (RW-W, VS-SI) 8 gab. \u2013 0,12 ct (iesp\u0113jams main\u012bt).<\/p>\n","protected":false},"excerpt":{"rendered":"<p>\u012apa\u0161i ori\u0123in\u0101la dizaina un jaunlaul\u0101to iecien\u012bts laul\u012bbas gredzens<\/p>\n","protected":false},"featured_media":40271,"template":"","meta":{"site-sidebar-layout":"","site-content-layout":"","ast-site-content-layout":"","site-content-style":"","site-sidebar-style":"","ast-global-header-display":"","ast-banner-title-visibility":"","ast-main-header-display":"","ast-hfb-above-header-display":"","ast-hfb-below-header-display":"","ast-hfb-mobile-header-display":"","site-post-title":"","ast-breadcrumbs-content":"","ast-featured-img":"","footer-sml-layout":"","ast-disable-related-posts":"","theme-transparent-header-meta":"","adv-header-id-meta":"","stick-header-meta":"","header-above-stick-meta":"","header-main-stick-meta":"","header-below-stick-meta":"","astra-migrate-meta-layouts":"default","ast-page-background-enabled":"default","ast-page-background-meta":{"desktop":{"background-color":"var(--ast-global-color-4)","background-image":"","background-repeat":"repeat","background-position":"center center","background-size":"auto","background-attachment":"scroll","background-type":"","background-media":"","overlay-type":"","overlay-color":"","overlay-opacity":"","overlay-gradient":""},"tablet":{"background-color":"","background-image":"","background-repeat":"repeat","background-position":"center center","background-size":"auto","background-attachment":"scroll","background-type":"","background-media":"","overlay-type":"","overlay-color":"","overlay-opacity":"","overlay-gradient":""},"mobile":{"background-color":"","background-image":"","background-repeat":"repeat","background-position":"center center","background-size":"auto","background-attachment":"scroll","background-type":"","background-media":"","overlay-type":"","overlay-color":"","overlay-opacity":"","overlay-gradient":""}},"ast-content-background-meta":{"desktop":{"background-color":"var(--ast-global-color-5)","background-image":"","background-repeat":"repeat","background-position":"center center","background-size":"auto","background-attachment":"scroll","background-type":"","background-media":"","overlay-type":"","overlay-color":"","overlay-opacity":"","overlay-gradient":""},"tablet":{"background-color":"var(--ast-global-color-5)","background-image":"","background-repeat":"repeat","background-position":"center center","background-size":"auto","background-attachment":"scroll","background-type":"","background-media":"","overlay-type":"","overlay-color":"","overlay-opacity":"","overlay-gradient":""},"mobile":{"background-color":"var(--ast-global-color-5)","background-image":"","background-repeat":"repeat","background-position":"center center","background-size":"auto","background-attachment":"scroll","background-type":"","background-media":"","overlay-type":"","overlay-color":"","overlay-opacity":"","overlay-gradient":""}}},"product_brand":[],"product_cat":[3524],"product_tag":[],"class_list":{"0":"post-286206","1":"product","2":"type-product","3":"status-publish","4":"has-post-thumbnail","6":"product_cat-kazu-gredzeni","7":"desktop-align-center","8":"tablet-align-left","9":"mobile-align-left","10":"ast-product-gallery-layout-horizontal-slider","11":"ast-product-gallery-with-no-image","12":"ast-product-tabs-layout-accordion","13":"ast-qv-on-image","15":"first","16":"instock","17":"taxable","18":"shipping-taxable","19":"purchasable","20":"product-type-simple"},"yoast_head":"<!-- This site is optimized with the Yoast SEO plugin v26.6 - https:\/\/yoast.com\/wordpress\/plugins\/seo\/ -->\n<title>LAUL\u012aBAS GREDZENS \u201eM\u012aLEST\u012aBAS PLAN\u0112TA AR DIMANTIEM\u201c - FashionGold.lt<\/title>\n<meta name=\"robots\" content=\"index, follow, max-snippet:-1, max-image-preview:large, max-video-preview:-1\" \/>\n<link rel=\"canonical\" href=\"https:\/\/fashiongold.lt\/lv\/papuosalas\/laulibas-gredzens-milestibas-planeta-ar-dimantiem\/\" \/>\n<meta property=\"og:locale\" content=\"lv_LV\" \/>\n<meta property=\"og:type\" content=\"article\" \/>\n<meta property=\"og:title\" content=\"LAUL\u012aBAS GREDZENS \u201eM\u012aLEST\u012aBAS PLAN\u0112TA AR DIMANTIEM\u201c - FashionGold.lt\" \/>\n<meta property=\"og:description\" content=\"\u012apa\u0161i ori\u0123in\u0101la dizaina un jaunlaul\u0101to iecien\u012bts laul\u012bbas gredzens\" \/>\n<meta property=\"og:url\" content=\"https:\/\/fashiongold.lt\/lv\/papuosalas\/laulibas-gredzens-milestibas-planeta-ar-dimantiem\/\" \/>\n<meta property=\"og:site_name\" content=\"FashionGold.lt\" \/>\n<meta property=\"og:image\" content=\"https:\/\/fashiongold.lt\/wp-content\/uploads\/2025\/10\/104-29f-VESTUVINIS-ZIEDAS-MEILES-PLANETA-SU-DEIMANTAIS.webp\" \/>\n\t<meta property=\"og:image:width\" content=\"300\" \/>\n\t<meta property=\"og:image:height\" content=\"300\" \/>\n\t<meta property=\"og:image:type\" content=\"image\/jpeg\" \/>\n<meta name=\"twitter:card\" content=\"summary_large_image\" \/>\n<script type=\"application\/ld+json\" class=\"yoast-schema-graph\">{\"@context\":\"https:\/\/schema.org\",\"@graph\":[{\"@type\":\"WebPage\",\"@id\":\"https:\/\/fashiongold.lt\/lv\/papuosalas\/laulibas-gredzens-milestibas-planeta-ar-dimantiem\/\",\"url\":\"https:\/\/fashiongold.lt\/lv\/papuosalas\/laulibas-gredzens-milestibas-planeta-ar-dimantiem\/\",\"name\":\"LAUL\u012aBAS GREDZENS \u201eM\u012aLEST\u012aBAS PLAN\u0112TA AR DIMANTIEM\u201c - FashionGold.lt\",\"isPartOf\":{\"@id\":\"https:\/\/fashiongold.lt\/lv\/#website\"},\"primaryImageOfPage\":{\"@id\":\"https:\/\/fashiongold.lt\/lv\/papuosalas\/laulibas-gredzens-milestibas-planeta-ar-dimantiem\/#primaryimage\"},\"image\":{\"@id\":\"https:\/\/fashiongold.lt\/lv\/papuosalas\/laulibas-gredzens-milestibas-planeta-ar-dimantiem\/#primaryimage\"},\"thumbnailUrl\":\"https:\/\/fashiongold.lt\/wp-content\/uploads\/2025\/10\/104-29f-VESTUVINIS-ZIEDAS-MEILES-PLANETA-SU-DEIMANTAIS.jpg\",\"datePublished\":\"2025-10-09T16:39:58+00:00\",\"breadcrumb\":{\"@id\":\"https:\/\/fashiongold.lt\/lv\/papuosalas\/laulibas-gredzens-milestibas-planeta-ar-dimantiem\/#breadcrumb\"},\"inLanguage\":\"lv-LV\",\"potentialAction\":[{\"@type\":\"ReadAction\",\"target\":[\"https:\/\/fashiongold.lt\/lv\/papuosalas\/laulibas-gredzens-milestibas-planeta-ar-dimantiem\/\"]}]},{\"@type\":\"ImageObject\",\"inLanguage\":\"lv-LV\",\"@id\":\"https:\/\/fashiongold.lt\/lv\/papuosalas\/laulibas-gredzens-milestibas-planeta-ar-dimantiem\/#primaryimage\",\"url\":\"https:\/\/fashiongold.lt\/wp-content\/uploads\/2025\/10\/104-29f-VESTUVINIS-ZIEDAS-MEILES-PLANETA-SU-DEIMANTAIS.jpg\",\"contentUrl\":\"https:\/\/fashiongold.lt\/wp-content\/uploads\/2025\/10\/104-29f-VESTUVINIS-ZIEDAS-MEILES-PLANETA-SU-DEIMANTAIS.jpg\",\"width\":300,\"height\":300},{\"@type\":\"BreadcrumbList\",\"@id\":\"https:\/\/fashiongold.lt\/lv\/papuosalas\/laulibas-gredzens-milestibas-planeta-ar-dimantiem\/#breadcrumb\",\"itemListElement\":[{\"@type\":\"ListItem\",\"position\":1,\"name\":\"Home\",\"item\":\"https:\/\/fashiongold.lt\/lv\/\"},{\"@type\":\"ListItem\",\"position\":2,\"name\":\"Dimantu veikals Fashiongold.lt\",\"item\":\"https:\/\/fashiongold.lt\/shop-2\/\"},{\"@type\":\"ListItem\",\"position\":3,\"name\":\"LAUL\u012aBAS GREDZENS \u201eM\u012aLEST\u012aBAS PLAN\u0112TA AR DIMANTIEM\u201c\"}]},{\"@type\":\"WebSite\",\"@id\":\"https:\/\/fashiongold.lt\/lv\/#website\",\"url\":\"https:\/\/fashiongold.lt\/lv\/\",\"name\":\"Fashion Gold\",\"description\":\"Juvelyrikos namai\",\"publisher\":{\"@id\":\"https:\/\/fashiongold.lt\/lv\/#organization\"},\"potentialAction\":[{\"@type\":\"SearchAction\",\"target\":{\"@type\":\"EntryPoint\",\"urlTemplate\":\"https:\/\/fashiongold.lt\/lv\/?s={search_term_string}\"},\"query-input\":{\"@type\":\"PropertyValueSpecification\",\"valueRequired\":true,\"valueName\":\"search_term_string\"}}],\"inLanguage\":\"lv-LV\"},{\"@type\":\"Organization\",\"@id\":\"https:\/\/fashiongold.lt\/lv\/#organization\",\"name\":\"Topdiamonds Online\",\"url\":\"https:\/\/fashiongold.lt\/lv\/\",\"logo\":{\"@type\":\"ImageObject\",\"inLanguage\":\"lv-LV\",\"@id\":\"https:\/\/fashiongold.lt\/lv\/#\/schema\/logo\/image\/\",\"url\":\"https:\/\/fashiongold.lt\/wp-content\/uploads\/2025\/04\/cropped-fashion_gold_logotipas2-scaled-1.png\",\"contentUrl\":\"https:\/\/fashiongold.lt\/wp-content\/uploads\/2025\/04\/cropped-fashion_gold_logotipas2-scaled-1.png\",\"width\":2559,\"height\":421,\"caption\":\"Topdiamonds Online\"},\"image\":{\"@id\":\"https:\/\/fashiongold.lt\/lv\/#\/schema\/logo\/image\/\"}}]}<\/script>\n<!-- \/ Yoast SEO plugin. -->","yoast_head_json":{"title":"LAUL\u012aBAS GREDZENS \u201eM\u012aLEST\u012aBAS PLAN\u0112TA AR DIMANTIEM\u201c - FashionGold.lt","robots":{"index":"index","follow":"follow","max-snippet":"max-snippet:-1","max-image-preview":"max-image-preview:large","max-video-preview":"max-video-preview:-1"},"canonical":"https:\/\/fashiongold.lt\/lv\/papuosalas\/laulibas-gredzens-milestibas-planeta-ar-dimantiem\/","og_locale":"lv_LV","og_type":"article","og_title":"LAUL\u012aBAS GREDZENS \u201eM\u012aLEST\u012aBAS PLAN\u0112TA AR DIMANTIEM\u201c - FashionGold.lt","og_description":"\u012apa\u0161i ori\u0123in\u0101la dizaina un jaunlaul\u0101to iecien\u012bts laul\u012bbas gredzens","og_url":"https:\/\/fashiongold.lt\/lv\/papuosalas\/laulibas-gredzens-milestibas-planeta-ar-dimantiem\/","og_site_name":"FashionGold.lt","og_image":[{"width":300,"height":300,"url":"https:\/\/fashiongold.lt\/wp-content\/uploads\/2025\/10\/104-29f-VESTUVINIS-ZIEDAS-MEILES-PLANETA-SU-DEIMANTAIS.webp","type":"image\/jpeg"}],"twitter_card":"summary_large_image","schema":{"@context":"https:\/\/schema.org","@graph":[{"@type":"WebPage","@id":"https:\/\/fashiongold.lt\/lv\/papuosalas\/laulibas-gredzens-milestibas-planeta-ar-dimantiem\/","url":"https:\/\/fashiongold.lt\/lv\/papuosalas\/laulibas-gredzens-milestibas-planeta-ar-dimantiem\/","name":"LAUL\u012aBAS GREDZENS \u201eM\u012aLEST\u012aBAS PLAN\u0112TA AR DIMANTIEM\u201c - FashionGold.lt","isPartOf":{"@id":"https:\/\/fashiongold.lt\/lv\/#website"},"primaryImageOfPage":{"@id":"https:\/\/fashiongold.lt\/lv\/papuosalas\/laulibas-gredzens-milestibas-planeta-ar-dimantiem\/#primaryimage"},"image":{"@id":"https:\/\/fashiongold.lt\/lv\/papuosalas\/laulibas-gredzens-milestibas-planeta-ar-dimantiem\/#primaryimage"},"thumbnailUrl":"https:\/\/fashiongold.lt\/wp-content\/uploads\/2025\/10\/104-29f-VESTUVINIS-ZIEDAS-MEILES-PLANETA-SU-DEIMANTAIS.jpg","datePublished":"2025-10-09T16:39:58+00:00","breadcrumb":{"@id":"https:\/\/fashiongold.lt\/lv\/papuosalas\/laulibas-gredzens-milestibas-planeta-ar-dimantiem\/#breadcrumb"},"inLanguage":"lv-LV","potentialAction":[{"@type":"ReadAction","target":["https:\/\/fashiongold.lt\/lv\/papuosalas\/laulibas-gredzens-milestibas-planeta-ar-dimantiem\/"]}]},{"@type":"ImageObject","inLanguage":"lv-LV","@id":"https:\/\/fashiongold.lt\/lv\/papuosalas\/laulibas-gredzens-milestibas-planeta-ar-dimantiem\/#primaryimage","url":"https:\/\/fashiongold.lt\/wp-content\/uploads\/2025\/10\/104-29f-VESTUVINIS-ZIEDAS-MEILES-PLANETA-SU-DEIMANTAIS.jpg","contentUrl":"https:\/\/fashiongold.lt\/wp-content\/uploads\/2025\/10\/104-29f-VESTUVINIS-ZIEDAS-MEILES-PLANETA-SU-DEIMANTAIS.jpg","width":300,"height":300},{"@type":"BreadcrumbList","@id":"https:\/\/fashiongold.lt\/lv\/papuosalas\/laulibas-gredzens-milestibas-planeta-ar-dimantiem\/#breadcrumb","itemListElement":[{"@type":"ListItem","position":1,"name":"Home","item":"https:\/\/fashiongold.lt\/lv\/"},{"@type":"ListItem","position":2,"name":"Dimantu veikals Fashiongold.lt","item":"https:\/\/fashiongold.lt\/shop-2\/"},{"@type":"ListItem","position":3,"name":"LAUL\u012aBAS GREDZENS \u201eM\u012aLEST\u012aBAS PLAN\u0112TA AR DIMANTIEM\u201c"}]},{"@type":"WebSite","@id":"https:\/\/fashiongold.lt\/lv\/#website","url":"https:\/\/fashiongold.lt\/lv\/","name":"Fashion Gold","description":"Juvelyrikos namai","publisher":{"@id":"https:\/\/fashiongold.lt\/lv\/#organization"},"potentialAction":[{"@type":"SearchAction","target":{"@type":"EntryPoint","urlTemplate":"https:\/\/fashiongold.lt\/lv\/?s={search_term_string}"},"query-input":{"@type":"PropertyValueSpecification","valueRequired":true,"valueName":"search_term_string"}}],"inLanguage":"lv-LV"},{"@type":"Organization","@id":"https:\/\/fashiongold.lt\/lv\/#organization","name":"Topdiamonds Online","url":"https:\/\/fashiongold.lt\/lv\/","logo":{"@type":"ImageObject","inLanguage":"lv-LV","@id":"https:\/\/fashiongold.lt\/lv\/#\/schema\/logo\/image\/","url":"https:\/\/fashiongold.lt\/wp-content\/uploads\/2025\/04\/cropped-fashion_gold_logotipas2-scaled-1.png","contentUrl":"https:\/\/fashiongold.lt\/wp-content\/uploads\/2025\/04\/cropped-fashion_gold_logotipas2-scaled-1.png","width":2559,"height":421,"caption":"Topdiamonds Online"},"image":{"@id":"https:\/\/fashiongold.lt\/lv\/#\/schema\/logo\/image\/"}}]}},"_links":{"self":[{"href":"https:\/\/fashiongold.lt\/lv\/wp-json\/wp\/v2\/product\/286206","targetHints":{"allow":["GET"]}}],"collection":[{"href":"https:\/\/fashiongold.lt\/lv\/wp-json\/wp\/v2\/product"}],"about":[{"href":"https:\/\/fashiongold.lt\/lv\/wp-json\/wp\/v2\/types\/product"}],"version-history":[{"count":0,"href":"https:\/\/fashiongold.lt\/lv\/wp-json\/wp\/v2\/product\/286206\/revisions"}],"wp:featuredmedia":[{"embeddable":true,"href":"https:\/\/fashiongold.lt\/lv\/wp-json\/wp\/v2\/media\/40271"}],"wp:attachment":[{"href":"https:\/\/fashiongold.lt\/lv\/wp-json\/wp\/v2\/media?parent=286206"}],"wp:term":[{"taxonomy":"product_brand","embeddable":true,"href":"https:\/\/fashiongold.lt\/lv\/wp-json\/wp\/v2\/product_brand?post=286206"},{"taxonomy":"product_cat","embeddable":true,"href":"https:\/\/fashiongold.lt\/lv\/wp-json\/wp\/v2\/product_cat?post=286206"},{"taxonomy":"product_tag","embeddable":true,"href":"https:\/\/fashiongold.lt\/lv\/wp-json\/wp\/v2\/product_tag?post=286206"}],"curies":[{"name":"wp","href":"https:\/\/api.w.org\/{rel}","templated":true}]}}