{"id":286276,"date":"2025-10-09T16:39:47","date_gmt":"2025-10-09T16:39:47","guid":{"rendered":"https:\/\/fashiongold.lt\/papuosalas\/milestibas-sinteze-klasisks-balta-un-sarkana-zelta-laulibu-gredzens\/"},"modified":"2025-10-09T16:39:47","modified_gmt":"2025-10-09T16:39:47","slug":"milestibas-sinteze-klasisks-balta-un-sarkana-zelta-laulibu-gredzens","status":"publish","type":"product","link":"https:\/\/fashiongold.lt\/lv\/papuosalas\/milestibas-sinteze-klasisks-balta-un-sarkana-zelta-laulibu-gredzens\/","title":{"rendered":"M\u012blest\u012bbas sint\u0113ze \u2013 klasisks balt\u0101 un sarkan\u0101 zelta laul\u012bbu gredzens"},"content":{"rendered":"<p>Balta un sarkan\u0101 \u2013 divas da\u017e\u0101das, kontrast\u0113jo\u0161as zelta kr\u0101sas, kas lieliski sader kop\u0101. T\u0101pat sader ar\u012b harmonisks p\u0101ris \u2013 kontrast\u0113jo\u0161s, bet sav\u0101 starp\u0101 radis perfektu sint\u0113zi. \u0160o laul\u012bbas gredzenu var izgatavot no j\u016bsu zelta.\u00a0<\/p>\n<p>Ra\u017eots Lietuv\u0101 &#8211; roku darbs. Gredzens var tikt izgatavots p\u0113c pas\u016bt\u012bjuma: no sarkan\u0101, dzelten\u0101 vai balt\u0101 zelta.\u00a0<\/p>\n<p>\u2022 Zelta prove: 14K (585. prove), varam izgatavot no 18K (750. proves)\u00a0\u00a0<\/p>\n<p>\u2022 Gredzena kr\u0101sa: baltais un sarkanais zelts\u00a0 \u00a0<\/p>\n<p>\u2022 Gredzena svars (atkar\u012bb\u0101 no izm\u0113ra): aptuveni 6 g\u00a0 \u00a0<\/p>\n<p>\u2022 Gredzena izm\u0113ri: platums 5 mm (iesp\u0113jams main\u012bt)<\/p>\n<p>\u2022 Sertifik\u0101ts: Lietuvas Prove\u0161anas pal\u0101ta (LPR)\u00a0<\/p>\n<p>\u2022 Izgatavo\u0161anas un pieg\u0101des termi\u0146\u0161 14 darba dienas<\/p>\n","protected":false},"excerpt":{"rendered":"<p>Kontrast\u0113jo\u0161u kr\u0101su harmonija \u2013 klasiska dizaina laul\u012bbas gredzens. Balt\u0101 un sarkan\u0101 zelta kr\u0101sas smalki sapl\u016bst. Izcila izv\u0113le, kas pavad\u012bs j\u016bs visu m\u016b\u017eu.<\/p>\n","protected":false},"featured_media":40142,"template":"","meta":{"site-sidebar-layout":"","site-content-layout":"","ast-site-content-layout":"","site-content-style":"","site-sidebar-style":"","ast-global-header-display":"","ast-banner-title-visibility":"","ast-main-header-display":"","ast-hfb-above-header-display":"","ast-hfb-below-header-display":"","ast-hfb-mobile-header-display":"","site-post-title":"","ast-breadcrumbs-content":"","ast-featured-img":"","footer-sml-layout":"","ast-disable-related-posts":"","theme-transparent-header-meta":"","adv-header-id-meta":"","stick-header-meta":"","header-above-stick-meta":"","header-main-stick-meta":"","header-below-stick-meta":"","astra-migrate-meta-layouts":"default","ast-page-background-enabled":"default","ast-page-background-meta":{"desktop":{"background-color":"var(--ast-global-color-4)","background-image":"","background-repeat":"repeat","background-position":"center center","background-size":"auto","background-attachment":"scroll","background-type":"","background-media":"","overlay-type":"","overlay-color":"","overlay-opacity":"","overlay-gradient":""},"tablet":{"background-color":"","background-image":"","background-repeat":"repeat","background-position":"center center","background-size":"auto","background-attachment":"scroll","background-type":"","background-media":"","overlay-type":"","overlay-color":"","overlay-opacity":"","overlay-gradient":""},"mobile":{"background-color":"","background-image":"","background-repeat":"repeat","background-position":"center center","background-size":"auto","background-attachment":"scroll","background-type":"","background-media":"","overlay-type":"","overlay-color":"","overlay-opacity":"","overlay-gradient":""}},"ast-content-background-meta":{"desktop":{"background-color":"var(--ast-global-color-5)","background-image":"","background-repeat":"repeat","background-position":"center center","background-size":"auto","background-attachment":"scroll","background-type":"","background-media":"","overlay-type":"","overlay-color":"","overlay-opacity":"","overlay-gradient":""},"tablet":{"background-color":"var(--ast-global-color-5)","background-image":"","background-repeat":"repeat","background-position":"center center","background-size":"auto","background-attachment":"scroll","background-type":"","background-media":"","overlay-type":"","overlay-color":"","overlay-opacity":"","overlay-gradient":""},"mobile":{"background-color":"var(--ast-global-color-5)","background-image":"","background-repeat":"repeat","background-position":"center center","background-size":"auto","background-attachment":"scroll","background-type":"","background-media":"","overlay-type":"","overlay-color":"","overlay-opacity":"","overlay-gradient":""}}},"product_brand":[],"product_cat":[3524,3523,3527,3769],"product_tag":[],"class_list":{"0":"post-286276","1":"product","2":"type-product","3":"status-publish","4":"has-post-thumbnail","6":"product_cat-kazu-gredzeni","7":"product_cat-klasiskie-laulibu-gredzeni","8":"product_cat-moderni-kazu-gredzeni","9":"product_cat-viriesu-laulibu-gredzeni","10":"desktop-align-center","11":"tablet-align-left","12":"mobile-align-left","13":"ast-product-gallery-layout-horizontal-slider","14":"ast-product-gallery-with-no-image","15":"ast-product-tabs-layout-accordion","16":"ast-qv-on-image","18":"first","19":"instock","20":"taxable","21":"shipping-taxable","22":"purchasable","23":"product-type-simple"},"yoast_head":"<!-- This site is optimized with the Yoast SEO plugin v26.6 - https:\/\/yoast.com\/wordpress\/plugins\/seo\/ -->\n<title>Klasiska dizaina balt\u0101 un sarkan\u0101 zelta kr\u0101sas laul\u012bbas gredzens<\/title>\n<meta name=\"description\" content=\"Roku darba klasiskais laul\u012bbas gredzens balt\u0101 un sarkan\u0101 kr\u0101s\u0101. Izcila izv\u0113le, kas pavad\u012bs j\u016bs visu m\u016b\u017eu. Izgatavots ar m\u012blest\u012bbu Lietuv\u0101.\" \/>\n<meta name=\"robots\" content=\"index, follow, max-snippet:-1, max-image-preview:large, max-video-preview:-1\" \/>\n<link rel=\"canonical\" href=\"https:\/\/fashiongold.lt\/lv\/papuosalas\/milestibas-sinteze-klasisks-balta-un-sarkana-zelta-laulibu-gredzens\/\" \/>\n<meta property=\"og:locale\" content=\"lv_LV\" \/>\n<meta property=\"og:type\" content=\"article\" \/>\n<meta property=\"og:title\" content=\"Klasiska dizaina balt\u0101 un sarkan\u0101 zelta kr\u0101sas laul\u012bbas gredzens\" \/>\n<meta property=\"og:description\" content=\"Roku darba klasiskais laul\u012bbas gredzens balt\u0101 un sarkan\u0101 kr\u0101s\u0101. Izcila izv\u0113le, kas pavad\u012bs j\u016bs visu m\u016b\u017eu. Izgatavots ar m\u012blest\u012bbu Lietuv\u0101.\" \/>\n<meta property=\"og:url\" content=\"https:\/\/fashiongold.lt\/lv\/papuosalas\/milestibas-sinteze-klasisks-balta-un-sarkana-zelta-laulibu-gredzens\/\" \/>\n<meta property=\"og:site_name\" content=\"FashionGold.lt\" \/>\n<meta property=\"og:image\" content=\"https:\/\/fashiongold.lt\/wp-content\/uploads\/2025\/10\/87-078-VESTUVINIS-ZIEDAS-MEILES-SINTEZE.webp\" \/>\n\t<meta property=\"og:image:width\" content=\"444\" \/>\n\t<meta property=\"og:image:height\" content=\"438\" \/>\n\t<meta property=\"og:image:type\" content=\"image\/png\" \/>\n<meta name=\"twitter:card\" content=\"summary_large_image\" \/>\n<meta name=\"twitter:label1\" content=\"Est. reading time\" \/>\n\t<meta name=\"twitter:data1\" content=\"1 minute\" \/>\n<script type=\"application\/ld+json\" class=\"yoast-schema-graph\">{\"@context\":\"https:\/\/schema.org\",\"@graph\":[{\"@type\":\"WebPage\",\"@id\":\"https:\/\/fashiongold.lt\/lv\/papuosalas\/milestibas-sinteze-klasisks-balta-un-sarkana-zelta-laulibu-gredzens\/\",\"url\":\"https:\/\/fashiongold.lt\/lv\/papuosalas\/milestibas-sinteze-klasisks-balta-un-sarkana-zelta-laulibu-gredzens\/\",\"name\":\"Klasiska dizaina balt\u0101 un sarkan\u0101 zelta kr\u0101sas laul\u012bbas gredzens\",\"isPartOf\":{\"@id\":\"https:\/\/fashiongold.lt\/lv\/#website\"},\"primaryImageOfPage\":{\"@id\":\"https:\/\/fashiongold.lt\/lv\/papuosalas\/milestibas-sinteze-klasisks-balta-un-sarkana-zelta-laulibu-gredzens\/#primaryimage\"},\"image\":{\"@id\":\"https:\/\/fashiongold.lt\/lv\/papuosalas\/milestibas-sinteze-klasisks-balta-un-sarkana-zelta-laulibu-gredzens\/#primaryimage\"},\"thumbnailUrl\":\"https:\/\/fashiongold.lt\/wp-content\/uploads\/2025\/10\/87-078-VESTUVINIS-ZIEDAS-MEILES-SINTEZE.png\",\"datePublished\":\"2025-10-09T16:39:47+00:00\",\"description\":\"Roku darba klasiskais laul\u012bbas gredzens balt\u0101 un sarkan\u0101 kr\u0101s\u0101. Izcila izv\u0113le, kas pavad\u012bs j\u016bs visu m\u016b\u017eu. Izgatavots ar m\u012blest\u012bbu Lietuv\u0101.\",\"breadcrumb\":{\"@id\":\"https:\/\/fashiongold.lt\/lv\/papuosalas\/milestibas-sinteze-klasisks-balta-un-sarkana-zelta-laulibu-gredzens\/#breadcrumb\"},\"inLanguage\":\"lv-LV\",\"potentialAction\":[{\"@type\":\"ReadAction\",\"target\":[\"https:\/\/fashiongold.lt\/lv\/papuosalas\/milestibas-sinteze-klasisks-balta-un-sarkana-zelta-laulibu-gredzens\/\"]}]},{\"@type\":\"ImageObject\",\"inLanguage\":\"lv-LV\",\"@id\":\"https:\/\/fashiongold.lt\/lv\/papuosalas\/milestibas-sinteze-klasisks-balta-un-sarkana-zelta-laulibu-gredzens\/#primaryimage\",\"url\":\"https:\/\/fashiongold.lt\/wp-content\/uploads\/2025\/10\/87-078-VESTUVINIS-ZIEDAS-MEILES-SINTEZE.png\",\"contentUrl\":\"https:\/\/fashiongold.lt\/wp-content\/uploads\/2025\/10\/87-078-VESTUVINIS-ZIEDAS-MEILES-SINTEZE.png\",\"width\":444,\"height\":438},{\"@type\":\"BreadcrumbList\",\"@id\":\"https:\/\/fashiongold.lt\/lv\/papuosalas\/milestibas-sinteze-klasisks-balta-un-sarkana-zelta-laulibu-gredzens\/#breadcrumb\",\"itemListElement\":[{\"@type\":\"ListItem\",\"position\":1,\"name\":\"Home\",\"item\":\"https:\/\/fashiongold.lt\/lv\/\"},{\"@type\":\"ListItem\",\"position\":2,\"name\":\"Dimantu veikals Fashiongold.lt\",\"item\":\"https:\/\/fashiongold.lt\/shop-2\/\"},{\"@type\":\"ListItem\",\"position\":3,\"name\":\"M\u012blest\u012bbas sint\u0113ze \u2013 klasisks balt\u0101 un sarkan\u0101 zelta laul\u012bbu gredzens\"}]},{\"@type\":\"WebSite\",\"@id\":\"https:\/\/fashiongold.lt\/lv\/#website\",\"url\":\"https:\/\/fashiongold.lt\/lv\/\",\"name\":\"Fashion Gold\",\"description\":\"Juvelyrikos namai\",\"publisher\":{\"@id\":\"https:\/\/fashiongold.lt\/lv\/#organization\"},\"potentialAction\":[{\"@type\":\"SearchAction\",\"target\":{\"@type\":\"EntryPoint\",\"urlTemplate\":\"https:\/\/fashiongold.lt\/lv\/?s={search_term_string}\"},\"query-input\":{\"@type\":\"PropertyValueSpecification\",\"valueRequired\":true,\"valueName\":\"search_term_string\"}}],\"inLanguage\":\"lv-LV\"},{\"@type\":\"Organization\",\"@id\":\"https:\/\/fashiongold.lt\/lv\/#organization\",\"name\":\"Topdiamonds Online\",\"url\":\"https:\/\/fashiongold.lt\/lv\/\",\"logo\":{\"@type\":\"ImageObject\",\"inLanguage\":\"lv-LV\",\"@id\":\"https:\/\/fashiongold.lt\/lv\/#\/schema\/logo\/image\/\",\"url\":\"https:\/\/fashiongold.lt\/wp-content\/uploads\/2025\/04\/cropped-fashion_gold_logotipas2-scaled-1.png\",\"contentUrl\":\"https:\/\/fashiongold.lt\/wp-content\/uploads\/2025\/04\/cropped-fashion_gold_logotipas2-scaled-1.png\",\"width\":2559,\"height\":421,\"caption\":\"Topdiamonds Online\"},\"image\":{\"@id\":\"https:\/\/fashiongold.lt\/lv\/#\/schema\/logo\/image\/\"}}]}<\/script>\n<!-- \/ Yoast SEO plugin. -->","yoast_head_json":{"title":"Klasiska dizaina balt\u0101 un sarkan\u0101 zelta kr\u0101sas laul\u012bbas gredzens","description":"Roku darba klasiskais laul\u012bbas gredzens balt\u0101 un sarkan\u0101 kr\u0101s\u0101. Izcila izv\u0113le, kas pavad\u012bs j\u016bs visu m\u016b\u017eu. Izgatavots ar m\u012blest\u012bbu Lietuv\u0101.","robots":{"index":"index","follow":"follow","max-snippet":"max-snippet:-1","max-image-preview":"max-image-preview:large","max-video-preview":"max-video-preview:-1"},"canonical":"https:\/\/fashiongold.lt\/lv\/papuosalas\/milestibas-sinteze-klasisks-balta-un-sarkana-zelta-laulibu-gredzens\/","og_locale":"lv_LV","og_type":"article","og_title":"Klasiska dizaina balt\u0101 un sarkan\u0101 zelta kr\u0101sas laul\u012bbas gredzens","og_description":"Roku darba klasiskais laul\u012bbas gredzens balt\u0101 un sarkan\u0101 kr\u0101s\u0101. Izcila izv\u0113le, kas pavad\u012bs j\u016bs visu m\u016b\u017eu. Izgatavots ar m\u012blest\u012bbu Lietuv\u0101.","og_url":"https:\/\/fashiongold.lt\/lv\/papuosalas\/milestibas-sinteze-klasisks-balta-un-sarkana-zelta-laulibu-gredzens\/","og_site_name":"FashionGold.lt","og_image":[{"width":444,"height":438,"url":"https:\/\/fashiongold.lt\/wp-content\/uploads\/2025\/10\/87-078-VESTUVINIS-ZIEDAS-MEILES-SINTEZE.webp","type":"image\/png"}],"twitter_card":"summary_large_image","twitter_misc":{"Est. reading time":"1 minute"},"schema":{"@context":"https:\/\/schema.org","@graph":[{"@type":"WebPage","@id":"https:\/\/fashiongold.lt\/lv\/papuosalas\/milestibas-sinteze-klasisks-balta-un-sarkana-zelta-laulibu-gredzens\/","url":"https:\/\/fashiongold.lt\/lv\/papuosalas\/milestibas-sinteze-klasisks-balta-un-sarkana-zelta-laulibu-gredzens\/","name":"Klasiska dizaina balt\u0101 un sarkan\u0101 zelta kr\u0101sas laul\u012bbas gredzens","isPartOf":{"@id":"https:\/\/fashiongold.lt\/lv\/#website"},"primaryImageOfPage":{"@id":"https:\/\/fashiongold.lt\/lv\/papuosalas\/milestibas-sinteze-klasisks-balta-un-sarkana-zelta-laulibu-gredzens\/#primaryimage"},"image":{"@id":"https:\/\/fashiongold.lt\/lv\/papuosalas\/milestibas-sinteze-klasisks-balta-un-sarkana-zelta-laulibu-gredzens\/#primaryimage"},"thumbnailUrl":"https:\/\/fashiongold.lt\/wp-content\/uploads\/2025\/10\/87-078-VESTUVINIS-ZIEDAS-MEILES-SINTEZE.png","datePublished":"2025-10-09T16:39:47+00:00","description":"Roku darba klasiskais laul\u012bbas gredzens balt\u0101 un sarkan\u0101 kr\u0101s\u0101. Izcila izv\u0113le, kas pavad\u012bs j\u016bs visu m\u016b\u017eu. Izgatavots ar m\u012blest\u012bbu Lietuv\u0101.","breadcrumb":{"@id":"https:\/\/fashiongold.lt\/lv\/papuosalas\/milestibas-sinteze-klasisks-balta-un-sarkana-zelta-laulibu-gredzens\/#breadcrumb"},"inLanguage":"lv-LV","potentialAction":[{"@type":"ReadAction","target":["https:\/\/fashiongold.lt\/lv\/papuosalas\/milestibas-sinteze-klasisks-balta-un-sarkana-zelta-laulibu-gredzens\/"]}]},{"@type":"ImageObject","inLanguage":"lv-LV","@id":"https:\/\/fashiongold.lt\/lv\/papuosalas\/milestibas-sinteze-klasisks-balta-un-sarkana-zelta-laulibu-gredzens\/#primaryimage","url":"https:\/\/fashiongold.lt\/wp-content\/uploads\/2025\/10\/87-078-VESTUVINIS-ZIEDAS-MEILES-SINTEZE.png","contentUrl":"https:\/\/fashiongold.lt\/wp-content\/uploads\/2025\/10\/87-078-VESTUVINIS-ZIEDAS-MEILES-SINTEZE.png","width":444,"height":438},{"@type":"BreadcrumbList","@id":"https:\/\/fashiongold.lt\/lv\/papuosalas\/milestibas-sinteze-klasisks-balta-un-sarkana-zelta-laulibu-gredzens\/#breadcrumb","itemListElement":[{"@type":"ListItem","position":1,"name":"Home","item":"https:\/\/fashiongold.lt\/lv\/"},{"@type":"ListItem","position":2,"name":"Dimantu veikals Fashiongold.lt","item":"https:\/\/fashiongold.lt\/shop-2\/"},{"@type":"ListItem","position":3,"name":"M\u012blest\u012bbas sint\u0113ze \u2013 klasisks balt\u0101 un sarkan\u0101 zelta laul\u012bbu gredzens"}]},{"@type":"WebSite","@id":"https:\/\/fashiongold.lt\/lv\/#website","url":"https:\/\/fashiongold.lt\/lv\/","name":"Fashion Gold","description":"Juvelyrikos namai","publisher":{"@id":"https:\/\/fashiongold.lt\/lv\/#organization"},"potentialAction":[{"@type":"SearchAction","target":{"@type":"EntryPoint","urlTemplate":"https:\/\/fashiongold.lt\/lv\/?s={search_term_string}"},"query-input":{"@type":"PropertyValueSpecification","valueRequired":true,"valueName":"search_term_string"}}],"inLanguage":"lv-LV"},{"@type":"Organization","@id":"https:\/\/fashiongold.lt\/lv\/#organization","name":"Topdiamonds Online","url":"https:\/\/fashiongold.lt\/lv\/","logo":{"@type":"ImageObject","inLanguage":"lv-LV","@id":"https:\/\/fashiongold.lt\/lv\/#\/schema\/logo\/image\/","url":"https:\/\/fashiongold.lt\/wp-content\/uploads\/2025\/04\/cropped-fashion_gold_logotipas2-scaled-1.png","contentUrl":"https:\/\/fashiongold.lt\/wp-content\/uploads\/2025\/04\/cropped-fashion_gold_logotipas2-scaled-1.png","width":2559,"height":421,"caption":"Topdiamonds Online"},"image":{"@id":"https:\/\/fashiongold.lt\/lv\/#\/schema\/logo\/image\/"}}]}},"_links":{"self":[{"href":"https:\/\/fashiongold.lt\/lv\/wp-json\/wp\/v2\/product\/286276","targetHints":{"allow":["GET"]}}],"collection":[{"href":"https:\/\/fashiongold.lt\/lv\/wp-json\/wp\/v2\/product"}],"about":[{"href":"https:\/\/fashiongold.lt\/lv\/wp-json\/wp\/v2\/types\/product"}],"version-history":[{"count":0,"href":"https:\/\/fashiongold.lt\/lv\/wp-json\/wp\/v2\/product\/286276\/revisions"}],"wp:featuredmedia":[{"embeddable":true,"href":"https:\/\/fashiongold.lt\/lv\/wp-json\/wp\/v2\/media\/40142"}],"wp:attachment":[{"href":"https:\/\/fashiongold.lt\/lv\/wp-json\/wp\/v2\/media?parent=286276"}],"wp:term":[{"taxonomy":"product_brand","embeddable":true,"href":"https:\/\/fashiongold.lt\/lv\/wp-json\/wp\/v2\/product_brand?post=286276"},{"taxonomy":"product_cat","embeddable":true,"href":"https:\/\/fashiongold.lt\/lv\/wp-json\/wp\/v2\/product_cat?post=286276"},{"taxonomy":"product_tag","embeddable":true,"href":"https:\/\/fashiongold.lt\/lv\/wp-json\/wp\/v2\/product_tag?post=286276"}],"curies":[{"name":"wp","href":"https:\/\/api.w.org\/{rel}","templated":true}]}}