{"id":286339,"date":"2025-10-09T16:39:24","date_gmt":"2025-10-09T16:39:24","guid":{"rendered":"https:\/\/fashiongold.lt\/papuosalas\/laulibu-gredzens-zelta-gudriba-izgatavosana\/"},"modified":"2025-10-09T16:39:24","modified_gmt":"2025-10-09T16:39:24","slug":"laulibu-gredzens-zelta-gudriba-izgatavosana","status":"publish","type":"product","link":"https:\/\/fashiongold.lt\/lv\/papuosalas\/laulibu-gredzens-zelta-gudriba-izgatavosana\/","title":{"rendered":"LAUL\u012aBU GREDZENS \u201cZELTA GUDR\u012aBA\u201d \u2013 IZGATAVO\u0160ANA"},"content":{"rendered":"<p>Klasiska dizaina roku darba laul\u012bbas gredzens vienm\u0113r paliks mod\u0113, bet to rot\u0101jo\u0161ais dimants ir gaum\u012bga un grezn\u012bbu pie\u0161\u0137iro\u0161a deta\u013ca. Parauga att\u0113l\u0101 gredzens ir balt\u0101 zelta kr\u0101s\u0101. Laul\u012bbas gredzenus rad\u012bja uz\u0146\u0113muma \u201cFashion Gold\u201d juvelieri. \u0160o laul\u012bbas gredzenu var izgatavot no \u0161\u0101diem met\u0101liem un prov\u0113m: 585., 750. proves zelta. Gredzena met\u0101la kr\u0101sa: p\u0113c piepras\u012bjuma. Gredzena platums: 4 mm (iesp\u0113jams main\u012bt). Cena nor\u0101d\u012bta, izgatavojot no J\u016bsu zelta. Cen\u0101 iek\u013cauts 1&#215;0,01 ct briljants (W-RW, VS-SI). Aptuvenais nepiecie\u0161am\u0101 zelta svars atkar\u012bb\u0101 no gredzena platuma (atkar\u012bgs no izm\u0113ra): Platums l\u012bdz 4 mm &#8211; nepiecie\u0161ami no 4 l\u012bdz 6 g zelta Platums 5-6 mm &#8211; nepiecie\u0161ami no 5 l\u012bdz 7 g zelta Platums 6-8 mm &#8211; nepiecie\u0161ami no 9 l\u012bdz 11 g zelta PREC\u012aZ\u0100KU INFORM\u0100CIJU VARAT UZZIN\u0100T, RAKSTOT UZ INFO@FASHIONGOLD.LT VAI IEGRIE\u017dOTIES SALON\u0100, PAM\u0116NKALNIO IEL\u0100 5, Vi\u013c\u0146\u0101<\/p>\n","protected":false},"excerpt":{"rendered":"<p>Klasisks roku darba laul\u012bbas gredzens ar dimantu VI\u0145AI<\/p>\n","protected":false},"featured_media":39987,"template":"","meta":{"site-sidebar-layout":"","site-content-layout":"","ast-site-content-layout":"","site-content-style":"","site-sidebar-style":"","ast-global-header-display":"","ast-banner-title-visibility":"","ast-main-header-display":"","ast-hfb-above-header-display":"","ast-hfb-below-header-display":"","ast-hfb-mobile-header-display":"","site-post-title":"","ast-breadcrumbs-content":"","ast-featured-img":"","footer-sml-layout":"","ast-disable-related-posts":"","theme-transparent-header-meta":"","adv-header-id-meta":"","stick-header-meta":"","header-above-stick-meta":"","header-main-stick-meta":"","header-below-stick-meta":"","astra-migrate-meta-layouts":"default","ast-page-background-enabled":"default","ast-page-background-meta":{"desktop":{"background-color":"var(--ast-global-color-4)","background-image":"","background-repeat":"repeat","background-position":"center center","background-size":"auto","background-attachment":"scroll","background-type":"","background-media":"","overlay-type":"","overlay-color":"","overlay-opacity":"","overlay-gradient":""},"tablet":{"background-color":"","background-image":"","background-repeat":"repeat","background-position":"center center","background-size":"auto","background-attachment":"scroll","background-type":"","background-media":"","overlay-type":"","overlay-color":"","overlay-opacity":"","overlay-gradient":""},"mobile":{"background-color":"","background-image":"","background-repeat":"repeat","background-position":"center center","background-size":"auto","background-attachment":"scroll","background-type":"","background-media":"","overlay-type":"","overlay-color":"","overlay-opacity":"","overlay-gradient":""}},"ast-content-background-meta":{"desktop":{"background-color":"var(--ast-global-color-5)","background-image":"","background-repeat":"repeat","background-position":"center center","background-size":"auto","background-attachment":"scroll","background-type":"","background-media":"","overlay-type":"","overlay-color":"","overlay-opacity":"","overlay-gradient":""},"tablet":{"background-color":"var(--ast-global-color-5)","background-image":"","background-repeat":"repeat","background-position":"center center","background-size":"auto","background-attachment":"scroll","background-type":"","background-media":"","overlay-type":"","overlay-color":"","overlay-opacity":"","overlay-gradient":""},"mobile":{"background-color":"var(--ast-global-color-5)","background-image":"","background-repeat":"repeat","background-position":"center center","background-size":"auto","background-attachment":"scroll","background-type":"","background-media":"","overlay-type":"","overlay-color":"","overlay-opacity":"","overlay-gradient":""}}},"product_brand":[],"product_cat":[3524,3794],"product_tag":[],"class_list":{"0":"post-286339","1":"product","2":"type-product","3":"status-publish","4":"has-post-thumbnail","6":"product_cat-kazu-gredzeni","7":"product_cat-kazu-gredzenu-izgatavosana","8":"desktop-align-center","9":"tablet-align-left","10":"mobile-align-left","11":"ast-product-gallery-layout-horizontal-slider","12":"ast-product-gallery-with-no-image","13":"ast-product-single-variable","14":"ast-product-tabs-layout-accordion","15":"ast-qv-on-image","17":"first","18":"instock","19":"taxable","20":"shipping-taxable","21":"purchasable","22":"product-type-variable"},"yoast_head":"<!-- This site is optimized with the Yoast SEO plugin v26.6 - https:\/\/yoast.com\/wordpress\/plugins\/seo\/ -->\n<title>LAUL\u012aBU GREDZENS \u201cZELTA GUDR\u012aBA\u201d \u2013 IZGATAVO\u0160ANA - FashionGold.lt<\/title>\n<meta name=\"robots\" content=\"index, follow, max-snippet:-1, max-image-preview:large, max-video-preview:-1\" \/>\n<link rel=\"canonical\" href=\"https:\/\/fashiongold.lt\/lv\/papuosalas\/laulibu-gredzens-zelta-gudriba-izgatavosana\/\" \/>\n<meta property=\"og:locale\" content=\"lv_LV\" \/>\n<meta property=\"og:type\" content=\"article\" \/>\n<meta property=\"og:title\" content=\"LAUL\u012aBU GREDZENS \u201cZELTA GUDR\u012aBA\u201d \u2013 IZGATAVO\u0160ANA - FashionGold.lt\" \/>\n<meta property=\"og:description\" content=\"Klasisks roku darba laul\u012bbas gredzens ar dimantu VI\u0145AI\" \/>\n<meta property=\"og:url\" content=\"https:\/\/fashiongold.lt\/lv\/papuosalas\/laulibu-gredzens-zelta-gudriba-izgatavosana\/\" \/>\n<meta property=\"og:site_name\" content=\"FashionGold.lt\" \/>\n<meta property=\"og:image\" content=\"https:\/\/fashiongold.lt\/wp-content\/uploads\/2025\/10\/780-143-VESTUVINIS-ZIEDAS-AUKSINE-ISMINTIS-GAMYBA.webp\" \/>\n\t<meta property=\"og:image:width\" content=\"498\" \/>\n\t<meta property=\"og:image:height\" content=\"477\" \/>\n\t<meta property=\"og:image:type\" content=\"image\/jpeg\" \/>\n<meta name=\"twitter:card\" content=\"summary_large_image\" \/>\n<meta name=\"twitter:label1\" content=\"Est. reading time\" \/>\n\t<meta name=\"twitter:data1\" content=\"1 minute\" \/>\n<script type=\"application\/ld+json\" class=\"yoast-schema-graph\">{\"@context\":\"https:\/\/schema.org\",\"@graph\":[{\"@type\":\"WebPage\",\"@id\":\"https:\/\/fashiongold.lt\/lv\/papuosalas\/laulibu-gredzens-zelta-gudriba-izgatavosana\/\",\"url\":\"https:\/\/fashiongold.lt\/lv\/papuosalas\/laulibu-gredzens-zelta-gudriba-izgatavosana\/\",\"name\":\"LAUL\u012aBU GREDZENS \u201cZELTA GUDR\u012aBA\u201d \u2013 IZGATAVO\u0160ANA - FashionGold.lt\",\"isPartOf\":{\"@id\":\"https:\/\/fashiongold.lt\/lv\/#website\"},\"primaryImageOfPage\":{\"@id\":\"https:\/\/fashiongold.lt\/lv\/papuosalas\/laulibu-gredzens-zelta-gudriba-izgatavosana\/#primaryimage\"},\"image\":{\"@id\":\"https:\/\/fashiongold.lt\/lv\/papuosalas\/laulibu-gredzens-zelta-gudriba-izgatavosana\/#primaryimage\"},\"thumbnailUrl\":\"https:\/\/fashiongold.lt\/wp-content\/uploads\/2025\/10\/780-143-VESTUVINIS-ZIEDAS-AUKSINE-ISMINTIS-GAMYBA.jpg\",\"datePublished\":\"2025-10-09T16:39:24+00:00\",\"breadcrumb\":{\"@id\":\"https:\/\/fashiongold.lt\/lv\/papuosalas\/laulibu-gredzens-zelta-gudriba-izgatavosana\/#breadcrumb\"},\"inLanguage\":\"lv-LV\",\"potentialAction\":[{\"@type\":\"ReadAction\",\"target\":[\"https:\/\/fashiongold.lt\/lv\/papuosalas\/laulibu-gredzens-zelta-gudriba-izgatavosana\/\"]}]},{\"@type\":\"ImageObject\",\"inLanguage\":\"lv-LV\",\"@id\":\"https:\/\/fashiongold.lt\/lv\/papuosalas\/laulibu-gredzens-zelta-gudriba-izgatavosana\/#primaryimage\",\"url\":\"https:\/\/fashiongold.lt\/wp-content\/uploads\/2025\/10\/780-143-VESTUVINIS-ZIEDAS-AUKSINE-ISMINTIS-GAMYBA.jpg\",\"contentUrl\":\"https:\/\/fashiongold.lt\/wp-content\/uploads\/2025\/10\/780-143-VESTUVINIS-ZIEDAS-AUKSINE-ISMINTIS-GAMYBA.jpg\",\"width\":498,\"height\":477},{\"@type\":\"BreadcrumbList\",\"@id\":\"https:\/\/fashiongold.lt\/lv\/papuosalas\/laulibu-gredzens-zelta-gudriba-izgatavosana\/#breadcrumb\",\"itemListElement\":[{\"@type\":\"ListItem\",\"position\":1,\"name\":\"Home\",\"item\":\"https:\/\/fashiongold.lt\/lv\/\"},{\"@type\":\"ListItem\",\"position\":2,\"name\":\"Dimantu veikals Fashiongold.lt\",\"item\":\"https:\/\/fashiongold.lt\/shop-2\/\"},{\"@type\":\"ListItem\",\"position\":3,\"name\":\"LAUL\u012aBU GREDZENS \u201cZELTA GUDR\u012aBA\u201d \u2013 IZGATAVO\u0160ANA\"}]},{\"@type\":\"WebSite\",\"@id\":\"https:\/\/fashiongold.lt\/lv\/#website\",\"url\":\"https:\/\/fashiongold.lt\/lv\/\",\"name\":\"Fashion Gold\",\"description\":\"Juvelyrikos namai\",\"publisher\":{\"@id\":\"https:\/\/fashiongold.lt\/lv\/#organization\"},\"potentialAction\":[{\"@type\":\"SearchAction\",\"target\":{\"@type\":\"EntryPoint\",\"urlTemplate\":\"https:\/\/fashiongold.lt\/lv\/?s={search_term_string}\"},\"query-input\":{\"@type\":\"PropertyValueSpecification\",\"valueRequired\":true,\"valueName\":\"search_term_string\"}}],\"inLanguage\":\"lv-LV\"},{\"@type\":\"Organization\",\"@id\":\"https:\/\/fashiongold.lt\/lv\/#organization\",\"name\":\"Topdiamonds Online\",\"url\":\"https:\/\/fashiongold.lt\/lv\/\",\"logo\":{\"@type\":\"ImageObject\",\"inLanguage\":\"lv-LV\",\"@id\":\"https:\/\/fashiongold.lt\/lv\/#\/schema\/logo\/image\/\",\"url\":\"https:\/\/fashiongold.lt\/wp-content\/uploads\/2025\/04\/cropped-fashion_gold_logotipas2-scaled-1.png\",\"contentUrl\":\"https:\/\/fashiongold.lt\/wp-content\/uploads\/2025\/04\/cropped-fashion_gold_logotipas2-scaled-1.png\",\"width\":2559,\"height\":421,\"caption\":\"Topdiamonds Online\"},\"image\":{\"@id\":\"https:\/\/fashiongold.lt\/lv\/#\/schema\/logo\/image\/\"}}]}<\/script>\n<!-- \/ Yoast SEO plugin. -->","yoast_head_json":{"title":"LAUL\u012aBU GREDZENS \u201cZELTA GUDR\u012aBA\u201d \u2013 IZGATAVO\u0160ANA - FashionGold.lt","robots":{"index":"index","follow":"follow","max-snippet":"max-snippet:-1","max-image-preview":"max-image-preview:large","max-video-preview":"max-video-preview:-1"},"canonical":"https:\/\/fashiongold.lt\/lv\/papuosalas\/laulibu-gredzens-zelta-gudriba-izgatavosana\/","og_locale":"lv_LV","og_type":"article","og_title":"LAUL\u012aBU GREDZENS \u201cZELTA GUDR\u012aBA\u201d \u2013 IZGATAVO\u0160ANA - FashionGold.lt","og_description":"Klasisks roku darba laul\u012bbas gredzens ar dimantu VI\u0145AI","og_url":"https:\/\/fashiongold.lt\/lv\/papuosalas\/laulibu-gredzens-zelta-gudriba-izgatavosana\/","og_site_name":"FashionGold.lt","og_image":[{"width":498,"height":477,"url":"https:\/\/fashiongold.lt\/wp-content\/uploads\/2025\/10\/780-143-VESTUVINIS-ZIEDAS-AUKSINE-ISMINTIS-GAMYBA.webp","type":"image\/jpeg"}],"twitter_card":"summary_large_image","twitter_misc":{"Est. reading time":"1 minute"},"schema":{"@context":"https:\/\/schema.org","@graph":[{"@type":"WebPage","@id":"https:\/\/fashiongold.lt\/lv\/papuosalas\/laulibu-gredzens-zelta-gudriba-izgatavosana\/","url":"https:\/\/fashiongold.lt\/lv\/papuosalas\/laulibu-gredzens-zelta-gudriba-izgatavosana\/","name":"LAUL\u012aBU GREDZENS \u201cZELTA GUDR\u012aBA\u201d \u2013 IZGATAVO\u0160ANA - FashionGold.lt","isPartOf":{"@id":"https:\/\/fashiongold.lt\/lv\/#website"},"primaryImageOfPage":{"@id":"https:\/\/fashiongold.lt\/lv\/papuosalas\/laulibu-gredzens-zelta-gudriba-izgatavosana\/#primaryimage"},"image":{"@id":"https:\/\/fashiongold.lt\/lv\/papuosalas\/laulibu-gredzens-zelta-gudriba-izgatavosana\/#primaryimage"},"thumbnailUrl":"https:\/\/fashiongold.lt\/wp-content\/uploads\/2025\/10\/780-143-VESTUVINIS-ZIEDAS-AUKSINE-ISMINTIS-GAMYBA.jpg","datePublished":"2025-10-09T16:39:24+00:00","breadcrumb":{"@id":"https:\/\/fashiongold.lt\/lv\/papuosalas\/laulibu-gredzens-zelta-gudriba-izgatavosana\/#breadcrumb"},"inLanguage":"lv-LV","potentialAction":[{"@type":"ReadAction","target":["https:\/\/fashiongold.lt\/lv\/papuosalas\/laulibu-gredzens-zelta-gudriba-izgatavosana\/"]}]},{"@type":"ImageObject","inLanguage":"lv-LV","@id":"https:\/\/fashiongold.lt\/lv\/papuosalas\/laulibu-gredzens-zelta-gudriba-izgatavosana\/#primaryimage","url":"https:\/\/fashiongold.lt\/wp-content\/uploads\/2025\/10\/780-143-VESTUVINIS-ZIEDAS-AUKSINE-ISMINTIS-GAMYBA.jpg","contentUrl":"https:\/\/fashiongold.lt\/wp-content\/uploads\/2025\/10\/780-143-VESTUVINIS-ZIEDAS-AUKSINE-ISMINTIS-GAMYBA.jpg","width":498,"height":477},{"@type":"BreadcrumbList","@id":"https:\/\/fashiongold.lt\/lv\/papuosalas\/laulibu-gredzens-zelta-gudriba-izgatavosana\/#breadcrumb","itemListElement":[{"@type":"ListItem","position":1,"name":"Home","item":"https:\/\/fashiongold.lt\/lv\/"},{"@type":"ListItem","position":2,"name":"Dimantu veikals Fashiongold.lt","item":"https:\/\/fashiongold.lt\/shop-2\/"},{"@type":"ListItem","position":3,"name":"LAUL\u012aBU GREDZENS \u201cZELTA GUDR\u012aBA\u201d \u2013 IZGATAVO\u0160ANA"}]},{"@type":"WebSite","@id":"https:\/\/fashiongold.lt\/lv\/#website","url":"https:\/\/fashiongold.lt\/lv\/","name":"Fashion Gold","description":"Juvelyrikos namai","publisher":{"@id":"https:\/\/fashiongold.lt\/lv\/#organization"},"potentialAction":[{"@type":"SearchAction","target":{"@type":"EntryPoint","urlTemplate":"https:\/\/fashiongold.lt\/lv\/?s={search_term_string}"},"query-input":{"@type":"PropertyValueSpecification","valueRequired":true,"valueName":"search_term_string"}}],"inLanguage":"lv-LV"},{"@type":"Organization","@id":"https:\/\/fashiongold.lt\/lv\/#organization","name":"Topdiamonds Online","url":"https:\/\/fashiongold.lt\/lv\/","logo":{"@type":"ImageObject","inLanguage":"lv-LV","@id":"https:\/\/fashiongold.lt\/lv\/#\/schema\/logo\/image\/","url":"https:\/\/fashiongold.lt\/wp-content\/uploads\/2025\/04\/cropped-fashion_gold_logotipas2-scaled-1.png","contentUrl":"https:\/\/fashiongold.lt\/wp-content\/uploads\/2025\/04\/cropped-fashion_gold_logotipas2-scaled-1.png","width":2559,"height":421,"caption":"Topdiamonds Online"},"image":{"@id":"https:\/\/fashiongold.lt\/lv\/#\/schema\/logo\/image\/"}}]}},"_links":{"self":[{"href":"https:\/\/fashiongold.lt\/lv\/wp-json\/wp\/v2\/product\/286339","targetHints":{"allow":["GET"]}}],"collection":[{"href":"https:\/\/fashiongold.lt\/lv\/wp-json\/wp\/v2\/product"}],"about":[{"href":"https:\/\/fashiongold.lt\/lv\/wp-json\/wp\/v2\/types\/product"}],"version-history":[{"count":0,"href":"https:\/\/fashiongold.lt\/lv\/wp-json\/wp\/v2\/product\/286339\/revisions"}],"wp:featuredmedia":[{"embeddable":true,"href":"https:\/\/fashiongold.lt\/lv\/wp-json\/wp\/v2\/media\/39987"}],"wp:attachment":[{"href":"https:\/\/fashiongold.lt\/lv\/wp-json\/wp\/v2\/media?parent=286339"}],"wp:term":[{"taxonomy":"product_brand","embeddable":true,"href":"https:\/\/fashiongold.lt\/lv\/wp-json\/wp\/v2\/product_brand?post=286339"},{"taxonomy":"product_cat","embeddable":true,"href":"https:\/\/fashiongold.lt\/lv\/wp-json\/wp\/v2\/product_cat?post=286339"},{"taxonomy":"product_tag","embeddable":true,"href":"https:\/\/fashiongold.lt\/lv\/wp-json\/wp\/v2\/product_tag?post=286339"}],"curies":[{"name":"wp","href":"https:\/\/api.w.org\/{rel}","templated":true}]}}