{"id":286564,"date":"2025-10-09T16:37:22","date_gmt":"2025-10-09T16:37:22","guid":{"rendered":"https:\/\/fashiongold.lt\/papuosalas\/laulibu-gredzens-italija-ar-dimantiem\/"},"modified":"2025-10-09T16:37:22","modified_gmt":"2025-10-09T16:37:22","slug":"laulibu-gredzens-italija-ar-dimantiem","status":"publish","type":"product","link":"https:\/\/fashiongold.lt\/lv\/papuosalas\/laulibu-gredzens-italija-ar-dimantiem\/","title":{"rendered":"LAUL\u012aBU GREDZENS \u201eITALIJA\u201c (ar dimantiem)"},"content":{"rendered":"<p>Vi\u013c\u0146otu malu zelta laul\u012bbas gredzens, ko rot\u0101 izv\u0113l\u0113ts dimantu skaits. Iesp\u0113jams izv\u0113l\u0113ties 30 briljantus\/0,20 ct apk\u0101rt visam gredzenam vai 9 briljantus\/ 0,06 ct tikai priek\u0161pus\u0113. T\u0101pat varat izv\u0113l\u0113ties citu zelta kr\u0101su vai provi. Gredzena platums &#8211; 2,5mm<\/p>\n<p>Izgatavojam un pieg\u0101d\u0101jam 10 darba dienu laik\u0101<\/p>\n","protected":false},"excerpt":{"rendered":"<p>Elegance un graciozit\u0101te \u2013 t\u0101 var raksturot \u0161o sievie\u0161u laul\u012bbas gredzenu, ko pied\u0101v\u0101 uz\u0146\u0113mums \u201eGerstner\u201c<\/p>\n","protected":false},"featured_media":39449,"template":"","meta":{"site-sidebar-layout":"","site-content-layout":"","ast-site-content-layout":"","site-content-style":"","site-sidebar-style":"","ast-global-header-display":"","ast-banner-title-visibility":"","ast-main-header-display":"","ast-hfb-above-header-display":"","ast-hfb-below-header-display":"","ast-hfb-mobile-header-display":"","site-post-title":"","ast-breadcrumbs-content":"","ast-featured-img":"","footer-sml-layout":"","ast-disable-related-posts":"","theme-transparent-header-meta":"","adv-header-id-meta":"","stick-header-meta":"","header-above-stick-meta":"","header-main-stick-meta":"","header-below-stick-meta":"","astra-migrate-meta-layouts":"default","ast-page-background-enabled":"default","ast-page-background-meta":{"desktop":{"background-color":"var(--ast-global-color-4)","background-image":"","background-repeat":"repeat","background-position":"center center","background-size":"auto","background-attachment":"scroll","background-type":"","background-media":"","overlay-type":"","overlay-color":"","overlay-opacity":"","overlay-gradient":""},"tablet":{"background-color":"","background-image":"","background-repeat":"repeat","background-position":"center center","background-size":"auto","background-attachment":"scroll","background-type":"","background-media":"","overlay-type":"","overlay-color":"","overlay-opacity":"","overlay-gradient":""},"mobile":{"background-color":"","background-image":"","background-repeat":"repeat","background-position":"center center","background-size":"auto","background-attachment":"scroll","background-type":"","background-media":"","overlay-type":"","overlay-color":"","overlay-opacity":"","overlay-gradient":""}},"ast-content-background-meta":{"desktop":{"background-color":"var(--ast-global-color-5)","background-image":"","background-repeat":"repeat","background-position":"center center","background-size":"auto","background-attachment":"scroll","background-type":"","background-media":"","overlay-type":"","overlay-color":"","overlay-opacity":"","overlay-gradient":""},"tablet":{"background-color":"var(--ast-global-color-5)","background-image":"","background-repeat":"repeat","background-position":"center center","background-size":"auto","background-attachment":"scroll","background-type":"","background-media":"","overlay-type":"","overlay-color":"","overlay-opacity":"","overlay-gradient":""},"mobile":{"background-color":"var(--ast-global-color-5)","background-image":"","background-repeat":"repeat","background-position":"center center","background-size":"auto","background-attachment":"scroll","background-type":"","background-media":"","overlay-type":"","overlay-color":"","overlay-opacity":"","overlay-gradient":""}}},"product_brand":[],"product_cat":[3522,3741,3524,3526,3527,3616],"product_tag":[],"class_list":{"0":"post-286564","1":"product","2":"type-product","3":"status-publish","4":"has-post-thumbnail","6":"product_cat-balta-zelta-laulibu-gredzeni","7":"product_cat-ekskluzivi-laulibas-gredzeni-dizaineru-raditi","8":"product_cat-kazu-gredzeni","9":"product_cat-laulibu-gredzeni-ar-dimantiem","10":"product_cat-moderni-kazu-gredzeni","11":"product_cat-sieviesu-laulibu-gredzeni","12":"desktop-align-center","13":"tablet-align-left","14":"mobile-align-left","15":"ast-product-gallery-layout-horizontal-slider","16":"ast-product-gallery-with-no-image","17":"ast-product-single-variable","18":"ast-product-tabs-layout-accordion","19":"ast-qv-on-image","21":"first","22":"instock","23":"taxable","24":"shipping-taxable","25":"purchasable","26":"product-type-variable"},"yoast_head":"<!-- This site is optimized with the Yoast SEO plugin v26.6 - https:\/\/yoast.com\/wordpress\/plugins\/seo\/ -->\n<title>LAUL\u012aBU GREDZENS \u201eITALIJA\u201c (ar dimantiem) - FashionGold.lt<\/title>\n<meta name=\"robots\" content=\"index, follow, max-snippet:-1, max-image-preview:large, max-video-preview:-1\" \/>\n<link rel=\"canonical\" href=\"https:\/\/fashiongold.lt\/lv\/papuosalas\/laulibu-gredzens-italija-ar-dimantiem\/\" \/>\n<meta property=\"og:locale\" content=\"lv_LV\" \/>\n<meta property=\"og:type\" content=\"article\" \/>\n<meta property=\"og:title\" content=\"LAUL\u012aBU GREDZENS \u201eITALIJA\u201c (ar dimantiem) - FashionGold.lt\" \/>\n<meta property=\"og:description\" content=\"Elegance un graciozit\u0101te \u2013 t\u0101 var raksturot \u0161o sievie\u0161u laul\u012bbas gredzenu, ko pied\u0101v\u0101 uz\u0146\u0113mums \u201eGerstner\u201c\" \/>\n<meta property=\"og:url\" content=\"https:\/\/fashiongold.lt\/lv\/papuosalas\/laulibu-gredzens-italija-ar-dimantiem\/\" \/>\n<meta property=\"og:site_name\" content=\"FashionGold.lt\" \/>\n<meta property=\"og:image\" content=\"https:\/\/fashiongold.lt\/wp-content\/uploads\/2025\/10\/127-427-VESTUVINIS-ZIEDAS-ITALIJA-su-deimantais.webp\" \/>\n\t<meta property=\"og:image:width\" content=\"800\" \/>\n\t<meta property=\"og:image:height\" content=\"760\" \/>\n\t<meta property=\"og:image:type\" content=\"image\/jpeg\" \/>\n<meta name=\"twitter:card\" content=\"summary_large_image\" \/>\n<script type=\"application\/ld+json\" class=\"yoast-schema-graph\">{\"@context\":\"https:\/\/schema.org\",\"@graph\":[{\"@type\":\"WebPage\",\"@id\":\"https:\/\/fashiongold.lt\/lv\/papuosalas\/laulibu-gredzens-italija-ar-dimantiem\/\",\"url\":\"https:\/\/fashiongold.lt\/lv\/papuosalas\/laulibu-gredzens-italija-ar-dimantiem\/\",\"name\":\"LAUL\u012aBU GREDZENS \u201eITALIJA\u201c (ar dimantiem) - FashionGold.lt\",\"isPartOf\":{\"@id\":\"https:\/\/fashiongold.lt\/lv\/#website\"},\"primaryImageOfPage\":{\"@id\":\"https:\/\/fashiongold.lt\/lv\/papuosalas\/laulibu-gredzens-italija-ar-dimantiem\/#primaryimage\"},\"image\":{\"@id\":\"https:\/\/fashiongold.lt\/lv\/papuosalas\/laulibu-gredzens-italija-ar-dimantiem\/#primaryimage\"},\"thumbnailUrl\":\"https:\/\/fashiongold.lt\/wp-content\/uploads\/2025\/10\/127-427-VESTUVINIS-ZIEDAS-ITALIJA-su-deimantais.jpg\",\"datePublished\":\"2025-10-09T16:37:22+00:00\",\"breadcrumb\":{\"@id\":\"https:\/\/fashiongold.lt\/lv\/papuosalas\/laulibu-gredzens-italija-ar-dimantiem\/#breadcrumb\"},\"inLanguage\":\"lv-LV\",\"potentialAction\":[{\"@type\":\"ReadAction\",\"target\":[\"https:\/\/fashiongold.lt\/lv\/papuosalas\/laulibu-gredzens-italija-ar-dimantiem\/\"]}]},{\"@type\":\"ImageObject\",\"inLanguage\":\"lv-LV\",\"@id\":\"https:\/\/fashiongold.lt\/lv\/papuosalas\/laulibu-gredzens-italija-ar-dimantiem\/#primaryimage\",\"url\":\"https:\/\/fashiongold.lt\/wp-content\/uploads\/2025\/10\/127-427-VESTUVINIS-ZIEDAS-ITALIJA-su-deimantais.jpg\",\"contentUrl\":\"https:\/\/fashiongold.lt\/wp-content\/uploads\/2025\/10\/127-427-VESTUVINIS-ZIEDAS-ITALIJA-su-deimantais.jpg\",\"width\":800,\"height\":760},{\"@type\":\"BreadcrumbList\",\"@id\":\"https:\/\/fashiongold.lt\/lv\/papuosalas\/laulibu-gredzens-italija-ar-dimantiem\/#breadcrumb\",\"itemListElement\":[{\"@type\":\"ListItem\",\"position\":1,\"name\":\"Home\",\"item\":\"https:\/\/fashiongold.lt\/lv\/\"},{\"@type\":\"ListItem\",\"position\":2,\"name\":\"Dimantu veikals Fashiongold.lt\",\"item\":\"https:\/\/fashiongold.lt\/shop-2\/\"},{\"@type\":\"ListItem\",\"position\":3,\"name\":\"LAUL\u012aBU GREDZENS \u201eITALIJA\u201c (ar dimantiem)\"}]},{\"@type\":\"WebSite\",\"@id\":\"https:\/\/fashiongold.lt\/lv\/#website\",\"url\":\"https:\/\/fashiongold.lt\/lv\/\",\"name\":\"Fashion Gold\",\"description\":\"Juvelyrikos namai\",\"publisher\":{\"@id\":\"https:\/\/fashiongold.lt\/lv\/#organization\"},\"potentialAction\":[{\"@type\":\"SearchAction\",\"target\":{\"@type\":\"EntryPoint\",\"urlTemplate\":\"https:\/\/fashiongold.lt\/lv\/?s={search_term_string}\"},\"query-input\":{\"@type\":\"PropertyValueSpecification\",\"valueRequired\":true,\"valueName\":\"search_term_string\"}}],\"inLanguage\":\"lv-LV\"},{\"@type\":\"Organization\",\"@id\":\"https:\/\/fashiongold.lt\/lv\/#organization\",\"name\":\"Topdiamonds Online\",\"url\":\"https:\/\/fashiongold.lt\/lv\/\",\"logo\":{\"@type\":\"ImageObject\",\"inLanguage\":\"lv-LV\",\"@id\":\"https:\/\/fashiongold.lt\/lv\/#\/schema\/logo\/image\/\",\"url\":\"https:\/\/fashiongold.lt\/wp-content\/uploads\/2025\/04\/cropped-fashion_gold_logotipas2-scaled-1.png\",\"contentUrl\":\"https:\/\/fashiongold.lt\/wp-content\/uploads\/2025\/04\/cropped-fashion_gold_logotipas2-scaled-1.png\",\"width\":2559,\"height\":421,\"caption\":\"Topdiamonds Online\"},\"image\":{\"@id\":\"https:\/\/fashiongold.lt\/lv\/#\/schema\/logo\/image\/\"}}]}<\/script>\n<!-- \/ Yoast SEO plugin. -->","yoast_head_json":{"title":"LAUL\u012aBU GREDZENS \u201eITALIJA\u201c (ar dimantiem) - FashionGold.lt","robots":{"index":"index","follow":"follow","max-snippet":"max-snippet:-1","max-image-preview":"max-image-preview:large","max-video-preview":"max-video-preview:-1"},"canonical":"https:\/\/fashiongold.lt\/lv\/papuosalas\/laulibu-gredzens-italija-ar-dimantiem\/","og_locale":"lv_LV","og_type":"article","og_title":"LAUL\u012aBU GREDZENS \u201eITALIJA\u201c (ar dimantiem) - FashionGold.lt","og_description":"Elegance un graciozit\u0101te \u2013 t\u0101 var raksturot \u0161o sievie\u0161u laul\u012bbas gredzenu, ko pied\u0101v\u0101 uz\u0146\u0113mums \u201eGerstner\u201c","og_url":"https:\/\/fashiongold.lt\/lv\/papuosalas\/laulibu-gredzens-italija-ar-dimantiem\/","og_site_name":"FashionGold.lt","og_image":[{"width":800,"height":760,"url":"https:\/\/fashiongold.lt\/wp-content\/uploads\/2025\/10\/127-427-VESTUVINIS-ZIEDAS-ITALIJA-su-deimantais.webp","type":"image\/jpeg"}],"twitter_card":"summary_large_image","schema":{"@context":"https:\/\/schema.org","@graph":[{"@type":"WebPage","@id":"https:\/\/fashiongold.lt\/lv\/papuosalas\/laulibu-gredzens-italija-ar-dimantiem\/","url":"https:\/\/fashiongold.lt\/lv\/papuosalas\/laulibu-gredzens-italija-ar-dimantiem\/","name":"LAUL\u012aBU GREDZENS \u201eITALIJA\u201c (ar dimantiem) - FashionGold.lt","isPartOf":{"@id":"https:\/\/fashiongold.lt\/lv\/#website"},"primaryImageOfPage":{"@id":"https:\/\/fashiongold.lt\/lv\/papuosalas\/laulibu-gredzens-italija-ar-dimantiem\/#primaryimage"},"image":{"@id":"https:\/\/fashiongold.lt\/lv\/papuosalas\/laulibu-gredzens-italija-ar-dimantiem\/#primaryimage"},"thumbnailUrl":"https:\/\/fashiongold.lt\/wp-content\/uploads\/2025\/10\/127-427-VESTUVINIS-ZIEDAS-ITALIJA-su-deimantais.jpg","datePublished":"2025-10-09T16:37:22+00:00","breadcrumb":{"@id":"https:\/\/fashiongold.lt\/lv\/papuosalas\/laulibu-gredzens-italija-ar-dimantiem\/#breadcrumb"},"inLanguage":"lv-LV","potentialAction":[{"@type":"ReadAction","target":["https:\/\/fashiongold.lt\/lv\/papuosalas\/laulibu-gredzens-italija-ar-dimantiem\/"]}]},{"@type":"ImageObject","inLanguage":"lv-LV","@id":"https:\/\/fashiongold.lt\/lv\/papuosalas\/laulibu-gredzens-italija-ar-dimantiem\/#primaryimage","url":"https:\/\/fashiongold.lt\/wp-content\/uploads\/2025\/10\/127-427-VESTUVINIS-ZIEDAS-ITALIJA-su-deimantais.jpg","contentUrl":"https:\/\/fashiongold.lt\/wp-content\/uploads\/2025\/10\/127-427-VESTUVINIS-ZIEDAS-ITALIJA-su-deimantais.jpg","width":800,"height":760},{"@type":"BreadcrumbList","@id":"https:\/\/fashiongold.lt\/lv\/papuosalas\/laulibu-gredzens-italija-ar-dimantiem\/#breadcrumb","itemListElement":[{"@type":"ListItem","position":1,"name":"Home","item":"https:\/\/fashiongold.lt\/lv\/"},{"@type":"ListItem","position":2,"name":"Dimantu veikals Fashiongold.lt","item":"https:\/\/fashiongold.lt\/shop-2\/"},{"@type":"ListItem","position":3,"name":"LAUL\u012aBU GREDZENS \u201eITALIJA\u201c (ar dimantiem)"}]},{"@type":"WebSite","@id":"https:\/\/fashiongold.lt\/lv\/#website","url":"https:\/\/fashiongold.lt\/lv\/","name":"Fashion Gold","description":"Juvelyrikos namai","publisher":{"@id":"https:\/\/fashiongold.lt\/lv\/#organization"},"potentialAction":[{"@type":"SearchAction","target":{"@type":"EntryPoint","urlTemplate":"https:\/\/fashiongold.lt\/lv\/?s={search_term_string}"},"query-input":{"@type":"PropertyValueSpecification","valueRequired":true,"valueName":"search_term_string"}}],"inLanguage":"lv-LV"},{"@type":"Organization","@id":"https:\/\/fashiongold.lt\/lv\/#organization","name":"Topdiamonds Online","url":"https:\/\/fashiongold.lt\/lv\/","logo":{"@type":"ImageObject","inLanguage":"lv-LV","@id":"https:\/\/fashiongold.lt\/lv\/#\/schema\/logo\/image\/","url":"https:\/\/fashiongold.lt\/wp-content\/uploads\/2025\/04\/cropped-fashion_gold_logotipas2-scaled-1.png","contentUrl":"https:\/\/fashiongold.lt\/wp-content\/uploads\/2025\/04\/cropped-fashion_gold_logotipas2-scaled-1.png","width":2559,"height":421,"caption":"Topdiamonds Online"},"image":{"@id":"https:\/\/fashiongold.lt\/lv\/#\/schema\/logo\/image\/"}}]}},"_links":{"self":[{"href":"https:\/\/fashiongold.lt\/lv\/wp-json\/wp\/v2\/product\/286564","targetHints":{"allow":["GET"]}}],"collection":[{"href":"https:\/\/fashiongold.lt\/lv\/wp-json\/wp\/v2\/product"}],"about":[{"href":"https:\/\/fashiongold.lt\/lv\/wp-json\/wp\/v2\/types\/product"}],"version-history":[{"count":0,"href":"https:\/\/fashiongold.lt\/lv\/wp-json\/wp\/v2\/product\/286564\/revisions"}],"wp:featuredmedia":[{"embeddable":true,"href":"https:\/\/fashiongold.lt\/lv\/wp-json\/wp\/v2\/media\/39449"}],"wp:attachment":[{"href":"https:\/\/fashiongold.lt\/lv\/wp-json\/wp\/v2\/media?parent=286564"}],"wp:term":[{"taxonomy":"product_brand","embeddable":true,"href":"https:\/\/fashiongold.lt\/lv\/wp-json\/wp\/v2\/product_brand?post=286564"},{"taxonomy":"product_cat","embeddable":true,"href":"https:\/\/fashiongold.lt\/lv\/wp-json\/wp\/v2\/product_cat?post=286564"},{"taxonomy":"product_tag","embeddable":true,"href":"https:\/\/fashiongold.lt\/lv\/wp-json\/wp\/v2\/product_tag?post=286564"}],"curies":[{"name":"wp","href":"https:\/\/api.w.org\/{rel}","templated":true}]}}